{"id":191601,"date":"2022-05-23T09:32:08","date_gmt":"2022-05-23T13:32:08","guid":{"rendered":"https:\/\/www.miamibeachfl.gov\/?page_id=191601"},"modified":"2025-06-02T22:08:09","modified_gmt":"2025-06-03T02:08:09","slug":"may-2022-business-spotlight-2","status":"publish","type":"page","link":"https:\/\/www.miamibeachfl.gov\/fr\/spotlight\/may-2022-business-spotlight-2\/","title":{"rendered":"Coup de projecteur sur les entreprises de mai 2022"},"content":{"rendered":"<h5>\n\t\t<a href=\"https:\/\/www.miamibeachfl.gov\/fr\/mbbiznews\/\" title=\"Abonnez-vous ici pour recevoir chaque mois la newsletter commerciale de la Ville dans votre bo\u00eete de r\u00e9ception.\"  target=\"_blank\"  rel=\"noopener\">\n\t\t\tAbonnez-vous ici pour recevoir chaque mois la newsletter commerciale de la Ville dans votre bo\u00eete de r\u00e9ception.\t\t<\/a>\n\t<\/h5>\n<h5>\n\t\t<a href=\"https:\/\/myemail.constantcontact.com\/Stay-connected-with-MB-Biz-.html?soid=1011085968389&#038;aid=TIS9vF9Dyic\" title=\"Bulletin d&#039;information des entreprises\"  target=\"_blank\"  rel=\"noopener\">\n\t\t\tBulletin d&#039;information des entreprises\t\t<\/a>\n\t<\/h5>\n\t<strong>Lancement du D\u00e9partement du d\u00e9veloppement \u00e9conomique<br \/>\n<\/strong><strong>Acad\u00e9mie de commerce de Miami Beach<\/strong>\n\t<p>Le d\u00e9partement de d\u00e9veloppement \u00e9conomique de la ville de Miami Beach a lanc\u00e9 la Semaine du d\u00e9veloppement \u00e9conomique international (du 9 au 13 mai) avec le d\u00e9voilement de la Miami Beach Business Academy, un programme con\u00e7u pour fournir une assistance commerciale aux entrepreneurs nouveaux, en herbe et chevronn\u00e9s.<\/p>\n<p>L&#039;objectif du programme est de doter les nouvelles entreprises des outils n\u00e9cessaires \u00e0 leur r\u00e9ussite d\u00e8s les premi\u00e8res \u00e9tapes de leur d\u00e9veloppement et de consolider les activit\u00e9s des entreprises plus \u00e9tablies gr\u00e2ce \u00e0 une combinaison de formations en ligne, de conseils individuels, de groupes de soutien par les pairs, de mentorat, de leadership \u00e9clair\u00e9 et d&#039;autres techniques. Le programme est financ\u00e9 par la Subvention globale pour le d\u00e9veloppement communautaire \u2013 Coronavirus.<\/p>\n<p>En octobre 2020, la Commission municipale de Miami Beach a approuv\u00e9 une r\u00e9solution accordant $600\u00a0000 pour financer des subventions aux petites entreprises via la Subvention globale pour le d\u00e9veloppement communautaire \u2013 Coronavirus. Tout au long de la gestion du programme de Subvention d&#039;urgence pour le remboursement des petites entreprises, le D\u00e9partement du d\u00e9veloppement \u00e9conomique a rencontr\u00e9 de nombreuses petites et microentreprises ayant besoin de formation et d&#039;assistance technique.<\/p>\n<p>Le programme de la Miami Beach Business Academy est propos\u00e9 en partenariat avec l&#039;association Prospera, situ\u00e9e dans le sud de la Floride et sp\u00e9cialis\u00e9e dans l&#039;accompagnement bilingue des entrepreneurs et des petites entreprises. L&#039;acad\u00e9mie proposera des formations d&#039;assistance technique en pr\u00e9sentiel et en ligne, ainsi que des conseils gratuits aux petites entreprises de la ville.<\/p>\n<p>Des services d&#039;assistance technique seront propos\u00e9s aux entrepreneurs, qu&#039;ils soient d\u00e9butants ou confirm\u00e9s, issus de petites entreprises pendant huit mois, d&#039;ici d\u00e9cembre. Le programme Prospera est con\u00e7u pour offrir au moins 12 sessions de formation virtuelles, portant notamment sur l&#039;analyse des strat\u00e9gies de croissance, les meilleures pratiques commerciales, la continuit\u00e9 des activit\u00e9s, l&#039;acc\u00e8s au capital, la pr\u00e9sence num\u00e9rique et la gestion de la paie.<\/p>\n<p>Six des s\u00e9ances de formation virtuelles seront dispens\u00e9es en anglais et six en espagnol. La programmation mensuelle sera publi\u00e9e dans le bulletin \u00e9lectronique MBBiz.<\/p>\n<p>La Miami Beach Business Academy s&#039;inscrit dans le prolongement des efforts d\u00e9ploy\u00e9s par la ville pour accompagner la communaut\u00e9 d&#039;affaires locale, tant pour les entrepreneurs que pour les travailleurs, dans la gestion de la situation post-pand\u00e9mie. De m\u00eame, le programme de subventions d&#039;urgence pour le remboursement des petites entreprises de la ville de Miami Beach soutient et favorise la viabilit\u00e9 des entreprises admissibles en leur accordant jusqu&#039;\u00e0 1\u00a0TP4T20\u00a0000 de remboursement des frais engag\u00e9s pendant la pand\u00e9mie dans leur \u00e9tablissement principal.<\/p>\n<p>La subvention est administr\u00e9e et attribu\u00e9e selon le principe du premier arriv\u00e9, premier servi, via une candidature en ligne. Les candidats int\u00e9ress\u00e9s sont invit\u00e9s \u00e0 consulter le site miamibeachfl.gosmart.org pour consulter les modalit\u00e9s du programme et se connecter, ou \u00e0 cr\u00e9er un profil pour consulter le formulaire de candidature. Le programme restera ouvert jusqu&#039;\u00e0 \u00e9puisement des fonds.<\/p>\n<p>Pour plus d&#039;informations sur la Miami Beach Business Academy, veuillez contacter Michael Rivera par e-mail \u00e0 <a href=\"mailto:MichaelRivera@miamibeachfl.gov\"><strong>MichaelRivera@miamibeachfl.gov<\/strong><\/a> ou <strong><a href=\"mailto:MBBiz@miamibeachfl.gov\">MBBiz@miamibeachfl.gov<\/a><\/strong>. Vous pouvez \u00e9galement visiter le site Web MBBiz.com.<\/p>\n\t\t\t\t<img decoding=\"async\" src=\"https:\/\/www.miamibeachfl.gov\/wp-content\/uploads\/2022\/05\/1.png\" alt=\"1\" itemprop=\"image\" title=\"1\" onerror=\"this.style.display='none'\" loading='lazy' \/>\n\t\t\t\t<img decoding=\"async\" src=\"https:\/\/www.miamibeachfl.gov\/wp-content\/uploads\/2022\/05\/2.png\" alt=\"2\" itemprop=\"image\" title=\"2\" onerror=\"this.style.display='none'\" loading='lazy' \/>\n\t\t\t\t<img decoding=\"async\" src=\"https:\/\/www.miamibeachfl.gov\/wp-content\/uploads\/2022\/05\/3.png\" alt=\"3\" itemprop=\"image\" title=\"3\" onerror=\"this.style.display='none'\" loading='lazy' \/>","protected":false},"excerpt":{"rendered":"<p>Subscribe here to receive the City&#8217;s business newsletter to your inbox monthly. Business Newsletter Economic Development Department Launches Miami Beach [&hellip;]<\/p>\n","protected":false},"author":222,"featured_media":0,"parent":253255,"menu_order":0,"comment_status":"closed","ping_status":"closed","template":"","meta":{"_searchwp_excluded":"","site-sidebar-layout":"default","site-content-layout":"","ast-site-content-layout":"default","site-content-style":"default","site-sidebar-style":"default","ast-global-header-display":"","ast-banner-title-visibility":"","ast-main-header-display":"","ast-hfb-above-header-display":"","ast-hfb-below-header-display":"","ast-hfb-mobile-header-display":"","site-post-title":"","ast-breadcrumbs-content":"","ast-featured-img":"","footer-sml-layout":"","theme-transparent-header-meta":"","adv-header-id-meta":"","stick-header-meta":"","header-above-stick-meta":"","header-main-stick-meta":"","header-below-stick-meta":"","astra-migrate-meta-layouts":"default","ast-page-background-enabled":"default","ast-page-background-meta":{"desktop":{"background-color":"var(--ast-global-color-5)","background-image":"","background-repeat":"repeat","background-position":"center center","background-size":"auto","background-attachment":"scroll","background-type":"","background-media":"","overlay-type":"","overlay-color":"","overlay-opacity":"","overlay-gradient":""},"tablet":{"background-color":"","background-image":"","background-repeat":"repeat","background-position":"center center","background-size":"auto","background-attachment":"scroll","background-type":"","background-media":"","overlay-type":"","overlay-color":"","overlay-opacity":"","overlay-gradient":""},"mobile":{"background-color":"","background-image":"","background-repeat":"repeat","background-position":"center center","background-size":"auto","background-attachment":"scroll","background-type":"","background-media":"","overlay-type":"","overlay-color":"","overlay-opacity":"","overlay-gradient":""}},"ast-content-background-meta":{"desktop":{"background-color":"var(--ast-global-color-4)","background-image":"","background-repeat":"repeat","background-position":"center center","background-size":"auto","background-attachment":"scroll","background-type":"","background-media":"","overlay-type":"","overlay-color":"","overlay-opacity":"","overlay-gradient":""},"tablet":{"background-color":"var(--ast-global-color-4)","background-image":"","background-repeat":"repeat","background-position":"center center","background-size":"auto","background-attachment":"scroll","background-type":"","background-media":"","overlay-type":"","overlay-color":"","overlay-opacity":"","overlay-gradient":""},"mobile":{"background-color":"var(--ast-global-color-4)","background-image":"","background-repeat":"repeat","background-position":"center center","background-size":"auto","background-attachment":"scroll","background-type":"","background-media":"","overlay-type":"","overlay-color":"","overlay-opacity":"","overlay-gradient":""}},"footnotes":""},"categories":[],"tags":[],"class_list":["post-191601","page","type-page","status-publish","hentry"],"yoast_head":"<!-- This site is optimized with the Yoast SEO Premium plugin v27.4 (Yoast SEO v27.4) - https:\/\/yoast.com\/product\/yoast-seo-premium-wordpress\/ -->\n<title>May 2022 Business Spotlight - City of Miami Beach<\/title>\n<meta name=\"description\" content=\"%\" \/>\n<meta name=\"robots\" content=\"index, follow, max-snippet:-1, max-image-preview:large, max-video-preview:-1\" \/>\n<link rel=\"canonical\" href=\"https:\/\/www.miamibeachfl.gov\/fr\/spotlight\/may-2022-business-spotlight-2\/\" \/>\n<meta property=\"og:locale\" content=\"fr_FR\" \/>\n<meta property=\"og:type\" content=\"article\" \/>\n<meta property=\"og:title\" content=\"May 2022 Business Spotlight\" \/>\n<meta property=\"og:description\" content=\"%\" \/>\n<meta property=\"og:url\" content=\"https:\/\/www.miamibeachfl.gov\/fr\/spotlight\/may-2022-business-spotlight-2\/\" \/>\n<meta property=\"og:site_name\" content=\"City of Miami Beach\" \/>\n<meta property=\"article:publisher\" content=\"https:\/\/www.facebook.com\/cityofmiamibeach\" \/>\n<meta property=\"article:modified_time\" content=\"2025-06-03T02:08:09+00:00\" \/>\n<meta property=\"og:image\" content=\"https:\/\/www.miamibeachfl.gov\/wp-content\/uploads\/2022\/05\/1.png\" \/>\n<meta name=\"twitter:card\" content=\"summary_large_image\" \/>\n<meta name=\"twitter:site\" content=\"@Miamibeachnews\" \/>\n<script type=\"application\/ld+json\" class=\"yoast-schema-graph\">{\"@context\":\"https:\\\/\\\/schema.org\",\"@graph\":[{\"@type\":\"WebPage\",\"@id\":\"https:\\\/\\\/www.miamibeachfl.gov\\\/spotlight\\\/may-2022-business-spotlight-2\\\/\",\"url\":\"https:\\\/\\\/www.miamibeachfl.gov\\\/spotlight\\\/may-2022-business-spotlight-2\\\/\",\"name\":\"May 2022 Business Spotlight - City of Miami Beach\",\"isPartOf\":{\"@id\":\"https:\\\/\\\/www.miamibeachfl.gov\\\/#website\"},\"primaryImageOfPage\":{\"@id\":\"https:\\\/\\\/www.miamibeachfl.gov\\\/spotlight\\\/may-2022-business-spotlight-2\\\/#primaryimage\"},\"image\":{\"@id\":\"https:\\\/\\\/www.miamibeachfl.gov\\\/spotlight\\\/may-2022-business-spotlight-2\\\/#primaryimage\"},\"thumbnailUrl\":\"https:\\\/\\\/www.miamibeachfl.gov\\\/wp-content\\\/uploads\\\/2022\\\/05\\\/1.png\",\"datePublished\":\"2022-05-23T13:32:08+00:00\",\"dateModified\":\"2025-06-03T02:08:09+00:00\",\"description\":\"%\",\"breadcrumb\":{\"@id\":\"https:\\\/\\\/www.miamibeachfl.gov\\\/spotlight\\\/may-2022-business-spotlight-2\\\/#breadcrumb\"},\"inLanguage\":\"fr-FR\",\"potentialAction\":[{\"@type\":\"ReadAction\",\"target\":[\"https:\\\/\\\/www.miamibeachfl.gov\\\/spotlight\\\/may-2022-business-spotlight-2\\\/\"]}]},{\"@type\":\"ImageObject\",\"inLanguage\":\"fr-FR\",\"@id\":\"https:\\\/\\\/www.miamibeachfl.gov\\\/spotlight\\\/may-2022-business-spotlight-2\\\/#primaryimage\",\"url\":\"https:\\\/\\\/www.miamibeachfl.gov\\\/wp-content\\\/uploads\\\/2022\\\/05\\\/1.png\",\"contentUrl\":\"https:\\\/\\\/www.miamibeachfl.gov\\\/wp-content\\\/uploads\\\/2022\\\/05\\\/1.png\"},{\"@type\":\"BreadcrumbList\",\"@id\":\"https:\\\/\\\/www.miamibeachfl.gov\\\/spotlight\\\/may-2022-business-spotlight-2\\\/#breadcrumb\",\"itemListElement\":[{\"@type\":\"ListItem\",\"position\":1,\"name\":\"Home\",\"item\":\"https:\\\/\\\/www.miamibeachfl.gov\\\/\"},{\"@type\":\"ListItem\",\"position\":2,\"name\":\"Business Newsletters and Spotlights\",\"item\":\"https:\\\/\\\/www.miamibeachfl.gov\\\/spotlight\\\/\"},{\"@type\":\"ListItem\",\"position\":3,\"name\":\"May 2022 Business Spotlight\"}]},{\"@type\":\"WebSite\",\"@id\":\"https:\\\/\\\/www.miamibeachfl.gov\\\/#website\",\"url\":\"https:\\\/\\\/www.miamibeachfl.gov\\\/\",\"name\":\"City of Miami Beach\",\"description\":\"The official website of the City of Miami Beach. Stay informed, find important information on city services, news, alerts, events, trolley routes, government employment and more.\",\"publisher\":{\"@id\":\"https:\\\/\\\/www.miamibeachfl.gov\\\/#organization\"},\"potentialAction\":[{\"@type\":\"SearchAction\",\"target\":{\"@type\":\"EntryPoint\",\"urlTemplate\":\"https:\\\/\\\/www.miamibeachfl.gov\\\/?s={search_term_string}\"},\"query-input\":{\"@type\":\"PropertyValueSpecification\",\"valueRequired\":true,\"valueName\":\"search_term_string\"}}],\"inLanguage\":\"fr-FR\"},{\"@type\":\"Organization\",\"@id\":\"https:\\\/\\\/www.miamibeachfl.gov\\\/#organization\",\"name\":\"City of Miami Beach\",\"url\":\"https:\\\/\\\/www.miamibeachfl.gov\\\/\",\"logo\":{\"@type\":\"ImageObject\",\"inLanguage\":\"fr-FR\",\"@id\":\"https:\\\/\\\/www.miamibeachfl.gov\\\/#\\\/schema\\\/logo\\\/image\\\/\",\"url\":\"https:\\\/\\\/www.miamibeachfl.gov\\\/wp-content\\\/uploads\\\/2022\\\/06\\\/miamibeach-logoblue.png\",\"contentUrl\":\"https:\\\/\\\/www.miamibeachfl.gov\\\/wp-content\\\/uploads\\\/2022\\\/06\\\/miamibeach-logoblue.png\",\"width\":1962,\"height\":381,\"caption\":\"City of Miami Beach\"},\"image\":{\"@id\":\"https:\\\/\\\/www.miamibeachfl.gov\\\/#\\\/schema\\\/logo\\\/image\\\/\"},\"sameAs\":[\"https:\\\/\\\/www.facebook.com\\\/cityofmiamibeach\",\"https:\\\/\\\/x.com\\\/Miamibeachnews\",\"https:\\\/\\\/www.instagram.com\\\/miamibeachnews\\\/\"],\"description\":\"The official website of the City of Miami Beach. Stay informed, find important information on city services, news, alerts, events, trolley routes, government employment and more.\",\"telephone\":\"305.604.CITY(2489)\",\"legalName\":\"City of Miami Beach\"}]}<\/script>\n<!-- \/ Yoast SEO Premium plugin. -->","yoast_head_json":{"title":"Coup de projecteur sur les entreprises de mai 2022\u00a0: Ville de Miami Beach","description":"%","robots":{"index":"index","follow":"follow","max-snippet":"max-snippet:-1","max-image-preview":"max-image-preview:large","max-video-preview":"max-video-preview:-1"},"canonical":"https:\/\/www.miamibeachfl.gov\/fr\/spotlight\/may-2022-business-spotlight-2\/","og_locale":"fr_FR","og_type":"article","og_title":"May 2022 Business Spotlight","og_description":"%","og_url":"https:\/\/www.miamibeachfl.gov\/fr\/spotlight\/may-2022-business-spotlight-2\/","og_site_name":"City of Miami Beach","article_publisher":"https:\/\/www.facebook.com\/cityofmiamibeach","article_modified_time":"2025-06-03T02:08:09+00:00","og_image":[{"url":"https:\/\/www.miamibeachfl.gov\/wp-content\/uploads\/2022\/05\/1.png","type":"","width":"","height":""}],"twitter_card":"summary_large_image","twitter_site":"@Miamibeachnews","schema":{"@context":"https:\/\/schema.org","@graph":[{"@type":"WebPage","@id":"https:\/\/www.miamibeachfl.gov\/spotlight\/may-2022-business-spotlight-2\/","url":"https:\/\/www.miamibeachfl.gov\/spotlight\/may-2022-business-spotlight-2\/","name":"Coup de projecteur sur les entreprises de mai 2022\u00a0: Ville de Miami Beach","isPartOf":{"@id":"https:\/\/www.miamibeachfl.gov\/#website"},"primaryImageOfPage":{"@id":"https:\/\/www.miamibeachfl.gov\/spotlight\/may-2022-business-spotlight-2\/#primaryimage"},"image":{"@id":"https:\/\/www.miamibeachfl.gov\/spotlight\/may-2022-business-spotlight-2\/#primaryimage"},"thumbnailUrl":"https:\/\/www.miamibeachfl.gov\/wp-content\/uploads\/2022\/05\/1.png","datePublished":"2022-05-23T13:32:08+00:00","dateModified":"2025-06-03T02:08:09+00:00","description":"%","breadcrumb":{"@id":"https:\/\/www.miamibeachfl.gov\/spotlight\/may-2022-business-spotlight-2\/#breadcrumb"},"inLanguage":"fr-FR","potentialAction":[{"@type":"ReadAction","target":["https:\/\/www.miamibeachfl.gov\/spotlight\/may-2022-business-spotlight-2\/"]}]},{"@type":"ImageObject","inLanguage":"fr-FR","@id":"https:\/\/www.miamibeachfl.gov\/spotlight\/may-2022-business-spotlight-2\/#primaryimage","url":"https:\/\/www.miamibeachfl.gov\/wp-content\/uploads\/2022\/05\/1.png","contentUrl":"https:\/\/www.miamibeachfl.gov\/wp-content\/uploads\/2022\/05\/1.png"},{"@type":"BreadcrumbList","@id":"https:\/\/www.miamibeachfl.gov\/spotlight\/may-2022-business-spotlight-2\/#breadcrumb","itemListElement":[{"@type":"ListItem","position":1,"name":"Home","item":"https:\/\/www.miamibeachfl.gov\/"},{"@type":"ListItem","position":2,"name":"Business Newsletters and Spotlights","item":"https:\/\/www.miamibeachfl.gov\/spotlight\/"},{"@type":"ListItem","position":3,"name":"May 2022 Business Spotlight"}]},{"@type":"WebSite","@id":"https:\/\/www.miamibeachfl.gov\/#website","url":"https:\/\/www.miamibeachfl.gov\/","name":"Ville de Miami Beach","description":"Site officiel de la ville de Miami Beach. Restez inform\u00e9 et trouvez des informations importantes sur les services municipaux, les actualit\u00e9s, les alertes, les \u00e9v\u00e9nements, les itin\u00e9raires de tramway, les emplois gouvernementaux et bien plus encore.","publisher":{"@id":"https:\/\/www.miamibeachfl.gov\/#organization"},"potentialAction":[{"@type":"SearchAction","target":{"@type":"EntryPoint","urlTemplate":"https:\/\/www.miamibeachfl.gov\/?s={search_term_string}"},"query-input":{"@type":"PropertyValueSpecification","valueRequired":true,"valueName":"search_term_string"}}],"inLanguage":"fr-FR"},{"@type":"Organization","@id":"https:\/\/www.miamibeachfl.gov\/#organization","name":"Ville de Miami Beach","url":"https:\/\/www.miamibeachfl.gov\/","logo":{"@type":"ImageObject","inLanguage":"fr-FR","@id":"https:\/\/www.miamibeachfl.gov\/#\/schema\/logo\/image\/","url":"https:\/\/www.miamibeachfl.gov\/wp-content\/uploads\/2022\/06\/miamibeach-logoblue.png","contentUrl":"https:\/\/www.miamibeachfl.gov\/wp-content\/uploads\/2022\/06\/miamibeach-logoblue.png","width":1962,"height":381,"caption":"City of Miami Beach"},"image":{"@id":"https:\/\/www.miamibeachfl.gov\/#\/schema\/logo\/image\/"},"sameAs":["https:\/\/www.facebook.com\/cityofmiamibeach","https:\/\/x.com\/Miamibeachnews","https:\/\/www.instagram.com\/miamibeachnews\/"],"description":"Site officiel de la ville de Miami Beach. Restez inform\u00e9 et trouvez des informations importantes sur les services municipaux, les actualit\u00e9s, les alertes, les \u00e9v\u00e9nements, les itin\u00e9raires de tramway, les emplois gouvernementaux et bien plus encore.","telephone":"305.604.CITY(2489)","legalName":"City of Miami Beach"}]}},"_links":{"self":[{"href":"https:\/\/www.miamibeachfl.gov\/fr\/wp-json\/wp\/v2\/pages\/191601","targetHints":{"allow":["GET"]}}],"collection":[{"href":"https:\/\/www.miamibeachfl.gov\/fr\/wp-json\/wp\/v2\/pages"}],"about":[{"href":"https:\/\/www.miamibeachfl.gov\/fr\/wp-json\/wp\/v2\/types\/page"}],"author":[{"embeddable":true,"href":"https:\/\/www.miamibeachfl.gov\/fr\/wp-json\/wp\/v2\/users\/222"}],"replies":[{"embeddable":true,"href":"https:\/\/www.miamibeachfl.gov\/fr\/wp-json\/wp\/v2\/comments?post=191601"}],"version-history":[{"count":1,"href":"https:\/\/www.miamibeachfl.gov\/fr\/wp-json\/wp\/v2\/pages\/191601\/revisions"}],"predecessor-version":[{"id":375070,"href":"https:\/\/www.miamibeachfl.gov\/fr\/wp-json\/wp\/v2\/pages\/191601\/revisions\/375070"}],"up":[{"embeddable":true,"href":"https:\/\/www.miamibeachfl.gov\/fr\/wp-json\/wp\/v2\/pages\/253255"}],"wp:attachment":[{"href":"https:\/\/www.miamibeachfl.gov\/fr\/wp-json\/wp\/v2\/media?parent=191601"}],"wp:term":[{"taxonomy":"category","embeddable":true,"href":"https:\/\/www.miamibeachfl.gov\/fr\/wp-json\/wp\/v2\/categories?post=191601"},{"taxonomy":"post_tag","embeddable":true,"href":"https:\/\/www.miamibeachfl.gov\/fr\/wp-json\/wp\/v2\/tags?post=191601"}],"curies":[{"name":"wp","href":"https:\/\/api.w.org\/{rel}","templated":true}]}}