{"id":195688,"date":"2022-06-23T09:14:32","date_gmt":"2022-06-23T13:14:32","guid":{"rendered":"https:\/\/www.miamibeachfl.gov\/?page_id=195688"},"modified":"2025-06-02T22:04:56","modified_gmt":"2025-06-03T02:04:56","slug":"june-2022-business-spotlight","status":"publish","type":"page","link":"https:\/\/www.miamibeachfl.gov\/fr\/spotlight\/june-2022-business-spotlight\/","title":{"rendered":"Pleins feux sur les entreprises de juin 2022"},"content":{"rendered":"<h5>\n\t\t<a href=\"https:\/\/www.miamibeachfl.gov\/fr\/mbbiznews\/\" title=\"Abonnez-vous ici pour recevoir chaque mois la newsletter commerciale de la Ville dans votre bo\u00eete de r\u00e9ception.\"  target=\"_blank\"  rel=\"noopener\">\n\t\t\tAbonnez-vous ici pour recevoir chaque mois la newsletter commerciale de la Ville dans votre bo\u00eete de r\u00e9ception.\t\t<\/a>\n\t<\/h5>\n<h5>\n\t\t<a href=\"https:\/\/myemail.constantcontact.com\/Stay-connected-with-MB-Biz-.html?soid=1011085968389&#038;aid=q90qfhI4kxA\" title=\"Bulletin d&#039;information des entreprises\"  target=\"_blank\"  rel=\"noopener\">\n\t\t\tBulletin d&#039;information des entreprises\t\t<\/a>\n\t<\/h5>\n\t<p><strong>CHAPEAU \u00c0 TIM SCHMAND POUR SON MAGNIFIQUE TRAVAIL SUR LINCOLN ROAD<\/strong><\/p>\n\t\t\t\t<img decoding=\"async\" src=\"https:\/\/www.miamibeachfl.gov\/wp-content\/uploads\/2022\/06\/1.jpg\" alt=\"1\" itemprop=\"image\" title=\"1\" onerror=\"this.style.display='none'\" loading='lazy' \/>\n\t<p>Tous les commer\u00e7ants de Lincoln Road connaissent Timothy Schmand comme l&#039;homme au chapeau fedora \u00e9l\u00e9gant, toujours pr\u00eat \u00e0 rendre service. Pourtant, nombreux sont ceux qui ignorent les nombreuses autres casquettes que Tim a port\u00e9es tout au long de sa carri\u00e8re. Originaire de Buffalo, dans l&#039;\u00c9tat de New York, il aime raconter son arriv\u00e9e \u00e0 Miami Beach. En 1979, il a fait du stop de Buffalo \u00e0 Key West, puis \u00e0 Miami Beach, une petite ville tranquille. Son premier emploi dans le sud de la Floride consistait \u00e0 former des adultes handicap\u00e9s mentaux aux m\u00e9tiers du nettoyage, pr\u00e8s des gares de triage de Miami (aujourd&#039;hui Wynwood). \u00c0 l&#039;\u00e9poque, le cirque avait son camp de base pr\u00e8s des gares de triage, mais les repr\u00e9sentations avaient lieu au Miami Beach Convention Center. Il se souvient avec tendresse de la travers\u00e9e embl\u00e9matique des \u00e9l\u00e9phants sur la Venetian Causeway, un spectacle inoubliable.<\/p>\n\t\t\t\t<img decoding=\"async\" src=\"https:\/\/www.miamibeachfl.gov\/wp-content\/plugins\/bb-plugin\/img\/pixel.png\" alt=\"\" itemprop=\"image\" onerror=\"this.style.display='none'\" loading='lazy' \/>\n\t\t\t\t<img decoding=\"async\" src=\"https:\/\/www.miamibeachfl.gov\/wp-content\/uploads\/2022\/06\/2.jpg\" alt=\"2\" itemprop=\"image\" title=\"2\" onerror=\"this.style.display='none'\" loading='lazy' \/>\n\t\t\t\t<img decoding=\"async\" src=\"https:\/\/www.miamibeachfl.gov\/wp-content\/plugins\/bb-plugin\/img\/pixel.png\" alt=\"\" itemprop=\"image\" onerror=\"this.style.display='none'\" loading='lazy' \/>\n\t<p>Apr\u00e8s un certain temps, Tim a endoss\u00e9 un nouveau r\u00f4le, celui d&#039;agent de s\u00e9curit\u00e9 \u00e0 temps partiel au Mus\u00e9e historique de Floride du Sud. Deux ans plus tard, il a \u00e9t\u00e9 promu directeur adjoint du marketing, des publications et de la communication, et a \u00e9galement occup\u00e9 le poste de directeur de la boutique du mus\u00e9e. \u00c9galement aspirant \u00e0 l&#039;\u00e9criture, Tim a poursuivi ses \u00e9tudes et obtenu une ma\u00eetrise en beaux-arts. Cette r\u00e9ussite acad\u00e9mique l&#039;a conduit \u00e0 entreprendre une nouvelle carri\u00e8re en tant que r\u00e9dacteur de demandes de subventions pour le Mus\u00e9e des sciences (aujourd&#039;hui le Mus\u00e9e des sciences Phillip et Patricia Frost), le Jardin botanique tropical Fairchild et le Bayfront Park Management Trust.<\/p>\n<p>Alors qu&#039;il travaillait sur une subvention du Bayfront Park Management Trust pour le Festival de Shakespeare, Tim a \u00e9t\u00e9 sollicit\u00e9 pour participer \u00e0 son fonctionnement. Ce nouveau r\u00f4le l&#039;a conduit \u00e0 une carri\u00e8re de 25 ans en tant que directeur ex\u00e9cutif du Bayfront Park Management Trust, o\u00f9 Tim a g\u00e9r\u00e9 tous les aspects des parcs Bayfront et Museum. Sous sa direction, les parcs ont g\u00e9n\u00e9r\u00e9 un chiffre d&#039;affaires net de 147,5 millions de livres sterling entre 2003 et 2016 et ont attir\u00e9 8,5 millions de visiteurs lors de concerts, d&#039;\u00e9v\u00e9nements sp\u00e9ciaux et d&#039;activit\u00e9s communautaires. L&#039;une de ses plus grandes r\u00e9ussites est l&#039;Ultra Music Festival de 2008 \u00e0 Bayfront Park, qui a remport\u00e9 de nombreuses distinctions, notamment son inclusion au programme \u00ab\u00a0Public Music Festival\u00a0\u00bb. <em>Rolling Stone<\/em> magazine Top 10 des concerts des 20<sup>\u00e8me<\/sup> Un si\u00e8cle aux \u00c9tats-Unis, un honneur partag\u00e9 avec le Woodstock Music and Art Fair (1969) et le Coachella Valley Music and Arts Festival.<\/p>\n<p>N&#039;ayant jamais recul\u00e9 devant un d\u00e9fi, m\u00eame s&#039;il avait pens\u00e9 \u00e0 prendre sa retraite, Tim a pris ses fonctions en 2017 et a rejoint le Coconut Grove Business Improvement District en tant que directeur ex\u00e9cutif par int\u00e9rim, o\u00f9 il a apport\u00e9 son expertise et ses connaissances \u00e0 la transformation du corridor commercial.<\/p>\n<p>Tim attribue son int\u00e9r\u00eat pour l&#039;am\u00e9nagement urbain et sa vaste connaissance de la dynamisation des espaces ext\u00e9rieurs \u00e0 \u00ab\u00a0La vie sociale des petits espaces urbains\u00a0\u00bb, un livre de William H. Whyte. Tim attribue \u00e0 ce livre, qui a lanc\u00e9 une petite r\u00e9volution dans l&#039;urbanisme et la conception des espaces publics, l&#039;orientation et la transformation de sa vision et de son sens aigu de la gestion sur la contribution des espaces publics au bien-\u00eatre d&#039;une communaut\u00e9.<\/p>\n\t\t\t\t<img decoding=\"async\" src=\"https:\/\/www.miamibeachfl.gov\/wp-content\/uploads\/2022\/06\/3.jpg\" alt=\"3\" itemprop=\"image\" title=\"3\" onerror=\"this.style.display='none'\" loading='lazy' \/>\n\t<p>En 2017, Tim a chang\u00e9 de casquette pour devenir directeur ex\u00e9cutif du Lincoln Road Business Improvement District.<\/p>\n<p>\u00ab J&#039;ai achet\u00e9 mon premier cadeau pour l&#039;amour de ma vie sur Lincoln Road \u00bb, a confi\u00e9 Tim. \u00ab Nous avons achet\u00e9 nos alliances sur Lincoln Road, avant de nous marier dans l&#039;ancien h\u00f4tel de ville. Lincoln Road occupera toujours une place sp\u00e9ciale dans mon c\u0153ur. \u00bb<\/p>\n\t\t\t\t<img decoding=\"async\" src=\"https:\/\/www.miamibeachfl.gov\/wp-content\/uploads\/2022\/06\/4.png\" alt=\"4\" itemprop=\"image\" title=\"4\" onerror=\"this.style.display='none'\" loading='lazy' \/>\n\t<p>Fort de son exp\u00e9rience culturelle et de son talent, Tim a men\u00e9 la mini-r\u00e9volution \u00e9conomique de Lincoln Road au cours de ses cinq ann\u00e9es de mandat. Il a nourri et b\u00e2ti une destination de renomm\u00e9e internationale, riche en art et culture, en gastronomie et commerces de premier ordre, et en programmes pour toute la famille. Pendant la pand\u00e9mie, Lincoln Road a \u00e9t\u00e9 durement touch\u00e9, comme tous les quartiers d&#039;affaires internationaux. Pourtant, Tim a relev\u00e9 le d\u00e9fi et s&#039;est appuy\u00e9 sur son exp\u00e9rience culturelle pour exposer 13 sculptures monumentales de Botero sur la promenade pi\u00e9tonne, de l&#039;automne 2019 au printemps 2020, encourageant ainsi les r\u00e9sidents et les visiteurs \u00e0 profiter de l&#039;espace ouvert de Lincoln Road et \u00e0 \u00e9changer avec les commer\u00e7ants proposant des plats \u00e0 emporter et des animations artistiques respectant la distanciation sociale.<\/p>\n<p>Interrog\u00e9 sur son h\u00e9ritage, Tim, \u00e0 la voix douce, charmante, \u00e9l\u00e9gante et affable, a confi\u00e9 qu&#039;il souhaitait qu&#039;on se souvienne de lui comme d&#039;un d\u00e9fenseur des espaces urbains et ouverts, ayant consacr\u00e9 sa vie professionnelle \u00e0 accompagner les commer\u00e7ants et \u00e0 faire \u00e9voluer les espaces, passant de simples espaces urbains \u00e0 des espaces commerciaux et ext\u00e9rieurs m\u00e9morables et quasi parfaits. Il esp\u00e8re \u00e9galement que son influence aura inspir\u00e9 les habitants, les entreprises et les touristes.<\/p>\n<p>\u00ab Je suis heureux et fier que Lincoln Road soit devenu un espace public urbain accueillant, offrant soleil, ombre, restauration, arbres, fontaines, divertissements et convivialit\u00e9 \u00bb, a d\u00e9clar\u00e9 Tim. \u00ab Comme l&#039;\u00e9crivait Whyte il y a 30 ans, les espaces publics rassemblent les gens et Lincoln Road est un excellent exemple de d\u00e9veloppement durable qui continue de prosp\u00e9rer. Je suis fier que, pendant la r\u00e9cente pand\u00e9mie, les dirigeants, les membres, l&#039;\u00e9quipe et la communaut\u00e9 de Lincoln Road aient ouvert et am\u00e9nag\u00e9 des espaces qui ont chang\u00e9 des vies en unissant, en engageant et en apaisant cette communaut\u00e9. Lincoln Road est un lieu unique\u00a0: c&#039;est l&#039;endroit o\u00f9 deux inconnus peuvent se rencontrer et discuter, un couple peut fl\u00e2ner tranquillement, les adolescents peuvent d\u00e9guster une pizza, les coll\u00e8gues peuvent prendre un cafecito et chacun peut profiter d&#039;une s\u00e9ance shopping. \u00bb<\/p>\n<p>Dipl\u00f4m\u00e9 du State University College de New York, Tim est \u00e9galement titulaire d&#039;une ma\u00eetrise en beaux-arts du Vermont College. Il pr\u00e9voit d&#039;enrichir sa collection de livres qu&#039;il a \u00e9crits et publi\u00e9s\u00a0: \u00ab\u00a0Just Johnson\u00a0; The London Delivery\u00a0\u00bb et \u00ab\u00a0The True Tales of Bad Benny Taggart\u00a0\u00bb.<\/p>\n<p>F\u00e9licitations \u00e0 Tim pour tout ce qu&#039;il a fait pour la ville de Miami Beach et Lincoln Road. Ses contributions et ses r\u00e9alisations sont salu\u00e9es et nous lui souhaitons bonne chance pour la suite de son histoire\u00a0!<\/p>\n\t\t\t\t<img decoding=\"async\" src=\"https:\/\/www.miamibeachfl.gov\/wp-content\/uploads\/2022\/06\/5.png\" alt=\"5\" itemprop=\"image\" title=\"5\" onerror=\"this.style.display='none'\" loading='lazy' \/>","protected":false},"excerpt":{"rendered":"<p>Abonnez-vous ici pour recevoir chaque mois la newsletter \u00e9conomique de la Ville. Bulletin d&#039;information \u00e9conomique\u00a0: CHAPEAU \u00c0 TIM SCHMAND POUR [\u2026]<\/p>","protected":false},"author":222,"featured_media":0,"parent":253255,"menu_order":0,"comment_status":"closed","ping_status":"closed","template":"","meta":{"_searchwp_excluded":"","site-sidebar-layout":"default","site-content-layout":"","ast-site-content-layout":"default","site-content-style":"default","site-sidebar-style":"default","ast-global-header-display":"","ast-banner-title-visibility":"","ast-main-header-display":"","ast-hfb-above-header-display":"","ast-hfb-below-header-display":"","ast-hfb-mobile-header-display":"","site-post-title":"","ast-breadcrumbs-content":"","ast-featured-img":"","footer-sml-layout":"","theme-transparent-header-meta":"","adv-header-id-meta":"","stick-header-meta":"","header-above-stick-meta":"","header-main-stick-meta":"","header-below-stick-meta":"","astra-migrate-meta-layouts":"default","ast-page-background-enabled":"default","ast-page-background-meta":{"desktop":{"background-color":"var(--ast-global-color-5)","background-image":"","background-repeat":"repeat","background-position":"center center","background-size":"auto","background-attachment":"scroll","background-type":"","background-media":"","overlay-type":"","overlay-color":"","overlay-opacity":"","overlay-gradient":""},"tablet":{"background-color":"","background-image":"","background-repeat":"repeat","background-position":"center center","background-size":"auto","background-attachment":"scroll","background-type":"","background-media":"","overlay-type":"","overlay-color":"","overlay-opacity":"","overlay-gradient":""},"mobile":{"background-color":"","background-image":"","background-repeat":"repeat","background-position":"center center","background-size":"auto","background-attachment":"scroll","background-type":"","background-media":"","overlay-type":"","overlay-color":"","overlay-opacity":"","overlay-gradient":""}},"ast-content-background-meta":{"desktop":{"background-color":"var(--ast-global-color-4)","background-image":"","background-repeat":"repeat","background-position":"center center","background-size":"auto","background-attachment":"scroll","background-type":"","background-media":"","overlay-type":"","overlay-color":"","overlay-opacity":"","overlay-gradient":""},"tablet":{"background-color":"var(--ast-global-color-4)","background-image":"","background-repeat":"repeat","background-position":"center center","background-size":"auto","background-attachment":"scroll","background-type":"","background-media":"","overlay-type":"","overlay-color":"","overlay-opacity":"","overlay-gradient":""},"mobile":{"background-color":"var(--ast-global-color-4)","background-image":"","background-repeat":"repeat","background-position":"center center","background-size":"auto","background-attachment":"scroll","background-type":"","background-media":"","overlay-type":"","overlay-color":"","overlay-opacity":"","overlay-gradient":""}},"footnotes":""},"categories":[],"tags":[],"class_list":["post-195688","page","type-page","status-publish","hentry"],"yoast_head":"<!-- This site is optimized with the Yoast SEO Premium plugin v26.6 (Yoast SEO v26.6) - https:\/\/yoast.com\/wordpress\/plugins\/seo\/ -->\n<title>June 2022 Business Spotlight - City of Miami Beach<\/title>\n<meta name=\"description\" content=\"%\" \/>\n<meta name=\"robots\" content=\"index, follow, max-snippet:-1, max-image-preview:large, max-video-preview:-1\" \/>\n<link rel=\"canonical\" href=\"https:\/\/www.miamibeachfl.gov\/fr\/spotlight\/june-2022-business-spotlight\/\" \/>\n<meta property=\"og:locale\" content=\"fr_FR\" \/>\n<meta property=\"og:type\" content=\"article\" \/>\n<meta property=\"og:title\" content=\"June 2022 Business Spotlight\" \/>\n<meta property=\"og:description\" content=\"%\" \/>\n<meta property=\"og:url\" content=\"https:\/\/www.miamibeachfl.gov\/fr\/spotlight\/june-2022-business-spotlight\/\" \/>\n<meta property=\"og:site_name\" content=\"City of Miami Beach\" \/>\n<meta property=\"article:publisher\" content=\"https:\/\/www.facebook.com\/cityofmiamibeach\" \/>\n<meta property=\"article:modified_time\" content=\"2025-06-03T02:04:56+00:00\" \/>\n<meta property=\"og:image\" content=\"https:\/\/www.miamibeachfl.gov\/wp-content\/uploads\/2022\/06\/1.jpg\" \/>\n<meta name=\"twitter:card\" content=\"summary_large_image\" \/>\n<meta name=\"twitter:site\" content=\"@Miamibeachnews\" \/>\n<script type=\"application\/ld+json\" class=\"yoast-schema-graph\">{\"@context\":\"https:\/\/schema.org\",\"@graph\":[{\"@type\":\"WebPage\",\"@id\":\"https:\/\/www.miamibeachfl.gov\/spotlight\/june-2022-business-spotlight\/\",\"url\":\"https:\/\/www.miamibeachfl.gov\/spotlight\/june-2022-business-spotlight\/\",\"name\":\"June 2022 Business Spotlight - City of Miami Beach\",\"isPartOf\":{\"@id\":\"https:\/\/www.miamibeachfl.gov\/#website\"},\"primaryImageOfPage\":{\"@id\":\"https:\/\/www.miamibeachfl.gov\/spotlight\/june-2022-business-spotlight\/#primaryimage\"},\"image\":{\"@id\":\"https:\/\/www.miamibeachfl.gov\/spotlight\/june-2022-business-spotlight\/#primaryimage\"},\"thumbnailUrl\":\"https:\/\/www.miamibeachfl.gov\/wp-content\/uploads\/2022\/06\/1.jpg\",\"datePublished\":\"2022-06-23T13:14:32+00:00\",\"dateModified\":\"2025-06-03T02:04:56+00:00\",\"description\":\"%\",\"breadcrumb\":{\"@id\":\"https:\/\/www.miamibeachfl.gov\/spotlight\/june-2022-business-spotlight\/#breadcrumb\"},\"inLanguage\":\"fr-FR\",\"potentialAction\":[{\"@type\":\"ReadAction\",\"target\":[\"https:\/\/www.miamibeachfl.gov\/spotlight\/june-2022-business-spotlight\/\"]}]},{\"@type\":\"ImageObject\",\"inLanguage\":\"fr-FR\",\"@id\":\"https:\/\/www.miamibeachfl.gov\/spotlight\/june-2022-business-spotlight\/#primaryimage\",\"url\":\"https:\/\/www.miamibeachfl.gov\/wp-content\/uploads\/2022\/06\/1.jpg\",\"contentUrl\":\"https:\/\/www.miamibeachfl.gov\/wp-content\/uploads\/2022\/06\/1.jpg\"},{\"@type\":\"BreadcrumbList\",\"@id\":\"https:\/\/www.miamibeachfl.gov\/spotlight\/june-2022-business-spotlight\/#breadcrumb\",\"itemListElement\":[{\"@type\":\"ListItem\",\"position\":1,\"name\":\"Home\",\"item\":\"https:\/\/www.miamibeachfl.gov\/\"},{\"@type\":\"ListItem\",\"position\":2,\"name\":\"Business Newsletters and Spotlights\",\"item\":\"https:\/\/www.miamibeachfl.gov\/spotlight\/\"},{\"@type\":\"ListItem\",\"position\":3,\"name\":\"June 2022 Business Spotlight\"}]},{\"@type\":\"WebSite\",\"@id\":\"https:\/\/www.miamibeachfl.gov\/#website\",\"url\":\"https:\/\/www.miamibeachfl.gov\/\",\"name\":\"City of Miami Beach\",\"description\":\"The official website of the City of Miami Beach. Stay informed, find important information on city services, news, alerts, events, trolley routes, government employment and more.\",\"publisher\":{\"@id\":\"https:\/\/www.miamibeachfl.gov\/#organization\"},\"potentialAction\":[{\"@type\":\"SearchAction\",\"target\":{\"@type\":\"EntryPoint\",\"urlTemplate\":\"https:\/\/www.miamibeachfl.gov\/?s={search_term_string}\"},\"query-input\":{\"@type\":\"PropertyValueSpecification\",\"valueRequired\":true,\"valueName\":\"search_term_string\"}}],\"inLanguage\":\"fr-FR\"},{\"@type\":\"Organization\",\"@id\":\"https:\/\/www.miamibeachfl.gov\/#organization\",\"name\":\"City of Miami Beach\",\"url\":\"https:\/\/www.miamibeachfl.gov\/\",\"logo\":{\"@type\":\"ImageObject\",\"inLanguage\":\"fr-FR\",\"@id\":\"https:\/\/www.miamibeachfl.gov\/#\/schema\/logo\/image\/\",\"url\":\"https:\/\/www.miamibeachfl.gov\/wp-content\/uploads\/2022\/06\/miamibeach-logoblue.png\",\"contentUrl\":\"https:\/\/www.miamibeachfl.gov\/wp-content\/uploads\/2022\/06\/miamibeach-logoblue.png\",\"width\":1962,\"height\":381,\"caption\":\"City of Miami Beach\"},\"image\":{\"@id\":\"https:\/\/www.miamibeachfl.gov\/#\/schema\/logo\/image\/\"},\"sameAs\":[\"https:\/\/www.facebook.com\/cityofmiamibeach\",\"https:\/\/x.com\/Miamibeachnews\",\"https:\/\/www.instagram.com\/miamibeachnews\/\"],\"description\":\"The official website of the City of Miami Beach. Stay informed, find important information on city services, news, alerts, events, trolley routes, government employment and more.\",\"telephone\":\"305.604.CITY(2489)\",\"legalName\":\"City of Miami Beach\"}]}<\/script>\n<!-- \/ Yoast SEO Premium plugin. -->","yoast_head_json":{"title":"Coup de projecteur sur les entreprises de juin 2022\u00a0: Ville de Miami Beach","description":"%","robots":{"index":"index","follow":"follow","max-snippet":"max-snippet:-1","max-image-preview":"max-image-preview:large","max-video-preview":"max-video-preview:-1"},"canonical":"https:\/\/www.miamibeachfl.gov\/fr\/spotlight\/june-2022-business-spotlight\/","og_locale":"fr_FR","og_type":"article","og_title":"June 2022 Business Spotlight","og_description":"%","og_url":"https:\/\/www.miamibeachfl.gov\/fr\/spotlight\/june-2022-business-spotlight\/","og_site_name":"City of Miami Beach","article_publisher":"https:\/\/www.facebook.com\/cityofmiamibeach","article_modified_time":"2025-06-03T02:04:56+00:00","og_image":[{"url":"https:\/\/www.miamibeachfl.gov\/wp-content\/uploads\/2022\/06\/1.jpg","type":"","width":"","height":""}],"twitter_card":"summary_large_image","twitter_site":"@Miamibeachnews","schema":{"@context":"https:\/\/schema.org","@graph":[{"@type":"WebPage","@id":"https:\/\/www.miamibeachfl.gov\/spotlight\/june-2022-business-spotlight\/","url":"https:\/\/www.miamibeachfl.gov\/spotlight\/june-2022-business-spotlight\/","name":"Coup de projecteur sur les entreprises de juin 2022\u00a0: Ville de Miami Beach","isPartOf":{"@id":"https:\/\/www.miamibeachfl.gov\/#website"},"primaryImageOfPage":{"@id":"https:\/\/www.miamibeachfl.gov\/spotlight\/june-2022-business-spotlight\/#primaryimage"},"image":{"@id":"https:\/\/www.miamibeachfl.gov\/spotlight\/june-2022-business-spotlight\/#primaryimage"},"thumbnailUrl":"https:\/\/www.miamibeachfl.gov\/wp-content\/uploads\/2022\/06\/1.jpg","datePublished":"2022-06-23T13:14:32+00:00","dateModified":"2025-06-03T02:04:56+00:00","description":"%","breadcrumb":{"@id":"https:\/\/www.miamibeachfl.gov\/spotlight\/june-2022-business-spotlight\/#breadcrumb"},"inLanguage":"fr-FR","potentialAction":[{"@type":"ReadAction","target":["https:\/\/www.miamibeachfl.gov\/spotlight\/june-2022-business-spotlight\/"]}]},{"@type":"ImageObject","inLanguage":"fr-FR","@id":"https:\/\/www.miamibeachfl.gov\/spotlight\/june-2022-business-spotlight\/#primaryimage","url":"https:\/\/www.miamibeachfl.gov\/wp-content\/uploads\/2022\/06\/1.jpg","contentUrl":"https:\/\/www.miamibeachfl.gov\/wp-content\/uploads\/2022\/06\/1.jpg"},{"@type":"BreadcrumbList","@id":"https:\/\/www.miamibeachfl.gov\/spotlight\/june-2022-business-spotlight\/#breadcrumb","itemListElement":[{"@type":"ListItem","position":1,"name":"Home","item":"https:\/\/www.miamibeachfl.gov\/"},{"@type":"ListItem","position":2,"name":"Business Newsletters and Spotlights","item":"https:\/\/www.miamibeachfl.gov\/spotlight\/"},{"@type":"ListItem","position":3,"name":"June 2022 Business Spotlight"}]},{"@type":"WebSite","@id":"https:\/\/www.miamibeachfl.gov\/#website","url":"https:\/\/www.miamibeachfl.gov\/","name":"Ville de Miami Beach","description":"Site officiel de la ville de Miami Beach. Restez inform\u00e9 et trouvez des informations importantes sur les services municipaux, les actualit\u00e9s, les alertes, les \u00e9v\u00e9nements, les itin\u00e9raires de tramway, les emplois gouvernementaux et bien plus encore.","publisher":{"@id":"https:\/\/www.miamibeachfl.gov\/#organization"},"potentialAction":[{"@type":"SearchAction","target":{"@type":"EntryPoint","urlTemplate":"https:\/\/www.miamibeachfl.gov\/?s={search_term_string}"},"query-input":{"@type":"PropertyValueSpecification","valueRequired":true,"valueName":"search_term_string"}}],"inLanguage":"fr-FR"},{"@type":"Organization","@id":"https:\/\/www.miamibeachfl.gov\/#organization","name":"Ville de Miami Beach","url":"https:\/\/www.miamibeachfl.gov\/","logo":{"@type":"ImageObject","inLanguage":"fr-FR","@id":"https:\/\/www.miamibeachfl.gov\/#\/schema\/logo\/image\/","url":"https:\/\/www.miamibeachfl.gov\/wp-content\/uploads\/2022\/06\/miamibeach-logoblue.png","contentUrl":"https:\/\/www.miamibeachfl.gov\/wp-content\/uploads\/2022\/06\/miamibeach-logoblue.png","width":1962,"height":381,"caption":"City of Miami Beach"},"image":{"@id":"https:\/\/www.miamibeachfl.gov\/#\/schema\/logo\/image\/"},"sameAs":["https:\/\/www.facebook.com\/cityofmiamibeach","https:\/\/x.com\/Miamibeachnews","https:\/\/www.instagram.com\/miamibeachnews\/"],"description":"Site officiel de la ville de Miami Beach. Restez inform\u00e9 et trouvez des informations importantes sur les services municipaux, les actualit\u00e9s, les alertes, les \u00e9v\u00e9nements, les itin\u00e9raires de tramway, les emplois gouvernementaux et bien plus encore.","telephone":"305.604.CITY(2489)","legalName":"City of Miami Beach"}]}},"_links":{"self":[{"href":"https:\/\/www.miamibeachfl.gov\/fr\/wp-json\/wp\/v2\/pages\/195688","targetHints":{"allow":["GET"]}}],"collection":[{"href":"https:\/\/www.miamibeachfl.gov\/fr\/wp-json\/wp\/v2\/pages"}],"about":[{"href":"https:\/\/www.miamibeachfl.gov\/fr\/wp-json\/wp\/v2\/types\/page"}],"author":[{"embeddable":true,"href":"https:\/\/www.miamibeachfl.gov\/fr\/wp-json\/wp\/v2\/users\/222"}],"replies":[{"embeddable":true,"href":"https:\/\/www.miamibeachfl.gov\/fr\/wp-json\/wp\/v2\/comments?post=195688"}],"version-history":[{"count":0,"href":"https:\/\/www.miamibeachfl.gov\/fr\/wp-json\/wp\/v2\/pages\/195688\/revisions"}],"up":[{"embeddable":true,"href":"https:\/\/www.miamibeachfl.gov\/fr\/wp-json\/wp\/v2\/pages\/253255"}],"wp:attachment":[{"href":"https:\/\/www.miamibeachfl.gov\/fr\/wp-json\/wp\/v2\/media?parent=195688"}],"wp:term":[{"taxonomy":"category","embeddable":true,"href":"https:\/\/www.miamibeachfl.gov\/fr\/wp-json\/wp\/v2\/categories?post=195688"},{"taxonomy":"post_tag","embeddable":true,"href":"https:\/\/www.miamibeachfl.gov\/fr\/wp-json\/wp\/v2\/tags?post=195688"}],"curies":[{"name":"wp","href":"https:\/\/api.w.org\/{rel}","templated":true}]}}