{"id":196212,"date":"2022-06-29T11:41:46","date_gmt":"2022-06-29T15:41:46","guid":{"rendered":"https:\/\/www.miamibeachfl.gov\/?page_id=196212"},"modified":"2025-05-28T16:28:13","modified_gmt":"2025-05-28T20:28:13","slug":"garage-attendant-security","status":"publish","type":"page","link":"https:\/\/www.miamibeachfl.gov\/fr\/city-hall\/office-of-organizational-development\/garage-attendant-security\/","title":{"rendered":"Gardien de garage\/S\u00e9curit\u00e9"},"content":{"rendered":"<h3>\n\t\t\tGardien de garage\/S\u00e9curit\u00e9\t<\/h3>\n\t<p>La structure elle-m\u00eame n&#039;est que la moiti\u00e9 de l&#039;histoire : la <strong><a href=\"https:\/\/www.miamibeachfl.gov\/wp-content\/uploads\/2021\/05\/Garage-Attendant.pdf\">Agent de s\u00e9curit\u00e9\/pr\u00e9pos\u00e9 au garage de la ville de Miami Beach<\/a> <\/strong>Le programme d&#039;\u00e9valuation offre une vue d&#039;ensemble de l&#039;autre moiti\u00e9. Les pr\u00e9pos\u00e9s aux stationnements municipaux sont \u00e9valu\u00e9s sur une \u00e9chelle de cinq points et not\u00e9s sur leurs normes de conduite, leur professionnalisme, leur pr\u00e9sentation et leurs connaissances. Les points \u00e0 am\u00e9liorer sont identifi\u00e9s et les probl\u00e8mes r\u00e9solus.<\/p>\n<p><strong>Lettre \u00e0 la Commission :<\/strong><\/p>\n<p><a href=\"https:\/\/docmgmt.miamibeachfl.gov\/WebLink\/DocView.aspx?id=259213&amp;dbid=0&amp;repo=CityClerk\">5 f\u00e9vrier 2020<\/a><\/p>\n<p><a href=\"https:\/\/docmgmt.miamibeachfl.gov\/WebLink\/DocView.aspx?id=257661&amp;dbid=0&amp;repo=CityClerk\">1er novembre 2019<\/a><\/p>\n<p><a href=\"https:\/\/docmgmt.miamibeachfl.gov\/WebLink\/DocView.aspx?id=256524&amp;dbid=0&amp;repo=CityClerk\">23 ao\u00fbt 2019<\/a><\/p>\n<p><a href=\"https:\/\/docmgmt.miamibeachfl.gov\/WebLink\/DocView.aspx?id=250164&amp;dbid=0&amp;repo=CityClerk\">3 mai 2019<\/a><\/p>\n<p><a href=\"https:\/\/docmgmt.miamibeachfl.gov\/WebLink\/DocView.aspx?id=247198&amp;dbid=0&amp;repo=CityClerk\">30 janvier 2019<\/a><\/p>\n<p><a href=\"https:\/\/docmgmt.miamibeachfl.gov\/WebLink\/DocView.aspx?id=242579&amp;dbid=0&amp;repo=CityClerk\">31 octobre 2018\u00a0<\/a><\/p>\n<p><a href=\"https:\/\/docmgmt.miamibeachfl.gov\/WebLink\/DocView.aspx?id=238204&amp;dbid=0&amp;repo=CityClerk\">1er ao\u00fbt 2018<\/a><\/p>\n<p><a href=\"https:\/\/docmgmt.miamibeachfl.gov\/WebLink\/DocView.aspx?id=233361&amp;dbid=0&amp;repo=CityClerk\">30 mai 2018<\/a><\/p>\n<p><a href=\"https:\/\/docmgmt.miamibeachfl.gov\/WebLink\/DocView.aspx?id=217016&amp;dbid=0&amp;repo=CityClerk\">12 f\u00e9vrier 2018<\/a><\/p>\n<p><a href=\"https:\/\/docmgmt.miamibeachfl.gov\/WebLink\/DocView.aspx?id=211288&amp;dbid=0&amp;repo=CityClerk\">13 octobre 2017<\/a><\/p>\n<p><a href=\"https:\/\/docmgmt.miamibeachfl.gov\/WebLink\/DocView.aspx?id=162667&amp;dbid=0&amp;repo=CityClerk\">25 ao\u00fbt 2017<\/a><\/p>\n<p><a href=\"https:\/\/docmgmt.miamibeachfl.gov\/WebLink\/DocView.aspx?id=157200&amp;dbid=0&amp;repo=CityClerk\">18 mai 2017<\/a><\/p>\n<p><a href=\"https:\/\/docmgmt.miamibeachfl.gov\/WebLink\/DocView.aspx?id=160656&amp;dbid=0&amp;repo=CityClerk\">20 janvier 2017<\/a><\/p>\n<p><a href=\"https:\/\/docmgmt.miamibeachfl.gov\/WebLink\/DocView.aspx?id=146485&amp;dbid=0&amp;repo=CityClerk\">28 octobre 2016<\/a><\/p>","protected":false},"excerpt":{"rendered":"<p>Garage Attendant\/Security The structure itself is only half the story: the City of Miami Beach&#8217;s Garage Attendant\/Security assessment program gives [&hellip;]<\/p>\n","protected":false},"author":222,"featured_media":0,"parent":184231,"menu_order":53,"comment_status":"closed","ping_status":"closed","template":"","meta":{"_searchwp_excluded":"","site-sidebar-layout":"default","site-content-layout":"","ast-site-content-layout":"default","site-content-style":"default","site-sidebar-style":"default","ast-global-header-display":"","ast-banner-title-visibility":"","ast-main-header-display":"","ast-hfb-above-header-display":"","ast-hfb-below-header-display":"","ast-hfb-mobile-header-display":"","site-post-title":"","ast-breadcrumbs-content":"","ast-featured-img":"","footer-sml-layout":"","theme-transparent-header-meta":"","adv-header-id-meta":"","stick-header-meta":"","header-above-stick-meta":"","header-main-stick-meta":"","header-below-stick-meta":"","astra-migrate-meta-layouts":"default","ast-page-background-enabled":"default","ast-page-background-meta":{"desktop":{"background-color":"var(--ast-global-color-5)","background-image":"","background-repeat":"repeat","background-position":"center center","background-size":"auto","background-attachment":"scroll","background-type":"","background-media":"","overlay-type":"","overlay-color":"","overlay-opacity":"","overlay-gradient":""},"tablet":{"background-color":"","background-image":"","background-repeat":"repeat","background-position":"center center","background-size":"auto","background-attachment":"scroll","background-type":"","background-media":"","overlay-type":"","overlay-color":"","overlay-opacity":"","overlay-gradient":""},"mobile":{"background-color":"","background-image":"","background-repeat":"repeat","background-position":"center center","background-size":"auto","background-attachment":"scroll","background-type":"","background-media":"","overlay-type":"","overlay-color":"","overlay-opacity":"","overlay-gradient":""}},"ast-content-background-meta":{"desktop":{"background-color":"var(--ast-global-color-4)","background-image":"","background-repeat":"repeat","background-position":"center center","background-size":"auto","background-attachment":"scroll","background-type":"","background-media":"","overlay-type":"","overlay-color":"","overlay-opacity":"","overlay-gradient":""},"tablet":{"background-color":"var(--ast-global-color-4)","background-image":"","background-repeat":"repeat","background-position":"center center","background-size":"auto","background-attachment":"scroll","background-type":"","background-media":"","overlay-type":"","overlay-color":"","overlay-opacity":"","overlay-gradient":""},"mobile":{"background-color":"var(--ast-global-color-4)","background-image":"","background-repeat":"repeat","background-position":"center center","background-size":"auto","background-attachment":"scroll","background-type":"","background-media":"","overlay-type":"","overlay-color":"","overlay-opacity":"","overlay-gradient":""}},"footnotes":""},"categories":[],"tags":[],"class_list":["post-196212","page","type-page","status-publish","hentry"],"yoast_head":"<!-- This site is optimized with the Yoast SEO Premium plugin v27.4 (Yoast SEO v27.4) - https:\/\/yoast.com\/product\/yoast-seo-premium-wordpress\/ -->\n<title>Garage Attendant\/Security - City of Miami Beach<\/title>\n<meta name=\"description\" content=\"%\" \/>\n<meta name=\"robots\" content=\"index, follow, max-snippet:-1, max-image-preview:large, max-video-preview:-1\" \/>\n<link rel=\"canonical\" href=\"https:\/\/www.miamibeachfl.gov\/fr\/city-hall\/office-of-organizational-development\/garage-attendant-security\/\" \/>\n<meta property=\"og:locale\" content=\"fr_FR\" \/>\n<meta property=\"og:type\" content=\"article\" \/>\n<meta property=\"og:title\" content=\"Garage Attendant\/Security\" \/>\n<meta property=\"og:description\" content=\"%\" \/>\n<meta property=\"og:url\" content=\"https:\/\/www.miamibeachfl.gov\/fr\/city-hall\/office-of-organizational-development\/garage-attendant-security\/\" \/>\n<meta property=\"og:site_name\" content=\"City of Miami Beach\" \/>\n<meta property=\"article:publisher\" content=\"https:\/\/www.facebook.com\/cityofmiamibeach\" \/>\n<meta property=\"article:modified_time\" content=\"2025-05-28T20:28:13+00:00\" \/>\n<meta property=\"og:image\" content=\"https:\/\/www.miamibeachfl.gov\/wp-content\/uploads\/2024\/01\/1000pxSquare-miamibeach-aerial-southpointview.jpeg\" \/>\n\t<meta property=\"og:image:width\" content=\"1000\" \/>\n\t<meta property=\"og:image:height\" content=\"1000\" \/>\n\t<meta property=\"og:image:type\" content=\"image\/jpeg\" \/>\n<meta name=\"twitter:card\" content=\"summary_large_image\" \/>\n<meta name=\"twitter:site\" content=\"@Miamibeachnews\" \/>\n<script type=\"application\/ld+json\" class=\"yoast-schema-graph\">{\"@context\":\"https:\\\/\\\/schema.org\",\"@graph\":[{\"@type\":\"WebPage\",\"@id\":\"https:\\\/\\\/www.miamibeachfl.gov\\\/city-hall\\\/office-of-organizational-development\\\/garage-attendant-security\\\/\",\"url\":\"https:\\\/\\\/www.miamibeachfl.gov\\\/city-hall\\\/office-of-organizational-development\\\/garage-attendant-security\\\/\",\"name\":\"Garage Attendant\\\/Security - City of Miami Beach\",\"isPartOf\":{\"@id\":\"https:\\\/\\\/www.miamibeachfl.gov\\\/#website\"},\"datePublished\":\"2022-06-29T15:41:46+00:00\",\"dateModified\":\"2025-05-28T20:28:13+00:00\",\"description\":\"%\",\"breadcrumb\":{\"@id\":\"https:\\\/\\\/www.miamibeachfl.gov\\\/city-hall\\\/office-of-organizational-development\\\/garage-attendant-security\\\/#breadcrumb\"},\"inLanguage\":\"fr-FR\",\"potentialAction\":[{\"@type\":\"ReadAction\",\"target\":[\"https:\\\/\\\/www.miamibeachfl.gov\\\/city-hall\\\/office-of-organizational-development\\\/garage-attendant-security\\\/\"]}]},{\"@type\":\"BreadcrumbList\",\"@id\":\"https:\\\/\\\/www.miamibeachfl.gov\\\/city-hall\\\/office-of-organizational-development\\\/garage-attendant-security\\\/#breadcrumb\",\"itemListElement\":[{\"@type\":\"ListItem\",\"position\":1,\"name\":\"Home\",\"item\":\"https:\\\/\\\/www.miamibeachfl.gov\\\/\"},{\"@type\":\"ListItem\",\"position\":2,\"name\":\"City Hall\",\"item\":\"https:\\\/\\\/www.miamibeachfl.gov\\\/city-hall\\\/\"},{\"@type\":\"ListItem\",\"position\":3,\"name\":\"Education &#038; Performance Initiatives\",\"item\":\"https:\\\/\\\/www.miamibeachfl.gov\\\/city-hall\\\/office-of-organizational-development\\\/\"},{\"@type\":\"ListItem\",\"position\":4,\"name\":\"Garage Attendant\\\/Security\"}]},{\"@type\":\"WebSite\",\"@id\":\"https:\\\/\\\/www.miamibeachfl.gov\\\/#website\",\"url\":\"https:\\\/\\\/www.miamibeachfl.gov\\\/\",\"name\":\"City of Miami Beach\",\"description\":\"The official website of the City of Miami Beach. Stay informed, find important information on city services, news, alerts, events, trolley routes, government employment and more.\",\"publisher\":{\"@id\":\"https:\\\/\\\/www.miamibeachfl.gov\\\/#organization\"},\"potentialAction\":[{\"@type\":\"SearchAction\",\"target\":{\"@type\":\"EntryPoint\",\"urlTemplate\":\"https:\\\/\\\/www.miamibeachfl.gov\\\/?s={search_term_string}\"},\"query-input\":{\"@type\":\"PropertyValueSpecification\",\"valueRequired\":true,\"valueName\":\"search_term_string\"}}],\"inLanguage\":\"fr-FR\"},{\"@type\":\"Organization\",\"@id\":\"https:\\\/\\\/www.miamibeachfl.gov\\\/#organization\",\"name\":\"City of Miami Beach\",\"url\":\"https:\\\/\\\/www.miamibeachfl.gov\\\/\",\"logo\":{\"@type\":\"ImageObject\",\"inLanguage\":\"fr-FR\",\"@id\":\"https:\\\/\\\/www.miamibeachfl.gov\\\/#\\\/schema\\\/logo\\\/image\\\/\",\"url\":\"https:\\\/\\\/www.miamibeachfl.gov\\\/wp-content\\\/uploads\\\/2022\\\/06\\\/miamibeach-logoblue.png\",\"contentUrl\":\"https:\\\/\\\/www.miamibeachfl.gov\\\/wp-content\\\/uploads\\\/2022\\\/06\\\/miamibeach-logoblue.png\",\"width\":1962,\"height\":381,\"caption\":\"City of Miami Beach\"},\"image\":{\"@id\":\"https:\\\/\\\/www.miamibeachfl.gov\\\/#\\\/schema\\\/logo\\\/image\\\/\"},\"sameAs\":[\"https:\\\/\\\/www.facebook.com\\\/cityofmiamibeach\",\"https:\\\/\\\/x.com\\\/Miamibeachnews\",\"https:\\\/\\\/www.instagram.com\\\/miamibeachnews\\\/\"],\"description\":\"The official website of the City of Miami Beach. Stay informed, find important information on city services, news, alerts, events, trolley routes, government employment and more.\",\"telephone\":\"305.604.CITY(2489)\",\"legalName\":\"City of Miami Beach\"}]}<\/script>\n<!-- \/ Yoast SEO Premium plugin. -->","yoast_head_json":{"title":"Gardien\/agent de s\u00e9curit\u00e9 \u2013 Ville de Miami Beach","description":"%","robots":{"index":"index","follow":"follow","max-snippet":"max-snippet:-1","max-image-preview":"max-image-preview:large","max-video-preview":"max-video-preview:-1"},"canonical":"https:\/\/www.miamibeachfl.gov\/fr\/city-hall\/office-of-organizational-development\/garage-attendant-security\/","og_locale":"fr_FR","og_type":"article","og_title":"Garage Attendant\/Security","og_description":"%","og_url":"https:\/\/www.miamibeachfl.gov\/fr\/city-hall\/office-of-organizational-development\/garage-attendant-security\/","og_site_name":"City of Miami Beach","article_publisher":"https:\/\/www.facebook.com\/cityofmiamibeach","article_modified_time":"2025-05-28T20:28:13+00:00","og_image":[{"width":1000,"height":1000,"url":"https:\/\/www.miamibeachfl.gov\/wp-content\/uploads\/2024\/01\/1000pxSquare-miamibeach-aerial-southpointview.jpeg","type":"image\/jpeg"}],"twitter_card":"summary_large_image","twitter_site":"@Miamibeachnews","schema":{"@context":"https:\/\/schema.org","@graph":[{"@type":"WebPage","@id":"https:\/\/www.miamibeachfl.gov\/city-hall\/office-of-organizational-development\/garage-attendant-security\/","url":"https:\/\/www.miamibeachfl.gov\/city-hall\/office-of-organizational-development\/garage-attendant-security\/","name":"Gardien\/agent de s\u00e9curit\u00e9 \u2013 Ville de Miami Beach","isPartOf":{"@id":"https:\/\/www.miamibeachfl.gov\/#website"},"datePublished":"2022-06-29T15:41:46+00:00","dateModified":"2025-05-28T20:28:13+00:00","description":"%","breadcrumb":{"@id":"https:\/\/www.miamibeachfl.gov\/city-hall\/office-of-organizational-development\/garage-attendant-security\/#breadcrumb"},"inLanguage":"fr-FR","potentialAction":[{"@type":"ReadAction","target":["https:\/\/www.miamibeachfl.gov\/city-hall\/office-of-organizational-development\/garage-attendant-security\/"]}]},{"@type":"BreadcrumbList","@id":"https:\/\/www.miamibeachfl.gov\/city-hall\/office-of-organizational-development\/garage-attendant-security\/#breadcrumb","itemListElement":[{"@type":"ListItem","position":1,"name":"Home","item":"https:\/\/www.miamibeachfl.gov\/"},{"@type":"ListItem","position":2,"name":"City Hall","item":"https:\/\/www.miamibeachfl.gov\/city-hall\/"},{"@type":"ListItem","position":3,"name":"Education &#038; Performance Initiatives","item":"https:\/\/www.miamibeachfl.gov\/city-hall\/office-of-organizational-development\/"},{"@type":"ListItem","position":4,"name":"Garage Attendant\/Security"}]},{"@type":"WebSite","@id":"https:\/\/www.miamibeachfl.gov\/#website","url":"https:\/\/www.miamibeachfl.gov\/","name":"Ville de Miami Beach","description":"Site officiel de la ville de Miami Beach. Restez inform\u00e9 et trouvez des informations importantes sur les services municipaux, les actualit\u00e9s, les alertes, les \u00e9v\u00e9nements, les itin\u00e9raires de tramway, les emplois gouvernementaux et bien plus encore.","publisher":{"@id":"https:\/\/www.miamibeachfl.gov\/#organization"},"potentialAction":[{"@type":"SearchAction","target":{"@type":"EntryPoint","urlTemplate":"https:\/\/www.miamibeachfl.gov\/?s={search_term_string}"},"query-input":{"@type":"PropertyValueSpecification","valueRequired":true,"valueName":"search_term_string"}}],"inLanguage":"fr-FR"},{"@type":"Organization","@id":"https:\/\/www.miamibeachfl.gov\/#organization","name":"Ville de Miami Beach","url":"https:\/\/www.miamibeachfl.gov\/","logo":{"@type":"ImageObject","inLanguage":"fr-FR","@id":"https:\/\/www.miamibeachfl.gov\/#\/schema\/logo\/image\/","url":"https:\/\/www.miamibeachfl.gov\/wp-content\/uploads\/2022\/06\/miamibeach-logoblue.png","contentUrl":"https:\/\/www.miamibeachfl.gov\/wp-content\/uploads\/2022\/06\/miamibeach-logoblue.png","width":1962,"height":381,"caption":"City of Miami Beach"},"image":{"@id":"https:\/\/www.miamibeachfl.gov\/#\/schema\/logo\/image\/"},"sameAs":["https:\/\/www.facebook.com\/cityofmiamibeach","https:\/\/x.com\/Miamibeachnews","https:\/\/www.instagram.com\/miamibeachnews\/"],"description":"Site officiel de la ville de Miami Beach. Restez inform\u00e9 et trouvez des informations importantes sur les services municipaux, les actualit\u00e9s, les alertes, les \u00e9v\u00e9nements, les itin\u00e9raires de tramway, les emplois gouvernementaux et bien plus encore.","telephone":"305.604.CITY(2489)","legalName":"City of Miami Beach"}]}},"_links":{"self":[{"href":"https:\/\/www.miamibeachfl.gov\/fr\/wp-json\/wp\/v2\/pages\/196212","targetHints":{"allow":["GET"]}}],"collection":[{"href":"https:\/\/www.miamibeachfl.gov\/fr\/wp-json\/wp\/v2\/pages"}],"about":[{"href":"https:\/\/www.miamibeachfl.gov\/fr\/wp-json\/wp\/v2\/types\/page"}],"author":[{"embeddable":true,"href":"https:\/\/www.miamibeachfl.gov\/fr\/wp-json\/wp\/v2\/users\/222"}],"replies":[{"embeddable":true,"href":"https:\/\/www.miamibeachfl.gov\/fr\/wp-json\/wp\/v2\/comments?post=196212"}],"version-history":[{"count":1,"href":"https:\/\/www.miamibeachfl.gov\/fr\/wp-json\/wp\/v2\/pages\/196212\/revisions"}],"predecessor-version":[{"id":374531,"href":"https:\/\/www.miamibeachfl.gov\/fr\/wp-json\/wp\/v2\/pages\/196212\/revisions\/374531"}],"up":[{"embeddable":true,"href":"https:\/\/www.miamibeachfl.gov\/fr\/wp-json\/wp\/v2\/pages\/184231"}],"wp:attachment":[{"href":"https:\/\/www.miamibeachfl.gov\/fr\/wp-json\/wp\/v2\/media?parent=196212"}],"wp:term":[{"taxonomy":"category","embeddable":true,"href":"https:\/\/www.miamibeachfl.gov\/fr\/wp-json\/wp\/v2\/categories?post=196212"},{"taxonomy":"post_tag","embeddable":true,"href":"https:\/\/www.miamibeachfl.gov\/fr\/wp-json\/wp\/v2\/tags?post=196212"}],"curies":[{"name":"wp","href":"https:\/\/api.w.org\/{rel}","templated":true}]}}