{"id":197442,"date":"2022-07-13T09:03:00","date_gmt":"2022-07-13T13:03:00","guid":{"rendered":"https:\/\/www.miamibeachfl.gov\/?page_id=197442"},"modified":"2026-01-15T11:04:23","modified_gmt":"2026-01-15T16:04:23","slug":"mb-community","status":"publish","type":"page","link":"https:\/\/www.miamibeachfl.gov\/fr\/business\/mb-community\/","title":{"rendered":"Communaut\u00e9 MB"},"content":{"rendered":"<h3>\n\t\t\tD\u00e9veloppement communautaire\t<\/h3>\n<h3>\n\t\t\tDes r\u00e9sidents activement engag\u00e9s, des quartiers conviviaux et des organisations communautaires dynamiques et avant-gardistes font de Miami Beach un endroit id\u00e9al pour vivre, travailler et se divertir !\t<\/h3>\n\t<p>Les comit\u00e9s et associations font des recommandations sur la mani\u00e8re d&#039;am\u00e9liorer l&#039;exp\u00e9rience des r\u00e9sidents et des visiteurs \u00e0 travers Miami Beach.<\/p>\n\t<a href=\"https:\/\/www.visitespanolaway.com\/\" target=\"_blank\" rel=\"noopener\" aria-label=\"Allez sur https:\/\/www.visitespanolaway.com\/\"><\/a>\n\t\t\t<h3>Espagnol<br \/>Association d&#039;entreprises<\/h3>\t\t\n\t\t\t\t<img decoding=\"async\" src=\"https:\/\/www.miamibeachfl.gov\/wp-content\/uploads\/bb-plugin\/cache\/espanolaway-square.jpg\" alt=\"Espanola Way Sign on Building\" title=\"espagnol\" itemprop=\"image\"\/>\n\t<a href=\"https:\/\/www.miamibeachfl.gov\/fr\/city-hall\/city-clerk\/boards-and-committees\/mayors-41st-street-committee\/%20\/\" target=\"_blank\" rel=\"noopener\" aria-label=\"Go to https:\/\/www.miamibeachfl.gov\/city-hall\/city-clerk\/boards-and-committees\/mayors-41st-street-committee\/%20\"><\/a>\n\t\t\t<h3>41e Rue<br \/>Comit\u00e9<\/h3>\t\t\n\t\t\t\t<img decoding=\"async\" src=\"https:\/\/www.miamibeachfl.gov\/wp-content\/uploads\/bb-plugin\/cache\/midbeachredev-square.jpg\" alt=\"Miami Beach Aerial View\" title=\"midbeachredev\" itemprop=\"image\"\/>\n\t<a href=\"https:\/\/normandyfountain.com\/\" target=\"_blank\" rel=\"noopener\" aria-label=\"Allez sur https:\/\/normandyfountain.com\/\"><\/a>\n\t\t\t<h3>Association des entreprises de la Fontaine de Normandie<\/h3>\t\t\n\t\t\t\t<img decoding=\"async\" src=\"https:\/\/www.miamibeachfl.gov\/wp-content\/uploads\/bb-plugin\/cache\/normandyfountainrevitalization-square.jpg\" alt=\"Normandy Fountain\" title=\"revitalisation de la fontaine de Normandie\" itemprop=\"image\"\/>\n\t\t\t\t\n\t<a href=\"https:\/\/www.miamibeachfl.gov\/fr\/residents\/neighborhood-associations\/neighborhood-associations\/\" target=\"_self\"  aria-label=\"Acc\u00e9dez \u00e0 https:\/\/www.miamibeachfl.gov\/residents\/neighborhood-associations\/neighborhood-associations\/\"><\/a>\n\t\t\t<h3>Ocean Drive<br \/>Association<\/h3>\t\t\n\t\t\t\t<img decoding=\"async\" src=\"https:\/\/www.miamibeachfl.gov\/wp-content\/uploads\/bb-plugin\/cache\/oceandriveassociaiton-square.jpg\" alt=\"Ocean Drive\" title=\"association OceanDrive\" itemprop=\"image\"\/>\n\t<p>Districts sp\u00e9ciaux o\u00f9 une partie de la croissance de l&#039;imp\u00f4t foncier est collect\u00e9e et affect\u00e9e \u00e0 la revitalisation communautaire. Les projets et initiatives financ\u00e9s par les CRA sont ax\u00e9s sur les transports et la mobilit\u00e9, les infrastructures, la r\u00e9silience, le logement abordable et le logement pour les travailleurs, ainsi que la revitalisation communautaire et \u00e9conomique.<\/p>\n\t\t\t\t\t\t\t<a href=\"https:\/\/www.miamibeachfl.gov\/fr\/city-hall\/economic-development\/redevelopment-agency\/\" target=\"_self\">\n\t\t\t\t\t\t\t\t\t\t\t\t\t\t\t\t\t\t\t\t\t\t\t\t\t\t\t\t\t\t\t\t\t\t\t<img decoding=\"async\" src=\"https:\/\/www.miamibeachfl.gov\/wp-content\/uploads\/2026\/01\/cmbconventioncenter-square.jpg\" alt=\"Deco Drive\" \/>\n\t\t\t\t\t\t\t\t\t\t<h3>Agence de r\u00e9am\u00e9nagement de Miami Beach<\/h3>\n\t\t\t\t\t\t\t\t<p>Cliquez ici pour en savoir plus sur l&#039;Agence de r\u00e9am\u00e9nagement de Miami Beach.<\/p>\t\t\t\t\t\t\t\n\t\t\t\t\t\t\t\t\t<\/a>\n\t\t\t\t\t\t\t<a href=\"https:\/\/www.miamibeachfl.gov\/fr\/northbeachcra\/\" target=\"_self\">\n\t\t\t\t\t\t\t\t\t\t\t\t\t\t\t\t\t\t\t\t\t\t\t\t\t\t\t\t\t\t\t\t\t\t\t<img decoding=\"async\" src=\"https:\/\/www.miamibeachfl.gov\/wp-content\/uploads\/2026\/01\/northbeach-fountain.jpg\" alt=\"Deco Drive\" \/>\n\t\t\t\t\t\t\t\t\t\t<h3>Agence de r\u00e9am\u00e9nagement communautaire de North Beach<\/h3>\n\t\t\t\t\t\t\t\t<p>Apprenez-en davantage sur l&#039;Agence de r\u00e9am\u00e9nagement communautaire de North Beach.<\/p>\t\t\t\t\t\t\t\n\t\t\t\t\t\t\t\t\t<\/a>\n\t<p>Organisations priv\u00e9es et publiques qui compl\u00e8tent les services publics dans des limites g\u00e9ographiques d\u00e9finies en g\u00e9n\u00e9rant des revenus pluriannuels gr\u00e2ce \u00e0 une cotisation obligatoire aupr\u00e8s des propri\u00e9taires fonciers et\/ou des entreprises locales.<\/p>\n\t\t\t\t\t\t\t<a href=\"https:\/\/lincolnrd.com\/%20\" target=\"_self\">\n\t\t\t\t\t\t\t\t\t\t\t\t\t\t\t\t\t\t\t\t\t\t\t\t\t\t\t\t\t\t\t\t\t\t\t<img decoding=\"async\" src=\"https:\/\/www.miamibeachfl.gov\/wp-content\/uploads\/2026\/01\/lincolnroadsquare.jpg\" alt=\"Deco Drive\" \/>\n\t\t\t\t\t\t\t\t\t\t<h3>Lincoln Road BID<\/h3>\n\t\t\t\t\t\t\t\t<p>Cliquez ici pour en savoir plus sur le BID de Lincoln Road.<\/p>\t\t\t\t\t\t\t\n\t\t\t\t\t\t\t\t\t<\/a>\n\t\t\t\t\t\t\t<a href=\"https:\/\/www.washavemb.com\/\" target=\"_self\">\n\t\t\t\t\t\t\t\t\t\t\t\t\t\t\t\t\t\t\t\t\t\t\t\t\t\t\t\t\t\t\t\t\t\t\t<img decoding=\"async\" src=\"https:\/\/www.miamibeachfl.gov\/wp-content\/uploads\/2026\/01\/washingtonavenueimprovements2.jpg\" alt=\"Deco Drive\" \/>\n\t\t\t\t\t\t\t\t\t\t<h3>Avenue Washington BID<\/h3>\n\t\t\t\t\t\t\t\t<p>Cliquez ici pour en savoir plus sur le BID de Washington Avenue.<\/p>\t\t\t\t\t\t\t\n\t\t\t\t\t\t\t\t\t<\/a>\n\t\t\t\t<a href=\"https:\/\/www.miamibeachfl.gov\/fr\/sister-cities\/\"  target=\"_self\" itemprop=\"url\">\n\t\t\t\t<img decoding=\"async\" src=\"https:\/\/www.miamibeachfl.gov\/wp-content\/uploads\/2024\/11\/SisterCitiesLogo.png\" alt=\"Miami Beach Sister Cities logo\" itemprop=\"image\" height=\"532\" width=\"1934\" title=\"Logo de SisterCities\" onerror=\"this.style.display='none'\" loading=\"lazy\" \/>\n\t\t\t\t<\/a>\n\t<p>Nulle part la place de notre ville sur la sc\u00e8ne mondiale n&#039;est plus \u00e9vidente qu&#039;\u00e0 travers le programme Miami Beach Sister Cities, qui s&#039;est d\u00e9velopp\u00e9 depuis sa cr\u00e9ation en 1959 pour inclure d\u00e9sormais 13 villes partenaires mondiales qui ont forg\u00e9 des liens culturels et \u00e9conomiques formels avec la ville.<\/p>\n<p>Il s&#039;agit notamment de <strong>Rio de Janeiro et Fortaleza, Br\u00e9sil ; Santa Marta, Colombie ; Brampton, Canada ; Krumlov, R\u00e9publique tch\u00e8que ; Nahariya, Isra\u00ebl ; Pescara, Italie ; Fujisawa, Japon ; Ica, P\u00e9rou ; Cozumel, Mexique ; Almonte, Espagne ; B\u00e2le, Suisse et Odessa, Ukraine.<\/strong><\/p>\n\t\t\t<a href=\"https:\/\/www.miamibeachfl.gov\/fr\/sister-cities\/\" target=\"_self\">\n\t\t\t\t\t\tCliquez ici pour en savoir plus\n\t\t\t\t\t<\/a>\n\t\t<h3>Explorez tous les projets de la ville de Miami Beach.<\/h3>\n\t\t\t<a href=\"\/fr\/business\/mbprojects\/\" title=\"Cliquez ici\" target=\"_self\"   role=\"button\" aria-label=\"Voir les projets\">\n\t\t\t\t\t\t\t\t\t\t\tVoir les projets\n\t\t<\/a>\n<h2>\n\t\t\tMiami Beach s&#039;\u00e9l\u00e8ve et investit dans la r\u00e9duction et l&#039;att\u00e9nuation des d\u00e9fis sociaux, \u00e9conomiques et physiques auxquels notre communaut\u00e9 c\u00f4ti\u00e8re est confront\u00e9e.\t<\/h2>\n\t\t\t\t<img decoding=\"async\" src=\"https:\/\/www.miamibeachfl.gov\/wp-content\/uploads\/2023\/01\/icon-plastics.png\" alt=\"icon-plastics\" title=\"ic\u00f4ne-plastiques\" itemprop=\"image\"\/>\n\t\t<h3>MB sans plastique<\/h3>\t\t\t\n\t\t\t\t<p>#PlasticFreeMB pr\u00e9sente les entreprises qui ont pris des mesures pour r\u00e9duire l&#039;utilisation de plastique dans leurs \u00e9tablissements. Apprenez-en plus et rejoignez le mouvement.<\/p>\n\t\t\t<a href=\"https:\/\/www.mbrisingabove.com\/climate-mitigation\/plastic-free-miami-beach\/what-is-pfmb\/\" title=\"Cliquez ici\" target=\"_blank\" rel=\"noopener\"  role=\"button\" aria-label=\"Rejoignez-nous\">\n\t\t\t\t\t\t\tRejoignez-nous\n\t\t<\/a>\n\t\t\t\t<img decoding=\"async\" src=\"https:\/\/www.miamibeachfl.gov\/wp-content\/uploads\/2023\/01\/icon-community.png\" alt=\"icon-community\" title=\"communaut\u00e9 d&#039;ic\u00f4nes\" itemprop=\"image\"\/>\n\t\t<h3>R\u00e9silience des quartiers<\/h3>\t\t\t\n\t\t\t\t<p>Plusieurs comit\u00e9s sont pr\u00e9sid\u00e9s par des r\u00e9sidents et des commissaires pour maintenir la r\u00e9silience de la communaut\u00e9 face aux impacts d\u2019un environnement en \u00e9volution.<\/p>\n\t\t\t<a href=\"https:\/\/www.mbrisingabove.com\/your-city-at-work\/advisory-committees\/\" title=\"Cliquez ici\" target=\"_blank\" rel=\"noopener\"  role=\"button\" aria-label=\"Apprendre encore plus\">\n\t\t\t\t\t\t\tApprendre encore plus\n\t\t<\/a>\n\t\t\t\t<img decoding=\"async\" src=\"https:\/\/www.miamibeachfl.gov\/wp-content\/uploads\/2023\/01\/icon-recycle.png\" alt=\"icon-recycle\" title=\"ic\u00f4ne-recycler\" itemprop=\"image\"\/>\n\t\t<h3>\u00c9cologisez votre entreprise<\/h3>\t\t\t\n\t\t\t\t<p>Des mesures simples comme la mise en \u0153uvre d\u2019un programme de recyclage ou le passage des plastiques jetables aux plastiques r\u00e9utilisables peuvent apporter de nombreux avantages \u00e0 l\u2019environnement.<\/p>\n\t\t\t<a href=\"https:\/\/www.mbrisingabove.com\/your-business\/\" title=\"Cliquez ici\" target=\"_blank\" rel=\"noopener\"  role=\"button\" aria-label=\"Mettre au vert\">\n\t\t\t\t\t\t\tMettre au vert\n\t\t<\/a>\n\t\t\t\t<img decoding=\"async\" src=\"https:\/\/www.miamibeachfl.gov\/wp-content\/uploads\/2023\/01\/familyatthebeach.jpg\" alt=\"Family at the Beach\" title=\"famille\u00e0laplage\" itemprop=\"image\"\/>\n\t\t<h3>La ville de Miami Beach se bat pour vos droits humains !<\/h3>\t\t\t\n\t\t\t\t<p>Apprenez-en davantage sur la mani\u00e8re dont vous \u00eates prot\u00e9g\u00e9 par l\u2019une des ordonnances les plus inclusives au monde.<\/p>\n\t\t\t<a href=\"https:\/\/www.miamibeachfl.gov\/fr\/city-hall\/city-clerk\/boards-and-committees\/miami-beach-human-rights-committee\/\" title=\"Cliquez ici\" target=\"_blank\" rel=\"noopener\"  role=\"button\" aria-label=\"Apprendre encore plus\">\n\t\t\t\t\t\t\tApprendre encore plus\n\t\t<\/a>\n\t<a href=\"\/fr\/spotlight\/\" target=\"_self\"  aria-label=\"Aller \u00e0 \/spotlight\/\"><\/a>\n\t\t\t\t<img decoding=\"async\" src=\"https:\/\/www.miamibeachfl.gov\/wp-content\/uploads\/2022\/07\/icon-mbbiznews.png\" alt=\"icon-mbbiznews\" title=\"ic\u00f4ne-mbbiznews\" itemprop=\"image\"\/>\n\t\t<h3>Derni\u00e8res nouvelles<\/h3>\t\t\t\n\t\t\t\t<p>Parcourez nos bulletins d\u2019information et nos articles d\u2019actualit\u00e9 pour obtenir les derni\u00e8res informations et ressources disponibles pour notre communaut\u00e9 d\u2019affaires.\u00a0<\/p>\n\t<a href=\"\/fr\/business\/whymb\/dashboard\/\" target=\"_self\"  aria-label=\"Acc\u00e9dez \u00e0 \/business\/whymb\/dashboard\/\"><\/a>\n\t\t\t\t<img decoding=\"async\" src=\"https:\/\/www.miamibeachfl.gov\/wp-content\/uploads\/2022\/07\/icon-bizincentives.png\" alt=\"icon-bizincentives\" title=\"ic\u00f4ne-bizincentives\" itemprop=\"image\"\/>\n\t\t<h3>Ressources commerciales<\/h3>\t\t\t\n\t\t\t\t<p>Des outils pour vous aider \u00e0 comprendre les derniers indicateurs commerciaux, la d\u00e9mographie et les tendances du secteur au sein de la ville de Miami Beach.<\/p>\n\t<a href=\"\/fr\/business\/doing-business-with-mb\/mbbiz-events\/\" target=\"_self\"  aria-label=\"Acc\u00e9dez \u00e0 \/business\/doing-business-with-mb\/mbbiz-events\/\"><\/a>\n\t\t\t\t<img decoding=\"async\" src=\"https:\/\/www.miamibeachfl.gov\/wp-content\/uploads\/2022\/07\/icon-mbbicalendarincircle-2.png\" alt=\"icon-mbbicalendarincircle\" title=\"ic\u00f4ne-mbbicalendarincircle\" itemprop=\"image\"\/>\n\t\t<h3>\u00c9v\u00e9nements \u00e0 venir<\/h3>\t\t\t\n\t\t\t\t<p>D\u00e9couvrez nos \u00e9v\u00e9nements \u00e0 venir.<\/p>\n\t\t<h3><a href=\"tel:3056737572\"  target=\"_self\">\t\n\t305.673.7572<\/a><\/h3>\t\n\t\t<h3><a href=\"mailto:mbbiz@miamibeachfl.gov\"  target=\"_self\">\t\n\tmbbiz@miamibeachfl.gov<\/a><\/h3>\t\n\t\t<h3><a href=\"\/fr\/business\/\"  target=\"_blank\"  rel=\"noopener\">\t\n\twww.MBBiz.com<\/a><\/h3>\t\n\t\t<h2>Abonnez-vous \u00e0 la newsletter MBBiz<\/h2>\n\t\t\t\t<p>Recevez des ressources et des mises \u00e0 jour du D\u00e9partement du d\u00e9veloppement \u00e9conomique envoy\u00e9es directement sur votre t\u00e9l\u00e9phone.<\/p>\n\t\t\t<a href=\"\/fr\/mbbiznews\/\" title=\"Cliquez ici\" target=\"_self\"   role=\"button\" aria-label=\"Abonnez-vous maintenant\">\n\t\t\t\t\t\t\t\t\t\t\tAbonnez-vous maintenant\n\t\t<\/a>","protected":false},"excerpt":{"rendered":"<p>Community Development Actively engaged residents, friendly neighborhoods and dynamic, forward-thinking community organizations all make Miami Beach a great place to [&hellip;]<\/p>\n","protected":false},"author":222,"featured_media":0,"parent":196910,"menu_order":0,"comment_status":"closed","ping_status":"closed","template":"","meta":{"_searchwp_excluded":"","site-sidebar-layout":"default","site-content-layout":"","ast-site-content-layout":"default","site-content-style":"default","site-sidebar-style":"default","ast-global-header-display":"","ast-banner-title-visibility":"","ast-main-header-display":"","ast-hfb-above-header-display":"","ast-hfb-below-header-display":"","ast-hfb-mobile-header-display":"","site-post-title":"","ast-breadcrumbs-content":"","ast-featured-img":"","footer-sml-layout":"","theme-transparent-header-meta":"","adv-header-id-meta":"","stick-header-meta":"","header-above-stick-meta":"","header-main-stick-meta":"","header-below-stick-meta":"","astra-migrate-meta-layouts":"default","ast-page-background-enabled":"default","ast-page-background-meta":{"desktop":{"background-color":"var(--ast-global-color-5)","background-image":"","background-repeat":"repeat","background-position":"center center","background-size":"auto","background-attachment":"scroll","background-type":"","background-media":"","overlay-type":"","overlay-color":"","overlay-opacity":"","overlay-gradient":""},"tablet":{"background-color":"","background-image":"","background-repeat":"repeat","background-position":"center center","background-size":"auto","background-attachment":"scroll","background-type":"","background-media":"","overlay-type":"","overlay-color":"","overlay-opacity":"","overlay-gradient":""},"mobile":{"background-color":"","background-image":"","background-repeat":"repeat","background-position":"center center","background-size":"auto","background-attachment":"scroll","background-type":"","background-media":"","overlay-type":"","overlay-color":"","overlay-opacity":"","overlay-gradient":""}},"ast-content-background-meta":{"desktop":{"background-color":"var(--ast-global-color-4)","background-image":"","background-repeat":"repeat","background-position":"center center","background-size":"auto","background-attachment":"scroll","background-type":"","background-media":"","overlay-type":"","overlay-color":"","overlay-opacity":"","overlay-gradient":""},"tablet":{"background-color":"var(--ast-global-color-4)","background-image":"","background-repeat":"repeat","background-position":"center center","background-size":"auto","background-attachment":"scroll","background-type":"","background-media":"","overlay-type":"","overlay-color":"","overlay-opacity":"","overlay-gradient":""},"mobile":{"background-color":"var(--ast-global-color-4)","background-image":"","background-repeat":"repeat","background-position":"center center","background-size":"auto","background-attachment":"scroll","background-type":"","background-media":"","overlay-type":"","overlay-color":"","overlay-opacity":"","overlay-gradient":""}},"footnotes":""},"categories":[],"tags":[],"class_list":["post-197442","page","type-page","status-publish","hentry"],"yoast_head":"<!-- This site is optimized with the Yoast SEO Premium plugin v27.4 (Yoast SEO v27.4) - https:\/\/yoast.com\/product\/yoast-seo-premium-wordpress\/ -->\n<title>MB Community - City of Miami Beach<\/title>\n<meta name=\"description\" content=\"%\" \/>\n<meta name=\"robots\" content=\"index, follow, max-snippet:-1, max-image-preview:large, max-video-preview:-1\" \/>\n<link rel=\"canonical\" href=\"https:\/\/www.miamibeachfl.gov\/fr\/business\/mb-community\/\" \/>\n<meta property=\"og:locale\" content=\"fr_FR\" \/>\n<meta property=\"og:type\" content=\"article\" \/>\n<meta property=\"og:title\" content=\"MB Community\" \/>\n<meta property=\"og:description\" content=\"%\" \/>\n<meta property=\"og:url\" content=\"https:\/\/www.miamibeachfl.gov\/fr\/business\/mb-community\/\" \/>\n<meta property=\"og:site_name\" content=\"City of Miami Beach\" \/>\n<meta property=\"article:publisher\" content=\"https:\/\/www.facebook.com\/cityofmiamibeach\" \/>\n<meta property=\"article:modified_time\" content=\"2026-01-15T16:04:23+00:00\" \/>\n<meta property=\"og:image\" content=\"https:\/\/www.miamibeachfl.gov\/wp-content\/uploads\/bb-plugin\/cache\/espanolaway-square.jpg\" \/>\n<meta name=\"twitter:card\" content=\"summary_large_image\" \/>\n<meta name=\"twitter:site\" content=\"@Miamibeachnews\" \/>\n<script type=\"application\/ld+json\" class=\"yoast-schema-graph\">{\"@context\":\"https:\\\/\\\/schema.org\",\"@graph\":[{\"@type\":\"WebPage\",\"@id\":\"https:\\\/\\\/www.miamibeachfl.gov\\\/business\\\/mb-community\\\/\",\"url\":\"https:\\\/\\\/www.miamibeachfl.gov\\\/business\\\/mb-community\\\/\",\"name\":\"MB Community - City of Miami Beach\",\"isPartOf\":{\"@id\":\"https:\\\/\\\/www.miamibeachfl.gov\\\/#website\"},\"primaryImageOfPage\":{\"@id\":\"https:\\\/\\\/www.miamibeachfl.gov\\\/business\\\/mb-community\\\/#primaryimage\"},\"image\":{\"@id\":\"https:\\\/\\\/www.miamibeachfl.gov\\\/business\\\/mb-community\\\/#primaryimage\"},\"thumbnailUrl\":\"https:\\\/\\\/www.miamibeachfl.gov\\\/wp-content\\\/uploads\\\/bb-plugin\\\/cache\\\/espanolaway-square.jpg\",\"datePublished\":\"2022-07-13T13:03:00+00:00\",\"dateModified\":\"2026-01-15T16:04:23+00:00\",\"description\":\"%\",\"breadcrumb\":{\"@id\":\"https:\\\/\\\/www.miamibeachfl.gov\\\/business\\\/mb-community\\\/#breadcrumb\"},\"inLanguage\":\"fr-FR\",\"potentialAction\":[{\"@type\":\"ReadAction\",\"target\":[\"https:\\\/\\\/www.miamibeachfl.gov\\\/business\\\/mb-community\\\/\"]}]},{\"@type\":\"ImageObject\",\"inLanguage\":\"fr-FR\",\"@id\":\"https:\\\/\\\/www.miamibeachfl.gov\\\/business\\\/mb-community\\\/#primaryimage\",\"url\":\"https:\\\/\\\/www.miamibeachfl.gov\\\/wp-content\\\/uploads\\\/bb-plugin\\\/cache\\\/espanolaway-square.jpg\",\"contentUrl\":\"https:\\\/\\\/www.miamibeachfl.gov\\\/wp-content\\\/uploads\\\/bb-plugin\\\/cache\\\/espanolaway-square.jpg\"},{\"@type\":\"BreadcrumbList\",\"@id\":\"https:\\\/\\\/www.miamibeachfl.gov\\\/business\\\/mb-community\\\/#breadcrumb\",\"itemListElement\":[{\"@type\":\"ListItem\",\"position\":1,\"name\":\"Home\",\"item\":\"https:\\\/\\\/www.miamibeachfl.gov\\\/\"},{\"@type\":\"ListItem\",\"position\":2,\"name\":\"Business\",\"item\":\"https:\\\/\\\/www.miamibeachfl.gov\\\/business\\\/\"},{\"@type\":\"ListItem\",\"position\":3,\"name\":\"MB Community\"}]},{\"@type\":\"WebSite\",\"@id\":\"https:\\\/\\\/www.miamibeachfl.gov\\\/#website\",\"url\":\"https:\\\/\\\/www.miamibeachfl.gov\\\/\",\"name\":\"City of Miami Beach\",\"description\":\"The official website of the City of Miami Beach. Stay informed, find important information on city services, news, alerts, events, trolley routes, government employment and more.\",\"publisher\":{\"@id\":\"https:\\\/\\\/www.miamibeachfl.gov\\\/#organization\"},\"potentialAction\":[{\"@type\":\"SearchAction\",\"target\":{\"@type\":\"EntryPoint\",\"urlTemplate\":\"https:\\\/\\\/www.miamibeachfl.gov\\\/?s={search_term_string}\"},\"query-input\":{\"@type\":\"PropertyValueSpecification\",\"valueRequired\":true,\"valueName\":\"search_term_string\"}}],\"inLanguage\":\"fr-FR\"},{\"@type\":\"Organization\",\"@id\":\"https:\\\/\\\/www.miamibeachfl.gov\\\/#organization\",\"name\":\"City of Miami Beach\",\"url\":\"https:\\\/\\\/www.miamibeachfl.gov\\\/\",\"logo\":{\"@type\":\"ImageObject\",\"inLanguage\":\"fr-FR\",\"@id\":\"https:\\\/\\\/www.miamibeachfl.gov\\\/#\\\/schema\\\/logo\\\/image\\\/\",\"url\":\"https:\\\/\\\/www.miamibeachfl.gov\\\/wp-content\\\/uploads\\\/2022\\\/06\\\/miamibeach-logoblue.png\",\"contentUrl\":\"https:\\\/\\\/www.miamibeachfl.gov\\\/wp-content\\\/uploads\\\/2022\\\/06\\\/miamibeach-logoblue.png\",\"width\":1962,\"height\":381,\"caption\":\"City of Miami Beach\"},\"image\":{\"@id\":\"https:\\\/\\\/www.miamibeachfl.gov\\\/#\\\/schema\\\/logo\\\/image\\\/\"},\"sameAs\":[\"https:\\\/\\\/www.facebook.com\\\/cityofmiamibeach\",\"https:\\\/\\\/x.com\\\/Miamibeachnews\",\"https:\\\/\\\/www.instagram.com\\\/miamibeachnews\\\/\"],\"description\":\"The official website of the City of Miami Beach. Stay informed, find important information on city services, news, alerts, events, trolley routes, government employment and more.\",\"telephone\":\"305.604.CITY(2489)\",\"legalName\":\"City of Miami Beach\"}]}<\/script>\n<!-- \/ Yoast SEO Premium plugin. -->","yoast_head_json":{"title":"Communaut\u00e9 MB - Ville de Miami Beach","description":"%","robots":{"index":"index","follow":"follow","max-snippet":"max-snippet:-1","max-image-preview":"max-image-preview:large","max-video-preview":"max-video-preview:-1"},"canonical":"https:\/\/www.miamibeachfl.gov\/fr\/business\/mb-community\/","og_locale":"fr_FR","og_type":"article","og_title":"MB Community","og_description":"%","og_url":"https:\/\/www.miamibeachfl.gov\/fr\/business\/mb-community\/","og_site_name":"City of Miami Beach","article_publisher":"https:\/\/www.facebook.com\/cityofmiamibeach","article_modified_time":"2026-01-15T16:04:23+00:00","og_image":[{"url":"https:\/\/www.miamibeachfl.gov\/wp-content\/uploads\/bb-plugin\/cache\/espanolaway-square.jpg","type":"","width":"","height":""}],"twitter_card":"summary_large_image","twitter_site":"@Miamibeachnews","schema":{"@context":"https:\/\/schema.org","@graph":[{"@type":"WebPage","@id":"https:\/\/www.miamibeachfl.gov\/business\/mb-community\/","url":"https:\/\/www.miamibeachfl.gov\/business\/mb-community\/","name":"Communaut\u00e9 MB - Ville de Miami Beach","isPartOf":{"@id":"https:\/\/www.miamibeachfl.gov\/#website"},"primaryImageOfPage":{"@id":"https:\/\/www.miamibeachfl.gov\/business\/mb-community\/#primaryimage"},"image":{"@id":"https:\/\/www.miamibeachfl.gov\/business\/mb-community\/#primaryimage"},"thumbnailUrl":"https:\/\/www.miamibeachfl.gov\/wp-content\/uploads\/bb-plugin\/cache\/espanolaway-square.jpg","datePublished":"2022-07-13T13:03:00+00:00","dateModified":"2026-01-15T16:04:23+00:00","description":"%","breadcrumb":{"@id":"https:\/\/www.miamibeachfl.gov\/business\/mb-community\/#breadcrumb"},"inLanguage":"fr-FR","potentialAction":[{"@type":"ReadAction","target":["https:\/\/www.miamibeachfl.gov\/business\/mb-community\/"]}]},{"@type":"ImageObject","inLanguage":"fr-FR","@id":"https:\/\/www.miamibeachfl.gov\/business\/mb-community\/#primaryimage","url":"https:\/\/www.miamibeachfl.gov\/wp-content\/uploads\/bb-plugin\/cache\/espanolaway-square.jpg","contentUrl":"https:\/\/www.miamibeachfl.gov\/wp-content\/uploads\/bb-plugin\/cache\/espanolaway-square.jpg"},{"@type":"BreadcrumbList","@id":"https:\/\/www.miamibeachfl.gov\/business\/mb-community\/#breadcrumb","itemListElement":[{"@type":"ListItem","position":1,"name":"Home","item":"https:\/\/www.miamibeachfl.gov\/"},{"@type":"ListItem","position":2,"name":"Business","item":"https:\/\/www.miamibeachfl.gov\/business\/"},{"@type":"ListItem","position":3,"name":"MB Community"}]},{"@type":"WebSite","@id":"https:\/\/www.miamibeachfl.gov\/#website","url":"https:\/\/www.miamibeachfl.gov\/","name":"Ville de Miami Beach","description":"Site officiel de la ville de Miami Beach. Restez inform\u00e9 et trouvez des informations importantes sur les services municipaux, les actualit\u00e9s, les alertes, les \u00e9v\u00e9nements, les itin\u00e9raires de tramway, les emplois gouvernementaux et bien plus encore.","publisher":{"@id":"https:\/\/www.miamibeachfl.gov\/#organization"},"potentialAction":[{"@type":"SearchAction","target":{"@type":"EntryPoint","urlTemplate":"https:\/\/www.miamibeachfl.gov\/?s={search_term_string}"},"query-input":{"@type":"PropertyValueSpecification","valueRequired":true,"valueName":"search_term_string"}}],"inLanguage":"fr-FR"},{"@type":"Organization","@id":"https:\/\/www.miamibeachfl.gov\/#organization","name":"Ville de Miami Beach","url":"https:\/\/www.miamibeachfl.gov\/","logo":{"@type":"ImageObject","inLanguage":"fr-FR","@id":"https:\/\/www.miamibeachfl.gov\/#\/schema\/logo\/image\/","url":"https:\/\/www.miamibeachfl.gov\/wp-content\/uploads\/2022\/06\/miamibeach-logoblue.png","contentUrl":"https:\/\/www.miamibeachfl.gov\/wp-content\/uploads\/2022\/06\/miamibeach-logoblue.png","width":1962,"height":381,"caption":"City of Miami Beach"},"image":{"@id":"https:\/\/www.miamibeachfl.gov\/#\/schema\/logo\/image\/"},"sameAs":["https:\/\/www.facebook.com\/cityofmiamibeach","https:\/\/x.com\/Miamibeachnews","https:\/\/www.instagram.com\/miamibeachnews\/"],"description":"Site officiel de la ville de Miami Beach. Restez inform\u00e9 et trouvez des informations importantes sur les services municipaux, les actualit\u00e9s, les alertes, les \u00e9v\u00e9nements, les itin\u00e9raires de tramway, les emplois gouvernementaux et bien plus encore.","telephone":"305.604.CITY(2489)","legalName":"City of Miami Beach"}]}},"_links":{"self":[{"href":"https:\/\/www.miamibeachfl.gov\/fr\/wp-json\/wp\/v2\/pages\/197442","targetHints":{"allow":["GET"]}}],"collection":[{"href":"https:\/\/www.miamibeachfl.gov\/fr\/wp-json\/wp\/v2\/pages"}],"about":[{"href":"https:\/\/www.miamibeachfl.gov\/fr\/wp-json\/wp\/v2\/types\/page"}],"author":[{"embeddable":true,"href":"https:\/\/www.miamibeachfl.gov\/fr\/wp-json\/wp\/v2\/users\/222"}],"replies":[{"embeddable":true,"href":"https:\/\/www.miamibeachfl.gov\/fr\/wp-json\/wp\/v2\/comments?post=197442"}],"version-history":[{"count":5,"href":"https:\/\/www.miamibeachfl.gov\/fr\/wp-json\/wp\/v2\/pages\/197442\/revisions"}],"predecessor-version":[{"id":395096,"href":"https:\/\/www.miamibeachfl.gov\/fr\/wp-json\/wp\/v2\/pages\/197442\/revisions\/395096"}],"up":[{"embeddable":true,"href":"https:\/\/www.miamibeachfl.gov\/fr\/wp-json\/wp\/v2\/pages\/196910"}],"wp:attachment":[{"href":"https:\/\/www.miamibeachfl.gov\/fr\/wp-json\/wp\/v2\/media?parent=197442"}],"wp:term":[{"taxonomy":"category","embeddable":true,"href":"https:\/\/www.miamibeachfl.gov\/fr\/wp-json\/wp\/v2\/categories?post=197442"},{"taxonomy":"post_tag","embeddable":true,"href":"https:\/\/www.miamibeachfl.gov\/fr\/wp-json\/wp\/v2\/tags?post=197442"}],"curies":[{"name":"wp","href":"https:\/\/api.w.org\/{rel}","templated":true}]}}