{"id":198156,"date":"2022-07-19T11:56:34","date_gmt":"2022-07-19T15:56:34","guid":{"rendered":"https:\/\/www.miamibeachfl.gov\/?page_id=198156"},"modified":"2025-06-02T22:02:47","modified_gmt":"2025-06-03T02:02:47","slug":"july-2022-business-spotlight-2-make-a-bold-move","status":"publish","type":"page","link":"https:\/\/www.miamibeachfl.gov\/fr\/spotlight\/july-2022-business-spotlight-2-make-a-bold-move\/","title":{"rendered":"Pleins feux sur les entreprises de juillet 2022\u00a0: Prenez une d\u00e9cision audacieuse"},"content":{"rendered":"<h5>\n\t\t<a href=\"https:\/\/www.miamibeachfl.gov\/fr\/mbbiznews\/\" title=\"Abonnez-vous ici pour recevoir chaque mois la newsletter commerciale de la Ville dans votre bo\u00eete de r\u00e9ception.\"  target=\"_blank\"  rel=\"noopener\">\n\t\t\tAbonnez-vous ici pour recevoir chaque mois la newsletter commerciale de la Ville dans votre bo\u00eete de r\u00e9ception.\t\t<\/a>\n\t<\/h5>\n<h5>\n\t\t<a href=\"https:\/\/myemail.constantcontact.com\/Stay-connected-with-MB-Biz--.html?soid=1011085968389&#038;aid=S0mHBwwl4Fs\" title=\"Bulletin d&#039;information des entreprises\"  target=\"_blank\"  rel=\"noopener\">\n\t\t\tBulletin d&#039;information des entreprises\t\t<\/a>\n\t<\/h5>\n\t<p><strong>Faites un geste audacieux<\/strong><\/p>\n\t<p>La newsletter \u00e9conomique de la ville de Miami Beach fait peau neuve\u00a0! Apr\u00e8s une analyse marketing et m\u00e9diatique approfondie visant \u00e0 attirer les entreprises locales, r\u00e9gionales et nationales, nous sommes fiers de vous d\u00e9voiler notre nouveau look. <strong>Faites un geste audacieux<\/strong>La campagne se concentre sur la promotion de Miami Beach aupr\u00e8s des entreprises de toutes tailles en tant que destination de choix qui r\u00e9pond aux attentes changeantes en mati\u00e8re de style de vie des employ\u00e9s et des employeurs qui recherchent un meilleur \u00e9quilibre entre vie priv\u00e9e et vie professionnelle.<\/p>\n\t\t\t\t<img decoding=\"async\" src=\"https:\/\/www.miamibeachfl.gov\/wp-content\/uploads\/2022\/07\/Picture1.jpg\" alt=\"Picture1\" itemprop=\"image\" title=\"Image 1\" onerror=\"this.style.display='none'\" loading='lazy' \/>\n\t<p>Notre nouveau titre est la premi\u00e8re \u00e9tape d&#039;un ambitieux projet <strong>Faites un geste audacieux<\/strong> campagne. La page Web du d\u00e9partement de d\u00e9veloppement \u00e9conomique de la ville, MBBiz.com, refl\u00e9tera et adoptera ce nouveau message et partagera r\u00e9guli\u00e8rement des informations sur ce que fait Miami Beach pour attirer les entreprises et les emplois mieux r\u00e9mun\u00e9r\u00e9s gr\u00e2ce au mode de vie plus flexible et \u00e9quilibr\u00e9 de la ville.<\/p>\n<p>L&#039;imagerie et le message derri\u00e8re <strong>Faites un geste audacieux<\/strong> s&#039;efforcera d&#039;influencer les entreprises gr\u00e2ce \u00e0 un contenu ambitieux et m\u00e9morable qui pr\u00e9sente Miami Beach comme une destination d&#039;affaires de premier ordre. Cette campagne vise \u00e0 encourager l&#039;expansion des entreprises sur notre territoire et \u00e0 renforcer le portefeuille global de programmes d&#039;incitation de Miami Beach, qui continuent de cr\u00e9er, de promouvoir et de d\u00e9velopper des opportunit\u00e9s commerciales.<\/p>\n\t\t\t\t<img decoding=\"async\" src=\"https:\/\/www.miamibeachfl.gov\/wp-content\/uploads\/2022\/07\/Picture2.jpg\" alt=\"Picture2\" itemprop=\"image\" title=\"Image 2\" onerror=\"this.style.display='none'\" loading='lazy' \/>\n\t<p><strong>Faites un geste audacieux<\/strong> Cette tendance nationale s&#039;amplifie : les entreprises d\u00e9localisent et s&#039;\u00e9tendent vers des villes plus agr\u00e9ables \u00e0 vivre, l&#039;attrait des alternatives et du t\u00e9l\u00e9travail continuant de red\u00e9finir le monde du travail. Les solutions flexibles se sont av\u00e9r\u00e9es efficaces pour attirer les talents et les dirigeants d&#039;entreprise, alors que le monde se remet de l&#039;impact de la pand\u00e9mie. <strong>Faites un geste audacieux<\/strong> s&#039;appuie sur cet \u00e9tat d&#039;esprit et promeut le nouveau paysage professionnel afin de b\u00e2tir une \u00e9conomie plus diversifi\u00e9e et de mettre en avant les nombreux atouts, investissements potentiels et opportunit\u00e9s de Miami Beach. Notre public cible principal est constitu\u00e9 de fondateurs, de propri\u00e9taires et de cadres dirigeants des secteurs des technologies et des services financiers. Ces entreprises \u00e9taient g\u00e9n\u00e9ralement implant\u00e9es dans la Silicon Valley, \u00e0 Los Angeles, San Francisco, New York, Chicago et dans le Connecticut. Notre public cible secondaire est constitu\u00e9 de cabinets de services professionnels et des secteurs de l&#039;h\u00f4tellerie, du tourisme, du cin\u00e9ma et du divertissement. <strong>Faites un geste audacieux<\/strong> souligne que l&#039;ouverture ou la relocalisation \u00e0 Miami Beach peut sembler une d\u00e9cision audacieuse, mais elle est \u00e9galement logique sur le plan commercial et financier en raison de nos incitations et de notre structure fiscale.<\/p>\n\t\t\t\t<img decoding=\"async\" src=\"https:\/\/www.miamibeachfl.gov\/wp-content\/uploads\/2022\/07\/Picture3.jpg\" alt=\"Picture3\" itemprop=\"image\" title=\"Image 3\" onerror=\"this.style.display='none'\" loading='lazy' \/>\n\t<p><strong><em>Faites un geste audacieux<\/em><\/strong> s&#039;appuie sur l&#039;\u00e9volution de la culture du travail. Vivre pleinement sa vie en dehors du travail devient la norme, et les entreprises qui ne s&#039;adapteront pas seront laiss\u00e9es pour compte. La campagne encourage \u00e0 s&#039;\u00e9loigner de l&#039;ordinateur pour stimuler la productivit\u00e9 et l&#039;innovation. Un lieu o\u00f9 l&#039;\u00e9quilibre entre vie professionnelle et vie priv\u00e9e est incontournable. Une ville o\u00f9 l&#039;on peut admirer le lever du soleil sur des plages de sable blanc le jour, puis s&#039;illuminer la nuit. Ce n&#039;est pas seulement un changement, c&#039;est une solution. Miami Beach offre un \u00e9quilibre parfait entre vie professionnelle et vie priv\u00e9e, avec des activit\u00e9s et des exp\u00e9riences \u00e0 chaque coin de rue\u2026 il est temps de\u2026 <strong><em>Faites un geste audacieux<\/em><\/strong>\u2026..pour de meilleures opportunit\u00e9s\u2026\u2026Un meilleur style de vie\u2026..Une meilleure inspiration\u2026..Un meilleur tout\u2026..\u00e0 Miami Beach.<\/p>","protected":false},"excerpt":{"rendered":"<p>Subscribe here to receive the City&#8217;s business newsletter to your inbox monthly. Business Newsletter Make A Bold Move The City [&hellip;]<\/p>\n","protected":false},"author":222,"featured_media":0,"parent":253255,"menu_order":0,"comment_status":"closed","ping_status":"closed","template":"","meta":{"_searchwp_excluded":"","site-sidebar-layout":"default","site-content-layout":"","ast-site-content-layout":"default","site-content-style":"default","site-sidebar-style":"default","ast-global-header-display":"","ast-banner-title-visibility":"","ast-main-header-display":"","ast-hfb-above-header-display":"","ast-hfb-below-header-display":"","ast-hfb-mobile-header-display":"","site-post-title":"","ast-breadcrumbs-content":"","ast-featured-img":"","footer-sml-layout":"","theme-transparent-header-meta":"","adv-header-id-meta":"","stick-header-meta":"","header-above-stick-meta":"","header-main-stick-meta":"","header-below-stick-meta":"","astra-migrate-meta-layouts":"default","ast-page-background-enabled":"default","ast-page-background-meta":{"desktop":{"background-color":"var(--ast-global-color-5)","background-image":"","background-repeat":"repeat","background-position":"center center","background-size":"auto","background-attachment":"scroll","background-type":"","background-media":"","overlay-type":"","overlay-color":"","overlay-opacity":"","overlay-gradient":""},"tablet":{"background-color":"","background-image":"","background-repeat":"repeat","background-position":"center center","background-size":"auto","background-attachment":"scroll","background-type":"","background-media":"","overlay-type":"","overlay-color":"","overlay-opacity":"","overlay-gradient":""},"mobile":{"background-color":"","background-image":"","background-repeat":"repeat","background-position":"center center","background-size":"auto","background-attachment":"scroll","background-type":"","background-media":"","overlay-type":"","overlay-color":"","overlay-opacity":"","overlay-gradient":""}},"ast-content-background-meta":{"desktop":{"background-color":"var(--ast-global-color-4)","background-image":"","background-repeat":"repeat","background-position":"center center","background-size":"auto","background-attachment":"scroll","background-type":"","background-media":"","overlay-type":"","overlay-color":"","overlay-opacity":"","overlay-gradient":""},"tablet":{"background-color":"var(--ast-global-color-4)","background-image":"","background-repeat":"repeat","background-position":"center center","background-size":"auto","background-attachment":"scroll","background-type":"","background-media":"","overlay-type":"","overlay-color":"","overlay-opacity":"","overlay-gradient":""},"mobile":{"background-color":"var(--ast-global-color-4)","background-image":"","background-repeat":"repeat","background-position":"center center","background-size":"auto","background-attachment":"scroll","background-type":"","background-media":"","overlay-type":"","overlay-color":"","overlay-opacity":"","overlay-gradient":""}},"footnotes":""},"categories":[],"tags":[],"class_list":["post-198156","page","type-page","status-publish","hentry"],"yoast_head":"<!-- This site is optimized with the Yoast SEO Premium plugin v27.4 (Yoast SEO v27.4) - https:\/\/yoast.com\/product\/yoast-seo-premium-wordpress\/ -->\n<title>July 2022 Business Spotlight- Make a Bold Move - City of Miami Beach<\/title>\n<meta name=\"description\" content=\"%\" \/>\n<meta name=\"robots\" content=\"index, follow, max-snippet:-1, max-image-preview:large, max-video-preview:-1\" \/>\n<link rel=\"canonical\" href=\"https:\/\/www.miamibeachfl.gov\/fr\/spotlight\/july-2022-business-spotlight-2-make-a-bold-move\/\" \/>\n<meta property=\"og:locale\" content=\"fr_FR\" \/>\n<meta property=\"og:type\" content=\"article\" \/>\n<meta property=\"og:title\" content=\"July 2022 Business Spotlight- Make a Bold Move\" \/>\n<meta property=\"og:description\" content=\"%\" \/>\n<meta property=\"og:url\" content=\"https:\/\/www.miamibeachfl.gov\/fr\/spotlight\/july-2022-business-spotlight-2-make-a-bold-move\/\" \/>\n<meta property=\"og:site_name\" content=\"City of Miami Beach\" \/>\n<meta property=\"article:publisher\" content=\"https:\/\/www.facebook.com\/cityofmiamibeach\" \/>\n<meta property=\"article:modified_time\" content=\"2025-06-03T02:02:47+00:00\" \/>\n<meta property=\"og:image\" content=\"https:\/\/www.miamibeachfl.gov\/wp-content\/uploads\/2022\/07\/Picture1.jpg\" \/>\n<meta name=\"twitter:card\" content=\"summary_large_image\" \/>\n<meta name=\"twitter:site\" content=\"@Miamibeachnews\" \/>\n<script type=\"application\/ld+json\" class=\"yoast-schema-graph\">{\"@context\":\"https:\\\/\\\/schema.org\",\"@graph\":[{\"@type\":\"WebPage\",\"@id\":\"https:\\\/\\\/www.miamibeachfl.gov\\\/spotlight\\\/july-2022-business-spotlight-2-make-a-bold-move\\\/\",\"url\":\"https:\\\/\\\/www.miamibeachfl.gov\\\/spotlight\\\/july-2022-business-spotlight-2-make-a-bold-move\\\/\",\"name\":\"July 2022 Business Spotlight- Make a Bold Move - City of Miami Beach\",\"isPartOf\":{\"@id\":\"https:\\\/\\\/www.miamibeachfl.gov\\\/#website\"},\"primaryImageOfPage\":{\"@id\":\"https:\\\/\\\/www.miamibeachfl.gov\\\/spotlight\\\/july-2022-business-spotlight-2-make-a-bold-move\\\/#primaryimage\"},\"image\":{\"@id\":\"https:\\\/\\\/www.miamibeachfl.gov\\\/spotlight\\\/july-2022-business-spotlight-2-make-a-bold-move\\\/#primaryimage\"},\"thumbnailUrl\":\"https:\\\/\\\/www.miamibeachfl.gov\\\/wp-content\\\/uploads\\\/2022\\\/07\\\/Picture1.jpg\",\"datePublished\":\"2022-07-19T15:56:34+00:00\",\"dateModified\":\"2025-06-03T02:02:47+00:00\",\"description\":\"%\",\"breadcrumb\":{\"@id\":\"https:\\\/\\\/www.miamibeachfl.gov\\\/spotlight\\\/july-2022-business-spotlight-2-make-a-bold-move\\\/#breadcrumb\"},\"inLanguage\":\"fr-FR\",\"potentialAction\":[{\"@type\":\"ReadAction\",\"target\":[\"https:\\\/\\\/www.miamibeachfl.gov\\\/spotlight\\\/july-2022-business-spotlight-2-make-a-bold-move\\\/\"]}]},{\"@type\":\"ImageObject\",\"inLanguage\":\"fr-FR\",\"@id\":\"https:\\\/\\\/www.miamibeachfl.gov\\\/spotlight\\\/july-2022-business-spotlight-2-make-a-bold-move\\\/#primaryimage\",\"url\":\"https:\\\/\\\/www.miamibeachfl.gov\\\/wp-content\\\/uploads\\\/2022\\\/07\\\/Picture1.jpg\",\"contentUrl\":\"https:\\\/\\\/www.miamibeachfl.gov\\\/wp-content\\\/uploads\\\/2022\\\/07\\\/Picture1.jpg\"},{\"@type\":\"BreadcrumbList\",\"@id\":\"https:\\\/\\\/www.miamibeachfl.gov\\\/spotlight\\\/july-2022-business-spotlight-2-make-a-bold-move\\\/#breadcrumb\",\"itemListElement\":[{\"@type\":\"ListItem\",\"position\":1,\"name\":\"Home\",\"item\":\"https:\\\/\\\/www.miamibeachfl.gov\\\/\"},{\"@type\":\"ListItem\",\"position\":2,\"name\":\"Business Newsletters and Spotlights\",\"item\":\"https:\\\/\\\/www.miamibeachfl.gov\\\/spotlight\\\/\"},{\"@type\":\"ListItem\",\"position\":3,\"name\":\"July 2022 Business Spotlight- Make a Bold Move\"}]},{\"@type\":\"WebSite\",\"@id\":\"https:\\\/\\\/www.miamibeachfl.gov\\\/#website\",\"url\":\"https:\\\/\\\/www.miamibeachfl.gov\\\/\",\"name\":\"City of Miami Beach\",\"description\":\"The official website of the City of Miami Beach. Stay informed, find important information on city services, news, alerts, events, trolley routes, government employment and more.\",\"publisher\":{\"@id\":\"https:\\\/\\\/www.miamibeachfl.gov\\\/#organization\"},\"potentialAction\":[{\"@type\":\"SearchAction\",\"target\":{\"@type\":\"EntryPoint\",\"urlTemplate\":\"https:\\\/\\\/www.miamibeachfl.gov\\\/?s={search_term_string}\"},\"query-input\":{\"@type\":\"PropertyValueSpecification\",\"valueRequired\":true,\"valueName\":\"search_term_string\"}}],\"inLanguage\":\"fr-FR\"},{\"@type\":\"Organization\",\"@id\":\"https:\\\/\\\/www.miamibeachfl.gov\\\/#organization\",\"name\":\"City of Miami Beach\",\"url\":\"https:\\\/\\\/www.miamibeachfl.gov\\\/\",\"logo\":{\"@type\":\"ImageObject\",\"inLanguage\":\"fr-FR\",\"@id\":\"https:\\\/\\\/www.miamibeachfl.gov\\\/#\\\/schema\\\/logo\\\/image\\\/\",\"url\":\"https:\\\/\\\/www.miamibeachfl.gov\\\/wp-content\\\/uploads\\\/2022\\\/06\\\/miamibeach-logoblue.png\",\"contentUrl\":\"https:\\\/\\\/www.miamibeachfl.gov\\\/wp-content\\\/uploads\\\/2022\\\/06\\\/miamibeach-logoblue.png\",\"width\":1962,\"height\":381,\"caption\":\"City of Miami Beach\"},\"image\":{\"@id\":\"https:\\\/\\\/www.miamibeachfl.gov\\\/#\\\/schema\\\/logo\\\/image\\\/\"},\"sameAs\":[\"https:\\\/\\\/www.facebook.com\\\/cityofmiamibeach\",\"https:\\\/\\\/x.com\\\/Miamibeachnews\",\"https:\\\/\\\/www.instagram.com\\\/miamibeachnews\\\/\"],\"description\":\"The official website of the City of Miami Beach. Stay informed, find important information on city services, news, alerts, events, trolley routes, government employment and more.\",\"telephone\":\"305.604.CITY(2489)\",\"legalName\":\"City of Miami Beach\"}]}<\/script>\n<!-- \/ Yoast SEO Premium plugin. -->","yoast_head_json":{"title":"Pleins feux sur les entreprises de juillet 2022\u00a0: Prenez une d\u00e9cision audacieuse\u00a0\u2013 Ville de Miami Beach","description":"%","robots":{"index":"index","follow":"follow","max-snippet":"max-snippet:-1","max-image-preview":"max-image-preview:large","max-video-preview":"max-video-preview:-1"},"canonical":"https:\/\/www.miamibeachfl.gov\/fr\/spotlight\/july-2022-business-spotlight-2-make-a-bold-move\/","og_locale":"fr_FR","og_type":"article","og_title":"July 2022 Business Spotlight- Make a Bold Move","og_description":"%","og_url":"https:\/\/www.miamibeachfl.gov\/fr\/spotlight\/july-2022-business-spotlight-2-make-a-bold-move\/","og_site_name":"City of Miami Beach","article_publisher":"https:\/\/www.facebook.com\/cityofmiamibeach","article_modified_time":"2025-06-03T02:02:47+00:00","og_image":[{"url":"https:\/\/www.miamibeachfl.gov\/wp-content\/uploads\/2022\/07\/Picture1.jpg","type":"","width":"","height":""}],"twitter_card":"summary_large_image","twitter_site":"@Miamibeachnews","schema":{"@context":"https:\/\/schema.org","@graph":[{"@type":"WebPage","@id":"https:\/\/www.miamibeachfl.gov\/spotlight\/july-2022-business-spotlight-2-make-a-bold-move\/","url":"https:\/\/www.miamibeachfl.gov\/spotlight\/july-2022-business-spotlight-2-make-a-bold-move\/","name":"Pleins feux sur les entreprises de juillet 2022\u00a0: Prenez une d\u00e9cision audacieuse\u00a0\u2013 Ville de Miami Beach","isPartOf":{"@id":"https:\/\/www.miamibeachfl.gov\/#website"},"primaryImageOfPage":{"@id":"https:\/\/www.miamibeachfl.gov\/spotlight\/july-2022-business-spotlight-2-make-a-bold-move\/#primaryimage"},"image":{"@id":"https:\/\/www.miamibeachfl.gov\/spotlight\/july-2022-business-spotlight-2-make-a-bold-move\/#primaryimage"},"thumbnailUrl":"https:\/\/www.miamibeachfl.gov\/wp-content\/uploads\/2022\/07\/Picture1.jpg","datePublished":"2022-07-19T15:56:34+00:00","dateModified":"2025-06-03T02:02:47+00:00","description":"%","breadcrumb":{"@id":"https:\/\/www.miamibeachfl.gov\/spotlight\/july-2022-business-spotlight-2-make-a-bold-move\/#breadcrumb"},"inLanguage":"fr-FR","potentialAction":[{"@type":"ReadAction","target":["https:\/\/www.miamibeachfl.gov\/spotlight\/july-2022-business-spotlight-2-make-a-bold-move\/"]}]},{"@type":"ImageObject","inLanguage":"fr-FR","@id":"https:\/\/www.miamibeachfl.gov\/spotlight\/july-2022-business-spotlight-2-make-a-bold-move\/#primaryimage","url":"https:\/\/www.miamibeachfl.gov\/wp-content\/uploads\/2022\/07\/Picture1.jpg","contentUrl":"https:\/\/www.miamibeachfl.gov\/wp-content\/uploads\/2022\/07\/Picture1.jpg"},{"@type":"BreadcrumbList","@id":"https:\/\/www.miamibeachfl.gov\/spotlight\/july-2022-business-spotlight-2-make-a-bold-move\/#breadcrumb","itemListElement":[{"@type":"ListItem","position":1,"name":"Home","item":"https:\/\/www.miamibeachfl.gov\/"},{"@type":"ListItem","position":2,"name":"Business Newsletters and Spotlights","item":"https:\/\/www.miamibeachfl.gov\/spotlight\/"},{"@type":"ListItem","position":3,"name":"July 2022 Business Spotlight- Make a Bold Move"}]},{"@type":"WebSite","@id":"https:\/\/www.miamibeachfl.gov\/#website","url":"https:\/\/www.miamibeachfl.gov\/","name":"Ville de Miami Beach","description":"Site officiel de la ville de Miami Beach. Restez inform\u00e9 et trouvez des informations importantes sur les services municipaux, les actualit\u00e9s, les alertes, les \u00e9v\u00e9nements, les itin\u00e9raires de tramway, les emplois gouvernementaux et bien plus encore.","publisher":{"@id":"https:\/\/www.miamibeachfl.gov\/#organization"},"potentialAction":[{"@type":"SearchAction","target":{"@type":"EntryPoint","urlTemplate":"https:\/\/www.miamibeachfl.gov\/?s={search_term_string}"},"query-input":{"@type":"PropertyValueSpecification","valueRequired":true,"valueName":"search_term_string"}}],"inLanguage":"fr-FR"},{"@type":"Organization","@id":"https:\/\/www.miamibeachfl.gov\/#organization","name":"Ville de Miami Beach","url":"https:\/\/www.miamibeachfl.gov\/","logo":{"@type":"ImageObject","inLanguage":"fr-FR","@id":"https:\/\/www.miamibeachfl.gov\/#\/schema\/logo\/image\/","url":"https:\/\/www.miamibeachfl.gov\/wp-content\/uploads\/2022\/06\/miamibeach-logoblue.png","contentUrl":"https:\/\/www.miamibeachfl.gov\/wp-content\/uploads\/2022\/06\/miamibeach-logoblue.png","width":1962,"height":381,"caption":"City of Miami Beach"},"image":{"@id":"https:\/\/www.miamibeachfl.gov\/#\/schema\/logo\/image\/"},"sameAs":["https:\/\/www.facebook.com\/cityofmiamibeach","https:\/\/x.com\/Miamibeachnews","https:\/\/www.instagram.com\/miamibeachnews\/"],"description":"Site officiel de la ville de Miami Beach. Restez inform\u00e9 et trouvez des informations importantes sur les services municipaux, les actualit\u00e9s, les alertes, les \u00e9v\u00e9nements, les itin\u00e9raires de tramway, les emplois gouvernementaux et bien plus encore.","telephone":"305.604.CITY(2489)","legalName":"City of Miami Beach"}]}},"_links":{"self":[{"href":"https:\/\/www.miamibeachfl.gov\/fr\/wp-json\/wp\/v2\/pages\/198156","targetHints":{"allow":["GET"]}}],"collection":[{"href":"https:\/\/www.miamibeachfl.gov\/fr\/wp-json\/wp\/v2\/pages"}],"about":[{"href":"https:\/\/www.miamibeachfl.gov\/fr\/wp-json\/wp\/v2\/types\/page"}],"author":[{"embeddable":true,"href":"https:\/\/www.miamibeachfl.gov\/fr\/wp-json\/wp\/v2\/users\/222"}],"replies":[{"embeddable":true,"href":"https:\/\/www.miamibeachfl.gov\/fr\/wp-json\/wp\/v2\/comments?post=198156"}],"version-history":[{"count":1,"href":"https:\/\/www.miamibeachfl.gov\/fr\/wp-json\/wp\/v2\/pages\/198156\/revisions"}],"predecessor-version":[{"id":375060,"href":"https:\/\/www.miamibeachfl.gov\/fr\/wp-json\/wp\/v2\/pages\/198156\/revisions\/375060"}],"up":[{"embeddable":true,"href":"https:\/\/www.miamibeachfl.gov\/fr\/wp-json\/wp\/v2\/pages\/253255"}],"wp:attachment":[{"href":"https:\/\/www.miamibeachfl.gov\/fr\/wp-json\/wp\/v2\/media?parent=198156"}],"wp:term":[{"taxonomy":"category","embeddable":true,"href":"https:\/\/www.miamibeachfl.gov\/fr\/wp-json\/wp\/v2\/categories?post=198156"},{"taxonomy":"post_tag","embeddable":true,"href":"https:\/\/www.miamibeachfl.gov\/fr\/wp-json\/wp\/v2\/tags?post=198156"}],"curies":[{"name":"wp","href":"https:\/\/api.w.org\/{rel}","templated":true}]}}