{"id":201797,"date":"2022-08-25T15:51:59","date_gmt":"2022-08-25T19:51:59","guid":{"rendered":"https:\/\/www.miamibeachfl.gov\/?page_id=201797"},"modified":"2025-12-31T16:30:45","modified_gmt":"2025-12-31T21:30:45","slug":"miami-new-drama-at-collins-park-garage","status":"publish","type":"page","link":"https:\/\/www.miamibeachfl.gov\/fr\/2022election-info\/miami-new-drama-at-collins-park-garage\/","title":{"rendered":"Miami New Drama au Collins Park Garage"},"content":{"rendered":"<h3>\n\t\t\tInstallations culturelles appartenant \u00e0 la ville\t<\/h3>\n<h3>\n\t\t\tMiami New Drama au Collins Park Garage\t<\/h3>\n\t\t\t<a href=\"https:\/\/www.miamibeachfl.gov\/fr\/2022election\/\" target=\"_self\">\n\t\t\t\t\t\tRetour aux questions du scrutin pour l&#039;\u00e9lection de 2022\n\t\t\t\t\t<\/a>\n\t\t\t<a href=\"https:\/\/www.miamibeachfl.gov\/wp-content\/uploads\/2022\/09\/Miami-New-Drama-at-Collins-Park-Garage.pdf\" target=\"_blank\" rel=\"noopener\">\n\t\t\t\t\t\tT\u00e9l\u00e9charger le PDF\n\t\t\t\t\t<\/a>\n<h3>\n\t\t\tContexte organisationnel\t<\/h3>\n\t<p>Miami New Drama est un p\u00f4le culturel de Miami Beach dont la mission est de cr\u00e9er des pi\u00e8ces de th\u00e9\u00e2tre et des com\u00e9dies musicales nouvelles, diverses et pertinentes, en dialogue avec la communaut\u00e9. Depuis 2016, Miami New Drama a r\u00e9ussi \u00e0 dynamiser le Colony Theatre, o\u00f9 il pr\u00e9sente des \u0153uvres diverses et innovantes. L&#039;absence du Colony Theatre limite sa capacit\u00e9 \u00e0 d\u00e9velopper sa programmation \u00e9ducative. Le Collins Park Cultural Center, situ\u00e9 au Collins Park Garage, servirait de p\u00f4le \u00e9ducatif, permettant une programmation coh\u00e9rente d&#039;ateliers pour adultes et jeunes, de stages pour jeunes acteurs et de th\u00e9\u00e2tre jeune public. <\/p>\n\t<iframe src=\"https:\/\/www.google.com\/maps\/embed\/v1\/place?q=500+Collins+Avenue+Miami+Beach%2C+FL&#038;key=AIzaSyD09zQ9PNDNNy9TadMuzRV_UsPUoWKntt8\" aria-hidden=\"true\" title=\"Miami New Drama au Collins Park Garage\"><\/iframe>\n\t<h3>Calendrier estim\u00e9 du projet<\/h3>\t\n\t<p>Environ 24 mois<\/p>\n\t<h3>Montant du projet<\/h3>\t\n\t<p>$7,670,000<\/p>\n\t<h3>Veuillez visiter www.miaminewdrama.org pour plus d&#039;informations.<\/h3><p><strong><a href=\"http:\/\/www.miaminewdrama.org\">http:\/\/www.miaminewdrama.org<\/a><\/strong><\/p>\n<h3>\n\t\t\tListe des am\u00e9liorations d&#039;immobilisations\t<\/h3>\n\t<ul>\n<li><strong>Th\u00e9\u00e2tre Black Box Studio de Miami New Drama  <\/strong><br \/>\nEspace sc\u00e9nique modulable de 200 places. Programmation\u00a0: th\u00e9\u00e2tre de renomm\u00e9e internationale dans un cadre intimiste, programmation en espagnol, th\u00e9\u00e2tre jeune public, projections de films, \u00e9v\u00e9nements sp\u00e9ciaux, programmation culturelle et communautaire. <\/li>\n<li><strong>Espace d&#039;\u00e9ducation et de r\u00e9p\u00e9tition communautaire   <\/strong><br \/>\nDonnant sur la rue, le th\u00e9\u00e2tre est visible depuis les pi\u00e9tons. Il accueille des cours, des ateliers, des programmes \u00e9ducatifs et des camps du Miami New Drama. Des activit\u00e9s communautaires sont organis\u00e9es, notamment le bal des seniors du lundi soir. Un espace \u00e9v\u00e9nementiel est \u00e9galement disponible pour le Miami New Drama et d&#039;autres organisations communautaires, et peut \u00eatre combin\u00e9 avec le Studio Theater. <\/li>\n<li><strong>Studio de cr\u00e9ation de costumes <\/strong><br \/>\nUn espace qui servirait de studio de couture et d&#039;essayage pour les productions du Miami New Drama, ainsi que d&#039;espace de formation aux m\u00e9tiers de l&#039;artisanat et de la couture. Des emplois et des r\u00e9sidences d&#039;artistes en arts textiles pourraient \u00eatre cr\u00e9\u00e9s \u00e0 Miami Beach, et pourraient \u00eatre pr\u00e9sent\u00e9s dans la galerie du hall. <\/li>\n<li><strong>Le salon   <\/strong><br \/>\nUn salon culturel ouvert toute la journ\u00e9e, proposant des installations artistiques temporaires d&#039;associations partenaires mettant en vedette des artistes m\u00e9connus en d\u00e9but ou milieu de carri\u00e8re. Un caf\u00e9-bar et une librairie, g\u00e9r\u00e9s par Books &amp; Books. <\/li>\n<li><strong>Collins Park Caf\u00e9 <\/strong><br \/>\nUn caf\u00e9 de quartier dynamique et accueillant proposant du caf\u00e9 issu de sources durables, une cuisine de renomm\u00e9e mondiale \u00e0 prix abordable et une programmation musicale live soign\u00e9e et avant-gardiste. Il s&#039;agit d&#039;un partenariat priv\u00e9 \u00e0 but non lucratif entre un restaurateur exp\u00e9riment\u00e9 et Miami New Drama.  <\/li>\n<li><strong>Espace de bureau <\/strong><br \/>\nSera le si\u00e8ge du Miami New Drama.   <\/li>\n<\/ul>","protected":false},"excerpt":{"rendered":"<p>City-Owned Cultural Facilties Miami New Drama at Collins Park Garage Return to Election 2022 Ballot Questions Download PDF Organizational Background [&hellip;]<\/p>\n","protected":false},"author":222,"featured_media":0,"parent":200517,"menu_order":178,"comment_status":"closed","ping_status":"closed","template":"","meta":{"_searchwp_excluded":"","site-sidebar-layout":"default","site-content-layout":"","ast-site-content-layout":"default","site-content-style":"default","site-sidebar-style":"default","ast-global-header-display":"","ast-banner-title-visibility":"","ast-main-header-display":"","ast-hfb-above-header-display":"","ast-hfb-below-header-display":"","ast-hfb-mobile-header-display":"","site-post-title":"","ast-breadcrumbs-content":"","ast-featured-img":"","footer-sml-layout":"","theme-transparent-header-meta":"","adv-header-id-meta":"","stick-header-meta":"","header-above-stick-meta":"","header-main-stick-meta":"","header-below-stick-meta":"","astra-migrate-meta-layouts":"default","ast-page-background-enabled":"default","ast-page-background-meta":{"desktop":{"background-color":"var(--ast-global-color-5)","background-image":"","background-repeat":"repeat","background-position":"center center","background-size":"auto","background-attachment":"scroll","background-type":"","background-media":"","overlay-type":"","overlay-color":"","overlay-opacity":"","overlay-gradient":""},"tablet":{"background-color":"","background-image":"","background-repeat":"repeat","background-position":"center center","background-size":"auto","background-attachment":"scroll","background-type":"","background-media":"","overlay-type":"","overlay-color":"","overlay-opacity":"","overlay-gradient":""},"mobile":{"background-color":"","background-image":"","background-repeat":"repeat","background-position":"center center","background-size":"auto","background-attachment":"scroll","background-type":"","background-media":"","overlay-type":"","overlay-color":"","overlay-opacity":"","overlay-gradient":""}},"ast-content-background-meta":{"desktop":{"background-color":"var(--ast-global-color-4)","background-image":"","background-repeat":"repeat","background-position":"center center","background-size":"auto","background-attachment":"scroll","background-type":"","background-media":"","overlay-type":"","overlay-color":"","overlay-opacity":"","overlay-gradient":""},"tablet":{"background-color":"var(--ast-global-color-4)","background-image":"","background-repeat":"repeat","background-position":"center center","background-size":"auto","background-attachment":"scroll","background-type":"","background-media":"","overlay-type":"","overlay-color":"","overlay-opacity":"","overlay-gradient":""},"mobile":{"background-color":"var(--ast-global-color-4)","background-image":"","background-repeat":"repeat","background-position":"center center","background-size":"auto","background-attachment":"scroll","background-type":"","background-media":"","overlay-type":"","overlay-color":"","overlay-opacity":"","overlay-gradient":""}},"footnotes":""},"categories":[],"tags":[],"class_list":["post-201797","page","type-page","status-publish","hentry"],"yoast_head":"<!-- This site is optimized with the Yoast SEO Premium plugin v27.4 (Yoast SEO v27.4) - https:\/\/yoast.com\/product\/yoast-seo-premium-wordpress\/ -->\n<title>Miami New Drama at Collins Park Garage - City of Miami Beach<\/title>\n<meta name=\"description\" content=\"%\" \/>\n<meta name=\"robots\" content=\"index, follow, max-snippet:-1, max-image-preview:large, max-video-preview:-1\" \/>\n<link rel=\"canonical\" href=\"https:\/\/www.miamibeachfl.gov\/fr\/2022election-info\/miami-new-drama-at-collins-park-garage\/\" \/>\n<meta property=\"og:locale\" content=\"fr_FR\" \/>\n<meta property=\"og:type\" content=\"article\" \/>\n<meta property=\"og:title\" content=\"Miami New Drama at Collins Park Garage\" \/>\n<meta property=\"og:description\" content=\"%\" \/>\n<meta property=\"og:url\" content=\"https:\/\/www.miamibeachfl.gov\/fr\/2022election-info\/miami-new-drama-at-collins-park-garage\/\" \/>\n<meta property=\"og:site_name\" content=\"City of Miami Beach\" \/>\n<meta property=\"article:publisher\" content=\"https:\/\/www.facebook.com\/cityofmiamibeach\" \/>\n<meta property=\"article:modified_time\" content=\"2025-12-31T21:30:45+00:00\" \/>\n<meta property=\"og:image\" content=\"https:\/\/www.miamibeachfl.gov\/wp-content\/uploads\/2024\/01\/1000pxSquare-miamibeach-aerial-southpointview.jpeg\" \/>\n\t<meta property=\"og:image:width\" content=\"1000\" \/>\n\t<meta property=\"og:image:height\" content=\"1000\" \/>\n\t<meta property=\"og:image:type\" content=\"image\/jpeg\" \/>\n<meta name=\"twitter:card\" content=\"summary_large_image\" \/>\n<meta name=\"twitter:site\" content=\"@Miamibeachnews\" \/>\n<script type=\"application\/ld+json\" class=\"yoast-schema-graph\">{\"@context\":\"https:\\\/\\\/schema.org\",\"@graph\":[{\"@type\":\"WebPage\",\"@id\":\"https:\\\/\\\/www.miamibeachfl.gov\\\/2022election-info\\\/miami-new-drama-at-collins-park-garage\\\/\",\"url\":\"https:\\\/\\\/www.miamibeachfl.gov\\\/2022election-info\\\/miami-new-drama-at-collins-park-garage\\\/\",\"name\":\"Miami New Drama at Collins Park Garage - City of Miami Beach\",\"isPartOf\":{\"@id\":\"https:\\\/\\\/www.miamibeachfl.gov\\\/#website\"},\"datePublished\":\"2022-08-25T19:51:59+00:00\",\"dateModified\":\"2025-12-31T21:30:45+00:00\",\"description\":\"%\",\"breadcrumb\":{\"@id\":\"https:\\\/\\\/www.miamibeachfl.gov\\\/2022election-info\\\/miami-new-drama-at-collins-park-garage\\\/#breadcrumb\"},\"inLanguage\":\"fr-FR\",\"potentialAction\":[{\"@type\":\"ReadAction\",\"target\":[\"https:\\\/\\\/www.miamibeachfl.gov\\\/2022election-info\\\/miami-new-drama-at-collins-park-garage\\\/\"]}]},{\"@type\":\"BreadcrumbList\",\"@id\":\"https:\\\/\\\/www.miamibeachfl.gov\\\/2022election-info\\\/miami-new-drama-at-collins-park-garage\\\/#breadcrumb\",\"itemListElement\":[{\"@type\":\"ListItem\",\"position\":1,\"name\":\"Home\",\"item\":\"https:\\\/\\\/www.miamibeachfl.gov\\\/\"},{\"@type\":\"ListItem\",\"position\":2,\"name\":\"2022 Election\",\"item\":\"https:\\\/\\\/www.miamibeachfl.gov\\\/2022election-info\\\/\"},{\"@type\":\"ListItem\",\"position\":3,\"name\":\"Miami New Drama at Collins Park Garage\"}]},{\"@type\":\"WebSite\",\"@id\":\"https:\\\/\\\/www.miamibeachfl.gov\\\/#website\",\"url\":\"https:\\\/\\\/www.miamibeachfl.gov\\\/\",\"name\":\"City of Miami Beach\",\"description\":\"The official website of the City of Miami Beach. Stay informed, find important information on city services, news, alerts, events, trolley routes, government employment and more.\",\"publisher\":{\"@id\":\"https:\\\/\\\/www.miamibeachfl.gov\\\/#organization\"},\"potentialAction\":[{\"@type\":\"SearchAction\",\"target\":{\"@type\":\"EntryPoint\",\"urlTemplate\":\"https:\\\/\\\/www.miamibeachfl.gov\\\/?s={search_term_string}\"},\"query-input\":{\"@type\":\"PropertyValueSpecification\",\"valueRequired\":true,\"valueName\":\"search_term_string\"}}],\"inLanguage\":\"fr-FR\"},{\"@type\":\"Organization\",\"@id\":\"https:\\\/\\\/www.miamibeachfl.gov\\\/#organization\",\"name\":\"City of Miami Beach\",\"url\":\"https:\\\/\\\/www.miamibeachfl.gov\\\/\",\"logo\":{\"@type\":\"ImageObject\",\"inLanguage\":\"fr-FR\",\"@id\":\"https:\\\/\\\/www.miamibeachfl.gov\\\/#\\\/schema\\\/logo\\\/image\\\/\",\"url\":\"https:\\\/\\\/www.miamibeachfl.gov\\\/wp-content\\\/uploads\\\/2022\\\/06\\\/miamibeach-logoblue.png\",\"contentUrl\":\"https:\\\/\\\/www.miamibeachfl.gov\\\/wp-content\\\/uploads\\\/2022\\\/06\\\/miamibeach-logoblue.png\",\"width\":1962,\"height\":381,\"caption\":\"City of Miami Beach\"},\"image\":{\"@id\":\"https:\\\/\\\/www.miamibeachfl.gov\\\/#\\\/schema\\\/logo\\\/image\\\/\"},\"sameAs\":[\"https:\\\/\\\/www.facebook.com\\\/cityofmiamibeach\",\"https:\\\/\\\/x.com\\\/Miamibeachnews\",\"https:\\\/\\\/www.instagram.com\\\/miamibeachnews\\\/\"],\"description\":\"The official website of the City of Miami Beach. Stay informed, find important information on city services, news, alerts, events, trolley routes, government employment and more.\",\"telephone\":\"305.604.CITY(2489)\",\"legalName\":\"City of Miami Beach\"}]}<\/script>\n<!-- \/ Yoast SEO Premium plugin. -->","yoast_head_json":{"title":"Miami New Drama au Collins Park Garage - Ville de Miami Beach","description":"%","robots":{"index":"index","follow":"follow","max-snippet":"max-snippet:-1","max-image-preview":"max-image-preview:large","max-video-preview":"max-video-preview:-1"},"canonical":"https:\/\/www.miamibeachfl.gov\/fr\/2022election-info\/miami-new-drama-at-collins-park-garage\/","og_locale":"fr_FR","og_type":"article","og_title":"Miami New Drama at Collins Park Garage","og_description":"%","og_url":"https:\/\/www.miamibeachfl.gov\/fr\/2022election-info\/miami-new-drama-at-collins-park-garage\/","og_site_name":"City of Miami Beach","article_publisher":"https:\/\/www.facebook.com\/cityofmiamibeach","article_modified_time":"2025-12-31T21:30:45+00:00","og_image":[{"width":1000,"height":1000,"url":"https:\/\/www.miamibeachfl.gov\/wp-content\/uploads\/2024\/01\/1000pxSquare-miamibeach-aerial-southpointview.jpeg","type":"image\/jpeg"}],"twitter_card":"summary_large_image","twitter_site":"@Miamibeachnews","schema":{"@context":"https:\/\/schema.org","@graph":[{"@type":"WebPage","@id":"https:\/\/www.miamibeachfl.gov\/2022election-info\/miami-new-drama-at-collins-park-garage\/","url":"https:\/\/www.miamibeachfl.gov\/2022election-info\/miami-new-drama-at-collins-park-garage\/","name":"Miami New Drama au Collins Park Garage - Ville de Miami Beach","isPartOf":{"@id":"https:\/\/www.miamibeachfl.gov\/#website"},"datePublished":"2022-08-25T19:51:59+00:00","dateModified":"2025-12-31T21:30:45+00:00","description":"%","breadcrumb":{"@id":"https:\/\/www.miamibeachfl.gov\/2022election-info\/miami-new-drama-at-collins-park-garage\/#breadcrumb"},"inLanguage":"fr-FR","potentialAction":[{"@type":"ReadAction","target":["https:\/\/www.miamibeachfl.gov\/2022election-info\/miami-new-drama-at-collins-park-garage\/"]}]},{"@type":"BreadcrumbList","@id":"https:\/\/www.miamibeachfl.gov\/2022election-info\/miami-new-drama-at-collins-park-garage\/#breadcrumb","itemListElement":[{"@type":"ListItem","position":1,"name":"Home","item":"https:\/\/www.miamibeachfl.gov\/"},{"@type":"ListItem","position":2,"name":"2022 Election","item":"https:\/\/www.miamibeachfl.gov\/2022election-info\/"},{"@type":"ListItem","position":3,"name":"Miami New Drama at Collins Park Garage"}]},{"@type":"WebSite","@id":"https:\/\/www.miamibeachfl.gov\/#website","url":"https:\/\/www.miamibeachfl.gov\/","name":"Ville de Miami Beach","description":"Site officiel de la ville de Miami Beach. Restez inform\u00e9 et trouvez des informations importantes sur les services municipaux, les actualit\u00e9s, les alertes, les \u00e9v\u00e9nements, les itin\u00e9raires de tramway, les emplois gouvernementaux et bien plus encore.","publisher":{"@id":"https:\/\/www.miamibeachfl.gov\/#organization"},"potentialAction":[{"@type":"SearchAction","target":{"@type":"EntryPoint","urlTemplate":"https:\/\/www.miamibeachfl.gov\/?s={search_term_string}"},"query-input":{"@type":"PropertyValueSpecification","valueRequired":true,"valueName":"search_term_string"}}],"inLanguage":"fr-FR"},{"@type":"Organization","@id":"https:\/\/www.miamibeachfl.gov\/#organization","name":"Ville de Miami Beach","url":"https:\/\/www.miamibeachfl.gov\/","logo":{"@type":"ImageObject","inLanguage":"fr-FR","@id":"https:\/\/www.miamibeachfl.gov\/#\/schema\/logo\/image\/","url":"https:\/\/www.miamibeachfl.gov\/wp-content\/uploads\/2022\/06\/miamibeach-logoblue.png","contentUrl":"https:\/\/www.miamibeachfl.gov\/wp-content\/uploads\/2022\/06\/miamibeach-logoblue.png","width":1962,"height":381,"caption":"City of Miami Beach"},"image":{"@id":"https:\/\/www.miamibeachfl.gov\/#\/schema\/logo\/image\/"},"sameAs":["https:\/\/www.facebook.com\/cityofmiamibeach","https:\/\/x.com\/Miamibeachnews","https:\/\/www.instagram.com\/miamibeachnews\/"],"description":"Site officiel de la ville de Miami Beach. Restez inform\u00e9 et trouvez des informations importantes sur les services municipaux, les actualit\u00e9s, les alertes, les \u00e9v\u00e9nements, les itin\u00e9raires de tramway, les emplois gouvernementaux et bien plus encore.","telephone":"305.604.CITY(2489)","legalName":"City of Miami Beach"}]}},"_links":{"self":[{"href":"https:\/\/www.miamibeachfl.gov\/fr\/wp-json\/wp\/v2\/pages\/201797","targetHints":{"allow":["GET"]}}],"collection":[{"href":"https:\/\/www.miamibeachfl.gov\/fr\/wp-json\/wp\/v2\/pages"}],"about":[{"href":"https:\/\/www.miamibeachfl.gov\/fr\/wp-json\/wp\/v2\/types\/page"}],"author":[{"embeddable":true,"href":"https:\/\/www.miamibeachfl.gov\/fr\/wp-json\/wp\/v2\/users\/222"}],"replies":[{"embeddable":true,"href":"https:\/\/www.miamibeachfl.gov\/fr\/wp-json\/wp\/v2\/comments?post=201797"}],"version-history":[{"count":2,"href":"https:\/\/www.miamibeachfl.gov\/fr\/wp-json\/wp\/v2\/pages\/201797\/revisions"}],"predecessor-version":[{"id":394372,"href":"https:\/\/www.miamibeachfl.gov\/fr\/wp-json\/wp\/v2\/pages\/201797\/revisions\/394372"}],"up":[{"embeddable":true,"href":"https:\/\/www.miamibeachfl.gov\/fr\/wp-json\/wp\/v2\/pages\/200517"}],"wp:attachment":[{"href":"https:\/\/www.miamibeachfl.gov\/fr\/wp-json\/wp\/v2\/media?parent=201797"}],"wp:term":[{"taxonomy":"category","embeddable":true,"href":"https:\/\/www.miamibeachfl.gov\/fr\/wp-json\/wp\/v2\/categories?post=201797"},{"taxonomy":"post_tag","embeddable":true,"href":"https:\/\/www.miamibeachfl.gov\/fr\/wp-json\/wp\/v2\/tags?post=201797"}],"curies":[{"name":"wp","href":"https:\/\/api.w.org\/{rel}","templated":true}]}}