{"id":201815,"date":"2022-08-25T16:09:20","date_gmt":"2022-08-25T20:09:20","guid":{"rendered":"https:\/\/www.miamibeachfl.gov\/?page_id=201815"},"modified":"2025-12-31T16:22:26","modified_gmt":"2025-12-31T21:22:26","slug":"the-jewish-museum-of-florida-fiu","status":"publish","type":"page","link":"https:\/\/www.miamibeachfl.gov\/fr\/2022election-info\/the-jewish-museum-of-florida-fiu\/","title":{"rendered":"Le Mus\u00e9e juif de Floride-FIU"},"content":{"rendered":"<h3>\n\t\t\tAutres \u00e9quipements culturels (appartenant \u00e0 l&#039;\u00c9tat)\t<\/h3>\n<h3>\n\t\t\tLe Mus\u00e9e juif de Floride-FIU\t<\/h3>\n\t\t\t<a href=\"https:\/\/www.miamibeachfl.gov\/fr\/2022election\/\" target=\"_self\">\n\t\t\t\t\t\tRetour aux questions du scrutin pour l&#039;\u00e9lection de 2022\n\t\t\t\t\t<\/a>\n\t\t\t<a href=\"https:\/\/www.miamibeachfl.gov\/wp-content\/uploads\/2022\/09\/Jewish-Museum-of-Florida-FIU.pdf\" target=\"_blank\" rel=\"noopener\">\n\t\t\t\t\t\tT\u00e9l\u00e9charger le PDF\n\t\t\t\t\t<\/a>\n<h3>\n\t\t\tContexte organisationnel\t<\/h3>\n\t<p>Le Mus\u00e9e juif de Floride-FILI (JMOF-FIU) partage plus de 250 ans d&#039;histoire, d&#039;art et de culture juive de Floride avec tous les membres de la communaut\u00e9 dynamique de Miami Beach. L&#039;objectif de l&#039;organisation est d&#039;explorer et d&#039;illustrer la richesse et la diversit\u00e9 de la vie juive, ainsi que la mani\u00e8re unique dont les Juifs de Floride influencent et sont influenc\u00e9s par la dynamique historique et culturelle de la Floride, du pays et du monde. Le JMOF-FIU se consacre \u00e9galement \u00e0 l&#039;\u00e9ducation multiculturelle et, \u00e0 travers l&#039;histoire juive de Floride, cherche \u00e0 mettre en lumi\u00e8re les probl\u00e8mes de discrimination envers toutes les personnes marginalis\u00e9es. \u00c0 travers des expositions, des programmes publics et une vaste collection d&#039;archives, le JMOF-FIU vise \u00e0 d\u00e9montrer comment les difficult\u00e9s de l&#039;exp\u00e9rience des immigrants sont partag\u00e9es par tous les groupes ethniques de Floride. <\/p>\n\t<iframe src=\"https:\/\/www.google.com\/maps\/embed\/v1\/place?q=301+Washington+Avenue+Miami+Beach%2C+FL&#038;key=AIzaSyD09zQ9PNDNNy9TadMuzRV_UsPUoWKntt8\" aria-hidden=\"true\" title=\"Le Mus\u00e9e juif de Floride-FIU\"><\/iframe>\n\t<h3>Calendrier estim\u00e9 du projet<\/h3>\t\n\t<p>Environ 24 mois<\/p>\n\t<h3>Montant du projet<\/h3>\t\n\t<p>$750,000<\/p>\n\t<h3>Le Mus\u00e9e juif de Floride-FIU<\/h3><p><strong><a href=\"http:\/\/www.jmof.fiu.edu\/\">Veuillez consulter le site www.jmof.fiu.edu pour plus d&#039;informations.<\/a><\/strong><\/p>\n<h3>\n\t\t\tListe des am\u00e9liorations d&#039;immobilisations\t<\/h3>\n\t<ul>\n<li><strong>\u00c9CLAIRAGE LED<\/strong><br \/>\nLa conception et l&#039;installation d&#039;un nouveau syst\u00e8me d&#039;\u00e9clairage LED dans chacune de nos trois galeries.  <\/li>\n<li><strong>R\u00c9PARATION ET PEINTURE  <\/strong><br \/>\nR\u00e9paration et modernisation des murs ext\u00e9rieurs, y compris la peinture, la r\u00e9paration de nos balustrades historiques et l&#039;installation d&#039;une rampe accessible aux fauteuils roulants \u00e0 l&#039;avant du mus\u00e9e. <\/li>\n<li><strong>\u00c9CLAIRAGE EXT\u00c9RIEUR  <\/strong><br \/>\nInstallation d&#039;un nouveau syst\u00e8me d&#039;\u00e9clairage ext\u00e9rieur et d&#039;un paysage suppl\u00e9mentaire pour mettre en valeur la beaut\u00e9 et l&#039;importance du b\u00e2timent historique dans le quartier sud du cinqui\u00e8me et pour plus de s\u00e9curit\u00e9. <\/li>\n<li><strong>PORTES DE S\u00c9CURIT\u00c9   <\/strong><br \/>\nInstallation de barri\u00e8res de s\u00e9curit\u00e9 pour parking. <\/li>\n<li><strong>SERVICE DE RECONSTRUIRE LES COLLECTIONS   <\/strong><br \/>\nConception et r\u00e9am\u00e9nagement de notre d\u00e9partement collections et stockage. <\/li>\n<\/ul>","protected":false},"excerpt":{"rendered":"<p>Autres installations culturelles (propri\u00e9t\u00e9 de l&#039;\u00c9tat) Le Mus\u00e9e juif de Floride-FIU Retour aux questions du scrutin pour l&#039;\u00e9lection 2022 T\u00e9l\u00e9charger le PDF Contexte organisationnel Le [\u2026]<\/p>","protected":false},"author":222,"featured_media":0,"parent":200517,"menu_order":178,"comment_status":"closed","ping_status":"closed","template":"","meta":{"_searchwp_excluded":"","site-sidebar-layout":"default","site-content-layout":"","ast-site-content-layout":"default","site-content-style":"default","site-sidebar-style":"default","ast-global-header-display":"","ast-banner-title-visibility":"","ast-main-header-display":"","ast-hfb-above-header-display":"","ast-hfb-below-header-display":"","ast-hfb-mobile-header-display":"","site-post-title":"","ast-breadcrumbs-content":"","ast-featured-img":"","footer-sml-layout":"","theme-transparent-header-meta":"","adv-header-id-meta":"","stick-header-meta":"","header-above-stick-meta":"","header-main-stick-meta":"","header-below-stick-meta":"","astra-migrate-meta-layouts":"default","ast-page-background-enabled":"default","ast-page-background-meta":{"desktop":{"background-color":"var(--ast-global-color-5)","background-image":"","background-repeat":"repeat","background-position":"center center","background-size":"auto","background-attachment":"scroll","background-type":"","background-media":"","overlay-type":"","overlay-color":"","overlay-opacity":"","overlay-gradient":""},"tablet":{"background-color":"","background-image":"","background-repeat":"repeat","background-position":"center center","background-size":"auto","background-attachment":"scroll","background-type":"","background-media":"","overlay-type":"","overlay-color":"","overlay-opacity":"","overlay-gradient":""},"mobile":{"background-color":"","background-image":"","background-repeat":"repeat","background-position":"center center","background-size":"auto","background-attachment":"scroll","background-type":"","background-media":"","overlay-type":"","overlay-color":"","overlay-opacity":"","overlay-gradient":""}},"ast-content-background-meta":{"desktop":{"background-color":"var(--ast-global-color-4)","background-image":"","background-repeat":"repeat","background-position":"center center","background-size":"auto","background-attachment":"scroll","background-type":"","background-media":"","overlay-type":"","overlay-color":"","overlay-opacity":"","overlay-gradient":""},"tablet":{"background-color":"var(--ast-global-color-4)","background-image":"","background-repeat":"repeat","background-position":"center center","background-size":"auto","background-attachment":"scroll","background-type":"","background-media":"","overlay-type":"","overlay-color":"","overlay-opacity":"","overlay-gradient":""},"mobile":{"background-color":"var(--ast-global-color-4)","background-image":"","background-repeat":"repeat","background-position":"center center","background-size":"auto","background-attachment":"scroll","background-type":"","background-media":"","overlay-type":"","overlay-color":"","overlay-opacity":"","overlay-gradient":""}},"footnotes":""},"categories":[],"tags":[],"class_list":["post-201815","page","type-page","status-publish","hentry"],"yoast_head":"<!-- This site is optimized with the Yoast SEO Premium plugin v26.6 (Yoast SEO v26.6) - https:\/\/yoast.com\/wordpress\/plugins\/seo\/ -->\n<title>The Jewish Museum of Florida-FIU - City of Miami Beach<\/title>\n<meta name=\"description\" content=\"%\" \/>\n<meta name=\"robots\" content=\"index, follow, max-snippet:-1, max-image-preview:large, max-video-preview:-1\" \/>\n<link rel=\"canonical\" href=\"https:\/\/www.miamibeachfl.gov\/fr\/2022election-info\/the-jewish-museum-of-florida-fiu\/\" \/>\n<meta property=\"og:locale\" content=\"fr_FR\" \/>\n<meta property=\"og:type\" content=\"article\" \/>\n<meta property=\"og:title\" content=\"The Jewish Museum of Florida-FIU\" \/>\n<meta property=\"og:description\" content=\"%\" \/>\n<meta property=\"og:url\" content=\"https:\/\/www.miamibeachfl.gov\/fr\/2022election-info\/the-jewish-museum-of-florida-fiu\/\" \/>\n<meta property=\"og:site_name\" content=\"City of Miami Beach\" \/>\n<meta property=\"article:publisher\" content=\"https:\/\/www.facebook.com\/cityofmiamibeach\" \/>\n<meta property=\"article:modified_time\" content=\"2025-12-31T21:22:26+00:00\" \/>\n<meta property=\"og:image\" content=\"https:\/\/www.miamibeachfl.gov\/wp-content\/uploads\/2024\/01\/1000pxSquare-miamibeach-aerial-southpointview.jpeg\" \/>\n\t<meta property=\"og:image:width\" content=\"1000\" \/>\n\t<meta property=\"og:image:height\" content=\"1000\" \/>\n\t<meta property=\"og:image:type\" content=\"image\/jpeg\" \/>\n<meta name=\"twitter:card\" content=\"summary_large_image\" \/>\n<meta name=\"twitter:site\" content=\"@Miamibeachnews\" \/>\n<script type=\"application\/ld+json\" class=\"yoast-schema-graph\">{\"@context\":\"https:\/\/schema.org\",\"@graph\":[{\"@type\":\"WebPage\",\"@id\":\"https:\/\/www.miamibeachfl.gov\/2022election-info\/the-jewish-museum-of-florida-fiu\/\",\"url\":\"https:\/\/www.miamibeachfl.gov\/2022election-info\/the-jewish-museum-of-florida-fiu\/\",\"name\":\"The Jewish Museum of Florida-FIU - City of Miami Beach\",\"isPartOf\":{\"@id\":\"https:\/\/www.miamibeachfl.gov\/#website\"},\"datePublished\":\"2022-08-25T20:09:20+00:00\",\"dateModified\":\"2025-12-31T21:22:26+00:00\",\"description\":\"%\",\"breadcrumb\":{\"@id\":\"https:\/\/www.miamibeachfl.gov\/2022election-info\/the-jewish-museum-of-florida-fiu\/#breadcrumb\"},\"inLanguage\":\"fr-FR\",\"potentialAction\":[{\"@type\":\"ReadAction\",\"target\":[\"https:\/\/www.miamibeachfl.gov\/2022election-info\/the-jewish-museum-of-florida-fiu\/\"]}]},{\"@type\":\"BreadcrumbList\",\"@id\":\"https:\/\/www.miamibeachfl.gov\/2022election-info\/the-jewish-museum-of-florida-fiu\/#breadcrumb\",\"itemListElement\":[{\"@type\":\"ListItem\",\"position\":1,\"name\":\"Home\",\"item\":\"https:\/\/www.miamibeachfl.gov\/\"},{\"@type\":\"ListItem\",\"position\":2,\"name\":\"2022 Election\",\"item\":\"https:\/\/www.miamibeachfl.gov\/2022election-info\/\"},{\"@type\":\"ListItem\",\"position\":3,\"name\":\"The Jewish Museum of Florida-FIU\"}]},{\"@type\":\"WebSite\",\"@id\":\"https:\/\/www.miamibeachfl.gov\/#website\",\"url\":\"https:\/\/www.miamibeachfl.gov\/\",\"name\":\"City of Miami Beach\",\"description\":\"The official website of the City of Miami Beach. Stay informed, find important information on city services, news, alerts, events, trolley routes, government employment and more.\",\"publisher\":{\"@id\":\"https:\/\/www.miamibeachfl.gov\/#organization\"},\"potentialAction\":[{\"@type\":\"SearchAction\",\"target\":{\"@type\":\"EntryPoint\",\"urlTemplate\":\"https:\/\/www.miamibeachfl.gov\/?s={search_term_string}\"},\"query-input\":{\"@type\":\"PropertyValueSpecification\",\"valueRequired\":true,\"valueName\":\"search_term_string\"}}],\"inLanguage\":\"fr-FR\"},{\"@type\":\"Organization\",\"@id\":\"https:\/\/www.miamibeachfl.gov\/#organization\",\"name\":\"City of Miami Beach\",\"url\":\"https:\/\/www.miamibeachfl.gov\/\",\"logo\":{\"@type\":\"ImageObject\",\"inLanguage\":\"fr-FR\",\"@id\":\"https:\/\/www.miamibeachfl.gov\/#\/schema\/logo\/image\/\",\"url\":\"https:\/\/www.miamibeachfl.gov\/wp-content\/uploads\/2022\/06\/miamibeach-logoblue.png\",\"contentUrl\":\"https:\/\/www.miamibeachfl.gov\/wp-content\/uploads\/2022\/06\/miamibeach-logoblue.png\",\"width\":1962,\"height\":381,\"caption\":\"City of Miami Beach\"},\"image\":{\"@id\":\"https:\/\/www.miamibeachfl.gov\/#\/schema\/logo\/image\/\"},\"sameAs\":[\"https:\/\/www.facebook.com\/cityofmiamibeach\",\"https:\/\/x.com\/Miamibeachnews\",\"https:\/\/www.instagram.com\/miamibeachnews\/\"],\"description\":\"The official website of the City of Miami Beach. Stay informed, find important information on city services, news, alerts, events, trolley routes, government employment and more.\",\"telephone\":\"305.604.CITY(2489)\",\"legalName\":\"City of Miami Beach\"}]}<\/script>\n<!-- \/ Yoast SEO Premium plugin. -->","yoast_head_json":{"title":"Mus\u00e9e juif de Floride-FIU - Ville de Miami Beach","description":"%","robots":{"index":"index","follow":"follow","max-snippet":"max-snippet:-1","max-image-preview":"max-image-preview:large","max-video-preview":"max-video-preview:-1"},"canonical":"https:\/\/www.miamibeachfl.gov\/fr\/2022election-info\/the-jewish-museum-of-florida-fiu\/","og_locale":"fr_FR","og_type":"article","og_title":"The Jewish Museum of Florida-FIU","og_description":"%","og_url":"https:\/\/www.miamibeachfl.gov\/fr\/2022election-info\/the-jewish-museum-of-florida-fiu\/","og_site_name":"City of Miami Beach","article_publisher":"https:\/\/www.facebook.com\/cityofmiamibeach","article_modified_time":"2025-12-31T21:22:26+00:00","og_image":[{"width":1000,"height":1000,"url":"https:\/\/www.miamibeachfl.gov\/wp-content\/uploads\/2024\/01\/1000pxSquare-miamibeach-aerial-southpointview.jpeg","type":"image\/jpeg"}],"twitter_card":"summary_large_image","twitter_site":"@Miamibeachnews","schema":{"@context":"https:\/\/schema.org","@graph":[{"@type":"WebPage","@id":"https:\/\/www.miamibeachfl.gov\/2022election-info\/the-jewish-museum-of-florida-fiu\/","url":"https:\/\/www.miamibeachfl.gov\/2022election-info\/the-jewish-museum-of-florida-fiu\/","name":"Mus\u00e9e juif de Floride-FIU - Ville de Miami Beach","isPartOf":{"@id":"https:\/\/www.miamibeachfl.gov\/#website"},"datePublished":"2022-08-25T20:09:20+00:00","dateModified":"2025-12-31T21:22:26+00:00","description":"%","breadcrumb":{"@id":"https:\/\/www.miamibeachfl.gov\/2022election-info\/the-jewish-museum-of-florida-fiu\/#breadcrumb"},"inLanguage":"fr-FR","potentialAction":[{"@type":"ReadAction","target":["https:\/\/www.miamibeachfl.gov\/2022election-info\/the-jewish-museum-of-florida-fiu\/"]}]},{"@type":"BreadcrumbList","@id":"https:\/\/www.miamibeachfl.gov\/2022election-info\/the-jewish-museum-of-florida-fiu\/#breadcrumb","itemListElement":[{"@type":"ListItem","position":1,"name":"Home","item":"https:\/\/www.miamibeachfl.gov\/"},{"@type":"ListItem","position":2,"name":"2022 Election","item":"https:\/\/www.miamibeachfl.gov\/2022election-info\/"},{"@type":"ListItem","position":3,"name":"The Jewish Museum of Florida-FIU"}]},{"@type":"WebSite","@id":"https:\/\/www.miamibeachfl.gov\/#website","url":"https:\/\/www.miamibeachfl.gov\/","name":"Ville de Miami Beach","description":"Site officiel de la ville de Miami Beach. Restez inform\u00e9 et trouvez des informations importantes sur les services municipaux, les actualit\u00e9s, les alertes, les \u00e9v\u00e9nements, les itin\u00e9raires de tramway, les emplois gouvernementaux et bien plus encore.","publisher":{"@id":"https:\/\/www.miamibeachfl.gov\/#organization"},"potentialAction":[{"@type":"SearchAction","target":{"@type":"EntryPoint","urlTemplate":"https:\/\/www.miamibeachfl.gov\/?s={search_term_string}"},"query-input":{"@type":"PropertyValueSpecification","valueRequired":true,"valueName":"search_term_string"}}],"inLanguage":"fr-FR"},{"@type":"Organization","@id":"https:\/\/www.miamibeachfl.gov\/#organization","name":"Ville de Miami Beach","url":"https:\/\/www.miamibeachfl.gov\/","logo":{"@type":"ImageObject","inLanguage":"fr-FR","@id":"https:\/\/www.miamibeachfl.gov\/#\/schema\/logo\/image\/","url":"https:\/\/www.miamibeachfl.gov\/wp-content\/uploads\/2022\/06\/miamibeach-logoblue.png","contentUrl":"https:\/\/www.miamibeachfl.gov\/wp-content\/uploads\/2022\/06\/miamibeach-logoblue.png","width":1962,"height":381,"caption":"City of Miami Beach"},"image":{"@id":"https:\/\/www.miamibeachfl.gov\/#\/schema\/logo\/image\/"},"sameAs":["https:\/\/www.facebook.com\/cityofmiamibeach","https:\/\/x.com\/Miamibeachnews","https:\/\/www.instagram.com\/miamibeachnews\/"],"description":"Site officiel de la ville de Miami Beach. Restez inform\u00e9 et trouvez des informations importantes sur les services municipaux, les actualit\u00e9s, les alertes, les \u00e9v\u00e9nements, les itin\u00e9raires de tramway, les emplois gouvernementaux et bien plus encore.","telephone":"305.604.CITY(2489)","legalName":"City of Miami Beach"}]}},"_links":{"self":[{"href":"https:\/\/www.miamibeachfl.gov\/fr\/wp-json\/wp\/v2\/pages\/201815","targetHints":{"allow":["GET"]}}],"collection":[{"href":"https:\/\/www.miamibeachfl.gov\/fr\/wp-json\/wp\/v2\/pages"}],"about":[{"href":"https:\/\/www.miamibeachfl.gov\/fr\/wp-json\/wp\/v2\/types\/page"}],"author":[{"embeddable":true,"href":"https:\/\/www.miamibeachfl.gov\/fr\/wp-json\/wp\/v2\/users\/222"}],"replies":[{"embeddable":true,"href":"https:\/\/www.miamibeachfl.gov\/fr\/wp-json\/wp\/v2\/comments?post=201815"}],"version-history":[{"count":0,"href":"https:\/\/www.miamibeachfl.gov\/fr\/wp-json\/wp\/v2\/pages\/201815\/revisions"}],"up":[{"embeddable":true,"href":"https:\/\/www.miamibeachfl.gov\/fr\/wp-json\/wp\/v2\/pages\/200517"}],"wp:attachment":[{"href":"https:\/\/www.miamibeachfl.gov\/fr\/wp-json\/wp\/v2\/media?parent=201815"}],"wp:term":[{"taxonomy":"category","embeddable":true,"href":"https:\/\/www.miamibeachfl.gov\/fr\/wp-json\/wp\/v2\/categories?post=201815"},{"taxonomy":"post_tag","embeddable":true,"href":"https:\/\/www.miamibeachfl.gov\/fr\/wp-json\/wp\/v2\/tags?post=201815"}],"curies":[{"name":"wp","href":"https:\/\/api.w.org\/{rel}","templated":true}]}}