{"id":221727,"date":"2022-09-08T12:20:50","date_gmt":"2022-09-08T16:20:50","guid":{"rendered":"https:\/\/www.miamibeachfl.gov\/?page_id=221727"},"modified":"2025-06-02T22:21:59","modified_gmt":"2025-06-03T02:21:59","slug":"september-2022-business-spotlight","status":"publish","type":"page","link":"https:\/\/www.miamibeachfl.gov\/fr\/spotlight\/september-2022-business-spotlight\/","title":{"rendered":"Pleins feux sur les entreprises du mois de septembre\u00a0: Silverlake Bistro"},"content":{"rendered":"<h5>\n\t\t<a href=\"https:\/\/www.miamibeachfl.gov\/fr\/mbbiznews\/\" title=\"Abonnez-vous ici pour recevoir chaque mois la newsletter commerciale de la Ville dans votre bo\u00eete de r\u00e9ception.\"  target=\"_blank\"  rel=\"noopener\">\n\t\t\tAbonnez-vous ici pour recevoir chaque mois la newsletter commerciale de la Ville dans votre bo\u00eete de r\u00e9ception.\t\t<\/a>\n\t<\/h5>\n<h5>\n\t\t<a href=\"https:\/\/myemail.constantcontact.com\/Stay-connected-with-MB-Biz--.html?soid=1011085968389&#038;aid=S0mHBwwl4Fs\" title=\"Bulletin d&#039;information des entreprises\"  target=\"_blank\"  rel=\"noopener\">\n\t\t\tBulletin d&#039;information des entreprises\t\t<\/a>\n\t<\/h5>\n\t<p><strong>Silverlake Bistro\u00a0: un joyau cach\u00e9 inspir\u00e9 des racines hispaniques<\/strong><\/p>\n\t\t\t\t<img decoding=\"async\" src=\"https:\/\/www.miamibeachfl.gov\/wp-content\/uploads\/2023\/03\/Bistro-1.jpg\" alt=\"Bistro 1\" itemprop=\"image\" title=\"Bistro 1\" onerror=\"this.style.display='none'\" loading='lazy' \/>\n\t<p>Miami Beach est un haut lieu de la gastronomie et de l&#039;h\u00f4tellerie, et Sandy Sanchez est un ingr\u00e9dient essentiel de notre palais culinaire. N\u00e9e \u00e0 Hialeah de parents cubains, Maribella et Rafael Sanchez, Sandy a toujours \u00e9t\u00e9 impr\u00e9gn\u00e9e et influenc\u00e9e par les \u00e9pices, les techniques et les saveurs espagnoles, africaines et carib\u00e9ennes. Son parcours a commenc\u00e9 dans les ann\u00e9es 1950, lorsque son oncle, Frades Sanchez, a \u00e9migr\u00e9 aux \u00c9tats-Unis pour jouer pour les Yankees de New York. Apr\u00e8s une blessure qui a mis fin \u00e0 sa carri\u00e8re, Frades s&#039;est install\u00e9 \u00e0 Miami, et les parents de Sandy, fuyant Cuba en 1960, l&#039;ont rejoint et se sont install\u00e9s \u00e0 Hialeah. Maribella et Rafael, comme beaucoup d&#039;immigrants cubains, ont pu trouver des emplois en usine. Sandy se souvient d&#039;avoir v\u00e9cu \u00e0 Hialeah, en face de l&#039;usine o\u00f9 travaillait son p\u00e8re, et des douces odeurs de sa m\u00e8re cuisinant dans la cuisine. Mme Sanchez, une des premi\u00e8res entrepreneuses, a commenc\u00e9 \u00e0 pr\u00e9parer des d\u00e9jeuners pour les ouvriers de l&#039;usine et Sandy se souvient avec tendresse que sa maison est devenue un endroit sp\u00e9cial pour les ouvriers, les voisins et les n\u00e9cessiteux qui venaient d\u00e9guster une authentique cuisine cubaine faite maison.<\/p>\n<p>\u00ab J&#039;ai \u00e9t\u00e9 inspir\u00e9e par ma m\u00e8re. Elle avait un esprit d&#039;entreprise et partageait sa passion pour la cuisine avec notre communaut\u00e9 \u00bb, explique Sandy. \u00ab La cuisine de ma m\u00e8re est devenue un lieu convivial o\u00f9 l&#039;on pouvait se retrouver, partager, aimer, rire et savourer les meilleurs plats du quartier. \u00bb<\/p>\n<p>Bien que Sandy ait d\u00e9m\u00e9nag\u00e9 \u00e0 Los Angeles pour poursuivre une carri\u00e8re d&#039;actrice, c&#039;est sa rencontre avec l&#039;amour de sa vie, le chef Benoit \u00ab Ben \u00bb Rablat, qui constitue son plus beau souvenir de son bref s\u00e9jour en Californie. Ils se sont rencontr\u00e9s dans le quartier de Silverlake, et c&#039;est l\u00e0 qu&#039;ils ont d\u00e9couvert les joies de la gastronomie et du vin, et qu&#039;ils sont tomb\u00e9s amoureux des d\u00eeners organis\u00e9s pour nos amis. C&#039;est aussi l\u00e0 qu&#039;est n\u00e9e l&#039;id\u00e9e d&#039;ouvrir un jour un restaurant.<\/p>\n<p>Le premier restaurant de Sandy et Ben, <em>La Fresa Francesa<\/em>, un restaurant fran\u00e7ais tr\u00e8s populaire de Hialeah, est un bistrot fran\u00e7ais intimiste \u00e0 l&#039;ambiance boh\u00e8me. Apr\u00e8s sept ann\u00e9es de succ\u00e8s en tant que restaurateurs, ces audacieux gourmets ont souhait\u00e9 s&#039;implanter \u00e0 Miami Beach\u2026 et Silverlake, une c\u00e9l\u00e9bration chaleureuse de leur affection mutuelle et de la cuisine, est n\u00e9 \u00e0 North Beach.<\/p>\n<p>\u00ab L&#039;ouverture de Silverlake a \u00e9t\u00e9 une v\u00e9ritable r\u00e9volution pour nous et North Beach. Nous avons inaugur\u00e9 un nouveau restaurant branch\u00e9, \u00e0 l&#039;ambiance chaleureuse et rafra\u00eechissante du quartier, et North Beach s&#039;est dot\u00e9 d&#039;un bistrot familial accessible \u00e0 pied. L&#039;alliance de la d\u00e9licieuse cuisine de Ben et du style et de la personnalit\u00e9 de Sandy a fait de Silverlake une destination gastronomique incontournable ! \u00bb, d\u00e9clare David Sexton, pr\u00e9sident de la Normandy Fountain Business Association.<\/p>\n<p>Sandy a mis tout son c\u0153ur et toute son \u00e2me dans chaque d\u00e9tail de Silverlake, de la musique aux papiers peints artistiques, en passant par les bibelots amusants et l&#039;accueil chaleureux r\u00e9serv\u00e9 \u00e0 chaque client. \u00ab Nous souhaitons que l&#039;endroit reste le plus simple possible. Je veux que vous ayez l&#039;impression de manger chez ma m\u00e8re ou chez votre grand-m\u00e8re \u00bb, explique Sandy. \u00ab Il n&#039;y a pas de recette magique, juste le juste m\u00e9lange d&#039;\u00e9pices, d&#039;amour, de chaleur, de culture et de travail acharn\u00e9. \u00bb<\/p>\n<p>Parmi les plats pr\u00e9f\u00e9r\u00e9s, on retrouve la recette fran\u00e7aise originale de la m\u00e8re de Ben\u00a0: moules au bleu, vin blanc, \u00e9chalotes et oignons nouveaux, ainsi que le burger Silverlake, un double steak hach\u00e9 garni de cheddar, bacon, sauce steak et a\u00efoli. Le Silverlake Bistro est ouvert pour le d\u00eener du mercredi au dimanche et pour le brunch le dimanche. Pour plus d&#039;informations, retrouvez-les sur Facebook\u00a0: <a href=\"https:\/\/www.facebook.com\/silverlakemiamibeach\/\"><strong>https:\/\/www.facebook.com\/silverlakemiamibeach\/<\/strong><\/a>Joyeux Mois national du patrimoine hispanique !<\/p>\n<p>&nbsp;<\/p>\n<p>&nbsp;<\/p>\n<p>&nbsp;<\/p>\n<p>&nbsp;<\/p>\n<p>&nbsp;<\/p>\n<p>&nbsp;<\/p>","protected":false},"excerpt":{"rendered":"<p>Subscribe here to receive the City&#8217;s business newsletter to your inbox monthly. Business Newsletter Silverlake Bistro: A Hidden Gem Inspired [&hellip;]<\/p>\n","protected":false},"author":222,"featured_media":0,"parent":253255,"menu_order":0,"comment_status":"closed","ping_status":"closed","template":"","meta":{"_searchwp_excluded":"","site-sidebar-layout":"default","site-content-layout":"","ast-site-content-layout":"default","site-content-style":"default","site-sidebar-style":"default","ast-global-header-display":"","ast-banner-title-visibility":"","ast-main-header-display":"","ast-hfb-above-header-display":"","ast-hfb-below-header-display":"","ast-hfb-mobile-header-display":"","site-post-title":"","ast-breadcrumbs-content":"","ast-featured-img":"","footer-sml-layout":"","theme-transparent-header-meta":"","adv-header-id-meta":"","stick-header-meta":"","header-above-stick-meta":"","header-main-stick-meta":"","header-below-stick-meta":"","astra-migrate-meta-layouts":"default","ast-page-background-enabled":"default","ast-page-background-meta":{"desktop":{"background-color":"var(--ast-global-color-5)","background-image":"","background-repeat":"repeat","background-position":"center center","background-size":"auto","background-attachment":"scroll","background-type":"","background-media":"","overlay-type":"","overlay-color":"","overlay-opacity":"","overlay-gradient":""},"tablet":{"background-color":"","background-image":"","background-repeat":"repeat","background-position":"center center","background-size":"auto","background-attachment":"scroll","background-type":"","background-media":"","overlay-type":"","overlay-color":"","overlay-opacity":"","overlay-gradient":""},"mobile":{"background-color":"","background-image":"","background-repeat":"repeat","background-position":"center center","background-size":"auto","background-attachment":"scroll","background-type":"","background-media":"","overlay-type":"","overlay-color":"","overlay-opacity":"","overlay-gradient":""}},"ast-content-background-meta":{"desktop":{"background-color":"var(--ast-global-color-4)","background-image":"","background-repeat":"repeat","background-position":"center center","background-size":"auto","background-attachment":"scroll","background-type":"","background-media":"","overlay-type":"","overlay-color":"","overlay-opacity":"","overlay-gradient":""},"tablet":{"background-color":"var(--ast-global-color-4)","background-image":"","background-repeat":"repeat","background-position":"center center","background-size":"auto","background-attachment":"scroll","background-type":"","background-media":"","overlay-type":"","overlay-color":"","overlay-opacity":"","overlay-gradient":""},"mobile":{"background-color":"var(--ast-global-color-4)","background-image":"","background-repeat":"repeat","background-position":"center center","background-size":"auto","background-attachment":"scroll","background-type":"","background-media":"","overlay-type":"","overlay-color":"","overlay-opacity":"","overlay-gradient":""}},"footnotes":""},"categories":[],"tags":[],"class_list":["post-221727","page","type-page","status-publish","hentry"],"yoast_head":"<!-- This site is optimized with the Yoast SEO Premium plugin v27.4 (Yoast SEO v27.4) - https:\/\/yoast.com\/product\/yoast-seo-premium-wordpress\/ -->\n<title>September Business Spotlight- Silverlake Bistro - City of Miami Beach<\/title>\n<meta name=\"description\" content=\"%\" \/>\n<meta name=\"robots\" content=\"index, follow, max-snippet:-1, max-image-preview:large, max-video-preview:-1\" \/>\n<link rel=\"canonical\" href=\"https:\/\/www.miamibeachfl.gov\/fr\/spotlight\/september-2022-business-spotlight\/\" \/>\n<meta property=\"og:locale\" content=\"fr_FR\" \/>\n<meta property=\"og:type\" content=\"article\" \/>\n<meta property=\"og:title\" content=\"September Business Spotlight- Silverlake Bistro\" \/>\n<meta property=\"og:description\" content=\"%\" \/>\n<meta property=\"og:url\" content=\"https:\/\/www.miamibeachfl.gov\/fr\/spotlight\/september-2022-business-spotlight\/\" \/>\n<meta property=\"og:site_name\" content=\"City of Miami Beach\" \/>\n<meta property=\"article:publisher\" content=\"https:\/\/www.facebook.com\/cityofmiamibeach\" \/>\n<meta property=\"article:modified_time\" content=\"2025-06-03T02:21:59+00:00\" \/>\n<meta property=\"og:image\" content=\"https:\/\/www.miamibeachfl.gov\/wp-content\/uploads\/2023\/03\/Bistro-1.jpg\" \/>\n<meta name=\"twitter:card\" content=\"summary_large_image\" \/>\n<meta name=\"twitter:site\" content=\"@Miamibeachnews\" \/>\n<script type=\"application\/ld+json\" class=\"yoast-schema-graph\">{\"@context\":\"https:\\\/\\\/schema.org\",\"@graph\":[{\"@type\":\"WebPage\",\"@id\":\"https:\\\/\\\/www.miamibeachfl.gov\\\/spotlight\\\/september-2022-business-spotlight\\\/\",\"url\":\"https:\\\/\\\/www.miamibeachfl.gov\\\/spotlight\\\/september-2022-business-spotlight\\\/\",\"name\":\"September Business Spotlight- Silverlake Bistro - City of Miami Beach\",\"isPartOf\":{\"@id\":\"https:\\\/\\\/www.miamibeachfl.gov\\\/#website\"},\"primaryImageOfPage\":{\"@id\":\"https:\\\/\\\/www.miamibeachfl.gov\\\/spotlight\\\/september-2022-business-spotlight\\\/#primaryimage\"},\"image\":{\"@id\":\"https:\\\/\\\/www.miamibeachfl.gov\\\/spotlight\\\/september-2022-business-spotlight\\\/#primaryimage\"},\"thumbnailUrl\":\"https:\\\/\\\/www.miamibeachfl.gov\\\/wp-content\\\/uploads\\\/2023\\\/03\\\/Bistro-1.jpg\",\"datePublished\":\"2022-09-08T16:20:50+00:00\",\"dateModified\":\"2025-06-03T02:21:59+00:00\",\"description\":\"%\",\"breadcrumb\":{\"@id\":\"https:\\\/\\\/www.miamibeachfl.gov\\\/spotlight\\\/september-2022-business-spotlight\\\/#breadcrumb\"},\"inLanguage\":\"fr-FR\",\"potentialAction\":[{\"@type\":\"ReadAction\",\"target\":[\"https:\\\/\\\/www.miamibeachfl.gov\\\/spotlight\\\/september-2022-business-spotlight\\\/\"]}]},{\"@type\":\"ImageObject\",\"inLanguage\":\"fr-FR\",\"@id\":\"https:\\\/\\\/www.miamibeachfl.gov\\\/spotlight\\\/september-2022-business-spotlight\\\/#primaryimage\",\"url\":\"https:\\\/\\\/www.miamibeachfl.gov\\\/wp-content\\\/uploads\\\/2023\\\/03\\\/Bistro-1.jpg\",\"contentUrl\":\"https:\\\/\\\/www.miamibeachfl.gov\\\/wp-content\\\/uploads\\\/2023\\\/03\\\/Bistro-1.jpg\"},{\"@type\":\"BreadcrumbList\",\"@id\":\"https:\\\/\\\/www.miamibeachfl.gov\\\/spotlight\\\/september-2022-business-spotlight\\\/#breadcrumb\",\"itemListElement\":[{\"@type\":\"ListItem\",\"position\":1,\"name\":\"Home\",\"item\":\"https:\\\/\\\/www.miamibeachfl.gov\\\/\"},{\"@type\":\"ListItem\",\"position\":2,\"name\":\"Business Newsletters and Spotlights\",\"item\":\"https:\\\/\\\/www.miamibeachfl.gov\\\/spotlight\\\/\"},{\"@type\":\"ListItem\",\"position\":3,\"name\":\"September Business Spotlight- Silverlake Bistro\"}]},{\"@type\":\"WebSite\",\"@id\":\"https:\\\/\\\/www.miamibeachfl.gov\\\/#website\",\"url\":\"https:\\\/\\\/www.miamibeachfl.gov\\\/\",\"name\":\"City of Miami Beach\",\"description\":\"The official website of the City of Miami Beach. Stay informed, find important information on city services, news, alerts, events, trolley routes, government employment and more.\",\"publisher\":{\"@id\":\"https:\\\/\\\/www.miamibeachfl.gov\\\/#organization\"},\"potentialAction\":[{\"@type\":\"SearchAction\",\"target\":{\"@type\":\"EntryPoint\",\"urlTemplate\":\"https:\\\/\\\/www.miamibeachfl.gov\\\/?s={search_term_string}\"},\"query-input\":{\"@type\":\"PropertyValueSpecification\",\"valueRequired\":true,\"valueName\":\"search_term_string\"}}],\"inLanguage\":\"fr-FR\"},{\"@type\":\"Organization\",\"@id\":\"https:\\\/\\\/www.miamibeachfl.gov\\\/#organization\",\"name\":\"City of Miami Beach\",\"url\":\"https:\\\/\\\/www.miamibeachfl.gov\\\/\",\"logo\":{\"@type\":\"ImageObject\",\"inLanguage\":\"fr-FR\",\"@id\":\"https:\\\/\\\/www.miamibeachfl.gov\\\/#\\\/schema\\\/logo\\\/image\\\/\",\"url\":\"https:\\\/\\\/www.miamibeachfl.gov\\\/wp-content\\\/uploads\\\/2022\\\/06\\\/miamibeach-logoblue.png\",\"contentUrl\":\"https:\\\/\\\/www.miamibeachfl.gov\\\/wp-content\\\/uploads\\\/2022\\\/06\\\/miamibeach-logoblue.png\",\"width\":1962,\"height\":381,\"caption\":\"City of Miami Beach\"},\"image\":{\"@id\":\"https:\\\/\\\/www.miamibeachfl.gov\\\/#\\\/schema\\\/logo\\\/image\\\/\"},\"sameAs\":[\"https:\\\/\\\/www.facebook.com\\\/cityofmiamibeach\",\"https:\\\/\\\/x.com\\\/Miamibeachnews\",\"https:\\\/\\\/www.instagram.com\\\/miamibeachnews\\\/\"],\"description\":\"The official website of the City of Miami Beach. Stay informed, find important information on city services, news, alerts, events, trolley routes, government employment and more.\",\"telephone\":\"305.604.CITY(2489)\",\"legalName\":\"City of Miami Beach\"}]}<\/script>\n<!-- \/ Yoast SEO Premium plugin. -->","yoast_head_json":{"title":"Coup de projecteur sur les entreprises de septembre\u00a0: Silverlake Bistro, ville de Miami Beach","description":"%","robots":{"index":"index","follow":"follow","max-snippet":"max-snippet:-1","max-image-preview":"max-image-preview:large","max-video-preview":"max-video-preview:-1"},"canonical":"https:\/\/www.miamibeachfl.gov\/fr\/spotlight\/september-2022-business-spotlight\/","og_locale":"fr_FR","og_type":"article","og_title":"September Business Spotlight- Silverlake Bistro","og_description":"%","og_url":"https:\/\/www.miamibeachfl.gov\/fr\/spotlight\/september-2022-business-spotlight\/","og_site_name":"City of Miami Beach","article_publisher":"https:\/\/www.facebook.com\/cityofmiamibeach","article_modified_time":"2025-06-03T02:21:59+00:00","og_image":[{"url":"https:\/\/www.miamibeachfl.gov\/wp-content\/uploads\/2023\/03\/Bistro-1.jpg","type":"","width":"","height":""}],"twitter_card":"summary_large_image","twitter_site":"@Miamibeachnews","schema":{"@context":"https:\/\/schema.org","@graph":[{"@type":"WebPage","@id":"https:\/\/www.miamibeachfl.gov\/spotlight\/september-2022-business-spotlight\/","url":"https:\/\/www.miamibeachfl.gov\/spotlight\/september-2022-business-spotlight\/","name":"Coup de projecteur sur les entreprises de septembre\u00a0: Silverlake Bistro, ville de Miami Beach","isPartOf":{"@id":"https:\/\/www.miamibeachfl.gov\/#website"},"primaryImageOfPage":{"@id":"https:\/\/www.miamibeachfl.gov\/spotlight\/september-2022-business-spotlight\/#primaryimage"},"image":{"@id":"https:\/\/www.miamibeachfl.gov\/spotlight\/september-2022-business-spotlight\/#primaryimage"},"thumbnailUrl":"https:\/\/www.miamibeachfl.gov\/wp-content\/uploads\/2023\/03\/Bistro-1.jpg","datePublished":"2022-09-08T16:20:50+00:00","dateModified":"2025-06-03T02:21:59+00:00","description":"%","breadcrumb":{"@id":"https:\/\/www.miamibeachfl.gov\/spotlight\/september-2022-business-spotlight\/#breadcrumb"},"inLanguage":"fr-FR","potentialAction":[{"@type":"ReadAction","target":["https:\/\/www.miamibeachfl.gov\/spotlight\/september-2022-business-spotlight\/"]}]},{"@type":"ImageObject","inLanguage":"fr-FR","@id":"https:\/\/www.miamibeachfl.gov\/spotlight\/september-2022-business-spotlight\/#primaryimage","url":"https:\/\/www.miamibeachfl.gov\/wp-content\/uploads\/2023\/03\/Bistro-1.jpg","contentUrl":"https:\/\/www.miamibeachfl.gov\/wp-content\/uploads\/2023\/03\/Bistro-1.jpg"},{"@type":"BreadcrumbList","@id":"https:\/\/www.miamibeachfl.gov\/spotlight\/september-2022-business-spotlight\/#breadcrumb","itemListElement":[{"@type":"ListItem","position":1,"name":"Home","item":"https:\/\/www.miamibeachfl.gov\/"},{"@type":"ListItem","position":2,"name":"Business Newsletters and Spotlights","item":"https:\/\/www.miamibeachfl.gov\/spotlight\/"},{"@type":"ListItem","position":3,"name":"September Business Spotlight- Silverlake Bistro"}]},{"@type":"WebSite","@id":"https:\/\/www.miamibeachfl.gov\/#website","url":"https:\/\/www.miamibeachfl.gov\/","name":"Ville de Miami Beach","description":"Site officiel de la ville de Miami Beach. Restez inform\u00e9 et trouvez des informations importantes sur les services municipaux, les actualit\u00e9s, les alertes, les \u00e9v\u00e9nements, les itin\u00e9raires de tramway, les emplois gouvernementaux et bien plus encore.","publisher":{"@id":"https:\/\/www.miamibeachfl.gov\/#organization"},"potentialAction":[{"@type":"SearchAction","target":{"@type":"EntryPoint","urlTemplate":"https:\/\/www.miamibeachfl.gov\/?s={search_term_string}"},"query-input":{"@type":"PropertyValueSpecification","valueRequired":true,"valueName":"search_term_string"}}],"inLanguage":"fr-FR"},{"@type":"Organization","@id":"https:\/\/www.miamibeachfl.gov\/#organization","name":"Ville de Miami Beach","url":"https:\/\/www.miamibeachfl.gov\/","logo":{"@type":"ImageObject","inLanguage":"fr-FR","@id":"https:\/\/www.miamibeachfl.gov\/#\/schema\/logo\/image\/","url":"https:\/\/www.miamibeachfl.gov\/wp-content\/uploads\/2022\/06\/miamibeach-logoblue.png","contentUrl":"https:\/\/www.miamibeachfl.gov\/wp-content\/uploads\/2022\/06\/miamibeach-logoblue.png","width":1962,"height":381,"caption":"City of Miami Beach"},"image":{"@id":"https:\/\/www.miamibeachfl.gov\/#\/schema\/logo\/image\/"},"sameAs":["https:\/\/www.facebook.com\/cityofmiamibeach","https:\/\/x.com\/Miamibeachnews","https:\/\/www.instagram.com\/miamibeachnews\/"],"description":"Site officiel de la ville de Miami Beach. Restez inform\u00e9 et trouvez des informations importantes sur les services municipaux, les actualit\u00e9s, les alertes, les \u00e9v\u00e9nements, les itin\u00e9raires de tramway, les emplois gouvernementaux et bien plus encore.","telephone":"305.604.CITY(2489)","legalName":"City of Miami Beach"}]}},"_links":{"self":[{"href":"https:\/\/www.miamibeachfl.gov\/fr\/wp-json\/wp\/v2\/pages\/221727","targetHints":{"allow":["GET"]}}],"collection":[{"href":"https:\/\/www.miamibeachfl.gov\/fr\/wp-json\/wp\/v2\/pages"}],"about":[{"href":"https:\/\/www.miamibeachfl.gov\/fr\/wp-json\/wp\/v2\/types\/page"}],"author":[{"embeddable":true,"href":"https:\/\/www.miamibeachfl.gov\/fr\/wp-json\/wp\/v2\/users\/222"}],"replies":[{"embeddable":true,"href":"https:\/\/www.miamibeachfl.gov\/fr\/wp-json\/wp\/v2\/comments?post=221727"}],"version-history":[{"count":1,"href":"https:\/\/www.miamibeachfl.gov\/fr\/wp-json\/wp\/v2\/pages\/221727\/revisions"}],"predecessor-version":[{"id":375089,"href":"https:\/\/www.miamibeachfl.gov\/fr\/wp-json\/wp\/v2\/pages\/221727\/revisions\/375089"}],"up":[{"embeddable":true,"href":"https:\/\/www.miamibeachfl.gov\/fr\/wp-json\/wp\/v2\/pages\/253255"}],"wp:attachment":[{"href":"https:\/\/www.miamibeachfl.gov\/fr\/wp-json\/wp\/v2\/media?parent=221727"}],"wp:term":[{"taxonomy":"category","embeddable":true,"href":"https:\/\/www.miamibeachfl.gov\/fr\/wp-json\/wp\/v2\/categories?post=221727"},{"taxonomy":"post_tag","embeddable":true,"href":"https:\/\/www.miamibeachfl.gov\/fr\/wp-json\/wp\/v2\/tags?post=221727"}],"curies":[{"name":"wp","href":"https:\/\/api.w.org\/{rel}","templated":true}]}}