{"id":223122,"date":"2022-09-19T11:14:47","date_gmt":"2022-09-19T15:14:47","guid":{"rendered":"https:\/\/www.miamibeachfl.gov\/business-new\/doing-business-with-mb\/business-incentives\/"},"modified":"2025-10-30T14:17:18","modified_gmt":"2025-10-30T18:17:18","slug":"business-incentives","status":"publish","type":"page","link":"https:\/\/www.miamibeachfl.gov\/fr\/business\/doing-business-with-mb\/business-incentives\/","title":{"rendered":"Incitations commerciales"},"content":{"rendered":"<h1>\n\t\t\tIncitations commerciales audacieuses au niveau de l&#039;\u00c9tat et des collectivit\u00e9s locales\t<\/h1>\n\t<p>D\u00e9couvrez les outils disponibles pour les entreprises, les entrepreneurs, les investisseurs et les professionnels entreprenants pour construire un avenir ambitieux, prosp\u00e8re et productif.<\/p>\n\t<a href=\"\/fr\/business\/doing-business-with-mb\/business-incentives\/job-creation-incentive-program\/\" target=\"_self\"  aria-label=\"Acc\u00e9dez \u00e0 \/business\/doing-business-with-mb\/business-incentives\/job-creation-incentive-program\/\"><\/a>\n\t\t\t\t<img decoding=\"async\" src=\"https:\/\/www.miamibeachfl.gov\/wp-content\/uploads\/bb-plugin\/cache\/office-meeting-square.jpg\" alt=\"Office Meeting\" title=\"r\u00e9union de bureau\" itemprop=\"image\"\/>\n\t\t<h3>Programme d&#039;incitation \u00e0 la cr\u00e9ation d&#039;emplois (JCIP)<\/h3>\t\t\t\n\t\t\t\t<p>R\u00e9compenses financi\u00e8res pour les d\u00e9m\u00e9nagements de si\u00e8ges sociaux d&#039;entreprises qui cr\u00e9ent des emplois dans la ville de Miami Beach.<\/p>\n\t<a href=\"\/fr\/business\/doing-business-with-mb\/business-incentives\/expedited-permit-program\/\" target=\"_self\"  aria-label=\"Acc\u00e9dez \u00e0 \/business\/doing-business-with-mb\/business-incentives\/expedited-permit-program\/\"><\/a>\n\t\t\t\t<img decoding=\"async\" src=\"https:\/\/www.miamibeachfl.gov\/wp-content\/uploads\/bb-plugin\/cache\/building-contractor-permits-square.jpg\" alt=\"Building Contractor\" title=\"permis de construire\" itemprop=\"image\"\/>\n\t\t<h3>Programme d&#039;examen acc\u00e9l\u00e9r\u00e9 des plans (EPRP)<\/h3>\t\t\t\n\t\t\t\t<p>Acc\u00e9l\u00e9ration des permis de construire pour les entreprises de technologie et de services financiers, ainsi que pour les si\u00e8ges sociaux \u00e0 Miami Beach.<\/p>\n\t<a href=\"\/fr\/business\/doing-business-with-mb\/business-incentives\/commerical-lease-subsidy-program\/\" target=\"_self\"  aria-label=\"Acc\u00e9dez \u00e0 \/business\/doing-business-with-mb\/business-incentives\/commercial-lease-subsidy-program\/\"><\/a>\n\t\t\t\t<img decoding=\"async\" src=\"https:\/\/www.miamibeachfl.gov\/wp-content\/uploads\/bb-plugin\/cache\/1000pxSquare-miamibeach-aerial-southpointview-square.jpeg\" alt=\"Miami Beach View\" title=\"Vue a\u00e9rienne de Miami Beach (1\u00a0000\u00a0px)\" itemprop=\"image\"\/>\n\t\t<h3>Programme de subvention aux baux commerciaux<\/h3>\t\t\t\n\t\t\t\t<p>Incitations financi\u00e8res pour activer les propri\u00e9t\u00e9s commerciales \u00e0 vocation artistique et culturelle \u00e0 Miami Beach.<\/p>\n\t<a href=\"https:\/\/www.miamibeachfl.gov\/fr\/business\/doing-business-with-mb\/business-incentives\/parking-incentive-program\/\" target=\"_blank\" rel=\"noopener\" aria-label=\"Acc\u00e9dez \u00e0 https:\/\/www.miamibeachfl.gov\/business\/doing-business-with-mb\/business-incentives\/parking-incentive-program\/\"><\/a>\n\t\t\t\t<img decoding=\"async\" src=\"https:\/\/www.miamibeachfl.gov\/wp-content\/uploads\/bb-plugin\/cache\/Parks-Gallery-21-CollinsGaragePark-square.jpeg\" alt=\"parking garage collins\" title=\"Parcs-Galerie-21-CollinsGaragePark\" itemprop=\"image\"\/>\n\t\t<h3>Demande de programme d&#039;incitation au stationnement<\/h3>\t\t\t\n\t\t\t\t<p>La ville de Miami Beach propose un programme d&#039;incitation financi\u00e8re au stationnement pour soutenir la r\u00e9silience \u00e9conomique des entreprises nouvelles ou en expansion dans les secteurs de la technologie, des services financiers, de l&#039;h\u00f4tellerie ou de la sant\u00e9\/du bien-\u00eatre avec un emplacement physique dans la ville.<\/p>\n\t<a href=\"https:\/\/www.miamibeachfl.gov\/fr\/business\/doing-business-with-mb\/business-incentives\/art-deco-painting-incentive-program\/\" target=\"_blank\" rel=\"noopener\" aria-label=\"Acc\u00e9dez \u00e0 https:\/\/www.miamibeachfl.gov\/business\/doing-business-with-mb\/business-incentives\/art-deco-painting-incentive-program\/\"><\/a>\n\t\t\t\t<img decoding=\"async\" src=\"https:\/\/www.miamibeachfl.gov\/wp-content\/uploads\/bb-plugin\/cache\/ArtDeco-Square-1-square.jpg\" alt=\"Art Deco Architecture\" title=\"\" itemprop=\"image\"\/>\n\t\t<h3>Programme d&#039;incitation \u00e0 la peinture Art d\u00e9co<\/h3>\t\t\t\n\t\t\t\t<p>Le programme d&#039;incitation \u00e0 la peinture Art d\u00e9co est un programme d&#039;incitation \u00e0 la subvention de contrepartie con\u00e7u pour aider les propri\u00e9taires d&#039;immeubles commerciaux \u00e0 couvrir les co\u00fbts associ\u00e9s \u00e0 la peinture et \u00e0 l&#039;am\u00e9lioration de la fa\u00e7ade ext\u00e9rieure de leur immeuble.<\/p>\n\t\t<h3>Le Miami-Dade Beacon Council aide les entreprises \u00e0 comprendre le paysage des incitations commerciales et analyse leur \u00e9ligibilit\u00e9 aux incitations commerciales locales et nationales li\u00e9es \u00e0 la cr\u00e9ation d&#039;emplois et \u00e0 la formation de la main-d&#039;\u0153uvre.<\/h3>\n\t\t\t<a href=\"https:\/\/www.beaconcouncil.com\/solutions\/locating-expanding-companies\/incentives\/#toggle-id-3\" title=\"Cliquez ici\" target=\"_blank\" rel=\"noopener\"  role=\"button\" aria-label=\"Incitations du comt\u00e9\">\n\t\t\t\t\t\t\t\t\t\t\tIncitations du comt\u00e9\n\t\t<\/a>\n\t\t<h3>La Floride offre des avantages fondamentaux en mati\u00e8re de rentabilit\u00e9 \u00e0 long terme et des incitations pour tous les types d\u2019entreprises, des si\u00e8ges sociaux aux usines de fabrication et aux soci\u00e9t\u00e9s de services.<\/h3>\n\t\t\t<a href=\"https:\/\/selectflorida.org\/why-florida\/business-climate\/\" title=\"Cliquez ici\" target=\"_blank\" rel=\"noopener\"  role=\"button\" aria-label=\"Incitations de l&#039;\u00c9tat\">\n\t\t\t\t\t\t\t\t\t\t\tIncitations de l&#039;\u00c9tat\n\t\t<\/a>\n\t\t<h3>D\u00e9couvrez les ressources et les services que les bureaux du minist\u00e8re du Commerce des \u00c9tats-Unis fournissent aux entrepreneurs, aux propri\u00e9taires d\u2019entreprise, aux exportateurs, aux inventeurs et plus encore.<\/h3>\n\t\t\t<a href=\"https:\/\/www.commerce.gov\/work-with-us\/services-for-businesses\" title=\"Cliquez ici\" target=\"_blank\" rel=\"noopener\"  role=\"button\" aria-label=\"Services f\u00e9d\u00e9raux\">\n\t\t\t\t\t\t\t\t\t\t\tServices f\u00e9d\u00e9raux\n\t\t<\/a>\n\t\t\t\t\t\t\t\t\t\t\t\t<h3>Exon\u00e9ration de la taxe ad valorem<\/h3>\n\t\t\t\t\t\t<p>Une mesure incitative visant \u00e0 encourager la r\u00e9habilitation et l&#039;entretien des b\u00e2timents historiques. Pour b\u00e9n\u00e9ficier de l&#039;exon\u00e9ration fiscale, les biens doivent \u00eatre inscrits au Registre national des lieux historiques ou faire partie d&#039;un b\u00e2timent historique class\u00e9 localement.<\/p>\t\t\t\t\t\n\t\t\t<!-- END .front -->\n\t\t\t<a href=\"https:\/\/www.miamidade.gov\/global\/economy\/historic-preservation\/tax-exemption.page\" title=\"Cliquez ici\" target=\"_blank\" rel=\"noopener\"  role=\"button\" aria-label=\"Apprendre encore plus\">\n\t\t\t\t\t\t\tApprendre encore plus\n\t\t<\/a>\n\t\t\t<!-- END .back -->\n\t\t <!-- ifb-flip-box -->\n\t <!-- flip-box -->\n\t\t\t\t\t\t\t\t\t\t\t\t<h3>Notions de base sur le cr\u00e9dit d&#039;imp\u00f4t 20%<\/h3>\n\t\t\t\t\t\t<p>Disponible pour la r\u00e9habilitation de b\u00e2timents historiques g\u00e9n\u00e9rateurs de revenus qui sont d\u00e9termin\u00e9s par le secr\u00e9taire de l&#039;Int\u00e9rieur, par l&#039;interm\u00e9diaire du National Park Service, comme \u00e9tant des \u00ab structures historiques certifi\u00e9es \u00bb.<\/p>\t\t\t\t\t\n\t\t\t<!-- END .front -->\n\t\t\t<a href=\"http:\/\/www.nps.gov\/subjects\/taxincentives\/tax-credit-basics.htm\" title=\"Cliquez ici\" target=\"_blank\" rel=\"noopener\"  role=\"button\" aria-label=\"Apprendre encore plus\">\n\t\t\t\t\t\t\tApprendre encore plus\n\t\t<\/a>\n\t\t\t<!-- END .back -->\n\t\t <!-- ifb-flip-box -->\n\t <!-- flip-box -->\n\t\t<h2>Le bureau du Consortium du commerce international du comt\u00e9 de Miami-Dade (ITC) est l&#039;interlocuteur principal du comt\u00e9 aupr\u00e8s des gouvernements \u00e9trangers et travaille en \u00e9troite collaboration avec les autres bureaux pour garantir le respect des proc\u00e9dures et des services protocolaires. L&#039;objectif du Consortium du commerce international est de consolider la position du comt\u00e9 en tant que \u00ab\u00a0porte d&#039;entr\u00e9e mondiale\u00a0\u00bb pour le commerce international en am\u00e9liorant les relations internationales, la compr\u00e9hension culturelle et les \u00e9changes commerciaux.<\/h2>\n\t\t\t<a href=\"https:\/\/www.miamidade.gov\/global\/government\/international-trade\/home.page\" title=\"Cliquez ici\" target=\"_blank\" rel=\"noopener\"  role=\"button\" aria-label=\"Incitations aux entreprises internationales\">\n\t\t\t\t\t\t\t\t\t\t\tIncitations aux entreprises internationales\n\t\t<\/a>\n\t<a href=\"\/fr\/spotlight\/\" target=\"_self\"  aria-label=\"Aller \u00e0 \/spotlight\/\"><\/a>\n\t\t\t\t<img decoding=\"async\" src=\"https:\/\/www.miamibeachfl.gov\/wp-content\/uploads\/2022\/07\/icon-mbbiznews.png\" alt=\"icon-mbbiznews\" title=\"ic\u00f4ne-mbbiznews\" itemprop=\"image\"\/>\n\t\t<h3>Derni\u00e8res nouvelles<\/h3>\t\t\t\n\t\t\t\t<p>Parcourez nos bulletins d\u2019information et nos articles d\u2019actualit\u00e9 pour obtenir les derni\u00e8res informations et ressources disponibles pour notre communaut\u00e9 d\u2019affaires.\u00a0<\/p>\n\t<a href=\"\/fr\/business\/whymb\/dashboard\/\" target=\"_self\"  aria-label=\"Acc\u00e9dez \u00e0 \/business\/whymb\/dashboard\/\"><\/a>\n\t\t\t\t<img decoding=\"async\" src=\"https:\/\/www.miamibeachfl.gov\/wp-content\/uploads\/2022\/07\/icon-bizincentives.png\" alt=\"icon-bizincentives\" title=\"ic\u00f4ne-bizincentives\" itemprop=\"image\"\/>\n\t\t<h3>Ressources commerciales<\/h3>\t\t\t\n\t\t\t\t<p>Des outils pour vous aider \u00e0 comprendre les derniers indicateurs commerciaux, la d\u00e9mographie et les tendances du secteur au sein de la ville de Miami Beach.<\/p>\n\t<a href=\"\/fr\/business\/doing-business-with-mb\/mbbiz-events\/\" target=\"_self\"  aria-label=\"Acc\u00e9dez \u00e0 \/business\/doing-business-with-mb\/mbbiz-events\/\"><\/a>\n\t\t\t\t<img decoding=\"async\" src=\"https:\/\/www.miamibeachfl.gov\/wp-content\/uploads\/2022\/07\/icon-mbbicalendarincircle-2.png\" alt=\"icon-mbbicalendarincircle\" title=\"ic\u00f4ne-mbbicalendarincircle\" itemprop=\"image\"\/>\n\t\t<h3>\u00c9v\u00e9nements \u00e0 venir<\/h3>\t\t\t\n\t\t\t\t<p>D\u00e9couvrez nos \u00e9v\u00e9nements \u00e0 venir.<\/p>\n\t\t<h3><a href=\"tel:3056737572\"  target=\"_self\">\t\n\t305.673.7572<\/a><\/h3>\t\n\t\t<h3><a href=\"mailto:mbbiz@miamibeachfl.gov\"  target=\"_self\">\t\n\tmbbiz@miamibeachfl.gov<\/a><\/h3>\t\n\t\t<h3><a href=\"\/fr\/business\/\"  target=\"_blank\"  rel=\"noopener\">\t\n\twww.MBBiz.com<\/a><\/h3>\t\n\t\t<h2>Abonnez-vous \u00e0 la newsletter MBBiz<\/h2>\n\t\t\t\t<p>Recevez des ressources et des mises \u00e0 jour du D\u00e9partement du d\u00e9veloppement \u00e9conomique envoy\u00e9es directement sur votre t\u00e9l\u00e9phone.<\/p>\n\t\t\t<a href=\"\/fr\/mbbiznews\/\" title=\"Cliquez ici\" target=\"_self\"   role=\"button\" aria-label=\"Abonnez-vous maintenant\">\n\t\t\t\t\t\t\t\t\t\t\tAbonnez-vous maintenant\n\t\t<\/a>","protected":false},"excerpt":{"rendered":"<p>Bold State &#038; Local Business Incentives Discover the tools available for businesses, entrepreneurs, investors, and enterprising professionals to build an [&hellip;]<\/p>\n","protected":false},"author":222,"featured_media":0,"parent":197440,"menu_order":37,"comment_status":"closed","ping_status":"closed","template":"","meta":{"_searchwp_excluded":"","site-sidebar-layout":"default","site-content-layout":"","ast-site-content-layout":"default","site-content-style":"default","site-sidebar-style":"default","ast-global-header-display":"","ast-banner-title-visibility":"","ast-main-header-display":"","ast-hfb-above-header-display":"","ast-hfb-below-header-display":"","ast-hfb-mobile-header-display":"","site-post-title":"","ast-breadcrumbs-content":"","ast-featured-img":"","footer-sml-layout":"","theme-transparent-header-meta":"","adv-header-id-meta":"","stick-header-meta":"","header-above-stick-meta":"","header-main-stick-meta":"","header-below-stick-meta":"","astra-migrate-meta-layouts":"default","ast-page-background-enabled":"default","ast-page-background-meta":{"desktop":{"background-color":"var(--ast-global-color-5)","background-image":"","background-repeat":"repeat","background-position":"center center","background-size":"auto","background-attachment":"scroll","background-type":"","background-media":"","overlay-type":"","overlay-color":"","overlay-opacity":"","overlay-gradient":""},"tablet":{"background-color":"","background-image":"","background-repeat":"repeat","background-position":"center center","background-size":"auto","background-attachment":"scroll","background-type":"","background-media":"","overlay-type":"","overlay-color":"","overlay-opacity":"","overlay-gradient":""},"mobile":{"background-color":"","background-image":"","background-repeat":"repeat","background-position":"center center","background-size":"auto","background-attachment":"scroll","background-type":"","background-media":"","overlay-type":"","overlay-color":"","overlay-opacity":"","overlay-gradient":""}},"ast-content-background-meta":{"desktop":{"background-color":"var(--ast-global-color-4)","background-image":"","background-repeat":"repeat","background-position":"center center","background-size":"auto","background-attachment":"scroll","background-type":"","background-media":"","overlay-type":"","overlay-color":"","overlay-opacity":"","overlay-gradient":""},"tablet":{"background-color":"var(--ast-global-color-4)","background-image":"","background-repeat":"repeat","background-position":"center center","background-size":"auto","background-attachment":"scroll","background-type":"","background-media":"","overlay-type":"","overlay-color":"","overlay-opacity":"","overlay-gradient":""},"mobile":{"background-color":"var(--ast-global-color-4)","background-image":"","background-repeat":"repeat","background-position":"center center","background-size":"auto","background-attachment":"scroll","background-type":"","background-media":"","overlay-type":"","overlay-color":"","overlay-opacity":"","overlay-gradient":""}},"footnotes":""},"categories":[],"tags":[],"class_list":["post-223122","page","type-page","status-publish","hentry"],"yoast_head":"<!-- This site is optimized with the Yoast SEO Premium plugin v27.4 (Yoast SEO v27.4) - https:\/\/yoast.com\/product\/yoast-seo-premium-wordpress\/ -->\n<title>Business Incentives - City of Miami Beach<\/title>\n<meta name=\"description\" content=\"%\" \/>\n<meta name=\"robots\" content=\"index, follow, max-snippet:-1, max-image-preview:large, max-video-preview:-1\" \/>\n<link rel=\"canonical\" href=\"https:\/\/www.miamibeachfl.gov\/fr\/business\/doing-business-with-mb\/business-incentives\/\" \/>\n<meta property=\"og:locale\" content=\"fr_FR\" \/>\n<meta property=\"og:type\" content=\"article\" \/>\n<meta property=\"og:title\" content=\"Business Incentives\" \/>\n<meta property=\"og:description\" content=\"%\" \/>\n<meta property=\"og:url\" content=\"https:\/\/www.miamibeachfl.gov\/fr\/business\/doing-business-with-mb\/business-incentives\/\" \/>\n<meta property=\"og:site_name\" content=\"City of Miami Beach\" \/>\n<meta property=\"article:publisher\" content=\"https:\/\/www.facebook.com\/cityofmiamibeach\" \/>\n<meta property=\"article:modified_time\" content=\"2025-10-30T18:17:18+00:00\" \/>\n<meta property=\"og:image\" content=\"https:\/\/www.miamibeachfl.gov\/wp-content\/uploads\/bb-plugin\/cache\/office-meeting-square.jpg\" \/>\n<meta name=\"twitter:card\" content=\"summary_large_image\" \/>\n<meta name=\"twitter:site\" content=\"@Miamibeachnews\" \/>\n<script type=\"application\/ld+json\" class=\"yoast-schema-graph\">{\"@context\":\"https:\\\/\\\/schema.org\",\"@graph\":[{\"@type\":\"WebPage\",\"@id\":\"https:\\\/\\\/www.miamibeachfl.gov\\\/business\\\/doing-business-with-mb\\\/business-incentives\\\/\",\"url\":\"https:\\\/\\\/www.miamibeachfl.gov\\\/business\\\/doing-business-with-mb\\\/business-incentives\\\/\",\"name\":\"Business Incentives - City of Miami Beach\",\"isPartOf\":{\"@id\":\"https:\\\/\\\/www.miamibeachfl.gov\\\/#website\"},\"primaryImageOfPage\":{\"@id\":\"https:\\\/\\\/www.miamibeachfl.gov\\\/business\\\/doing-business-with-mb\\\/business-incentives\\\/#primaryimage\"},\"image\":{\"@id\":\"https:\\\/\\\/www.miamibeachfl.gov\\\/business\\\/doing-business-with-mb\\\/business-incentives\\\/#primaryimage\"},\"thumbnailUrl\":\"https:\\\/\\\/www.miamibeachfl.gov\\\/wp-content\\\/uploads\\\/bb-plugin\\\/cache\\\/office-meeting-square.jpg\",\"datePublished\":\"2022-09-19T15:14:47+00:00\",\"dateModified\":\"2025-10-30T18:17:18+00:00\",\"description\":\"%\",\"breadcrumb\":{\"@id\":\"https:\\\/\\\/www.miamibeachfl.gov\\\/business\\\/doing-business-with-mb\\\/business-incentives\\\/#breadcrumb\"},\"inLanguage\":\"fr-FR\",\"potentialAction\":[{\"@type\":\"ReadAction\",\"target\":[\"https:\\\/\\\/www.miamibeachfl.gov\\\/business\\\/doing-business-with-mb\\\/business-incentives\\\/\"]}]},{\"@type\":\"ImageObject\",\"inLanguage\":\"fr-FR\",\"@id\":\"https:\\\/\\\/www.miamibeachfl.gov\\\/business\\\/doing-business-with-mb\\\/business-incentives\\\/#primaryimage\",\"url\":\"https:\\\/\\\/www.miamibeachfl.gov\\\/wp-content\\\/uploads\\\/bb-plugin\\\/cache\\\/office-meeting-square.jpg\",\"contentUrl\":\"https:\\\/\\\/www.miamibeachfl.gov\\\/wp-content\\\/uploads\\\/bb-plugin\\\/cache\\\/office-meeting-square.jpg\"},{\"@type\":\"BreadcrumbList\",\"@id\":\"https:\\\/\\\/www.miamibeachfl.gov\\\/business\\\/doing-business-with-mb\\\/business-incentives\\\/#breadcrumb\",\"itemListElement\":[{\"@type\":\"ListItem\",\"position\":1,\"name\":\"Home\",\"item\":\"https:\\\/\\\/www.miamibeachfl.gov\\\/\"},{\"@type\":\"ListItem\",\"position\":2,\"name\":\"Business\",\"item\":\"https:\\\/\\\/www.miamibeachfl.gov\\\/business\\\/\"},{\"@type\":\"ListItem\",\"position\":3,\"name\":\"Doing Business with MB\",\"item\":\"https:\\\/\\\/www.miamibeachfl.gov\\\/business\\\/doing-business-with-mb\\\/\"},{\"@type\":\"ListItem\",\"position\":4,\"name\":\"Business Incentives\"}]},{\"@type\":\"WebSite\",\"@id\":\"https:\\\/\\\/www.miamibeachfl.gov\\\/#website\",\"url\":\"https:\\\/\\\/www.miamibeachfl.gov\\\/\",\"name\":\"City of Miami Beach\",\"description\":\"The official website of the City of Miami Beach. Stay informed, find important information on city services, news, alerts, events, trolley routes, government employment and more.\",\"publisher\":{\"@id\":\"https:\\\/\\\/www.miamibeachfl.gov\\\/#organization\"},\"potentialAction\":[{\"@type\":\"SearchAction\",\"target\":{\"@type\":\"EntryPoint\",\"urlTemplate\":\"https:\\\/\\\/www.miamibeachfl.gov\\\/?s={search_term_string}\"},\"query-input\":{\"@type\":\"PropertyValueSpecification\",\"valueRequired\":true,\"valueName\":\"search_term_string\"}}],\"inLanguage\":\"fr-FR\"},{\"@type\":\"Organization\",\"@id\":\"https:\\\/\\\/www.miamibeachfl.gov\\\/#organization\",\"name\":\"City of Miami Beach\",\"url\":\"https:\\\/\\\/www.miamibeachfl.gov\\\/\",\"logo\":{\"@type\":\"ImageObject\",\"inLanguage\":\"fr-FR\",\"@id\":\"https:\\\/\\\/www.miamibeachfl.gov\\\/#\\\/schema\\\/logo\\\/image\\\/\",\"url\":\"https:\\\/\\\/www.miamibeachfl.gov\\\/wp-content\\\/uploads\\\/2022\\\/06\\\/miamibeach-logoblue.png\",\"contentUrl\":\"https:\\\/\\\/www.miamibeachfl.gov\\\/wp-content\\\/uploads\\\/2022\\\/06\\\/miamibeach-logoblue.png\",\"width\":1962,\"height\":381,\"caption\":\"City of Miami Beach\"},\"image\":{\"@id\":\"https:\\\/\\\/www.miamibeachfl.gov\\\/#\\\/schema\\\/logo\\\/image\\\/\"},\"sameAs\":[\"https:\\\/\\\/www.facebook.com\\\/cityofmiamibeach\",\"https:\\\/\\\/x.com\\\/Miamibeachnews\",\"https:\\\/\\\/www.instagram.com\\\/miamibeachnews\\\/\"],\"description\":\"The official website of the City of Miami Beach. Stay informed, find important information on city services, news, alerts, events, trolley routes, government employment and more.\",\"telephone\":\"305.604.CITY(2489)\",\"legalName\":\"City of Miami Beach\"}]}<\/script>\n<!-- \/ Yoast SEO Premium plugin. -->","yoast_head_json":{"title":"Incitations commerciales - Ville de Miami Beach","description":"%","robots":{"index":"index","follow":"follow","max-snippet":"max-snippet:-1","max-image-preview":"max-image-preview:large","max-video-preview":"max-video-preview:-1"},"canonical":"https:\/\/www.miamibeachfl.gov\/fr\/business\/doing-business-with-mb\/business-incentives\/","og_locale":"fr_FR","og_type":"article","og_title":"Business Incentives","og_description":"%","og_url":"https:\/\/www.miamibeachfl.gov\/fr\/business\/doing-business-with-mb\/business-incentives\/","og_site_name":"City of Miami Beach","article_publisher":"https:\/\/www.facebook.com\/cityofmiamibeach","article_modified_time":"2025-10-30T18:17:18+00:00","og_image":[{"url":"https:\/\/www.miamibeachfl.gov\/wp-content\/uploads\/bb-plugin\/cache\/office-meeting-square.jpg","type":"","width":"","height":""}],"twitter_card":"summary_large_image","twitter_site":"@Miamibeachnews","schema":{"@context":"https:\/\/schema.org","@graph":[{"@type":"WebPage","@id":"https:\/\/www.miamibeachfl.gov\/business\/doing-business-with-mb\/business-incentives\/","url":"https:\/\/www.miamibeachfl.gov\/business\/doing-business-with-mb\/business-incentives\/","name":"Incitations commerciales - Ville de Miami Beach","isPartOf":{"@id":"https:\/\/www.miamibeachfl.gov\/#website"},"primaryImageOfPage":{"@id":"https:\/\/www.miamibeachfl.gov\/business\/doing-business-with-mb\/business-incentives\/#primaryimage"},"image":{"@id":"https:\/\/www.miamibeachfl.gov\/business\/doing-business-with-mb\/business-incentives\/#primaryimage"},"thumbnailUrl":"https:\/\/www.miamibeachfl.gov\/wp-content\/uploads\/bb-plugin\/cache\/office-meeting-square.jpg","datePublished":"2022-09-19T15:14:47+00:00","dateModified":"2025-10-30T18:17:18+00:00","description":"%","breadcrumb":{"@id":"https:\/\/www.miamibeachfl.gov\/business\/doing-business-with-mb\/business-incentives\/#breadcrumb"},"inLanguage":"fr-FR","potentialAction":[{"@type":"ReadAction","target":["https:\/\/www.miamibeachfl.gov\/business\/doing-business-with-mb\/business-incentives\/"]}]},{"@type":"ImageObject","inLanguage":"fr-FR","@id":"https:\/\/www.miamibeachfl.gov\/business\/doing-business-with-mb\/business-incentives\/#primaryimage","url":"https:\/\/www.miamibeachfl.gov\/wp-content\/uploads\/bb-plugin\/cache\/office-meeting-square.jpg","contentUrl":"https:\/\/www.miamibeachfl.gov\/wp-content\/uploads\/bb-plugin\/cache\/office-meeting-square.jpg"},{"@type":"BreadcrumbList","@id":"https:\/\/www.miamibeachfl.gov\/business\/doing-business-with-mb\/business-incentives\/#breadcrumb","itemListElement":[{"@type":"ListItem","position":1,"name":"Home","item":"https:\/\/www.miamibeachfl.gov\/"},{"@type":"ListItem","position":2,"name":"Business","item":"https:\/\/www.miamibeachfl.gov\/business\/"},{"@type":"ListItem","position":3,"name":"Doing Business with MB","item":"https:\/\/www.miamibeachfl.gov\/business\/doing-business-with-mb\/"},{"@type":"ListItem","position":4,"name":"Business Incentives"}]},{"@type":"WebSite","@id":"https:\/\/www.miamibeachfl.gov\/#website","url":"https:\/\/www.miamibeachfl.gov\/","name":"Ville de Miami Beach","description":"Site officiel de la ville de Miami Beach. Restez inform\u00e9 et trouvez des informations importantes sur les services municipaux, les actualit\u00e9s, les alertes, les \u00e9v\u00e9nements, les itin\u00e9raires de tramway, les emplois gouvernementaux et bien plus encore.","publisher":{"@id":"https:\/\/www.miamibeachfl.gov\/#organization"},"potentialAction":[{"@type":"SearchAction","target":{"@type":"EntryPoint","urlTemplate":"https:\/\/www.miamibeachfl.gov\/?s={search_term_string}"},"query-input":{"@type":"PropertyValueSpecification","valueRequired":true,"valueName":"search_term_string"}}],"inLanguage":"fr-FR"},{"@type":"Organization","@id":"https:\/\/www.miamibeachfl.gov\/#organization","name":"Ville de Miami Beach","url":"https:\/\/www.miamibeachfl.gov\/","logo":{"@type":"ImageObject","inLanguage":"fr-FR","@id":"https:\/\/www.miamibeachfl.gov\/#\/schema\/logo\/image\/","url":"https:\/\/www.miamibeachfl.gov\/wp-content\/uploads\/2022\/06\/miamibeach-logoblue.png","contentUrl":"https:\/\/www.miamibeachfl.gov\/wp-content\/uploads\/2022\/06\/miamibeach-logoblue.png","width":1962,"height":381,"caption":"City of Miami Beach"},"image":{"@id":"https:\/\/www.miamibeachfl.gov\/#\/schema\/logo\/image\/"},"sameAs":["https:\/\/www.facebook.com\/cityofmiamibeach","https:\/\/x.com\/Miamibeachnews","https:\/\/www.instagram.com\/miamibeachnews\/"],"description":"Site officiel de la ville de Miami Beach. Restez inform\u00e9 et trouvez des informations importantes sur les services municipaux, les actualit\u00e9s, les alertes, les \u00e9v\u00e9nements, les itin\u00e9raires de tramway, les emplois gouvernementaux et bien plus encore.","telephone":"305.604.CITY(2489)","legalName":"City of Miami Beach"}]}},"_links":{"self":[{"href":"https:\/\/www.miamibeachfl.gov\/fr\/wp-json\/wp\/v2\/pages\/223122","targetHints":{"allow":["GET"]}}],"collection":[{"href":"https:\/\/www.miamibeachfl.gov\/fr\/wp-json\/wp\/v2\/pages"}],"about":[{"href":"https:\/\/www.miamibeachfl.gov\/fr\/wp-json\/wp\/v2\/types\/page"}],"author":[{"embeddable":true,"href":"https:\/\/www.miamibeachfl.gov\/fr\/wp-json\/wp\/v2\/users\/222"}],"replies":[{"embeddable":true,"href":"https:\/\/www.miamibeachfl.gov\/fr\/wp-json\/wp\/v2\/comments?post=223122"}],"version-history":[{"count":7,"href":"https:\/\/www.miamibeachfl.gov\/fr\/wp-json\/wp\/v2\/pages\/223122\/revisions"}],"predecessor-version":[{"id":390899,"href":"https:\/\/www.miamibeachfl.gov\/fr\/wp-json\/wp\/v2\/pages\/223122\/revisions\/390899"}],"up":[{"embeddable":true,"href":"https:\/\/www.miamibeachfl.gov\/fr\/wp-json\/wp\/v2\/pages\/197440"}],"wp:attachment":[{"href":"https:\/\/www.miamibeachfl.gov\/fr\/wp-json\/wp\/v2\/media?parent=223122"}],"wp:term":[{"taxonomy":"category","embeddable":true,"href":"https:\/\/www.miamibeachfl.gov\/fr\/wp-json\/wp\/v2\/categories?post=223122"},{"taxonomy":"post_tag","embeddable":true,"href":"https:\/\/www.miamibeachfl.gov\/fr\/wp-json\/wp\/v2\/tags?post=223122"}],"curies":[{"name":"wp","href":"https:\/\/api.w.org\/{rel}","templated":true}]}}