{"id":225181,"date":"2022-10-05T14:07:35","date_gmt":"2022-10-05T18:07:35","guid":{"rendered":"https:\/\/www.miamibeachfl.gov\/?page_id=225181"},"modified":"2026-04-22T15:11:36","modified_gmt":"2026-04-22T19:11:36","slug":"ada","status":"publish","type":"page","link":"https:\/\/www.miamibeachfl.gov\/fr\/ada\/","title":{"rendered":"ADA"},"content":{"rendered":"<h1>\n\t\t\tServices et informations ADA \u00e0 Miami Beach\t<\/h1>\n\t<p>Le bureau ADA et le responsable ADA sont charg\u00e9s de coordonner les efforts de la ville de Miami Beach pour se conformer au titre II et d&#039;enqu\u00eater sur toute plainte ou tout grief d\u00e9pos\u00e9 concernant toute pratique discriminatoire de la ville.<\/p>\n\t\t<figure itemscope itemtype=\"https:\/\/schema.org\/ImageObject\">\n\t\t\t\t<img decoding=\"async\" src=\"https:\/\/www.miamibeachfl.gov\/wp-content\/uploads\/2022\/10\/icon-ada-cityservices.png\" alt=\"ADA Miami Beach City Services\" height=\"641\" width=\"641\" title=\"ic\u00f4ne-ada-cityservices\" onerror=\"this.style.display='none'\" loading=\"lazy\" \/>\n\t<\/figure>\n<h2>SERVICES MUNICIPAUX<\/h2>\t\n\t\t\t<a href=\"https:\/\/www.miamibeachfl.gov\/fr\/city-hall\/parking\/ada-parking\/\"  target=\"_self\">\n\t\t\t\t\t\t\tStationnement pour personnes handicap\u00e9es\n\t\t\t\t\t<\/a>\n\t\t\t<a href=\"https:\/\/www.miamibeachfl.gov\/wp-content\/uploads\/2022\/03\/Disabled-Permit-Info-Website.pdf\"  target=\"_self\">\n\t\t\t\t\t\t\tPermis de stationnement pour personnes handicap\u00e9es\n\t\t\t\t\t<\/a>\n\t\t\t<a href=\"\/fr\/ada\/beach-wheelchair-access\/\"  target=\"_self\">\n\t\t\t\t\t\t\tAcc\u00e8s \u00e0 la plage pour les personnes handicap\u00e9es\n\t\t\t\t\t<\/a>\n\t\t\t<a href=\"https:\/\/www.miamibeachfl.gov\/fr\/ada\/difficulty-of-hearing\/\"  target=\"_self\">\n\t\t\t\t\t\t\tmalentendants\n\t\t\t\t\t<\/a>\n\t\t<figure itemscope itemtype=\"https:\/\/schema.org\/ImageObject\">\n\t\t\t\t<img decoding=\"async\" src=\"https:\/\/www.miamibeachfl.gov\/wp-content\/uploads\/2022\/10\/icon-handshake.png\" alt=\"handshake icon\" height=\"641\" width=\"641\" title=\"ic\u00f4ne-poign\u00e9e de main\" onerror=\"this.style.display='none'\" loading=\"lazy\" \/>\n\t<\/figure>\n<h2>INFO &amp; CONFORMIT\u00c9<\/h2>\t\n\t\t\t<a href=\"https:\/\/www.miamibeachfl.gov\/fr\/city-hall\/city-clerk\/boards-and-committees\/disability-access-committee\/\"  target=\"_self\">\n\t\t\t\t\t\t\tComit\u00e9 d&#039;acc\u00e8s aux personnes handicap\u00e9es\n\t\t\t\t\t<\/a>\n\t\t\t<a href=\"https:\/\/www.miamibeachfl.gov\/fr\/ada\/ada-handbook-title-ii\/\"  target=\"_self\">\n\t\t\t\t\t\t\tManuel de l&#039;ADA\n\t\t\t\t\t<\/a>\n\t\t\t<a href=\"https:\/\/www.miamibeachfl.gov\/fr\/ada\/americans-with-disability-act\/\"  target=\"_self\">\n\t\t\t\t\t\t\tLoi sur les Am\u00e9ricains handicap\u00e9s\n\t\t\t\t\t<\/a>\n\t\t\t<a href=\"https:\/\/www.miamibeachfl.gov\/wp-content\/uploads\/2018\/01\/ADA-NOTICE-2014.pdf\"  target=\"_self\">\n\t\t\t\t\t\t\tAvis ADA\n\t\t\t\t\t<\/a>\n\t\t\t<a href=\"https:\/\/www.miamibeachfl.gov\/fr\/ada\/disability-hiring-policy\/\"  target=\"_self\">\n\t\t\t\t\t\t\tPolitique d&#039;embauche des personnes handicap\u00e9es\n\t\t\t\t\t<\/a>\n\t\t\t<a href=\"https:\/\/www.miamibeachfl.gov\/fr\/ada\/disability-etiquette\/\"  target=\"_self\">\n\t\t\t\t\t\t\t\u00c9tiquette du handicap\n\t\t\t\t\t<\/a>\n\t\t\t<a href=\"https:\/\/www.miamibeachfl.gov\/fr\/ada\/white-cane-law\/\"  target=\"_self\">\n\t\t\t\t\t\t\tLoi sur la canne blanche\n\t\t\t\t\t<\/a>\n\t\t<figure itemscope itemtype=\"https:\/\/schema.org\/ImageObject\">\n\t\t\t\t<img decoding=\"async\" src=\"https:\/\/www.miamibeachfl.gov\/wp-content\/uploads\/2022\/10\/icon-fillout.png\" alt=\"fill out a form\" height=\"641\" width=\"641\" title=\"ic\u00f4ne-remplissage\" onerror=\"this.style.display='none'\" loading=\"lazy\" \/>\n\t<\/figure>\n<h2>FORMULAIRES ET PROC\u00c9DURES<\/h2>\t\n\t\t\t<a href=\"https:\/\/www.miamibeachfl.gov\/fr\/ada\/complaints-for-discrimination\/\"  target=\"_self\">\n\t\t\t\t\t\t\tD\u00e9poser une r\u00e9clamation\n\t\t\t\t\t<\/a>\n\t\t\t<a href=\"https:\/\/www.miamibeachfl.gov\/fr\/ada\/ada-request\/\"  target=\"_self\">\n\t\t\t\t\t\t\tDemande ADA\n\t\t\t\t\t<\/a>\n<h3>\n\t\t\tContactez le responsable de l&#039;ADA :\t<\/h3>\n\t<strong>Valeria Mejia<\/strong><br \/>\n<strong>Responsable ADA<\/strong><br \/>\n<strong><a href=\"tel:3056737080\">305.673.7080 (VOIX)<\/a><\/strong><br \/>\n<strong><a href=\"tel:711\">7-1-1 (Relais de Floride)<\/a><\/strong><br \/>\n<strong><a href=\"mailto:valeriamejia@miamibeachfl.gov\">valeriamejia@miamibeachfl.gov<\/a> <\/strong>\n\t\t<figure itemscope itemtype=\"https:\/\/schema.org\/ImageObject\">\n\t\t\t\t<img decoding=\"async\" src=\"https:\/\/www.miamibeachfl.gov\/wp-content\/uploads\/2022\/10\/icon-externallinks.png\" alt=\"external link\" height=\"641\" width=\"641\" title=\"ic\u00f4ne-liens externes\" onerror=\"this.style.display='none'\" loading=\"lazy\" \/>\n\t<\/figure>\n<h2>LIENS UTILES<\/h2>\t\n\t\t\t<a href=\"https:\/\/www.ada.gov\/taxcred.htm#:~:text=IRS%20Tax%20Credits%20and%20Deductions&#038;text=The%20tax%20credit%20is%20available,(maximum%20credit%20of%20%245000).\"  target=\"_blank\" rel=\"noopener\">\n\t\t\t\t\t\t\tCr\u00e9dit d&#039;imp\u00f4t ADA IRS\n\t\t\t\t\t<\/a>\n\t\t\t<a href=\"https:\/\/www.cilsf.org\/ourhistory\"  target=\"_blank\" rel=\"noopener\">\n\t\t\t\t\t\t\tCentre de vie autonome du sud de la Floride\n\t\t\t\t\t<\/a>\n\t\t\t<a href=\"https:\/\/www.rehabworks.org\/\"  target=\"_blank\" rel=\"noopener\">\n\t\t\t\t\t\t\tR\u00e9adaptation professionnelle en Floride\n\t\t\t\t\t<\/a>\n\t\t\t<a href=\"https:\/\/www.miamidade.gov\/global\/humanresources\/fair-employment\/human-rights-commission.page\"  target=\"_blank\" rel=\"noopener\">\n\t\t\t\t\t\t\tCommission des droits de l&#039;homme du comt\u00e9 de Miami-Dade\n\t\t\t\t\t<\/a>\n\t\t\t<a href=\"https:\/\/www.miamilighthouse.org\/\"  target=\"_blank\" rel=\"noopener\">\n\t\t\t\t\t\t\tPhare de Miami pour les aveugles et les malvoyants\n\t\t\t\t\t<\/a>\n<h3>\n\t\t\tLa Croix-Rouge am\u00e9ricaine rend la pr\u00e9paration accessible\t<\/h3>\n\t\t\t<a href=\"https:\/\/adasoutheast.org\/new-american-red-cross-emergency-preparedness-app\/\" title=\"T\u00e9l\u00e9chargez la nouvelle application de pr\u00e9paration de la Croix-Rouge am\u00e9ricaine pour assurer la s\u00e9curit\u00e9 de votre foyer. Cliquez ici pour des instructions sous-titr\u00e9es en langue des signes am\u00e9ricaine (ASL).\" target=\"_blank\" rel=\"noopener\"  role=\"button\" aria-label=\"T\u00e9l\u00e9chargez la nouvelle application de pr\u00e9paration de la Croix-Rouge am\u00e9ricaine pour assurer la s\u00e9curit\u00e9 de votre foyer. Cliquez ici pour des instructions sous-titr\u00e9es en langue des signes am\u00e9ricaine (ASL).\">\n\t\t\t\t\t\t\tT\u00e9l\u00e9chargez la nouvelle application de pr\u00e9paration de la Croix-Rouge am\u00e9ricaine pour assurer la s\u00e9curit\u00e9 de votre foyer. Cliquez ici pour des instructions sous-titr\u00e9es en langue des signes am\u00e9ricaine (ASL).\n\t\t<\/a>\n\t\t<img decoding=\"async\" src=\"https:\/\/www.miamibeachfl.gov\/wp-content\/uploads\/2023\/02\/ADAvideothumbARC.jpg\" alt=\"\"\/>\n<figure itemscope itemtype=\"https:\/\/schema.org\/ImageObject\">\n\t\t\t\t<img decoding=\"async\" src=\"https:\/\/www.miamibeachfl.gov\/wp-content\/uploads\/2022\/10\/MiamiBeach-ADA-womaninwheelcharionbeach.jpg\" alt=\"Miami Beach Woman in Wheelchair at the Beach\" height=\"922\" width=\"1382\" title=\"Miami Beach - ADA - femme en fauteuil roulant - plage\" onerror=\"this.style.display='none'\" loading=\"lazy\" \/>\n\t<\/figure>\n<h3>\n\t\t\tQu&#039;est-ce que l&#039;ADA ?\t<\/h3>\n\t<p><strong>L&#039;Americans with Disabilities Act de 1990 \u2013 ou ADA<\/strong> \u2013 n&#039;est ni une personne, ni une organisation, ni une agence. L&#039;ADA est une loi f\u00e9d\u00e9rale qui accorde aux personnes handicap\u00e9es des protections en mati\u00e8re de droits civiques similaires \u00e0 celles accord\u00e9es aux personnes handicap\u00e9es en raison de leur race, de leur couleur de peau, de leur sexe, de leur origine nationale, de leur \u00e2ge et de leur religion. Elle garantit l&#039;\u00e9galit\u00e9 des chances aux personnes handicap\u00e9es dans les lieux publics, l&#039;emploi, les transports, les services publics locaux et d&#039;\u00c9tat, ainsi que les t\u00e9l\u00e9communications.<\/p>\n<h3>\n\t\t\tPolitique de la ville\t<\/h3>\n\t<p>La politique municipale de longue date vise \u00e0 offrir des services et des opportunit\u00e9s \u00e9gaux \u00e0 tous les r\u00e9sidents, visiteurs et employ\u00e9s, sans distinction de race, de religion, d&#039;origine nationale, d&#039;\u00e2ge, de sexe ou de handicap, conform\u00e9ment aux directives f\u00e9d\u00e9rales, \u00e9tatiques et d\u00e9partementales. La Ville de Miami Beach est fi\u00e8re d&#039;avoir adopt\u00e9 la premi\u00e8re ordonnance de Floride relative aux droits de l&#039;homme interdisant la discrimination, y compris la discrimination fond\u00e9e sur l&#039;orientation sexuelle, et pr\u00e9voyant des sanctions en cas de condamnation. <a href=\"http:\/\/www.miamibeachfl.gov\/wp-content\/uploads\/2018\/01\/ADA-NOTICE-2014.pdf\">Cliquez ici pour l&#039;avis ADA.<\/a><\/p>\n<figure itemscope itemtype=\"https:\/\/schema.org\/ImageObject\">\n\t\t\t\t<img decoding=\"async\" src=\"https:\/\/www.miamibeachfl.gov\/wp-content\/uploads\/2022\/10\/MiamiBeach-ADA-visionimpairedman.jpg\" alt=\"Vision impaired man\" height=\"1075\" width=\"1613\" title=\"MiamiBeach-ADA-homme malvoyant\" onerror=\"this.style.display='none'\" loading=\"lazy\" \/>\n\t<\/figure>\n<h3>\n\t\t\tContactez le responsable de l&#039;ADA :\t<\/h3>\n\tValeria Mejia<br \/>\nResponsable ADA<br \/>\n<a href=\"tel:3056737080\">305.673.7080 (VOIX)<\/a><br \/>\n<a href=\"tel:711\">7-1-1 (Relais de Floride)<\/a><br \/>\n<strong><a href=\"mailto:valeriamejia@miamibeachfl.gov\">valeriamejia@miamibeachfl.gov<\/a><\/strong>\n\t<iframe src=\"https:\/\/www.google.com\/maps\/embed\/v1\/place?q=Miami+Beach+City+Hall%0A1700+Convention+Center+Drive%2C%0APublic+Works%2C+Fourth+Floor%0AMiami+Beach%2C+FL+33139&#038;key=AIzaSyD09zQ9PNDNNy9TadMuzRV_UsPUoWKntt8\" aria-hidden=\"true\"><\/iframe>\n<h3>\n\t\t\tBureau de l&#039;ADA :\t<\/h3>\n\t<strong>H\u00f4tel de ville de Miami Beach<\/strong><br \/>\n1700 Convention Center Drive,<br \/>\nTravaux publics, quatri\u00e8me \u00e9tage<br \/>\nMiami Beach, FL 33139","protected":false},"excerpt":{"rendered":"<p>Miami Beach ADA Services &#038; Information The ADA Office and the ADA Manager are responsible for coordinating the efforts of [&hellip;]<\/p>\n","protected":false},"author":222,"featured_media":0,"parent":0,"menu_order":62,"comment_status":"closed","ping_status":"closed","template":"","meta":{"_searchwp_excluded":"","site-sidebar-layout":"default","site-content-layout":"","ast-site-content-layout":"default","site-content-style":"default","site-sidebar-style":"default","ast-global-header-display":"","ast-banner-title-visibility":"","ast-main-header-display":"","ast-hfb-above-header-display":"","ast-hfb-below-header-display":"","ast-hfb-mobile-header-display":"","site-post-title":"","ast-breadcrumbs-content":"","ast-featured-img":"","footer-sml-layout":"","theme-transparent-header-meta":"","adv-header-id-meta":"","stick-header-meta":"","header-above-stick-meta":"","header-main-stick-meta":"","header-below-stick-meta":"","astra-migrate-meta-layouts":"default","ast-page-background-enabled":"default","ast-page-background-meta":{"desktop":{"background-color":"var(--ast-global-color-5)","background-image":"","background-repeat":"repeat","background-position":"center center","background-size":"auto","background-attachment":"scroll","background-type":"","background-media":"","overlay-type":"","overlay-color":"","overlay-opacity":"","overlay-gradient":""},"tablet":{"background-color":"","background-image":"","background-repeat":"repeat","background-position":"center center","background-size":"auto","background-attachment":"scroll","background-type":"","background-media":"","overlay-type":"","overlay-color":"","overlay-opacity":"","overlay-gradient":""},"mobile":{"background-color":"","background-image":"","background-repeat":"repeat","background-position":"center center","background-size":"auto","background-attachment":"scroll","background-type":"","background-media":"","overlay-type":"","overlay-color":"","overlay-opacity":"","overlay-gradient":""}},"ast-content-background-meta":{"desktop":{"background-color":"var(--ast-global-color-4)","background-image":"","background-repeat":"repeat","background-position":"center center","background-size":"auto","background-attachment":"scroll","background-type":"","background-media":"","overlay-type":"","overlay-color":"","overlay-opacity":"","overlay-gradient":""},"tablet":{"background-color":"var(--ast-global-color-4)","background-image":"","background-repeat":"repeat","background-position":"center center","background-size":"auto","background-attachment":"scroll","background-type":"","background-media":"","overlay-type":"","overlay-color":"","overlay-opacity":"","overlay-gradient":""},"mobile":{"background-color":"var(--ast-global-color-4)","background-image":"","background-repeat":"repeat","background-position":"center center","background-size":"auto","background-attachment":"scroll","background-type":"","background-media":"","overlay-type":"","overlay-color":"","overlay-opacity":"","overlay-gradient":""}},"footnotes":""},"categories":[],"tags":[],"class_list":["post-225181","page","type-page","status-publish","hentry"],"yoast_head":"<!-- This site is optimized with the Yoast SEO Premium plugin v27.4 (Yoast SEO v27.4) - https:\/\/yoast.com\/product\/yoast-seo-premium-wordpress\/ -->\n<title>ADA - City of Miami Beach<\/title>\n<meta name=\"description\" content=\"The City of Miami Beach ADA Office and the ADA Coordinator are responsible for coordinating the efforts of the City of Miami Beach to comply with Title II and investigating any complaints or grievances filed regarding any discriminatory practice by the City.\" \/>\n<meta name=\"robots\" content=\"index, follow, max-snippet:-1, max-image-preview:large, max-video-preview:-1\" \/>\n<link rel=\"canonical\" href=\"https:\/\/www.miamibeachfl.gov\/fr\/ada\/\" \/>\n<meta property=\"og:locale\" content=\"fr_FR\" \/>\n<meta property=\"og:type\" content=\"article\" \/>\n<meta property=\"og:title\" content=\"ADA\" \/>\n<meta property=\"og:description\" content=\"The City of Miami Beach ADA Office and the ADA Coordinator are responsible for coordinating the efforts of the City of Miami Beach to comply with Title II and investigating any complaints or grievances filed regarding any discriminatory practice by the City.\" \/>\n<meta property=\"og:url\" content=\"https:\/\/www.miamibeachfl.gov\/fr\/ada\/\" \/>\n<meta property=\"og:site_name\" content=\"City of Miami Beach\" \/>\n<meta property=\"article:publisher\" content=\"https:\/\/www.facebook.com\/cityofmiamibeach\" \/>\n<meta property=\"article:modified_time\" content=\"2026-04-22T19:11:36+00:00\" \/>\n<meta property=\"og:image\" content=\"https:\/\/www.miamibeachfl.gov\/wp-content\/uploads\/2022\/10\/icon-ada-cityservices.png\" \/>\n<meta name=\"twitter:card\" content=\"summary_large_image\" \/>\n<meta name=\"twitter:site\" content=\"@Miamibeachnews\" \/>\n<script type=\"application\/ld+json\" class=\"yoast-schema-graph\">{\"@context\":\"https:\\\/\\\/schema.org\",\"@graph\":[{\"@type\":\"WebPage\",\"@id\":\"https:\\\/\\\/www.miamibeachfl.gov\\\/ada\\\/\",\"url\":\"https:\\\/\\\/www.miamibeachfl.gov\\\/ada\\\/\",\"name\":\"ADA - City of Miami Beach\",\"isPartOf\":{\"@id\":\"https:\\\/\\\/www.miamibeachfl.gov\\\/#website\"},\"primaryImageOfPage\":{\"@id\":\"https:\\\/\\\/www.miamibeachfl.gov\\\/ada\\\/#primaryimage\"},\"image\":{\"@id\":\"https:\\\/\\\/www.miamibeachfl.gov\\\/ada\\\/#primaryimage\"},\"thumbnailUrl\":\"https:\\\/\\\/www.miamibeachfl.gov\\\/wp-content\\\/uploads\\\/2022\\\/10\\\/icon-ada-cityservices.png\",\"datePublished\":\"2022-10-05T18:07:35+00:00\",\"dateModified\":\"2026-04-22T19:11:36+00:00\",\"description\":\"The City of Miami Beach ADA Office and the ADA Coordinator are responsible for coordinating the efforts of the City of Miami Beach to comply with Title II and investigating any complaints or grievances filed regarding any discriminatory practice by the City.\",\"breadcrumb\":{\"@id\":\"https:\\\/\\\/www.miamibeachfl.gov\\\/ada\\\/#breadcrumb\"},\"inLanguage\":\"fr-FR\",\"potentialAction\":[{\"@type\":\"ReadAction\",\"target\":[\"https:\\\/\\\/www.miamibeachfl.gov\\\/ada\\\/\"]}]},{\"@type\":\"ImageObject\",\"inLanguage\":\"fr-FR\",\"@id\":\"https:\\\/\\\/www.miamibeachfl.gov\\\/ada\\\/#primaryimage\",\"url\":\"https:\\\/\\\/www.miamibeachfl.gov\\\/wp-content\\\/uploads\\\/2022\\\/10\\\/icon-ada-cityservices.png\",\"contentUrl\":\"https:\\\/\\\/www.miamibeachfl.gov\\\/wp-content\\\/uploads\\\/2022\\\/10\\\/icon-ada-cityservices.png\"},{\"@type\":\"BreadcrumbList\",\"@id\":\"https:\\\/\\\/www.miamibeachfl.gov\\\/ada\\\/#breadcrumb\",\"itemListElement\":[{\"@type\":\"ListItem\",\"position\":1,\"name\":\"Home\",\"item\":\"https:\\\/\\\/www.miamibeachfl.gov\\\/\"},{\"@type\":\"ListItem\",\"position\":2,\"name\":\"ADA\"}]},{\"@type\":\"WebSite\",\"@id\":\"https:\\\/\\\/www.miamibeachfl.gov\\\/#website\",\"url\":\"https:\\\/\\\/www.miamibeachfl.gov\\\/\",\"name\":\"City of Miami Beach\",\"description\":\"The official website of the City of Miami Beach. Stay informed, find important information on city services, news, alerts, events, trolley routes, government employment and more.\",\"publisher\":{\"@id\":\"https:\\\/\\\/www.miamibeachfl.gov\\\/#organization\"},\"potentialAction\":[{\"@type\":\"SearchAction\",\"target\":{\"@type\":\"EntryPoint\",\"urlTemplate\":\"https:\\\/\\\/www.miamibeachfl.gov\\\/?s={search_term_string}\"},\"query-input\":{\"@type\":\"PropertyValueSpecification\",\"valueRequired\":true,\"valueName\":\"search_term_string\"}}],\"inLanguage\":\"fr-FR\"},{\"@type\":\"Organization\",\"@id\":\"https:\\\/\\\/www.miamibeachfl.gov\\\/#organization\",\"name\":\"City of Miami Beach\",\"url\":\"https:\\\/\\\/www.miamibeachfl.gov\\\/\",\"logo\":{\"@type\":\"ImageObject\",\"inLanguage\":\"fr-FR\",\"@id\":\"https:\\\/\\\/www.miamibeachfl.gov\\\/#\\\/schema\\\/logo\\\/image\\\/\",\"url\":\"https:\\\/\\\/www.miamibeachfl.gov\\\/wp-content\\\/uploads\\\/2022\\\/06\\\/miamibeach-logoblue.png\",\"contentUrl\":\"https:\\\/\\\/www.miamibeachfl.gov\\\/wp-content\\\/uploads\\\/2022\\\/06\\\/miamibeach-logoblue.png\",\"width\":1962,\"height\":381,\"caption\":\"City of Miami Beach\"},\"image\":{\"@id\":\"https:\\\/\\\/www.miamibeachfl.gov\\\/#\\\/schema\\\/logo\\\/image\\\/\"},\"sameAs\":[\"https:\\\/\\\/www.facebook.com\\\/cityofmiamibeach\",\"https:\\\/\\\/x.com\\\/Miamibeachnews\",\"https:\\\/\\\/www.instagram.com\\\/miamibeachnews\\\/\"],\"description\":\"The official website of the City of Miami Beach. Stay informed, find important information on city services, news, alerts, events, trolley routes, government employment and more.\",\"telephone\":\"305.604.CITY(2489)\",\"legalName\":\"City of Miami Beach\"}]}<\/script>\n<!-- \/ Yoast SEO Premium plugin. -->","yoast_head_json":{"title":"ADA - Ville de Miami Beach","description":"Le bureau ADA de la ville de Miami Beach et le coordinateur ADA sont charg\u00e9s de coordonner les efforts de la ville de Miami Beach pour se conformer au titre II et d&#039;enqu\u00eater sur toute plainte ou grief d\u00e9pos\u00e9 concernant toute pratique discriminatoire de la ville.","robots":{"index":"index","follow":"follow","max-snippet":"max-snippet:-1","max-image-preview":"max-image-preview:large","max-video-preview":"max-video-preview:-1"},"canonical":"https:\/\/www.miamibeachfl.gov\/fr\/ada\/","og_locale":"fr_FR","og_type":"article","og_title":"ADA","og_description":"The City of Miami Beach ADA Office and the ADA Coordinator are responsible for coordinating the efforts of the City of Miami Beach to comply with Title II and investigating any complaints or grievances filed regarding any discriminatory practice by the City.","og_url":"https:\/\/www.miamibeachfl.gov\/fr\/ada\/","og_site_name":"City of Miami Beach","article_publisher":"https:\/\/www.facebook.com\/cityofmiamibeach","article_modified_time":"2026-04-22T19:11:36+00:00","og_image":[{"url":"https:\/\/www.miamibeachfl.gov\/wp-content\/uploads\/2022\/10\/icon-ada-cityservices.png","type":"","width":"","height":""}],"twitter_card":"summary_large_image","twitter_site":"@Miamibeachnews","schema":{"@context":"https:\/\/schema.org","@graph":[{"@type":"WebPage","@id":"https:\/\/www.miamibeachfl.gov\/ada\/","url":"https:\/\/www.miamibeachfl.gov\/ada\/","name":"ADA - Ville de Miami Beach","isPartOf":{"@id":"https:\/\/www.miamibeachfl.gov\/#website"},"primaryImageOfPage":{"@id":"https:\/\/www.miamibeachfl.gov\/ada\/#primaryimage"},"image":{"@id":"https:\/\/www.miamibeachfl.gov\/ada\/#primaryimage"},"thumbnailUrl":"https:\/\/www.miamibeachfl.gov\/wp-content\/uploads\/2022\/10\/icon-ada-cityservices.png","datePublished":"2022-10-05T18:07:35+00:00","dateModified":"2026-04-22T19:11:36+00:00","description":"Le bureau ADA de la ville de Miami Beach et le coordinateur ADA sont charg\u00e9s de coordonner les efforts de la ville de Miami Beach pour se conformer au titre II et d&#039;enqu\u00eater sur toute plainte ou grief d\u00e9pos\u00e9 concernant toute pratique discriminatoire de la ville.","breadcrumb":{"@id":"https:\/\/www.miamibeachfl.gov\/ada\/#breadcrumb"},"inLanguage":"fr-FR","potentialAction":[{"@type":"ReadAction","target":["https:\/\/www.miamibeachfl.gov\/ada\/"]}]},{"@type":"ImageObject","inLanguage":"fr-FR","@id":"https:\/\/www.miamibeachfl.gov\/ada\/#primaryimage","url":"https:\/\/www.miamibeachfl.gov\/wp-content\/uploads\/2022\/10\/icon-ada-cityservices.png","contentUrl":"https:\/\/www.miamibeachfl.gov\/wp-content\/uploads\/2022\/10\/icon-ada-cityservices.png"},{"@type":"BreadcrumbList","@id":"https:\/\/www.miamibeachfl.gov\/ada\/#breadcrumb","itemListElement":[{"@type":"ListItem","position":1,"name":"Home","item":"https:\/\/www.miamibeachfl.gov\/"},{"@type":"ListItem","position":2,"name":"ADA"}]},{"@type":"WebSite","@id":"https:\/\/www.miamibeachfl.gov\/#website","url":"https:\/\/www.miamibeachfl.gov\/","name":"Ville de Miami Beach","description":"Site officiel de la ville de Miami Beach. Restez inform\u00e9 et trouvez des informations importantes sur les services municipaux, les actualit\u00e9s, les alertes, les \u00e9v\u00e9nements, les itin\u00e9raires de tramway, les emplois gouvernementaux et bien plus encore.","publisher":{"@id":"https:\/\/www.miamibeachfl.gov\/#organization"},"potentialAction":[{"@type":"SearchAction","target":{"@type":"EntryPoint","urlTemplate":"https:\/\/www.miamibeachfl.gov\/?s={search_term_string}"},"query-input":{"@type":"PropertyValueSpecification","valueRequired":true,"valueName":"search_term_string"}}],"inLanguage":"fr-FR"},{"@type":"Organization","@id":"https:\/\/www.miamibeachfl.gov\/#organization","name":"Ville de Miami Beach","url":"https:\/\/www.miamibeachfl.gov\/","logo":{"@type":"ImageObject","inLanguage":"fr-FR","@id":"https:\/\/www.miamibeachfl.gov\/#\/schema\/logo\/image\/","url":"https:\/\/www.miamibeachfl.gov\/wp-content\/uploads\/2022\/06\/miamibeach-logoblue.png","contentUrl":"https:\/\/www.miamibeachfl.gov\/wp-content\/uploads\/2022\/06\/miamibeach-logoblue.png","width":1962,"height":381,"caption":"City of Miami Beach"},"image":{"@id":"https:\/\/www.miamibeachfl.gov\/#\/schema\/logo\/image\/"},"sameAs":["https:\/\/www.facebook.com\/cityofmiamibeach","https:\/\/x.com\/Miamibeachnews","https:\/\/www.instagram.com\/miamibeachnews\/"],"description":"Site officiel de la ville de Miami Beach. Restez inform\u00e9 et trouvez des informations importantes sur les services municipaux, les actualit\u00e9s, les alertes, les \u00e9v\u00e9nements, les itin\u00e9raires de tramway, les emplois gouvernementaux et bien plus encore.","telephone":"305.604.CITY(2489)","legalName":"City of Miami Beach"}]}},"_links":{"self":[{"href":"https:\/\/www.miamibeachfl.gov\/fr\/wp-json\/wp\/v2\/pages\/225181","targetHints":{"allow":["GET"]}}],"collection":[{"href":"https:\/\/www.miamibeachfl.gov\/fr\/wp-json\/wp\/v2\/pages"}],"about":[{"href":"https:\/\/www.miamibeachfl.gov\/fr\/wp-json\/wp\/v2\/types\/page"}],"author":[{"embeddable":true,"href":"https:\/\/www.miamibeachfl.gov\/fr\/wp-json\/wp\/v2\/users\/222"}],"replies":[{"embeddable":true,"href":"https:\/\/www.miamibeachfl.gov\/fr\/wp-json\/wp\/v2\/comments?post=225181"}],"version-history":[{"count":8,"href":"https:\/\/www.miamibeachfl.gov\/fr\/wp-json\/wp\/v2\/pages\/225181\/revisions"}],"predecessor-version":[{"id":399349,"href":"https:\/\/www.miamibeachfl.gov\/fr\/wp-json\/wp\/v2\/pages\/225181\/revisions\/399349"}],"wp:attachment":[{"href":"https:\/\/www.miamibeachfl.gov\/fr\/wp-json\/wp\/v2\/media?parent=225181"}],"wp:term":[{"taxonomy":"category","embeddable":true,"href":"https:\/\/www.miamibeachfl.gov\/fr\/wp-json\/wp\/v2\/categories?post=225181"},{"taxonomy":"post_tag","embeddable":true,"href":"https:\/\/www.miamibeachfl.gov\/fr\/wp-json\/wp\/v2\/tags?post=225181"}],"curies":[{"name":"wp","href":"https:\/\/api.w.org\/{rel}","templated":true}]}}