{"id":225484,"date":"2022-10-07T12:12:35","date_gmt":"2022-10-07T16:12:35","guid":{"rendered":"https:\/\/www.miamibeachfl.gov\/?page_id=225484"},"modified":"2025-05-28T17:03:22","modified_gmt":"2025-05-28T21:03:22","slug":"other-landscape-related-links","status":"publish","type":"page","link":"https:\/\/www.miamibeachfl.gov\/fr\/city-hall\/public-works\/green-space-management-division\/other-landscape-related-links\/","title":{"rendered":"Autres liens relatifs au paysage"},"content":{"rendered":"<img decoding=\"async\" src=\"https:\/\/www.miamibeachfl.gov\/wp-content\/uploads\/2022\/07\/hero-small.jpg\" alt=\"ocean drive art deco buildings\" itemprop=\"image\" title=\"petit h\u00e9ros\" onerror=\"this.style.display='none'\" loading='lazy' \/>\n<h1>\n\t\t\tAutres liens relatifs au paysage\t<\/h1>\n\t<nav id=\"breadcrumbs\" aria-label=\"Fil d&#039;Ariane\"><a href=\"https:\/\/www.miamibeachfl.gov\/fr\/\">Maison<\/a> &gt; <a href=\"https:\/\/www.miamibeachfl.gov\/fr\/city-hall\/\">l&#039;h\u00f4tel de ville<\/a> &gt; <a href=\"https:\/\/www.miamibeachfl.gov\/fr\/city-hall\/public-works\/\">Travaux publics<\/a> &gt; <a href=\"https:\/\/www.miamibeachfl.gov\/fr\/city-hall\/public-works\/green-space-management-division\/\">Gestion des espaces verts de Miami Beach<\/a> &gt; <strong>Gestion des espaces verts de Miami Beach<\/strong><\/nav>\n\t<ul>\n<li>Division de la foresterie urbaine : <a href=\"https:\/\/www.miamibeachfl.gov\/fr\/city-hall\/environmental-sustainability\/urban-forestry\/\">Foresterie urbaine \u2013 Ville de Miami Beach (miamibeachfl.gov)<\/a><\/li>\n<li>Service des parcs et loisirs : <a href=\"https:\/\/www.miamibeachfl.gov\/fr\/city-hall\/parks-and-recreation\/\">Parcs et loisirs \u2013 Ville de Miami Beach (miamibeachfl.gov)<\/a><\/li>\n<li>Service de planification et de zonage : <a href=\"https:\/\/www.miamibeachfl.gov\/fr\/city-hall\/planning\/\">Planification \u2013 Ville de Miami Beach (miamibeachfl.gov)<\/a><\/li>\n<li>Division de l&#039;assainissement : <a href=\"https:\/\/www.miamibeachfl.gov\/fr\/city-hall\/public-works\/sanitation-division\/\">Service de l&#039;assainissement \u2013 Ville de Miami Beach (miamibeachfl.gov)<\/a><\/li>\n<li>Manuel des travaux publics\u00a0: https:\/\/www.miamibeachfl.gov\/wp-content\/uploads\/2021\/10\/Final-PWM_September-2021-External.pdf<\/li>\n<li>ISA: <a href=\"https:\/\/www.isa-arbor.com\/\">Bienvenue (isa-arbor.com)<\/a><\/li>\n<li>FNGLA : <a href=\"https:\/\/www.fngla.org\/\">Accueil \u2013 FNGLA<\/a><\/li>\n<li>Universit\u00e9 de Floride \u2013 Extension : <a href=\"https:\/\/sfyl.ifas.ufl.edu\/\">Solutions pour votre vie \u2013 Extension UF\/IFAS (ufl.edu)<\/a><\/li>\n<li>Code municipal : <a href=\"https:\/\/library.municode.com\/fl\/miami_beach\/codes\/code_of_ordinances\">Code des ordonnances | Miami Beach, Floride | Biblioth\u00e8que Municode<\/a><\/li>\n<\/ul>\n\t\t\t<a href=\"https:\/\/www.miamibeachfl.gov\/fr\/city-hall\/public-works\/green-space-management-division\/faqs\/\" target=\"_self\">\n\t\t\t\t\t\t\tFAQ\n\t\t\t\t\t<\/a>\n\t\t\t<a href=\"https:\/\/www.miamibeachfl.gov\/fr\/city-hall\/public-works\/green-space-management-division\/other-landscape-related-links\/\" target=\"_self\">\n\t\t\t\t\t\t\tAutres liens relatifs au paysage\n\t\t\t\t\t<\/a>\n\t<div class=\"page-navigation\"><a class=\"prev-page\" href=\"https:\/\/www.miamibeachfl.gov\/fr\/city-hall\/public-works\/utility-rates\/\">\u2190 Structures tarifaires des services publics<\/a> <a class=\"next-page\" href=\"https:\/\/www.miamibeachfl.gov\/fr\/city-hall\/public-works\/green-space-management-division\/faqs\/\">FAQ \u2192<\/a><\/div>","protected":false},"excerpt":{"rendered":"<p>Other Landscape Related Links Home &gt; City Hall &gt; Public Works &gt; Miami Beach Greenspace Managment &gt; Miami Beach Greenspace [&hellip;]<\/p>\n","protected":false},"author":222,"featured_media":0,"parent":28948,"menu_order":153,"comment_status":"closed","ping_status":"closed","template":"","meta":{"_searchwp_excluded":"","site-sidebar-layout":"default","site-content-layout":"","ast-site-content-layout":"default","site-content-style":"default","site-sidebar-style":"default","ast-global-header-display":"","ast-banner-title-visibility":"","ast-main-header-display":"","ast-hfb-above-header-display":"","ast-hfb-below-header-display":"","ast-hfb-mobile-header-display":"","site-post-title":"","ast-breadcrumbs-content":"","ast-featured-img":"","footer-sml-layout":"","theme-transparent-header-meta":"","adv-header-id-meta":"","stick-header-meta":"","header-above-stick-meta":"","header-main-stick-meta":"","header-below-stick-meta":"","astra-migrate-meta-layouts":"default","ast-page-background-enabled":"default","ast-page-background-meta":{"desktop":{"background-color":"var(--ast-global-color-5)","background-image":"","background-repeat":"repeat","background-position":"center center","background-size":"auto","background-attachment":"scroll","background-type":"","background-media":"","overlay-type":"","overlay-color":"","overlay-opacity":"","overlay-gradient":""},"tablet":{"background-color":"","background-image":"","background-repeat":"repeat","background-position":"center center","background-size":"auto","background-attachment":"scroll","background-type":"","background-media":"","overlay-type":"","overlay-color":"","overlay-opacity":"","overlay-gradient":""},"mobile":{"background-color":"","background-image":"","background-repeat":"repeat","background-position":"center center","background-size":"auto","background-attachment":"scroll","background-type":"","background-media":"","overlay-type":"","overlay-color":"","overlay-opacity":"","overlay-gradient":""}},"ast-content-background-meta":{"desktop":{"background-color":"var(--ast-global-color-4)","background-image":"","background-repeat":"repeat","background-position":"center center","background-size":"auto","background-attachment":"scroll","background-type":"","background-media":"","overlay-type":"","overlay-color":"","overlay-opacity":"","overlay-gradient":""},"tablet":{"background-color":"var(--ast-global-color-4)","background-image":"","background-repeat":"repeat","background-position":"center center","background-size":"auto","background-attachment":"scroll","background-type":"","background-media":"","overlay-type":"","overlay-color":"","overlay-opacity":"","overlay-gradient":""},"mobile":{"background-color":"var(--ast-global-color-4)","background-image":"","background-repeat":"repeat","background-position":"center center","background-size":"auto","background-attachment":"scroll","background-type":"","background-media":"","overlay-type":"","overlay-color":"","overlay-opacity":"","overlay-gradient":""}},"footnotes":""},"categories":[],"tags":[],"class_list":["post-225484","page","type-page","status-publish","hentry"],"yoast_head":"<!-- This site is optimized with the Yoast SEO Premium plugin v26.6 (Yoast SEO v26.6) - https:\/\/yoast.com\/wordpress\/plugins\/seo\/ -->\n<title>Other Landscape Related Links - City of Miami Beach<\/title>\n<meta name=\"description\" content=\"The City of Miami Beach Greenspace Management Division is responsible for the health and vitality of the landscape in all City designated properties.\" \/>\n<meta name=\"robots\" content=\"index, follow, max-snippet:-1, max-image-preview:large, max-video-preview:-1\" \/>\n<link rel=\"canonical\" href=\"https:\/\/www.miamibeachfl.gov\/fr\/city-hall\/public-works\/green-space-management-division\/other-landscape-related-links\/\" \/>\n<meta property=\"og:locale\" content=\"fr_FR\" \/>\n<meta property=\"og:type\" content=\"article\" \/>\n<meta property=\"og:title\" content=\"Other Landscape Related Links\" \/>\n<meta property=\"og:description\" content=\"The City of Miami Beach Greenspace Management Division is responsible for the health and vitality of the landscape in all City designated properties.\" \/>\n<meta property=\"og:url\" content=\"https:\/\/www.miamibeachfl.gov\/fr\/city-hall\/public-works\/green-space-management-division\/other-landscape-related-links\/\" \/>\n<meta property=\"og:site_name\" content=\"City of Miami Beach\" \/>\n<meta property=\"article:publisher\" content=\"https:\/\/www.facebook.com\/cityofmiamibeach\" \/>\n<meta property=\"article:modified_time\" content=\"2025-05-28T21:03:22+00:00\" \/>\n<meta property=\"og:image\" content=\"https:\/\/www.miamibeachfl.gov\/wp-content\/uploads\/2022\/07\/hero-small.jpg\" \/>\n<meta name=\"twitter:card\" content=\"summary_large_image\" \/>\n<meta name=\"twitter:site\" content=\"@Miamibeachnews\" \/>\n<script type=\"application\/ld+json\" class=\"yoast-schema-graph\">{\"@context\":\"https:\/\/schema.org\",\"@graph\":[{\"@type\":\"WebPage\",\"@id\":\"https:\/\/www.miamibeachfl.gov\/city-hall\/public-works\/green-space-management-division\/other-landscape-related-links\/\",\"url\":\"https:\/\/www.miamibeachfl.gov\/city-hall\/public-works\/green-space-management-division\/other-landscape-related-links\/\",\"name\":\"Other Landscape Related Links - City of Miami Beach\",\"isPartOf\":{\"@id\":\"https:\/\/www.miamibeachfl.gov\/#website\"},\"primaryImageOfPage\":{\"@id\":\"https:\/\/www.miamibeachfl.gov\/city-hall\/public-works\/green-space-management-division\/other-landscape-related-links\/#primaryimage\"},\"image\":{\"@id\":\"https:\/\/www.miamibeachfl.gov\/city-hall\/public-works\/green-space-management-division\/other-landscape-related-links\/#primaryimage\"},\"thumbnailUrl\":\"https:\/\/www.miamibeachfl.gov\/wp-content\/uploads\/2022\/07\/hero-small.jpg\",\"datePublished\":\"2022-10-07T16:12:35+00:00\",\"dateModified\":\"2025-05-28T21:03:22+00:00\",\"description\":\"The City of Miami Beach Greenspace Management Division is responsible for the health and vitality of the landscape in all City designated properties.\",\"breadcrumb\":{\"@id\":\"https:\/\/www.miamibeachfl.gov\/city-hall\/public-works\/green-space-management-division\/other-landscape-related-links\/#breadcrumb\"},\"inLanguage\":\"fr-FR\",\"potentialAction\":[{\"@type\":\"ReadAction\",\"target\":[\"https:\/\/www.miamibeachfl.gov\/city-hall\/public-works\/green-space-management-division\/other-landscape-related-links\/\"]}]},{\"@type\":\"ImageObject\",\"inLanguage\":\"fr-FR\",\"@id\":\"https:\/\/www.miamibeachfl.gov\/city-hall\/public-works\/green-space-management-division\/other-landscape-related-links\/#primaryimage\",\"url\":\"https:\/\/www.miamibeachfl.gov\/wp-content\/uploads\/2022\/07\/hero-small.jpg\",\"contentUrl\":\"https:\/\/www.miamibeachfl.gov\/wp-content\/uploads\/2022\/07\/hero-small.jpg\"},{\"@type\":\"BreadcrumbList\",\"@id\":\"https:\/\/www.miamibeachfl.gov\/city-hall\/public-works\/green-space-management-division\/other-landscape-related-links\/#breadcrumb\",\"itemListElement\":[{\"@type\":\"ListItem\",\"position\":1,\"name\":\"Home\",\"item\":\"https:\/\/www.miamibeachfl.gov\/\"},{\"@type\":\"ListItem\",\"position\":2,\"name\":\"City Hall\",\"item\":\"https:\/\/www.miamibeachfl.gov\/city-hall\/\"},{\"@type\":\"ListItem\",\"position\":3,\"name\":\"Public Works\",\"item\":\"https:\/\/www.miamibeachfl.gov\/city-hall\/public-works\/\"},{\"@type\":\"ListItem\",\"position\":4,\"name\":\"Miami Beach Greenspace Managment\",\"item\":\"https:\/\/www.miamibeachfl.gov\/city-hall\/public-works\/green-space-management-division\/\"},{\"@type\":\"ListItem\",\"position\":5,\"name\":\"Miami Beach Greenspace Managment\"}]},{\"@type\":\"WebSite\",\"@id\":\"https:\/\/www.miamibeachfl.gov\/#website\",\"url\":\"https:\/\/www.miamibeachfl.gov\/\",\"name\":\"City of Miami Beach\",\"description\":\"The official website of the City of Miami Beach. Stay informed, find important information on city services, news, alerts, events, trolley routes, government employment and more.\",\"publisher\":{\"@id\":\"https:\/\/www.miamibeachfl.gov\/#organization\"},\"potentialAction\":[{\"@type\":\"SearchAction\",\"target\":{\"@type\":\"EntryPoint\",\"urlTemplate\":\"https:\/\/www.miamibeachfl.gov\/?s={search_term_string}\"},\"query-input\":{\"@type\":\"PropertyValueSpecification\",\"valueRequired\":true,\"valueName\":\"search_term_string\"}}],\"inLanguage\":\"fr-FR\"},{\"@type\":\"Organization\",\"@id\":\"https:\/\/www.miamibeachfl.gov\/#organization\",\"name\":\"City of Miami Beach\",\"url\":\"https:\/\/www.miamibeachfl.gov\/\",\"logo\":{\"@type\":\"ImageObject\",\"inLanguage\":\"fr-FR\",\"@id\":\"https:\/\/www.miamibeachfl.gov\/#\/schema\/logo\/image\/\",\"url\":\"https:\/\/www.miamibeachfl.gov\/wp-content\/uploads\/2022\/06\/miamibeach-logoblue.png\",\"contentUrl\":\"https:\/\/www.miamibeachfl.gov\/wp-content\/uploads\/2022\/06\/miamibeach-logoblue.png\",\"width\":1962,\"height\":381,\"caption\":\"City of Miami Beach\"},\"image\":{\"@id\":\"https:\/\/www.miamibeachfl.gov\/#\/schema\/logo\/image\/\"},\"sameAs\":[\"https:\/\/www.facebook.com\/cityofmiamibeach\",\"https:\/\/x.com\/Miamibeachnews\",\"https:\/\/www.instagram.com\/miamibeachnews\/\"],\"description\":\"The official website of the City of Miami Beach. Stay informed, find important information on city services, news, alerts, events, trolley routes, government employment and more.\",\"telephone\":\"305.604.CITY(2489)\",\"legalName\":\"City of Miami Beach\"}]}<\/script>\n<!-- \/ Yoast SEO Premium plugin. -->","yoast_head_json":{"title":"Autres liens relatifs au paysage - Ville de Miami Beach","description":"La division de gestion des espaces verts de la ville de Miami Beach est responsable de la sant\u00e9 et de la vitalit\u00e9 du paysage dans toutes les propri\u00e9t\u00e9s d\u00e9sign\u00e9es par la ville.","robots":{"index":"index","follow":"follow","max-snippet":"max-snippet:-1","max-image-preview":"max-image-preview:large","max-video-preview":"max-video-preview:-1"},"canonical":"https:\/\/www.miamibeachfl.gov\/fr\/city-hall\/public-works\/green-space-management-division\/other-landscape-related-links\/","og_locale":"fr_FR","og_type":"article","og_title":"Other Landscape Related Links","og_description":"The City of Miami Beach Greenspace Management Division is responsible for the health and vitality of the landscape in all City designated properties.","og_url":"https:\/\/www.miamibeachfl.gov\/fr\/city-hall\/public-works\/green-space-management-division\/other-landscape-related-links\/","og_site_name":"City of Miami Beach","article_publisher":"https:\/\/www.facebook.com\/cityofmiamibeach","article_modified_time":"2025-05-28T21:03:22+00:00","og_image":[{"url":"https:\/\/www.miamibeachfl.gov\/wp-content\/uploads\/2022\/07\/hero-small.jpg","type":"","width":"","height":""}],"twitter_card":"summary_large_image","twitter_site":"@Miamibeachnews","schema":{"@context":"https:\/\/schema.org","@graph":[{"@type":"WebPage","@id":"https:\/\/www.miamibeachfl.gov\/city-hall\/public-works\/green-space-management-division\/other-landscape-related-links\/","url":"https:\/\/www.miamibeachfl.gov\/city-hall\/public-works\/green-space-management-division\/other-landscape-related-links\/","name":"Autres liens relatifs au paysage - Ville de Miami Beach","isPartOf":{"@id":"https:\/\/www.miamibeachfl.gov\/#website"},"primaryImageOfPage":{"@id":"https:\/\/www.miamibeachfl.gov\/city-hall\/public-works\/green-space-management-division\/other-landscape-related-links\/#primaryimage"},"image":{"@id":"https:\/\/www.miamibeachfl.gov\/city-hall\/public-works\/green-space-management-division\/other-landscape-related-links\/#primaryimage"},"thumbnailUrl":"https:\/\/www.miamibeachfl.gov\/wp-content\/uploads\/2022\/07\/hero-small.jpg","datePublished":"2022-10-07T16:12:35+00:00","dateModified":"2025-05-28T21:03:22+00:00","description":"La division de gestion des espaces verts de la ville de Miami Beach est responsable de la sant\u00e9 et de la vitalit\u00e9 du paysage dans toutes les propri\u00e9t\u00e9s d\u00e9sign\u00e9es par la ville.","breadcrumb":{"@id":"https:\/\/www.miamibeachfl.gov\/city-hall\/public-works\/green-space-management-division\/other-landscape-related-links\/#breadcrumb"},"inLanguage":"fr-FR","potentialAction":[{"@type":"ReadAction","target":["https:\/\/www.miamibeachfl.gov\/city-hall\/public-works\/green-space-management-division\/other-landscape-related-links\/"]}]},{"@type":"ImageObject","inLanguage":"fr-FR","@id":"https:\/\/www.miamibeachfl.gov\/city-hall\/public-works\/green-space-management-division\/other-landscape-related-links\/#primaryimage","url":"https:\/\/www.miamibeachfl.gov\/wp-content\/uploads\/2022\/07\/hero-small.jpg","contentUrl":"https:\/\/www.miamibeachfl.gov\/wp-content\/uploads\/2022\/07\/hero-small.jpg"},{"@type":"BreadcrumbList","@id":"https:\/\/www.miamibeachfl.gov\/city-hall\/public-works\/green-space-management-division\/other-landscape-related-links\/#breadcrumb","itemListElement":[{"@type":"ListItem","position":1,"name":"Home","item":"https:\/\/www.miamibeachfl.gov\/"},{"@type":"ListItem","position":2,"name":"City Hall","item":"https:\/\/www.miamibeachfl.gov\/city-hall\/"},{"@type":"ListItem","position":3,"name":"Public Works","item":"https:\/\/www.miamibeachfl.gov\/city-hall\/public-works\/"},{"@type":"ListItem","position":4,"name":"Miami Beach Greenspace Managment","item":"https:\/\/www.miamibeachfl.gov\/city-hall\/public-works\/green-space-management-division\/"},{"@type":"ListItem","position":5,"name":"Miami Beach Greenspace Managment"}]},{"@type":"WebSite","@id":"https:\/\/www.miamibeachfl.gov\/#website","url":"https:\/\/www.miamibeachfl.gov\/","name":"Ville de Miami Beach","description":"Site officiel de la ville de Miami Beach. Restez inform\u00e9 et trouvez des informations importantes sur les services municipaux, les actualit\u00e9s, les alertes, les \u00e9v\u00e9nements, les itin\u00e9raires de tramway, les emplois gouvernementaux et bien plus encore.","publisher":{"@id":"https:\/\/www.miamibeachfl.gov\/#organization"},"potentialAction":[{"@type":"SearchAction","target":{"@type":"EntryPoint","urlTemplate":"https:\/\/www.miamibeachfl.gov\/?s={search_term_string}"},"query-input":{"@type":"PropertyValueSpecification","valueRequired":true,"valueName":"search_term_string"}}],"inLanguage":"fr-FR"},{"@type":"Organization","@id":"https:\/\/www.miamibeachfl.gov\/#organization","name":"Ville de Miami Beach","url":"https:\/\/www.miamibeachfl.gov\/","logo":{"@type":"ImageObject","inLanguage":"fr-FR","@id":"https:\/\/www.miamibeachfl.gov\/#\/schema\/logo\/image\/","url":"https:\/\/www.miamibeachfl.gov\/wp-content\/uploads\/2022\/06\/miamibeach-logoblue.png","contentUrl":"https:\/\/www.miamibeachfl.gov\/wp-content\/uploads\/2022\/06\/miamibeach-logoblue.png","width":1962,"height":381,"caption":"City of Miami Beach"},"image":{"@id":"https:\/\/www.miamibeachfl.gov\/#\/schema\/logo\/image\/"},"sameAs":["https:\/\/www.facebook.com\/cityofmiamibeach","https:\/\/x.com\/Miamibeachnews","https:\/\/www.instagram.com\/miamibeachnews\/"],"description":"Site officiel de la ville de Miami Beach. Restez inform\u00e9 et trouvez des informations importantes sur les services municipaux, les actualit\u00e9s, les alertes, les \u00e9v\u00e9nements, les itin\u00e9raires de tramway, les emplois gouvernementaux et bien plus encore.","telephone":"305.604.CITY(2489)","legalName":"City of Miami Beach"}]}},"_links":{"self":[{"href":"https:\/\/www.miamibeachfl.gov\/fr\/wp-json\/wp\/v2\/pages\/225484","targetHints":{"allow":["GET"]}}],"collection":[{"href":"https:\/\/www.miamibeachfl.gov\/fr\/wp-json\/wp\/v2\/pages"}],"about":[{"href":"https:\/\/www.miamibeachfl.gov\/fr\/wp-json\/wp\/v2\/types\/page"}],"author":[{"embeddable":true,"href":"https:\/\/www.miamibeachfl.gov\/fr\/wp-json\/wp\/v2\/users\/222"}],"replies":[{"embeddable":true,"href":"https:\/\/www.miamibeachfl.gov\/fr\/wp-json\/wp\/v2\/comments?post=225484"}],"version-history":[{"count":1,"href":"https:\/\/www.miamibeachfl.gov\/fr\/wp-json\/wp\/v2\/pages\/225484\/revisions"}],"predecessor-version":[{"id":374594,"href":"https:\/\/www.miamibeachfl.gov\/fr\/wp-json\/wp\/v2\/pages\/225484\/revisions\/374594"}],"up":[{"embeddable":true,"href":"https:\/\/www.miamibeachfl.gov\/fr\/wp-json\/wp\/v2\/pages\/28948"}],"wp:attachment":[{"href":"https:\/\/www.miamibeachfl.gov\/fr\/wp-json\/wp\/v2\/media?parent=225484"}],"wp:term":[{"taxonomy":"category","embeddable":true,"href":"https:\/\/www.miamibeachfl.gov\/fr\/wp-json\/wp\/v2\/categories?post=225484"},{"taxonomy":"post_tag","embeddable":true,"href":"https:\/\/www.miamibeachfl.gov\/fr\/wp-json\/wp\/v2\/tags?post=225484"}],"curies":[{"name":"wp","href":"https:\/\/api.w.org\/{rel}","templated":true}]}}