{"id":225539,"date":"2022-10-07T14:37:32","date_gmt":"2022-10-07T18:37:32","guid":{"rendered":"https:\/\/www.miamibeachfl.gov\/?page_id=225539"},"modified":"2026-04-22T15:06:08","modified_gmt":"2026-04-22T19:06:08","slug":"disability-etiquette","status":"publish","type":"page","link":"https:\/\/www.miamibeachfl.gov\/fr\/ada\/disability-etiquette\/","title":{"rendered":"\u00c9tiquette du handicap"},"content":{"rendered":"<h1>\n\t\t\t\u00c9tiquette du handicap\t<\/h1>\nMenu ADA\t\t\t\n\t\t\t\t\t<ul id=\"menu-ada\"><li id=\"menu-item-225437\"><a href=\"https:\/\/www.miamibeachfl.gov\/fr\/ada\/\">ADA<\/a><\/li>\n<li id=\"menu-item-225550\"><a href=\"https:\/\/www.miamibeachfl.gov\/fr\/ada\/ada-handbook-title-ii\/\">Manuel de l&#039;ADA \u2013 Titre II<\/a><\/li>\n<li id=\"menu-item-225549\"><a href=\"https:\/\/www.miamibeachfl.gov\/fr\/ada\/ada-request\/\">Demande ADA<\/a><\/li>\n<li id=\"menu-item-225548\"><a href=\"https:\/\/www.miamibeachfl.gov\/fr\/ada\/americans-with-disability-act\/\">Loi sur les Am\u00e9ricains handicap\u00e9s<\/a><\/li>\n<li id=\"menu-item-225438\"><a href=\"https:\/\/www.miamibeachfl.gov\/fr\/ada\/beach-wheelchair-access\/\">Acc\u00e8s \u00e0 la plage<\/a><\/li>\n<li id=\"menu-item-225547\"><a href=\"https:\/\/www.miamibeachfl.gov\/fr\/ada\/complaints-for-discrimination\/\">Plaintes pour discrimination<\/a><\/li>\n<li id=\"menu-item-225546\"><a href=\"https:\/\/www.miamibeachfl.gov\/fr\/ada\/difficulty-of-hearing\/\">Difficult\u00e9 d&#039;audition<\/a><\/li>\n<li id=\"menu-item-225545\"><a href=\"https:\/\/www.miamibeachfl.gov\/fr\/ada\/disability-etiquette\/\">\u00c9tiquette du handicap<\/a><\/li>\n<li id=\"menu-item-225554\"><a href=\"https:\/\/www.miamibeachfl.gov\/fr\/ada\/disability-hiring-policy\/\">Politique d&#039;embauche<\/a><\/li>\n<li id=\"menu-item-225544\"><a href=\"https:\/\/www.miamibeachfl.gov\/fr\/ada\/white-cane-law\/\">Loi sur la canne blanche<\/a><\/li>\n<\/ul>\t\nMenu ADA \u00d7\t\t\t\t\t\t<ul id=\"menu-ada-1\"><li id=\"menu-item-225437\"><a href=\"https:\/\/www.miamibeachfl.gov\/fr\/ada\/\">ADA<\/a><\/li>\n<li id=\"menu-item-225550\"><a href=\"https:\/\/www.miamibeachfl.gov\/fr\/ada\/ada-handbook-title-ii\/\">Manuel de l&#039;ADA \u2013 Titre II<\/a><\/li>\n<li id=\"menu-item-225549\"><a href=\"https:\/\/www.miamibeachfl.gov\/fr\/ada\/ada-request\/\">Demande ADA<\/a><\/li>\n<li id=\"menu-item-225548\"><a href=\"https:\/\/www.miamibeachfl.gov\/fr\/ada\/americans-with-disability-act\/\">Loi sur les Am\u00e9ricains handicap\u00e9s<\/a><\/li>\n<li id=\"menu-item-225438\"><a href=\"https:\/\/www.miamibeachfl.gov\/fr\/ada\/beach-wheelchair-access\/\">Acc\u00e8s \u00e0 la plage<\/a><\/li>\n<li id=\"menu-item-225547\"><a href=\"https:\/\/www.miamibeachfl.gov\/fr\/ada\/complaints-for-discrimination\/\">Plaintes pour discrimination<\/a><\/li>\n<li id=\"menu-item-225546\"><a href=\"https:\/\/www.miamibeachfl.gov\/fr\/ada\/difficulty-of-hearing\/\">Difficult\u00e9 d&#039;audition<\/a><\/li>\n<li id=\"menu-item-225545\"><a href=\"https:\/\/www.miamibeachfl.gov\/fr\/ada\/disability-etiquette\/\">\u00c9tiquette du handicap<\/a><\/li>\n<li id=\"menu-item-225554\"><a href=\"https:\/\/www.miamibeachfl.gov\/fr\/ada\/disability-hiring-policy\/\">Politique d&#039;embauche<\/a><\/li>\n<li id=\"menu-item-225544\"><a href=\"https:\/\/www.miamibeachfl.gov\/fr\/ada\/white-cane-law\/\">Loi sur la canne blanche<\/a><\/li>\n<\/ul>\t\t\t\t\n\t\t\t<h2>\n\t\t\tPrincipes d&#039;\u00e9tiquette relatifs au handicap\t<\/h2>\n\t<p>Nous nous engageons \u00e0 inclure les personnes handicap\u00e9es dans tous les aspects de notre administration municipale. Nous respectons ainsi non seulement la loi, mais aussi l&#039;objectif de l&#039;Americans with Disabilities Act (ADA) pour r\u00e9pondre aux besoins de nos citoyens.<\/p>\n<strong>Consid\u00e9rer la personne dans sa globalit\u00e9, pas seulement son handicap<\/strong>.<br \/>\nAu lieu de \u00ab\u00a0Jean, le sourd\u00a0\u00bb, imaginez Jean comme une personne sourde. Marie n&#039;est pas \u00ab\u00a0\u00e9pileptique\u00a0\u00bb\u00a0; c&#039;est une personne aux multiples caract\u00e9ristiques, qui souffre d&#039;\u00e9pilepsie.\n<strong>Le terme \u00ab handicap\u00e9 \u00bb n\u2019est plus la terminologie accept\u00e9e pour d\u00e9signer une personne handicap\u00e9e.<\/strong>.<br \/>\nLe terme est particuli\u00e8rement utilis\u00e9 lorsqu\u2019il fait r\u00e9f\u00e9rence \u00e0 des fonctionnalit\u00e9s accessibles telles que le \u00ab stationnement pour personnes handicap\u00e9es \u00bb ou les toilettes.\n<strong>Traitez les adultes comme il se doit. Appelez les personnes handicap\u00e9es uniquement par leur pr\u00e9nom lorsque vous vous adressez \u00e0 d&#039;autres personnes de la m\u00eame mani\u00e8re.<br \/>\n<\/strong>\u00c9vitez les gestes comme tapoter la t\u00eate d&#039;une personne en fauteuil roulant. Parlez d&#039;un ton normal et \u00e9vitez de commenter la capacit\u00e9 d&#039;une personne \u00e0 \u00ab\u00a0man\u0153uvrer son fauteuil roulant\u00a0\u00bb, \u00e0 \u00ab\u00a0se d\u00e9placer\u00a0\u00bb ou \u00e0 exprimer d&#039;autres commentaires sur son fonctionnement malgr\u00e9 un handicap.\n<strong>Sois patient<\/strong>.<br \/>\nUne personne handicap\u00e9e peut mettre plus de temps \u00e0 dire ou \u00e0 faire quelque chose. Ne finissez pas les phrases \u00e0 sa place, surtout si elle a des difficult\u00e9s de communication.\n<strong>Parlez directement \u00e0 la personne<\/strong>.<br \/>\nRegardez-les, pas leur compagnon ou leur interpr\u00e8te.\n<strong>Ne faites pas de suppositions concernant l\u2019intelligence.<br \/>\n<\/strong>Un handicap n\u2019est pas le reflet d\u2019une capacit\u00e9 intellectuelle.\n<strong>Ne pr\u00e9sumez pas qu\u2019une personne handicap\u00e9e a besoin d\u2019aide ou qu\u2019elle en a besoin.<br \/>\n<\/strong>Respectez l&#039;ind\u00e9pendance de chacun. Si une aide semble n\u00e9cessaire, demandez d&#039;abord, attendez que l&#039;offre soit accept\u00e9e, puis \u00e9coutez ou demandez des instructions.\n<strong>D\u00e9tendez-vous et agissez naturellement.<br \/>\n<\/strong>Il est acceptable d\u2019utiliser des expressions courantes telles que \u00ab \u00e0 plus tard \u00bb ou \u00ab je passe tout de suite \u00bb qui semblent li\u00e9es au handicap d\u2019une personne.\n<strong>Proposez de serrer la main lorsque vous \u00eates pr\u00e9sent\u00e9.<br \/>\n<\/strong>Soyez conscient que la personne peut ne pas avoir l&#039;usage d&#039;une ou des deux mains. Un contact sur l&#039;avant-bras peut servir de bienvenue.\n<strong>Utilisez un ton de voix normal et non condescendant lorsque vous parlez \u00e0 une personne handicap\u00e9e.<br \/>\n<\/strong>\n<strong>Soyez un mod\u00e8le dans vos interactions.<br \/>\n<\/strong>Vos actions peuvent avoir un effet positif non seulement sur l\u2019individu mais aussi sur les autres.\n<p><strong>Dans la mesure du possible, traitez une personne handicap\u00e9e de la m\u00eame mani\u00e8re que vous traiteriez n\u2019importe qui d\u2019autre dans la m\u00eame situation.<\/strong><\/p>\n<p>Fourni par Abilities of Florida, une agence \u00e0 but non lucratif au service des personnes handicap\u00e9es.<\/p>\n<h3>\n\t\t\tContactez le responsable de l&#039;ADA :\t<\/h3>\n\tValeria Mejia<br \/>\nResponsable ADA<br \/>\n<a href=\"tel:3056737080\">305.673.7080 (VOIX)<\/a><br \/>\n<a href=\"tel:711\">7-1-1 (Relais de Floride)<\/a><br \/>\n<strong><a href=\"mailto:valeriamejia@miamibeachfl.gov\">valeriamejia@miamibeachfl.gov<\/a><\/strong>\n\t<iframe src=\"https:\/\/www.google.com\/maps\/embed\/v1\/place?q=Miami+Beach+City+Hall%0A1700+Convention+Center+Drive%2C%0APublic+Works%2C+Fourth+Floor%0AMiami+Beach%2C+FL+33139&#038;key=AIzaSyD09zQ9PNDNNy9TadMuzRV_UsPUoWKntt8\" aria-hidden=\"true\"><\/iframe>\n<h3>\n\t\t\tBureau de l&#039;ADA :\t<\/h3>\n\t<strong>H\u00f4tel de ville de Miami Beach<\/strong><br \/>\n1700 Convention Center Drive,<br \/>\nTravaux publics, quatri\u00e8me \u00e9tage<br \/>\nMiami Beach, FL 33139","protected":false},"excerpt":{"rendered":"<p>Disability Etiquette ADA Menu ADA ADA Handbook &#8211; Title II ADA Request Americans With Disabilities Act Beach Access Discrimination Complaints [&hellip;]<\/p>\n","protected":false},"author":222,"featured_media":0,"parent":225181,"menu_order":37,"comment_status":"closed","ping_status":"closed","template":"","meta":{"_searchwp_excluded":"","site-sidebar-layout":"default","site-content-layout":"","ast-site-content-layout":"default","site-content-style":"default","site-sidebar-style":"default","ast-global-header-display":"","ast-banner-title-visibility":"","ast-main-header-display":"","ast-hfb-above-header-display":"","ast-hfb-below-header-display":"","ast-hfb-mobile-header-display":"","site-post-title":"","ast-breadcrumbs-content":"","ast-featured-img":"","footer-sml-layout":"","theme-transparent-header-meta":"","adv-header-id-meta":"","stick-header-meta":"","header-above-stick-meta":"","header-main-stick-meta":"","header-below-stick-meta":"","astra-migrate-meta-layouts":"default","ast-page-background-enabled":"default","ast-page-background-meta":{"desktop":{"background-color":"var(--ast-global-color-5)","background-image":"","background-repeat":"repeat","background-position":"center center","background-size":"auto","background-attachment":"scroll","background-type":"","background-media":"","overlay-type":"","overlay-color":"","overlay-opacity":"","overlay-gradient":""},"tablet":{"background-color":"","background-image":"","background-repeat":"repeat","background-position":"center center","background-size":"auto","background-attachment":"scroll","background-type":"","background-media":"","overlay-type":"","overlay-color":"","overlay-opacity":"","overlay-gradient":""},"mobile":{"background-color":"","background-image":"","background-repeat":"repeat","background-position":"center center","background-size":"auto","background-attachment":"scroll","background-type":"","background-media":"","overlay-type":"","overlay-color":"","overlay-opacity":"","overlay-gradient":""}},"ast-content-background-meta":{"desktop":{"background-color":"var(--ast-global-color-4)","background-image":"","background-repeat":"repeat","background-position":"center center","background-size":"auto","background-attachment":"scroll","background-type":"","background-media":"","overlay-type":"","overlay-color":"","overlay-opacity":"","overlay-gradient":""},"tablet":{"background-color":"var(--ast-global-color-4)","background-image":"","background-repeat":"repeat","background-position":"center center","background-size":"auto","background-attachment":"scroll","background-type":"","background-media":"","overlay-type":"","overlay-color":"","overlay-opacity":"","overlay-gradient":""},"mobile":{"background-color":"var(--ast-global-color-4)","background-image":"","background-repeat":"repeat","background-position":"center center","background-size":"auto","background-attachment":"scroll","background-type":"","background-media":"","overlay-type":"","overlay-color":"","overlay-opacity":"","overlay-gradient":""}},"footnotes":""},"categories":[],"tags":[],"class_list":["post-225539","page","type-page","status-publish","hentry"],"yoast_head":"<!-- This site is optimized with the Yoast SEO Premium plugin v27.4 (Yoast SEO v27.4) - https:\/\/yoast.com\/product\/yoast-seo-premium-wordpress\/ -->\n<title>Disability Etiquette - City of Miami Beach<\/title>\n<meta name=\"description\" content=\"%\" \/>\n<meta name=\"robots\" content=\"index, follow, max-snippet:-1, max-image-preview:large, max-video-preview:-1\" \/>\n<link rel=\"canonical\" href=\"https:\/\/www.miamibeachfl.gov\/fr\/ada\/disability-etiquette\/\" \/>\n<meta property=\"og:locale\" content=\"fr_FR\" \/>\n<meta property=\"og:type\" content=\"article\" \/>\n<meta property=\"og:title\" content=\"Disability Etiquette\" \/>\n<meta property=\"og:description\" content=\"%\" \/>\n<meta property=\"og:url\" content=\"https:\/\/www.miamibeachfl.gov\/fr\/ada\/disability-etiquette\/\" \/>\n<meta property=\"og:site_name\" content=\"City of Miami Beach\" \/>\n<meta property=\"article:publisher\" content=\"https:\/\/www.facebook.com\/cityofmiamibeach\" \/>\n<meta property=\"article:modified_time\" content=\"2026-04-22T19:06:08+00:00\" \/>\n<meta property=\"og:image\" content=\"https:\/\/www.miamibeachfl.gov\/wp-content\/uploads\/2024\/01\/1000pxSquare-miamibeach-aerial-southpointview.jpeg\" \/>\n\t<meta property=\"og:image:width\" content=\"1000\" \/>\n\t<meta property=\"og:image:height\" content=\"1000\" \/>\n\t<meta property=\"og:image:type\" content=\"image\/jpeg\" \/>\n<meta name=\"twitter:card\" content=\"summary_large_image\" \/>\n<meta name=\"twitter:site\" content=\"@Miamibeachnews\" \/>\n<script type=\"application\/ld+json\" class=\"yoast-schema-graph\">{\"@context\":\"https:\\\/\\\/schema.org\",\"@graph\":[{\"@type\":\"WebPage\",\"@id\":\"https:\\\/\\\/www.miamibeachfl.gov\\\/ada\\\/disability-etiquette\\\/\",\"url\":\"https:\\\/\\\/www.miamibeachfl.gov\\\/ada\\\/disability-etiquette\\\/\",\"name\":\"Disability Etiquette - City of Miami Beach\",\"isPartOf\":{\"@id\":\"https:\\\/\\\/www.miamibeachfl.gov\\\/#website\"},\"datePublished\":\"2022-10-07T18:37:32+00:00\",\"dateModified\":\"2026-04-22T19:06:08+00:00\",\"description\":\"%\",\"breadcrumb\":{\"@id\":\"https:\\\/\\\/www.miamibeachfl.gov\\\/ada\\\/disability-etiquette\\\/#breadcrumb\"},\"inLanguage\":\"fr-FR\",\"potentialAction\":[{\"@type\":\"ReadAction\",\"target\":[\"https:\\\/\\\/www.miamibeachfl.gov\\\/ada\\\/disability-etiquette\\\/\"]}]},{\"@type\":\"BreadcrumbList\",\"@id\":\"https:\\\/\\\/www.miamibeachfl.gov\\\/ada\\\/disability-etiquette\\\/#breadcrumb\",\"itemListElement\":[{\"@type\":\"ListItem\",\"position\":1,\"name\":\"Home\",\"item\":\"https:\\\/\\\/www.miamibeachfl.gov\\\/\"},{\"@type\":\"ListItem\",\"position\":2,\"name\":\"ADA\",\"item\":\"https:\\\/\\\/www.miamibeachfl.gov\\\/ada\\\/\"},{\"@type\":\"ListItem\",\"position\":3,\"name\":\"Disability Etiquette\"}]},{\"@type\":\"WebSite\",\"@id\":\"https:\\\/\\\/www.miamibeachfl.gov\\\/#website\",\"url\":\"https:\\\/\\\/www.miamibeachfl.gov\\\/\",\"name\":\"City of Miami Beach\",\"description\":\"The official website of the City of Miami Beach. Stay informed, find important information on city services, news, alerts, events, trolley routes, government employment and more.\",\"publisher\":{\"@id\":\"https:\\\/\\\/www.miamibeachfl.gov\\\/#organization\"},\"potentialAction\":[{\"@type\":\"SearchAction\",\"target\":{\"@type\":\"EntryPoint\",\"urlTemplate\":\"https:\\\/\\\/www.miamibeachfl.gov\\\/?s={search_term_string}\"},\"query-input\":{\"@type\":\"PropertyValueSpecification\",\"valueRequired\":true,\"valueName\":\"search_term_string\"}}],\"inLanguage\":\"fr-FR\"},{\"@type\":\"Organization\",\"@id\":\"https:\\\/\\\/www.miamibeachfl.gov\\\/#organization\",\"name\":\"City of Miami Beach\",\"url\":\"https:\\\/\\\/www.miamibeachfl.gov\\\/\",\"logo\":{\"@type\":\"ImageObject\",\"inLanguage\":\"fr-FR\",\"@id\":\"https:\\\/\\\/www.miamibeachfl.gov\\\/#\\\/schema\\\/logo\\\/image\\\/\",\"url\":\"https:\\\/\\\/www.miamibeachfl.gov\\\/wp-content\\\/uploads\\\/2022\\\/06\\\/miamibeach-logoblue.png\",\"contentUrl\":\"https:\\\/\\\/www.miamibeachfl.gov\\\/wp-content\\\/uploads\\\/2022\\\/06\\\/miamibeach-logoblue.png\",\"width\":1962,\"height\":381,\"caption\":\"City of Miami Beach\"},\"image\":{\"@id\":\"https:\\\/\\\/www.miamibeachfl.gov\\\/#\\\/schema\\\/logo\\\/image\\\/\"},\"sameAs\":[\"https:\\\/\\\/www.facebook.com\\\/cityofmiamibeach\",\"https:\\\/\\\/x.com\\\/Miamibeachnews\",\"https:\\\/\\\/www.instagram.com\\\/miamibeachnews\\\/\"],\"description\":\"The official website of the City of Miami Beach. Stay informed, find important information on city services, news, alerts, events, trolley routes, government employment and more.\",\"telephone\":\"305.604.CITY(2489)\",\"legalName\":\"City of Miami Beach\"}]}<\/script>\n<!-- \/ Yoast SEO Premium plugin. -->","yoast_head_json":{"title":"\u00c9tiquette relative au handicap \u2013 Ville de Miami Beach","description":"%","robots":{"index":"index","follow":"follow","max-snippet":"max-snippet:-1","max-image-preview":"max-image-preview:large","max-video-preview":"max-video-preview:-1"},"canonical":"https:\/\/www.miamibeachfl.gov\/fr\/ada\/disability-etiquette\/","og_locale":"fr_FR","og_type":"article","og_title":"Disability Etiquette","og_description":"%","og_url":"https:\/\/www.miamibeachfl.gov\/fr\/ada\/disability-etiquette\/","og_site_name":"City of Miami Beach","article_publisher":"https:\/\/www.facebook.com\/cityofmiamibeach","article_modified_time":"2026-04-22T19:06:08+00:00","og_image":[{"width":1000,"height":1000,"url":"https:\/\/www.miamibeachfl.gov\/wp-content\/uploads\/2024\/01\/1000pxSquare-miamibeach-aerial-southpointview.jpeg","type":"image\/jpeg"}],"twitter_card":"summary_large_image","twitter_site":"@Miamibeachnews","schema":{"@context":"https:\/\/schema.org","@graph":[{"@type":"WebPage","@id":"https:\/\/www.miamibeachfl.gov\/ada\/disability-etiquette\/","url":"https:\/\/www.miamibeachfl.gov\/ada\/disability-etiquette\/","name":"\u00c9tiquette relative au handicap \u2013 Ville de Miami Beach","isPartOf":{"@id":"https:\/\/www.miamibeachfl.gov\/#website"},"datePublished":"2022-10-07T18:37:32+00:00","dateModified":"2026-04-22T19:06:08+00:00","description":"%","breadcrumb":{"@id":"https:\/\/www.miamibeachfl.gov\/ada\/disability-etiquette\/#breadcrumb"},"inLanguage":"fr-FR","potentialAction":[{"@type":"ReadAction","target":["https:\/\/www.miamibeachfl.gov\/ada\/disability-etiquette\/"]}]},{"@type":"BreadcrumbList","@id":"https:\/\/www.miamibeachfl.gov\/ada\/disability-etiquette\/#breadcrumb","itemListElement":[{"@type":"ListItem","position":1,"name":"Home","item":"https:\/\/www.miamibeachfl.gov\/"},{"@type":"ListItem","position":2,"name":"ADA","item":"https:\/\/www.miamibeachfl.gov\/ada\/"},{"@type":"ListItem","position":3,"name":"Disability Etiquette"}]},{"@type":"WebSite","@id":"https:\/\/www.miamibeachfl.gov\/#website","url":"https:\/\/www.miamibeachfl.gov\/","name":"Ville de Miami Beach","description":"Site officiel de la ville de Miami Beach. Restez inform\u00e9 et trouvez des informations importantes sur les services municipaux, les actualit\u00e9s, les alertes, les \u00e9v\u00e9nements, les itin\u00e9raires de tramway, les emplois gouvernementaux et bien plus encore.","publisher":{"@id":"https:\/\/www.miamibeachfl.gov\/#organization"},"potentialAction":[{"@type":"SearchAction","target":{"@type":"EntryPoint","urlTemplate":"https:\/\/www.miamibeachfl.gov\/?s={search_term_string}"},"query-input":{"@type":"PropertyValueSpecification","valueRequired":true,"valueName":"search_term_string"}}],"inLanguage":"fr-FR"},{"@type":"Organization","@id":"https:\/\/www.miamibeachfl.gov\/#organization","name":"Ville de Miami Beach","url":"https:\/\/www.miamibeachfl.gov\/","logo":{"@type":"ImageObject","inLanguage":"fr-FR","@id":"https:\/\/www.miamibeachfl.gov\/#\/schema\/logo\/image\/","url":"https:\/\/www.miamibeachfl.gov\/wp-content\/uploads\/2022\/06\/miamibeach-logoblue.png","contentUrl":"https:\/\/www.miamibeachfl.gov\/wp-content\/uploads\/2022\/06\/miamibeach-logoblue.png","width":1962,"height":381,"caption":"City of Miami Beach"},"image":{"@id":"https:\/\/www.miamibeachfl.gov\/#\/schema\/logo\/image\/"},"sameAs":["https:\/\/www.facebook.com\/cityofmiamibeach","https:\/\/x.com\/Miamibeachnews","https:\/\/www.instagram.com\/miamibeachnews\/"],"description":"Site officiel de la ville de Miami Beach. Restez inform\u00e9 et trouvez des informations importantes sur les services municipaux, les actualit\u00e9s, les alertes, les \u00e9v\u00e9nements, les itin\u00e9raires de tramway, les emplois gouvernementaux et bien plus encore.","telephone":"305.604.CITY(2489)","legalName":"City of Miami Beach"}]}},"_links":{"self":[{"href":"https:\/\/www.miamibeachfl.gov\/fr\/wp-json\/wp\/v2\/pages\/225539","targetHints":{"allow":["GET"]}}],"collection":[{"href":"https:\/\/www.miamibeachfl.gov\/fr\/wp-json\/wp\/v2\/pages"}],"about":[{"href":"https:\/\/www.miamibeachfl.gov\/fr\/wp-json\/wp\/v2\/types\/page"}],"author":[{"embeddable":true,"href":"https:\/\/www.miamibeachfl.gov\/fr\/wp-json\/wp\/v2\/users\/222"}],"replies":[{"embeddable":true,"href":"https:\/\/www.miamibeachfl.gov\/fr\/wp-json\/wp\/v2\/comments?post=225539"}],"version-history":[{"count":3,"href":"https:\/\/www.miamibeachfl.gov\/fr\/wp-json\/wp\/v2\/pages\/225539\/revisions"}],"predecessor-version":[{"id":399346,"href":"https:\/\/www.miamibeachfl.gov\/fr\/wp-json\/wp\/v2\/pages\/225539\/revisions\/399346"}],"up":[{"embeddable":true,"href":"https:\/\/www.miamibeachfl.gov\/fr\/wp-json\/wp\/v2\/pages\/225181"}],"wp:attachment":[{"href":"https:\/\/www.miamibeachfl.gov\/fr\/wp-json\/wp\/v2\/media?parent=225539"}],"wp:term":[{"taxonomy":"category","embeddable":true,"href":"https:\/\/www.miamibeachfl.gov\/fr\/wp-json\/wp\/v2\/categories?post=225539"},{"taxonomy":"post_tag","embeddable":true,"href":"https:\/\/www.miamibeachfl.gov\/fr\/wp-json\/wp\/v2\/tags?post=225539"}],"curies":[{"name":"wp","href":"https:\/\/api.w.org\/{rel}","templated":true}]}}