{"id":234202,"date":"2022-12-13T11:56:59","date_gmt":"2022-12-13T16:56:59","guid":{"rendered":"https:\/\/www.miamibeachfl.gov\/?page_id=234202"},"modified":"2026-03-10T16:00:00","modified_gmt":"2026-03-10T20:00:00","slug":"neighborhood-associations","status":"publish","type":"page","link":"https:\/\/www.miamibeachfl.gov\/fr\/residents\/neighborhood-associations\/neighborhood-associations\/","title":{"rendered":"Liste des associations de quartier"},"content":{"rendered":"<h1>\n\t\t\tListes des associations de quartier\t<\/h1>\nMenu R\u00e9sidents\t\t\t\n\t\t\t\t\t<ul id=\"menu-residents\"><li id=\"menu-item-258178\"><a href=\"\/fr\/residents\/\">R\u00e9sidents<\/a><\/li>\n<li id=\"menu-item-259185\"><a href=\"\/fr\/neighborhood-associations\/\">Associations de quartier et de copropri\u00e9t\u00e9<\/a><\/li>\n<li id=\"menu-item-258180\"><a href=\"\/fr\/residents\/neighborhood-affairs-division\/\">Affaires de quartier<\/a><\/li>\n<li id=\"menu-item-258181\"><a href=\"\/fr\/community-events-and-perks\/\">Avantages et r\u00e9ductions<\/a><\/li>\n<li id=\"menu-item-258182\"><a href=\"\/fr\/animal-control\/\">Soins et contr\u00f4le des animaux<\/a><\/li>\n<li id=\"menu-item-258183\"><a href=\"\/fr\/city-hall\/cip\/active-projects\/\">Projets actifs<\/a><\/li>\n<li id=\"menu-item-281156\" aria-haspopup=\"true\"><a aria-expanded=\"false\" href=\"\/fr\/engagementtoolbox\/\">Restez connect\u00e9<\/a>\n<ul>\n\t<li id=\"menu-item-396190\"><a href=\"\/fr\/residents\/resident-guide\/#importantnumbers\">Num\u00e9ros importants<\/a><\/li>\n<\/ul>\n<\/li>\n<\/ul>\t\nMenu R\u00e9sidents \u00d7\t\t\t\t\t\t<ul id=\"menu-residents-1\"><li id=\"menu-item-258178\"><a href=\"\/fr\/residents\/\">R\u00e9sidents<\/a><\/li>\n<li id=\"menu-item-259185\"><a href=\"\/fr\/neighborhood-associations\/\">Associations de quartier et de copropri\u00e9t\u00e9<\/a><\/li>\n<li id=\"menu-item-258180\"><a href=\"\/fr\/residents\/neighborhood-affairs-division\/\">Affaires de quartier<\/a><\/li>\n<li id=\"menu-item-258181\"><a href=\"\/fr\/community-events-and-perks\/\">Avantages et r\u00e9ductions<\/a><\/li>\n<li id=\"menu-item-258182\"><a href=\"\/fr\/animal-control\/\">Soins et contr\u00f4le des animaux<\/a><\/li>\n<li id=\"menu-item-258183\"><a href=\"\/fr\/city-hall\/cip\/active-projects\/\">Projets actifs<\/a><\/li>\n<li id=\"menu-item-281156\" aria-haspopup=\"true\"><a aria-expanded=\"false\" href=\"\/fr\/engagementtoolbox\/\">Restez connect\u00e9<\/a>\n<ul>\n\t<li id=\"menu-item-396190\"><a href=\"\/fr\/residents\/resident-guide\/#importantnumbers\">Num\u00e9ros importants<\/a><\/li>\n<\/ul>\n<\/li>\n<\/ul>\t\t\t\t\n\t<p>Veuillez trouver ci-dessous les coordonn\u00e9es des associations de quartier. Veuillez noter que tous les contacts list\u00e9s ci-dessous sont des organisations priv\u00e9es ind\u00e9pendantes et non affili\u00e9es \u00e0 la Ville de Miami Beach.<\/p>\n\t\t\t\t\t\t<h2>Liste des associations de North Beach<\/h2>\n\t\t\t\t\t\n\t\t\t\t\t\t<h2>Liste des associations de Mid Beach<\/h2>\n\t\t\t\t\t\n\t\t\t\t\t\t<h2>Liste des associations de South Beach<\/h2>\n\t\t\t\t\t\n\t<ul>\n\t\t<li>\t\t\t\t\n\t\t<h4>Cartes de projet<\/h4><p><a href=\"https:\/\/www.miamibeachfl.gov\/fr\/city-hall\/cip\/active-projects\/\">Cliquez ici pour voir les projets en cours<\/a><\/p><\/li><li>\t\t\t\t\n\t\t<h4>Inscrivez-vous aux newsletters<\/h4><p><a href=\"https:\/\/visitor.constantcontact.com\/manage\/optin?v=001G3gQF_El_4o1UEbguheB5rRDdq-hnRAKhp2jliX-icWst1w-srITvYqNEQOSOP3nnf2ZNHEB5pEuMqJ81YPodWVmvmrL5KxpRzRTWDJ8hoZyMMdDVgHfb8A5FMedARjWoNEYCsMN1MwFXbtF6vBS43tTM2zEFhlLF5ZqP34sNoxi2nBDNIRkm4VSPBWA2EGx\">Cliquez ici pour vous inscrire et recevoir les newsletters<\/a><\/p><\/li><li>\t\t\t\t\n\t\t<h4>Guide des r\u00e9sidents<\/h4><p><a href=\"https:\/\/www.miamibeachfl.gov\/fr\/residents\/residents-guide\/\">Cliquez ici pour consulter le guide du r\u00e9sident<\/a><\/p><\/li><li>\t\t\t\t\n\t\t<h4>MB Resident Connect<\/h4><p><a href=\"https:\/\/apps.miamibeachfl.gov\/ResidentConnect\">Recevez des notifications \u00e9lectroniques cibl\u00e9es sur des sujets ayant un impact sur la qualit\u00e9 de vie des r\u00e9sidents.<\/a><\/p><\/li><li>\t\t\t\t\n\t\t<h4>Applications mobiles<\/h4><p><a href=\"\/fr\/city-hall\/information-technology\/#cmbmobileapps\">Cliquez ici pour acc\u00e9der aux liens vers l&#039;application mobile<\/a><\/p><\/li>\t<\/ul>\n<h2>\n\t\t<a href=\"https:\/\/www.miamibeachfl.gov\/fr\/city-hall\/cip\/active-projects\/\" title=\"Consultez la liste compl\u00e8te des projets dans votre r\u00e9gion\"  target=\"_self\">\n\t\t\tConsultez la liste compl\u00e8te des projets dans votre r\u00e9gion\t\t<\/a>\n\t<\/h2>\n\t<p>Ces am\u00e9liorations comprennent la modernisation et la mise en conformit\u00e9 de nos rues et de divers services publics avec les codes en vigueur, ainsi que l\u2019am\u00e9lioration de l\u2019esth\u00e9tique du quartier dans son ensemble. <strong><a href=\"https:\/\/www.miamibeachfl.gov\/fr\/city-hall\/cip\/active-projects\/\">Cliquez ici pour visualiser les projets sur une carte.<\/a><\/strong><\/p>","protected":false},"excerpt":{"rendered":"<p>Liste des associations de quartier Menu des r\u00e9sidents Associations de quartier et de copropri\u00e9t\u00e9 Affaires de quartier Avantages et r\u00e9ductions Soins et contr\u00f4le des animaux Actif [\u2026]<\/p>","protected":false},"author":222,"featured_media":0,"parent":234087,"menu_order":0,"comment_status":"closed","ping_status":"closed","template":"","meta":{"_searchwp_excluded":"","site-sidebar-layout":"default","site-content-layout":"","ast-site-content-layout":"default","site-content-style":"default","site-sidebar-style":"default","ast-global-header-display":"","ast-banner-title-visibility":"","ast-main-header-display":"","ast-hfb-above-header-display":"","ast-hfb-below-header-display":"","ast-hfb-mobile-header-display":"","site-post-title":"","ast-breadcrumbs-content":"","ast-featured-img":"","footer-sml-layout":"","theme-transparent-header-meta":"","adv-header-id-meta":"","stick-header-meta":"","header-above-stick-meta":"","header-main-stick-meta":"","header-below-stick-meta":"","astra-migrate-meta-layouts":"default","ast-page-background-enabled":"default","ast-page-background-meta":{"desktop":{"background-color":"var(--ast-global-color-5)","background-image":"","background-repeat":"repeat","background-position":"center center","background-size":"auto","background-attachment":"scroll","background-type":"","background-media":"","overlay-type":"","overlay-color":"","overlay-opacity":"","overlay-gradient":""},"tablet":{"background-color":"","background-image":"","background-repeat":"repeat","background-position":"center center","background-size":"auto","background-attachment":"scroll","background-type":"","background-media":"","overlay-type":"","overlay-color":"","overlay-opacity":"","overlay-gradient":""},"mobile":{"background-color":"","background-image":"","background-repeat":"repeat","background-position":"center center","background-size":"auto","background-attachment":"scroll","background-type":"","background-media":"","overlay-type":"","overlay-color":"","overlay-opacity":"","overlay-gradient":""}},"ast-content-background-meta":{"desktop":{"background-color":"var(--ast-global-color-4)","background-image":"","background-repeat":"repeat","background-position":"center center","background-size":"auto","background-attachment":"scroll","background-type":"","background-media":"","overlay-type":"","overlay-color":"","overlay-opacity":"","overlay-gradient":""},"tablet":{"background-color":"var(--ast-global-color-4)","background-image":"","background-repeat":"repeat","background-position":"center center","background-size":"auto","background-attachment":"scroll","background-type":"","background-media":"","overlay-type":"","overlay-color":"","overlay-opacity":"","overlay-gradient":""},"mobile":{"background-color":"var(--ast-global-color-4)","background-image":"","background-repeat":"repeat","background-position":"center center","background-size":"auto","background-attachment":"scroll","background-type":"","background-media":"","overlay-type":"","overlay-color":"","overlay-opacity":"","overlay-gradient":""}},"footnotes":""},"categories":[],"tags":[],"class_list":["post-234202","page","type-page","status-publish","hentry"],"yoast_head":"<!-- This site is optimized with the Yoast SEO Premium plugin v26.6 (Yoast SEO v26.6) - https:\/\/yoast.com\/wordpress\/plugins\/seo\/ -->\n<title>Neighborhood Associations List - City of Miami Beach<\/title>\n<meta name=\"description\" content=\"Miami Beach list of neighborhood associations\" \/>\n<meta name=\"robots\" content=\"index, follow, max-snippet:-1, max-image-preview:large, max-video-preview:-1\" \/>\n<link rel=\"canonical\" href=\"https:\/\/www.miamibeachfl.gov\/fr\/residents\/neighborhood-associations\/neighborhood-associations\/\" \/>\n<meta property=\"og:locale\" content=\"fr_FR\" \/>\n<meta property=\"og:type\" content=\"article\" \/>\n<meta property=\"og:title\" content=\"Neighborhood Associations List\" \/>\n<meta property=\"og:description\" content=\"Miami Beach list of neighborhood associations\" \/>\n<meta property=\"og:url\" content=\"https:\/\/www.miamibeachfl.gov\/fr\/residents\/neighborhood-associations\/neighborhood-associations\/\" \/>\n<meta property=\"og:site_name\" content=\"City of Miami Beach\" \/>\n<meta property=\"article:publisher\" content=\"https:\/\/www.facebook.com\/cityofmiamibeach\" \/>\n<meta property=\"article:modified_time\" content=\"2026-03-10T20:00:00+00:00\" \/>\n<meta property=\"og:image\" content=\"https:\/\/www.miamibeachfl.gov\/wp-content\/uploads\/2024\/01\/1000pxSquare-miamibeach-aerial-southpointview.jpeg\" \/>\n\t<meta property=\"og:image:width\" content=\"1000\" \/>\n\t<meta property=\"og:image:height\" content=\"1000\" \/>\n\t<meta property=\"og:image:type\" content=\"image\/jpeg\" \/>\n<meta name=\"twitter:card\" content=\"summary_large_image\" \/>\n<meta name=\"twitter:site\" content=\"@Miamibeachnews\" \/>\n<script type=\"application\/ld+json\" class=\"yoast-schema-graph\">{\"@context\":\"https:\/\/schema.org\",\"@graph\":[{\"@type\":\"WebPage\",\"@id\":\"https:\/\/www.miamibeachfl.gov\/residents\/neighborhood-associations\/neighborhood-associations\/\",\"url\":\"https:\/\/www.miamibeachfl.gov\/residents\/neighborhood-associations\/neighborhood-associations\/\",\"name\":\"Neighborhood Associations List - City of Miami Beach\",\"isPartOf\":{\"@id\":\"https:\/\/www.miamibeachfl.gov\/#website\"},\"datePublished\":\"2022-12-13T16:56:59+00:00\",\"dateModified\":\"2026-03-10T20:00:00+00:00\",\"description\":\"Miami Beach list of neighborhood associations\",\"breadcrumb\":{\"@id\":\"https:\/\/www.miamibeachfl.gov\/residents\/neighborhood-associations\/neighborhood-associations\/#breadcrumb\"},\"inLanguage\":\"fr-FR\",\"potentialAction\":[{\"@type\":\"ReadAction\",\"target\":[\"https:\/\/www.miamibeachfl.gov\/residents\/neighborhood-associations\/neighborhood-associations\/\"]}]},{\"@type\":\"BreadcrumbList\",\"@id\":\"https:\/\/www.miamibeachfl.gov\/residents\/neighborhood-associations\/neighborhood-associations\/#breadcrumb\",\"itemListElement\":[{\"@type\":\"ListItem\",\"position\":1,\"name\":\"Home\",\"item\":\"https:\/\/www.miamibeachfl.gov\/\"},{\"@type\":\"ListItem\",\"position\":2,\"name\":\"Residents\",\"item\":\"https:\/\/www.miamibeachfl.gov\/residents\/\"},{\"@type\":\"ListItem\",\"position\":3,\"name\":\"Neighborhood &#038; Condominium Associations\",\"item\":\"https:\/\/www.miamibeachfl.gov\/residents\/neighborhood-associations\/\"},{\"@type\":\"ListItem\",\"position\":4,\"name\":\"Neighborhood Associations List\"}]},{\"@type\":\"WebSite\",\"@id\":\"https:\/\/www.miamibeachfl.gov\/#website\",\"url\":\"https:\/\/www.miamibeachfl.gov\/\",\"name\":\"City of Miami Beach\",\"description\":\"The official website of the City of Miami Beach. Stay informed, find important information on city services, news, alerts, events, trolley routes, government employment and more.\",\"publisher\":{\"@id\":\"https:\/\/www.miamibeachfl.gov\/#organization\"},\"potentialAction\":[{\"@type\":\"SearchAction\",\"target\":{\"@type\":\"EntryPoint\",\"urlTemplate\":\"https:\/\/www.miamibeachfl.gov\/?s={search_term_string}\"},\"query-input\":{\"@type\":\"PropertyValueSpecification\",\"valueRequired\":true,\"valueName\":\"search_term_string\"}}],\"inLanguage\":\"fr-FR\"},{\"@type\":\"Organization\",\"@id\":\"https:\/\/www.miamibeachfl.gov\/#organization\",\"name\":\"City of Miami Beach\",\"url\":\"https:\/\/www.miamibeachfl.gov\/\",\"logo\":{\"@type\":\"ImageObject\",\"inLanguage\":\"fr-FR\",\"@id\":\"https:\/\/www.miamibeachfl.gov\/#\/schema\/logo\/image\/\",\"url\":\"https:\/\/www.miamibeachfl.gov\/wp-content\/uploads\/2022\/06\/miamibeach-logoblue.png\",\"contentUrl\":\"https:\/\/www.miamibeachfl.gov\/wp-content\/uploads\/2022\/06\/miamibeach-logoblue.png\",\"width\":1962,\"height\":381,\"caption\":\"City of Miami Beach\"},\"image\":{\"@id\":\"https:\/\/www.miamibeachfl.gov\/#\/schema\/logo\/image\/\"},\"sameAs\":[\"https:\/\/www.facebook.com\/cityofmiamibeach\",\"https:\/\/x.com\/Miamibeachnews\",\"https:\/\/www.instagram.com\/miamibeachnews\/\"],\"description\":\"The official website of the City of Miami Beach. Stay informed, find important information on city services, news, alerts, events, trolley routes, government employment and more.\",\"telephone\":\"305.604.CITY(2489)\",\"legalName\":\"City of Miami Beach\"}]}<\/script>\n<!-- \/ Yoast SEO Premium plugin. -->","yoast_head_json":{"title":"Liste des associations de quartier \u2013 Ville de Miami Beach","description":"Liste des associations de quartier de Miami Beach","robots":{"index":"index","follow":"follow","max-snippet":"max-snippet:-1","max-image-preview":"max-image-preview:large","max-video-preview":"max-video-preview:-1"},"canonical":"https:\/\/www.miamibeachfl.gov\/fr\/residents\/neighborhood-associations\/neighborhood-associations\/","og_locale":"fr_FR","og_type":"article","og_title":"Neighborhood Associations List","og_description":"Miami Beach list of neighborhood associations","og_url":"https:\/\/www.miamibeachfl.gov\/fr\/residents\/neighborhood-associations\/neighborhood-associations\/","og_site_name":"City of Miami Beach","article_publisher":"https:\/\/www.facebook.com\/cityofmiamibeach","article_modified_time":"2026-03-10T20:00:00+00:00","og_image":[{"width":1000,"height":1000,"url":"https:\/\/www.miamibeachfl.gov\/wp-content\/uploads\/2024\/01\/1000pxSquare-miamibeach-aerial-southpointview.jpeg","type":"image\/jpeg"}],"twitter_card":"summary_large_image","twitter_site":"@Miamibeachnews","schema":{"@context":"https:\/\/schema.org","@graph":[{"@type":"WebPage","@id":"https:\/\/www.miamibeachfl.gov\/residents\/neighborhood-associations\/neighborhood-associations\/","url":"https:\/\/www.miamibeachfl.gov\/residents\/neighborhood-associations\/neighborhood-associations\/","name":"Liste des associations de quartier \u2013 Ville de Miami Beach","isPartOf":{"@id":"https:\/\/www.miamibeachfl.gov\/#website"},"datePublished":"2022-12-13T16:56:59+00:00","dateModified":"2026-03-10T20:00:00+00:00","description":"Liste des associations de quartier de Miami Beach","breadcrumb":{"@id":"https:\/\/www.miamibeachfl.gov\/residents\/neighborhood-associations\/neighborhood-associations\/#breadcrumb"},"inLanguage":"fr-FR","potentialAction":[{"@type":"ReadAction","target":["https:\/\/www.miamibeachfl.gov\/residents\/neighborhood-associations\/neighborhood-associations\/"]}]},{"@type":"BreadcrumbList","@id":"https:\/\/www.miamibeachfl.gov\/residents\/neighborhood-associations\/neighborhood-associations\/#breadcrumb","itemListElement":[{"@type":"ListItem","position":1,"name":"Home","item":"https:\/\/www.miamibeachfl.gov\/"},{"@type":"ListItem","position":2,"name":"Residents","item":"https:\/\/www.miamibeachfl.gov\/residents\/"},{"@type":"ListItem","position":3,"name":"Neighborhood &#038; Condominium Associations","item":"https:\/\/www.miamibeachfl.gov\/residents\/neighborhood-associations\/"},{"@type":"ListItem","position":4,"name":"Neighborhood Associations List"}]},{"@type":"WebSite","@id":"https:\/\/www.miamibeachfl.gov\/#website","url":"https:\/\/www.miamibeachfl.gov\/","name":"Ville de Miami Beach","description":"Site officiel de la ville de Miami Beach. Restez inform\u00e9 et trouvez des informations importantes sur les services municipaux, les actualit\u00e9s, les alertes, les \u00e9v\u00e9nements, les itin\u00e9raires de tramway, les emplois gouvernementaux et bien plus encore.","publisher":{"@id":"https:\/\/www.miamibeachfl.gov\/#organization"},"potentialAction":[{"@type":"SearchAction","target":{"@type":"EntryPoint","urlTemplate":"https:\/\/www.miamibeachfl.gov\/?s={search_term_string}"},"query-input":{"@type":"PropertyValueSpecification","valueRequired":true,"valueName":"search_term_string"}}],"inLanguage":"fr-FR"},{"@type":"Organization","@id":"https:\/\/www.miamibeachfl.gov\/#organization","name":"Ville de Miami Beach","url":"https:\/\/www.miamibeachfl.gov\/","logo":{"@type":"ImageObject","inLanguage":"fr-FR","@id":"https:\/\/www.miamibeachfl.gov\/#\/schema\/logo\/image\/","url":"https:\/\/www.miamibeachfl.gov\/wp-content\/uploads\/2022\/06\/miamibeach-logoblue.png","contentUrl":"https:\/\/www.miamibeachfl.gov\/wp-content\/uploads\/2022\/06\/miamibeach-logoblue.png","width":1962,"height":381,"caption":"City of Miami Beach"},"image":{"@id":"https:\/\/www.miamibeachfl.gov\/#\/schema\/logo\/image\/"},"sameAs":["https:\/\/www.facebook.com\/cityofmiamibeach","https:\/\/x.com\/Miamibeachnews","https:\/\/www.instagram.com\/miamibeachnews\/"],"description":"Site officiel de la ville de Miami Beach. Restez inform\u00e9 et trouvez des informations importantes sur les services municipaux, les actualit\u00e9s, les alertes, les \u00e9v\u00e9nements, les itin\u00e9raires de tramway, les emplois gouvernementaux et bien plus encore.","telephone":"305.604.CITY(2489)","legalName":"City of Miami Beach"}]}},"_links":{"self":[{"href":"https:\/\/www.miamibeachfl.gov\/fr\/wp-json\/wp\/v2\/pages\/234202","targetHints":{"allow":["GET"]}}],"collection":[{"href":"https:\/\/www.miamibeachfl.gov\/fr\/wp-json\/wp\/v2\/pages"}],"about":[{"href":"https:\/\/www.miamibeachfl.gov\/fr\/wp-json\/wp\/v2\/types\/page"}],"author":[{"embeddable":true,"href":"https:\/\/www.miamibeachfl.gov\/fr\/wp-json\/wp\/v2\/users\/222"}],"replies":[{"embeddable":true,"href":"https:\/\/www.miamibeachfl.gov\/fr\/wp-json\/wp\/v2\/comments?post=234202"}],"version-history":[{"count":0,"href":"https:\/\/www.miamibeachfl.gov\/fr\/wp-json\/wp\/v2\/pages\/234202\/revisions"}],"up":[{"embeddable":true,"href":"https:\/\/www.miamibeachfl.gov\/fr\/wp-json\/wp\/v2\/pages\/234087"}],"wp:attachment":[{"href":"https:\/\/www.miamibeachfl.gov\/fr\/wp-json\/wp\/v2\/media?parent=234202"}],"wp:term":[{"taxonomy":"category","embeddable":true,"href":"https:\/\/www.miamibeachfl.gov\/fr\/wp-json\/wp\/v2\/categories?post=234202"},{"taxonomy":"post_tag","embeddable":true,"href":"https:\/\/www.miamibeachfl.gov\/fr\/wp-json\/wp\/v2\/tags?post=234202"}],"curies":[{"name":"wp","href":"https:\/\/api.w.org\/{rel}","templated":true}]}}