{"id":239766,"date":"2023-01-10T09:08:31","date_gmt":"2023-01-10T14:08:31","guid":{"rendered":"https:\/\/www.miamibeachfl.gov\/?page_id=239766"},"modified":"2025-08-14T16:51:19","modified_gmt":"2025-08-14T20:51:19","slug":"civicaccess","status":"publish","type":"page","link":"https:\/\/www.miamibeachfl.gov\/fr\/business\/civicaccess\/","title":{"rendered":"Acc\u00e8s civique"},"content":{"rendered":"<h1  id=\"top\">\n\t\t\tAcc\u00e8s civique\t<\/h1>\n<h2  id=\"top\">\n\t\t\t\u00c9galement connu sous le nom de Citizen Self Service (CSS)\t<\/h2>\n\t<p>Le portail Miami Beach Civic Access (CSS) est un service de nouvelle g\u00e9n\u00e9ration pour les permis, la planification, les re\u00e7us fiscaux des entreprises et la conformit\u00e9 aux codes. Les utilisateurs peuvent soumettre diverses demandes en ligne\u00a0: conna\u00eetre l&#039;\u00e9tat d&#039;avancement de leur demande de permis, de plan de construction ou m\u00eame demander une inspection.<\/p>\n\t<p>Avoir un compte:<\/p>\n\t\t\t<a href=\"https:\/\/energovcss.miamibeachfl.gov\/energovprod\/selfservice#\/login?redirectUrl=%2Fhome\" target=\"_blank\" rel=\"noopener\">\n\t\t\t\t\t\t\tConnectez-vous au portail d&#039;acc\u00e8s civique (CSS)\n\t\t\t<\/a>\n\t<p>Besoin d&#039;un compte :<\/p>\n\t\t\t<a href=\"https:\/\/energovcss.miamibeachfl.gov\/energovprod\/selfservice#\/register\" target=\"_blank\" rel=\"noopener\">\n\t\t\t\t\t\t\tEnregistrer un nouveau compte (CSS)\n\t\t\t<\/a>\n\t\t<h3><a href=\"https:\/\/energovcss.miamibeachfl.gov\/energovprod\/selfservice#\/search\"  target=\"_self\">\t\n\t\t\t\tRechercher des archives publiques Rechercher des archives publiques<\/a><\/h3><p>Permis, plans, inspections, cas de code, demandes, licences et projets<\/p>\n\t\t\t<a href=\"https:\/\/energovcss.miamibeachfl.gov\/energovprod\/selfservice#\/search\" target=\"_self\">\n\t\t\t\t\t\t\tPortail de recherche\n\t\t\t\t\t<\/a>\n\t\t<h3><a href=\"https:\/\/energovcss.miamibeachfl.gov\/energovprod\/selfservice#\/applicationAssistant\"  target=\"_self\">\t\n\t\t\t\tAssistant de candidature Assistance \u00e0 la candidature<\/a><\/h3><p>Demander des permis, des plans et des re\u00e7us commerciaux<\/p>\n\t\t\t<a href=\"https:\/\/energovcss.miamibeachfl.gov\/energovprod\/selfservice#\/applicationAssistant\" target=\"_self\">\n\t\t\t\t\t\t\tPostulez maintenant\n\t\t\t\t\t<\/a>\n\t\t<h3><a href=\"https:\/\/payments.miamibeachfl.gov\/app\/\"  target=\"_self\">\t\n\t\t\t\tPayer une facture Payer une facture<\/a><\/h3><p><strong><a href=\"https:\/\/energovcss.miamibeachfl.gov\/energovprod\/selfservice#\/payinvoice\">Cliquez ici pour rechercher une facture<\/a><\/strong><\/p>\n\t\t\t<a href=\"https:\/\/payments.miamibeachfl.gov\/app\/\" target=\"_self\">\n\t\t\t\t\t\t\tFacture Quick Pay\n\t\t\t\t\t<\/a>\n<h3>\n\t\t\tRessources suppl\u00e9mentaires :\t<\/h3>\n\t<strong><a href=\"https:\/\/energovcss.miamibeachfl.gov\/energovprod\/selfservice#\/estimate\">Estimateur de frais<\/a><\/strong><br \/>\n<a href=\"#cssfaqs\"><strong>FAQ sur l&#039;acc\u00e8s civique<\/strong><\/a><br \/>\n<strong><a href=\"https:\/\/www.miamibeachfl.gov\/wp-content\/uploads\/2023\/05\/CSSLoginInstructions.pdf\">T\u00e9l\u00e9charger le guide des probl\u00e8mes de connexion<\/a><\/strong>\n\t\t<img decoding=\"async\" src=\"https:\/\/www.miamibeachfl.gov\/wp-content\/uploads\/2023\/01\/CSS-HowtovideoThumbnail.2jpg.jpg\" alt=\"Training Video Link\"\/>\n\t<p>Les nouvelles fonctionnalit\u00e9s incluent plusieurs types de recherche centralis\u00e9s sur l&#039;ensemble des documents. Il est \u00e9galement possible de rechercher par num\u00e9ro de parcelle (folio) et par mots-cl\u00e9s. De plus, le nouveau site est optimis\u00e9 pour les appareils mobiles et am\u00e9liore l&#039;affichage des informations.<\/p>\n<p><strong>Autres fonctionnalit\u00e9s incluses\u00a0:<\/strong><\/p>\n<ul>\n<li>Estimateur de frais<\/li>\n<li>Sauvegarde et suppression des brouillons de candidature<\/li>\n<li>Exportation des r\u00e9sultats de recherche, y compris votre activit\u00e9 de paiement, vers Excel<\/li>\n<li>La possibilit\u00e9 de t\u00e9l\u00e9charger des pi\u00e8ces jointes \u00e0 plusieurs \u00e9tapes du processus de candidature<\/li>\n<li>Inscription automatique pour un acc\u00e8s instantan\u00e9 aux services<\/li>\n<li>Fonctionnalit\u00e9 de panier d&#039;achat am\u00e9lior\u00e9e permettant aux utilisateurs de payer simultan\u00e9ment plusieurs factures associ\u00e9es \u00e0 leur compte<\/li>\n<li>Acc\u00e8s \u00e9largi aux donn\u00e9es d&#039;enregistrement<\/li>\n<li>Nouvelle page r\u00e9capitulative pour les demandes en cours d&#039;examen<\/li>\n<li>Nouveau tableau de bord personnalis\u00e9 qui identifie les \u00e9l\u00e9ments n\u00e9cessitant une attention particuli\u00e8re pour une gestion plus facile des \u00e9l\u00e9ments associ\u00e9s \u00e0 votre compte<\/li>\n<\/ul>\n<h2  id=\"cssfaqs\">\n\t\t\tFAQ\t<\/h2>\n\t\t\t\t\t\t<h3>Comment r\u00e9soudre les probl\u00e8mes de connexion courants <\/h3>\n\t\t\t<p>Ce guide d\u00e9crit comment les clients s&#039;inscrivent pour utiliser Civic Access de Tyler Technologies, anciennement connu sous le nom de Citizen Self Service (CSS), \u00e0 l&#039;aide du processus Tyler Identity (TID-C), Community Access. <br \/><a href=\"https:\/\/www.miamibeachfl.gov\/wp-content\/uploads\/2023\/05\/CSSLoginInstructions.pdf\">T\u00e9l\u00e9chargez le guide d&#039;acc\u00e8s \u00e0 la connexion<\/a><\/p>\n\t\t\t\t\t\t<h3>Puis-je utiliser mon compte CAP existant pour acc\u00e9der au portail Civic Access (CSS) ?<\/h3>\n\t\t\t<p>Oui, vous pouvez toujours utiliser votre compte CAP existant pour acc\u00e9der aux enregistrements sur le portail CSS en suivant quelques \u00e9tapes simples.<br \/><a href=\"https:\/\/www.youtube.com\/playlist?list=PL8QRwonPTqgNdS85BLFlNXs0njlj7FyQb\">Regardez le tutoriel vid\u00e9o.<\/a><\/p>\n\t\t\t\t\t\t<h3>Puis-je toujours effectuer des transactions dans le portail CAP existant\u00a0?<\/h3>\n\t\t\t<p>Oui, vous pouvez toujours traiter des transactions dans le portail CAP jusqu&#039;au 31 mai 2019. Nous vous recommandons fortement de migrer votre compte CAP vers CSS d\u00e8s que possible. <a href=\"https:\/\/www.youtube.com\/playlist?list=PL8QRwonPTqgNdS85BLFlNXs0njlj7FyQb\">Regardez le tutoriel vid\u00e9o.<\/a><\/p>\n\t\t\t\t\t\t<h3>Quels types de permis, de plans ou de dossiers puis-je rechercher dans Civic Access (CSS)\u00a0?<\/h3>\n\t\t\t<p>Les utilisateurs peuvent rechercher des enregistrements tels que des permis de construire, des plans, des permis de location d&#039;espaces de stationnement, des permis de mariage et de c\u00e9r\u00e9monie, des permis de film et d&#039;impression, des permis d&#039;abattage d&#039;arbres, des licences d&#039;ascenseur, des permis de peinture, des citations de conformit\u00e9 au code, des demandes de citoyens, des dossiers sp\u00e9ciaux, des re\u00e7us fiscaux d&#039;entreprise (BTR), et plus encore. <a href=\"https:\/\/energovcss.miamibeachfl.gov\/energovprod\/selfservice\">Visitez le portail Civic Access (CSS)<\/a><\/p>\n\t\t\t\t\t\t<h3>Puis-je demander mon re\u00e7u fiscal d\u2019entreprise, mon certificat d\u2019utilisation et mon inspection annuelle d\u2019incendie en ligne ?<\/h3>\n\t\t\t<p>Oui, vous pouvez demander un re\u00e7u fiscal d&#039;entreprise, un certificat d&#039;utilisation et une inspection annuelle des incendies sur CSS. <a href=\"https:\/\/www.miamibeachfl.gov\/fr\/city-hall\/finance\/business-tax-receipts-btr\/\" target=\"_blank\" rel=\"noopener\">Veuillez visiter le service des finances pour plus d&#039;informations.<\/a><\/p>\n\t\t\t\t\t\t<h3>Puis-je lier plusieurs BTR \u00e0 mon compte Civic Access (CSS) existant\u00a0?<\/h3>\n\t\t\t<p>Oui, si vous cr\u00e9ez un compte pour un entrepreneur, vous pouvez ajouter vos coordonn\u00e9es lors du processus de demande pour qu&#039;elles soient automatiquement li\u00e9es. Pour toute assistance suppl\u00e9mentaire, veuillez nous contacter \u00e0 l&#039;adresse mbhelp@miamibeachfl.gov. Veuillez indiquer votre adresse e-mail Civic Access (CSS) et votre num\u00e9ro de demande BTR.<\/p>\n\t\t\t\t\t\t<h3>Si je connais mon num\u00e9ro de facture, dois-je me connecter pour la payer ?<\/h3>\n\t\t\t<p>Si vous avez un num\u00e9ro de facture, vous pouvez effectuer un paiement rapide \u00e0 <a href=\"https:\/\/payments.miamibeachfl.gov\/app\/\" target=\"_blank\" rel=\"noopener\">miamibeachpay.com<\/a>\u00a0ou depuis votre smartphone en utilisant le <a href=\"https:\/\/www.miamibeachfl.gov\/fr\/pay-invoice\/\" target=\"_blank\" rel=\"noopener\">Application E-Gov de la ville de Miami Beach.<\/a><\/p>\n\t\t\t\t\t\t<h3>Puis-je payer plusieurs factures en m\u00eame temps ?<\/h3>\n\t\t\t<p>Oui, vous pouvez ajouter plusieurs factures \u00e0 votre panier \u00e0 tout moment et payer lorsqu&#039;elles sont pr\u00eates.<\/p>\n\t\t\t\t\t\t<h3>Puis-je demander une inspection en ligne ?<\/h3>\n\t\t\t<p>Si votre compte est li\u00e9 \u00e0 un permis, vous pouvez demander votre inspection en ligne<\/p>\n\t\t\t\t\t\t<h3>O\u00f9 puis-je obtenir plus d\u2019informations sur la demande ou la recherche de permis ?<\/h3>\n\t\t\t<ul>\n<li>Pour plus d&#039;informations sur les permis de construire, veuillez consulter le Guide interactif des permis en cliquant sur <a href=\"https:\/\/www.miamibeachfl.gov\/fr\/city-hall\/building\/permits\/interactive-permit-guide\/\">ici<\/a><\/li>\n<li>Pour plus d&#039;informations sur les permis ou les plans d&#039;urbanisme, veuillez consulter le service d&#039;urbanisme. <a href=\"https:\/\/www.miamibeachfl.gov\/fr\/city-hall\/planning\/\">ici<\/a><\/li>\n<li>Pour plus d&#039;informations sur les dossiers de conformit\u00e9 au code, veuillez visiter le service de conformit\u00e9 au code <a href=\"https:\/\/www.miamibeachfl.gov\/fr\/city-hall\/code-compliance\/\">ici<\/a><\/li>\n<li>Pour plus d&#039;informations sur les re\u00e7us fiscaux des entreprises, veuillez consulter le service des finances. <a href=\"https:\/\/www.miamibeachfl.gov\/fr\/city-hall\/finance\/business-tax-receipts-btr\/\">ici<\/a><\/li>\n<li>Pour plus d&#039;informations sur les permis de stationnement, veuillez visiter le service de stationnement <a href=\"https:\/\/www.miamibeachfl.gov\/fr\/city-hall\/parking\/permit-programs\/\">ici<\/a><\/li>\n<li>Pour plus d&#039;informations sur les permis de foresterie urbaine, veuillez visiter le service de foresterie urbaine. <a href=\"https:\/\/www.miamibeachfl.gov\/fr\/city-hall\/environmental-sustainability\/urban-forestry\/\">ici<\/a><\/li>\n<li>Pour plus d&#039;informations sur les licences et permis d&#039;ascenseurs, veuillez visiter la Division des ascenseurs <a href=\"https:\/\/www.miamibeachfl.gov\/fr\/city-hall\/public-works\/elevator-division\/elevator-permit\/\">ici<\/a><\/li>\n<li>Pour plus d&#039;informations sur les permis de feu ou les inspections annuelles d&#039;incendie, veuillez visiter la Division de la pr\u00e9vention des incendies <a href=\"https:\/\/www.miamibeachfl.gov\/fr\/city-hall\/fire\/fire-prevention\/\">ici<\/a><\/li>\n<li>Pour plus d&#039;informations sur les audiences sp\u00e9ciales, veuillez consulter le service du greffier de la ville. <a href=\"https:\/\/www.miamibeachfl.gov\/fr\/city-hall\/city-clerk\/\">ici<\/a><\/li>\n<li>Pour plus d&#039;informations sur les \u00e9v\u00e9nements sp\u00e9ciaux, veuillez visiter le d\u00e9partement du tourisme, de la culture et du d\u00e9veloppement \u00e9conomique. <a href=\"https:\/\/www.miamibeachfl.gov\/fr\/city-hall\/tourism-culture\/special-events\/\">ici<\/a><\/li>\n<\/ul>\n\t\t\t\t\t\t<h3>O\u00f9 puis-je trouver les enregistrements cr\u00e9\u00e9s avant le 27 avril 2016\u00a0?<\/h3>\n\t\t\t<p><a href=\"https:\/\/www.miamibeachfl.gov\/fr\/permits-search-dashboard\/\">Rechercher les permis cr\u00e9\u00e9s avant le 27 avril 2016.<\/a><\/p>\n<p><a href=\"https:\/\/www.miamibeachfl.gov\/fr\/permits-search-dashboard\/\" target=\"_blank\" rel=\"noopener\">Rechercher les cas de code cr\u00e9\u00e9s avant le 27 avril 2016.<\/a><\/p>\n<p><a href=\"https:\/\/secure.miamibeachfl.gov\/Webagenda\/Public\/SmAddressInquiry.aspx\" target=\"_blank\" rel=\"noopener\">Rechercher des dossiers sp\u00e9ciaux cr\u00e9\u00e9s avant le 27 avril 2016.<\/a><\/p>\n\t\t\t\t\t\t<h3>La Ville offre-t-elle une formation en Acc\u00e8s Civique (CSS) ?<\/h3>\n\t\t\t<p>Oui, la Ville organisera des ateliers ouverts au public sur l\u2019utilisation de Civic Access (CSS). <a href=\"https:\/\/www.miamibeachfl.gov\/fr\/city-hall\/building\/events\/\">Cliquez ici pour plus d&#039;informations.<\/a><\/p>\n<p><a href=\"https:\/\/www.miamibeachfl.gov\/fr\/calendar\/\">Calendrier des \u00e9v\u00e9nements de la ville<\/a><\/p>\n\t\t\t\t\t\t<h3> Comment puis-je demander une facture pour ma violation du code de conformit\u00e9 ?<\/h3>\n\t\t\t<p><a href=\"https:\/\/www.miamibeachfl.gov\/fr\/city-hall\/code-compliance\/code-invoice-request\/\" target=\"_blank\" rel=\"noopener\">Demandez une facture pour votre violation du code de conformit\u00e9<\/a>.<\/p>","protected":false},"excerpt":{"rendered":"<p>Civic Access Also known as Citizen Self Service (CSS) The Miami Beach Civic Access (CSS) portal is the next generation [&hellip;]<\/p>\n","protected":false},"author":222,"featured_media":0,"parent":196910,"menu_order":0,"comment_status":"closed","ping_status":"closed","template":"","meta":{"_searchwp_excluded":"","site-sidebar-layout":"default","site-content-layout":"","ast-site-content-layout":"default","site-content-style":"default","site-sidebar-style":"default","ast-global-header-display":"","ast-banner-title-visibility":"","ast-main-header-display":"","ast-hfb-above-header-display":"","ast-hfb-below-header-display":"","ast-hfb-mobile-header-display":"","site-post-title":"","ast-breadcrumbs-content":"","ast-featured-img":"","footer-sml-layout":"","theme-transparent-header-meta":"","adv-header-id-meta":"","stick-header-meta":"","header-above-stick-meta":"","header-main-stick-meta":"","header-below-stick-meta":"","astra-migrate-meta-layouts":"default","ast-page-background-enabled":"default","ast-page-background-meta":{"desktop":{"background-color":"var(--ast-global-color-5)","background-image":"","background-repeat":"repeat","background-position":"center center","background-size":"auto","background-attachment":"scroll","background-type":"","background-media":"","overlay-type":"","overlay-color":"","overlay-opacity":"","overlay-gradient":""},"tablet":{"background-color":"","background-image":"","background-repeat":"repeat","background-position":"center center","background-size":"auto","background-attachment":"scroll","background-type":"","background-media":"","overlay-type":"","overlay-color":"","overlay-opacity":"","overlay-gradient":""},"mobile":{"background-color":"","background-image":"","background-repeat":"repeat","background-position":"center center","background-size":"auto","background-attachment":"scroll","background-type":"","background-media":"","overlay-type":"","overlay-color":"","overlay-opacity":"","overlay-gradient":""}},"ast-content-background-meta":{"desktop":{"background-color":"var(--ast-global-color-4)","background-image":"","background-repeat":"repeat","background-position":"center center","background-size":"auto","background-attachment":"scroll","background-type":"","background-media":"","overlay-type":"","overlay-color":"","overlay-opacity":"","overlay-gradient":""},"tablet":{"background-color":"var(--ast-global-color-4)","background-image":"","background-repeat":"repeat","background-position":"center center","background-size":"auto","background-attachment":"scroll","background-type":"","background-media":"","overlay-type":"","overlay-color":"","overlay-opacity":"","overlay-gradient":""},"mobile":{"background-color":"var(--ast-global-color-4)","background-image":"","background-repeat":"repeat","background-position":"center center","background-size":"auto","background-attachment":"scroll","background-type":"","background-media":"","overlay-type":"","overlay-color":"","overlay-opacity":"","overlay-gradient":""}},"footnotes":""},"categories":[],"tags":[],"class_list":["post-239766","page","type-page","status-publish","hentry"],"yoast_head":"<!-- This site is optimized with the Yoast SEO Premium plugin v27.4 (Yoast SEO v27.4) - https:\/\/yoast.com\/product\/yoast-seo-premium-wordpress\/ -->\n<title>Civic Access - City of Miami Beach<\/title>\n<meta name=\"description\" content=\"%\" \/>\n<meta name=\"robots\" content=\"index, follow, max-snippet:-1, max-image-preview:large, max-video-preview:-1\" \/>\n<link rel=\"canonical\" href=\"https:\/\/www.miamibeachfl.gov\/fr\/business\/civicaccess\/\" \/>\n<meta property=\"og:locale\" content=\"fr_FR\" \/>\n<meta property=\"og:type\" content=\"article\" \/>\n<meta property=\"og:title\" content=\"Civic Access\" \/>\n<meta property=\"og:description\" content=\"%\" \/>\n<meta property=\"og:url\" content=\"https:\/\/www.miamibeachfl.gov\/fr\/business\/civicaccess\/\" \/>\n<meta property=\"og:site_name\" content=\"City of Miami Beach\" \/>\n<meta property=\"article:publisher\" content=\"https:\/\/www.facebook.com\/cityofmiamibeach\" \/>\n<meta property=\"article:modified_time\" content=\"2025-08-14T20:51:19+00:00\" \/>\n<meta property=\"og:image\" content=\"https:\/\/www.miamibeachfl.gov\/wp-content\/uploads\/2023\/01\/CSS-HowtovideoThumbnail.2jpg.jpg\" \/>\n<meta name=\"twitter:card\" content=\"summary_large_image\" \/>\n<meta name=\"twitter:site\" content=\"@Miamibeachnews\" \/>\n<script type=\"application\/ld+json\" class=\"yoast-schema-graph\">{\"@context\":\"https:\\\/\\\/schema.org\",\"@graph\":[{\"@type\":\"WebPage\",\"@id\":\"https:\\\/\\\/www.miamibeachfl.gov\\\/business\\\/civicaccess\\\/\",\"url\":\"https:\\\/\\\/www.miamibeachfl.gov\\\/business\\\/civicaccess\\\/\",\"name\":\"Civic Access - City of Miami Beach\",\"isPartOf\":{\"@id\":\"https:\\\/\\\/www.miamibeachfl.gov\\\/#website\"},\"primaryImageOfPage\":{\"@id\":\"https:\\\/\\\/www.miamibeachfl.gov\\\/business\\\/civicaccess\\\/#primaryimage\"},\"image\":{\"@id\":\"https:\\\/\\\/www.miamibeachfl.gov\\\/business\\\/civicaccess\\\/#primaryimage\"},\"thumbnailUrl\":\"https:\\\/\\\/www.miamibeachfl.gov\\\/wp-content\\\/uploads\\\/2023\\\/01\\\/CSS-HowtovideoThumbnail.2jpg.jpg\",\"datePublished\":\"2023-01-10T14:08:31+00:00\",\"dateModified\":\"2025-08-14T20:51:19+00:00\",\"description\":\"%\",\"breadcrumb\":{\"@id\":\"https:\\\/\\\/www.miamibeachfl.gov\\\/business\\\/civicaccess\\\/#breadcrumb\"},\"inLanguage\":\"fr-FR\",\"potentialAction\":[{\"@type\":\"ReadAction\",\"target\":[\"https:\\\/\\\/www.miamibeachfl.gov\\\/business\\\/civicaccess\\\/\"]}]},{\"@type\":\"ImageObject\",\"inLanguage\":\"fr-FR\",\"@id\":\"https:\\\/\\\/www.miamibeachfl.gov\\\/business\\\/civicaccess\\\/#primaryimage\",\"url\":\"https:\\\/\\\/www.miamibeachfl.gov\\\/wp-content\\\/uploads\\\/2023\\\/01\\\/CSS-HowtovideoThumbnail.2jpg.jpg\",\"contentUrl\":\"https:\\\/\\\/www.miamibeachfl.gov\\\/wp-content\\\/uploads\\\/2023\\\/01\\\/CSS-HowtovideoThumbnail.2jpg.jpg\"},{\"@type\":\"BreadcrumbList\",\"@id\":\"https:\\\/\\\/www.miamibeachfl.gov\\\/business\\\/civicaccess\\\/#breadcrumb\",\"itemListElement\":[{\"@type\":\"ListItem\",\"position\":1,\"name\":\"Home\",\"item\":\"https:\\\/\\\/www.miamibeachfl.gov\\\/\"},{\"@type\":\"ListItem\",\"position\":2,\"name\":\"Business\",\"item\":\"https:\\\/\\\/www.miamibeachfl.gov\\\/business\\\/\"},{\"@type\":\"ListItem\",\"position\":3,\"name\":\"Civic Access\"}]},{\"@type\":\"WebSite\",\"@id\":\"https:\\\/\\\/www.miamibeachfl.gov\\\/#website\",\"url\":\"https:\\\/\\\/www.miamibeachfl.gov\\\/\",\"name\":\"City of Miami Beach\",\"description\":\"The official website of the City of Miami Beach. Stay informed, find important information on city services, news, alerts, events, trolley routes, government employment and more.\",\"publisher\":{\"@id\":\"https:\\\/\\\/www.miamibeachfl.gov\\\/#organization\"},\"potentialAction\":[{\"@type\":\"SearchAction\",\"target\":{\"@type\":\"EntryPoint\",\"urlTemplate\":\"https:\\\/\\\/www.miamibeachfl.gov\\\/?s={search_term_string}\"},\"query-input\":{\"@type\":\"PropertyValueSpecification\",\"valueRequired\":true,\"valueName\":\"search_term_string\"}}],\"inLanguage\":\"fr-FR\"},{\"@type\":\"Organization\",\"@id\":\"https:\\\/\\\/www.miamibeachfl.gov\\\/#organization\",\"name\":\"City of Miami Beach\",\"url\":\"https:\\\/\\\/www.miamibeachfl.gov\\\/\",\"logo\":{\"@type\":\"ImageObject\",\"inLanguage\":\"fr-FR\",\"@id\":\"https:\\\/\\\/www.miamibeachfl.gov\\\/#\\\/schema\\\/logo\\\/image\\\/\",\"url\":\"https:\\\/\\\/www.miamibeachfl.gov\\\/wp-content\\\/uploads\\\/2022\\\/06\\\/miamibeach-logoblue.png\",\"contentUrl\":\"https:\\\/\\\/www.miamibeachfl.gov\\\/wp-content\\\/uploads\\\/2022\\\/06\\\/miamibeach-logoblue.png\",\"width\":1962,\"height\":381,\"caption\":\"City of Miami Beach\"},\"image\":{\"@id\":\"https:\\\/\\\/www.miamibeachfl.gov\\\/#\\\/schema\\\/logo\\\/image\\\/\"},\"sameAs\":[\"https:\\\/\\\/www.facebook.com\\\/cityofmiamibeach\",\"https:\\\/\\\/x.com\\\/Miamibeachnews\",\"https:\\\/\\\/www.instagram.com\\\/miamibeachnews\\\/\"],\"description\":\"The official website of the City of Miami Beach. Stay informed, find important information on city services, news, alerts, events, trolley routes, government employment and more.\",\"telephone\":\"305.604.CITY(2489)\",\"legalName\":\"City of Miami Beach\"}]}<\/script>\n<!-- \/ Yoast SEO Premium plugin. -->","yoast_head_json":{"title":"Acc\u00e8s civique - Ville de Miami Beach","description":"%","robots":{"index":"index","follow":"follow","max-snippet":"max-snippet:-1","max-image-preview":"max-image-preview:large","max-video-preview":"max-video-preview:-1"},"canonical":"https:\/\/www.miamibeachfl.gov\/fr\/business\/civicaccess\/","og_locale":"fr_FR","og_type":"article","og_title":"Civic Access","og_description":"%","og_url":"https:\/\/www.miamibeachfl.gov\/fr\/business\/civicaccess\/","og_site_name":"City of Miami Beach","article_publisher":"https:\/\/www.facebook.com\/cityofmiamibeach","article_modified_time":"2025-08-14T20:51:19+00:00","og_image":[{"url":"https:\/\/www.miamibeachfl.gov\/wp-content\/uploads\/2023\/01\/CSS-HowtovideoThumbnail.2jpg.jpg","type":"","width":"","height":""}],"twitter_card":"summary_large_image","twitter_site":"@Miamibeachnews","schema":{"@context":"https:\/\/schema.org","@graph":[{"@type":"WebPage","@id":"https:\/\/www.miamibeachfl.gov\/business\/civicaccess\/","url":"https:\/\/www.miamibeachfl.gov\/business\/civicaccess\/","name":"Acc\u00e8s civique - Ville de Miami Beach","isPartOf":{"@id":"https:\/\/www.miamibeachfl.gov\/#website"},"primaryImageOfPage":{"@id":"https:\/\/www.miamibeachfl.gov\/business\/civicaccess\/#primaryimage"},"image":{"@id":"https:\/\/www.miamibeachfl.gov\/business\/civicaccess\/#primaryimage"},"thumbnailUrl":"https:\/\/www.miamibeachfl.gov\/wp-content\/uploads\/2023\/01\/CSS-HowtovideoThumbnail.2jpg.jpg","datePublished":"2023-01-10T14:08:31+00:00","dateModified":"2025-08-14T20:51:19+00:00","description":"%","breadcrumb":{"@id":"https:\/\/www.miamibeachfl.gov\/business\/civicaccess\/#breadcrumb"},"inLanguage":"fr-FR","potentialAction":[{"@type":"ReadAction","target":["https:\/\/www.miamibeachfl.gov\/business\/civicaccess\/"]}]},{"@type":"ImageObject","inLanguage":"fr-FR","@id":"https:\/\/www.miamibeachfl.gov\/business\/civicaccess\/#primaryimage","url":"https:\/\/www.miamibeachfl.gov\/wp-content\/uploads\/2023\/01\/CSS-HowtovideoThumbnail.2jpg.jpg","contentUrl":"https:\/\/www.miamibeachfl.gov\/wp-content\/uploads\/2023\/01\/CSS-HowtovideoThumbnail.2jpg.jpg"},{"@type":"BreadcrumbList","@id":"https:\/\/www.miamibeachfl.gov\/business\/civicaccess\/#breadcrumb","itemListElement":[{"@type":"ListItem","position":1,"name":"Home","item":"https:\/\/www.miamibeachfl.gov\/"},{"@type":"ListItem","position":2,"name":"Business","item":"https:\/\/www.miamibeachfl.gov\/business\/"},{"@type":"ListItem","position":3,"name":"Civic Access"}]},{"@type":"WebSite","@id":"https:\/\/www.miamibeachfl.gov\/#website","url":"https:\/\/www.miamibeachfl.gov\/","name":"Ville de Miami Beach","description":"Site officiel de la ville de Miami Beach. Restez inform\u00e9 et trouvez des informations importantes sur les services municipaux, les actualit\u00e9s, les alertes, les \u00e9v\u00e9nements, les itin\u00e9raires de tramway, les emplois gouvernementaux et bien plus encore.","publisher":{"@id":"https:\/\/www.miamibeachfl.gov\/#organization"},"potentialAction":[{"@type":"SearchAction","target":{"@type":"EntryPoint","urlTemplate":"https:\/\/www.miamibeachfl.gov\/?s={search_term_string}"},"query-input":{"@type":"PropertyValueSpecification","valueRequired":true,"valueName":"search_term_string"}}],"inLanguage":"fr-FR"},{"@type":"Organization","@id":"https:\/\/www.miamibeachfl.gov\/#organization","name":"Ville de Miami Beach","url":"https:\/\/www.miamibeachfl.gov\/","logo":{"@type":"ImageObject","inLanguage":"fr-FR","@id":"https:\/\/www.miamibeachfl.gov\/#\/schema\/logo\/image\/","url":"https:\/\/www.miamibeachfl.gov\/wp-content\/uploads\/2022\/06\/miamibeach-logoblue.png","contentUrl":"https:\/\/www.miamibeachfl.gov\/wp-content\/uploads\/2022\/06\/miamibeach-logoblue.png","width":1962,"height":381,"caption":"City of Miami Beach"},"image":{"@id":"https:\/\/www.miamibeachfl.gov\/#\/schema\/logo\/image\/"},"sameAs":["https:\/\/www.facebook.com\/cityofmiamibeach","https:\/\/x.com\/Miamibeachnews","https:\/\/www.instagram.com\/miamibeachnews\/"],"description":"Site officiel de la ville de Miami Beach. Restez inform\u00e9 et trouvez des informations importantes sur les services municipaux, les actualit\u00e9s, les alertes, les \u00e9v\u00e9nements, les itin\u00e9raires de tramway, les emplois gouvernementaux et bien plus encore.","telephone":"305.604.CITY(2489)","legalName":"City of Miami Beach"}]}},"_links":{"self":[{"href":"https:\/\/www.miamibeachfl.gov\/fr\/wp-json\/wp\/v2\/pages\/239766","targetHints":{"allow":["GET"]}}],"collection":[{"href":"https:\/\/www.miamibeachfl.gov\/fr\/wp-json\/wp\/v2\/pages"}],"about":[{"href":"https:\/\/www.miamibeachfl.gov\/fr\/wp-json\/wp\/v2\/types\/page"}],"author":[{"embeddable":true,"href":"https:\/\/www.miamibeachfl.gov\/fr\/wp-json\/wp\/v2\/users\/222"}],"replies":[{"embeddable":true,"href":"https:\/\/www.miamibeachfl.gov\/fr\/wp-json\/wp\/v2\/comments?post=239766"}],"version-history":[{"count":8,"href":"https:\/\/www.miamibeachfl.gov\/fr\/wp-json\/wp\/v2\/pages\/239766\/revisions"}],"predecessor-version":[{"id":388057,"href":"https:\/\/www.miamibeachfl.gov\/fr\/wp-json\/wp\/v2\/pages\/239766\/revisions\/388057"}],"up":[{"embeddable":true,"href":"https:\/\/www.miamibeachfl.gov\/fr\/wp-json\/wp\/v2\/pages\/196910"}],"wp:attachment":[{"href":"https:\/\/www.miamibeachfl.gov\/fr\/wp-json\/wp\/v2\/media?parent=239766"}],"wp:term":[{"taxonomy":"category","embeddable":true,"href":"https:\/\/www.miamibeachfl.gov\/fr\/wp-json\/wp\/v2\/categories?post=239766"},{"taxonomy":"post_tag","embeddable":true,"href":"https:\/\/www.miamibeachfl.gov\/fr\/wp-json\/wp\/v2\/tags?post=239766"}],"curies":[{"name":"wp","href":"https:\/\/api.w.org\/{rel}","templated":true}]}}