{"id":247293,"date":"2023-02-14T14:07:56","date_gmt":"2023-02-14T19:07:56","guid":{"rendered":"https:\/\/www.miamibeachfl.gov\/?page_id=247293"},"modified":"2025-06-02T22:09:57","modified_gmt":"2025-06-03T02:09:57","slug":"feb-2023-business-spotlight","status":"publish","type":"page","link":"https:\/\/www.miamibeachfl.gov\/fr\/spotlight\/feb-2023-business-spotlight\/","title":{"rendered":"Pleins feux sur les entreprises de Miami Beach, Bibi Art Media Inc."},"content":{"rendered":"<h5>\n\t\t<a href=\"https:\/\/www.miamibeachfl.gov\/fr\/mbbiznews\/\" title=\"Abonnez-vous ici pour recevoir chaque mois la newsletter commerciale de la Ville dans votre bo\u00eete de r\u00e9ception.\"  target=\"_blank\"  rel=\"noopener\">\n\t\t\tAbonnez-vous ici pour recevoir chaque mois la newsletter commerciale de la Ville dans votre bo\u00eete de r\u00e9ception.\t\t<\/a>\n\t<\/h5>\n<h5>\n\t\t<a href=\"https:\/\/myemail.constantcontact.com\/Stay-connected-with-MB-Biz--.html?soid=1011085968389&#038;aid=S0mHBwwl4Fs\" title=\"Bulletin d&#039;information des entreprises\"  target=\"_blank\"  rel=\"noopener\">\n\t\t\tBulletin d&#039;information des entreprises\t\t<\/a>\n\t<\/h5>\n<h2>\n\t\t\tBibi Art Media, Inc\t<\/h2>\n\t\t\t\t<img decoding=\"async\" src=\"https:\/\/www.miamibeachfl.gov\/wp-content\/uploads\/2023\/02\/Bibi-Image-scaled.jpg\" alt=\"Bibi Art Media Inc\" itemprop=\"image\" title=\"Image de Bibi\" onerror=\"this.style.display='none'\" loading='lazy' \/>\n\t<p><strong>Nom:<\/strong> Brigitte Andrade<\/p>\n<p><strong>Lieu de naissance:<\/strong> Orange, New Jersey<\/p>\n<p><strong>Dans quelle ville vis-tu actuellement ? <\/strong>\u00a0\u00a0J&#039;habite \u00e0 Miami Beach depuis 30 ans !<\/p>\n<p><strong>Parlez-nous de vous<\/strong><\/p>\n<p>Je suis une professionnelle polyvalente avec une exp\u00e9rience dans l&#039;\u00e9dition, l&#039;art, l&#039;\u00e9criture et la mode. Dipl\u00f4m\u00e9e du Fashion Institute of Technology de New York, j&#039;ai d\u00e9but\u00e9 ma carri\u00e8re comme directrice g\u00e9n\u00e9rale de Beauty Bookings en 1981. J&#039;\u00e9tais responsable de la gestion des artistes et du personnel de la premi\u00e8re et plus grande agence de maquillage, coiffure et photographie de New York. \u00c0 la fin des ann\u00e9es 80, j&#039;ai fond\u00e9 Brigitte Inc., une soci\u00e9t\u00e9 de production proposant des services tels que la publicit\u00e9 imprim\u00e9e, la production de catalogues et de spots t\u00e9l\u00e9vis\u00e9s pour les agences de publicit\u00e9 et la t\u00e9l\u00e9vision par c\u00e2ble, ainsi que la budg\u00e9tisation, la planification et le montage de films.<\/p>\n<p>J&#039;ai d\u00e9m\u00e9nag\u00e9 \u00e0 Miami Beach au d\u00e9but des ann\u00e9es 90 et j&#039;ai d\u00e9cid\u00e9 de me consacrer \u00e0 ma passion pour l&#039;art. C&#039;est l\u00e0 que ma carri\u00e8re d&#039;artiste s&#039;est \u00e9panouie et que j&#039;ai pu exprimer ma cr\u00e9ativit\u00e9. J&#039;ai cr\u00e9\u00e9 la s\u00e9rie de bandes dessin\u00e9es \u00e0 succ\u00e8s \u00ab\u00a0Les Aventures de Bibi et ses amis\u00a0\u00bb en 1999. En 2002, lors du lancement d&#039;Art Basel Miami Beach, j&#039;avais trois (3) ans d&#039;exp\u00e9rience en bandes dessin\u00e9es \u00e0 mon actif et mes \u0153uvres avaient \u00e9t\u00e9 pr\u00e9sent\u00e9es au stand du Greater Miami and Miami Beach Convention and Visitors Bureau (GMCVB) pendant deux (2) ans. L&#039;\u00e9clectisme des \u0153uvres expos\u00e9es lors d&#039;Art Basel m&#039;a incit\u00e9 \u00e0 me lancer dans la vente d&#039;\u0153uvres d&#039;art et m&#039;a conduit \u00e0 cr\u00e9er une nouvelle entreprise, Bibi Art Media Inc., qui combine \u00e9dition, art et \u00e9v\u00e9nements artistiques avec des chefs priv\u00e9s.<\/p>\n<p>J&#039;attends avec impatience de nouveaux projets passionnants et, apr\u00e8s avoir vu des \u0153uvres d&#039;art \u00e9tranges se vendre \u00e0 des millions, j&#039;ai d\u00e9cid\u00e9 : \u00ab Je pourrais faire \u00e7a aussi\u2026 Je peux aussi vendre de l&#039;art ! \u00bb Je suis s\u00fbr que de nombreux artistes partagent cette id\u00e9e.<\/p>\n<p><strong>Parlez-nous d\u2019une reconnaissance importante que vous avez re\u00e7ue de la ville de Miami Beach ?<\/strong><\/p>\n<p>J&#039;ai re\u00e7u le premier prix du Mois de l&#039;histoire des Noirs de la Ville de Miami Beach et du Comit\u00e9 consultatif des affaires noires le 18 f\u00e9vrier 2022, en reconnaissance de mon \u00ab\u00a0engagement et d\u00e9vouement exceptionnels envers l&#039;art et la culture \u00e0 Miami Beach et dans le monde\u00a0\u00bb. Ce prix est important pour moi et je suis reconnaissant de l&#039;accueil positif que j&#039;ai re\u00e7u de la communaut\u00e9 de Miami Beach\u00a0; cela m&#039;a apport\u00e9 une immense joie\u00a0!<\/p>\n<p>Je suis l&#039;un des membres fondateurs du Comit\u00e9 consultatif des affaires noires de Miami Beach, qui \u0153uvre pour la transparence et l&#039;\u00e9quit\u00e9 dans la programmation, les achats et les politiques. Cela m&#039;a inspir\u00e9 \u00e0 cr\u00e9er une page du nouveau Bibi Book mettant en lumi\u00e8re la programmation et la diaspora noire historique de Miami Beach. Mes contributions \u00e0 la communaut\u00e9 de Miami Beach incluent \u00e9galement ma participation au comit\u00e9 des villes jumelles de Miami Beach et au Miami Beach Arts Trust. J&#039;ai re\u00e7u un prix du <em>Magazine Legacy<\/em> comme l&#039;un des \u00ab\u00a0chefs d&#039;entreprise noirs les plus puissants et les plus influents de Miami en 2022\u00a0\u00bb. Cet article est paru dans le num\u00e9ro Power, publi\u00e9 le 17\u00a0avril\u00a02022, sous forme d&#039;encart dans le <em>Miami Herald<\/em>.<\/p>\n<p>J&#039;ai consacr\u00e9 des ann\u00e9es \u00e0 consacrer ma carri\u00e8re aux arts et \u00e0 produire la bande dessin\u00e9e du centenaire pour Miami Beach en 2015. J&#039;ai cr\u00e9\u00e9 le site Web <em>Art D\u00e9cembre Miami <\/em>Depuis 14 ans, j&#039;ai cr\u00e9\u00e9 en 2008 un r\u00e9seau social pour les artistes locaux, leur permettant de partager des \u00e9v\u00e9nements artistiques et d&#039;offrir \u00e0 la communaut\u00e9 des services gratuits sur les r\u00e9seaux sociaux et du marketing. Mes amis et moi rions souvent d&#039;\u00eatre le GOAT (le plus grand de tous les temps) de Miami Beach, car, \u00e0 ce jour, j&#039;ai re\u00e7u quatre (4) distinctions de Miami Beach, une cl\u00e9 de la ville et une m\u00e9daille de champion, pour n&#039;en citer que quelques-unes. Je suis \u00e0 la fois humble et honor\u00e9.<\/p>\n<p><strong>F\u00e9licitations pour avoir remport\u00e9 le 7<sup>\u00e8me<\/sup> Concours annuel \u00ab\u00a0Art of Black Cover\u00a0\u00bb pr\u00e9sent\u00e9 par le Bureau des congr\u00e8s et des visiteurs du Grand Miami et de Miami Beach (GMCVB) et le magazine MIA\u00a0! Parlez-nous-en\u00a0!<\/strong><\/p>\n<p>Gagner ce concours a \u00e9t\u00e9 une v\u00e9ritable surprise. Je me suis inscrit au dernier moment apr\u00e8s avoir re\u00e7u un e-mail et je n&#039;avais que quelques jours pour soumettre une \u0153uvre. J&#039;ai cr\u00e9\u00e9 \u00ab\u00a0S\u00e9r\u00e9nit\u00e9\u00a0\u00bb en deux (2) jours et je l&#039;ai soumise sans aucune attente. Quelle surprise lorsque le t\u00e9l\u00e9phone a sonn\u00e9\u00a0! La couverture a \u00e9t\u00e9 publi\u00e9e en encart dans le <em>Miami Herald<\/em> et <em>Sentinelle du Soleil<\/em> Lors d&#039;Art Basel Miami Beach et de l&#039;Art Week 2021, une couverture m\u00e9diatique exceptionnelle pour un artiste, assortie d&#039;un beau prix. La remise du ch\u00e8que a eu lieu au Historic Lyric Theater d&#039;Overtown le 9 f\u00e9vrier 2022.<\/p>\n<p><strong>Quelle a \u00e9t\u00e9 votre inspiration pour Serenity ?<\/strong><\/p>\n<p>Au d\u00e9part, j&#039;avais pens\u00e9 \u00e0 un concours de couvertures, et \u00e0 ce qui rendrait bien sur la couverture d&#039;un magazine. J&#039;ai publi\u00e9 17 couvertures de ma s\u00e9rie de bandes dessin\u00e9es \u00ab\u00a0Les Aventures de Bibi et ses amis\u00a0\u00bb, alors j&#039;ai commenc\u00e9 par l\u00e0. Pendant la pand\u00e9mie de 2020-21, j&#039;ai cr\u00e9\u00e9 beaucoup d&#039;art num\u00e9rique et cherch\u00e9 \u00e0 cr\u00e9er quelque chose de frappant et de color\u00e9. Une \u0153uvre que j&#039;ai cr\u00e9\u00e9e pendant la pand\u00e9mie est devenue la base de \u00ab\u00a0Serenity\u00a0\u00bb. Je me souviens de ce jour car j&#039;\u00e9tais dans un \u00e9tat d&#039;esprit cr\u00e9atif intense et tout fonctionnait pour moi. J&#039;ai d\u00e9j\u00e0 vendu ma premi\u00e8re \u0153uvre \u00ab\u00a0Serenity\u00a0\u00bb sur aluminium\u00a0!<\/p>\n<p><strong>Travaillez-vous actuellement sur d\u2019autres projets int\u00e9ressants ?<\/strong><\/p>\n<p>Mon nouveau num\u00e9ro des \u00ab\u00a0Aventures de Bibi et ses amis\u00a0\u00bb sortira d\u00e9but mars 2023, pour c\u00e9l\u00e9brer les 24\u00a0ans de la s\u00e9rie de bandes dessin\u00e9es. Je suis ravie de cette \u00e9dition, car elle propose de nouveaux \u00e9v\u00e9nements et activit\u00e9s culturelles passionnantes \u00e0 Miami Beach. Je suis \u00e9galement pr\u00e9sente dans la campagne publicitaire \u00ab\u00a0Prenez soin de notre ville\u00a0\u00bb de Miami Beach et du GMCVB pour la deuxi\u00e8me ann\u00e9e cons\u00e9cutive en tant qu&#039;influenceuse locale. Mes cr\u00e9ations et produits d\u00e9riv\u00e9s sont disponibles sur le site. <strong><a href=\"https:\/\/www.theadventuresofbibiandfriends.com\/shop\">Boutique du mus\u00e9e Bibi<\/a><\/strong>, avec des baskets et des sacs personnalis\u00e9s \u2013 un succ\u00e8s assur\u00e9 ! J&#039;ai eu l&#039;id\u00e9e d&#039;int\u00e9grer les personnages de BD sur des baskets personnalis\u00e9es pour que mes amis puissent se promouvoir, et j&#039;ai illustr\u00e9 des centaines de personnes de Miami Beach. D&#039;autres projets passionnants sont en pr\u00e9paration, mais je ne peux pas encore les d\u00e9voiler \u2013 restez connect\u00e9s !<\/p>\n<p><strong>Vous avez \u00e9galement eu r\u00e9cemment une exposition dans un mus\u00e9e \u00e0 Miami ?<\/strong><\/p>\n<p>J&#039;ai eu l&#039;honneur d&#039;exposer mon travail au <em>Mus\u00e9e d&#039;histoire de Miami<\/em> Pendant quatre (4) mois, l&#039;exposition c\u00e9l\u00e9brait les 22 ans de la bande dessin\u00e9e \u00ab\u00a0Les Aventures de Bibi et ses amis\u00a0\u00bb. L&#039;exposition s&#039;inscrivait dans le cadre de l&#039;Art Week Miami. Elle offrait un aper\u00e7u de Miami Beach et pr\u00e9sentait une collection de planches de la bande dessin\u00e9e \u00ab\u00a0Les Aventures de Bibi et ses amis\u00a0\u00bb. Nombre des lieux repr\u00e9sent\u00e9s dans les bandes dessin\u00e9es font d\u00e9sormais partie int\u00e9grante de l&#039;histoire incroyable de Miami Beach. C&#039;est ma fa\u00e7on de rendre hommage \u00e0 des amis et \u00e0 des lieux qui me sont chers. L&#039;exposition pr\u00e9sentait la \u00ab\u00a0chaise Bibi du Miami Marine Stadium\u00a0\u00bb, que j&#039;ai cr\u00e9\u00e9e en collaboration avec le projet \u00ab\u00a0If Seats Could Talk\u00a0\u00bb, en soutien \u00e0 la restauration du Miami Marine Stadium. En 2017, les si\u00e8ges d&#039;origine ont \u00e9t\u00e9 offerts \u00e0 divers artistes, leur permettant de cr\u00e9er de nouvelles \u0153uvres d&#039;art, avec le soutien de la ville de Miami. J&#039;\u00e9tais ravi que ce soit ma deuxi\u00e8me exposition.<sup>nd<\/sup> pr\u00e9sent\u00e9 au <em>Mus\u00e9e d&#039;histoire de Miami<\/em>Ma premi\u00e8re exposition mettait en vedette le l\u00e9gendaire artiste soul, Sam Moore, avec des \u0153uvres tir\u00e9es d&#039;un livre sur lequel je travaille depuis plusieurs ann\u00e9es. Je me consid\u00e8re chanceux d&#039;avoir particip\u00e9 \u00e0 22 expositions prestigieuses, et ce n&#039;est pas fini.<\/p>\n<p><strong>Exposez-vous actuellement quelque part ?<\/strong><\/p>\n<p>J&#039;ai une exposition en cours au \u00ab Nathan&#039;s Video Bar \u00bb, sur Washington Avenue, jusqu&#039;\u00e0 fin f\u00e9vrier 2023. J&#039;ai \u00e9galement des \u0153uvres d&#039;art expos\u00e9es \u00e0 <em>\u00c0 l&#039;est de Collins Realty &amp; Expediting<\/em> \u00e0 Aventura, FL et l&#039;art peut \u00eatre vu en ligne.<\/p>\n<p><strong>O\u00f9 peut-on vous trouver sur les r\u00e9seaux sociaux ?<\/strong><\/p>\n<p>Vous pouvez visiter mon site web www.theadventuresofbibiandfriends.com ou suivre @Bibiadventures sur Instagram. Vous pouvez \u00e9galement d\u00e9couvrir en avant-premi\u00e8re le prochain livre et les \u0153uvres de Sam Moore sur www.soulmanart.com.<\/p>\n<p>&nbsp;<\/p>","protected":false},"excerpt":{"rendered":"<p>Subscribe here to receive the City&#8217;s business newsletter to your inbox monthly. Business Newsletter Bibi Art Media, Inc Name: Brigitte [&hellip;]<\/p>\n","protected":false},"author":222,"featured_media":0,"parent":253255,"menu_order":0,"comment_status":"closed","ping_status":"closed","template":"","meta":{"_searchwp_excluded":"","site-sidebar-layout":"default","site-content-layout":"","ast-site-content-layout":"default","site-content-style":"default","site-sidebar-style":"default","ast-global-header-display":"","ast-banner-title-visibility":"","ast-main-header-display":"","ast-hfb-above-header-display":"","ast-hfb-below-header-display":"","ast-hfb-mobile-header-display":"","site-post-title":"","ast-breadcrumbs-content":"","ast-featured-img":"","footer-sml-layout":"","ast-disable-related-posts":"","theme-transparent-header-meta":"","adv-header-id-meta":"","stick-header-meta":"","header-above-stick-meta":"","header-main-stick-meta":"","header-below-stick-meta":"","astra-migrate-meta-layouts":"default","ast-page-background-enabled":"default","ast-page-background-meta":{"desktop":{"background-color":"var(--ast-global-color-5)","background-image":"","background-repeat":"repeat","background-position":"center center","background-size":"auto","background-attachment":"scroll","background-type":"","background-media":"","overlay-type":"","overlay-color":"","overlay-opacity":"","overlay-gradient":""},"tablet":{"background-color":"","background-image":"","background-repeat":"repeat","background-position":"center center","background-size":"auto","background-attachment":"scroll","background-type":"","background-media":"","overlay-type":"","overlay-color":"","overlay-opacity":"","overlay-gradient":""},"mobile":{"background-color":"","background-image":"","background-repeat":"repeat","background-position":"center center","background-size":"auto","background-attachment":"scroll","background-type":"","background-media":"","overlay-type":"","overlay-color":"","overlay-opacity":"","overlay-gradient":""}},"ast-content-background-meta":{"desktop":{"background-color":"var(--ast-global-color-4)","background-image":"","background-repeat":"repeat","background-position":"center center","background-size":"auto","background-attachment":"scroll","background-type":"","background-media":"","overlay-type":"","overlay-color":"","overlay-opacity":"","overlay-gradient":""},"tablet":{"background-color":"var(--ast-global-color-4)","background-image":"","background-repeat":"repeat","background-position":"center center","background-size":"auto","background-attachment":"scroll","background-type":"","background-media":"","overlay-type":"","overlay-color":"","overlay-opacity":"","overlay-gradient":""},"mobile":{"background-color":"var(--ast-global-color-4)","background-image":"","background-repeat":"repeat","background-position":"center center","background-size":"auto","background-attachment":"scroll","background-type":"","background-media":"","overlay-type":"","overlay-color":"","overlay-opacity":"","overlay-gradient":""}},"footnotes":""},"categories":[],"tags":[],"class_list":["post-247293","page","type-page","status-publish","hentry"],"yoast_head":"<!-- This site is optimized with the Yoast SEO Premium plugin v27.4 (Yoast SEO v27.4) - https:\/\/yoast.com\/product\/yoast-seo-premium-wordpress\/ -->\n<title>Miami Beach Business Spotlight Bibi Art Media Inc - City of Miami Beach<\/title>\n<meta name=\"description\" content=\"%\" \/>\n<meta name=\"robots\" content=\"index, follow, max-snippet:-1, max-image-preview:large, max-video-preview:-1\" \/>\n<link rel=\"canonical\" href=\"https:\/\/www.miamibeachfl.gov\/fr\/spotlight\/feb-2023-business-spotlight\/\" \/>\n<meta property=\"og:locale\" content=\"fr_FR\" \/>\n<meta property=\"og:type\" content=\"article\" \/>\n<meta property=\"og:title\" content=\"Miami Beach Business Spotlight Bibi Art Media Inc\" \/>\n<meta property=\"og:description\" content=\"%\" \/>\n<meta property=\"og:url\" content=\"https:\/\/www.miamibeachfl.gov\/fr\/spotlight\/feb-2023-business-spotlight\/\" \/>\n<meta property=\"og:site_name\" content=\"City of Miami Beach\" \/>\n<meta property=\"article:publisher\" content=\"https:\/\/www.facebook.com\/cityofmiamibeach\" \/>\n<meta property=\"article:modified_time\" content=\"2025-06-03T02:09:57+00:00\" \/>\n<meta property=\"og:image\" content=\"https:\/\/www.miamibeachfl.gov\/wp-content\/uploads\/2023\/02\/Bibi-Image-scaled.jpg\" \/>\n<meta name=\"twitter:card\" content=\"summary_large_image\" \/>\n<meta name=\"twitter:site\" content=\"@Miamibeachnews\" \/>\n<script type=\"application\/ld+json\" class=\"yoast-schema-graph\">{\"@context\":\"https:\\\/\\\/schema.org\",\"@graph\":[{\"@type\":\"WebPage\",\"@id\":\"https:\\\/\\\/www.miamibeachfl.gov\\\/spotlight\\\/feb-2023-business-spotlight\\\/\",\"url\":\"https:\\\/\\\/www.miamibeachfl.gov\\\/spotlight\\\/feb-2023-business-spotlight\\\/\",\"name\":\"Miami Beach Business Spotlight Bibi Art Media Inc - City of Miami Beach\",\"isPartOf\":{\"@id\":\"https:\\\/\\\/www.miamibeachfl.gov\\\/#website\"},\"primaryImageOfPage\":{\"@id\":\"https:\\\/\\\/www.miamibeachfl.gov\\\/spotlight\\\/feb-2023-business-spotlight\\\/#primaryimage\"},\"image\":{\"@id\":\"https:\\\/\\\/www.miamibeachfl.gov\\\/spotlight\\\/feb-2023-business-spotlight\\\/#primaryimage\"},\"thumbnailUrl\":\"https:\\\/\\\/www.miamibeachfl.gov\\\/wp-content\\\/uploads\\\/2023\\\/02\\\/Bibi-Image-scaled.jpg\",\"datePublished\":\"2023-02-14T19:07:56+00:00\",\"dateModified\":\"2025-06-03T02:09:57+00:00\",\"description\":\"%\",\"breadcrumb\":{\"@id\":\"https:\\\/\\\/www.miamibeachfl.gov\\\/spotlight\\\/feb-2023-business-spotlight\\\/#breadcrumb\"},\"inLanguage\":\"fr-FR\",\"potentialAction\":[{\"@type\":\"ReadAction\",\"target\":[\"https:\\\/\\\/www.miamibeachfl.gov\\\/spotlight\\\/feb-2023-business-spotlight\\\/\"]}]},{\"@type\":\"ImageObject\",\"inLanguage\":\"fr-FR\",\"@id\":\"https:\\\/\\\/www.miamibeachfl.gov\\\/spotlight\\\/feb-2023-business-spotlight\\\/#primaryimage\",\"url\":\"https:\\\/\\\/www.miamibeachfl.gov\\\/wp-content\\\/uploads\\\/2023\\\/02\\\/Bibi-Image-scaled.jpg\",\"contentUrl\":\"https:\\\/\\\/www.miamibeachfl.gov\\\/wp-content\\\/uploads\\\/2023\\\/02\\\/Bibi-Image-scaled.jpg\"},{\"@type\":\"BreadcrumbList\",\"@id\":\"https:\\\/\\\/www.miamibeachfl.gov\\\/spotlight\\\/feb-2023-business-spotlight\\\/#breadcrumb\",\"itemListElement\":[{\"@type\":\"ListItem\",\"position\":1,\"name\":\"Home\",\"item\":\"https:\\\/\\\/www.miamibeachfl.gov\\\/\"},{\"@type\":\"ListItem\",\"position\":2,\"name\":\"Business Newsletters and Spotlights\",\"item\":\"https:\\\/\\\/www.miamibeachfl.gov\\\/spotlight\\\/\"},{\"@type\":\"ListItem\",\"position\":3,\"name\":\"Miami Beach Business Spotlight Bibi Art Media Inc\"}]},{\"@type\":\"WebSite\",\"@id\":\"https:\\\/\\\/www.miamibeachfl.gov\\\/#website\",\"url\":\"https:\\\/\\\/www.miamibeachfl.gov\\\/\",\"name\":\"City of Miami Beach\",\"description\":\"The official website of the City of Miami Beach. Stay informed, find important information on city services, news, alerts, events, trolley routes, government employment and more.\",\"publisher\":{\"@id\":\"https:\\\/\\\/www.miamibeachfl.gov\\\/#organization\"},\"potentialAction\":[{\"@type\":\"SearchAction\",\"target\":{\"@type\":\"EntryPoint\",\"urlTemplate\":\"https:\\\/\\\/www.miamibeachfl.gov\\\/?s={search_term_string}\"},\"query-input\":{\"@type\":\"PropertyValueSpecification\",\"valueRequired\":true,\"valueName\":\"search_term_string\"}}],\"inLanguage\":\"fr-FR\"},{\"@type\":\"Organization\",\"@id\":\"https:\\\/\\\/www.miamibeachfl.gov\\\/#organization\",\"name\":\"City of Miami Beach\",\"url\":\"https:\\\/\\\/www.miamibeachfl.gov\\\/\",\"logo\":{\"@type\":\"ImageObject\",\"inLanguage\":\"fr-FR\",\"@id\":\"https:\\\/\\\/www.miamibeachfl.gov\\\/#\\\/schema\\\/logo\\\/image\\\/\",\"url\":\"https:\\\/\\\/www.miamibeachfl.gov\\\/wp-content\\\/uploads\\\/2022\\\/06\\\/miamibeach-logoblue.png\",\"contentUrl\":\"https:\\\/\\\/www.miamibeachfl.gov\\\/wp-content\\\/uploads\\\/2022\\\/06\\\/miamibeach-logoblue.png\",\"width\":1962,\"height\":381,\"caption\":\"City of Miami Beach\"},\"image\":{\"@id\":\"https:\\\/\\\/www.miamibeachfl.gov\\\/#\\\/schema\\\/logo\\\/image\\\/\"},\"sameAs\":[\"https:\\\/\\\/www.facebook.com\\\/cityofmiamibeach\",\"https:\\\/\\\/x.com\\\/Miamibeachnews\",\"https:\\\/\\\/www.instagram.com\\\/miamibeachnews\\\/\"],\"description\":\"The official website of the City of Miami Beach. Stay informed, find important information on city services, news, alerts, events, trolley routes, government employment and more.\",\"telephone\":\"305.604.CITY(2489)\",\"legalName\":\"City of Miami Beach\"}]}<\/script>\n<!-- \/ Yoast SEO Premium plugin. -->","yoast_head_json":{"title":"Pleins feux sur les entreprises de Miami Beach, Bibi Art Media Inc. - Ville de Miami Beach","description":"%","robots":{"index":"index","follow":"follow","max-snippet":"max-snippet:-1","max-image-preview":"max-image-preview:large","max-video-preview":"max-video-preview:-1"},"canonical":"https:\/\/www.miamibeachfl.gov\/fr\/spotlight\/feb-2023-business-spotlight\/","og_locale":"fr_FR","og_type":"article","og_title":"Miami Beach Business Spotlight Bibi Art Media Inc","og_description":"%","og_url":"https:\/\/www.miamibeachfl.gov\/fr\/spotlight\/feb-2023-business-spotlight\/","og_site_name":"City of Miami Beach","article_publisher":"https:\/\/www.facebook.com\/cityofmiamibeach","article_modified_time":"2025-06-03T02:09:57+00:00","og_image":[{"url":"https:\/\/www.miamibeachfl.gov\/wp-content\/uploads\/2023\/02\/Bibi-Image-scaled.jpg","type":"","width":"","height":""}],"twitter_card":"summary_large_image","twitter_site":"@Miamibeachnews","schema":{"@context":"https:\/\/schema.org","@graph":[{"@type":"WebPage","@id":"https:\/\/www.miamibeachfl.gov\/spotlight\/feb-2023-business-spotlight\/","url":"https:\/\/www.miamibeachfl.gov\/spotlight\/feb-2023-business-spotlight\/","name":"Pleins feux sur les entreprises de Miami Beach, Bibi Art Media Inc. - Ville de Miami Beach","isPartOf":{"@id":"https:\/\/www.miamibeachfl.gov\/#website"},"primaryImageOfPage":{"@id":"https:\/\/www.miamibeachfl.gov\/spotlight\/feb-2023-business-spotlight\/#primaryimage"},"image":{"@id":"https:\/\/www.miamibeachfl.gov\/spotlight\/feb-2023-business-spotlight\/#primaryimage"},"thumbnailUrl":"https:\/\/www.miamibeachfl.gov\/wp-content\/uploads\/2023\/02\/Bibi-Image-scaled.jpg","datePublished":"2023-02-14T19:07:56+00:00","dateModified":"2025-06-03T02:09:57+00:00","description":"%","breadcrumb":{"@id":"https:\/\/www.miamibeachfl.gov\/spotlight\/feb-2023-business-spotlight\/#breadcrumb"},"inLanguage":"fr-FR","potentialAction":[{"@type":"ReadAction","target":["https:\/\/www.miamibeachfl.gov\/spotlight\/feb-2023-business-spotlight\/"]}]},{"@type":"ImageObject","inLanguage":"fr-FR","@id":"https:\/\/www.miamibeachfl.gov\/spotlight\/feb-2023-business-spotlight\/#primaryimage","url":"https:\/\/www.miamibeachfl.gov\/wp-content\/uploads\/2023\/02\/Bibi-Image-scaled.jpg","contentUrl":"https:\/\/www.miamibeachfl.gov\/wp-content\/uploads\/2023\/02\/Bibi-Image-scaled.jpg"},{"@type":"BreadcrumbList","@id":"https:\/\/www.miamibeachfl.gov\/spotlight\/feb-2023-business-spotlight\/#breadcrumb","itemListElement":[{"@type":"ListItem","position":1,"name":"Home","item":"https:\/\/www.miamibeachfl.gov\/"},{"@type":"ListItem","position":2,"name":"Business Newsletters and Spotlights","item":"https:\/\/www.miamibeachfl.gov\/spotlight\/"},{"@type":"ListItem","position":3,"name":"Miami Beach Business Spotlight Bibi Art Media Inc"}]},{"@type":"WebSite","@id":"https:\/\/www.miamibeachfl.gov\/#website","url":"https:\/\/www.miamibeachfl.gov\/","name":"Ville de Miami Beach","description":"Site officiel de la ville de Miami Beach. Restez inform\u00e9 et trouvez des informations importantes sur les services municipaux, les actualit\u00e9s, les alertes, les \u00e9v\u00e9nements, les itin\u00e9raires de tramway, les emplois gouvernementaux et bien plus encore.","publisher":{"@id":"https:\/\/www.miamibeachfl.gov\/#organization"},"potentialAction":[{"@type":"SearchAction","target":{"@type":"EntryPoint","urlTemplate":"https:\/\/www.miamibeachfl.gov\/?s={search_term_string}"},"query-input":{"@type":"PropertyValueSpecification","valueRequired":true,"valueName":"search_term_string"}}],"inLanguage":"fr-FR"},{"@type":"Organization","@id":"https:\/\/www.miamibeachfl.gov\/#organization","name":"Ville de Miami Beach","url":"https:\/\/www.miamibeachfl.gov\/","logo":{"@type":"ImageObject","inLanguage":"fr-FR","@id":"https:\/\/www.miamibeachfl.gov\/#\/schema\/logo\/image\/","url":"https:\/\/www.miamibeachfl.gov\/wp-content\/uploads\/2022\/06\/miamibeach-logoblue.png","contentUrl":"https:\/\/www.miamibeachfl.gov\/wp-content\/uploads\/2022\/06\/miamibeach-logoblue.png","width":1962,"height":381,"caption":"City of Miami Beach"},"image":{"@id":"https:\/\/www.miamibeachfl.gov\/#\/schema\/logo\/image\/"},"sameAs":["https:\/\/www.facebook.com\/cityofmiamibeach","https:\/\/x.com\/Miamibeachnews","https:\/\/www.instagram.com\/miamibeachnews\/"],"description":"Site officiel de la ville de Miami Beach. Restez inform\u00e9 et trouvez des informations importantes sur les services municipaux, les actualit\u00e9s, les alertes, les \u00e9v\u00e9nements, les itin\u00e9raires de tramway, les emplois gouvernementaux et bien plus encore.","telephone":"305.604.CITY(2489)","legalName":"City of Miami Beach"}]}},"_links":{"self":[{"href":"https:\/\/www.miamibeachfl.gov\/fr\/wp-json\/wp\/v2\/pages\/247293","targetHints":{"allow":["GET"]}}],"collection":[{"href":"https:\/\/www.miamibeachfl.gov\/fr\/wp-json\/wp\/v2\/pages"}],"about":[{"href":"https:\/\/www.miamibeachfl.gov\/fr\/wp-json\/wp\/v2\/types\/page"}],"author":[{"embeddable":true,"href":"https:\/\/www.miamibeachfl.gov\/fr\/wp-json\/wp\/v2\/users\/222"}],"replies":[{"embeddable":true,"href":"https:\/\/www.miamibeachfl.gov\/fr\/wp-json\/wp\/v2\/comments?post=247293"}],"version-history":[{"count":1,"href":"https:\/\/www.miamibeachfl.gov\/fr\/wp-json\/wp\/v2\/pages\/247293\/revisions"}],"predecessor-version":[{"id":375074,"href":"https:\/\/www.miamibeachfl.gov\/fr\/wp-json\/wp\/v2\/pages\/247293\/revisions\/375074"}],"up":[{"embeddable":true,"href":"https:\/\/www.miamibeachfl.gov\/fr\/wp-json\/wp\/v2\/pages\/253255"}],"wp:attachment":[{"href":"https:\/\/www.miamibeachfl.gov\/fr\/wp-json\/wp\/v2\/media?parent=247293"}],"wp:term":[{"taxonomy":"category","embeddable":true,"href":"https:\/\/www.miamibeachfl.gov\/fr\/wp-json\/wp\/v2\/categories?post=247293"},{"taxonomy":"post_tag","embeddable":true,"href":"https:\/\/www.miamibeachfl.gov\/fr\/wp-json\/wp\/v2\/tags?post=247293"}],"curies":[{"name":"wp","href":"https:\/\/api.w.org\/{rel}","templated":true}]}}