{"id":254693,"date":"2023-03-31T11:37:32","date_gmt":"2023-03-31T15:37:32","guid":{"rendered":"https:\/\/www.miamibeachfl.gov\/?page_id=254693"},"modified":"2026-03-03T11:21:56","modified_gmt":"2026-03-03T16:21:56","slug":"street-performer-permit","status":"publish","type":"page","link":"https:\/\/www.miamibeachfl.gov\/fr\/city-hall\/customer-service-center\/street-performer-permit\/","title":{"rendered":"Permis d&#039;artiste de rue"},"content":{"rendered":"<h1>\n\t\t\tPermis d&#039;artiste de rue\t<\/h1>\nMenu du service client\t\t\t\n\t\t\t\t\t<ul id=\"menu-customer-service\"><li id=\"menu-item-373952\"><a href=\"\/fr\/city-hall\/customer-service-center\/\">Accueil du service client<\/a><\/li>\n<li id=\"menu-item-373956\"><a href=\"https:\/\/miamibeachfl.qmatic.io\/booking\/singlebooking\/serviceselection\">Prendre rendez-vous<\/a><\/li>\n<li id=\"menu-item-373955\"><a href=\"https:\/\/www.miamibeachfl.gov\/fr\/city-hall\/customer-service-center\/wait-times\/\">Temps d&#039;attente<\/a><\/li>\n<li id=\"menu-item-373953\"><a href=\"\/fr\/city-hall\/customer-service-center\/artists-vendor-lottery\/\">Loterie des vendeurs d&#039;artistes<\/a><\/li>\n<li id=\"menu-item-373954\"><a href=\"\/fr\/city-hall\/customer-service-center\/street-performer-permit\/\">Permis d&#039;artiste de rue<\/a><\/li>\n<li id=\"menu-item-373957\"><a href=\"\/fr\/city-hall\/customer-service-center\/#importantnumbers\">Num\u00e9ros importants<\/a><\/li>\n<\/ul>\t\nMenu du service client \u00d7\t\t\t\t\t\t<ul id=\"menu-customer-service-1\"><li id=\"menu-item-373952\"><a href=\"\/fr\/city-hall\/customer-service-center\/\">Accueil du service client<\/a><\/li>\n<li id=\"menu-item-373956\"><a href=\"https:\/\/miamibeachfl.qmatic.io\/booking\/singlebooking\/serviceselection\">Prendre rendez-vous<\/a><\/li>\n<li id=\"menu-item-373955\"><a href=\"https:\/\/www.miamibeachfl.gov\/fr\/city-hall\/customer-service-center\/wait-times\/\">Temps d&#039;attente<\/a><\/li>\n<li id=\"menu-item-373953\"><a href=\"\/fr\/city-hall\/customer-service-center\/artists-vendor-lottery\/\">Loterie des vendeurs d&#039;artistes<\/a><\/li>\n<li id=\"menu-item-373954\"><a href=\"\/fr\/city-hall\/customer-service-center\/street-performer-permit\/\">Permis d&#039;artiste de rue<\/a><\/li>\n<li id=\"menu-item-373957\"><a href=\"\/fr\/city-hall\/customer-service-center\/#importantnumbers\">Num\u00e9ros importants<\/a><\/li>\n<\/ul>\t\t\t\t\n\tPour toute question concernant le service client, veuillez appeler notre ligne principale au <a href=\"tel:3056737420\">305.673.7000<\/a><br \/>\nDu lundi au vendredi de 8h30 \u00e0 18h00 ou envoyez-nous un e-mail \u00e0 <a href=\"mailto:mbhelp@miamibeachfl.gov\">mbhelp@miamibeachfl.gov<\/a>\n<h2>\n\t\t\tLa ville de Miami Beach propose seize (16) emplacements d\u00e9sign\u00e9s pour que les artistes de rue puissent se produire avec un permis valide.\t<\/h2>\n<h3>\n\t\t\tEmplacements d\u00e9sign\u00e9s partout :\t<\/h3>\n\t<ul>\n\t\t<li>\t\t\t\t\n\t\t<h4>Lincoln Road<\/h4><p><strong><a href=\"https:\/\/goo.gl\/maps\/WYeATWY8th1ZZR3H8\">Cliquez ici pour voir l&#039;emplacement<\/a><\/strong><\/p><\/li><li>\t\t\t\t\n\t\t<h4>Ocean Drive<\/h4><p><strong><a href=\"https:\/\/goo.gl\/maps\/Y59uXkbxVwESswhy7\">Cliquez ici pour voir l&#039;emplacement<\/a><\/strong><\/p><\/li><li>\t\t\t\t\n\t\t<h4>Avenue Collins<\/h4><p><a href=\"https:\/\/goo.gl\/maps\/FUTLDJKfmFULRWTr5\"><strong>Cliquez ici pour voir l&#039;emplacement<\/strong><\/a><\/p><\/li>\t<\/ul>\n\t\t\t<a href=\"https:\/\/energovcss.miamibeachfl.gov\/energovprod\/selfservice#\/applicationAssistant?sectionName=All&#038;showTemplates=false\" target=\"_self\">\n\t\t\t\t\t\t\tDemander un permis en ligne\n\t\t\t<\/a>\n\t<p>OU s&#039;il vous pla\u00eet <a href=\"https:\/\/www.miamibeachfl.gov\/fr\/city-hall\/customer-service-center\/\"><strong>visitez le centre de service client de Miami Beach<\/strong><\/a> pour remplir une demande, payer les frais et obtenir le permis.<\/p>\n<h3>\n\t\t\tInformations sur le permis :\t<\/h3>\n\t<ul>\n\t\t<li>\t\t\t\t\n\t\t<h4>Le permis est valable dans \u00ab les 16 zones \u00bb selon le principe du premier arriv\u00e9, premier servi.<\/h4><\/li><li>\t\t\t\t\n\t\t<h4>Le permis comporte des frais uniques de $386 (les frais augmentent chaque ann\u00e9e en fonction de l&#039;IPC) au moment de la demande et le permis est d\u00e9livr\u00e9 le jour m\u00eame<\/h4><\/li><li>\t\t\t\t\n\t\t<h4>Le permis est valable un an \u00e0 compter de la date de d\u00e9livrance<\/h4><\/li>\t<\/ul>\n\t<ul>\n\t\t\t<li>\n\t\t\t<h4>\n\t\t\t<a href=\"https:\/\/www.miamibeachfl.gov\/wp-content\/uploads\/2025\/10\/STREET-PERFORMER-APPLICATION.pdf\" target=\"_blank\" rel=\"noopener\" data-hover=\"Street Performer Permit Application\" aria-label=\"Demande de permis d&#039;artiste de rue\">Demande de permis d&#039;artiste de rue<\/a>\n\t\t\t<\/h4>\n\t\t<\/li>\n\t\t\t\t\t<li>\n\t\t\t<h4>\n\t\t\t<a href=\"\/wp-content\/uploads\/2024\/04\/Q2-2024-MAPS.pdf\" target=\"_blank\" rel=\"noopener\" data-hover=\"Location Maps\" aria-label=\"Cartes de localisation\">Cartes de localisation<\/a>\n\t\t\t<\/h4>\n\t\t<\/li>\n\t\t\t\t\t<li>\n\t\t\t<h4>\n\t\t\t<a href=\"\/wp-content\/uploads\/2017\/08\/Administrative-Rules-Rev-2-12-09-ENGdoc.pdf\" target=\"_blank\" rel=\"noopener\" data-hover=\"Administrative Rules - English\" aria-label=\"R\u00e8glement administratif - Anglais\">R\u00e8glement administratif \u2013 Anglais<\/a>\n\t\t\t<\/h4>\n\t\t<\/li>\n\t\t\t\t\t<li>\n\t\t\t<h4>\n\t\t\t<a href=\"\/wp-content\/uploads\/2017\/08\/Administrative-Rules-Rev-2-12-09-SPA.pdf\" target=\"_blank\" rel=\"noopener\" data-hover=\"Reglas Administrativas - Espa\u00f1ol\" aria-label=\"R\u00e8glements Administratifs - Espa\u00f1ol\">R\u00e8glements administratifs \u2013 Espa\u00f1ol<\/a>\n\t\t\t<\/h4>\n\t\t<\/li>\n\t\t\t\t\t<li>\n\t\t\t<h4>\n\t\t\t<a href=\"\/wp-content\/uploads\/2017\/08\/Ordinance-2010-3678.pdf\" target=\"_blank\" rel=\"noopener\" data-hover=\"Ordinance 2010-3678\" aria-label=\"Ordonnance 2010-3678\">Ordonnance 2010-3678<\/a>\n\t\t\t<\/h4>\n\t\t<\/li>\n\t\t\t\t<\/ul>\n<h2>\n\t\t\tContacts:\t<\/h2>\n\t\t<h3><a href=\"mailto:MannyMarquez@miamibeachfl.gov\" target =\"_blank\" rel=\"noopener\">Manny Marquez<\/a><\/h3>Directeur adjoint MannyMarquez@miamibeachfl.gov\t\t\t\t\t\n\t\t<h3><a href=\"mailto:SashaGonzalez@miamibeachfl.gov\" target =\"_blank\" rel=\"noopener\">Sasha Gonzalez<\/a><\/h3>Responsable du service client\u00e8le\u00a0: SashaGonzalez@miamibeachfl.gov\t\t\t\t\t\n<h2>\n\t\t\tEmplacement du centre de service \u00e0 la client\u00e8le :\t<\/h2>\n\t<p>1755, avenue Meridian | Premier \u00e9tage<\/p>\n\t<iframe src=\"https:\/\/www.google.com\/maps\/embed\/v1\/place?q=1755+Meridian+Avenue%0AMiami+Beach%2C+FL+33139&#038;key=AIzaSyD09zQ9PNDNNy9TadMuzRV_UsPUoWKntt8\" aria-hidden=\"true\" title=\"l&#039;h\u00f4tel de ville\"><\/iframe>\n<h2>\n\t\t\tHeures d&#039;ouverture :\t<\/h2>\n\t\t\t\t Lundi \u2013 Vendredi 8h30 \u2013 18h00 Ferm\u00e9 12h00 \u2013 13h00 Ferm\u00e9 tous les jours 12h00 \u2013 14h00 <br \/>1er et 3e jeudi \u2013 Mensuel\t\t\t\t\n<h2>\n\t\t\tNum\u00e9ros importants :\t<\/h2>\n\t<p>Ajoutez des num\u00e9ros locaux \u00e0 votre liste de contacts.<\/p>\n\t\t<h3><a href=\"https:\/\/www.miamibeachfl.gov\/fr\/yourmbpd\/\"  target=\"_blank\"  rel=\"noopener\">\t\n\tPOLICE<\/a><\/h3><a href=\"https:\/\/www.miamibeachfl.gov\/fr\/yourmbpd\/\"  rel=\"noopener\"  target=\"_blank\">Consultez le site Web du service de police<\/a>\t\n\tUrgences : 911<br \/>\nNon-urgences :\u00a0<a href=\"tel:3056737900\">305.673.7900<\/a><br \/>\nEnregistrements :\u00a0<a href=\"tel:3056737990\">305.673.7990<\/a>\n\t\t<h3><a href=\"https:\/\/www.miamibeachfl.gov\/fr\/city-hall\/fire\/\"  target=\"_blank\"  rel=\"noopener\">\t\n\tFEU<\/a><\/h3><a href=\"https:\/\/www.miamibeachfl.gov\/fr\/city-hall\/fire\/\"  rel=\"noopener\"  target=\"_blank\">Consultez le site Web du service d&#039;incendie<\/a>\t\n\tNon-urgences : <a href=\"tel:3056737111\">305.673.7111<\/a><br \/>\n\u00c9chec au crime : <a href=\"tel:305471TIPS\">305.471.CONSEILS<\/a>\n\t\t<h3><a href=\"https:\/\/www.miamibeachfl.gov\/fr\/city-hall\/tourism-culture\/\"  target=\"_blank\"  rel=\"noopener\">\t\n\tTOURISME<\/a><\/h3><a href=\"https:\/\/www.miamibeachfl.gov\/fr\/city-hall\/tourism-culture\/\"  rel=\"noopener\"  target=\"_blank\">Visitez le site Web du tourisme et de la culture<\/a>\t\n\t<strong>L&#039;h\u00f4tel de ville:<br \/>\n<\/strong><a href=\"tel:3056737400\">305.673.7400<\/a><br \/>\n1700 Convention Center Drive<br \/>\nMiami Beach, FL 33139\n\t\t<h3><a href=\"\/fr\/city-hall\/parking\/enforcementtowingcitations\/\"  target=\"_blank\"  rel=\"noopener\">\t\n\tINFORMATIONS SUR LE REMORQUAGE<\/a><\/h3><a href=\"\/fr\/city-hall\/parking\/enforcementtowingcitations\/\"  rel=\"noopener\"  target=\"_blank\">Consultez la page sur l&#039;application des r\u00e8glements en mati\u00e8re de remorquage<\/a>\t\n\t<b>Remorquage sur la plage<\/b><br \/>\n<a href=\"tel:3055342128\">305.534.2128<\/a><br \/>\n<a href=\"https:\/\/goo.gl\/maps\/z7M3H8puQJVyAkcY7\">1349, boulevard Dade<\/a><br \/>\nMiami Beach, FL 33139<br \/>\n(\u00c0 l&#039;ouest d&#039;Alton Road)\n<b>Remorquage Tremont<\/b><br \/>\n<a href=\"tel:3056722395\">305.672.2395<\/a><br \/>\n<a href=\"https:\/\/goo.gl\/maps\/HvHcVWzucXoxduGw5\">1916, chemin Bay<\/a><br \/>\nMiami Beach, FL 33139<br \/>\n(2 p\u00e2t\u00e9s de maisons \u00e0 l&#039;ouest d&#039;Alton Road)\n<b>Parking\/Code<\/b><br \/>\nLigne d&#039;assistance t\u00e9l\u00e9phonique pour l&#039;application de la loi<br \/>\n<a href=\"tel:3056044785\">305.604.4785 <\/a> ou<br \/>\n<a href=\"tel:305604CITY\">305.604.VILLE <\/a>\n\t\t<h3>\t\n\tH\u00d4PITAL ET SOINS D&#039;URGENCE<\/h3>\t\n\t<a href=\"https:\/\/www.msmc.com\/\" target=\"_blank\" rel=\"noopener\"><strong>Centre m\u00e9dical du Mont Sina\u00ef<\/strong><\/a><br \/>\n4300, chemin Alton<br \/>\nMiami Beach, FL 33140<br \/>\n305.674.2121\n<a href=\"https:\/\/baptisthealth.net\/locations\/urgent-care\/miami-beach-urgent-care\"><strong>Soins d&#039;urgence de Baptist Health<\/strong><\/a><br \/>\n709, chemin Alton, bureau 430<br \/>\nMiami Beach, FL 33139<br \/>\n786.204.4150\n<a href=\"https:\/\/mymbchc.org\/\"><strong>Centre de sant\u00e9 communautaire de Miami Beach<\/strong><\/a><br \/>\n710, chemin Alton<br \/>\nMiami Beach, FL 33139<br \/>\n305.538.8835\n<a href=\"http:\/\/www.myfastcare.com\/\"><strong>Soins d&#039;urgence FastCare<\/strong><\/a><br \/>\n825 Godfrey Road (41e Rue)<br \/>\nMiami Beach, FL 33140<br \/>\n786.923.4000\n\t<a href=\"https:\/\/medriteurgentcare.com\/center\/medrite-miami-beach-urgent-care\/?service=urgent-care\"><strong>+ MEDRITE Urgent Care \u2013 41e Rue<\/strong><\/a><br \/>\n542 W 41st Street<br \/>\n305.397.8417\n<a href=\"https:\/\/medriteurgentcare.com\/center\/medrite-miami-beach-urgent-care\/\"><strong>+ MEDRITE Urgent Care \u2013 Miami Beach Sud<\/strong><\/a><br \/>\n215, chemin Lincoln<br \/>\n305.614.6001\n<a href=\"http:\/\/www.miamibeachmedicalgroup.com\/\/\"><strong>Groupe m\u00e9dical de Miami Beach<\/strong><\/a><br \/>\n1200, chemin Alton<br \/>\nMiami Beach, FL 33139<br \/>\n305.534.0076\n\t\t<h3>\t\n\tSERVICES PUBLICS<\/h3>\t\n\t<p><strong>Appelez les services publics de la ville de Miami Beach au 305.673.7440.<\/strong> Les propri\u00e9taires, et \u00e9ventuellement les locataires, doivent cr\u00e9er un compte de services publics du comt\u00e9 pour ces services.<\/p>\n<b>\u00c9lectricit\u00e9<\/b><a title=\"Florida Power Light (FPL)\" href=\"http:\/\/www.fpl.com\/\"><br \/>\n<strong>Florida Power &amp; Light (FP&amp;L)<\/strong><\/a><br \/>\nDemandez le service en appelant le 305.442.8770\/(ATS 800.432.6554)<br \/>\nPour signaler une situation dangereuse, appelez le 800.4OUTAGE (468-8243)\n<b>Gaz<\/b><a title=\"Gaz Teco Peoples\" href=\"http:\/\/www.tecoenergy.com\/\"><br \/>\n<strong>Gaz Teco Peoples<\/strong><\/a><br \/>\nT\u00e9l\u00e9phone : 305.940.0139 ou 1-877 TECO PGS (1-877.832.6747)\n<b>Services publics<\/b><br \/>\nServices d&#039;\u00e9vacuation des d\u00e9chets\/\u00e9gouts\/eau<br \/>\n<strong><a href=\"https:\/\/www.municipalonlinepayments.com\/miamibeachfl\">Cliquez ici pour visiter le portail de facturation des services publics de la ville de Miami Beach<\/a><\/strong><br \/>\nServices publics de plage au 305.673.7440","protected":false},"excerpt":{"rendered":"<p>Street Performer Permit Customer Service Menu Customer Service Home Schedule an Appointment Wait Times Artist Vendor Lottery Street Performer Permit [&hellip;]<\/p>\n","protected":false},"author":222,"featured_media":0,"parent":108864,"menu_order":0,"comment_status":"closed","ping_status":"closed","template":"","meta":{"_searchwp_excluded":"","site-sidebar-layout":"default","site-content-layout":"","ast-site-content-layout":"default","site-content-style":"default","site-sidebar-style":"default","ast-global-header-display":"","ast-banner-title-visibility":"","ast-main-header-display":"","ast-hfb-above-header-display":"","ast-hfb-below-header-display":"","ast-hfb-mobile-header-display":"","site-post-title":"","ast-breadcrumbs-content":"","ast-featured-img":"","footer-sml-layout":"","theme-transparent-header-meta":"","adv-header-id-meta":"","stick-header-meta":"","header-above-stick-meta":"","header-main-stick-meta":"","header-below-stick-meta":"","astra-migrate-meta-layouts":"default","ast-page-background-enabled":"default","ast-page-background-meta":{"desktop":{"background-color":"var(--ast-global-color-5)","background-image":"","background-repeat":"repeat","background-position":"center center","background-size":"auto","background-attachment":"scroll","background-type":"","background-media":"","overlay-type":"","overlay-color":"","overlay-opacity":"","overlay-gradient":""},"tablet":{"background-color":"","background-image":"","background-repeat":"repeat","background-position":"center center","background-size":"auto","background-attachment":"scroll","background-type":"","background-media":"","overlay-type":"","overlay-color":"","overlay-opacity":"","overlay-gradient":""},"mobile":{"background-color":"","background-image":"","background-repeat":"repeat","background-position":"center center","background-size":"auto","background-attachment":"scroll","background-type":"","background-media":"","overlay-type":"","overlay-color":"","overlay-opacity":"","overlay-gradient":""}},"ast-content-background-meta":{"desktop":{"background-color":"var(--ast-global-color-4)","background-image":"","background-repeat":"repeat","background-position":"center center","background-size":"auto","background-attachment":"scroll","background-type":"","background-media":"","overlay-type":"","overlay-color":"","overlay-opacity":"","overlay-gradient":""},"tablet":{"background-color":"var(--ast-global-color-4)","background-image":"","background-repeat":"repeat","background-position":"center center","background-size":"auto","background-attachment":"scroll","background-type":"","background-media":"","overlay-type":"","overlay-color":"","overlay-opacity":"","overlay-gradient":""},"mobile":{"background-color":"var(--ast-global-color-4)","background-image":"","background-repeat":"repeat","background-position":"center center","background-size":"auto","background-attachment":"scroll","background-type":"","background-media":"","overlay-type":"","overlay-color":"","overlay-opacity":"","overlay-gradient":""}},"footnotes":""},"categories":[1],"tags":[1032,1014],"class_list":["post-254693","page","type-page","status-publish","hentry","category-uncategorized","tag-events-top-visited","tag-permitting-entertainment"],"yoast_head":"<!-- This site is optimized with the Yoast SEO Premium plugin v27.4 (Yoast SEO v27.4) - https:\/\/yoast.com\/product\/yoast-seo-premium-wordpress\/ -->\n<title>Street Performer Permit - City of Miami Beach<\/title>\n<meta name=\"description\" content=\"%\" \/>\n<meta name=\"robots\" content=\"index, follow, max-snippet:-1, max-image-preview:large, max-video-preview:-1\" \/>\n<link rel=\"canonical\" href=\"https:\/\/www.miamibeachfl.gov\/fr\/city-hall\/customer-service-center\/street-performer-permit\/\" \/>\n<meta property=\"og:locale\" content=\"fr_FR\" \/>\n<meta property=\"og:type\" content=\"article\" \/>\n<meta property=\"og:title\" content=\"Street Performer Permit\" \/>\n<meta property=\"og:description\" content=\"%\" \/>\n<meta property=\"og:url\" content=\"https:\/\/www.miamibeachfl.gov\/fr\/city-hall\/customer-service-center\/street-performer-permit\/\" \/>\n<meta property=\"og:site_name\" content=\"City of Miami Beach\" \/>\n<meta property=\"article:publisher\" content=\"https:\/\/www.facebook.com\/cityofmiamibeach\" \/>\n<meta property=\"article:modified_time\" content=\"2026-03-03T16:21:56+00:00\" \/>\n<meta property=\"og:image\" content=\"https:\/\/www.miamibeachfl.gov\/wp-content\/uploads\/2024\/01\/1000pxSquare-miamibeach-aerial-southpointview.jpeg\" \/>\n\t<meta property=\"og:image:width\" content=\"1000\" \/>\n\t<meta property=\"og:image:height\" content=\"1000\" \/>\n\t<meta property=\"og:image:type\" content=\"image\/jpeg\" \/>\n<meta name=\"twitter:card\" content=\"summary_large_image\" \/>\n<meta name=\"twitter:site\" content=\"@Miamibeachnews\" \/>\n<script type=\"application\/ld+json\" class=\"yoast-schema-graph\">{\"@context\":\"https:\\\/\\\/schema.org\",\"@graph\":[{\"@type\":\"WebPage\",\"@id\":\"https:\\\/\\\/www.miamibeachfl.gov\\\/city-hall\\\/customer-service-center\\\/street-performer-permit\\\/\",\"url\":\"https:\\\/\\\/www.miamibeachfl.gov\\\/city-hall\\\/customer-service-center\\\/street-performer-permit\\\/\",\"name\":\"Street Performer Permit - City of Miami Beach\",\"isPartOf\":{\"@id\":\"https:\\\/\\\/www.miamibeachfl.gov\\\/#website\"},\"datePublished\":\"2023-03-31T15:37:32+00:00\",\"dateModified\":\"2026-03-03T16:21:56+00:00\",\"description\":\"%\",\"breadcrumb\":{\"@id\":\"https:\\\/\\\/www.miamibeachfl.gov\\\/city-hall\\\/customer-service-center\\\/street-performer-permit\\\/#breadcrumb\"},\"inLanguage\":\"fr-FR\",\"potentialAction\":[{\"@type\":\"ReadAction\",\"target\":[\"https:\\\/\\\/www.miamibeachfl.gov\\\/city-hall\\\/customer-service-center\\\/street-performer-permit\\\/\"]}]},{\"@type\":\"BreadcrumbList\",\"@id\":\"https:\\\/\\\/www.miamibeachfl.gov\\\/city-hall\\\/customer-service-center\\\/street-performer-permit\\\/#breadcrumb\",\"itemListElement\":[{\"@type\":\"ListItem\",\"position\":1,\"name\":\"Home\",\"item\":\"https:\\\/\\\/www.miamibeachfl.gov\\\/\"},{\"@type\":\"ListItem\",\"position\":2,\"name\":\"City Hall\",\"item\":\"https:\\\/\\\/www.miamibeachfl.gov\\\/city-hall\\\/\"},{\"@type\":\"ListItem\",\"position\":3,\"name\":\"Customer Service Center\",\"item\":\"https:\\\/\\\/www.miamibeachfl.gov\\\/city-hall\\\/customer-service-center\\\/\"},{\"@type\":\"ListItem\",\"position\":4,\"name\":\"Street Performer Permit\"}]},{\"@type\":\"WebSite\",\"@id\":\"https:\\\/\\\/www.miamibeachfl.gov\\\/#website\",\"url\":\"https:\\\/\\\/www.miamibeachfl.gov\\\/\",\"name\":\"City of Miami Beach\",\"description\":\"The official website of the City of Miami Beach. Stay informed, find important information on city services, news, alerts, events, trolley routes, government employment and more.\",\"publisher\":{\"@id\":\"https:\\\/\\\/www.miamibeachfl.gov\\\/#organization\"},\"potentialAction\":[{\"@type\":\"SearchAction\",\"target\":{\"@type\":\"EntryPoint\",\"urlTemplate\":\"https:\\\/\\\/www.miamibeachfl.gov\\\/?s={search_term_string}\"},\"query-input\":{\"@type\":\"PropertyValueSpecification\",\"valueRequired\":true,\"valueName\":\"search_term_string\"}}],\"inLanguage\":\"fr-FR\"},{\"@type\":\"Organization\",\"@id\":\"https:\\\/\\\/www.miamibeachfl.gov\\\/#organization\",\"name\":\"City of Miami Beach\",\"url\":\"https:\\\/\\\/www.miamibeachfl.gov\\\/\",\"logo\":{\"@type\":\"ImageObject\",\"inLanguage\":\"fr-FR\",\"@id\":\"https:\\\/\\\/www.miamibeachfl.gov\\\/#\\\/schema\\\/logo\\\/image\\\/\",\"url\":\"https:\\\/\\\/www.miamibeachfl.gov\\\/wp-content\\\/uploads\\\/2022\\\/06\\\/miamibeach-logoblue.png\",\"contentUrl\":\"https:\\\/\\\/www.miamibeachfl.gov\\\/wp-content\\\/uploads\\\/2022\\\/06\\\/miamibeach-logoblue.png\",\"width\":1962,\"height\":381,\"caption\":\"City of Miami Beach\"},\"image\":{\"@id\":\"https:\\\/\\\/www.miamibeachfl.gov\\\/#\\\/schema\\\/logo\\\/image\\\/\"},\"sameAs\":[\"https:\\\/\\\/www.facebook.com\\\/cityofmiamibeach\",\"https:\\\/\\\/x.com\\\/Miamibeachnews\",\"https:\\\/\\\/www.instagram.com\\\/miamibeachnews\\\/\"],\"description\":\"The official website of the City of Miami Beach. Stay informed, find important information on city services, news, alerts, events, trolley routes, government employment and more.\",\"telephone\":\"305.604.CITY(2489)\",\"legalName\":\"City of Miami Beach\"}]}<\/script>\n<!-- \/ Yoast SEO Premium plugin. -->","yoast_head_json":{"title":"Permis d&#039;artiste de rue - Ville de Miami Beach","description":"%","robots":{"index":"index","follow":"follow","max-snippet":"max-snippet:-1","max-image-preview":"max-image-preview:large","max-video-preview":"max-video-preview:-1"},"canonical":"https:\/\/www.miamibeachfl.gov\/fr\/city-hall\/customer-service-center\/street-performer-permit\/","og_locale":"fr_FR","og_type":"article","og_title":"Street Performer Permit","og_description":"%","og_url":"https:\/\/www.miamibeachfl.gov\/fr\/city-hall\/customer-service-center\/street-performer-permit\/","og_site_name":"City of Miami Beach","article_publisher":"https:\/\/www.facebook.com\/cityofmiamibeach","article_modified_time":"2026-03-03T16:21:56+00:00","og_image":[{"width":1000,"height":1000,"url":"https:\/\/www.miamibeachfl.gov\/wp-content\/uploads\/2024\/01\/1000pxSquare-miamibeach-aerial-southpointview.jpeg","type":"image\/jpeg"}],"twitter_card":"summary_large_image","twitter_site":"@Miamibeachnews","schema":{"@context":"https:\/\/schema.org","@graph":[{"@type":"WebPage","@id":"https:\/\/www.miamibeachfl.gov\/city-hall\/customer-service-center\/street-performer-permit\/","url":"https:\/\/www.miamibeachfl.gov\/city-hall\/customer-service-center\/street-performer-permit\/","name":"Permis d&#039;artiste de rue - Ville de Miami Beach","isPartOf":{"@id":"https:\/\/www.miamibeachfl.gov\/#website"},"datePublished":"2023-03-31T15:37:32+00:00","dateModified":"2026-03-03T16:21:56+00:00","description":"%","breadcrumb":{"@id":"https:\/\/www.miamibeachfl.gov\/city-hall\/customer-service-center\/street-performer-permit\/#breadcrumb"},"inLanguage":"fr-FR","potentialAction":[{"@type":"ReadAction","target":["https:\/\/www.miamibeachfl.gov\/city-hall\/customer-service-center\/street-performer-permit\/"]}]},{"@type":"BreadcrumbList","@id":"https:\/\/www.miamibeachfl.gov\/city-hall\/customer-service-center\/street-performer-permit\/#breadcrumb","itemListElement":[{"@type":"ListItem","position":1,"name":"Home","item":"https:\/\/www.miamibeachfl.gov\/"},{"@type":"ListItem","position":2,"name":"City Hall","item":"https:\/\/www.miamibeachfl.gov\/city-hall\/"},{"@type":"ListItem","position":3,"name":"Customer Service Center","item":"https:\/\/www.miamibeachfl.gov\/city-hall\/customer-service-center\/"},{"@type":"ListItem","position":4,"name":"Street Performer Permit"}]},{"@type":"WebSite","@id":"https:\/\/www.miamibeachfl.gov\/#website","url":"https:\/\/www.miamibeachfl.gov\/","name":"Ville de Miami Beach","description":"Site officiel de la ville de Miami Beach. Restez inform\u00e9 et trouvez des informations importantes sur les services municipaux, les actualit\u00e9s, les alertes, les \u00e9v\u00e9nements, les itin\u00e9raires de tramway, les emplois gouvernementaux et bien plus encore.","publisher":{"@id":"https:\/\/www.miamibeachfl.gov\/#organization"},"potentialAction":[{"@type":"SearchAction","target":{"@type":"EntryPoint","urlTemplate":"https:\/\/www.miamibeachfl.gov\/?s={search_term_string}"},"query-input":{"@type":"PropertyValueSpecification","valueRequired":true,"valueName":"search_term_string"}}],"inLanguage":"fr-FR"},{"@type":"Organization","@id":"https:\/\/www.miamibeachfl.gov\/#organization","name":"Ville de Miami Beach","url":"https:\/\/www.miamibeachfl.gov\/","logo":{"@type":"ImageObject","inLanguage":"fr-FR","@id":"https:\/\/www.miamibeachfl.gov\/#\/schema\/logo\/image\/","url":"https:\/\/www.miamibeachfl.gov\/wp-content\/uploads\/2022\/06\/miamibeach-logoblue.png","contentUrl":"https:\/\/www.miamibeachfl.gov\/wp-content\/uploads\/2022\/06\/miamibeach-logoblue.png","width":1962,"height":381,"caption":"City of Miami Beach"},"image":{"@id":"https:\/\/www.miamibeachfl.gov\/#\/schema\/logo\/image\/"},"sameAs":["https:\/\/www.facebook.com\/cityofmiamibeach","https:\/\/x.com\/Miamibeachnews","https:\/\/www.instagram.com\/miamibeachnews\/"],"description":"Site officiel de la ville de Miami Beach. Restez inform\u00e9 et trouvez des informations importantes sur les services municipaux, les actualit\u00e9s, les alertes, les \u00e9v\u00e9nements, les itin\u00e9raires de tramway, les emplois gouvernementaux et bien plus encore.","telephone":"305.604.CITY(2489)","legalName":"City of Miami Beach"}]}},"_links":{"self":[{"href":"https:\/\/www.miamibeachfl.gov\/fr\/wp-json\/wp\/v2\/pages\/254693","targetHints":{"allow":["GET"]}}],"collection":[{"href":"https:\/\/www.miamibeachfl.gov\/fr\/wp-json\/wp\/v2\/pages"}],"about":[{"href":"https:\/\/www.miamibeachfl.gov\/fr\/wp-json\/wp\/v2\/types\/page"}],"author":[{"embeddable":true,"href":"https:\/\/www.miamibeachfl.gov\/fr\/wp-json\/wp\/v2\/users\/222"}],"replies":[{"embeddable":true,"href":"https:\/\/www.miamibeachfl.gov\/fr\/wp-json\/wp\/v2\/comments?post=254693"}],"version-history":[{"count":7,"href":"https:\/\/www.miamibeachfl.gov\/fr\/wp-json\/wp\/v2\/pages\/254693\/revisions"}],"predecessor-version":[{"id":397051,"href":"https:\/\/www.miamibeachfl.gov\/fr\/wp-json\/wp\/v2\/pages\/254693\/revisions\/397051"}],"up":[{"embeddable":true,"href":"https:\/\/www.miamibeachfl.gov\/fr\/wp-json\/wp\/v2\/pages\/108864"}],"wp:attachment":[{"href":"https:\/\/www.miamibeachfl.gov\/fr\/wp-json\/wp\/v2\/media?parent=254693"}],"wp:term":[{"taxonomy":"category","embeddable":true,"href":"https:\/\/www.miamibeachfl.gov\/fr\/wp-json\/wp\/v2\/categories?post=254693"},{"taxonomy":"post_tag","embeddable":true,"href":"https:\/\/www.miamibeachfl.gov\/fr\/wp-json\/wp\/v2\/tags?post=254693"}],"curies":[{"name":"wp","href":"https:\/\/api.w.org\/{rel}","templated":true}]}}