{"id":254811,"date":"2023-04-03T11:01:55","date_gmt":"2023-04-03T15:01:55","guid":{"rendered":"https:\/\/www.miamibeachfl.gov\/?page_id=254811"},"modified":"2025-06-02T22:10:55","modified_gmt":"2025-06-03T02:10:55","slug":"april-2023-business-spotlight-copy-copy","status":"publish","type":"page","link":"https:\/\/www.miamibeachfl.gov\/fr\/spotlight\/april-2023-business-spotlight-copy-copy\/","title":{"rendered":"Miami Beach c\u00e9l\u00e8bre le Mois de la Terre"},"content":{"rendered":"<h5>\n\t\t<a href=\"https:\/\/www.miamibeachfl.gov\/fr\/mbbiznews\/\" title=\"Abonnez-vous ici pour recevoir chaque mois la newsletter commerciale de la Ville dans votre bo\u00eete de r\u00e9ception.\"  target=\"_blank\"  rel=\"noopener\">\n\t\t\tAbonnez-vous ici pour recevoir chaque mois la newsletter commerciale de la Ville dans votre bo\u00eete de r\u00e9ception.\t\t<\/a>\n\t<\/h5>\n<h5>\n\t\t<a href=\"https:\/\/myemail.constantcontact.com\/Stay-connected-with-MB-Biz--.html?soid=1011085968389&#038;aid=S0mHBwwl4Fs\" title=\"Bulletin d&#039;information des entreprises\"  target=\"_blank\"  rel=\"noopener\">\n\t\t\tBulletin d&#039;information des entreprises\t\t<\/a>\n\t<\/h5>\n<h2>\n\t\t\tCentre de congr\u00e8s de Miami Beach\u00a0: investir dans Miami Beach et notre plan\u00e8te\t<\/h2>\n\t\t\t\t<img decoding=\"async\" src=\"https:\/\/www.miamibeachfl.gov\/wp-content\/uploads\/2023\/04\/1.26-MBCC-Sustainability-Highlight-Linkedin.png\" alt=\"1.26 MBCC Sustainability Highlight, Linkedin\" itemprop=\"image\" title=\"1.26 MBCC\u00a0: Point fort sur la durabilit\u00e9, Linkedin\" onerror=\"this.style.display='none'\" loading='lazy' \/>\n\t<p>\u00c0 l&#039;occasion du Mois de la Terre, d\u00e9couvrez comment le Miami Beach Convention Center investit dans son site et dans la plan\u00e8te gr\u00e2ce \u00e0 ses derni\u00e8res initiatives en mati\u00e8re de d\u00e9veloppement durable. Le Mois de la Terre a lieu chaque ann\u00e9e en avril et vise \u00e0 sensibiliser le public aux enjeux environnementaux et aux enjeux qui affectent la nature.<\/p>\n<p>Le premier Jour de la Terre a \u00e9t\u00e9 c\u00e9l\u00e9br\u00e9 le 22 avril 1970. L&#039;\u00e9v\u00e9nement \u00e9tait organis\u00e9 par Gaylord Nelson, s\u00e9nateur am\u00e9ricain du Wisconsin. T\u00e9moin des d\u00e9g\u00e2ts caus\u00e9s par une mar\u00e9e noire \u00e0 Santa Barbara, en Californie, en 1969, il a \u00e9t\u00e9 pouss\u00e9 \u00e0 agir. Nelson a alors compris qu&#039;il \u00e9tait n\u00e9cessaire que chacun prenne davantage conscience de l&#039;environnement et s&#039;implique davantage dans la pr\u00e9servation de notre plan\u00e8te. Il esp\u00e9rait que le Jour de la Terre serait un moyen de sensibiliser le public \u00e0 l&#039;importance de la protection de l&#039;environnement.<\/p>\n<p>Le th\u00e8me du Jour de la Terre, de la Semaine de la Terre et du Mois de la Terre 2023 est \u00ab\u00a0Investir dans notre plan\u00e8te\u00a0\u00bb. L&#039;objectif est d&#039;inciter les gouvernements, les institutions, les entreprises et la communaut\u00e9 \u00e0 apporter leur contribution, car chacun est responsable. Ce th\u00e8me appelle les citoyens du monde entier \u00e0 reconna\u00eetre notre responsabilit\u00e9 collective de prot\u00e9ger et de pr\u00e9server la plan\u00e8te et \u00e0 acc\u00e9l\u00e9rer la transition vers une \u00e9conomie verte, \u00e9quitable et prosp\u00e8re pour tous.<\/p>\n<p>Le Miami Beach Convention Center and Campus est le c\u0153ur de Miami Beach, v\u00e9ritable joyau r\u00e9invent\u00e9 pour l&#039;organisation de r\u00e9unions, congr\u00e8s, expositions et salons professionnels. R\u00e9nov\u00e9 pour un co\u00fbt de 1,4 million de pieds carr\u00e9s, ce lieu de 1,4 million de pieds carr\u00e9s comprend une grande salle de bal de 5\u00a0500 m\u00e8tres carr\u00e9s, un espace de pr\u00e9-r\u00e9ception de 1\u00a0800 m\u00e8tres carr\u00e9s, environ 46\u00a0000 m\u00e8tres carr\u00e9s d&#039;espace d&#039;exposition, un grand hall de 9\u00a0000 m\u00e8tres carr\u00e9s, 84 salles de r\u00e9union, environ 800 places de parking sur le toit-terrasse et 3,6 hectares d&#039;espaces verts publics orn\u00e9s d&#039;\u0153uvres d&#039;art. Les c\u00e9l\u00e8bres cabinets Fentress Architects et Architectonica ont collabor\u00e9 pour cr\u00e9er un design durable de pointe et des proc\u00e9dures op\u00e9rationnelles \u00e9co-responsables. Des mat\u00e9riaux recycl\u00e9s sont int\u00e9gr\u00e9s dans tout le b\u00e2timent, dont plus de 20 % proviennent de sources locales du sud de la Floride. Quatre-vingt-seize pour cent des d\u00e9chets de construction ont \u00e9t\u00e9 recycl\u00e9s, d\u00e9tournant plus de 38 000 tonnes de d\u00e9chets recyclables pour cette installation certifi\u00e9e LEED Argent.<\/p>\n<p>En mars 2023, l&#039;\u00e9quipe du Palais des Congr\u00e8s a lanc\u00e9 une <em>Jardin d&#039;herbes aromatiques et potager<\/em>, en partenariat avec Compost for Life Miami. Ce programme r\u00e9cup\u00e8re les d\u00e9chets organiques des congr\u00e8s et \u00e9v\u00e9nements du centre et les transforme en compost. Ce compost est ensuite utilis\u00e9 dans le jardin d&#039;herbes aromatiques et potager, cr\u00e9ant ainsi un syst\u00e8me alimentaire durable qui r\u00e9duit les d\u00e9chets et offre une v\u00e9ritable restauration \u00ab du jardin \u00e0 la table \u00bb. L&#039;objectif est de cr\u00e9er un environnement serein o\u00f9 les cuisiniers et l&#039;\u00e9quipe du centre de congr\u00e8s peuvent cultiver, nourrir et sensibiliser la communaut\u00e9 au jardinage et aux pratiques durables. Les l\u00e9gumes actuellement plant\u00e9s comprennent des carottes, de la laitue, des oignons, des tomates et des poivrons, et le feuillage sert \u00e0 garnir et d\u00e9corer les tables. De plus, des lampes solaires \u00e9clairent la cl\u00f4ture en bois qui entoure le jardin, fabriqu\u00e9e \u00e0 partir de palettes en bois recycl\u00e9es provenant de livraisons de produits alimentaires.<\/p>\n<p>\u00ab Nous sommes ravis de donner vie \u00e0 ce jardin au Rum Room et au Venu (et au campus du centre de congr\u00e8s) non seulement pour avoir acc\u00e8s \u00e0 des l\u00e9gumes frais pour nos plats, mais aussi pour \u00e9tendre notre programme de d\u00e9veloppement durable au centre de congr\u00e8s dans ces deux nouveaux espaces de mani\u00e8re passionnante \u00bb, a d\u00e9clar\u00e9 Danny Medina, vice-pr\u00e9sident r\u00e9gional de Sodexo Live! \u2013 gestion de la restauration et des boissons du centre de congr\u00e8s de Miami Beach.<\/p>\n<p>Le Palais des congr\u00e8s travaille en permanence \u00e0 la responsabilisation du lieu. \u00c0 cette fin, l&#039;\u00e9quipe travaille \u00e0 l&#039;\u00e9laboration d&#039;un plan de d\u00e9veloppement durable robuste qui r\u00e9ponde aux attentes des organisateurs de r\u00e9unions et de salons, les soutient et les encourage, notamment en mati\u00e8re de r\u00e9cup\u00e9ration des eaux de pluie et d&#039;installation de panneaux solaires.<\/p>\n<p>Le Jour de la Terre aura lieu le samedi 22 avril 2023 et la Semaine de la Terre aura lieu du dimanche 16 avril au samedi 22 avril 2023.<\/p>\n<p>Pour plus d&#039;informations, y compris une bo\u00eete \u00e0 outils gratuite sur la durabilit\u00e9 des entreprises pour la Journ\u00e9e de la Terre 2023, veuillez consulter https:\/\/www.earthday.org\/<\/p>\n<p>Pour plus d&#039;informations, veuillez visiter <strong><a href=\"http:\/\/www.miamibeachconvention.com\/sustainability\">http:\/\/www.miamibeachconvention.com\/sustainability<\/a><\/strong><\/p>\n<p><em>\u00a0<\/em><\/p>","protected":false},"excerpt":{"rendered":"<p>Subscribe here to receive the City&#8217;s business newsletter to your inbox monthly. Business Newsletter Miami Beach Convention Center Investing in [&hellip;]<\/p>\n","protected":false},"author":222,"featured_media":0,"parent":253255,"menu_order":0,"comment_status":"closed","ping_status":"closed","template":"","meta":{"_searchwp_excluded":"","site-sidebar-layout":"default","site-content-layout":"","ast-site-content-layout":"default","site-content-style":"default","site-sidebar-style":"default","ast-global-header-display":"","ast-banner-title-visibility":"","ast-main-header-display":"","ast-hfb-above-header-display":"","ast-hfb-below-header-display":"","ast-hfb-mobile-header-display":"","site-post-title":"","ast-breadcrumbs-content":"","ast-featured-img":"","footer-sml-layout":"","theme-transparent-header-meta":"","adv-header-id-meta":"","stick-header-meta":"","header-above-stick-meta":"","header-main-stick-meta":"","header-below-stick-meta":"","astra-migrate-meta-layouts":"default","ast-page-background-enabled":"default","ast-page-background-meta":{"desktop":{"background-color":"var(--ast-global-color-5)","background-image":"","background-repeat":"repeat","background-position":"center center","background-size":"auto","background-attachment":"scroll","background-type":"","background-media":"","overlay-type":"","overlay-color":"","overlay-opacity":"","overlay-gradient":""},"tablet":{"background-color":"","background-image":"","background-repeat":"repeat","background-position":"center center","background-size":"auto","background-attachment":"scroll","background-type":"","background-media":"","overlay-type":"","overlay-color":"","overlay-opacity":"","overlay-gradient":""},"mobile":{"background-color":"","background-image":"","background-repeat":"repeat","background-position":"center center","background-size":"auto","background-attachment":"scroll","background-type":"","background-media":"","overlay-type":"","overlay-color":"","overlay-opacity":"","overlay-gradient":""}},"ast-content-background-meta":{"desktop":{"background-color":"var(--ast-global-color-4)","background-image":"","background-repeat":"repeat","background-position":"center center","background-size":"auto","background-attachment":"scroll","background-type":"","background-media":"","overlay-type":"","overlay-color":"","overlay-opacity":"","overlay-gradient":""},"tablet":{"background-color":"var(--ast-global-color-4)","background-image":"","background-repeat":"repeat","background-position":"center center","background-size":"auto","background-attachment":"scroll","background-type":"","background-media":"","overlay-type":"","overlay-color":"","overlay-opacity":"","overlay-gradient":""},"mobile":{"background-color":"var(--ast-global-color-4)","background-image":"","background-repeat":"repeat","background-position":"center center","background-size":"auto","background-attachment":"scroll","background-type":"","background-media":"","overlay-type":"","overlay-color":"","overlay-opacity":"","overlay-gradient":""}},"footnotes":""},"categories":[],"tags":[],"class_list":["post-254811","page","type-page","status-publish","hentry"],"yoast_head":"<!-- This site is optimized with the Yoast SEO Premium plugin v27.4 (Yoast SEO v27.4) - https:\/\/yoast.com\/product\/yoast-seo-premium-wordpress\/ -->\n<title>Miami Beach Celebrates Earth Month - City of Miami Beach<\/title>\n<meta name=\"description\" content=\"%\" \/>\n<meta name=\"robots\" content=\"index, follow, max-snippet:-1, max-image-preview:large, max-video-preview:-1\" \/>\n<link rel=\"canonical\" href=\"https:\/\/www.miamibeachfl.gov\/fr\/spotlight\/april-2023-business-spotlight-copy-copy\/\" \/>\n<meta property=\"og:locale\" content=\"fr_FR\" \/>\n<meta property=\"og:type\" content=\"article\" \/>\n<meta property=\"og:title\" content=\"Miami Beach Celebrates Earth Month\" \/>\n<meta property=\"og:description\" content=\"%\" \/>\n<meta property=\"og:url\" content=\"https:\/\/www.miamibeachfl.gov\/fr\/spotlight\/april-2023-business-spotlight-copy-copy\/\" \/>\n<meta property=\"og:site_name\" content=\"City of Miami Beach\" \/>\n<meta property=\"article:publisher\" content=\"https:\/\/www.facebook.com\/cityofmiamibeach\" \/>\n<meta property=\"article:modified_time\" content=\"2025-06-03T02:10:55+00:00\" \/>\n<meta property=\"og:image\" content=\"https:\/\/www.miamibeachfl.gov\/wp-content\/uploads\/2023\/04\/1.26-MBCC-Sustainability-Highlight-Linkedin.png\" \/>\n<meta name=\"twitter:card\" content=\"summary_large_image\" \/>\n<meta name=\"twitter:site\" content=\"@Miamibeachnews\" \/>\n<script type=\"application\/ld+json\" class=\"yoast-schema-graph\">{\"@context\":\"https:\\\/\\\/schema.org\",\"@graph\":[{\"@type\":\"WebPage\",\"@id\":\"https:\\\/\\\/www.miamibeachfl.gov\\\/spotlight\\\/april-2023-business-spotlight-copy-copy\\\/\",\"url\":\"https:\\\/\\\/www.miamibeachfl.gov\\\/spotlight\\\/april-2023-business-spotlight-copy-copy\\\/\",\"name\":\"Miami Beach Celebrates Earth Month - City of Miami Beach\",\"isPartOf\":{\"@id\":\"https:\\\/\\\/www.miamibeachfl.gov\\\/#website\"},\"primaryImageOfPage\":{\"@id\":\"https:\\\/\\\/www.miamibeachfl.gov\\\/spotlight\\\/april-2023-business-spotlight-copy-copy\\\/#primaryimage\"},\"image\":{\"@id\":\"https:\\\/\\\/www.miamibeachfl.gov\\\/spotlight\\\/april-2023-business-spotlight-copy-copy\\\/#primaryimage\"},\"thumbnailUrl\":\"https:\\\/\\\/www.miamibeachfl.gov\\\/wp-content\\\/uploads\\\/2023\\\/04\\\/1.26-MBCC-Sustainability-Highlight-Linkedin.png\",\"datePublished\":\"2023-04-03T15:01:55+00:00\",\"dateModified\":\"2025-06-03T02:10:55+00:00\",\"description\":\"%\",\"breadcrumb\":{\"@id\":\"https:\\\/\\\/www.miamibeachfl.gov\\\/spotlight\\\/april-2023-business-spotlight-copy-copy\\\/#breadcrumb\"},\"inLanguage\":\"fr-FR\",\"potentialAction\":[{\"@type\":\"ReadAction\",\"target\":[\"https:\\\/\\\/www.miamibeachfl.gov\\\/spotlight\\\/april-2023-business-spotlight-copy-copy\\\/\"]}]},{\"@type\":\"ImageObject\",\"inLanguage\":\"fr-FR\",\"@id\":\"https:\\\/\\\/www.miamibeachfl.gov\\\/spotlight\\\/april-2023-business-spotlight-copy-copy\\\/#primaryimage\",\"url\":\"https:\\\/\\\/www.miamibeachfl.gov\\\/wp-content\\\/uploads\\\/2023\\\/04\\\/1.26-MBCC-Sustainability-Highlight-Linkedin.png\",\"contentUrl\":\"https:\\\/\\\/www.miamibeachfl.gov\\\/wp-content\\\/uploads\\\/2023\\\/04\\\/1.26-MBCC-Sustainability-Highlight-Linkedin.png\"},{\"@type\":\"BreadcrumbList\",\"@id\":\"https:\\\/\\\/www.miamibeachfl.gov\\\/spotlight\\\/april-2023-business-spotlight-copy-copy\\\/#breadcrumb\",\"itemListElement\":[{\"@type\":\"ListItem\",\"position\":1,\"name\":\"Home\",\"item\":\"https:\\\/\\\/www.miamibeachfl.gov\\\/\"},{\"@type\":\"ListItem\",\"position\":2,\"name\":\"Business Newsletters and Spotlights\",\"item\":\"https:\\\/\\\/www.miamibeachfl.gov\\\/spotlight\\\/\"},{\"@type\":\"ListItem\",\"position\":3,\"name\":\"Miami Beach Celebrates Earth Month\"}]},{\"@type\":\"WebSite\",\"@id\":\"https:\\\/\\\/www.miamibeachfl.gov\\\/#website\",\"url\":\"https:\\\/\\\/www.miamibeachfl.gov\\\/\",\"name\":\"City of Miami Beach\",\"description\":\"The official website of the City of Miami Beach. Stay informed, find important information on city services, news, alerts, events, trolley routes, government employment and more.\",\"publisher\":{\"@id\":\"https:\\\/\\\/www.miamibeachfl.gov\\\/#organization\"},\"potentialAction\":[{\"@type\":\"SearchAction\",\"target\":{\"@type\":\"EntryPoint\",\"urlTemplate\":\"https:\\\/\\\/www.miamibeachfl.gov\\\/?s={search_term_string}\"},\"query-input\":{\"@type\":\"PropertyValueSpecification\",\"valueRequired\":true,\"valueName\":\"search_term_string\"}}],\"inLanguage\":\"fr-FR\"},{\"@type\":\"Organization\",\"@id\":\"https:\\\/\\\/www.miamibeachfl.gov\\\/#organization\",\"name\":\"City of Miami Beach\",\"url\":\"https:\\\/\\\/www.miamibeachfl.gov\\\/\",\"logo\":{\"@type\":\"ImageObject\",\"inLanguage\":\"fr-FR\",\"@id\":\"https:\\\/\\\/www.miamibeachfl.gov\\\/#\\\/schema\\\/logo\\\/image\\\/\",\"url\":\"https:\\\/\\\/www.miamibeachfl.gov\\\/wp-content\\\/uploads\\\/2022\\\/06\\\/miamibeach-logoblue.png\",\"contentUrl\":\"https:\\\/\\\/www.miamibeachfl.gov\\\/wp-content\\\/uploads\\\/2022\\\/06\\\/miamibeach-logoblue.png\",\"width\":1962,\"height\":381,\"caption\":\"City of Miami Beach\"},\"image\":{\"@id\":\"https:\\\/\\\/www.miamibeachfl.gov\\\/#\\\/schema\\\/logo\\\/image\\\/\"},\"sameAs\":[\"https:\\\/\\\/www.facebook.com\\\/cityofmiamibeach\",\"https:\\\/\\\/x.com\\\/Miamibeachnews\",\"https:\\\/\\\/www.instagram.com\\\/miamibeachnews\\\/\"],\"description\":\"The official website of the City of Miami Beach. Stay informed, find important information on city services, news, alerts, events, trolley routes, government employment and more.\",\"telephone\":\"305.604.CITY(2489)\",\"legalName\":\"City of Miami Beach\"}]}<\/script>\n<!-- \/ Yoast SEO Premium plugin. -->","yoast_head_json":{"title":"Miami Beach c\u00e9l\u00e8bre le Mois de la Terre - Ville de Miami Beach","description":"%","robots":{"index":"index","follow":"follow","max-snippet":"max-snippet:-1","max-image-preview":"max-image-preview:large","max-video-preview":"max-video-preview:-1"},"canonical":"https:\/\/www.miamibeachfl.gov\/fr\/spotlight\/april-2023-business-spotlight-copy-copy\/","og_locale":"fr_FR","og_type":"article","og_title":"Miami Beach Celebrates Earth Month","og_description":"%","og_url":"https:\/\/www.miamibeachfl.gov\/fr\/spotlight\/april-2023-business-spotlight-copy-copy\/","og_site_name":"City of Miami Beach","article_publisher":"https:\/\/www.facebook.com\/cityofmiamibeach","article_modified_time":"2025-06-03T02:10:55+00:00","og_image":[{"url":"https:\/\/www.miamibeachfl.gov\/wp-content\/uploads\/2023\/04\/1.26-MBCC-Sustainability-Highlight-Linkedin.png","type":"","width":"","height":""}],"twitter_card":"summary_large_image","twitter_site":"@Miamibeachnews","schema":{"@context":"https:\/\/schema.org","@graph":[{"@type":"WebPage","@id":"https:\/\/www.miamibeachfl.gov\/spotlight\/april-2023-business-spotlight-copy-copy\/","url":"https:\/\/www.miamibeachfl.gov\/spotlight\/april-2023-business-spotlight-copy-copy\/","name":"Miami Beach c\u00e9l\u00e8bre le Mois de la Terre - Ville de Miami Beach","isPartOf":{"@id":"https:\/\/www.miamibeachfl.gov\/#website"},"primaryImageOfPage":{"@id":"https:\/\/www.miamibeachfl.gov\/spotlight\/april-2023-business-spotlight-copy-copy\/#primaryimage"},"image":{"@id":"https:\/\/www.miamibeachfl.gov\/spotlight\/april-2023-business-spotlight-copy-copy\/#primaryimage"},"thumbnailUrl":"https:\/\/www.miamibeachfl.gov\/wp-content\/uploads\/2023\/04\/1.26-MBCC-Sustainability-Highlight-Linkedin.png","datePublished":"2023-04-03T15:01:55+00:00","dateModified":"2025-06-03T02:10:55+00:00","description":"%","breadcrumb":{"@id":"https:\/\/www.miamibeachfl.gov\/spotlight\/april-2023-business-spotlight-copy-copy\/#breadcrumb"},"inLanguage":"fr-FR","potentialAction":[{"@type":"ReadAction","target":["https:\/\/www.miamibeachfl.gov\/spotlight\/april-2023-business-spotlight-copy-copy\/"]}]},{"@type":"ImageObject","inLanguage":"fr-FR","@id":"https:\/\/www.miamibeachfl.gov\/spotlight\/april-2023-business-spotlight-copy-copy\/#primaryimage","url":"https:\/\/www.miamibeachfl.gov\/wp-content\/uploads\/2023\/04\/1.26-MBCC-Sustainability-Highlight-Linkedin.png","contentUrl":"https:\/\/www.miamibeachfl.gov\/wp-content\/uploads\/2023\/04\/1.26-MBCC-Sustainability-Highlight-Linkedin.png"},{"@type":"BreadcrumbList","@id":"https:\/\/www.miamibeachfl.gov\/spotlight\/april-2023-business-spotlight-copy-copy\/#breadcrumb","itemListElement":[{"@type":"ListItem","position":1,"name":"Home","item":"https:\/\/www.miamibeachfl.gov\/"},{"@type":"ListItem","position":2,"name":"Business Newsletters and Spotlights","item":"https:\/\/www.miamibeachfl.gov\/spotlight\/"},{"@type":"ListItem","position":3,"name":"Miami Beach Celebrates Earth Month"}]},{"@type":"WebSite","@id":"https:\/\/www.miamibeachfl.gov\/#website","url":"https:\/\/www.miamibeachfl.gov\/","name":"Ville de Miami Beach","description":"Site officiel de la ville de Miami Beach. Restez inform\u00e9 et trouvez des informations importantes sur les services municipaux, les actualit\u00e9s, les alertes, les \u00e9v\u00e9nements, les itin\u00e9raires de tramway, les emplois gouvernementaux et bien plus encore.","publisher":{"@id":"https:\/\/www.miamibeachfl.gov\/#organization"},"potentialAction":[{"@type":"SearchAction","target":{"@type":"EntryPoint","urlTemplate":"https:\/\/www.miamibeachfl.gov\/?s={search_term_string}"},"query-input":{"@type":"PropertyValueSpecification","valueRequired":true,"valueName":"search_term_string"}}],"inLanguage":"fr-FR"},{"@type":"Organization","@id":"https:\/\/www.miamibeachfl.gov\/#organization","name":"Ville de Miami Beach","url":"https:\/\/www.miamibeachfl.gov\/","logo":{"@type":"ImageObject","inLanguage":"fr-FR","@id":"https:\/\/www.miamibeachfl.gov\/#\/schema\/logo\/image\/","url":"https:\/\/www.miamibeachfl.gov\/wp-content\/uploads\/2022\/06\/miamibeach-logoblue.png","contentUrl":"https:\/\/www.miamibeachfl.gov\/wp-content\/uploads\/2022\/06\/miamibeach-logoblue.png","width":1962,"height":381,"caption":"City of Miami Beach"},"image":{"@id":"https:\/\/www.miamibeachfl.gov\/#\/schema\/logo\/image\/"},"sameAs":["https:\/\/www.facebook.com\/cityofmiamibeach","https:\/\/x.com\/Miamibeachnews","https:\/\/www.instagram.com\/miamibeachnews\/"],"description":"Site officiel de la ville de Miami Beach. Restez inform\u00e9 et trouvez des informations importantes sur les services municipaux, les actualit\u00e9s, les alertes, les \u00e9v\u00e9nements, les itin\u00e9raires de tramway, les emplois gouvernementaux et bien plus encore.","telephone":"305.604.CITY(2489)","legalName":"City of Miami Beach"}]}},"_links":{"self":[{"href":"https:\/\/www.miamibeachfl.gov\/fr\/wp-json\/wp\/v2\/pages\/254811","targetHints":{"allow":["GET"]}}],"collection":[{"href":"https:\/\/www.miamibeachfl.gov\/fr\/wp-json\/wp\/v2\/pages"}],"about":[{"href":"https:\/\/www.miamibeachfl.gov\/fr\/wp-json\/wp\/v2\/types\/page"}],"author":[{"embeddable":true,"href":"https:\/\/www.miamibeachfl.gov\/fr\/wp-json\/wp\/v2\/users\/222"}],"replies":[{"embeddable":true,"href":"https:\/\/www.miamibeachfl.gov\/fr\/wp-json\/wp\/v2\/comments?post=254811"}],"version-history":[{"count":1,"href":"https:\/\/www.miamibeachfl.gov\/fr\/wp-json\/wp\/v2\/pages\/254811\/revisions"}],"predecessor-version":[{"id":375076,"href":"https:\/\/www.miamibeachfl.gov\/fr\/wp-json\/wp\/v2\/pages\/254811\/revisions\/375076"}],"up":[{"embeddable":true,"href":"https:\/\/www.miamibeachfl.gov\/fr\/wp-json\/wp\/v2\/pages\/253255"}],"wp:attachment":[{"href":"https:\/\/www.miamibeachfl.gov\/fr\/wp-json\/wp\/v2\/media?parent=254811"}],"wp:term":[{"taxonomy":"category","embeddable":true,"href":"https:\/\/www.miamibeachfl.gov\/fr\/wp-json\/wp\/v2\/categories?post=254811"},{"taxonomy":"post_tag","embeddable":true,"href":"https:\/\/www.miamibeachfl.gov\/fr\/wp-json\/wp\/v2\/tags?post=254811"}],"curies":[{"name":"wp","href":"https:\/\/api.w.org\/{rel}","templated":true}]}}