{"id":255558,"date":"2023-04-04T14:05:30","date_gmt":"2023-04-04T18:05:30","guid":{"rendered":"https:\/\/www.miamibeachfl.gov\/?page_id=255558"},"modified":"2026-04-01T11:41:26","modified_gmt":"2026-04-01T15:41:26","slug":"indian-creek-drive-seawall-project","status":"publish","type":"page","link":"https:\/\/www.miamibeachfl.gov\/fr\/projects\/indian-creek-drive-seawall-project\/","title":{"rendered":"Projet de digue d&#039;Indian Creek Drive"},"content":{"rendered":"<h3>\n\t\t\tProjet de digue d&#039;Indian Creek Drive\t<\/h3>\n\t<p>La ville de Miami Beach est entour\u00e9e de 88 kilom\u00e8tres de digues. Sur cette superficie, seuls 8 kilom\u00e8tres appartiennent au domaine public. Les efforts visant \u00e0 rehausser et \u00e0 remplacer des sections de digues contribuent \u00e0 rendre le front de mer de notre ville plus r\u00e9silient. Des digues plus \u00e9lev\u00e9es contribueront \u00e0 att\u00e9nuer les effets plus vastes des inondations dues aux mar\u00e9es et de la mont\u00e9e du niveau de la mer.<\/p>\n\t\t<h3>\t\n\tMises \u00e0 jour du projet<\/h3>\t\n\t\t\t\t\t\t\t\t<a href=\"#\" id=\"fl-tabs--label-0\" data-index=\"0\" aria-selected=\"true\" aria-controls=\"fl-tabs--panel-0\" aria-expanded=\"true\" role=\"tab\" tabindex=\"0\">\t\t\t\tNOUVELLES MISES \u00c0 JOUR\t\t\t\t<\/a>\n\t\t\t\t\t\t\t\t<a href=\"#\" id=\"fl-tabs--label-1\" data-index=\"1\" aria-selected=\"false\" aria-controls=\"fl-tabs--panel-1\" aria-expanded=\"false\" role=\"tab\" tabindex=\"0\">\t\t\t\tMISES \u00c0 JOUR PASS\u00c9ES\t\t\t\t<\/a>\n\t\t\t\t\t\tNOUVELLES MISES \u00c0 JOUR\n\t\t\t\t\t\t\t\t\t\t\t<p><a href=\"https:\/\/conta.cc\/44XKt8x\"><strong>Conseil de projet \u2013 22\/09\/2023<\/strong><\/a><\/p>\n<p><strong><a href=\"https:\/\/conta.cc\/45KCInD\">Conseil de projet \u2013 9.8.23<\/a><\/strong><\/p>\n<p><a href=\"https:\/\/conta.cc\/3QUqKmz\"><strong>Conseil de projet \u2013 25\/08\/2023<\/strong><\/a><\/p>\n<p><strong><a href=\"https:\/\/conta.cc\/3OqjNqC\">Conseil de projet \u2013 8.11.23<\/a><\/strong><\/p>\n<p><strong><a href=\"https:\/\/conta.cc\/455q3Lm\">Conseil de projet \u2013 28\/07\/23<\/a><\/strong><\/p>\n\t\t\t\t\t\tMISES \u00c0 JOUR PASS\u00c9ES\n\t\t\t\t\t\t\t\t\t\t\t<p><strong><a href=\"https:\/\/conta.cc\/3XQqSVE\">Conseil de projet \u2013 14\/07\/2023<\/a><\/strong><\/p>\n<p><strong><a href=\"https:\/\/conta.cc\/3J6MNSi\">Conseil de projet \u2013 6.9.23<\/a><\/strong><\/p>\n<p><strong><a href=\"https:\/\/conta.cc\/3MsoTSg\">Conseil de projet \u2013 26\/05\/2023<\/a><\/strong><\/p>\n<p><strong><a href=\"https:\/\/conta.cc\/3MisuDv\">Conseil de projet \u2013 5.12.23<\/a><\/strong><\/p>\n<p><strong><a href=\"https:\/\/conta.cc\/3KzYLoY\">Conseil de projet \u2013 24\/03\/2023<\/a><\/strong><\/p>\n<p><strong><a href=\"https:\/\/conta.cc\/40Xn0m8\">Conseil de projet \u2013 3.3.23<\/a><\/strong><\/p>\n<p><strong><a href=\"https:\/\/conta.cc\/3K6oROR\">Conseil de projet \u2013 17\/02\/2023<\/a><\/strong><\/p>\n<p><strong><a href=\"https:\/\/conta.cc\/3zt95bU\">Conseil de projet \u2013 2.1.23<\/a><\/strong><\/p>\n<p><strong><a href=\"https:\/\/conta.cc\/3lZVKEZ\">Conseil de projet \u2013 25\/01\/2023<\/a><\/strong><\/p>\n<p><strong><a href=\"https:\/\/conta.cc\/40UOcSu\">Conseil de projet \u2013 1.13.23<\/a><\/strong><\/p>\n<p><strong><a href=\"https:\/\/conta.cc\/3UcCK2r\">Conseil de projet \u2013 1.6.23<\/a><\/strong><\/p>\n<p><strong><a href=\"https:\/\/conta.cc\/3UgsIgP\">Conseil de projet \u2013 16\/12\/2022<\/a><\/strong><\/p>\n<p><strong><a href=\"https:\/\/conta.cc\/3K4hlE2\">Conseil de projet \u2013 12.2.22<\/a><\/strong><\/p>\n<p><strong><a href=\"https:\/\/conta.cc\/3m9HOrV\">Conseil de projet \u2013 18\/11\/2022<\/a><\/strong><\/p>\n<p><strong><a href=\"https:\/\/conta.cc\/3GcdS5h\">Conseil de projet \u2013 14\/11\/2022<\/a><\/strong><\/p>\n<p><strong><a href=\"https:\/\/conta.cc\/411AYDs\">Conseil de projet \u2013 11.4.22<\/a><\/strong><\/p>\n<p><strong><a href=\"https:\/\/conta.cc\/3K7h8A1\">Conseil de projet \u2013 28\/10\/22<\/a><\/strong><\/p>\n<p><strong><a href=\"https:\/\/conta.cc\/3MyuNDd\">Conseil de projet \u2013 21\/10\/22<\/a><\/strong><\/p>\n<p><a href=\"https:\/\/conta.cc\/3MlWdvX\"><strong>Conseil de projet \u2013 14\/10\/22<\/strong><\/a><\/p>\n<p><strong><a href=\"https:\/\/conta.cc\/3UcvpQG\">Conseil de projet \u2013 10.7.22<\/a><\/strong><\/p>\n<p><strong><a href=\"https:\/\/conta.cc\/3UcuDmK\">Conseil de projet \u2013 30\/09\/22<\/a><\/strong><\/p>\n<p><strong><a href=\"https:\/\/conta.cc\/3KzEqA5\">Conseil de projet \u2013 23\/09\/22<\/a><\/strong><\/p>\n<p><strong><a href=\"https:\/\/conta.cc\/3zwGh2b\">Conseil de projet \u2013 16\/09\/22<\/a><\/strong><\/p>\n<p><strong><a href=\"https:\/\/conta.cc\/3Kdbzjk\">Conseil de projet \u2013 9.2.22<\/a><\/strong><\/p>\n<p><strong><a href=\"https:\/\/conta.cc\/40FOcGm\">Conseil de projet \u2013 26\/08\/22<\/a><\/strong><\/p>\n<p><strong><a href=\"https:\/\/conta.cc\/3GfrPzg\">Conseil de projet \u2013 19\/08\/22<\/a><\/strong><\/p>\n<p><strong><a href=\"https:\/\/conta.cc\/3zvB5LV\">Conseil de projet \u2013 8.12.22<\/a><\/strong><\/p>\n<p><strong><a href=\"https:\/\/conta.cc\/3K6iT0p\">Conseil de projet \u2013 8.5.22<\/a><\/strong><\/p>\n<p><strong><a href=\"https:\/\/conta.cc\/40DUpSZ\">Conseil de projet \u2013 29\/07\/22<\/a><\/strong><\/p>\n<p><strong><a href=\"https:\/\/conta.cc\/414qGml\">Conseil de projet \u2013 22\/07\/22<\/a><\/strong><\/p>\n<p><strong><a href=\"https:\/\/conta.cc\/3GhcOwP\">Conseil de projet \u2013 15\/07\/22<\/a><\/strong><\/p>\n<p><strong><a href=\"https:\/\/conta.cc\/42XjABE\">Conseil de projet \u2013 7.8.22<\/a><\/strong><\/p>\n<p><strong><a href=\"https:\/\/conta.cc\/3m54Fom\">Conseil de projet \u2013 7.1.22<\/a><\/strong><\/p>\n<p><strong><a href=\"https:\/\/conta.cc\/435W0Tl\">Conseil de projet \u2013 24\/06\/22<\/a><\/strong><\/p>\n<p><strong><a href=\"https:\/\/conta.cc\/412XagL\">Conseil de projet \u2013 6.10.22<\/a><\/strong><\/p>\n<p><strong><a href=\"https:\/\/conta.cc\/3ZJ4QDH\">Conseil de projet \u2013 6.3.22<\/a><\/strong><\/p>\n<p><strong><a href=\"https:\/\/conta.cc\/40Sqeri\">Conseil de projet \u2013 27\/05\/22<\/a><\/strong><\/p>\n<p><strong><a href=\"https:\/\/conta.cc\/3ztc0RV\">Conseil de projet \u2013 5.12.22<\/a><\/strong><\/p>\n<p><strong><a href=\"https:\/\/conta.cc\/40HBjLQ\">Conseil de projet \u2013 5.6.22<\/a><\/strong><\/p>\n\t\t<h3>\t\n\tFoire aux questions (FAQ)<\/h3>\t\n\t\t\t\t\t<a href=\"#\"  id=\"fl-accordion--label-0\" tabindex=\"0\" aria-controls=\"fl-accordion--panel-0\">Quel est le but de ce projet ?<\/a>\n\t\t\t\t\t\t\t\t\t\t\t<a href=\"#\" id=\"fl-accordion--icon-0\"  tabindex=\"0\"><i title=\"D\u00e9velopper\">D\u00e9velopper<\/i><\/a>\n\t\t\t\t\t<p>Les efforts visant \u00e0 rehausser et \u00e0 remplacer des sections de digues contribuent \u00e0 rendre le front de mer plus r\u00e9silient pour l&#039;ensemble de notre ville. Des digues plus \u00e9lev\u00e9es contribueront \u00e0 att\u00e9nuer les effets plus larges des inondations dues aux mar\u00e9es et de la mont\u00e9e du niveau de la mer. Tandis que la ville informe et encourage les propri\u00e9taires priv\u00e9s \u00e0 rehausser et \u00e0 remplacer leurs digues, nous travaillons simultan\u00e9ment \u00e0 rehausser et \u00e0 remplacer les sections publiques de digues dans toute la ville.<\/p>\n\t\t\t\t\t<a href=\"#\"  id=\"fl-accordion--label-1\" tabindex=\"0\" aria-controls=\"fl-accordion--panel-1\">O\u00f9 ce projet aura-t-il lieu ?<\/a>\n\t\t\t\t\t\t\t\t\t\t\t<a href=\"#\" id=\"fl-accordion--icon-1\"  tabindex=\"0\"><i title=\"D\u00e9velopper\">D\u00e9velopper<\/i><\/a>\n\t\t\t\t\t<p>Une nouvelle digue est en construction le long d&#039;Indian Creek Drive, entre les rues 41 et 29. L&#039;entrepreneur a commenc\u00e9 les travaux pr\u00e8s de la rue 41 et travaille actuellement vers le sud.<\/p>\n\t\t\t\t\t<a href=\"#\"  id=\"fl-accordion--label-2\" tabindex=\"0\" aria-controls=\"fl-accordion--panel-2\">Quel est le calendrier du projet ?<\/a>\n\t\t\t\t\t\t\t\t\t\t\t<a href=\"#\" id=\"fl-accordion--icon-2\"  tabindex=\"0\"><i title=\"D\u00e9velopper\">D\u00e9velopper<\/i><\/a>\n\t\t\t\t\t<p>Cette phase du projet devrait \u00eatre achev\u00e9e d&#039;ici l&#039;\u00e9t\u00e9 2023. Les travaux auront lieu en semaine, de 7 h \u00e0 17 h. Toute prolongation est soumise \u00e0 l&#039;approbation de la ville et \u00e0 la notification de la population. Veuillez noter que ce calendrier est susceptible d&#039;\u00eatre modifi\u00e9 en raison des conditions m\u00e9t\u00e9orologiques ou d&#039;impr\u00e9vus.<\/p>\n<h3>\n\t\t\tPersonnel du projet\t<\/h3>\n\t<hr \/>\n<h3><strong>Chef de d\u00e9partement<br \/>\nTravaux publics<\/strong><\/h3>\n<h3><strong>Directeur du d\u00e9partement<br \/>\n<\/strong><strong>Joe Gomez, ing\u00e9nieur \u00e9lectricien<\/strong><\/h3>\n<h3><strong>Ing\u00e9nieur municipal<br \/>\n<\/strong><strong>Cristina Ortega, ing\u00e9nieure \u00e9lectrique<\/strong><\/h3>\n<h3><strong>Ing\u00e9nieur de projet<br \/>\n<\/strong><strong>Davidson Dalger<\/strong><\/h3>\n<h3><strong>Chef de chantier<br \/>\n<\/strong><strong>Matthieu LePera<\/strong><\/h3>\n<hr \/>\n<h3>Agent de liaison pour l&#039;information publique<br \/>\nHeather M. Leslie<br \/>\n<a href=\"mailto:heather@hmlpublicoutreach.com\">Heather@hmlpublicoutreach.com<\/a><\/h3>\n<h3>Coordonnateur des affaires de quartier<br \/>\nGabriella Gonzalez<br \/>\n<a href=\"mailto:GabriellaGonzalez@miamibeachfl.gov\">GabriellaGonzalez@miamibeachfl.gov<\/a><\/h3>\n<hr \/>\n<h3>Entrepreneur<br \/>\nFondation Shoreline, Inc.<\/h3>\n<h3>Consultant<br \/>\nChrome Engineering, Inc.<\/h3>\n<h3>\n\t\t\tFinancement\t<\/h3>\n\t\t<h3>\t\n\tBudget total : $4 344 291,48<\/h3>\t\n<h3>\n\t\t\tStatut du projet\t<\/h3>\n\t\t<h3>\t\n\tConstruction<\/h3>\t\n\t\t\t\t\t95%\t\t\t\t\n<h3>\n\t\t\tEmplacement\t<\/h3>\n\t<iframe src=\"https:\/\/www.google.com\/maps\/embed\/v1\/place?q=41+Street+%26+Indian+Creek+Drive%2C+Miami+Beach+FL&#038;key=AIzaSyD09zQ9PNDNNy9TadMuzRV_UsPUoWKntt8\" aria-hidden=\"true\" title=\"Carte d&#039;Indian Creek Drive, Miami Beach\"><\/iframe>\n<h3>\n\t\t\tDemander plus d&#039;informations\t<\/h3>\n\t\t<h3>Derni\u00e8re mise \u00e0 jour<\/h3><p>Novembre 2023<\/p>","protected":false},"excerpt":{"rendered":"<p>Projet de digue d&#039;Indian Creek Drive La ville de Miami Beach est entour\u00e9e de 88 kilom\u00e8tres de digue. De cet espace, [\u2026]<\/p>","protected":false},"author":256,"featured_media":0,"parent":397831,"menu_order":193,"comment_status":"closed","ping_status":"closed","template":"","meta":{"_searchwp_excluded":"","site-sidebar-layout":"default","site-content-layout":"","ast-site-content-layout":"default","site-content-style":"default","site-sidebar-style":"default","ast-global-header-display":"","ast-banner-title-visibility":"","ast-main-header-display":"","ast-hfb-above-header-display":"","ast-hfb-below-header-display":"","ast-hfb-mobile-header-display":"","site-post-title":"","ast-breadcrumbs-content":"","ast-featured-img":"","footer-sml-layout":"","theme-transparent-header-meta":"","adv-header-id-meta":"","stick-header-meta":"","header-above-stick-meta":"","header-main-stick-meta":"","header-below-stick-meta":"","astra-migrate-meta-layouts":"default","ast-page-background-enabled":"default","ast-page-background-meta":{"desktop":{"background-color":"var(--ast-global-color-5)","background-image":"","background-repeat":"repeat","background-position":"center center","background-size":"auto","background-attachment":"scroll","background-type":"","background-media":"","overlay-type":"","overlay-color":"","overlay-opacity":"","overlay-gradient":""},"tablet":{"background-color":"","background-image":"","background-repeat":"repeat","background-position":"center center","background-size":"auto","background-attachment":"scroll","background-type":"","background-media":"","overlay-type":"","overlay-color":"","overlay-opacity":"","overlay-gradient":""},"mobile":{"background-color":"","background-image":"","background-repeat":"repeat","background-position":"center center","background-size":"auto","background-attachment":"scroll","background-type":"","background-media":"","overlay-type":"","overlay-color":"","overlay-opacity":"","overlay-gradient":""}},"ast-content-background-meta":{"desktop":{"background-color":"var(--ast-global-color-4)","background-image":"","background-repeat":"repeat","background-position":"center center","background-size":"auto","background-attachment":"scroll","background-type":"","background-media":"","overlay-type":"","overlay-color":"","overlay-opacity":"","overlay-gradient":""},"tablet":{"background-color":"var(--ast-global-color-4)","background-image":"","background-repeat":"repeat","background-position":"center center","background-size":"auto","background-attachment":"scroll","background-type":"","background-media":"","overlay-type":"","overlay-color":"","overlay-opacity":"","overlay-gradient":""},"mobile":{"background-color":"var(--ast-global-color-4)","background-image":"","background-repeat":"repeat","background-position":"center center","background-size":"auto","background-attachment":"scroll","background-type":"","background-media":"","overlay-type":"","overlay-color":"","overlay-opacity":"","overlay-gradient":""}},"footnotes":""},"categories":[],"tags":[],"class_list":["post-255558","page","type-page","status-publish","hentry"],"yoast_head":"<!-- This site is optimized with the Yoast SEO Premium plugin v26.6 (Yoast SEO v26.6) - https:\/\/yoast.com\/wordpress\/plugins\/seo\/ -->\n<title>Indian Creek Drive Seawall Project - City of Miami Beach<\/title>\n<meta name=\"description\" content=\"%\" \/>\n<meta name=\"robots\" content=\"index, follow, max-snippet:-1, max-image-preview:large, max-video-preview:-1\" \/>\n<link rel=\"canonical\" href=\"https:\/\/www.miamibeachfl.gov\/fr\/projects\/indian-creek-drive-seawall-project\/\" \/>\n<meta property=\"og:locale\" content=\"fr_FR\" \/>\n<meta property=\"og:type\" content=\"article\" \/>\n<meta property=\"og:title\" content=\"Indian Creek Drive Seawall Project\" \/>\n<meta property=\"og:description\" content=\"%\" \/>\n<meta property=\"og:url\" content=\"https:\/\/www.miamibeachfl.gov\/fr\/projects\/indian-creek-drive-seawall-project\/\" \/>\n<meta property=\"og:site_name\" content=\"City of Miami Beach\" \/>\n<meta property=\"article:publisher\" content=\"https:\/\/www.facebook.com\/cityofmiamibeach\" \/>\n<meta property=\"article:modified_time\" content=\"2026-04-01T15:41:26+00:00\" \/>\n<meta property=\"og:image\" content=\"https:\/\/www.miamibeachfl.gov\/wp-content\/uploads\/2024\/01\/1000pxSquare-miamibeach-aerial-southpointview.jpeg\" \/>\n\t<meta property=\"og:image:width\" content=\"1000\" \/>\n\t<meta property=\"og:image:height\" content=\"1000\" \/>\n\t<meta property=\"og:image:type\" content=\"image\/jpeg\" \/>\n<meta name=\"twitter:card\" content=\"summary_large_image\" \/>\n<meta name=\"twitter:site\" content=\"@Miamibeachnews\" \/>\n<script type=\"application\/ld+json\" class=\"yoast-schema-graph\">{\"@context\":\"https:\/\/schema.org\",\"@graph\":[{\"@type\":\"WebPage\",\"@id\":\"https:\/\/www.miamibeachfl.gov\/projects\/indian-creek-drive-seawall-project\/\",\"url\":\"https:\/\/www.miamibeachfl.gov\/projects\/indian-creek-drive-seawall-project\/\",\"name\":\"Indian Creek Drive Seawall Project - City of Miami Beach\",\"isPartOf\":{\"@id\":\"https:\/\/www.miamibeachfl.gov\/#website\"},\"datePublished\":\"2023-04-04T18:05:30+00:00\",\"dateModified\":\"2026-04-01T15:41:26+00:00\",\"description\":\"%\",\"breadcrumb\":{\"@id\":\"https:\/\/www.miamibeachfl.gov\/projects\/indian-creek-drive-seawall-project\/#breadcrumb\"},\"inLanguage\":\"fr-FR\",\"potentialAction\":[{\"@type\":\"ReadAction\",\"target\":[\"https:\/\/www.miamibeachfl.gov\/projects\/indian-creek-drive-seawall-project\/\"]}]},{\"@type\":\"BreadcrumbList\",\"@id\":\"https:\/\/www.miamibeachfl.gov\/projects\/indian-creek-drive-seawall-project\/#breadcrumb\",\"itemListElement\":[{\"@type\":\"ListItem\",\"position\":1,\"name\":\"Home\",\"item\":\"https:\/\/www.miamibeachfl.gov\/\"},{\"@type\":\"ListItem\",\"position\":2,\"name\":\"Projects\",\"item\":\"https:\/\/www.miamibeachfl.gov\/projects\/\"},{\"@type\":\"ListItem\",\"position\":3,\"name\":\"Indian Creek Drive Seawall Project\"}]},{\"@type\":\"WebSite\",\"@id\":\"https:\/\/www.miamibeachfl.gov\/#website\",\"url\":\"https:\/\/www.miamibeachfl.gov\/\",\"name\":\"City of Miami Beach\",\"description\":\"The official website of the City of Miami Beach. Stay informed, find important information on city services, news, alerts, events, trolley routes, government employment and more.\",\"publisher\":{\"@id\":\"https:\/\/www.miamibeachfl.gov\/#organization\"},\"potentialAction\":[{\"@type\":\"SearchAction\",\"target\":{\"@type\":\"EntryPoint\",\"urlTemplate\":\"https:\/\/www.miamibeachfl.gov\/?s={search_term_string}\"},\"query-input\":{\"@type\":\"PropertyValueSpecification\",\"valueRequired\":true,\"valueName\":\"search_term_string\"}}],\"inLanguage\":\"fr-FR\"},{\"@type\":\"Organization\",\"@id\":\"https:\/\/www.miamibeachfl.gov\/#organization\",\"name\":\"City of Miami Beach\",\"url\":\"https:\/\/www.miamibeachfl.gov\/\",\"logo\":{\"@type\":\"ImageObject\",\"inLanguage\":\"fr-FR\",\"@id\":\"https:\/\/www.miamibeachfl.gov\/#\/schema\/logo\/image\/\",\"url\":\"https:\/\/www.miamibeachfl.gov\/wp-content\/uploads\/2022\/06\/miamibeach-logoblue.png\",\"contentUrl\":\"https:\/\/www.miamibeachfl.gov\/wp-content\/uploads\/2022\/06\/miamibeach-logoblue.png\",\"width\":1962,\"height\":381,\"caption\":\"City of Miami Beach\"},\"image\":{\"@id\":\"https:\/\/www.miamibeachfl.gov\/#\/schema\/logo\/image\/\"},\"sameAs\":[\"https:\/\/www.facebook.com\/cityofmiamibeach\",\"https:\/\/x.com\/Miamibeachnews\",\"https:\/\/www.instagram.com\/miamibeachnews\/\"],\"description\":\"The official website of the City of Miami Beach. Stay informed, find important information on city services, news, alerts, events, trolley routes, government employment and more.\",\"telephone\":\"305.604.CITY(2489)\",\"legalName\":\"City of Miami Beach\"}]}<\/script>\n<!-- \/ Yoast SEO Premium plugin. -->","yoast_head_json":{"title":"Projet de digue d&#039;Indian Creek Drive - Ville de Miami Beach","description":"%","robots":{"index":"index","follow":"follow","max-snippet":"max-snippet:-1","max-image-preview":"max-image-preview:large","max-video-preview":"max-video-preview:-1"},"canonical":"https:\/\/www.miamibeachfl.gov\/fr\/projects\/indian-creek-drive-seawall-project\/","og_locale":"fr_FR","og_type":"article","og_title":"Indian Creek Drive Seawall Project","og_description":"%","og_url":"https:\/\/www.miamibeachfl.gov\/fr\/projects\/indian-creek-drive-seawall-project\/","og_site_name":"City of Miami Beach","article_publisher":"https:\/\/www.facebook.com\/cityofmiamibeach","article_modified_time":"2026-04-01T15:41:26+00:00","og_image":[{"width":1000,"height":1000,"url":"https:\/\/www.miamibeachfl.gov\/wp-content\/uploads\/2024\/01\/1000pxSquare-miamibeach-aerial-southpointview.jpeg","type":"image\/jpeg"}],"twitter_card":"summary_large_image","twitter_site":"@Miamibeachnews","schema":{"@context":"https:\/\/schema.org","@graph":[{"@type":"WebPage","@id":"https:\/\/www.miamibeachfl.gov\/projects\/indian-creek-drive-seawall-project\/","url":"https:\/\/www.miamibeachfl.gov\/projects\/indian-creek-drive-seawall-project\/","name":"Projet de digue d&#039;Indian Creek Drive - Ville de Miami Beach","isPartOf":{"@id":"https:\/\/www.miamibeachfl.gov\/#website"},"datePublished":"2023-04-04T18:05:30+00:00","dateModified":"2026-04-01T15:41:26+00:00","description":"%","breadcrumb":{"@id":"https:\/\/www.miamibeachfl.gov\/projects\/indian-creek-drive-seawall-project\/#breadcrumb"},"inLanguage":"fr-FR","potentialAction":[{"@type":"ReadAction","target":["https:\/\/www.miamibeachfl.gov\/projects\/indian-creek-drive-seawall-project\/"]}]},{"@type":"BreadcrumbList","@id":"https:\/\/www.miamibeachfl.gov\/projects\/indian-creek-drive-seawall-project\/#breadcrumb","itemListElement":[{"@type":"ListItem","position":1,"name":"Home","item":"https:\/\/www.miamibeachfl.gov\/"},{"@type":"ListItem","position":2,"name":"Projects","item":"https:\/\/www.miamibeachfl.gov\/projects\/"},{"@type":"ListItem","position":3,"name":"Indian Creek Drive Seawall Project"}]},{"@type":"WebSite","@id":"https:\/\/www.miamibeachfl.gov\/#website","url":"https:\/\/www.miamibeachfl.gov\/","name":"Ville de Miami Beach","description":"Site officiel de la ville de Miami Beach. Restez inform\u00e9 et trouvez des informations importantes sur les services municipaux, les actualit\u00e9s, les alertes, les \u00e9v\u00e9nements, les itin\u00e9raires de tramway, les emplois gouvernementaux et bien plus encore.","publisher":{"@id":"https:\/\/www.miamibeachfl.gov\/#organization"},"potentialAction":[{"@type":"SearchAction","target":{"@type":"EntryPoint","urlTemplate":"https:\/\/www.miamibeachfl.gov\/?s={search_term_string}"},"query-input":{"@type":"PropertyValueSpecification","valueRequired":true,"valueName":"search_term_string"}}],"inLanguage":"fr-FR"},{"@type":"Organization","@id":"https:\/\/www.miamibeachfl.gov\/#organization","name":"Ville de Miami Beach","url":"https:\/\/www.miamibeachfl.gov\/","logo":{"@type":"ImageObject","inLanguage":"fr-FR","@id":"https:\/\/www.miamibeachfl.gov\/#\/schema\/logo\/image\/","url":"https:\/\/www.miamibeachfl.gov\/wp-content\/uploads\/2022\/06\/miamibeach-logoblue.png","contentUrl":"https:\/\/www.miamibeachfl.gov\/wp-content\/uploads\/2022\/06\/miamibeach-logoblue.png","width":1962,"height":381,"caption":"City of Miami Beach"},"image":{"@id":"https:\/\/www.miamibeachfl.gov\/#\/schema\/logo\/image\/"},"sameAs":["https:\/\/www.facebook.com\/cityofmiamibeach","https:\/\/x.com\/Miamibeachnews","https:\/\/www.instagram.com\/miamibeachnews\/"],"description":"Site officiel de la ville de Miami Beach. Restez inform\u00e9 et trouvez des informations importantes sur les services municipaux, les actualit\u00e9s, les alertes, les \u00e9v\u00e9nements, les itin\u00e9raires de tramway, les emplois gouvernementaux et bien plus encore.","telephone":"305.604.CITY(2489)","legalName":"City of Miami Beach"}]}},"_links":{"self":[{"href":"https:\/\/www.miamibeachfl.gov\/fr\/wp-json\/wp\/v2\/pages\/255558","targetHints":{"allow":["GET"]}}],"collection":[{"href":"https:\/\/www.miamibeachfl.gov\/fr\/wp-json\/wp\/v2\/pages"}],"about":[{"href":"https:\/\/www.miamibeachfl.gov\/fr\/wp-json\/wp\/v2\/types\/page"}],"author":[{"embeddable":true,"href":"https:\/\/www.miamibeachfl.gov\/fr\/wp-json\/wp\/v2\/users\/256"}],"replies":[{"embeddable":true,"href":"https:\/\/www.miamibeachfl.gov\/fr\/wp-json\/wp\/v2\/comments?post=255558"}],"version-history":[{"count":0,"href":"https:\/\/www.miamibeachfl.gov\/fr\/wp-json\/wp\/v2\/pages\/255558\/revisions"}],"up":[{"embeddable":true,"href":"https:\/\/www.miamibeachfl.gov\/fr\/wp-json\/wp\/v2\/pages\/397831"}],"wp:attachment":[{"href":"https:\/\/www.miamibeachfl.gov\/fr\/wp-json\/wp\/v2\/media?parent=255558"}],"wp:term":[{"taxonomy":"category","embeddable":true,"href":"https:\/\/www.miamibeachfl.gov\/fr\/wp-json\/wp\/v2\/categories?post=255558"},{"taxonomy":"post_tag","embeddable":true,"href":"https:\/\/www.miamibeachfl.gov\/fr\/wp-json\/wp\/v2\/tags?post=255558"}],"curies":[{"name":"wp","href":"https:\/\/api.w.org\/{rel}","templated":true}]}}