{"id":255740,"date":"2023-04-05T10:01:51","date_gmt":"2023-04-05T14:01:51","guid":{"rendered":"https:\/\/www.miamibeachfl.gov\/?page_id=255740"},"modified":"2025-05-25T17:00:38","modified_gmt":"2025-05-25T21:00:38","slug":"2023-41st-st-business-improvement-district","status":"publish","type":"page","link":"https:\/\/www.miamibeachfl.gov\/fr\/city-hall\/city-clerk\/2023-41st-st-business-improvement-district\/","title":{"rendered":"2023 \u2013 Quartier d&#039;affaires de la 41e Rue"},"content":{"rendered":"<img decoding=\"async\" src=\"https:\/\/www.miamibeachfl.gov\/wp-content\/uploads\/2022\/07\/hero-small.jpg\" alt=\"ocean drive art deco buildings\" itemprop=\"image\" title=\"petit h\u00e9ros\" onerror=\"this.style.display='none'\" loading='lazy' \/>\n<h1>\n\t\t\tQuartier d&#039;affaires de la 41e rue\t<\/h1>\n\t<nav id=\"breadcrumbs\" aria-label=\"Fil d&#039;Ariane\"><a href=\"https:\/\/www.miamibeachfl.gov\/fr\/\">Maison<\/a> &gt; <a href=\"https:\/\/www.miamibeachfl.gov\/fr\/city-hall\/\">l&#039;h\u00f4tel de ville<\/a> &gt; <a href=\"https:\/\/www.miamibeachfl.gov\/fr\/city-hall\/city-clerk\/\">greffier de la ville<\/a> &gt; <strong>2023 \u2013 Quartier d&#039;affaires de la 41e Rue<\/strong><\/nav>\n\t<ul>\n<li><a href=\"https:\/\/www.miamibeachfl.gov\/wp-content\/uploads\/2023\/07\/Resolution-2023-32715.pdf\">R\u00e9solution n\u00b0 2023-32715 : R\u00e9solution du maire et de la commission municipale de Miami Beach, en Floride, approuvant, \u00e0 la suite d&#039;une audience publique d\u00fbment notifi\u00e9e conform\u00e9ment aux articles 170.07 et 170.08 des statuts de Floride, le r\u00f4le d&#039;\u00e9valuation final du district d&#039;\u00e9valuation sp\u00e9cial connu sous le nom de district d&#039;am\u00e9lioration commerciale de la 41e rue, et confirmant que ces \u00e9valuations constituent des privil\u00e8ges de premier rang l\u00e9gaux, valides et ex\u00e9cutoires sur la propri\u00e9t\u00e9 sur laquelle ces \u00e9valuations sont effectu\u00e9es jusqu&#039;\u00e0 leur paiement.<\/a><\/li>\n<li><a href=\"https:\/\/www.miamibeachfl.gov\/wp-content\/uploads\/2023\/07\/Resolution-2023-32630.pdf\">R\u00e9solution n\u00b0 2023-32630 : R\u00e9solution du maire et de la commission municipale de Miami Beach, en Floride, adoptant la certification officielle des \u00e9lections du comit\u00e9 de d\u00e9pouillement pour l&#039;\u00e9lection sp\u00e9ciale par correspondance tenue dans la ville de Miami Beach du 5 au 27 juin 2023 afin de d\u00e9terminer si une majorit\u00e9 des propri\u00e9taires concern\u00e9s approuvent la cr\u00e9ation d&#039;un district d&#039;\u00e9valuation sp\u00e9ciale appel\u00e9 41st Street Business Improvement District.\u00a0<\/a><\/li>\n<li><a href=\"https:\/\/www.miamibeachfl.gov\/wp-content\/uploads\/2023\/06\/Official-Election-Certification-of-the-Canvassing-Board.pdf\">Certification officielle des \u00e9lections par le comit\u00e9 de d\u00e9pouillement<\/a><\/li>\n<li><a href=\"https:\/\/www.miamibeachfl.gov\/wp-content\/uploads\/2023\/06\/LTC-291-2023-Official-Election-Certification-of-the-Canvassing-Board-Creation-of-41st-Street-Business-Improvement-District.pdf\">Lettre \u00e0 la Commission n\u00b0 291-2023 Certification officielle des \u00e9lections du conseil de d\u00e9pouillement<\/a><\/li>\n<li><a href=\"https:\/\/www.miamibeachfl.gov\/wp-content\/uploads\/2023\/06\/Daily-Ballot-Tracking-Totals-for-Web-June-27-2023-1.pdf\">Suivi quotidien des bulletins de vote<\/a><\/li>\n<li><a href=\"https:\/\/www.miamibeachfl.gov\/wp-content\/uploads\/2023\/06\/41st-Street-Notice-BID-Web.pdf\">Avis d&#039;audience publique pour l&#039;approbation du r\u00f4le d&#039;\u00e9valuation d\u00e9finitif<\/a><\/li>\n<li><a href=\"https:\/\/www.miamibeachfl.gov\/wp-content\/uploads\/2023\/06\/Assessment-Roll-6-22-23.pdf\">r\u00f4le d&#039;\u00e9valuation<\/a><\/li>\n<li><a href=\"https:\/\/www.miamibeachfl.gov\/wp-content\/uploads\/2023\/05\/OFFICIAL-BALLOT-REG-RB-KM-LGT.pdf\">Bulletin de vote officiel<\/a>\u00a0 \/\u00a0 <a href=\"https:\/\/www.miamibeachfl.gov\/wp-content\/uploads\/2023\/05\/BOLETA-OFICIAL-REG-RB-KM-LG.pdf\">Bulletin officiel<\/a><\/li>\n<li><a href=\"https:\/\/www.miamibeachfl.gov\/wp-content\/uploads\/2023\/05\/41BID-06272023-01-NOTICE-VERSION-REG-RB-NK.pdf\">Avis d&#039;\u00e9lection par scrutin postal sp\u00e9cial pour le district d&#039;am\u00e9lioration des affaires de la 41e rue<\/a><\/li>\n<li><a href=\"https:\/\/www.miamibeachfl.gov\/wp-content\/uploads\/2023\/05\/41BID-06272023-01-ES-AVISO-VERSION-REG-RB-NK-LT.pdf\">Avis d&#039;\u00e9lection sp\u00e9cial de vote par courrier pour le district d&#039;am\u00e9lioration des affaires de la 41e rue<\/a><\/li>\n<li><a href=\"https:\/\/www.miamibeachfl.gov\/wp-content\/uploads\/2023\/08\/41BID-Canvassing-Board-AFTER-ACTION-FINAL.pdf\">R\u00e9union du comit\u00e9 de sollicitation du 27 juin 2023 apr\u00e8s l&#039;action<\/a><\/li>\n<li><a href=\"https:\/\/www.miamibeachfl.gov\/wp-content\/uploads\/2023\/06\/41BID-Canvassing-Board-Agenda-REG-NK.pdf\">Ordre du jour de la r\u00e9union du comit\u00e9 de sollicitation du 27 juin 2023<\/a><\/li>\n<li><a href=\"https:\/\/www.miamibeachfl.gov\/wp-content\/uploads\/2023\/05\/MOU-Signed-41st-Street-BID.pdf\">Protocole d&#039;accord entre Miami Beach et Middle Beach Partnership, Inc.<\/a><\/li>\n<li><a href=\"https:\/\/www.miamibeachfl.gov\/wp-content\/uploads\/2023\/05\/41st-Street-BID-Procedures.pdf\">Proc\u00e9dures \u00e9lectorales sp\u00e9ciales par correspondance dans le district d&#039;am\u00e9lioration des affaires de la 41e rue<\/a><\/li>\n<li><a href=\"https:\/\/www.miamibeachfl.gov\/wp-content\/uploads\/2023\/05\/B-Methodology-and-Budget-Narrative.pdf\">M\u00e9thodologie et r\u00e9cit budg\u00e9taire<\/a><\/li>\n<li><a href=\"https:\/\/www.miamibeachfl.gov\/wp-content\/uploads\/2023\/05\/C-Budget-Year-1.pdf\">Budget propos\u00e9 pour la premi\u00e8re ann\u00e9e<\/a><\/li>\n<li><a href=\"https:\/\/www.miamibeachfl.gov\/wp-content\/uploads\/2023\/05\/Exhibit-D-Assessment-Plat.pdf\">Carte du district propos\u00e9e<\/a><\/li>\n<li><a href=\"https:\/\/www.miamibeachfl.gov\/wp-content\/uploads\/2023\/05\/Resolution-2023-32566.pdf\">R\u00e9solution n\u00b0 2023-32566\u00a0: Convocation d&#039;une \u00e9lection par vote postal sp\u00e9cial, district d&#039;am\u00e9lioration des affaires de la 41e rue<\/a><\/li>\n<li><a href=\"https:\/\/www.miamibeachfl.gov\/wp-content\/uploads\/2023\/05\/Resolution-2023-32565-1.pdf\">R\u00e9solution n\u00b0 2023-32565 : Signature d&#039;un protocole d&#039;accord et approbation des \u00e9lections au sein du district d&#039;am\u00e9lioration commerciale de la 41e rue<\/a><\/li>\n<li><a href=\"https:\/\/www.miamibeachfl.gov\/wp-content\/uploads\/2023\/04\/Resolution-2023-32544.pdf\">R\u00e9solution n\u00b0 2023-32544 : Cr\u00e9er un quartier d&#039;affaires sur la 41e rue<\/a><\/li>\n<li><a href=\"https:\/\/www.miamibeachfl.gov\/wp-content\/uploads\/2023\/05\/Resolution-2022-32348-10-26-22-Authorize-work-41-ST-BID.pdf\">R\u00e9solution n\u00b0 2022-32348\u00a0: Autoriser les travaux et \u00e9tablir un district d&#039;\u00e9valuation sp\u00e9cial pour la 41e rue<\/a><\/li>\n<\/ul>\n\t\tAcc\u00e9der \u00e0\u2026\t\t\t\n\t\t\t\t\t<ul id=\"menu-city-clerk-main-menu\"><li id=\"menu-item-363744\"><a href=\"\/fr\/city-hall\/city-clerk\/boards-and-committees\/\">Conseils et comit\u00e9s<\/a><\/li>\n<li id=\"menu-item-363745\"><a href=\"\/fr\/city-hall\/city-clerk\/meetings-and-agendas\/\">R\u00e9unions et ordres du jour de la ville de Miami Beach<\/a><\/li>\n<li id=\"menu-item-363746\"><a href=\"\/fr\/city-hall\/city-clerk\/discrimination-in-employment\/\">Discrimination dans l&#039;emploi<\/a><\/li>\n<li id=\"menu-item-363747\"><a href=\"\/fr\/city-hall\/city-clerk\/election-information\/\">Informations \u00e9lectorales<\/a><\/li>\n<li id=\"menu-item-363748\"><a href=\"\/fr\/city-hall\/city-clerk\/forms\/\">Formulaires<\/a><\/li>\n<li id=\"menu-item-363749\"><a href=\"\/fr\/city-hall\/city-clerk\/meeting-notices\/\">Annonces l\u00e9gales et avis publics<\/a><\/li>\n<li id=\"menu-item-363750\"><a href=\"\/fr\/city-hall\/city-clerk\/lobbyist-information\/\">Informations sur les lobbyistes<\/a><\/li>\n<li id=\"menu-item-363751\"><a href=\"\/fr\/city-hall\/city-clerk\/marriage-license\/\">Licence de mariage<\/a><\/li>\n<li id=\"menu-item-363752\"><a href=\"\/fr\/city-hall\/city-clerk\/public-records-request\/\">Registres publics \/ Laserfiche<\/a><\/li>\n<li id=\"menu-item-363753\"><a href=\"\/fr\/city-hall\/city-clerk\/public-records-portal\/\">Portail des archives publiques<\/a><\/li>\n<li id=\"menu-item-363754\"><a href=\"\/fr\/city-hall\/city-clerk\/residents-right-to-know\/\">Le droit des r\u00e9sidents \u00e0 savoir<\/a><\/li>\n<li id=\"menu-item-363755\"><a href=\"\/fr\/city-hall\/city-clerk\/special-magistrate\/\">magistrat sp\u00e9cial<\/a><\/li>\n<\/ul>\t\n\t<div class=\"page-navigation\"><a class=\"prev-page\" href=\"https:\/\/www.miamibeachfl.gov\/fr\/city-hall\/customer-service-center\/\">\u2190 Centre de service \u00e0 la client\u00e8le<\/a> <a class=\"next-page\" href=\"https:\/\/www.miamibeachfl.gov\/fr\/city-hall\/cip\/\">Projets d&#039;am\u00e9lioration des immobilisations \u2192<\/a><\/div>","protected":false},"excerpt":{"rendered":"<p>41st St Business Improvement District Home &gt; City Hall &gt; City Clerk &gt; 2023 &#8211; 41st St Business Improvement District [&hellip;]<\/p>\n","protected":false},"author":222,"featured_media":0,"parent":28337,"menu_order":88,"comment_status":"closed","ping_status":"closed","template":"","meta":{"_searchwp_excluded":"","site-sidebar-layout":"default","site-content-layout":"","ast-site-content-layout":"default","site-content-style":"default","site-sidebar-style":"default","ast-global-header-display":"","ast-banner-title-visibility":"","ast-main-header-display":"","ast-hfb-above-header-display":"","ast-hfb-below-header-display":"","ast-hfb-mobile-header-display":"","site-post-title":"","ast-breadcrumbs-content":"","ast-featured-img":"","footer-sml-layout":"","theme-transparent-header-meta":"","adv-header-id-meta":"","stick-header-meta":"","header-above-stick-meta":"","header-main-stick-meta":"","header-below-stick-meta":"","astra-migrate-meta-layouts":"default","ast-page-background-enabled":"default","ast-page-background-meta":{"desktop":{"background-color":"var(--ast-global-color-5)","background-image":"","background-repeat":"repeat","background-position":"center center","background-size":"auto","background-attachment":"scroll","background-type":"","background-media":"","overlay-type":"","overlay-color":"","overlay-opacity":"","overlay-gradient":""},"tablet":{"background-color":"","background-image":"","background-repeat":"repeat","background-position":"center center","background-size":"auto","background-attachment":"scroll","background-type":"","background-media":"","overlay-type":"","overlay-color":"","overlay-opacity":"","overlay-gradient":""},"mobile":{"background-color":"","background-image":"","background-repeat":"repeat","background-position":"center center","background-size":"auto","background-attachment":"scroll","background-type":"","background-media":"","overlay-type":"","overlay-color":"","overlay-opacity":"","overlay-gradient":""}},"ast-content-background-meta":{"desktop":{"background-color":"var(--ast-global-color-4)","background-image":"","background-repeat":"repeat","background-position":"center center","background-size":"auto","background-attachment":"scroll","background-type":"","background-media":"","overlay-type":"","overlay-color":"","overlay-opacity":"","overlay-gradient":""},"tablet":{"background-color":"var(--ast-global-color-4)","background-image":"","background-repeat":"repeat","background-position":"center center","background-size":"auto","background-attachment":"scroll","background-type":"","background-media":"","overlay-type":"","overlay-color":"","overlay-opacity":"","overlay-gradient":""},"mobile":{"background-color":"var(--ast-global-color-4)","background-image":"","background-repeat":"repeat","background-position":"center center","background-size":"auto","background-attachment":"scroll","background-type":"","background-media":"","overlay-type":"","overlay-color":"","overlay-opacity":"","overlay-gradient":""}},"footnotes":""},"categories":[],"tags":[],"class_list":["post-255740","page","type-page","status-publish","hentry"],"yoast_head":"<!-- This site is optimized with the Yoast SEO Premium plugin v26.6 (Yoast SEO v26.6) - https:\/\/yoast.com\/wordpress\/plugins\/seo\/ -->\n<title>2023 - 41st St Business Improvement District - City of Miami Beach<\/title>\n<meta name=\"description\" content=\"The City of Miami Beach election information including voter registration, election demographics, candidate information, etc.\" \/>\n<meta name=\"robots\" content=\"index, follow, max-snippet:-1, max-image-preview:large, max-video-preview:-1\" \/>\n<link rel=\"canonical\" href=\"https:\/\/www.miamibeachfl.gov\/fr\/city-hall\/city-clerk\/2023-41st-st-business-improvement-district\/\" \/>\n<meta property=\"og:locale\" content=\"fr_FR\" \/>\n<meta property=\"og:type\" content=\"article\" \/>\n<meta property=\"og:title\" content=\"2023 - 41st St Business Improvement District\" \/>\n<meta property=\"og:description\" content=\"The City of Miami Beach election information including voter registration, election demographics, candidate information, etc.\" \/>\n<meta property=\"og:url\" content=\"https:\/\/www.miamibeachfl.gov\/fr\/city-hall\/city-clerk\/2023-41st-st-business-improvement-district\/\" \/>\n<meta property=\"og:site_name\" content=\"City of Miami Beach\" \/>\n<meta property=\"article:publisher\" content=\"https:\/\/www.facebook.com\/cityofmiamibeach\" \/>\n<meta property=\"article:modified_time\" content=\"2025-05-25T21:00:38+00:00\" \/>\n<meta property=\"og:image\" content=\"https:\/\/www.miamibeachfl.gov\/wp-content\/uploads\/2022\/07\/hero-small.jpg\" \/>\n<meta name=\"twitter:card\" content=\"summary_large_image\" \/>\n<meta name=\"twitter:site\" content=\"@Miamibeachnews\" \/>\n<script type=\"application\/ld+json\" class=\"yoast-schema-graph\">{\"@context\":\"https:\/\/schema.org\",\"@graph\":[{\"@type\":\"WebPage\",\"@id\":\"https:\/\/www.miamibeachfl.gov\/city-hall\/city-clerk\/2023-41st-st-business-improvement-district\/\",\"url\":\"https:\/\/www.miamibeachfl.gov\/city-hall\/city-clerk\/2023-41st-st-business-improvement-district\/\",\"name\":\"2023 - 41st St Business Improvement District - City of Miami Beach\",\"isPartOf\":{\"@id\":\"https:\/\/www.miamibeachfl.gov\/#website\"},\"primaryImageOfPage\":{\"@id\":\"https:\/\/www.miamibeachfl.gov\/city-hall\/city-clerk\/2023-41st-st-business-improvement-district\/#primaryimage\"},\"image\":{\"@id\":\"https:\/\/www.miamibeachfl.gov\/city-hall\/city-clerk\/2023-41st-st-business-improvement-district\/#primaryimage\"},\"thumbnailUrl\":\"https:\/\/www.miamibeachfl.gov\/wp-content\/uploads\/2022\/07\/hero-small.jpg\",\"datePublished\":\"2023-04-05T14:01:51+00:00\",\"dateModified\":\"2025-05-25T21:00:38+00:00\",\"description\":\"The City of Miami Beach election information including voter registration, election demographics, candidate information, etc.\",\"breadcrumb\":{\"@id\":\"https:\/\/www.miamibeachfl.gov\/city-hall\/city-clerk\/2023-41st-st-business-improvement-district\/#breadcrumb\"},\"inLanguage\":\"fr-FR\",\"potentialAction\":[{\"@type\":\"ReadAction\",\"target\":[\"https:\/\/www.miamibeachfl.gov\/city-hall\/city-clerk\/2023-41st-st-business-improvement-district\/\"]}]},{\"@type\":\"ImageObject\",\"inLanguage\":\"fr-FR\",\"@id\":\"https:\/\/www.miamibeachfl.gov\/city-hall\/city-clerk\/2023-41st-st-business-improvement-district\/#primaryimage\",\"url\":\"https:\/\/www.miamibeachfl.gov\/wp-content\/uploads\/2022\/07\/hero-small.jpg\",\"contentUrl\":\"https:\/\/www.miamibeachfl.gov\/wp-content\/uploads\/2022\/07\/hero-small.jpg\"},{\"@type\":\"BreadcrumbList\",\"@id\":\"https:\/\/www.miamibeachfl.gov\/city-hall\/city-clerk\/2023-41st-st-business-improvement-district\/#breadcrumb\",\"itemListElement\":[{\"@type\":\"ListItem\",\"position\":1,\"name\":\"Home\",\"item\":\"https:\/\/www.miamibeachfl.gov\/\"},{\"@type\":\"ListItem\",\"position\":2,\"name\":\"City Hall\",\"item\":\"https:\/\/www.miamibeachfl.gov\/city-hall\/\"},{\"@type\":\"ListItem\",\"position\":3,\"name\":\"City Clerk\",\"item\":\"https:\/\/www.miamibeachfl.gov\/city-hall\/city-clerk\/\"},{\"@type\":\"ListItem\",\"position\":4,\"name\":\"2023 &#8211; 41st St Business Improvement District\"}]},{\"@type\":\"WebSite\",\"@id\":\"https:\/\/www.miamibeachfl.gov\/#website\",\"url\":\"https:\/\/www.miamibeachfl.gov\/\",\"name\":\"City of Miami Beach\",\"description\":\"The official website of the City of Miami Beach. Stay informed, find important information on city services, news, alerts, events, trolley routes, government employment and more.\",\"publisher\":{\"@id\":\"https:\/\/www.miamibeachfl.gov\/#organization\"},\"potentialAction\":[{\"@type\":\"SearchAction\",\"target\":{\"@type\":\"EntryPoint\",\"urlTemplate\":\"https:\/\/www.miamibeachfl.gov\/?s={search_term_string}\"},\"query-input\":{\"@type\":\"PropertyValueSpecification\",\"valueRequired\":true,\"valueName\":\"search_term_string\"}}],\"inLanguage\":\"fr-FR\"},{\"@type\":\"Organization\",\"@id\":\"https:\/\/www.miamibeachfl.gov\/#organization\",\"name\":\"City of Miami Beach\",\"url\":\"https:\/\/www.miamibeachfl.gov\/\",\"logo\":{\"@type\":\"ImageObject\",\"inLanguage\":\"fr-FR\",\"@id\":\"https:\/\/www.miamibeachfl.gov\/#\/schema\/logo\/image\/\",\"url\":\"https:\/\/www.miamibeachfl.gov\/wp-content\/uploads\/2022\/06\/miamibeach-logoblue.png\",\"contentUrl\":\"https:\/\/www.miamibeachfl.gov\/wp-content\/uploads\/2022\/06\/miamibeach-logoblue.png\",\"width\":1962,\"height\":381,\"caption\":\"City of Miami Beach\"},\"image\":{\"@id\":\"https:\/\/www.miamibeachfl.gov\/#\/schema\/logo\/image\/\"},\"sameAs\":[\"https:\/\/www.facebook.com\/cityofmiamibeach\",\"https:\/\/x.com\/Miamibeachnews\",\"https:\/\/www.instagram.com\/miamibeachnews\/\"],\"description\":\"The official website of the City of Miami Beach. Stay informed, find important information on city services, news, alerts, events, trolley routes, government employment and more.\",\"telephone\":\"305.604.CITY(2489)\",\"legalName\":\"City of Miami Beach\"}]}<\/script>\n<!-- \/ Yoast SEO Premium plugin. -->","yoast_head_json":{"title":"2023 - Quartier d&#039;affaires de la 41e rue - Ville de Miami Beach","description":"Informations \u00e9lectorales de la ville de Miami Beach, y compris l&#039;inscription des \u00e9lecteurs, les donn\u00e9es d\u00e9mographiques des \u00e9lections, les informations sur les candidats, etc.","robots":{"index":"index","follow":"follow","max-snippet":"max-snippet:-1","max-image-preview":"max-image-preview:large","max-video-preview":"max-video-preview:-1"},"canonical":"https:\/\/www.miamibeachfl.gov\/fr\/city-hall\/city-clerk\/2023-41st-st-business-improvement-district\/","og_locale":"fr_FR","og_type":"article","og_title":"2023 - 41st St Business Improvement District","og_description":"The City of Miami Beach election information including voter registration, election demographics, candidate information, etc.","og_url":"https:\/\/www.miamibeachfl.gov\/fr\/city-hall\/city-clerk\/2023-41st-st-business-improvement-district\/","og_site_name":"City of Miami Beach","article_publisher":"https:\/\/www.facebook.com\/cityofmiamibeach","article_modified_time":"2025-05-25T21:00:38+00:00","og_image":[{"url":"https:\/\/www.miamibeachfl.gov\/wp-content\/uploads\/2022\/07\/hero-small.jpg","type":"","width":"","height":""}],"twitter_card":"summary_large_image","twitter_site":"@Miamibeachnews","schema":{"@context":"https:\/\/schema.org","@graph":[{"@type":"WebPage","@id":"https:\/\/www.miamibeachfl.gov\/city-hall\/city-clerk\/2023-41st-st-business-improvement-district\/","url":"https:\/\/www.miamibeachfl.gov\/city-hall\/city-clerk\/2023-41st-st-business-improvement-district\/","name":"2023 - Quartier d&#039;affaires de la 41e rue - Ville de Miami Beach","isPartOf":{"@id":"https:\/\/www.miamibeachfl.gov\/#website"},"primaryImageOfPage":{"@id":"https:\/\/www.miamibeachfl.gov\/city-hall\/city-clerk\/2023-41st-st-business-improvement-district\/#primaryimage"},"image":{"@id":"https:\/\/www.miamibeachfl.gov\/city-hall\/city-clerk\/2023-41st-st-business-improvement-district\/#primaryimage"},"thumbnailUrl":"https:\/\/www.miamibeachfl.gov\/wp-content\/uploads\/2022\/07\/hero-small.jpg","datePublished":"2023-04-05T14:01:51+00:00","dateModified":"2025-05-25T21:00:38+00:00","description":"Informations \u00e9lectorales de la ville de Miami Beach, y compris l&#039;inscription des \u00e9lecteurs, les donn\u00e9es d\u00e9mographiques des \u00e9lections, les informations sur les candidats, etc.","breadcrumb":{"@id":"https:\/\/www.miamibeachfl.gov\/city-hall\/city-clerk\/2023-41st-st-business-improvement-district\/#breadcrumb"},"inLanguage":"fr-FR","potentialAction":[{"@type":"ReadAction","target":["https:\/\/www.miamibeachfl.gov\/city-hall\/city-clerk\/2023-41st-st-business-improvement-district\/"]}]},{"@type":"ImageObject","inLanguage":"fr-FR","@id":"https:\/\/www.miamibeachfl.gov\/city-hall\/city-clerk\/2023-41st-st-business-improvement-district\/#primaryimage","url":"https:\/\/www.miamibeachfl.gov\/wp-content\/uploads\/2022\/07\/hero-small.jpg","contentUrl":"https:\/\/www.miamibeachfl.gov\/wp-content\/uploads\/2022\/07\/hero-small.jpg"},{"@type":"BreadcrumbList","@id":"https:\/\/www.miamibeachfl.gov\/city-hall\/city-clerk\/2023-41st-st-business-improvement-district\/#breadcrumb","itemListElement":[{"@type":"ListItem","position":1,"name":"Home","item":"https:\/\/www.miamibeachfl.gov\/"},{"@type":"ListItem","position":2,"name":"City Hall","item":"https:\/\/www.miamibeachfl.gov\/city-hall\/"},{"@type":"ListItem","position":3,"name":"City Clerk","item":"https:\/\/www.miamibeachfl.gov\/city-hall\/city-clerk\/"},{"@type":"ListItem","position":4,"name":"2023 &#8211; 41st St Business Improvement District"}]},{"@type":"WebSite","@id":"https:\/\/www.miamibeachfl.gov\/#website","url":"https:\/\/www.miamibeachfl.gov\/","name":"Ville de Miami Beach","description":"Site officiel de la ville de Miami Beach. Restez inform\u00e9 et trouvez des informations importantes sur les services municipaux, les actualit\u00e9s, les alertes, les \u00e9v\u00e9nements, les itin\u00e9raires de tramway, les emplois gouvernementaux et bien plus encore.","publisher":{"@id":"https:\/\/www.miamibeachfl.gov\/#organization"},"potentialAction":[{"@type":"SearchAction","target":{"@type":"EntryPoint","urlTemplate":"https:\/\/www.miamibeachfl.gov\/?s={search_term_string}"},"query-input":{"@type":"PropertyValueSpecification","valueRequired":true,"valueName":"search_term_string"}}],"inLanguage":"fr-FR"},{"@type":"Organization","@id":"https:\/\/www.miamibeachfl.gov\/#organization","name":"Ville de Miami Beach","url":"https:\/\/www.miamibeachfl.gov\/","logo":{"@type":"ImageObject","inLanguage":"fr-FR","@id":"https:\/\/www.miamibeachfl.gov\/#\/schema\/logo\/image\/","url":"https:\/\/www.miamibeachfl.gov\/wp-content\/uploads\/2022\/06\/miamibeach-logoblue.png","contentUrl":"https:\/\/www.miamibeachfl.gov\/wp-content\/uploads\/2022\/06\/miamibeach-logoblue.png","width":1962,"height":381,"caption":"City of Miami Beach"},"image":{"@id":"https:\/\/www.miamibeachfl.gov\/#\/schema\/logo\/image\/"},"sameAs":["https:\/\/www.facebook.com\/cityofmiamibeach","https:\/\/x.com\/Miamibeachnews","https:\/\/www.instagram.com\/miamibeachnews\/"],"description":"Site officiel de la ville de Miami Beach. Restez inform\u00e9 et trouvez des informations importantes sur les services municipaux, les actualit\u00e9s, les alertes, les \u00e9v\u00e9nements, les itin\u00e9raires de tramway, les emplois gouvernementaux et bien plus encore.","telephone":"305.604.CITY(2489)","legalName":"City of Miami Beach"}]}},"_links":{"self":[{"href":"https:\/\/www.miamibeachfl.gov\/fr\/wp-json\/wp\/v2\/pages\/255740","targetHints":{"allow":["GET"]}}],"collection":[{"href":"https:\/\/www.miamibeachfl.gov\/fr\/wp-json\/wp\/v2\/pages"}],"about":[{"href":"https:\/\/www.miamibeachfl.gov\/fr\/wp-json\/wp\/v2\/types\/page"}],"author":[{"embeddable":true,"href":"https:\/\/www.miamibeachfl.gov\/fr\/wp-json\/wp\/v2\/users\/222"}],"replies":[{"embeddable":true,"href":"https:\/\/www.miamibeachfl.gov\/fr\/wp-json\/wp\/v2\/comments?post=255740"}],"version-history":[{"count":0,"href":"https:\/\/www.miamibeachfl.gov\/fr\/wp-json\/wp\/v2\/pages\/255740\/revisions"}],"up":[{"embeddable":true,"href":"https:\/\/www.miamibeachfl.gov\/fr\/wp-json\/wp\/v2\/pages\/28337"}],"wp:attachment":[{"href":"https:\/\/www.miamibeachfl.gov\/fr\/wp-json\/wp\/v2\/media?parent=255740"}],"wp:term":[{"taxonomy":"category","embeddable":true,"href":"https:\/\/www.miamibeachfl.gov\/fr\/wp-json\/wp\/v2\/categories?post=255740"},{"taxonomy":"post_tag","embeddable":true,"href":"https:\/\/www.miamibeachfl.gov\/fr\/wp-json\/wp\/v2\/tags?post=255740"}],"curies":[{"name":"wp","href":"https:\/\/api.w.org\/{rel}","templated":true}]}}