{"id":256212,"date":"2023-04-11T16:34:34","date_gmt":"2023-04-11T20:34:34","guid":{"rendered":"https:\/\/www.miamibeachfl.gov\/?page_id=256212"},"modified":"2026-03-30T14:06:46","modified_gmt":"2026-03-30T18:06:46","slug":"quarterly-projections","status":"publish","type":"page","link":"https:\/\/www.miamibeachfl.gov\/fr\/city-hall\/office-of-budget-peformance\/quarterly-projections\/","title":{"rendered":"Projections trimestrielles"},"content":{"rendered":"<h1>\n\t\t\tProjections trimestrielles\t<\/h1>\n\t<nav id=\"breadcrumbs\" aria-label=\"Fil d&#039;Ariane\"><a href=\"https:\/\/www.miamibeachfl.gov\/fr\/\">Maison<\/a> &gt; <a href=\"https:\/\/www.miamibeachfl.gov\/fr\/city-hall\/\">l&#039;h\u00f4tel de ville<\/a> &gt; <a href=\"https:\/\/www.miamibeachfl.gov\/fr\/city-hall\/office-of-budget-peformance\/\">Gestion et budget<\/a> &gt; <strong>Projections trimestrielles<\/strong><\/nav>\n\t<p>La charte de la ville exige que la ville rende public un rapport trimestriel indiquant les d\u00e9penses r\u00e9elles au cours du trimestre qui vient de se terminer par rapport \u00e0 un quart des d\u00e9penses annuelles propos\u00e9es dans le budget.<\/p>\n\t\t\t\t\t<a href=\"#\"  id=\"fl-accordion--label-0\" tabindex=\"0\" aria-controls=\"fl-accordion--panel-0\">Projections trimestrielles pour l&#039;exercice 2026<\/a>\n\t\t\t\t\t\t\t\t\t\t\t<a href=\"#\" id=\"fl-accordion--icon-0\"  tabindex=\"0\"><i title=\"D\u00e9velopper\">D\u00e9velopper<\/i><\/a>\n\t\t\t\t\t<p><a href=\"https:\/\/www.miamibeachfl.gov\/wp-content\/uploads\/2026\/03\/LTC-097-2026-Fiscal-Year-2026-First-Quarter-Analysis.pdf\">Q1<\/a><\/p>\n\t\t\t\t\t<a href=\"#\"  id=\"fl-accordion--label-1\" tabindex=\"0\" aria-controls=\"fl-accordion--panel-1\">Projections trimestrielles pour l&#039;exercice 2025<\/a>\n\t\t\t\t\t\t\t\t\t\t\t<a href=\"#\" id=\"fl-accordion--icon-1\"  tabindex=\"0\"><i title=\"D\u00e9velopper\">D\u00e9velopper<\/i><\/a>\n\t\t\t\t\t<p><a href=\"https:\/\/www.miamibeachfl.gov\/wp-content\/uploads\/2025\/03\/LTC128-2025-Fiscal-Year-2025-First-Quarter-Analysis.pdf\">Q1<\/a><\/p>\n<p><a href=\"https:\/\/www.miamibeachfl.gov\/wp-content\/uploads\/2025\/06\/LTC-227-2025-Fiscal-Year-2025-Second-Quarter-Analysis.pdf\">Q2<\/a><\/p>\n<p><a href=\"https:\/\/www.miamibeachfl.gov\/wp-content\/uploads\/2025\/09\/LTC-350-2025-Fiscal-Year-2025-Third-Quarter-Analysis.pdf\" target=\"_blank\" rel=\"noopener\">Q3<\/a><\/p>\n<p>Q4\u00a0&#8211; Not applicable. The year-end projections are presented to the City Commission in November via the final operating budget amendment for the fiscal year<\/p>\n\t\t\t\t\t<a href=\"#\"  id=\"fl-accordion--label-2\" tabindex=\"0\" aria-controls=\"fl-accordion--panel-2\">Projections trimestrielles pour l&#039;exercice 2024<\/a>\n\t\t\t\t\t\t\t\t\t\t\t<a href=\"#\" id=\"fl-accordion--icon-2\"  tabindex=\"0\"><i title=\"D\u00e9velopper\">D\u00e9velopper<\/i><\/a>\n\t\t\t\t\t<p><a href=\"https:\/\/www.miamibeachfl.gov\/wp-content\/uploads\/2024\/03\/LTC-094-2024-Fiscal-Year-2024-First-Quarter-Analysis.pdf\">Q1<\/a><\/p>\n<p><a href=\"https:\/\/www.miamibeachfl.gov\/wp-content\/uploads\/2024\/05\/LTC-189-2024-Fiscal-Year-2024-Second-Quarter-Analysis.pdf\">Q2<\/a><\/p>\n<p><a href=\"https:\/\/www.miamibeachfl.gov\/wp-content\/uploads\/2024\/09\/LTC-378-2024-Fiscal-Year-2024-Third-Quarter-Analysis.pdf\">Q3<\/a><\/p>\n<p>T4 \u2013 Sans objet. Les projections de fin d&#039;ann\u00e9e sont pr\u00e9sent\u00e9es \u00e0 la Commission municipale en novembre, via l&#039;amendement final au budget de fonctionnement de l&#039;exercice.<\/p>\n\t\t\t\t\t<a href=\"#\"  id=\"fl-accordion--label-3\" tabindex=\"0\" aria-controls=\"fl-accordion--panel-3\">Projections trimestrielles pour l&#039;exercice 2023<\/a>\n\t\t\t\t\t\t\t\t\t\t\t<a href=\"#\" id=\"fl-accordion--icon-3\"  tabindex=\"0\"><i title=\"D\u00e9velopper\">D\u00e9velopper<\/i><\/a>\n\t\t\t\t\t<p><a href=\"https:\/\/www.miamibeachfl.gov\/wp-content\/uploads\/2023\/04\/LTC-061-2023-Fiscal-Year-2023-First-Quarter-Analysis.pdf\">Q1<\/a><\/p>\n<p><a href=\"https:\/\/www.miamibeachfl.gov\/wp-content\/uploads\/2023\/05\/LTC-243-2023-Fiscal-Year-2023-Second-Quarter-Analysis.pdf\">Q2<\/a><\/p>\n<p><a href=\"https:\/\/www.miamibeachfl.gov\/wp-content\/uploads\/2023\/08\/LTC-360-2023-Fiscal-Year-2023-Third-Quarter-Analysis.pdf\">Q3<\/a><\/p>\n<p>T4 \u2013 Sans objet. Les projections de fin d&#039;ann\u00e9e sont pr\u00e9sent\u00e9es \u00e0 la Commission municipale en novembre, via l&#039;amendement final au budget de fonctionnement de l&#039;exercice.<\/p>\n\t\t\t\t\t<a href=\"#\"  id=\"fl-accordion--label-4\" tabindex=\"0\" aria-controls=\"fl-accordion--panel-4\">Projections trimestrielles pour l&#039;exercice 2022<\/a>\n\t\t\t\t\t\t\t\t\t\t\t<a href=\"#\" id=\"fl-accordion--icon-4\"  tabindex=\"0\"><i title=\"D\u00e9velopper\">D\u00e9velopper<\/i><\/a>\n\t\t\t\t\t<p><a href=\"https:\/\/www.miamibeachfl.gov\/wp-content\/uploads\/2023\/04\/LTC-075-2022-Fiscal-Year-2022-First-Quarter-Analysis.pdf\">Q1<\/a><\/p>\n<p><a href=\"https:\/\/www.miamibeachfl.gov\/wp-content\/uploads\/2023\/04\/LTC-210-2022-Fiscal-Year-2022-Second-Quarter-Analysis.pdf\">Q2<\/a><\/p>\n<p><a href=\"https:\/\/www.miamibeachfl.gov\/wp-content\/uploads\/2023\/04\/LTC-396-2022-Fiscal-Year-2022-Third-Quarter-Analysis.pdf\">Q3<\/a><\/p>\n<p>T4 \u2013 Sans objet. Les projections de fin d&#039;ann\u00e9e sont pr\u00e9sent\u00e9es \u00e0 la Commission municipale en novembre, via l&#039;amendement final au budget de fonctionnement de l&#039;exercice.<\/p>\n\t\t\t\t\t<a href=\"#\"  id=\"fl-accordion--label-5\" tabindex=\"0\" aria-controls=\"fl-accordion--panel-5\">Projections trimestrielles pour l&#039;exercice 2021<\/a>\n\t\t\t\t\t\t\t\t\t\t\t<a href=\"#\" id=\"fl-accordion--icon-5\"  tabindex=\"0\"><i title=\"D\u00e9velopper\">D\u00e9velopper<\/i><\/a>\n\t\t\t\t\t<p><a href=\"https:\/\/www.miamibeachfl.gov\/wp-content\/uploads\/2023\/04\/LTC-057-2021-Q1-FY-2021-Projections.pdf\">Q1<\/a><\/p>\n<p><a href=\"https:\/\/www.miamibeachfl.gov\/wp-content\/uploads\/2023\/04\/LTC-268-2021-Fiscal-Year-2021-Second-Quarter-Analysis.pdf\">Q2<\/a><\/p>\n<p><a href=\"https:\/\/www.miamibeachfl.gov\/wp-content\/uploads\/2023\/04\/LTC-362-2021-Fiscal-Year-2021-Third-Quarter-Analysis.pdf\">Q3<\/a><\/p>\n<p>T4 \u2013 Sans objet. Les projections de fin d&#039;ann\u00e9e sont pr\u00e9sent\u00e9es \u00e0 la Commission municipale en novembre, via l&#039;amendement final au budget de fonctionnement de l&#039;exercice.<\/p>\n\t\t\t\t\t<a href=\"#\"  id=\"fl-accordion--label-6\" tabindex=\"0\" aria-controls=\"fl-accordion--panel-6\">Projections trimestrielles pour l&#039;exercice 2020<\/a>\n\t\t\t\t\t\t\t\t\t\t\t<a href=\"#\" id=\"fl-accordion--icon-6\"  tabindex=\"0\"><i title=\"D\u00e9velopper\">D\u00e9velopper<\/i><\/a>\n\t\t\t\t\t<p><a href=\"https:\/\/www.miamibeachfl.gov\/wp-content\/uploads\/2023\/04\/LTC-095-2020-Fiscal-Year-2020-First-Quarter-Analysis.pdf\">Q1<\/a><\/p>\n<p><a href=\"https:\/\/www.miamibeachfl.gov\/wp-content\/uploads\/2023\/04\/LTC-178-2020-Fiscal-Year-2020-Second-Quarter-Analysis.pdf\">Q2<\/a><\/p>\n<p><a href=\"https:\/\/www.miamibeachfl.gov\/wp-content\/uploads\/2023\/04\/LTC-288-2020-Fiscal-Year-2020-Third-Quarter-Analysis.pdf\">Q3<\/a><\/p>\n<p>T4 \u2013 Sans objet. Les projections de fin d&#039;ann\u00e9e sont pr\u00e9sent\u00e9es \u00e0 la Commission municipale en novembre, via l&#039;amendement final au budget de fonctionnement de l&#039;exercice.<\/p>\n\t\t\t\t\t<a href=\"#\"  id=\"fl-accordion--label-7\" tabindex=\"0\" aria-controls=\"fl-accordion--panel-7\">Projections trimestrielles pour l&#039;exercice 2019<\/a>\n\t\t\t\t\t\t\t\t\t\t\t<a href=\"#\" id=\"fl-accordion--icon-7\"  tabindex=\"0\"><i title=\"D\u00e9velopper\">D\u00e9velopper<\/i><\/a>\n\t\t\t\t\t<p><a href=\"https:\/\/www.miamibeachfl.gov\/wp-content\/uploads\/2023\/04\/LTC-100-2019-FY-2018_19-First-Quarter-Analysis.pdf\">Q1<\/a><\/p>\n<p><a href=\"https:\/\/www.miamibeachfl.gov\/wp-content\/uploads\/2023\/04\/LTC-367-2019-FY-2018-19-Second-Quarter-Analysis.pdf\">Q2<\/a><\/p>\n<p><a href=\"https:\/\/www.miamibeachfl.gov\/wp-content\/uploads\/2023\/04\/LTC-457-2019-FY-2019-Third-Quarter-Analysis.pdf\">Q3<\/a><\/p>\n<p>T4 \u2013 Sans objet. Les projections de fin d&#039;ann\u00e9e sont pr\u00e9sent\u00e9es \u00e0 la Commission municipale en novembre, via l&#039;amendement final au budget de fonctionnement de l&#039;exercice.<\/p>","protected":false},"excerpt":{"rendered":"<p>Quarterly Projections Home &gt; City Hall &gt; Management &amp; Budget &gt; Quarterly Projections The City&#8217;s Charter requires that the City [&hellip;]<\/p>\n","protected":false},"author":222,"featured_media":0,"parent":28280,"menu_order":0,"comment_status":"closed","ping_status":"closed","template":"","meta":{"_searchwp_excluded":"","site-sidebar-layout":"default","site-content-layout":"","ast-site-content-layout":"default","site-content-style":"default","site-sidebar-style":"default","ast-global-header-display":"","ast-banner-title-visibility":"","ast-main-header-display":"","ast-hfb-above-header-display":"","ast-hfb-below-header-display":"","ast-hfb-mobile-header-display":"","site-post-title":"","ast-breadcrumbs-content":"","ast-featured-img":"","footer-sml-layout":"","theme-transparent-header-meta":"","adv-header-id-meta":"","stick-header-meta":"","header-above-stick-meta":"","header-main-stick-meta":"","header-below-stick-meta":"","astra-migrate-meta-layouts":"default","ast-page-background-enabled":"default","ast-page-background-meta":{"desktop":{"background-color":"var(--ast-global-color-5)","background-image":"","background-repeat":"repeat","background-position":"center center","background-size":"auto","background-attachment":"scroll","background-type":"","background-media":"","overlay-type":"","overlay-color":"","overlay-opacity":"","overlay-gradient":""},"tablet":{"background-color":"","background-image":"","background-repeat":"repeat","background-position":"center center","background-size":"auto","background-attachment":"scroll","background-type":"","background-media":"","overlay-type":"","overlay-color":"","overlay-opacity":"","overlay-gradient":""},"mobile":{"background-color":"","background-image":"","background-repeat":"repeat","background-position":"center center","background-size":"auto","background-attachment":"scroll","background-type":"","background-media":"","overlay-type":"","overlay-color":"","overlay-opacity":"","overlay-gradient":""}},"ast-content-background-meta":{"desktop":{"background-color":"var(--ast-global-color-4)","background-image":"","background-repeat":"repeat","background-position":"center center","background-size":"auto","background-attachment":"scroll","background-type":"","background-media":"","overlay-type":"","overlay-color":"","overlay-opacity":"","overlay-gradient":""},"tablet":{"background-color":"var(--ast-global-color-4)","background-image":"","background-repeat":"repeat","background-position":"center center","background-size":"auto","background-attachment":"scroll","background-type":"","background-media":"","overlay-type":"","overlay-color":"","overlay-opacity":"","overlay-gradient":""},"mobile":{"background-color":"var(--ast-global-color-4)","background-image":"","background-repeat":"repeat","background-position":"center center","background-size":"auto","background-attachment":"scroll","background-type":"","background-media":"","overlay-type":"","overlay-color":"","overlay-opacity":"","overlay-gradient":""}},"footnotes":""},"categories":[],"tags":[],"class_list":["post-256212","page","type-page","status-publish","hentry"],"yoast_head":"<!-- This site is optimized with the Yoast SEO Premium plugin v27.4 (Yoast SEO v27.4) - https:\/\/yoast.com\/product\/yoast-seo-premium-wordpress\/ -->\n<title>Quarterly Projections - City of Miami Beach<\/title>\n<meta name=\"description\" content=\"The Miami Beach annual Citywide Work Plan and budget serve as guides for how the City plans to address community priorities in each fiscal year.\" \/>\n<meta name=\"robots\" content=\"index, follow, max-snippet:-1, max-image-preview:large, max-video-preview:-1\" \/>\n<link rel=\"canonical\" href=\"https:\/\/www.miamibeachfl.gov\/fr\/city-hall\/office-of-budget-peformance\/quarterly-projections\/\" \/>\n<meta property=\"og:locale\" content=\"fr_FR\" \/>\n<meta property=\"og:type\" content=\"article\" \/>\n<meta property=\"og:title\" content=\"Quarterly Projections\" \/>\n<meta property=\"og:description\" content=\"The Miami Beach annual Citywide Work Plan and budget serve as guides for how the City plans to address community priorities in each fiscal year.\" \/>\n<meta property=\"og:url\" content=\"https:\/\/www.miamibeachfl.gov\/fr\/city-hall\/office-of-budget-peformance\/quarterly-projections\/\" \/>\n<meta property=\"og:site_name\" content=\"City of Miami Beach\" \/>\n<meta property=\"article:publisher\" content=\"https:\/\/www.facebook.com\/cityofmiamibeach\" \/>\n<meta property=\"article:modified_time\" content=\"2026-03-30T18:06:46+00:00\" \/>\n<meta property=\"og:image\" content=\"https:\/\/www.miamibeachfl.gov\/wp-content\/uploads\/2024\/01\/1000pxSquare-miamibeach-aerial-southpointview.jpeg\" \/>\n\t<meta property=\"og:image:width\" content=\"1000\" \/>\n\t<meta property=\"og:image:height\" content=\"1000\" \/>\n\t<meta property=\"og:image:type\" content=\"image\/jpeg\" \/>\n<meta name=\"twitter:card\" content=\"summary_large_image\" \/>\n<meta name=\"twitter:site\" content=\"@Miamibeachnews\" \/>\n<script type=\"application\/ld+json\" class=\"yoast-schema-graph\">{\"@context\":\"https:\\\/\\\/schema.org\",\"@graph\":[{\"@type\":\"WebPage\",\"@id\":\"https:\\\/\\\/www.miamibeachfl.gov\\\/city-hall\\\/office-of-budget-peformance\\\/quarterly-projections\\\/\",\"url\":\"https:\\\/\\\/www.miamibeachfl.gov\\\/city-hall\\\/office-of-budget-peformance\\\/quarterly-projections\\\/\",\"name\":\"Quarterly Projections - City of Miami Beach\",\"isPartOf\":{\"@id\":\"https:\\\/\\\/www.miamibeachfl.gov\\\/#website\"},\"datePublished\":\"2023-04-11T20:34:34+00:00\",\"dateModified\":\"2026-03-30T18:06:46+00:00\",\"description\":\"The Miami Beach annual Citywide Work Plan and budget serve as guides for how the City plans to address community priorities in each fiscal year.\",\"breadcrumb\":{\"@id\":\"https:\\\/\\\/www.miamibeachfl.gov\\\/city-hall\\\/office-of-budget-peformance\\\/quarterly-projections\\\/#breadcrumb\"},\"inLanguage\":\"fr-FR\",\"potentialAction\":[{\"@type\":\"ReadAction\",\"target\":[\"https:\\\/\\\/www.miamibeachfl.gov\\\/city-hall\\\/office-of-budget-peformance\\\/quarterly-projections\\\/\"]}]},{\"@type\":\"BreadcrumbList\",\"@id\":\"https:\\\/\\\/www.miamibeachfl.gov\\\/city-hall\\\/office-of-budget-peformance\\\/quarterly-projections\\\/#breadcrumb\",\"itemListElement\":[{\"@type\":\"ListItem\",\"position\":1,\"name\":\"Home\",\"item\":\"https:\\\/\\\/www.miamibeachfl.gov\\\/\"},{\"@type\":\"ListItem\",\"position\":2,\"name\":\"City Hall\",\"item\":\"https:\\\/\\\/www.miamibeachfl.gov\\\/city-hall\\\/\"},{\"@type\":\"ListItem\",\"position\":3,\"name\":\"Management &amp; Budget\",\"item\":\"https:\\\/\\\/www.miamibeachfl.gov\\\/city-hall\\\/office-of-budget-peformance\\\/\"},{\"@type\":\"ListItem\",\"position\":4,\"name\":\"Quarterly Projections\"}]},{\"@type\":\"WebSite\",\"@id\":\"https:\\\/\\\/www.miamibeachfl.gov\\\/#website\",\"url\":\"https:\\\/\\\/www.miamibeachfl.gov\\\/\",\"name\":\"City of Miami Beach\",\"description\":\"The official website of the City of Miami Beach. Stay informed, find important information on city services, news, alerts, events, trolley routes, government employment and more.\",\"publisher\":{\"@id\":\"https:\\\/\\\/www.miamibeachfl.gov\\\/#organization\"},\"potentialAction\":[{\"@type\":\"SearchAction\",\"target\":{\"@type\":\"EntryPoint\",\"urlTemplate\":\"https:\\\/\\\/www.miamibeachfl.gov\\\/?s={search_term_string}\"},\"query-input\":{\"@type\":\"PropertyValueSpecification\",\"valueRequired\":true,\"valueName\":\"search_term_string\"}}],\"inLanguage\":\"fr-FR\"},{\"@type\":\"Organization\",\"@id\":\"https:\\\/\\\/www.miamibeachfl.gov\\\/#organization\",\"name\":\"City of Miami Beach\",\"url\":\"https:\\\/\\\/www.miamibeachfl.gov\\\/\",\"logo\":{\"@type\":\"ImageObject\",\"inLanguage\":\"fr-FR\",\"@id\":\"https:\\\/\\\/www.miamibeachfl.gov\\\/#\\\/schema\\\/logo\\\/image\\\/\",\"url\":\"https:\\\/\\\/www.miamibeachfl.gov\\\/wp-content\\\/uploads\\\/2022\\\/06\\\/miamibeach-logoblue.png\",\"contentUrl\":\"https:\\\/\\\/www.miamibeachfl.gov\\\/wp-content\\\/uploads\\\/2022\\\/06\\\/miamibeach-logoblue.png\",\"width\":1962,\"height\":381,\"caption\":\"City of Miami Beach\"},\"image\":{\"@id\":\"https:\\\/\\\/www.miamibeachfl.gov\\\/#\\\/schema\\\/logo\\\/image\\\/\"},\"sameAs\":[\"https:\\\/\\\/www.facebook.com\\\/cityofmiamibeach\",\"https:\\\/\\\/x.com\\\/Miamibeachnews\",\"https:\\\/\\\/www.instagram.com\\\/miamibeachnews\\\/\"],\"description\":\"The official website of the City of Miami Beach. Stay informed, find important information on city services, news, alerts, events, trolley routes, government employment and more.\",\"telephone\":\"305.604.CITY(2489)\",\"legalName\":\"City of Miami Beach\"}]}<\/script>\n<!-- \/ Yoast SEO Premium plugin. -->","yoast_head_json":{"title":"Projections trimestrielles - Ville de Miami Beach","description":"Le plan de travail annuel et le budget de la ville de Miami Beach servent de guides sur la mani\u00e8re dont la ville pr\u00e9voit de r\u00e9pondre aux priorit\u00e9s de la communaut\u00e9 au cours de chaque exercice financier.","robots":{"index":"index","follow":"follow","max-snippet":"max-snippet:-1","max-image-preview":"max-image-preview:large","max-video-preview":"max-video-preview:-1"},"canonical":"https:\/\/www.miamibeachfl.gov\/fr\/city-hall\/office-of-budget-peformance\/quarterly-projections\/","og_locale":"fr_FR","og_type":"article","og_title":"Quarterly Projections","og_description":"The Miami Beach annual Citywide Work Plan and budget serve as guides for how the City plans to address community priorities in each fiscal year.","og_url":"https:\/\/www.miamibeachfl.gov\/fr\/city-hall\/office-of-budget-peformance\/quarterly-projections\/","og_site_name":"City of Miami Beach","article_publisher":"https:\/\/www.facebook.com\/cityofmiamibeach","article_modified_time":"2026-03-30T18:06:46+00:00","og_image":[{"width":1000,"height":1000,"url":"https:\/\/www.miamibeachfl.gov\/wp-content\/uploads\/2024\/01\/1000pxSquare-miamibeach-aerial-southpointview.jpeg","type":"image\/jpeg"}],"twitter_card":"summary_large_image","twitter_site":"@Miamibeachnews","schema":{"@context":"https:\/\/schema.org","@graph":[{"@type":"WebPage","@id":"https:\/\/www.miamibeachfl.gov\/city-hall\/office-of-budget-peformance\/quarterly-projections\/","url":"https:\/\/www.miamibeachfl.gov\/city-hall\/office-of-budget-peformance\/quarterly-projections\/","name":"Projections trimestrielles - Ville de Miami Beach","isPartOf":{"@id":"https:\/\/www.miamibeachfl.gov\/#website"},"datePublished":"2023-04-11T20:34:34+00:00","dateModified":"2026-03-30T18:06:46+00:00","description":"Le plan de travail annuel et le budget de la ville de Miami Beach servent de guides sur la mani\u00e8re dont la ville pr\u00e9voit de r\u00e9pondre aux priorit\u00e9s de la communaut\u00e9 au cours de chaque exercice financier.","breadcrumb":{"@id":"https:\/\/www.miamibeachfl.gov\/city-hall\/office-of-budget-peformance\/quarterly-projections\/#breadcrumb"},"inLanguage":"fr-FR","potentialAction":[{"@type":"ReadAction","target":["https:\/\/www.miamibeachfl.gov\/city-hall\/office-of-budget-peformance\/quarterly-projections\/"]}]},{"@type":"BreadcrumbList","@id":"https:\/\/www.miamibeachfl.gov\/city-hall\/office-of-budget-peformance\/quarterly-projections\/#breadcrumb","itemListElement":[{"@type":"ListItem","position":1,"name":"Home","item":"https:\/\/www.miamibeachfl.gov\/"},{"@type":"ListItem","position":2,"name":"City Hall","item":"https:\/\/www.miamibeachfl.gov\/city-hall\/"},{"@type":"ListItem","position":3,"name":"Management &amp; Budget","item":"https:\/\/www.miamibeachfl.gov\/city-hall\/office-of-budget-peformance\/"},{"@type":"ListItem","position":4,"name":"Quarterly Projections"}]},{"@type":"WebSite","@id":"https:\/\/www.miamibeachfl.gov\/#website","url":"https:\/\/www.miamibeachfl.gov\/","name":"Ville de Miami Beach","description":"Site officiel de la ville de Miami Beach. Restez inform\u00e9 et trouvez des informations importantes sur les services municipaux, les actualit\u00e9s, les alertes, les \u00e9v\u00e9nements, les itin\u00e9raires de tramway, les emplois gouvernementaux et bien plus encore.","publisher":{"@id":"https:\/\/www.miamibeachfl.gov\/#organization"},"potentialAction":[{"@type":"SearchAction","target":{"@type":"EntryPoint","urlTemplate":"https:\/\/www.miamibeachfl.gov\/?s={search_term_string}"},"query-input":{"@type":"PropertyValueSpecification","valueRequired":true,"valueName":"search_term_string"}}],"inLanguage":"fr-FR"},{"@type":"Organization","@id":"https:\/\/www.miamibeachfl.gov\/#organization","name":"Ville de Miami Beach","url":"https:\/\/www.miamibeachfl.gov\/","logo":{"@type":"ImageObject","inLanguage":"fr-FR","@id":"https:\/\/www.miamibeachfl.gov\/#\/schema\/logo\/image\/","url":"https:\/\/www.miamibeachfl.gov\/wp-content\/uploads\/2022\/06\/miamibeach-logoblue.png","contentUrl":"https:\/\/www.miamibeachfl.gov\/wp-content\/uploads\/2022\/06\/miamibeach-logoblue.png","width":1962,"height":381,"caption":"City of Miami Beach"},"image":{"@id":"https:\/\/www.miamibeachfl.gov\/#\/schema\/logo\/image\/"},"sameAs":["https:\/\/www.facebook.com\/cityofmiamibeach","https:\/\/x.com\/Miamibeachnews","https:\/\/www.instagram.com\/miamibeachnews\/"],"description":"Site officiel de la ville de Miami Beach. Restez inform\u00e9 et trouvez des informations importantes sur les services municipaux, les actualit\u00e9s, les alertes, les \u00e9v\u00e9nements, les itin\u00e9raires de tramway, les emplois gouvernementaux et bien plus encore.","telephone":"305.604.CITY(2489)","legalName":"City of Miami Beach"}]}},"_links":{"self":[{"href":"https:\/\/www.miamibeachfl.gov\/fr\/wp-json\/wp\/v2\/pages\/256212","targetHints":{"allow":["GET"]}}],"collection":[{"href":"https:\/\/www.miamibeachfl.gov\/fr\/wp-json\/wp\/v2\/pages"}],"about":[{"href":"https:\/\/www.miamibeachfl.gov\/fr\/wp-json\/wp\/v2\/types\/page"}],"author":[{"embeddable":true,"href":"https:\/\/www.miamibeachfl.gov\/fr\/wp-json\/wp\/v2\/users\/222"}],"replies":[{"embeddable":true,"href":"https:\/\/www.miamibeachfl.gov\/fr\/wp-json\/wp\/v2\/comments?post=256212"}],"version-history":[{"count":5,"href":"https:\/\/www.miamibeachfl.gov\/fr\/wp-json\/wp\/v2\/pages\/256212\/revisions"}],"predecessor-version":[{"id":398014,"href":"https:\/\/www.miamibeachfl.gov\/fr\/wp-json\/wp\/v2\/pages\/256212\/revisions\/398014"}],"up":[{"embeddable":true,"href":"https:\/\/www.miamibeachfl.gov\/fr\/wp-json\/wp\/v2\/pages\/28280"}],"wp:attachment":[{"href":"https:\/\/www.miamibeachfl.gov\/fr\/wp-json\/wp\/v2\/media?parent=256212"}],"wp:term":[{"taxonomy":"category","embeddable":true,"href":"https:\/\/www.miamibeachfl.gov\/fr\/wp-json\/wp\/v2\/categories?post=256212"},{"taxonomy":"post_tag","embeddable":true,"href":"https:\/\/www.miamibeachfl.gov\/fr\/wp-json\/wp\/v2\/tags?post=256212"}],"curies":[{"name":"wp","href":"https:\/\/api.w.org\/{rel}","templated":true}]}}