{"id":257821,"date":"2023-04-17T15:46:30","date_gmt":"2023-04-17T19:46:30","guid":{"rendered":"https:\/\/www.miamibeachfl.gov\/?page_id=257821"},"modified":"2025-05-28T11:21:16","modified_gmt":"2025-05-28T15:21:16","slug":"melissa-berthier","status":"publish","type":"page","link":"https:\/\/www.miamibeachfl.gov\/fr\/city-hall\/communications\/melissa-berthier\/","title":{"rendered":"M\u00e9lissa Berthier <br><span style=\"font-size:18px\">Directeur du marketing et des communications<\/span>"},"content":{"rendered":"<h1>\n\t\t\tM\u00e9lissa Berthier\t<\/h1>\n<h2>\n\t\t\tDirecteur\t<\/h2>\nMenu\t\t\t\n\t\t\t\t\t<ul id=\"menu-marketing-and-communications\"><li id=\"menu-item-257918\"><a href=\"\/fr\/city-hall\/communications\/\">Marketing et communication<\/a><\/li>\n<li id=\"menu-item-257919\"><a href=\"\/fr\/city-hall\/communications\/press-releases\/\">Communiqu\u00e9s de presse<\/a><\/li>\n<li id=\"menu-item-257920\"><a href=\"\/fr\/city-hall\/communications\/advertising-rates\/\">Tarifs publicitaires<\/a><\/li>\n<li id=\"menu-item-257921\"><a href=\"\/fr\/city-hall\/communications\/subscriptions\/\">Abonnements<\/a><\/li>\n<li id=\"menu-item-257922\"><a href=\"\/fr\/city-hall\/communications\/logos\/\">Demander un logo<\/a><\/li>\n<\/ul>\t\nMenu \u00d7\t\t\t\t\t\t<ul id=\"menu-marketing-and-communications-1\"><li id=\"menu-item-257918\"><a href=\"\/fr\/city-hall\/communications\/\">Marketing et communication<\/a><\/li>\n<li id=\"menu-item-257919\"><a href=\"\/fr\/city-hall\/communications\/press-releases\/\">Communiqu\u00e9s de presse<\/a><\/li>\n<li id=\"menu-item-257920\"><a href=\"\/fr\/city-hall\/communications\/advertising-rates\/\">Tarifs publicitaires<\/a><\/li>\n<li id=\"menu-item-257921\"><a href=\"\/fr\/city-hall\/communications\/subscriptions\/\">Abonnements<\/a><\/li>\n<li id=\"menu-item-257922\"><a href=\"\/fr\/city-hall\/communications\/logos\/\">Demander un logo<\/a><\/li>\n<\/ul>\t\t\t\t\n\t\t\t\t<img decoding=\"async\" src=\"https:\/\/www.miamibeachfl.gov\/wp-content\/uploads\/bb-plugin\/cache\/IMG_1581Cropped-circle.jpg\" alt=\"Melissa Berthier\" title=\"IMG_1581Recadr\u00e9\" itemprop=\"image\"\/>\n\t<p>La carri\u00e8re de Melissa Berthier s&#039;est \u00e9tendue \u00e0 une vari\u00e9t\u00e9 d&#039;industries, allant des organismes \u00e0 but non lucratif aux magazines, de la beaut\u00e9 aux transports en commun et, depuis 11 ans, au gouvernement local.<\/p>\n<p>Berthier a commenc\u00e9 \u00e0 travailler pour la ville de Miami Beach en 2013 et occupe d\u00e9sormais le poste de directeur du marketing et des communications. Il supervise tous les efforts de communication de la ville, notamment la liaison quotidienne avec les m\u00e9dias locaux et nationaux, la gestion d&#039;un solide appareil de m\u00e9dias sociaux et la supervision de la production de toute la programmation vid\u00e9o ainsi que de centaines de graphiques originaux.<strong>.\u00a0<\/strong>Elle participe \u00e9troitement au travail important de la Division des affaires de quartier de la ville et est r\u00e9dactrice en chef du magazine MB, le magazine trimestriel bilingue de l&#039;\u00eele urbaine qui se classe r\u00e9guli\u00e8rement comme la premi\u00e8re source d&#039;information pour les r\u00e9sidents.<\/p>\n<p>Passionn\u00e9e par sa ville natale, Berthier a relay\u00e9 des initiatives en faveur de Miami Beach dans toutes les grandes publications nationales et dans les journaux t\u00e9l\u00e9vis\u00e9s de grande \u00e9coute. Elle a r\u00e9pondu \u00e0 certains des d\u00e9fis les plus importants de la ville\u00a0: de la COVID-19 au virus Zika, de la mont\u00e9e des eaux aux ouragans destructeurs, en passant par des enqu\u00eates polici\u00e8res complexes, des bourbiers juridiques et la r\u00e9ponse de la ville \u00e0 l&#039;effondrement de l&#039;immeuble Surfside.<\/p>\n<p>Berthier a d\u00e9but\u00e9 sa carri\u00e8re en 2004 en tant que membre fondatrice du Congressional Hispanic Leadership Institute, une association \u00e0 but non lucratif bas\u00e9e \u00e0 Washington, DC, cr\u00e9\u00e9e par des membres de la Chambre des repr\u00e9sentants et du S\u00e9nat des \u00c9tats-Unis et plusieurs entreprises du Fortune 500. Apr\u00e8s avoir travaill\u00e9 \u00e0 l&#039;Institut, Berthier est devenue responsable des affaires g\u00e9n\u00e9rales chez Editorial Televisa, puis a \u00e9t\u00e9 nomm\u00e9e sp\u00e9cialiste marketing de Bluemercury, une cha\u00eene de 100 pharmacies et spas bas\u00e9e \u00e0 Washington, DC.<\/p>\n<p>Avant de rentrer chez elle dans le sud de la Floride, elle a fait un dernier arr\u00eat\u00a0: le m\u00e9tro de Washington (Washington Metropolitan Area Transit Authority). Elle a jou\u00e9 un r\u00f4le crucial dans la pr\u00e9paration et la mise en \u0153uvre du plan de transport du m\u00e9tro pour l&#039;investiture pr\u00e9sidentielle de 2009 et a fait partie de l&#039;\u00e9quipe de crise apr\u00e8s le tragique d\u00e9raillement de la Red Line la m\u00eame ann\u00e9e.<\/p>\n<p>Berthier g\u00e8re ses nombreuses responsabilit\u00e9s tout en \u00e9levant deux jeunes filles avec son mari dans ce qu&#039;elle consid\u00e8re comme la plus grande ville du monde.<\/p>","protected":false},"excerpt":{"rendered":"<p>Melissa Berthier Director Menu Marketing &#038; Communications Press Releases Advertising Rates Subscriptions Request a Logo Menu \u00d7 Marketing &#038; Communications [&hellip;]<\/p>\n","protected":false},"author":222,"featured_media":323038,"parent":28391,"menu_order":21,"comment_status":"closed","ping_status":"closed","template":"","meta":{"_searchwp_excluded":"","site-sidebar-layout":"default","site-content-layout":"","ast-site-content-layout":"default","site-content-style":"default","site-sidebar-style":"default","ast-global-header-display":"","ast-banner-title-visibility":"","ast-main-header-display":"","ast-hfb-above-header-display":"","ast-hfb-below-header-display":"","ast-hfb-mobile-header-display":"","site-post-title":"","ast-breadcrumbs-content":"","ast-featured-img":"","footer-sml-layout":"","theme-transparent-header-meta":"","adv-header-id-meta":"","stick-header-meta":"","header-above-stick-meta":"","header-main-stick-meta":"","header-below-stick-meta":"","astra-migrate-meta-layouts":"default","ast-page-background-enabled":"default","ast-page-background-meta":{"desktop":{"background-color":"var(--ast-global-color-5)","background-image":"","background-repeat":"repeat","background-position":"center center","background-size":"auto","background-attachment":"scroll","background-type":"","background-media":"","overlay-type":"","overlay-color":"","overlay-opacity":"","overlay-gradient":""},"tablet":{"background-color":"","background-image":"","background-repeat":"repeat","background-position":"center center","background-size":"auto","background-attachment":"scroll","background-type":"","background-media":"","overlay-type":"","overlay-color":"","overlay-opacity":"","overlay-gradient":""},"mobile":{"background-color":"","background-image":"","background-repeat":"repeat","background-position":"center center","background-size":"auto","background-attachment":"scroll","background-type":"","background-media":"","overlay-type":"","overlay-color":"","overlay-opacity":"","overlay-gradient":""}},"ast-content-background-meta":{"desktop":{"background-color":"var(--ast-global-color-4)","background-image":"","background-repeat":"repeat","background-position":"center center","background-size":"auto","background-attachment":"scroll","background-type":"","background-media":"","overlay-type":"","overlay-color":"","overlay-opacity":"","overlay-gradient":""},"tablet":{"background-color":"var(--ast-global-color-4)","background-image":"","background-repeat":"repeat","background-position":"center center","background-size":"auto","background-attachment":"scroll","background-type":"","background-media":"","overlay-type":"","overlay-color":"","overlay-opacity":"","overlay-gradient":""},"mobile":{"background-color":"var(--ast-global-color-4)","background-image":"","background-repeat":"repeat","background-position":"center center","background-size":"auto","background-attachment":"scroll","background-type":"","background-media":"","overlay-type":"","overlay-color":"","overlay-opacity":"","overlay-gradient":""}},"footnotes":""},"categories":[],"tags":[961],"class_list":["post-257821","page","type-page","status-publish","has-post-thumbnail","hentry","tag-staff-city-manager-team"],"yoast_head":"<!-- This site is optimized with the Yoast SEO Premium plugin v27.4 (Yoast SEO v27.4) - https:\/\/yoast.com\/product\/yoast-seo-premium-wordpress\/ -->\n<title>Melissa Berthier Director of Marketing and Communications - City of Miami Beach<\/title>\n<meta name=\"description\" content=\"Melissa Berthier&#039;s career has spanned a variety of industries from nonprofits to magazines, beauty to transit and for the past nine years, local government.\" \/>\n<meta name=\"robots\" content=\"index, follow, max-snippet:-1, max-image-preview:large, max-video-preview:-1\" \/>\n<link rel=\"canonical\" href=\"https:\/\/www.miamibeachfl.gov\/fr\/city-hall\/communications\/melissa-berthier\/\" \/>\n<meta property=\"og:locale\" content=\"fr_FR\" \/>\n<meta property=\"og:type\" content=\"article\" \/>\n<meta property=\"og:title\" content=\"Melissa Berthier Director of Marketing and Communications\" \/>\n<meta property=\"og:description\" content=\"Melissa Berthier&#039;s career has spanned a variety of industries from nonprofits to magazines, beauty to transit and for the past nine years, local government.\" \/>\n<meta property=\"og:url\" content=\"https:\/\/www.miamibeachfl.gov\/fr\/city-hall\/communications\/melissa-berthier\/\" \/>\n<meta property=\"og:site_name\" content=\"City of Miami Beach\" \/>\n<meta property=\"article:publisher\" content=\"https:\/\/www.facebook.com\/cityofmiamibeach\" \/>\n<meta property=\"article:modified_time\" content=\"2025-05-28T15:21:16+00:00\" \/>\n<meta property=\"og:image\" content=\"https:\/\/www.miamibeachfl.gov\/wp-content\/uploads\/2024\/07\/Staff-MelissaBerthier.png\" \/>\n\t<meta property=\"og:image:width\" content=\"250\" \/>\n\t<meta property=\"og:image:height\" content=\"250\" \/>\n\t<meta property=\"og:image:type\" content=\"image\/png\" \/>\n<meta name=\"twitter:card\" content=\"summary_large_image\" \/>\n<meta name=\"twitter:site\" content=\"@Miamibeachnews\" \/>\n<script type=\"application\/ld+json\" class=\"yoast-schema-graph\">{\"@context\":\"https:\\\/\\\/schema.org\",\"@graph\":[{\"@type\":\"WebPage\",\"@id\":\"https:\\\/\\\/www.miamibeachfl.gov\\\/city-hall\\\/communications\\\/melissa-berthier\\\/\",\"url\":\"https:\\\/\\\/www.miamibeachfl.gov\\\/city-hall\\\/communications\\\/melissa-berthier\\\/\",\"name\":\"Melissa Berthier Director of Marketing and Communications - City of Miami Beach\",\"isPartOf\":{\"@id\":\"https:\\\/\\\/www.miamibeachfl.gov\\\/#website\"},\"primaryImageOfPage\":{\"@id\":\"https:\\\/\\\/www.miamibeachfl.gov\\\/city-hall\\\/communications\\\/melissa-berthier\\\/#primaryimage\"},\"image\":{\"@id\":\"https:\\\/\\\/www.miamibeachfl.gov\\\/city-hall\\\/communications\\\/melissa-berthier\\\/#primaryimage\"},\"thumbnailUrl\":\"https:\\\/\\\/www.miamibeachfl.gov\\\/wp-content\\\/uploads\\\/2024\\\/07\\\/Staff-MelissaBerthier.png\",\"datePublished\":\"2023-04-17T19:46:30+00:00\",\"dateModified\":\"2025-05-28T15:21:16+00:00\",\"description\":\"Melissa Berthier's career has spanned a variety of industries from nonprofits to magazines, beauty to transit and for the past nine years, local government.\",\"breadcrumb\":{\"@id\":\"https:\\\/\\\/www.miamibeachfl.gov\\\/city-hall\\\/communications\\\/melissa-berthier\\\/#breadcrumb\"},\"inLanguage\":\"fr-FR\",\"potentialAction\":[{\"@type\":\"ReadAction\",\"target\":[\"https:\\\/\\\/www.miamibeachfl.gov\\\/city-hall\\\/communications\\\/melissa-berthier\\\/\"]}]},{\"@type\":\"ImageObject\",\"inLanguage\":\"fr-FR\",\"@id\":\"https:\\\/\\\/www.miamibeachfl.gov\\\/city-hall\\\/communications\\\/melissa-berthier\\\/#primaryimage\",\"url\":\"https:\\\/\\\/www.miamibeachfl.gov\\\/wp-content\\\/uploads\\\/2024\\\/07\\\/Staff-MelissaBerthier.png\",\"contentUrl\":\"https:\\\/\\\/www.miamibeachfl.gov\\\/wp-content\\\/uploads\\\/2024\\\/07\\\/Staff-MelissaBerthier.png\",\"width\":250,\"height\":250,\"caption\":\"Melissa Berthier\"},{\"@type\":\"BreadcrumbList\",\"@id\":\"https:\\\/\\\/www.miamibeachfl.gov\\\/city-hall\\\/communications\\\/melissa-berthier\\\/#breadcrumb\",\"itemListElement\":[{\"@type\":\"ListItem\",\"position\":1,\"name\":\"Home\",\"item\":\"https:\\\/\\\/www.miamibeachfl.gov\\\/\"},{\"@type\":\"ListItem\",\"position\":2,\"name\":\"City Hall\",\"item\":\"https:\\\/\\\/www.miamibeachfl.gov\\\/city-hall\\\/\"},{\"@type\":\"ListItem\",\"position\":3,\"name\":\"Marketing &#038; Communications\",\"item\":\"https:\\\/\\\/www.miamibeachfl.gov\\\/city-hall\\\/communications\\\/\"},{\"@type\":\"ListItem\",\"position\":4,\"name\":\"Melissa Berthier Director of Marketing and Communications\"}]},{\"@type\":\"WebSite\",\"@id\":\"https:\\\/\\\/www.miamibeachfl.gov\\\/#website\",\"url\":\"https:\\\/\\\/www.miamibeachfl.gov\\\/\",\"name\":\"City of Miami Beach\",\"description\":\"The official website of the City of Miami Beach. Stay informed, find important information on city services, news, alerts, events, trolley routes, government employment and more.\",\"publisher\":{\"@id\":\"https:\\\/\\\/www.miamibeachfl.gov\\\/#organization\"},\"potentialAction\":[{\"@type\":\"SearchAction\",\"target\":{\"@type\":\"EntryPoint\",\"urlTemplate\":\"https:\\\/\\\/www.miamibeachfl.gov\\\/?s={search_term_string}\"},\"query-input\":{\"@type\":\"PropertyValueSpecification\",\"valueRequired\":true,\"valueName\":\"search_term_string\"}}],\"inLanguage\":\"fr-FR\"},{\"@type\":\"Organization\",\"@id\":\"https:\\\/\\\/www.miamibeachfl.gov\\\/#organization\",\"name\":\"City of Miami Beach\",\"url\":\"https:\\\/\\\/www.miamibeachfl.gov\\\/\",\"logo\":{\"@type\":\"ImageObject\",\"inLanguage\":\"fr-FR\",\"@id\":\"https:\\\/\\\/www.miamibeachfl.gov\\\/#\\\/schema\\\/logo\\\/image\\\/\",\"url\":\"https:\\\/\\\/www.miamibeachfl.gov\\\/wp-content\\\/uploads\\\/2022\\\/06\\\/miamibeach-logoblue.png\",\"contentUrl\":\"https:\\\/\\\/www.miamibeachfl.gov\\\/wp-content\\\/uploads\\\/2022\\\/06\\\/miamibeach-logoblue.png\",\"width\":1962,\"height\":381,\"caption\":\"City of Miami Beach\"},\"image\":{\"@id\":\"https:\\\/\\\/www.miamibeachfl.gov\\\/#\\\/schema\\\/logo\\\/image\\\/\"},\"sameAs\":[\"https:\\\/\\\/www.facebook.com\\\/cityofmiamibeach\",\"https:\\\/\\\/x.com\\\/Miamibeachnews\",\"https:\\\/\\\/www.instagram.com\\\/miamibeachnews\\\/\"],\"description\":\"The official website of the City of Miami Beach. Stay informed, find important information on city services, news, alerts, events, trolley routes, government employment and more.\",\"telephone\":\"305.604.CITY(2489)\",\"legalName\":\"City of Miami Beach\"}]}<\/script>\n<!-- \/ Yoast SEO Premium plugin. -->","yoast_head_json":{"title":"Melissa Berthier, directrice du marketing et des communications - Ville de Miami Beach","description":"La carri\u00e8re de Melissa Berthier s&#039;est \u00e9tendue \u00e0 une vari\u00e9t\u00e9 d&#039;industries, allant des organismes \u00e0 but non lucratif aux magazines, de la beaut\u00e9 aux transports en commun et, au cours des neuf derni\u00e8res ann\u00e9es, au gouvernement local.","robots":{"index":"index","follow":"follow","max-snippet":"max-snippet:-1","max-image-preview":"max-image-preview:large","max-video-preview":"max-video-preview:-1"},"canonical":"https:\/\/www.miamibeachfl.gov\/fr\/city-hall\/communications\/melissa-berthier\/","og_locale":"fr_FR","og_type":"article","og_title":"Melissa Berthier Director of Marketing and Communications","og_description":"Melissa Berthier's career has spanned a variety of industries from nonprofits to magazines, beauty to transit and for the past nine years, local government.","og_url":"https:\/\/www.miamibeachfl.gov\/fr\/city-hall\/communications\/melissa-berthier\/","og_site_name":"City of Miami Beach","article_publisher":"https:\/\/www.facebook.com\/cityofmiamibeach","article_modified_time":"2025-05-28T15:21:16+00:00","og_image":[{"width":250,"height":250,"url":"https:\/\/www.miamibeachfl.gov\/wp-content\/uploads\/2024\/07\/Staff-MelissaBerthier.png","type":"image\/png"}],"twitter_card":"summary_large_image","twitter_site":"@Miamibeachnews","schema":{"@context":"https:\/\/schema.org","@graph":[{"@type":"WebPage","@id":"https:\/\/www.miamibeachfl.gov\/city-hall\/communications\/melissa-berthier\/","url":"https:\/\/www.miamibeachfl.gov\/city-hall\/communications\/melissa-berthier\/","name":"Melissa Berthier, directrice du marketing et des communications - Ville de Miami Beach","isPartOf":{"@id":"https:\/\/www.miamibeachfl.gov\/#website"},"primaryImageOfPage":{"@id":"https:\/\/www.miamibeachfl.gov\/city-hall\/communications\/melissa-berthier\/#primaryimage"},"image":{"@id":"https:\/\/www.miamibeachfl.gov\/city-hall\/communications\/melissa-berthier\/#primaryimage"},"thumbnailUrl":"https:\/\/www.miamibeachfl.gov\/wp-content\/uploads\/2024\/07\/Staff-MelissaBerthier.png","datePublished":"2023-04-17T19:46:30+00:00","dateModified":"2025-05-28T15:21:16+00:00","description":"La carri\u00e8re de Melissa Berthier s&#039;est \u00e9tendue \u00e0 une vari\u00e9t\u00e9 d&#039;industries, allant des organismes \u00e0 but non lucratif aux magazines, de la beaut\u00e9 aux transports en commun et, au cours des neuf derni\u00e8res ann\u00e9es, au gouvernement local.","breadcrumb":{"@id":"https:\/\/www.miamibeachfl.gov\/city-hall\/communications\/melissa-berthier\/#breadcrumb"},"inLanguage":"fr-FR","potentialAction":[{"@type":"ReadAction","target":["https:\/\/www.miamibeachfl.gov\/city-hall\/communications\/melissa-berthier\/"]}]},{"@type":"ImageObject","inLanguage":"fr-FR","@id":"https:\/\/www.miamibeachfl.gov\/city-hall\/communications\/melissa-berthier\/#primaryimage","url":"https:\/\/www.miamibeachfl.gov\/wp-content\/uploads\/2024\/07\/Staff-MelissaBerthier.png","contentUrl":"https:\/\/www.miamibeachfl.gov\/wp-content\/uploads\/2024\/07\/Staff-MelissaBerthier.png","width":250,"height":250,"caption":"Melissa Berthier"},{"@type":"BreadcrumbList","@id":"https:\/\/www.miamibeachfl.gov\/city-hall\/communications\/melissa-berthier\/#breadcrumb","itemListElement":[{"@type":"ListItem","position":1,"name":"Home","item":"https:\/\/www.miamibeachfl.gov\/"},{"@type":"ListItem","position":2,"name":"City Hall","item":"https:\/\/www.miamibeachfl.gov\/city-hall\/"},{"@type":"ListItem","position":3,"name":"Marketing &#038; Communications","item":"https:\/\/www.miamibeachfl.gov\/city-hall\/communications\/"},{"@type":"ListItem","position":4,"name":"Melissa Berthier Director of Marketing and Communications"}]},{"@type":"WebSite","@id":"https:\/\/www.miamibeachfl.gov\/#website","url":"https:\/\/www.miamibeachfl.gov\/","name":"Ville de Miami Beach","description":"Site officiel de la ville de Miami Beach. Restez inform\u00e9 et trouvez des informations importantes sur les services municipaux, les actualit\u00e9s, les alertes, les \u00e9v\u00e9nements, les itin\u00e9raires de tramway, les emplois gouvernementaux et bien plus encore.","publisher":{"@id":"https:\/\/www.miamibeachfl.gov\/#organization"},"potentialAction":[{"@type":"SearchAction","target":{"@type":"EntryPoint","urlTemplate":"https:\/\/www.miamibeachfl.gov\/?s={search_term_string}"},"query-input":{"@type":"PropertyValueSpecification","valueRequired":true,"valueName":"search_term_string"}}],"inLanguage":"fr-FR"},{"@type":"Organization","@id":"https:\/\/www.miamibeachfl.gov\/#organization","name":"Ville de Miami Beach","url":"https:\/\/www.miamibeachfl.gov\/","logo":{"@type":"ImageObject","inLanguage":"fr-FR","@id":"https:\/\/www.miamibeachfl.gov\/#\/schema\/logo\/image\/","url":"https:\/\/www.miamibeachfl.gov\/wp-content\/uploads\/2022\/06\/miamibeach-logoblue.png","contentUrl":"https:\/\/www.miamibeachfl.gov\/wp-content\/uploads\/2022\/06\/miamibeach-logoblue.png","width":1962,"height":381,"caption":"City of Miami Beach"},"image":{"@id":"https:\/\/www.miamibeachfl.gov\/#\/schema\/logo\/image\/"},"sameAs":["https:\/\/www.facebook.com\/cityofmiamibeach","https:\/\/x.com\/Miamibeachnews","https:\/\/www.instagram.com\/miamibeachnews\/"],"description":"Site officiel de la ville de Miami Beach. Restez inform\u00e9 et trouvez des informations importantes sur les services municipaux, les actualit\u00e9s, les alertes, les \u00e9v\u00e9nements, les itin\u00e9raires de tramway, les emplois gouvernementaux et bien plus encore.","telephone":"305.604.CITY(2489)","legalName":"City of Miami Beach"}]}},"_links":{"self":[{"href":"https:\/\/www.miamibeachfl.gov\/fr\/wp-json\/wp\/v2\/pages\/257821","targetHints":{"allow":["GET"]}}],"collection":[{"href":"https:\/\/www.miamibeachfl.gov\/fr\/wp-json\/wp\/v2\/pages"}],"about":[{"href":"https:\/\/www.miamibeachfl.gov\/fr\/wp-json\/wp\/v2\/types\/page"}],"author":[{"embeddable":true,"href":"https:\/\/www.miamibeachfl.gov\/fr\/wp-json\/wp\/v2\/users\/222"}],"replies":[{"embeddable":true,"href":"https:\/\/www.miamibeachfl.gov\/fr\/wp-json\/wp\/v2\/comments?post=257821"}],"version-history":[{"count":0,"href":"https:\/\/www.miamibeachfl.gov\/fr\/wp-json\/wp\/v2\/pages\/257821\/revisions"}],"up":[{"embeddable":true,"href":"https:\/\/www.miamibeachfl.gov\/fr\/wp-json\/wp\/v2\/pages\/28391"}],"wp:featuredmedia":[{"embeddable":true,"href":"https:\/\/www.miamibeachfl.gov\/fr\/wp-json\/wp\/v2\/media\/323038"}],"wp:attachment":[{"href":"https:\/\/www.miamibeachfl.gov\/fr\/wp-json\/wp\/v2\/media?parent=257821"}],"wp:term":[{"taxonomy":"category","embeddable":true,"href":"https:\/\/www.miamibeachfl.gov\/fr\/wp-json\/wp\/v2\/categories?post=257821"},{"taxonomy":"post_tag","embeddable":true,"href":"https:\/\/www.miamibeachfl.gov\/fr\/wp-json\/wp\/v2\/tags?post=257821"}],"curies":[{"name":"wp","href":"https:\/\/api.w.org\/{rel}","templated":true}]}}