{"id":258303,"date":"2023-04-20T12:11:58","date_gmt":"2023-04-20T16:11:58","guid":{"rendered":"https:\/\/www.miamibeachfl.gov\/?page_id=258303"},"modified":"2026-04-14T15:57:22","modified_gmt":"2026-04-14T19:57:22","slug":"homeowner-and-neighborhood-registry","status":"publish","type":"page","link":"https:\/\/www.miamibeachfl.gov\/fr\/residents\/neighborhood-associations\/homeowner-and-neighborhood-registry\/","title":{"rendered":"Registre des propri\u00e9taires et du quartier"},"content":{"rendered":"<h1>\n\t\t\tRegistre des propri\u00e9taires et du quartier\t<\/h1>\nMenu R\u00e9sidents\t\t\t\n\t\t\t\t\t<ul id=\"menu-residents\"><li id=\"menu-item-258178\"><a href=\"\/fr\/residents\/\">R\u00e9sidents<\/a><\/li>\n<li id=\"menu-item-259185\"><a href=\"\/fr\/neighborhood-associations\/\">Associations de quartier et de copropri\u00e9t\u00e9<\/a><\/li>\n<li id=\"menu-item-258180\"><a href=\"\/fr\/residents\/neighborhood-affairs-division\/\">Affaires de quartier<\/a><\/li>\n<li id=\"menu-item-258181\"><a href=\"\/fr\/community-events-and-perks\/\">Avantages et r\u00e9ductions<\/a><\/li>\n<li id=\"menu-item-258182\"><a href=\"\/fr\/animal-control\/\">Soins et contr\u00f4le des animaux<\/a><\/li>\n<li id=\"menu-item-258183\"><a href=\"\/fr\/city-hall\/cip\/active-projects\/\">Projets actifs<\/a><\/li>\n<li id=\"menu-item-281156\" aria-haspopup=\"true\"><a aria-expanded=\"false\" href=\"\/fr\/engagementtoolbox\/\">Restez connect\u00e9<\/a>\n<ul>\n\t<li id=\"menu-item-396190\"><a href=\"\/fr\/residents\/resident-guide\/#importantnumbers\">Num\u00e9ros importants<\/a><\/li>\n<\/ul>\n<\/li>\n<\/ul>\t\nMenu R\u00e9sidents \u00d7\t\t\t\t\t\t<ul id=\"menu-residents-1\"><li id=\"menu-item-258178\"><a href=\"\/fr\/residents\/\">R\u00e9sidents<\/a><\/li>\n<li id=\"menu-item-259185\"><a href=\"\/fr\/neighborhood-associations\/\">Associations de quartier et de copropri\u00e9t\u00e9<\/a><\/li>\n<li id=\"menu-item-258180\"><a href=\"\/fr\/residents\/neighborhood-affairs-division\/\">Affaires de quartier<\/a><\/li>\n<li id=\"menu-item-258181\"><a href=\"\/fr\/community-events-and-perks\/\">Avantages et r\u00e9ductions<\/a><\/li>\n<li id=\"menu-item-258182\"><a href=\"\/fr\/animal-control\/\">Soins et contr\u00f4le des animaux<\/a><\/li>\n<li id=\"menu-item-258183\"><a href=\"\/fr\/city-hall\/cip\/active-projects\/\">Projets actifs<\/a><\/li>\n<li id=\"menu-item-281156\" aria-haspopup=\"true\"><a aria-expanded=\"false\" href=\"\/fr\/engagementtoolbox\/\">Restez connect\u00e9<\/a>\n<ul>\n\t<li id=\"menu-item-396190\"><a href=\"\/fr\/residents\/resident-guide\/#importantnumbers\">Num\u00e9ros importants<\/a><\/li>\n<\/ul>\n<\/li>\n<\/ul>\t\t\t\t\n\t<div class=\"wpforms-container wpforms-container-full\" id=\"wpforms-258290\"><form id=\"wpforms-form-258290\" class=\"wpforms-validate wpforms-form wpforms-ajax-form\" data-formid=\"258290\" method=\"post\" enctype=\"multipart\/form-data\" action=\"\/fr\/wp-json\/wp\/v2\/pages\/258303\" data-token=\"4d6cd5c3363a7afbc3dae651e913cb8f\" data-token-time=\"1776503383\" data-trp-original-action=\"\/fr\/wp-json\/wp\/v2\/pages\/258303\"><noscript class=\"wpforms-error-noscript\">Veuillez activer JavaScript dans votre navigateur pour remplir ce formulaire.<\/noscript><div class=\"wpforms-field-container\"><div id=\"wpforms-258290-field_6-container\" class=\"wpforms-field wpforms-field-content\" data-field-id=\"6\"><div id=\"wpforms-258290-field_6\" class=\"wpforms-field-medium wpforms-field-row\"><h5><span style=\"color:#004896\">Informations sur l&#039;association :<\/span><\/h5>\n<div class=\"wpforms-field-content-display-frontend-clear\"><\/div><\/div><\/div><div id=\"wpforms-258290-field_8-container\" class=\"wpforms-field wpforms-field-layout\" data-field-id=\"8\"><div class=\"wpforms-field-layout-columns wpforms-field-layout-preset-67-33\"><div class=\"wpforms-layout-column wpforms-layout-column-67\" ><div id=\"wpforms-258290-field_7-container\" class=\"wpforms-field wpforms-field-text\" data-field-id=\"7\"><label class=\"wpforms-field-label\" for=\"wpforms-258290-field_7\">Nom de l&#039;association : <span class=\"wpforms-required-label\">*<\/span><\/label><input type=\"text\" id=\"wpforms-258290-field_7\" class=\"wpforms-field-medium wpforms-field-required\" name=\"wpforms[fields][7]\" required><\/div><\/div><div class=\"wpforms-layout-column wpforms-layout-column-33\" ><div id=\"wpforms-258290-field_9-container\" class=\"wpforms-field wpforms-field-select wpforms-field-select-style-classic\" data-field-id=\"9\"><label class=\"wpforms-field-label\" for=\"wpforms-258290-field_9\">Type d&#039;association : <span class=\"wpforms-required-label\">*<\/span><\/label><select id=\"wpforms-258290-field_9\" class=\"wpforms-field-medium wpforms-field-required\" name=\"wpforms[fields][9]\" required=\"required\"><option value=\"Homeowners (HOA)\"  class=\"choice-1 depth-1\"  >Propri\u00e9taires (HOA)<\/option><option value=\"Neighborhood Association\"  class=\"choice-2 depth-1\"  >Association de quartier<\/option><option value=\"Community Group\"  class=\"choice-3 depth-1\"  >Groupe communautaire<\/option><\/select><\/div><\/div><\/div><\/div><div id=\"wpforms-258290-field_21-container\" class=\"wpforms-field wpforms-field-layout\" data-field-id=\"21\"><div class=\"wpforms-field-layout-columns wpforms-field-layout-preset-67-33\"><div class=\"wpforms-layout-column wpforms-layout-column-67\" ><div id=\"wpforms-258290-field_0-container\" class=\"wpforms-field wpforms-field-name\" data-field-id=\"0\"><label class=\"wpforms-field-label\">Nom du point de contact principal : <span class=\"wpforms-required-label\">*<\/span><\/label><div class=\"wpforms-field-row wpforms-field-medium\"><div class=\"wpforms-field-row-block wpforms-first wpforms-one-half\"><input type=\"text\" id=\"wpforms-258290-field_0\" class=\"wpforms-field-name-first wpforms-field-required\" name=\"wpforms[fields][0][first]\" required><label for=\"wpforms-258290-field_0\" class=\"wpforms-field-sublabel after\">Pr\u00e9nom<\/label><\/div><div class=\"wpforms-field-row-block wpforms-one-half\"><input type=\"text\" id=\"wpforms-258290-field_0-last\" class=\"wpforms-field-name-last wpforms-field-required\" name=\"wpforms[fields][0][last]\" required><label for=\"wpforms-258290-field_0-last\" class=\"wpforms-field-sublabel after\">Nom<\/label><\/div><\/div><\/div><\/div><div class=\"wpforms-layout-column wpforms-layout-column-33\" ><div id=\"wpforms-258290-field_10-container\" class=\"wpforms-field wpforms-field-text\" data-field-id=\"10\"><label class=\"wpforms-field-label\" for=\"wpforms-258290-field_10\">Zone g\u00e9ographique repr\u00e9sent\u00e9e :<\/label><input type=\"text\" id=\"wpforms-258290-field_10\" class=\"wpforms-field-medium\" name=\"wpforms[fields][10]\" ><\/div><\/div><\/div><\/div><div id=\"wpforms-258290-field_11-container\" class=\"wpforms-field wpforms-field-layout\" data-field-id=\"11\"><div class=\"wpforms-field-layout-columns wpforms-field-layout-preset-50-50\"><div class=\"wpforms-layout-column wpforms-layout-column-50\" ><div id=\"wpforms-258290-field_12-container\" class=\"wpforms-field wpforms-field-number\" data-field-id=\"12\"><label class=\"wpforms-field-label\" for=\"wpforms-258290-field_12\">Num\u00e9ro du point de contact principal :<\/label><input type=\"number\" id=\"wpforms-258290-field_12\" class=\"wpforms-field-medium\" name=\"wpforms[fields][12]\" step=\"any\" ><\/div><\/div><div class=\"wpforms-layout-column wpforms-layout-column-50\" ><div id=\"wpforms-258290-field_1-container\" class=\"wpforms-field wpforms-field-email\" data-field-id=\"1\"><label class=\"wpforms-field-label\" for=\"wpforms-258290-field_1\">Courriel du point de contact principal\u00a0: <span class=\"wpforms-required-label\">*<\/span><\/label><input type=\"email\" id=\"wpforms-258290-field_1\" class=\"wpforms-field-medium wpforms-field-required\" name=\"wpforms[fields][1]\" spellcheck=\"false\" required><\/div><\/div><\/div><\/div><div id=\"wpforms-258290-field_13-container\" class=\"wpforms-field wpforms-field-layout\" data-field-id=\"13\"><div class=\"wpforms-field-layout-columns wpforms-field-layout-preset-50-50\"><div class=\"wpforms-layout-column wpforms-layout-column-50\" ><div id=\"wpforms-258290-field_14-container\" class=\"wpforms-field wpforms-field-email\" data-field-id=\"14\"><label class=\"wpforms-field-label\" for=\"wpforms-258290-field_14\">Courriel de l&#039;association :<\/label><input type=\"email\" id=\"wpforms-258290-field_14\" class=\"wpforms-field-medium\" name=\"wpforms[fields][14]\" spellcheck=\"false\" ><\/div><\/div><div class=\"wpforms-layout-column wpforms-layout-column-50\" ><div id=\"wpforms-258290-field_15-container\" class=\"wpforms-field wpforms-field-url\" data-field-id=\"15\"><label class=\"wpforms-field-label\" for=\"wpforms-258290-field_15\">Site Web \/ URL de l&#039;association :<\/label><input type=\"url\" id=\"wpforms-258290-field_15\" class=\"wpforms-field-medium\" name=\"wpforms[fields][15]\" ><\/div><\/div><\/div><\/div><div id=\"wpforms-258290-field_22-container\" class=\"wpforms-field wpforms-field-layout\" data-field-id=\"22\"><div class=\"wpforms-field-layout-columns wpforms-field-layout-preset-25-25-50\"><div class=\"wpforms-layout-column wpforms-layout-column-25\" ><div id=\"wpforms-258290-field_16-container\" class=\"wpforms-field wpforms-field-date-time\" data-field-id=\"16\"><label class=\"wpforms-field-label\" for=\"wpforms-258290-field_16\">Date de cr\u00e9ation :<\/label><div class=\"wpforms-datepicker-wrap\"><input type=\"text\" id=\"wpforms-258290-field_16\" class=\"wpforms-field-date-time-date wpforms-datepicker wpforms-field-medium\" data-date-format=\"m\/d\/Y\" data-disable-past-dates=\"0\" data-input=\"true\" name=\"wpforms[fields][16][date]\" ><a title=\"Date claire\" data-clear role=\"button\" tabindex=\"0\" class=\"wpforms-datepicker-clear\" aria-label=\"Date claire\" style=\"display:none;\"><\/a><\/div><\/div><\/div><div class=\"wpforms-layout-column wpforms-layout-column-25\" ><div id=\"wpforms-258290-field_20-container\" class=\"wpforms-field wpforms-field-number\" data-field-id=\"20\"><label class=\"wpforms-field-label\" for=\"wpforms-258290-field_20\">Nombre de membres<\/label><input type=\"number\" id=\"wpforms-258290-field_20\" class=\"wpforms-field-medium\" name=\"wpforms[fields][20]\" step=\"any\" ><\/div><\/div><div class=\"wpforms-layout-column wpforms-layout-column-50\" ><div id=\"wpforms-258290-field_19-container\" class=\"wpforms-field wpforms-field-select wpforms-field-select-style-classic\" data-field-id=\"19\"><label class=\"wpforms-field-label\" for=\"wpforms-258290-field_19\">L&#039;association a-t-elle une newsletter ?<\/label><select id=\"wpforms-258290-field_19\" class=\"wpforms-field-medium\" name=\"wpforms[fields][19]\"><option value=\"Yes\"  class=\"choice-1 depth-1\"  >Oui<\/option><option value=\"No\"  class=\"choice-2 depth-1\"  >Non<\/option><\/select><\/div><\/div><\/div><\/div><\/div><!-- .wpforms-field-container --><div class=\"wpforms-recaptcha-container wpforms-is-recaptcha wpforms-is-recaptcha-type-v2\" ><div class=\"g-recaptcha\" data-sitekey=\"6Lcwxc4pAAAAAKPjNaeWluTmul42T6sdKruYO3BQ\"><\/div><input type=\"text\" name=\"g-recaptcha-hidden\" class=\"wpforms-recaptcha-hidden\" style=\"position:absolute!important;clip:rect(0,0,0,0)!important;height:1px!important;width:1px!important;border:0!important;overflow:hidden!important;padding:0!important;margin:0!important;\" data-rule-recaptcha=\"1\"><\/div><div class=\"wpforms-submit-container\" ><input type=\"hidden\" name=\"wpforms[id]\" value=\"258290\"><input type=\"hidden\" name=\"page_title\" value=\"\"><input type=\"hidden\" name=\"page_url\" value=\"https:\/\/www.miamibeachfl.gov\/fr\/wp-json\/wp\/v2\/pages\/258303\"><input type=\"hidden\" name=\"url_referer\" value=\"\"><button type=\"submit\" name=\"wpforms[submit]\" id=\"wpforms-submit-258290\" class=\"wpforms-submit\" data-alt-text=\"Sending...\" data-submit-text=\"Submit\" aria-live=\"assertive\" value=\"wpforms-submit\">Soumettre<\/button><img loading=\"lazy\" decoding=\"async\" src=\"https:\/\/www.miamibeachfl.gov\/wp-content\/plugins\/wpforms\/assets\/images\/submit-spin.svg\" class=\"wpforms-submit-spinner\" style=\"display: none;\" width=\"26\" height=\"26\" alt=\"Chargement en cours\"><\/div><input type=\"hidden\" name=\"trp-form-language\" value=\"fr\"\/><\/form><\/div>  <!-- .wpforms-container -->","protected":false},"excerpt":{"rendered":"<p>Registre des propri\u00e9taires et des r\u00e9sidents Menu des r\u00e9sidents Associations de quartier et de copropri\u00e9t\u00e9 Affaires de quartier Avantages et r\u00e9ductions Soins et contr\u00f4le des animaux [\u2026]<\/p>","protected":false},"author":222,"featured_media":0,"parent":234087,"menu_order":0,"comment_status":"closed","ping_status":"closed","template":"","meta":{"_searchwp_excluded":"","site-sidebar-layout":"default","site-content-layout":"","ast-site-content-layout":"default","site-content-style":"default","site-sidebar-style":"default","ast-global-header-display":"","ast-banner-title-visibility":"","ast-main-header-display":"","ast-hfb-above-header-display":"","ast-hfb-below-header-display":"","ast-hfb-mobile-header-display":"","site-post-title":"","ast-breadcrumbs-content":"","ast-featured-img":"","footer-sml-layout":"","theme-transparent-header-meta":"","adv-header-id-meta":"","stick-header-meta":"","header-above-stick-meta":"","header-main-stick-meta":"","header-below-stick-meta":"","astra-migrate-meta-layouts":"default","ast-page-background-enabled":"default","ast-page-background-meta":{"desktop":{"background-color":"var(--ast-global-color-5)","background-image":"","background-repeat":"repeat","background-position":"center center","background-size":"auto","background-attachment":"scroll","background-type":"","background-media":"","overlay-type":"","overlay-color":"","overlay-opacity":"","overlay-gradient":""},"tablet":{"background-color":"","background-image":"","background-repeat":"repeat","background-position":"center center","background-size":"auto","background-attachment":"scroll","background-type":"","background-media":"","overlay-type":"","overlay-color":"","overlay-opacity":"","overlay-gradient":""},"mobile":{"background-color":"","background-image":"","background-repeat":"repeat","background-position":"center center","background-size":"auto","background-attachment":"scroll","background-type":"","background-media":"","overlay-type":"","overlay-color":"","overlay-opacity":"","overlay-gradient":""}},"ast-content-background-meta":{"desktop":{"background-color":"var(--ast-global-color-4)","background-image":"","background-repeat":"repeat","background-position":"center center","background-size":"auto","background-attachment":"scroll","background-type":"","background-media":"","overlay-type":"","overlay-color":"","overlay-opacity":"","overlay-gradient":""},"tablet":{"background-color":"var(--ast-global-color-4)","background-image":"","background-repeat":"repeat","background-position":"center center","background-size":"auto","background-attachment":"scroll","background-type":"","background-media":"","overlay-type":"","overlay-color":"","overlay-opacity":"","overlay-gradient":""},"mobile":{"background-color":"var(--ast-global-color-4)","background-image":"","background-repeat":"repeat","background-position":"center center","background-size":"auto","background-attachment":"scroll","background-type":"","background-media":"","overlay-type":"","overlay-color":"","overlay-opacity":"","overlay-gradient":""}},"footnotes":""},"categories":[],"tags":[],"class_list":["post-258303","page","type-page","status-publish","hentry"],"yoast_head":"<!-- This site is optimized with the Yoast SEO Premium plugin v26.6 (Yoast SEO v26.6) - https:\/\/yoast.com\/wordpress\/plugins\/seo\/ -->\n<title>Homeowner and Neighborhood Registry - City of Miami Beach<\/title>\n<meta name=\"description\" content=\"Register your Homeowner and Neighborhood Associations with the City of Miami Beach.\" \/>\n<meta name=\"robots\" content=\"index, follow, max-snippet:-1, max-image-preview:large, max-video-preview:-1\" \/>\n<link rel=\"canonical\" href=\"https:\/\/www.miamibeachfl.gov\/fr\/residents\/neighborhood-associations\/homeowner-and-neighborhood-registry\/\" \/>\n<meta property=\"og:locale\" content=\"fr_FR\" \/>\n<meta property=\"og:type\" content=\"article\" \/>\n<meta property=\"og:title\" content=\"Homeowner and Neighborhood Registry\" \/>\n<meta property=\"og:description\" content=\"Register your Homeowner and Neighborhood Associations with the City of Miami Beach.\" \/>\n<meta property=\"og:url\" content=\"https:\/\/www.miamibeachfl.gov\/fr\/residents\/neighborhood-associations\/homeowner-and-neighborhood-registry\/\" \/>\n<meta property=\"og:site_name\" content=\"City of Miami Beach\" \/>\n<meta property=\"article:publisher\" content=\"https:\/\/www.facebook.com\/cityofmiamibeach\" \/>\n<meta property=\"article:modified_time\" content=\"2026-04-14T19:57:22+00:00\" \/>\n<meta property=\"og:image\" content=\"https:\/\/www.miamibeachfl.gov\/wp-content\/uploads\/2024\/01\/1000pxSquare-miamibeach-aerial-southpointview.jpeg\" \/>\n\t<meta property=\"og:image:width\" content=\"1000\" \/>\n\t<meta property=\"og:image:height\" content=\"1000\" \/>\n\t<meta property=\"og:image:type\" content=\"image\/jpeg\" \/>\n<meta name=\"twitter:card\" content=\"summary_large_image\" \/>\n<meta name=\"twitter:site\" content=\"@Miamibeachnews\" \/>\n<script type=\"application\/ld+json\" class=\"yoast-schema-graph\">{\"@context\":\"https:\/\/schema.org\",\"@graph\":[{\"@type\":\"WebPage\",\"@id\":\"https:\/\/www.miamibeachfl.gov\/residents\/neighborhood-associations\/homeowner-and-neighborhood-registry\/\",\"url\":\"https:\/\/www.miamibeachfl.gov\/residents\/neighborhood-associations\/homeowner-and-neighborhood-registry\/\",\"name\":\"Homeowner and Neighborhood Registry - City of Miami Beach\",\"isPartOf\":{\"@id\":\"https:\/\/www.miamibeachfl.gov\/#website\"},\"datePublished\":\"2023-04-20T16:11:58+00:00\",\"dateModified\":\"2026-04-14T19:57:22+00:00\",\"description\":\"Register your Homeowner and Neighborhood Associations with the City of Miami Beach.\",\"breadcrumb\":{\"@id\":\"https:\/\/www.miamibeachfl.gov\/residents\/neighborhood-associations\/homeowner-and-neighborhood-registry\/#breadcrumb\"},\"inLanguage\":\"fr-FR\",\"potentialAction\":[{\"@type\":\"ReadAction\",\"target\":[\"https:\/\/www.miamibeachfl.gov\/residents\/neighborhood-associations\/homeowner-and-neighborhood-registry\/\"]}]},{\"@type\":\"BreadcrumbList\",\"@id\":\"https:\/\/www.miamibeachfl.gov\/residents\/neighborhood-associations\/homeowner-and-neighborhood-registry\/#breadcrumb\",\"itemListElement\":[{\"@type\":\"ListItem\",\"position\":1,\"name\":\"Home\",\"item\":\"https:\/\/www.miamibeachfl.gov\/\"},{\"@type\":\"ListItem\",\"position\":2,\"name\":\"Residents\",\"item\":\"https:\/\/www.miamibeachfl.gov\/residents\/\"},{\"@type\":\"ListItem\",\"position\":3,\"name\":\"Neighborhood &#038; Condominium Associations\",\"item\":\"https:\/\/www.miamibeachfl.gov\/residents\/neighborhood-associations\/\"},{\"@type\":\"ListItem\",\"position\":4,\"name\":\"Homeowner and Neighborhood Registry\"}]},{\"@type\":\"WebSite\",\"@id\":\"https:\/\/www.miamibeachfl.gov\/#website\",\"url\":\"https:\/\/www.miamibeachfl.gov\/\",\"name\":\"City of Miami Beach\",\"description\":\"The official website of the City of Miami Beach. Stay informed, find important information on city services, news, alerts, events, trolley routes, government employment and more.\",\"publisher\":{\"@id\":\"https:\/\/www.miamibeachfl.gov\/#organization\"},\"potentialAction\":[{\"@type\":\"SearchAction\",\"target\":{\"@type\":\"EntryPoint\",\"urlTemplate\":\"https:\/\/www.miamibeachfl.gov\/?s={search_term_string}\"},\"query-input\":{\"@type\":\"PropertyValueSpecification\",\"valueRequired\":true,\"valueName\":\"search_term_string\"}}],\"inLanguage\":\"fr-FR\"},{\"@type\":\"Organization\",\"@id\":\"https:\/\/www.miamibeachfl.gov\/#organization\",\"name\":\"City of Miami Beach\",\"url\":\"https:\/\/www.miamibeachfl.gov\/\",\"logo\":{\"@type\":\"ImageObject\",\"inLanguage\":\"fr-FR\",\"@id\":\"https:\/\/www.miamibeachfl.gov\/#\/schema\/logo\/image\/\",\"url\":\"https:\/\/www.miamibeachfl.gov\/wp-content\/uploads\/2022\/06\/miamibeach-logoblue.png\",\"contentUrl\":\"https:\/\/www.miamibeachfl.gov\/wp-content\/uploads\/2022\/06\/miamibeach-logoblue.png\",\"width\":1962,\"height\":381,\"caption\":\"City of Miami Beach\"},\"image\":{\"@id\":\"https:\/\/www.miamibeachfl.gov\/#\/schema\/logo\/image\/\"},\"sameAs\":[\"https:\/\/www.facebook.com\/cityofmiamibeach\",\"https:\/\/x.com\/Miamibeachnews\",\"https:\/\/www.instagram.com\/miamibeachnews\/\"],\"description\":\"The official website of the City of Miami Beach. Stay informed, find important information on city services, news, alerts, events, trolley routes, government employment and more.\",\"telephone\":\"305.604.CITY(2489)\",\"legalName\":\"City of Miami Beach\"}]}<\/script>\n<!-- \/ Yoast SEO Premium plugin. -->","yoast_head_json":{"title":"Registre des propri\u00e9taires et des quartiers \u2013 Ville de Miami Beach","description":"Enregistrez vos associations de propri\u00e9taires et de quartier aupr\u00e8s de la ville de Miami Beach.","robots":{"index":"index","follow":"follow","max-snippet":"max-snippet:-1","max-image-preview":"max-image-preview:large","max-video-preview":"max-video-preview:-1"},"canonical":"https:\/\/www.miamibeachfl.gov\/fr\/residents\/neighborhood-associations\/homeowner-and-neighborhood-registry\/","og_locale":"fr_FR","og_type":"article","og_title":"Homeowner and Neighborhood Registry","og_description":"Register your Homeowner and Neighborhood Associations with the City of Miami Beach.","og_url":"https:\/\/www.miamibeachfl.gov\/fr\/residents\/neighborhood-associations\/homeowner-and-neighborhood-registry\/","og_site_name":"City of Miami Beach","article_publisher":"https:\/\/www.facebook.com\/cityofmiamibeach","article_modified_time":"2026-04-14T19:57:22+00:00","og_image":[{"width":1000,"height":1000,"url":"https:\/\/www.miamibeachfl.gov\/wp-content\/uploads\/2024\/01\/1000pxSquare-miamibeach-aerial-southpointview.jpeg","type":"image\/jpeg"}],"twitter_card":"summary_large_image","twitter_site":"@Miamibeachnews","schema":{"@context":"https:\/\/schema.org","@graph":[{"@type":"WebPage","@id":"https:\/\/www.miamibeachfl.gov\/residents\/neighborhood-associations\/homeowner-and-neighborhood-registry\/","url":"https:\/\/www.miamibeachfl.gov\/residents\/neighborhood-associations\/homeowner-and-neighborhood-registry\/","name":"Registre des propri\u00e9taires et des quartiers \u2013 Ville de Miami Beach","isPartOf":{"@id":"https:\/\/www.miamibeachfl.gov\/#website"},"datePublished":"2023-04-20T16:11:58+00:00","dateModified":"2026-04-14T19:57:22+00:00","description":"Enregistrez vos associations de propri\u00e9taires et de quartier aupr\u00e8s de la ville de Miami Beach.","breadcrumb":{"@id":"https:\/\/www.miamibeachfl.gov\/residents\/neighborhood-associations\/homeowner-and-neighborhood-registry\/#breadcrumb"},"inLanguage":"fr-FR","potentialAction":[{"@type":"ReadAction","target":["https:\/\/www.miamibeachfl.gov\/residents\/neighborhood-associations\/homeowner-and-neighborhood-registry\/"]}]},{"@type":"BreadcrumbList","@id":"https:\/\/www.miamibeachfl.gov\/residents\/neighborhood-associations\/homeowner-and-neighborhood-registry\/#breadcrumb","itemListElement":[{"@type":"ListItem","position":1,"name":"Home","item":"https:\/\/www.miamibeachfl.gov\/"},{"@type":"ListItem","position":2,"name":"Residents","item":"https:\/\/www.miamibeachfl.gov\/residents\/"},{"@type":"ListItem","position":3,"name":"Neighborhood &#038; Condominium Associations","item":"https:\/\/www.miamibeachfl.gov\/residents\/neighborhood-associations\/"},{"@type":"ListItem","position":4,"name":"Homeowner and Neighborhood Registry"}]},{"@type":"WebSite","@id":"https:\/\/www.miamibeachfl.gov\/#website","url":"https:\/\/www.miamibeachfl.gov\/","name":"Ville de Miami Beach","description":"Site officiel de la ville de Miami Beach. Restez inform\u00e9 et trouvez des informations importantes sur les services municipaux, les actualit\u00e9s, les alertes, les \u00e9v\u00e9nements, les itin\u00e9raires de tramway, les emplois gouvernementaux et bien plus encore.","publisher":{"@id":"https:\/\/www.miamibeachfl.gov\/#organization"},"potentialAction":[{"@type":"SearchAction","target":{"@type":"EntryPoint","urlTemplate":"https:\/\/www.miamibeachfl.gov\/?s={search_term_string}"},"query-input":{"@type":"PropertyValueSpecification","valueRequired":true,"valueName":"search_term_string"}}],"inLanguage":"fr-FR"},{"@type":"Organization","@id":"https:\/\/www.miamibeachfl.gov\/#organization","name":"Ville de Miami Beach","url":"https:\/\/www.miamibeachfl.gov\/","logo":{"@type":"ImageObject","inLanguage":"fr-FR","@id":"https:\/\/www.miamibeachfl.gov\/#\/schema\/logo\/image\/","url":"https:\/\/www.miamibeachfl.gov\/wp-content\/uploads\/2022\/06\/miamibeach-logoblue.png","contentUrl":"https:\/\/www.miamibeachfl.gov\/wp-content\/uploads\/2022\/06\/miamibeach-logoblue.png","width":1962,"height":381,"caption":"City of Miami Beach"},"image":{"@id":"https:\/\/www.miamibeachfl.gov\/#\/schema\/logo\/image\/"},"sameAs":["https:\/\/www.facebook.com\/cityofmiamibeach","https:\/\/x.com\/Miamibeachnews","https:\/\/www.instagram.com\/miamibeachnews\/"],"description":"Site officiel de la ville de Miami Beach. Restez inform\u00e9 et trouvez des informations importantes sur les services municipaux, les actualit\u00e9s, les alertes, les \u00e9v\u00e9nements, les itin\u00e9raires de tramway, les emplois gouvernementaux et bien plus encore.","telephone":"305.604.CITY(2489)","legalName":"City of Miami Beach"}]}},"_links":{"self":[{"href":"https:\/\/www.miamibeachfl.gov\/fr\/wp-json\/wp\/v2\/pages\/258303","targetHints":{"allow":["GET"]}}],"collection":[{"href":"https:\/\/www.miamibeachfl.gov\/fr\/wp-json\/wp\/v2\/pages"}],"about":[{"href":"https:\/\/www.miamibeachfl.gov\/fr\/wp-json\/wp\/v2\/types\/page"}],"author":[{"embeddable":true,"href":"https:\/\/www.miamibeachfl.gov\/fr\/wp-json\/wp\/v2\/users\/222"}],"replies":[{"embeddable":true,"href":"https:\/\/www.miamibeachfl.gov\/fr\/wp-json\/wp\/v2\/comments?post=258303"}],"version-history":[{"count":0,"href":"https:\/\/www.miamibeachfl.gov\/fr\/wp-json\/wp\/v2\/pages\/258303\/revisions"}],"up":[{"embeddable":true,"href":"https:\/\/www.miamibeachfl.gov\/fr\/wp-json\/wp\/v2\/pages\/234087"}],"wp:attachment":[{"href":"https:\/\/www.miamibeachfl.gov\/fr\/wp-json\/wp\/v2\/media?parent=258303"}],"wp:term":[{"taxonomy":"category","embeddable":true,"href":"https:\/\/www.miamibeachfl.gov\/fr\/wp-json\/wp\/v2\/categories?post=258303"},{"taxonomy":"post_tag","embeddable":true,"href":"https:\/\/www.miamibeachfl.gov\/fr\/wp-json\/wp\/v2\/tags?post=258303"}],"curies":[{"name":"wp","href":"https:\/\/api.w.org\/{rel}","templated":true}]}}