{"id":258993,"date":"2023-08-07T09:31:47","date_gmt":"2023-08-07T13:31:47","guid":{"rendered":"https:\/\/www.miamibeachfl.gov\/?page_id=258993"},"modified":"2025-12-22T11:35:07","modified_gmt":"2025-12-22T16:35:07","slug":"additional-contacts","status":"publish","type":"page","link":"https:\/\/www.miamibeachfl.gov\/fr\/city-hall\/city-clerk\/public-records-request\/additional-contacts\/","title":{"rendered":"Contacts suppl\u00e9mentaires"},"content":{"rendered":"<img decoding=\"async\" src=\"https:\/\/www.miamibeachfl.gov\/wp-content\/uploads\/2022\/07\/hero-small.jpg\" alt=\"ocean drive art deco buildings\" itemprop=\"image\" height=\"211\" width=\"2395\" title=\"petit h\u00e9ros\" onerror=\"this.style.display='none'\" loading=\"lazy\" \/>\n<h1>\n\t\t\tContacts suppl\u00e9mentaires\t<\/h1>\n\t<nav id=\"breadcrumbs\" aria-label=\"Fil d&#039;Ariane\"><a href=\"https:\/\/www.miamibeachfl.gov\/fr\/\">Maison<\/a> &gt; <a href=\"https:\/\/www.miamibeachfl.gov\/fr\/city-hall\/\">l&#039;h\u00f4tel de ville<\/a> &gt; <a href=\"https:\/\/www.miamibeachfl.gov\/fr\/city-hall\/city-clerk\/\">greffier de la ville<\/a> &gt; <a href=\"https:\/\/www.miamibeachfl.gov\/fr\/city-hall\/city-clerk\/public-records-request\/\">Registres publics \/ Laserfiche<\/a> &gt; <strong>Contacts suppl\u00e9mentaires<\/strong><\/nav>\n\t<p>AVIS\u00a0: En vertu de la loi de Floride, les adresses courriel sont des documents publics. Si vous ne souhaitez pas que votre adresse courriel soit divulgu\u00e9e suite \u00e0 une demande d&#039;acc\u00e8s aux documents publics, n&#039;envoyez pas de courrier \u00e9lectronique \u00e0 la Ville de Miami Beach. Vous pouvez plut\u00f4t envoyer un courrier au bureau du greffier municipal \u00e0 l&#039;adresse suivante\u00a0:<\/p>\n<strong>Bureau du greffier de la ville<\/strong><br \/>\n1700 Convention Center Drive, 1er \u00e9tage<br \/>\nMiami Beach, FL 33139<br \/>\nT\u00e9l. 305.673.7411\n<strong>Rafael E. Granado, greffier municipal<\/strong><br \/>\nT\u00e9l. 305.673.7000 poste 26451<br \/>\nE-mail: <a href=\"mailto:RafaelGranado@miamibeachfl.gov\">RafaelGranado@miamibeachfl.gov<\/a>\n<strong>R\u00e9gis Barbou, greffier adjoint de la ville\u00a0<\/strong><br \/>\nT\u00e9l. 305.673.7000 poste 26578<br \/>\nE-mail: <a href=\"mailto:RegisBarbou@miamibeachfl.gov\">RegisBarbou@miamibeachfl.gov<\/a>\n<strong>Keila Mena, greffi\u00e8re adjointe de la ville<\/strong><br \/>\nT\u00e9l. 305.673.7000 poste 26078<br \/>\nE-mail: <a href=\"mailto:keilamenacaceres@miamibeachfl.gov\">KeilaMenaCaceres@miamibeachfl.gov\u00a0<\/a>\n<strong>Lilia Cardillo, coordinatrice de l&#039;agenda<\/strong><br \/>\nT\u00e9l. 305.673.7000 poste 26780<br \/>\nE-mail: <a href=\"mailto:LiliaCardillo@miamibeachfl.gov\">LiliaCardillo@miamibeachfl.gov<\/a>\n<strong>David Marquez, adjoint administratif V \u2013 Relations avec les lobbyistes<\/strong><br \/>\nT\u00e9l. 305.673.7000 poste 26155<br \/>\nE-mail: <a href=\"mailto:DavidMarquez@miamibeachfl.gov\">DavidMarquez@miamibeachfl.gov<\/a>\n<strong>Dasha Nenartovich, adjointe administrative IV \u2013 coordonnatrice des conseils et comit\u00e9s<\/strong><br \/>\nT\u00e9l. 305.673.7000 poste 26427<br \/>\nE-mail: <a href=\"mailto:DashaNenartovich@miamibeachfl.gov\">DashaNenartovich@miamibeachfl.gov<\/a>\n<strong>Giuseppina Fantini, associ\u00e9e de bureau IV\u00a0<\/strong><br \/>\nT\u00e9l. 305.673.7000 poste 26275<br \/>\nE-mail: <a href=\"mailto:GiuseppinaFantini@miamibeachfl.gov\">GiuseppinaFantini@miamibeachfl.gov<\/a>\n<strong>Ethan Lane, adjoint administratif IV \u2013 coordonnateur des archives publiques<\/strong><br \/>\nT\u00e9l. 305.673.7000 poste 26556<br \/>\nE-mail: <a href=\"mailto:EthanLane@miamibeachfl.gov\">EthanLane@miamibeachfl.gov<\/a>\n<p>Pour les demandes de documents publics, envoyez un courriel \u00e0 : <a href=\"mailto:ResearchRequest@miamibeachfl.gov\"><strong>ResearchRequest@miamibeachfl.gov<\/strong><\/a> ou appelez le 305.673.7411<\/p>\n<p><strong>AVIS SP\u00c9CIAL DU MAGISTRAT<\/strong>Selon la loi de Floride, les adresses courriel sont des documents publics. Si vous ne souhaitez pas que votre adresse courriel soit divulgu\u00e9e suite \u00e0 une demande d&#039;acc\u00e8s aux documents publics, n&#039;envoyez pas de courrier \u00e9lectronique \u00e0 la Ville de Miami Beach. Vous pouvez plut\u00f4t envoyer un courrier au Bureau du magistrat sp\u00e9cial \u00e0 l&#039;adresse suivante\u00a0:<\/p>\n<strong>Bureau du magistrat sp\u00e9cial<\/strong><br \/>\n1700 Convention Center Drive, 1er \u00e9tage<br \/>\nMiami Beach, FL 33139<br \/>\nT\u00e9l. 305.673.7181\n<strong>Shavonne Bryant, commis aux infractions au code<\/strong><br \/>\nT\u00e9l. 305.673.7000 poste 26859<br \/>\nE-mail: <a href=\"mailto:ShavonneBryant@miamibeachfl.gov\">ShavonneBryant@miamibeachfl.gov<\/a>\n<strong>Fernanda Silva, commis aux infractions au code<\/strong><br \/>\nT\u00e9l. 305.673.7000 poste 26541<br \/>\nE-mail: <a href=\"mailto:FernandaSilva@miamibeachfl.gov\">FernandaSilva@miamibeachfl.gov<\/a>\n<strong>Alice Lavado, commis aux infractions au code<br \/>\n<\/strong>T\u00e9l. 305.673.7000 poste 26614<strong><br \/>\n<\/strong>E-mail: <a href=\"mailto:AliceLavado@miamibeachfl.gov\">AliceLavado@miamibeachfl.gov\u00a0<\/a>\n<strong>Isabel Satchell, commis aux infractions au code<\/strong><br \/>\nT\u00e9l. 305.673.7000 poste 26918<br \/>\nE-mail:<a href=\"mailto:lsabelSatchell@miamibeachfl.gov\"> lsabelSatchell@miamibeachfl.gov<\/a>\n<p><strong>AVIS DES SERVICES CENTRAUX<\/strong>Selon la loi de Floride, les adresses courriel sont des documents publics. Si vous ne souhaitez pas que votre adresse courriel soit divulgu\u00e9e suite \u00e0 une demande d&#039;acc\u00e8s aux documents publics, n&#039;envoyez pas de courrier \u00e9lectronique \u00e0 la Ville de Miami Beach. Vous pouvez plut\u00f4t contacter la Division des services centraux \u00e0 l&#039;adresse suivante\u00a0:<\/p>\n<strong>Division des services centraux<\/strong><br \/>\n1700 Convention Center Drive, 1er \u00e9tage<br \/>\nMiami Beach, FL 33139<br \/>\nT\u00e9l. 305.673.7480\n<strong>Keith Valles, coordonnateur des services centraux<\/strong><br \/>\nT\u00e9l. 305.673.7000 poste 27480<br \/>\nE-mail: <a href=\"mailto:KeithValles@miamibeachfl.gov\">KeithValles@miamibeachfl.gov<\/a>\n<strong>Yusmel Dominguez, technicien des services centraux II<\/strong><br \/>\nT\u00e9l. 305.673.7000 poste 27480<br \/>\nE-mail: <a href=\"mailto:YusmelDominguez@miamibeachfl.gov\">YusmelDominguez@miamibeachfl.gov<\/a>\n<strong>Manuel Ramos Jr, technicien des services centraux<\/strong><br \/>\nT\u00e9l. 305.673.7000 poste 27480<br \/>\nE-mail: <a href=\"mailto:manuelramosjr@miamibeachfl.gov\">ManuelRamosJr@miamibeachfl.gov<\/a>\n<strong>Sam Augustin, technicien des services centraux<\/strong><br \/>\nT\u00e9l. 305.673.7000 poste 27480<br \/>\nE-mail: <a href=\"mailto:DavidMarquez@miamibeachfl.gov\">SamAugustin@miamibeachfl.gov<\/a>\n<p>&nbsp;<\/p>\n\t\tAcc\u00e9der \u00e0\u2026\t\t\t\n\t\t\t\t\t<ul id=\"menu-city-clerk-main-menu\"><li id=\"menu-item-363744\"><a href=\"\/fr\/city-hall\/city-clerk\/boards-and-committees\/\">Conseils et comit\u00e9s<\/a><\/li>\n<li id=\"menu-item-363745\"><a href=\"\/fr\/city-hall\/city-clerk\/meetings-and-agendas\/\">R\u00e9unions et ordres du jour de la ville de Miami Beach<\/a><\/li>\n<li id=\"menu-item-363746\"><a href=\"\/fr\/city-hall\/city-clerk\/discrimination-in-employment\/\">Discrimination dans l&#039;emploi<\/a><\/li>\n<li id=\"menu-item-363747\"><a href=\"\/fr\/city-hall\/city-clerk\/election-information\/\">Informations \u00e9lectorales<\/a><\/li>\n<li id=\"menu-item-363748\"><a href=\"\/fr\/city-hall\/city-clerk\/forms\/\">Formulaires<\/a><\/li>\n<li id=\"menu-item-363749\"><a href=\"\/fr\/city-hall\/city-clerk\/meeting-notices\/\">Annonces l\u00e9gales et avis publics<\/a><\/li>\n<li id=\"menu-item-363750\"><a href=\"\/fr\/city-hall\/city-clerk\/lobbyist-information\/\">Informations sur les lobbyistes<\/a><\/li>\n<li id=\"menu-item-363751\"><a href=\"\/fr\/city-hall\/city-clerk\/marriage-license\/\">Licence de mariage<\/a><\/li>\n<li id=\"menu-item-363752\"><a href=\"\/fr\/city-hall\/city-clerk\/public-records-request\/\">Registres publics \/ Laserfiche<\/a><\/li>\n<li id=\"menu-item-363753\"><a href=\"\/fr\/city-hall\/city-clerk\/public-records-portal\/\">Portail des archives publiques<\/a><\/li>\n<li id=\"menu-item-363754\"><a href=\"\/fr\/city-hall\/city-clerk\/residents-right-to-know\/\">Le droit des r\u00e9sidents \u00e0 savoir<\/a><\/li>\n<li id=\"menu-item-363755\"><a href=\"\/fr\/city-hall\/city-clerk\/special-magistrate\/\">magistrat sp\u00e9cial<\/a><\/li>\n<\/ul>\t\n\t<div class=\"page-navigation\"><a class=\"prev-page\" href=\"https:\/\/www.miamibeachfl.gov\/fr\/city-hall\/human-resources\/benefits\/contact-us\/\">\u2190 Contacter les avantages RH<\/a> <a class=\"next-page\" href=\"https:\/\/www.miamibeachfl.gov\/fr\/yourmbpd\/dailyarrestsreport\/\">Rapport quotidien sur les arrestations \u00e0 Miami Beach \u2192<\/a><\/div>","protected":false},"excerpt":{"rendered":"<p>Additional Contacts Home &gt; City Hall &gt; City Clerk &gt; Public Records \/ Laserfiche &gt; Additional Contacts NOTICE: Under Florida [&hellip;]<\/p>\n","protected":false},"author":222,"featured_media":0,"parent":28364,"menu_order":0,"comment_status":"closed","ping_status":"closed","template":"","meta":{"_searchwp_excluded":"","site-sidebar-layout":"default","site-content-layout":"","ast-site-content-layout":"default","site-content-style":"default","site-sidebar-style":"default","ast-global-header-display":"","ast-banner-title-visibility":"","ast-main-header-display":"","ast-hfb-above-header-display":"","ast-hfb-below-header-display":"","ast-hfb-mobile-header-display":"","site-post-title":"","ast-breadcrumbs-content":"","ast-featured-img":"","footer-sml-layout":"","theme-transparent-header-meta":"","adv-header-id-meta":"","stick-header-meta":"","header-above-stick-meta":"","header-main-stick-meta":"","header-below-stick-meta":"","astra-migrate-meta-layouts":"default","ast-page-background-enabled":"default","ast-page-background-meta":{"desktop":{"background-color":"var(--ast-global-color-5)","background-image":"","background-repeat":"repeat","background-position":"center center","background-size":"auto","background-attachment":"scroll","background-type":"","background-media":"","overlay-type":"","overlay-color":"","overlay-opacity":"","overlay-gradient":""},"tablet":{"background-color":"","background-image":"","background-repeat":"repeat","background-position":"center center","background-size":"auto","background-attachment":"scroll","background-type":"","background-media":"","overlay-type":"","overlay-color":"","overlay-opacity":"","overlay-gradient":""},"mobile":{"background-color":"","background-image":"","background-repeat":"repeat","background-position":"center center","background-size":"auto","background-attachment":"scroll","background-type":"","background-media":"","overlay-type":"","overlay-color":"","overlay-opacity":"","overlay-gradient":""}},"ast-content-background-meta":{"desktop":{"background-color":"var(--ast-global-color-4)","background-image":"","background-repeat":"repeat","background-position":"center center","background-size":"auto","background-attachment":"scroll","background-type":"","background-media":"","overlay-type":"","overlay-color":"","overlay-opacity":"","overlay-gradient":""},"tablet":{"background-color":"var(--ast-global-color-4)","background-image":"","background-repeat":"repeat","background-position":"center center","background-size":"auto","background-attachment":"scroll","background-type":"","background-media":"","overlay-type":"","overlay-color":"","overlay-opacity":"","overlay-gradient":""},"mobile":{"background-color":"var(--ast-global-color-4)","background-image":"","background-repeat":"repeat","background-position":"center center","background-size":"auto","background-attachment":"scroll","background-type":"","background-media":"","overlay-type":"","overlay-color":"","overlay-opacity":"","overlay-gradient":""}},"footnotes":""},"categories":[],"tags":[],"class_list":["post-258993","page","type-page","status-publish","hentry"],"yoast_head":"<!-- This site is optimized with the Yoast SEO Premium plugin v27.4 (Yoast SEO v27.4) - https:\/\/yoast.com\/product\/yoast-seo-premium-wordpress\/ -->\n<title>Additional Contacts - City of Miami Beach<\/title>\n<meta name=\"description\" content=\"%\" \/>\n<meta name=\"robots\" content=\"index, follow, max-snippet:-1, max-image-preview:large, max-video-preview:-1\" \/>\n<link rel=\"canonical\" href=\"https:\/\/www.miamibeachfl.gov\/fr\/city-hall\/city-clerk\/public-records-request\/additional-contacts\/\" \/>\n<meta property=\"og:locale\" content=\"fr_FR\" \/>\n<meta property=\"og:type\" content=\"article\" \/>\n<meta property=\"og:title\" content=\"Additional Contacts\" \/>\n<meta property=\"og:description\" content=\"%\" \/>\n<meta property=\"og:url\" content=\"https:\/\/www.miamibeachfl.gov\/fr\/city-hall\/city-clerk\/public-records-request\/additional-contacts\/\" \/>\n<meta property=\"og:site_name\" content=\"City of Miami Beach\" \/>\n<meta property=\"article:publisher\" content=\"https:\/\/www.facebook.com\/cityofmiamibeach\" \/>\n<meta property=\"article:modified_time\" content=\"2025-12-22T16:35:07+00:00\" \/>\n<meta property=\"og:image\" content=\"https:\/\/www.miamibeachfl.gov\/wp-content\/uploads\/2022\/07\/hero-small.jpg\" \/>\n<meta name=\"twitter:card\" content=\"summary_large_image\" \/>\n<meta name=\"twitter:site\" content=\"@Miamibeachnews\" \/>\n<script type=\"application\/ld+json\" class=\"yoast-schema-graph\">{\"@context\":\"https:\\\/\\\/schema.org\",\"@graph\":[{\"@type\":\"WebPage\",\"@id\":\"https:\\\/\\\/www.miamibeachfl.gov\\\/city-hall\\\/city-clerk\\\/public-records-request\\\/additional-contacts\\\/\",\"url\":\"https:\\\/\\\/www.miamibeachfl.gov\\\/city-hall\\\/city-clerk\\\/public-records-request\\\/additional-contacts\\\/\",\"name\":\"Additional Contacts - City of Miami Beach\",\"isPartOf\":{\"@id\":\"https:\\\/\\\/www.miamibeachfl.gov\\\/#website\"},\"primaryImageOfPage\":{\"@id\":\"https:\\\/\\\/www.miamibeachfl.gov\\\/city-hall\\\/city-clerk\\\/public-records-request\\\/additional-contacts\\\/#primaryimage\"},\"image\":{\"@id\":\"https:\\\/\\\/www.miamibeachfl.gov\\\/city-hall\\\/city-clerk\\\/public-records-request\\\/additional-contacts\\\/#primaryimage\"},\"thumbnailUrl\":\"https:\\\/\\\/www.miamibeachfl.gov\\\/wp-content\\\/uploads\\\/2022\\\/07\\\/hero-small.jpg\",\"datePublished\":\"2023-08-07T13:31:47+00:00\",\"dateModified\":\"2025-12-22T16:35:07+00:00\",\"description\":\"%\",\"breadcrumb\":{\"@id\":\"https:\\\/\\\/www.miamibeachfl.gov\\\/city-hall\\\/city-clerk\\\/public-records-request\\\/additional-contacts\\\/#breadcrumb\"},\"inLanguage\":\"fr-FR\",\"potentialAction\":[{\"@type\":\"ReadAction\",\"target\":[\"https:\\\/\\\/www.miamibeachfl.gov\\\/city-hall\\\/city-clerk\\\/public-records-request\\\/additional-contacts\\\/\"]}]},{\"@type\":\"ImageObject\",\"inLanguage\":\"fr-FR\",\"@id\":\"https:\\\/\\\/www.miamibeachfl.gov\\\/city-hall\\\/city-clerk\\\/public-records-request\\\/additional-contacts\\\/#primaryimage\",\"url\":\"https:\\\/\\\/www.miamibeachfl.gov\\\/wp-content\\\/uploads\\\/2022\\\/07\\\/hero-small.jpg\",\"contentUrl\":\"https:\\\/\\\/www.miamibeachfl.gov\\\/wp-content\\\/uploads\\\/2022\\\/07\\\/hero-small.jpg\"},{\"@type\":\"BreadcrumbList\",\"@id\":\"https:\\\/\\\/www.miamibeachfl.gov\\\/city-hall\\\/city-clerk\\\/public-records-request\\\/additional-contacts\\\/#breadcrumb\",\"itemListElement\":[{\"@type\":\"ListItem\",\"position\":1,\"name\":\"Home\",\"item\":\"https:\\\/\\\/www.miamibeachfl.gov\\\/\"},{\"@type\":\"ListItem\",\"position\":2,\"name\":\"City Hall\",\"item\":\"https:\\\/\\\/www.miamibeachfl.gov\\\/city-hall\\\/\"},{\"@type\":\"ListItem\",\"position\":3,\"name\":\"City Clerk\",\"item\":\"https:\\\/\\\/www.miamibeachfl.gov\\\/city-hall\\\/city-clerk\\\/\"},{\"@type\":\"ListItem\",\"position\":4,\"name\":\"Public Records \\\/ Laserfiche\",\"item\":\"https:\\\/\\\/www.miamibeachfl.gov\\\/city-hall\\\/city-clerk\\\/public-records-request\\\/\"},{\"@type\":\"ListItem\",\"position\":5,\"name\":\"Additional Contacts\"}]},{\"@type\":\"WebSite\",\"@id\":\"https:\\\/\\\/www.miamibeachfl.gov\\\/#website\",\"url\":\"https:\\\/\\\/www.miamibeachfl.gov\\\/\",\"name\":\"City of Miami Beach\",\"description\":\"The official website of the City of Miami Beach. Stay informed, find important information on city services, news, alerts, events, trolley routes, government employment and more.\",\"publisher\":{\"@id\":\"https:\\\/\\\/www.miamibeachfl.gov\\\/#organization\"},\"potentialAction\":[{\"@type\":\"SearchAction\",\"target\":{\"@type\":\"EntryPoint\",\"urlTemplate\":\"https:\\\/\\\/www.miamibeachfl.gov\\\/?s={search_term_string}\"},\"query-input\":{\"@type\":\"PropertyValueSpecification\",\"valueRequired\":true,\"valueName\":\"search_term_string\"}}],\"inLanguage\":\"fr-FR\"},{\"@type\":\"Organization\",\"@id\":\"https:\\\/\\\/www.miamibeachfl.gov\\\/#organization\",\"name\":\"City of Miami Beach\",\"url\":\"https:\\\/\\\/www.miamibeachfl.gov\\\/\",\"logo\":{\"@type\":\"ImageObject\",\"inLanguage\":\"fr-FR\",\"@id\":\"https:\\\/\\\/www.miamibeachfl.gov\\\/#\\\/schema\\\/logo\\\/image\\\/\",\"url\":\"https:\\\/\\\/www.miamibeachfl.gov\\\/wp-content\\\/uploads\\\/2022\\\/06\\\/miamibeach-logoblue.png\",\"contentUrl\":\"https:\\\/\\\/www.miamibeachfl.gov\\\/wp-content\\\/uploads\\\/2022\\\/06\\\/miamibeach-logoblue.png\",\"width\":1962,\"height\":381,\"caption\":\"City of Miami Beach\"},\"image\":{\"@id\":\"https:\\\/\\\/www.miamibeachfl.gov\\\/#\\\/schema\\\/logo\\\/image\\\/\"},\"sameAs\":[\"https:\\\/\\\/www.facebook.com\\\/cityofmiamibeach\",\"https:\\\/\\\/x.com\\\/Miamibeachnews\",\"https:\\\/\\\/www.instagram.com\\\/miamibeachnews\\\/\"],\"description\":\"The official website of the City of Miami Beach. Stay informed, find important information on city services, news, alerts, events, trolley routes, government employment and more.\",\"telephone\":\"305.604.CITY(2489)\",\"legalName\":\"City of Miami Beach\"}]}<\/script>\n<!-- \/ Yoast SEO Premium plugin. -->","yoast_head_json":{"title":"Contacts suppl\u00e9mentaires \u2013 Ville de Miami Beach","description":"%","robots":{"index":"index","follow":"follow","max-snippet":"max-snippet:-1","max-image-preview":"max-image-preview:large","max-video-preview":"max-video-preview:-1"},"canonical":"https:\/\/www.miamibeachfl.gov\/fr\/city-hall\/city-clerk\/public-records-request\/additional-contacts\/","og_locale":"fr_FR","og_type":"article","og_title":"Additional Contacts","og_description":"%","og_url":"https:\/\/www.miamibeachfl.gov\/fr\/city-hall\/city-clerk\/public-records-request\/additional-contacts\/","og_site_name":"City of Miami Beach","article_publisher":"https:\/\/www.facebook.com\/cityofmiamibeach","article_modified_time":"2025-12-22T16:35:07+00:00","og_image":[{"url":"https:\/\/www.miamibeachfl.gov\/wp-content\/uploads\/2022\/07\/hero-small.jpg","type":"","width":"","height":""}],"twitter_card":"summary_large_image","twitter_site":"@Miamibeachnews","schema":{"@context":"https:\/\/schema.org","@graph":[{"@type":"WebPage","@id":"https:\/\/www.miamibeachfl.gov\/city-hall\/city-clerk\/public-records-request\/additional-contacts\/","url":"https:\/\/www.miamibeachfl.gov\/city-hall\/city-clerk\/public-records-request\/additional-contacts\/","name":"Contacts suppl\u00e9mentaires \u2013 Ville de Miami Beach","isPartOf":{"@id":"https:\/\/www.miamibeachfl.gov\/#website"},"primaryImageOfPage":{"@id":"https:\/\/www.miamibeachfl.gov\/city-hall\/city-clerk\/public-records-request\/additional-contacts\/#primaryimage"},"image":{"@id":"https:\/\/www.miamibeachfl.gov\/city-hall\/city-clerk\/public-records-request\/additional-contacts\/#primaryimage"},"thumbnailUrl":"https:\/\/www.miamibeachfl.gov\/wp-content\/uploads\/2022\/07\/hero-small.jpg","datePublished":"2023-08-07T13:31:47+00:00","dateModified":"2025-12-22T16:35:07+00:00","description":"%","breadcrumb":{"@id":"https:\/\/www.miamibeachfl.gov\/city-hall\/city-clerk\/public-records-request\/additional-contacts\/#breadcrumb"},"inLanguage":"fr-FR","potentialAction":[{"@type":"ReadAction","target":["https:\/\/www.miamibeachfl.gov\/city-hall\/city-clerk\/public-records-request\/additional-contacts\/"]}]},{"@type":"ImageObject","inLanguage":"fr-FR","@id":"https:\/\/www.miamibeachfl.gov\/city-hall\/city-clerk\/public-records-request\/additional-contacts\/#primaryimage","url":"https:\/\/www.miamibeachfl.gov\/wp-content\/uploads\/2022\/07\/hero-small.jpg","contentUrl":"https:\/\/www.miamibeachfl.gov\/wp-content\/uploads\/2022\/07\/hero-small.jpg"},{"@type":"BreadcrumbList","@id":"https:\/\/www.miamibeachfl.gov\/city-hall\/city-clerk\/public-records-request\/additional-contacts\/#breadcrumb","itemListElement":[{"@type":"ListItem","position":1,"name":"Home","item":"https:\/\/www.miamibeachfl.gov\/"},{"@type":"ListItem","position":2,"name":"City Hall","item":"https:\/\/www.miamibeachfl.gov\/city-hall\/"},{"@type":"ListItem","position":3,"name":"City Clerk","item":"https:\/\/www.miamibeachfl.gov\/city-hall\/city-clerk\/"},{"@type":"ListItem","position":4,"name":"Public Records \/ Laserfiche","item":"https:\/\/www.miamibeachfl.gov\/city-hall\/city-clerk\/public-records-request\/"},{"@type":"ListItem","position":5,"name":"Additional Contacts"}]},{"@type":"WebSite","@id":"https:\/\/www.miamibeachfl.gov\/#website","url":"https:\/\/www.miamibeachfl.gov\/","name":"Ville de Miami Beach","description":"Site officiel de la ville de Miami Beach. Restez inform\u00e9 et trouvez des informations importantes sur les services municipaux, les actualit\u00e9s, les alertes, les \u00e9v\u00e9nements, les itin\u00e9raires de tramway, les emplois gouvernementaux et bien plus encore.","publisher":{"@id":"https:\/\/www.miamibeachfl.gov\/#organization"},"potentialAction":[{"@type":"SearchAction","target":{"@type":"EntryPoint","urlTemplate":"https:\/\/www.miamibeachfl.gov\/?s={search_term_string}"},"query-input":{"@type":"PropertyValueSpecification","valueRequired":true,"valueName":"search_term_string"}}],"inLanguage":"fr-FR"},{"@type":"Organization","@id":"https:\/\/www.miamibeachfl.gov\/#organization","name":"Ville de Miami Beach","url":"https:\/\/www.miamibeachfl.gov\/","logo":{"@type":"ImageObject","inLanguage":"fr-FR","@id":"https:\/\/www.miamibeachfl.gov\/#\/schema\/logo\/image\/","url":"https:\/\/www.miamibeachfl.gov\/wp-content\/uploads\/2022\/06\/miamibeach-logoblue.png","contentUrl":"https:\/\/www.miamibeachfl.gov\/wp-content\/uploads\/2022\/06\/miamibeach-logoblue.png","width":1962,"height":381,"caption":"City of Miami Beach"},"image":{"@id":"https:\/\/www.miamibeachfl.gov\/#\/schema\/logo\/image\/"},"sameAs":["https:\/\/www.facebook.com\/cityofmiamibeach","https:\/\/x.com\/Miamibeachnews","https:\/\/www.instagram.com\/miamibeachnews\/"],"description":"Site officiel de la ville de Miami Beach. Restez inform\u00e9 et trouvez des informations importantes sur les services municipaux, les actualit\u00e9s, les alertes, les \u00e9v\u00e9nements, les itin\u00e9raires de tramway, les emplois gouvernementaux et bien plus encore.","telephone":"305.604.CITY(2489)","legalName":"City of Miami Beach"}]}},"_links":{"self":[{"href":"https:\/\/www.miamibeachfl.gov\/fr\/wp-json\/wp\/v2\/pages\/258993","targetHints":{"allow":["GET"]}}],"collection":[{"href":"https:\/\/www.miamibeachfl.gov\/fr\/wp-json\/wp\/v2\/pages"}],"about":[{"href":"https:\/\/www.miamibeachfl.gov\/fr\/wp-json\/wp\/v2\/types\/page"}],"author":[{"embeddable":true,"href":"https:\/\/www.miamibeachfl.gov\/fr\/wp-json\/wp\/v2\/users\/222"}],"replies":[{"embeddable":true,"href":"https:\/\/www.miamibeachfl.gov\/fr\/wp-json\/wp\/v2\/comments?post=258993"}],"version-history":[{"count":1,"href":"https:\/\/www.miamibeachfl.gov\/fr\/wp-json\/wp\/v2\/pages\/258993\/revisions"}],"predecessor-version":[{"id":392035,"href":"https:\/\/www.miamibeachfl.gov\/fr\/wp-json\/wp\/v2\/pages\/258993\/revisions\/392035"}],"up":[{"embeddable":true,"href":"https:\/\/www.miamibeachfl.gov\/fr\/wp-json\/wp\/v2\/pages\/28364"}],"wp:attachment":[{"href":"https:\/\/www.miamibeachfl.gov\/fr\/wp-json\/wp\/v2\/media?parent=258993"}],"wp:term":[{"taxonomy":"category","embeddable":true,"href":"https:\/\/www.miamibeachfl.gov\/fr\/wp-json\/wp\/v2\/categories?post=258993"},{"taxonomy":"post_tag","embeddable":true,"href":"https:\/\/www.miamibeachfl.gov\/fr\/wp-json\/wp\/v2\/tags?post=258993"}],"curies":[{"name":"wp","href":"https:\/\/api.w.org\/{rel}","templated":true}]}}