{"id":260651,"date":"2023-05-18T11:17:37","date_gmt":"2023-05-18T15:17:37","guid":{"rendered":"https:\/\/www.miamibeachfl.gov\/?page_id=260651"},"modified":"2024-02-09T10:25:29","modified_gmt":"2024-02-09T15:25:29","slug":"ad-hoc-neighborhood-resiliency-projects-advisory-committee","status":"publish","type":"page","link":"https:\/\/www.miamibeachfl.gov\/fr\/city-hall\/city-clerk\/boards-and-committees\/ad-hoc-neighborhood-resiliency-projects-advisory-committee\/","title":{"rendered":"Comit\u00e9 consultatif des projets de r\u00e9silience des quartiers"},"content":{"rendered":"<h1>Comit\u00e9 consultatif des projets de r\u00e9silience des quartiers<\/h1>\r\n<p>Menu du greffier municipal<\/p>\r\n<ul id=\"menu-city-clerk\">\r\n<li id=\"menu-item-258831\"><a href=\"\/fr\/city-hall\/city-clerk\/public-records-request\/\">documents publics<\/a><\/li>\r\n<li id=\"menu-item-258832\"><a href=\"\/fr\/city-hall\/city-clerk\/agenda-archive-main-page-2\/\">Ordres du jour<\/a><\/li>\r\n<li id=\"menu-item-258833\"><a href=\"\/fr\/city-hall\/city-clerk\/forms\/\">Formulaires<\/a><\/li>\r\n<li id=\"menu-item-258834\"><a href=\"\/fr\/city-hall\/city-clerk\/boards-and-committees\/\">Conseils et comit\u00e9s<\/a><\/li>\r\n<li id=\"menu-item-258835\"><a href=\"\/fr\/city-hall\/city-clerk\/election-information\/\">Informations \u00e9lectorales<\/a><\/li>\r\n<li id=\"menu-item-258836\"><a href=\"\/fr\/city-hall\/city-clerk\/notification-system\/\">Notifications<\/a><\/li>\r\n<li id=\"menu-item-258837\"><a href=\"\/fr\/city-hall\/city-clerk\/public-records-request\/additional-contacts\/\">Contactez-nous<\/a><\/li>\r\n<\/ul>\r\n<p>Menu du greffier municipal \u00d7<\/p>\r\n<ul id=\"menu-city-clerk-1\">\r\n<li id=\"menu-item-258831\"><a href=\"\/fr\/city-hall\/city-clerk\/public-records-request\/\">documents publics<\/a><\/li>\r\n<li id=\"menu-item-258832\"><a href=\"\/fr\/city-hall\/city-clerk\/agenda-archive-main-page-2\/\">Ordres du jour<\/a><\/li>\r\n<li id=\"menu-item-258833\"><a href=\"\/fr\/city-hall\/city-clerk\/forms\/\">Formulaires<\/a><\/li>\r\n<li id=\"menu-item-258834\"><a href=\"\/fr\/city-hall\/city-clerk\/boards-and-committees\/\">Conseils et comit\u00e9s<\/a><\/li>\r\n<li id=\"menu-item-258835\"><a href=\"\/fr\/city-hall\/city-clerk\/election-information\/\">Informations \u00e9lectorales<\/a><\/li>\r\n<li id=\"menu-item-258836\"><a href=\"\/fr\/city-hall\/city-clerk\/notification-system\/\">Notifications<\/a><\/li>\r\n<li id=\"menu-item-258837\"><a href=\"\/fr\/city-hall\/city-clerk\/public-records-request\/additional-contacts\/\">Contactez-nous<\/a><\/li>\r\n<\/ul>\r\n<p><strong>But<\/strong><\/p>\r\n<ol>\r\n<li>\r\n<ol>\r\n<li>Le Comit\u00e9 consultatif des projets de r\u00e9silience des quartiers a pour mission de conseiller la Commission municipale et le directeur municipal sur les programmes d&#039;infrastructures de quartier et les questions de propri\u00e9t\u00e9 priv\u00e9e li\u00e9es aux projets de r\u00e9silience de la Ville. Il contribue notamment \u00e0 faire conna\u00eetre les projets existants et futurs au sein de la communaut\u00e9 et \u00e0 recueillir les id\u00e9es et les commentaires des r\u00e9sidents afin d&#039;am\u00e9liorer la planification et la r\u00e9alisation des projets futurs. Le Comit\u00e9 ne formule pas de conseils sur des questions sp\u00e9cifiquement examin\u00e9es par la Commission municipale afin d&#039;\u00e9viter des r\u00e9percussions financi\u00e8res ou des retards injustifi\u00e9s dans la mise en \u0153uvre de projets de r\u00e9silience essentiels.<\/li>\r\n<\/ol>\r\n<\/li>\r\n<\/ol>\r\n<p><strong>Pouvoirs et devoirs\u00a0<\/strong><\/p>\r\n<ol>\r\n<li>\r\n<ol>\r\n<li>Fournir des recommandations consultatives et des commentaires sur les meilleures approches pour am\u00e9liorer la formation et l\u2019engagement des r\u00e9sidents.<\/li>\r\n<li>Fournir des recommandations consultatives et des commentaires sur les am\u00e9liorations des processus d\u2019att\u00e9nuation des inondations.<\/li>\r\n<li>Partagez vos commentaires et \u00e9valuez l\u2019esth\u00e9tique g\u00e9n\u00e9rale du quartier ainsi que les am\u00e9liorations des services publics et des infrastructures, telles que les crit\u00e8res de d\u00e9cision d\u2019emplacement des stations de pompage ou d\u2019autres am\u00e9liorations.<\/li>\r\n<li>Offrir un forum au Comit\u00e9 pour partager les meilleures pratiques et les le\u00e7ons apprises des projets termin\u00e9s et\/ou des projets en cours, en vue d\u2019une \u00e9ventuelle int\u00e9gration dans le cadre de projets futurs.<\/li>\r\n<\/ol>\r\n<\/li>\r\n<\/ol>\r\n<p><strong>Composition des membres.\u00a0<\/strong><\/p>\r\n<p>Le comit\u00e9 sera compos\u00e9 de sept (7) membres, tous nomm\u00e9s pour un mandat maximal de deux (2) ans. Chaque membre de la commission municipale proc\u00e9dera \u00e0 une (1) nomination directe au comit\u00e9.<\/p>\r\n<ol>\r\n<li>\r\n<ol>\r\n<li>Les sept (7) membres doivent \u00eatre affili\u00e9s \u00e0 la Ville, conform\u00e9ment aux exigences g\u00e9n\u00e9rales de l&#039;article 2-22 du Code municipal. De plus, ils doivent satisfaire aux exigences suivantes\u00a0:<\/li>\r\n<li>Exigences g\u00e9n\u00e9rales. Chacun des sept (7) membres doit d\u00e9montrer un int\u00e9r\u00eat marqu\u00e9 pour l&#039;att\u00e9nuation des inondations, l&#039;\u00e9l\u00e9vation du niveau de la mer et l&#039;adaptation \u00e0 ces derni\u00e8res, les infrastructures et\/ou les questions de leadership de quartier, y compris, sans s&#039;y limiter, les milieux universitaires, les associations de propri\u00e9taires, les syndicats de copropri\u00e9t\u00e9, les coop\u00e9ratives, les groupes civiques ou autres qualifications similaires. Une expertise dans les domaines suivants serait un atout\u00a0:<\/li>\r\n<\/ol>\r\n<\/li>\r\n<\/ol>\r\n<ul>\r\n<li>\r\n<ul>\r\n<li>\r\n<ul>\r\n<li>a) G\u00e9nie civil ou formation connexe ax\u00e9e sur les infrastructures<\/li>\r\n<li>b) Architecture, architecture de paysage ou domaine connexe ax\u00e9 sur l&#039;am\u00e9nagement du quartier<\/li>\r\n<li>c) Engagement public ou communication pour la construction ou l&#039;am\u00e9nagement du quartier ou similaire<\/li>\r\n<li>d) Planification de la gestion des urgences ou att\u00e9nuation des catastrophes ou des inondations.<\/li>\r\n<\/ul>\r\n<\/li>\r\n<\/ul>\r\n<\/li>\r\n<\/ul>\r\n<p><a href=\"https:\/\/www.mbrisingabove.com\/your-city-at-work\/advisory-committees\/resiliencecommittee\/\">Comit\u00e9 des projets de r\u00e9silience des quartiers &gt;<\/a><\/p>\r\n<p><a role=\"button\" href=\"https:\/\/www.miamibeachfl.gov\/wp-content\/uploads\/2024\/02\/BC-Website.pdf\" target=\"_blank\" rel=\"noopener\"> D\u00e9tails de l&#039;adh\u00e9sion (conditions, postes, titres) <\/a> <a role=\"button\" href=\"https:\/\/www.miamibeachfl.gov\/wp-content\/uploads\/2024\/02\/BC-Website.pdf\" target=\"_blank\" rel=\"noopener\"> Coordonn\u00e9es du membre <\/a> <a role=\"button\" href=\"https:\/\/www.miamibeachfl.gov\/wp-content\/uploads\/2024\/02\/BC-Website.pdf\" target=\"_blank\" rel=\"noopener\"> Postes vacants <\/a> <a role=\"button\" href=\"https:\/\/www.miamibeachfl.gov\/wp-content\/uploads\/2024\/01\/Liaison-Contact-Information-1.pdf\" target=\"_blank\" rel=\"noopener\"> Coordonn\u00e9es de Liaison <\/a> <iframe loading=\"lazy\" src=\"https:\/\/docmgmt.miamibeachfl.gov\/WebLink\/Browse.aspx?id=211300&amp;dbid=0&amp;repo=CityClerk\" width=\"100%\" height=\"100%\" frameborder=\"0\" allowfullscreen=\"allowfullscreen\"><\/iframe> <a href=\"\/fr\/void(0)\/\" target=\"_self\" rel=\"noopener\" aria-label=\"Rechercher dans les archives\"> Rechercher dans les archives <\/a> <iframe loading=\"lazy\" src=\"https:\/\/miamibeach.novusagenda.com\/agendapublic\/meetingsgeneral.aspx\" width=\"100%\" height=\"100%\" frameborder=\"0\" allowfullscreen=\"allowfullscreen\"><\/iframe> <a href=\"\/fr\/void(0)\/\" target=\"_self\" rel=\"noopener\" aria-label=\"Rechercher les ordres du jour et les proc\u00e8s-verbaux\"> Rechercher les ordres du jour et les proc\u00e8s-verbaux <\/a> <a role=\"button\" href=\"https:\/\/www.miamibeachfl.gov\/fr\/city-hall\/city-clerk-new\/contactus\/\" target=\"_self\" rel=\"noopener\"> Contactez-nous <\/a><\/p>\r\n<h3>Demandes d&#039;acc\u00e8s aux documents publics<\/h3>\r\n<p>Visitez le site de demande d&#039;archives publiques de la ville de Miami Beach. Soumettez une nouvelle demande, v\u00e9rifiez son statut et consultez les archives des demandes d&#039;archives.<\/p>\r\n<p>Si vous avez des questions sur les archives publiques, veuillez appeler le bureau du greffier de la ville de Miami Beach au 305-673-7411.\u00a0<\/p>\r\n<p><a role=\"button\" href=\"https:\/\/miamibeachfl.justfoia.com\/publicportal\/home\/track\" target=\"_blank\" rel=\"noopener\" aria-label=\"Soumettre une demande\"> Soumettre une demande <\/a><\/p>","protected":false},"excerpt":{"rendered":"<p>Comit\u00e9 consultatif des projets de r\u00e9silience des quartiers Greffier municipal Menu Dossiers publics Ordres du jour Formulaires Conseils et comit\u00e9s Informations \u00e9lectorales Avis Contactez-nous [\u2026]<\/p>","protected":false},"author":222,"featured_media":0,"parent":258819,"menu_order":32,"comment_status":"closed","ping_status":"closed","template":"page-blank.php","meta":{"_searchwp_excluded":"","site-sidebar-layout":"default","site-content-layout":"","ast-site-content-layout":"default","site-content-style":"default","site-sidebar-style":"default","ast-global-header-display":"","ast-banner-title-visibility":"","ast-main-header-display":"","ast-hfb-above-header-display":"","ast-hfb-below-header-display":"","ast-hfb-mobile-header-display":"","site-post-title":"","ast-breadcrumbs-content":"","ast-featured-img":"","footer-sml-layout":"","theme-transparent-header-meta":"","adv-header-id-meta":"","stick-header-meta":"","header-above-stick-meta":"","header-main-stick-meta":"","header-below-stick-meta":"","astra-migrate-meta-layouts":"default","ast-page-background-enabled":"default","ast-page-background-meta":{"desktop":{"background-color":"var(--ast-global-color-5)","background-image":"","background-repeat":"repeat","background-position":"center center","background-size":"auto","background-attachment":"scroll","background-type":"","background-media":"","overlay-type":"","overlay-color":"","overlay-opacity":"","overlay-gradient":""},"tablet":{"background-color":"","background-image":"","background-repeat":"repeat","background-position":"center center","background-size":"auto","background-attachment":"scroll","background-type":"","background-media":"","overlay-type":"","overlay-color":"","overlay-opacity":"","overlay-gradient":""},"mobile":{"background-color":"","background-image":"","background-repeat":"repeat","background-position":"center center","background-size":"auto","background-attachment":"scroll","background-type":"","background-media":"","overlay-type":"","overlay-color":"","overlay-opacity":"","overlay-gradient":""}},"ast-content-background-meta":{"desktop":{"background-color":"var(--ast-global-color-4)","background-image":"","background-repeat":"repeat","background-position":"center center","background-size":"auto","background-attachment":"scroll","background-type":"","background-media":"","overlay-type":"","overlay-color":"","overlay-opacity":"","overlay-gradient":""},"tablet":{"background-color":"var(--ast-global-color-4)","background-image":"","background-repeat":"repeat","background-position":"center center","background-size":"auto","background-attachment":"scroll","background-type":"","background-media":"","overlay-type":"","overlay-color":"","overlay-opacity":"","overlay-gradient":""},"mobile":{"background-color":"var(--ast-global-color-4)","background-image":"","background-repeat":"repeat","background-position":"center center","background-size":"auto","background-attachment":"scroll","background-type":"","background-media":"","overlay-type":"","overlay-color":"","overlay-opacity":"","overlay-gradient":""}},"footnotes":""},"categories":[],"tags":[1038,920],"class_list":["post-260651","page","type-page","status-publish","hentry","tag-bandc-committees","tag-boards-and-committees"],"yoast_head":"<!-- This site is optimized with the Yoast SEO Premium plugin v26.6 (Yoast SEO v26.6) - https:\/\/yoast.com\/wordpress\/plugins\/seo\/ -->\n<title>Neighborhood Resiliency Projects Advisory Committee - City of Miami Beach<\/title>\n<meta name=\"description\" content=\"%\" \/>\n<meta name=\"robots\" content=\"index, follow, max-snippet:-1, max-image-preview:large, max-video-preview:-1\" \/>\n<link rel=\"canonical\" href=\"https:\/\/www.miamibeachfl.gov\/fr\/city-hall\/city-clerk\/boards-and-committees\/ad-hoc-neighborhood-resiliency-projects-advisory-committee\/\" \/>\n<meta property=\"og:locale\" content=\"fr_FR\" \/>\n<meta property=\"og:type\" content=\"article\" \/>\n<meta property=\"og:title\" content=\"Neighborhood Resiliency Projects Advisory Committee\" \/>\n<meta property=\"og:description\" content=\"%\" \/>\n<meta property=\"og:url\" content=\"https:\/\/www.miamibeachfl.gov\/fr\/city-hall\/city-clerk\/boards-and-committees\/ad-hoc-neighborhood-resiliency-projects-advisory-committee\/\" \/>\n<meta property=\"og:site_name\" content=\"City of Miami Beach\" \/>\n<meta property=\"article:publisher\" content=\"https:\/\/www.facebook.com\/cityofmiamibeach\" \/>\n<meta property=\"article:modified_time\" content=\"2024-02-09T15:25:29+00:00\" \/>\n<meta property=\"og:image\" content=\"https:\/\/www.miamibeachfl.gov\/wp-content\/uploads\/2024\/01\/1000pxSquare-miamibeach-aerial-southpointview.jpeg\" \/>\n\t<meta property=\"og:image:width\" content=\"1000\" \/>\n\t<meta property=\"og:image:height\" content=\"1000\" \/>\n\t<meta property=\"og:image:type\" content=\"image\/jpeg\" \/>\n<meta name=\"twitter:card\" content=\"summary_large_image\" \/>\n<meta name=\"twitter:site\" content=\"@Miamibeachnews\" \/>\n<script type=\"application\/ld+json\" class=\"yoast-schema-graph\">{\"@context\":\"https:\/\/schema.org\",\"@graph\":[{\"@type\":\"WebPage\",\"@id\":\"https:\/\/www.miamibeachfl.gov\/city-hall\/city-clerk\/boards-and-committees\/ad-hoc-neighborhood-resiliency-projects-advisory-committee\/\",\"url\":\"https:\/\/www.miamibeachfl.gov\/city-hall\/city-clerk\/boards-and-committees\/ad-hoc-neighborhood-resiliency-projects-advisory-committee\/\",\"name\":\"Neighborhood Resiliency Projects Advisory Committee - City of Miami Beach\",\"isPartOf\":{\"@id\":\"https:\/\/www.miamibeachfl.gov\/#website\"},\"datePublished\":\"2023-05-18T15:17:37+00:00\",\"dateModified\":\"2024-02-09T15:25:29+00:00\",\"description\":\"%\",\"breadcrumb\":{\"@id\":\"https:\/\/www.miamibeachfl.gov\/city-hall\/city-clerk\/boards-and-committees\/ad-hoc-neighborhood-resiliency-projects-advisory-committee\/#breadcrumb\"},\"inLanguage\":\"fr-FR\",\"potentialAction\":[{\"@type\":\"ReadAction\",\"target\":[\"https:\/\/www.miamibeachfl.gov\/city-hall\/city-clerk\/boards-and-committees\/ad-hoc-neighborhood-resiliency-projects-advisory-committee\/\"]}]},{\"@type\":\"BreadcrumbList\",\"@id\":\"https:\/\/www.miamibeachfl.gov\/city-hall\/city-clerk\/boards-and-committees\/ad-hoc-neighborhood-resiliency-projects-advisory-committee\/#breadcrumb\",\"itemListElement\":[{\"@type\":\"ListItem\",\"position\":1,\"name\":\"Home\",\"item\":\"https:\/\/www.miamibeachfl.gov\/\"},{\"@type\":\"ListItem\",\"position\":2,\"name\":\"City Hall\",\"item\":\"https:\/\/www.miamibeachfl.gov\/city-hall\/\"},{\"@type\":\"ListItem\",\"position\":3,\"name\":\"City Clerk\",\"item\":\"https:\/\/www.miamibeachfl.gov\/city-hall\/city-clerk\/\"},{\"@type\":\"ListItem\",\"position\":4,\"name\":\"Boards and Committees\",\"item\":\"https:\/\/www.miamibeachfl.gov\/city-hall\/city-clerk\/boards-and-committees\/\"},{\"@type\":\"ListItem\",\"position\":5,\"name\":\"Neighborhood Resiliency Projects Advisory Committee\"}]},{\"@type\":\"WebSite\",\"@id\":\"https:\/\/www.miamibeachfl.gov\/#website\",\"url\":\"https:\/\/www.miamibeachfl.gov\/\",\"name\":\"City of Miami Beach\",\"description\":\"The official website of the City of Miami Beach. Stay informed, find important information on city services, news, alerts, events, trolley routes, government employment and more.\",\"publisher\":{\"@id\":\"https:\/\/www.miamibeachfl.gov\/#organization\"},\"potentialAction\":[{\"@type\":\"SearchAction\",\"target\":{\"@type\":\"EntryPoint\",\"urlTemplate\":\"https:\/\/www.miamibeachfl.gov\/?s={search_term_string}\"},\"query-input\":{\"@type\":\"PropertyValueSpecification\",\"valueRequired\":true,\"valueName\":\"search_term_string\"}}],\"inLanguage\":\"fr-FR\"},{\"@type\":\"Organization\",\"@id\":\"https:\/\/www.miamibeachfl.gov\/#organization\",\"name\":\"City of Miami Beach\",\"url\":\"https:\/\/www.miamibeachfl.gov\/\",\"logo\":{\"@type\":\"ImageObject\",\"inLanguage\":\"fr-FR\",\"@id\":\"https:\/\/www.miamibeachfl.gov\/#\/schema\/logo\/image\/\",\"url\":\"https:\/\/www.miamibeachfl.gov\/wp-content\/uploads\/2022\/06\/miamibeach-logoblue.png\",\"contentUrl\":\"https:\/\/www.miamibeachfl.gov\/wp-content\/uploads\/2022\/06\/miamibeach-logoblue.png\",\"width\":1962,\"height\":381,\"caption\":\"City of Miami Beach\"},\"image\":{\"@id\":\"https:\/\/www.miamibeachfl.gov\/#\/schema\/logo\/image\/\"},\"sameAs\":[\"https:\/\/www.facebook.com\/cityofmiamibeach\",\"https:\/\/x.com\/Miamibeachnews\",\"https:\/\/www.instagram.com\/miamibeachnews\/\"],\"description\":\"The official website of the City of Miami Beach. Stay informed, find important information on city services, news, alerts, events, trolley routes, government employment and more.\",\"telephone\":\"305.604.CITY(2489)\",\"legalName\":\"City of Miami Beach\"}]}<\/script>\n<!-- \/ Yoast SEO Premium plugin. -->","yoast_head_json":{"title":"Comit\u00e9 consultatif sur les projets de r\u00e9silience des quartiers \u2013 Ville de Miami Beach","description":"%","robots":{"index":"index","follow":"follow","max-snippet":"max-snippet:-1","max-image-preview":"max-image-preview:large","max-video-preview":"max-video-preview:-1"},"canonical":"https:\/\/www.miamibeachfl.gov\/fr\/city-hall\/city-clerk\/boards-and-committees\/ad-hoc-neighborhood-resiliency-projects-advisory-committee\/","og_locale":"fr_FR","og_type":"article","og_title":"Neighborhood Resiliency Projects Advisory Committee","og_description":"%","og_url":"https:\/\/www.miamibeachfl.gov\/fr\/city-hall\/city-clerk\/boards-and-committees\/ad-hoc-neighborhood-resiliency-projects-advisory-committee\/","og_site_name":"City of Miami Beach","article_publisher":"https:\/\/www.facebook.com\/cityofmiamibeach","article_modified_time":"2024-02-09T15:25:29+00:00","og_image":[{"width":1000,"height":1000,"url":"https:\/\/www.miamibeachfl.gov\/wp-content\/uploads\/2024\/01\/1000pxSquare-miamibeach-aerial-southpointview.jpeg","type":"image\/jpeg"}],"twitter_card":"summary_large_image","twitter_site":"@Miamibeachnews","schema":{"@context":"https:\/\/schema.org","@graph":[{"@type":"WebPage","@id":"https:\/\/www.miamibeachfl.gov\/city-hall\/city-clerk\/boards-and-committees\/ad-hoc-neighborhood-resiliency-projects-advisory-committee\/","url":"https:\/\/www.miamibeachfl.gov\/city-hall\/city-clerk\/boards-and-committees\/ad-hoc-neighborhood-resiliency-projects-advisory-committee\/","name":"Comit\u00e9 consultatif sur les projets de r\u00e9silience des quartiers \u2013 Ville de Miami Beach","isPartOf":{"@id":"https:\/\/www.miamibeachfl.gov\/#website"},"datePublished":"2023-05-18T15:17:37+00:00","dateModified":"2024-02-09T15:25:29+00:00","description":"%","breadcrumb":{"@id":"https:\/\/www.miamibeachfl.gov\/city-hall\/city-clerk\/boards-and-committees\/ad-hoc-neighborhood-resiliency-projects-advisory-committee\/#breadcrumb"},"inLanguage":"fr-FR","potentialAction":[{"@type":"ReadAction","target":["https:\/\/www.miamibeachfl.gov\/city-hall\/city-clerk\/boards-and-committees\/ad-hoc-neighborhood-resiliency-projects-advisory-committee\/"]}]},{"@type":"BreadcrumbList","@id":"https:\/\/www.miamibeachfl.gov\/city-hall\/city-clerk\/boards-and-committees\/ad-hoc-neighborhood-resiliency-projects-advisory-committee\/#breadcrumb","itemListElement":[{"@type":"ListItem","position":1,"name":"Home","item":"https:\/\/www.miamibeachfl.gov\/"},{"@type":"ListItem","position":2,"name":"City Hall","item":"https:\/\/www.miamibeachfl.gov\/city-hall\/"},{"@type":"ListItem","position":3,"name":"City Clerk","item":"https:\/\/www.miamibeachfl.gov\/city-hall\/city-clerk\/"},{"@type":"ListItem","position":4,"name":"Boards and Committees","item":"https:\/\/www.miamibeachfl.gov\/city-hall\/city-clerk\/boards-and-committees\/"},{"@type":"ListItem","position":5,"name":"Neighborhood Resiliency Projects Advisory Committee"}]},{"@type":"WebSite","@id":"https:\/\/www.miamibeachfl.gov\/#website","url":"https:\/\/www.miamibeachfl.gov\/","name":"Ville de Miami Beach","description":"Site officiel de la ville de Miami Beach. Restez inform\u00e9 et trouvez des informations importantes sur les services municipaux, les actualit\u00e9s, les alertes, les \u00e9v\u00e9nements, les itin\u00e9raires de tramway, les emplois gouvernementaux et bien plus encore.","publisher":{"@id":"https:\/\/www.miamibeachfl.gov\/#organization"},"potentialAction":[{"@type":"SearchAction","target":{"@type":"EntryPoint","urlTemplate":"https:\/\/www.miamibeachfl.gov\/?s={search_term_string}"},"query-input":{"@type":"PropertyValueSpecification","valueRequired":true,"valueName":"search_term_string"}}],"inLanguage":"fr-FR"},{"@type":"Organization","@id":"https:\/\/www.miamibeachfl.gov\/#organization","name":"Ville de Miami Beach","url":"https:\/\/www.miamibeachfl.gov\/","logo":{"@type":"ImageObject","inLanguage":"fr-FR","@id":"https:\/\/www.miamibeachfl.gov\/#\/schema\/logo\/image\/","url":"https:\/\/www.miamibeachfl.gov\/wp-content\/uploads\/2022\/06\/miamibeach-logoblue.png","contentUrl":"https:\/\/www.miamibeachfl.gov\/wp-content\/uploads\/2022\/06\/miamibeach-logoblue.png","width":1962,"height":381,"caption":"City of Miami Beach"},"image":{"@id":"https:\/\/www.miamibeachfl.gov\/#\/schema\/logo\/image\/"},"sameAs":["https:\/\/www.facebook.com\/cityofmiamibeach","https:\/\/x.com\/Miamibeachnews","https:\/\/www.instagram.com\/miamibeachnews\/"],"description":"Site officiel de la ville de Miami Beach. Restez inform\u00e9 et trouvez des informations importantes sur les services municipaux, les actualit\u00e9s, les alertes, les \u00e9v\u00e9nements, les itin\u00e9raires de tramway, les emplois gouvernementaux et bien plus encore.","telephone":"305.604.CITY(2489)","legalName":"City of Miami Beach"}]}},"_links":{"self":[{"href":"https:\/\/www.miamibeachfl.gov\/fr\/wp-json\/wp\/v2\/pages\/260651","targetHints":{"allow":["GET"]}}],"collection":[{"href":"https:\/\/www.miamibeachfl.gov\/fr\/wp-json\/wp\/v2\/pages"}],"about":[{"href":"https:\/\/www.miamibeachfl.gov\/fr\/wp-json\/wp\/v2\/types\/page"}],"author":[{"embeddable":true,"href":"https:\/\/www.miamibeachfl.gov\/fr\/wp-json\/wp\/v2\/users\/222"}],"replies":[{"embeddable":true,"href":"https:\/\/www.miamibeachfl.gov\/fr\/wp-json\/wp\/v2\/comments?post=260651"}],"version-history":[{"count":0,"href":"https:\/\/www.miamibeachfl.gov\/fr\/wp-json\/wp\/v2\/pages\/260651\/revisions"}],"up":[{"embeddable":true,"href":"https:\/\/www.miamibeachfl.gov\/fr\/wp-json\/wp\/v2\/pages\/258819"}],"wp:attachment":[{"href":"https:\/\/www.miamibeachfl.gov\/fr\/wp-json\/wp\/v2\/media?parent=260651"}],"wp:term":[{"taxonomy":"category","embeddable":true,"href":"https:\/\/www.miamibeachfl.gov\/fr\/wp-json\/wp\/v2\/categories?post=260651"},{"taxonomy":"post_tag","embeddable":true,"href":"https:\/\/www.miamibeachfl.gov\/fr\/wp-json\/wp\/v2\/tags?post=260651"}],"curies":[{"name":"wp","href":"https:\/\/api.w.org\/{rel}","templated":true}]}}