{"id":261114,"date":"2023-05-24T07:28:29","date_gmt":"2023-05-24T11:28:29","guid":{"rendered":"https:\/\/www.miamibeachfl.gov\/?page_id=261114"},"modified":"2025-12-30T16:53:08","modified_gmt":"2025-12-30T21:53:08","slug":"mark-taxis","status":"publish","type":"page","link":"https:\/\/www.miamibeachfl.gov\/fr\/staff\/mark-taxis\/","title":{"rendered":"Mark Taxis <br><span style=\"font-size:18px\">directeur municipal adjoint<\/span>"},"content":{"rendered":"<img decoding=\"async\" src=\"https:\/\/www.miamibeachfl.gov\/wp-content\/uploads\/bb-plugin\/cache\/MarkTaxis_2024-circle.png\" alt=\"Mark Taxis\" title=\"MarkTaxis_2024\" itemprop=\"image\"\/>\n\t\t<h1>\n\t\t\tMark Taxis\t<\/h1>\n<h2>\n\t\t\tdirecteur municipal adjoint\t<\/h2>\n\t<ul>\n\t\t<li>\t\t\t\t\n\t\t<h3>E-mail<\/h3><p><strong><a href=\"mailto:MarkTaxis@miamibeachfl.gov\">MarkTaxis@miamibeachfl.gov<\/a><\/strong><\/p><\/li><li>\t\t\t\t\n\t\t<h3>T\u00e9l\u00e9phone<\/h3><p><strong><a href=\"tel:3056737010\">305.673.7010<\/a><\/strong><\/p><\/li><li>\t\t\t\t\n\t\t<h3>Site Web du gestionnaire municipal<\/h3><p><strong><a href=\"https:\/\/www.miamibeachfl.gov\/fr\/city-hall\/city-manager\/\">Consultez le site Web du directeur municipal<\/a><\/strong><\/p><\/li>\t<\/ul>\n\t<p><strong>Domaines de responsabilit\u00e9 :<\/strong> Conformit\u00e9 au code, installations et flotte, ressources humaines, technologies de l&#039;information et parcs et loisirs<\/p>\n\t<p>Mark Taxis est un professionnel du gouvernement de longue date, fort de plus de quarante (40) ans d&#039;exp\u00e9rience en leadership. Fort d&#039;une solide exp\u00e9rience financi\u00e8re, il a travaill\u00e9 avec des budgets stricts. Il poss\u00e8de une capacit\u00e9 exceptionnelle \u00e0 g\u00e9rer et \u00e0 r\u00e9agir rationnellement aux situations d&#039;urgence. Son aptitude \u00e0 s&#039;adapter \u00e0 un agenda politique dynamique fait de lui le candidat id\u00e9al pour une ville internationale comme Miami Beach.<\/p>\n<p>Il a rejoint la Ville de Miami Beach en 2013 en tant que directeur municipal adjoint. En tant que directeur municipal adjoint de la Ville de Miami Beach, Mark Taxis travaille en \u00e9troite collaboration avec le directeur municipal et lui apporte son soutien sur les questions relatives aux activit\u00e9s op\u00e9rationnelles et financi\u00e8res, au d\u00e9veloppement de programmes et \u00e0 l&#039;am\u00e9lioration de la productivit\u00e9. Mark Taxis supervise actuellement la conformit\u00e9 au code, les ressources humaines, les technologies de l&#039;information, les parcs et loisirs, les installations et la gestion de la flotte. Par le pass\u00e9, il a apport\u00e9 son exp\u00e9rience et ses conseils aux services des travaux publics, des am\u00e9liorations d&#039;\u00e9quipement, de la gestion immobili\u00e8re, de l&#039;\u00e9quipe d&#039;intervention rapide, de l&#039;entretien de la flotte et de l&#039;entretien des plages. Depuis son arriv\u00e9e \u00e0 la Ville de Miami Beach, Mark Taxis est un v\u00e9ritable joueur d&#039;\u00e9quipe, pr\u00eatant son soutien partout o\u00f9 cela est n\u00e9cessaire. Il a \u00e9t\u00e9 l&#039;un des principaux n\u00e9gociateurs lors des n\u00e9gociations syndicales de la Ville de Miami Beach, o\u00f9 il a n\u00e9goci\u00e9 avec succ\u00e8s des contrats avec l&#039;Association internationale des pompiers (\u00ab IAFF \u00bb), l&#039;Ordre fraternel de la police (\u00ab FOP \u00bb), les travailleurs des communications d&#039;Am\u00e9rique (\u00ab CWA \u00bb), l&#039;Association des superviseurs gouvernementaux de Floride (\u00ab GSAF \u00bb) et la F\u00e9d\u00e9ration am\u00e9ricaine des employ\u00e9s des \u00c9tats, des comt\u00e9s et des municipalit\u00e9s (\u00ab AFSCME \u00bb). Durant son mandat de directeur municipal adjoint, Mark Taxis a personnellement supervis\u00e9 la mise en \u0153uvre d&#039;un progiciel de gestion int\u00e9gr\u00e9 (\u00ab\u00a0ERP\u00a0\u00bb) financier, appel\u00e9 Munis, et d&#039;un progiciel de gestion int\u00e9gr\u00e9 (ERP) pour les permis, appel\u00e9 Energov. Il est \u00e9galement personnellement responsable du d\u00e9veloppement d&#039;une application de services municipaux, appel\u00e9e Egov, et du nouveau site web de la Ville de Miami Beach.<\/p>\n<p>Avant de rejoindre la ville de Miami Beach, Mark Taxis a occup\u00e9 des postes de direction au sein de municipalit\u00e9s locales du sud de la Floride, notamment en tant que directeur municipal adjoint de la ville de Doral. \u00c0 ce titre, il \u00e9tait responsable de la gestion de la performance de la ville, ce qui incluait la mise en \u0153uvre et la supervision du plan strat\u00e9gique et des mesures de performance de la ville. \u00c0 ce titre, Mark Taxis g\u00e9rait toutes les phases des projets d&#039;am\u00e9lioration des immobilisations, du projet de r\u00e9cup\u00e9ration des eaux us\u00e9es \u00e0 la construction du nouveau centre administratif municipal. Avant de devenir directeur municipal adjoint, Mark Taxis \u00e9tait directeur des parcs et loisirs de la ville de Doral, o\u00f9 il a initi\u00e9, supervis\u00e9 et finalis\u00e9 les plans directeurs de quatre (4) parcs municipaux. De plus, il a obtenu des contrats de conception-construction et supervis\u00e9 la construction de projets pour un montant total de plus de 1420 millions de livres sterling.<\/p>\n<p>Mark Taxis a obtenu sa licence en sciences politiques \u00e0 la Florida International University, dans le sud de la Floride. Il y a ensuite poursuivi ses \u00e9tudes pour obtenir un master en administration publique. Il reste n\u00e9anmoins un fervent supporter de l&#039;\u00e9quipe de football am\u00e9ricain des Florida State Seminoles. Mark Taxis est membre de l&#039;International City\/County Management Association (\u00ab ICMA \u00bb) et de la Florida City\/County Management Association (\u00ab FCCMA \u00bb). Il a \u00e9galement \u00e9t\u00e9 pr\u00e9sident de la Miami-Dade City and County Management Association (\u00ab MDCCMA \u00bb).<\/p>\n<p>La passion de Mark Taxis pour Miami Beach lui vient des week-ends qu&#039;il passait \u00e0 Miami avec ses parents lorsqu&#039;il \u00e9tait enfant. Aujourd&#039;hui encore, Mark Taxis garde un souvenir imp\u00e9rissable de son 14e anniversaire.<sup>\u00e8me<\/sup>\u00a0et Ocean Drive. C&#039;est ici que son p\u00e8re tomba amoureux de Miami Beach en 1944, alors qu&#039;il s\u00e9journait \u00e0 l&#039;h\u00f4tel Shepley pour son entra\u00eenement avant son d\u00e9ploiement. Une fois la guerre termin\u00e9e, les parents de Mark Taxis s&#039;install\u00e8rent dans le sud de la Floride et en firent leur foyer.<\/p>","protected":false},"excerpt":{"rendered":"<p>Mark Taxis Assistant City Manager Email MarkTaxis@miamibeachfl.gov Phone 305.673.7010 City Manager Website View City Manager Website Areas of Responsibility: Code [&hellip;]<\/p>\n","protected":false},"author":222,"featured_media":334290,"parent":261112,"menu_order":9,"comment_status":"closed","ping_status":"closed","template":"","meta":{"_searchwp_excluded":"","site-sidebar-layout":"default","site-content-layout":"","ast-site-content-layout":"default","site-content-style":"default","site-sidebar-style":"default","ast-global-header-display":"","ast-banner-title-visibility":"","ast-main-header-display":"","ast-hfb-above-header-display":"","ast-hfb-below-header-display":"","ast-hfb-mobile-header-display":"","site-post-title":"","ast-breadcrumbs-content":"","ast-featured-img":"","footer-sml-layout":"","theme-transparent-header-meta":"","adv-header-id-meta":"","stick-header-meta":"","header-above-stick-meta":"","header-main-stick-meta":"","header-below-stick-meta":"","astra-migrate-meta-layouts":"default","ast-page-background-enabled":"default","ast-page-background-meta":{"desktop":{"background-color":"var(--ast-global-color-5)","background-image":"","background-repeat":"repeat","background-position":"center center","background-size":"auto","background-attachment":"scroll","background-type":"","background-media":"","overlay-type":"","overlay-color":"","overlay-opacity":"","overlay-gradient":""},"tablet":{"background-color":"","background-image":"","background-repeat":"repeat","background-position":"center center","background-size":"auto","background-attachment":"scroll","background-type":"","background-media":"","overlay-type":"","overlay-color":"","overlay-opacity":"","overlay-gradient":""},"mobile":{"background-color":"","background-image":"","background-repeat":"repeat","background-position":"center center","background-size":"auto","background-attachment":"scroll","background-type":"","background-media":"","overlay-type":"","overlay-color":"","overlay-opacity":"","overlay-gradient":""}},"ast-content-background-meta":{"desktop":{"background-color":"var(--ast-global-color-4)","background-image":"","background-repeat":"repeat","background-position":"center center","background-size":"auto","background-attachment":"scroll","background-type":"","background-media":"","overlay-type":"","overlay-color":"","overlay-opacity":"","overlay-gradient":""},"tablet":{"background-color":"var(--ast-global-color-4)","background-image":"","background-repeat":"repeat","background-position":"center center","background-size":"auto","background-attachment":"scroll","background-type":"","background-media":"","overlay-type":"","overlay-color":"","overlay-opacity":"","overlay-gradient":""},"mobile":{"background-color":"var(--ast-global-color-4)","background-image":"","background-repeat":"repeat","background-position":"center center","background-size":"auto","background-attachment":"scroll","background-type":"","background-media":"","overlay-type":"","overlay-color":"","overlay-opacity":"","overlay-gradient":""}},"footnotes":""},"categories":[],"tags":[961,959,960],"class_list":["post-261114","page","type-page","status-publish","has-post-thumbnail","hentry","tag-staff-city-manager-team","tag-mark-taxis-staff","tag-staff"],"yoast_head":"<!-- This site is optimized with the Yoast SEO Premium plugin v27.4 (Yoast SEO v27.4) - https:\/\/yoast.com\/product\/yoast-seo-premium-wordpress\/ -->\n<title>Mark Taxis Assistant City Manager - City of Miami Beach<\/title>\n<meta name=\"description\" content=\"Mark Taxis is a lifelong government professional with over forty (40) years of leadership experience. He has an extensive financial background, working with strict budgetary limits. He has an exceptional ability to rationally process and react to emergency situations. Mark Taxis&#039; skill in adapting to a fast-paced political agenda has made him a perfect fit for an international city like Miami Beach.\" \/>\n<meta name=\"robots\" content=\"index, follow, max-snippet:-1, max-image-preview:large, max-video-preview:-1\" \/>\n<link rel=\"canonical\" href=\"https:\/\/www.miamibeachfl.gov\/fr\/staff\/mark-taxis\/\" \/>\n<meta property=\"og:locale\" content=\"fr_FR\" \/>\n<meta property=\"og:type\" content=\"article\" \/>\n<meta property=\"og:title\" content=\"Mark Taxis Assistant City Manager\" \/>\n<meta property=\"og:description\" content=\"Mark Taxis is a lifelong government professional with over forty (40) years of leadership experience. He has an extensive financial background, working with strict budgetary limits. He has an exceptional ability to rationally process and react to emergency situations. Mark Taxis&#039; skill in adapting to a fast-paced political agenda has made him a perfect fit for an international city like Miami Beach.\" \/>\n<meta property=\"og:url\" content=\"https:\/\/www.miamibeachfl.gov\/fr\/staff\/mark-taxis\/\" \/>\n<meta property=\"og:site_name\" content=\"City of Miami Beach\" \/>\n<meta property=\"article:publisher\" content=\"https:\/\/www.facebook.com\/cityofmiamibeach\" \/>\n<meta property=\"article:modified_time\" content=\"2025-12-30T21:53:08+00:00\" \/>\n<meta property=\"og:image\" content=\"https:\/\/www.miamibeachfl.gov\/wp-content\/uploads\/2024\/08\/MarkTaxis_2024.png\" \/>\n\t<meta property=\"og:image:width\" content=\"250\" \/>\n\t<meta property=\"og:image:height\" content=\"250\" \/>\n\t<meta property=\"og:image:type\" content=\"image\/png\" \/>\n<meta name=\"twitter:card\" content=\"summary_large_image\" \/>\n<meta name=\"twitter:site\" content=\"@Miamibeachnews\" \/>\n<script type=\"application\/ld+json\" class=\"yoast-schema-graph\">{\"@context\":\"https:\\\/\\\/schema.org\",\"@graph\":[{\"@type\":\"WebPage\",\"@id\":\"https:\\\/\\\/www.miamibeachfl.gov\\\/staff\\\/mark-taxis\\\/\",\"url\":\"https:\\\/\\\/www.miamibeachfl.gov\\\/staff\\\/mark-taxis\\\/\",\"name\":\"Mark Taxis Assistant City Manager - City of Miami Beach\",\"isPartOf\":{\"@id\":\"https:\\\/\\\/www.miamibeachfl.gov\\\/#website\"},\"primaryImageOfPage\":{\"@id\":\"https:\\\/\\\/www.miamibeachfl.gov\\\/staff\\\/mark-taxis\\\/#primaryimage\"},\"image\":{\"@id\":\"https:\\\/\\\/www.miamibeachfl.gov\\\/staff\\\/mark-taxis\\\/#primaryimage\"},\"thumbnailUrl\":\"https:\\\/\\\/www.miamibeachfl.gov\\\/wp-content\\\/uploads\\\/2024\\\/08\\\/MarkTaxis_2024.png\",\"datePublished\":\"2023-05-24T11:28:29+00:00\",\"dateModified\":\"2025-12-30T21:53:08+00:00\",\"description\":\"Mark Taxis is a lifelong government professional with over forty (40) years of leadership experience. He has an extensive financial background, working with strict budgetary limits. He has an exceptional ability to rationally process and react to emergency situations. Mark Taxis' skill in adapting to a fast-paced political agenda has made him a perfect fit for an international city like Miami Beach.\",\"breadcrumb\":{\"@id\":\"https:\\\/\\\/www.miamibeachfl.gov\\\/staff\\\/mark-taxis\\\/#breadcrumb\"},\"inLanguage\":\"fr-FR\",\"potentialAction\":[{\"@type\":\"ReadAction\",\"target\":[\"https:\\\/\\\/www.miamibeachfl.gov\\\/staff\\\/mark-taxis\\\/\"]}]},{\"@type\":\"ImageObject\",\"inLanguage\":\"fr-FR\",\"@id\":\"https:\\\/\\\/www.miamibeachfl.gov\\\/staff\\\/mark-taxis\\\/#primaryimage\",\"url\":\"https:\\\/\\\/www.miamibeachfl.gov\\\/wp-content\\\/uploads\\\/2024\\\/08\\\/MarkTaxis_2024.png\",\"contentUrl\":\"https:\\\/\\\/www.miamibeachfl.gov\\\/wp-content\\\/uploads\\\/2024\\\/08\\\/MarkTaxis_2024.png\",\"width\":250,\"height\":250,\"caption\":\"Mark Taxis\"},{\"@type\":\"BreadcrumbList\",\"@id\":\"https:\\\/\\\/www.miamibeachfl.gov\\\/staff\\\/mark-taxis\\\/#breadcrumb\",\"itemListElement\":[{\"@type\":\"ListItem\",\"position\":1,\"name\":\"Home\",\"item\":\"https:\\\/\\\/www.miamibeachfl.gov\\\/\"},{\"@type\":\"ListItem\",\"position\":2,\"name\":\"Staff\",\"item\":\"https:\\\/\\\/www.miamibeachfl.gov\\\/staff\\\/\"},{\"@type\":\"ListItem\",\"position\":3,\"name\":\"Mark Taxis Assistant City Manager\"}]},{\"@type\":\"WebSite\",\"@id\":\"https:\\\/\\\/www.miamibeachfl.gov\\\/#website\",\"url\":\"https:\\\/\\\/www.miamibeachfl.gov\\\/\",\"name\":\"City of Miami Beach\",\"description\":\"The official website of the City of Miami Beach. Stay informed, find important information on city services, news, alerts, events, trolley routes, government employment and more.\",\"publisher\":{\"@id\":\"https:\\\/\\\/www.miamibeachfl.gov\\\/#organization\"},\"potentialAction\":[{\"@type\":\"SearchAction\",\"target\":{\"@type\":\"EntryPoint\",\"urlTemplate\":\"https:\\\/\\\/www.miamibeachfl.gov\\\/?s={search_term_string}\"},\"query-input\":{\"@type\":\"PropertyValueSpecification\",\"valueRequired\":true,\"valueName\":\"search_term_string\"}}],\"inLanguage\":\"fr-FR\"},{\"@type\":\"Organization\",\"@id\":\"https:\\\/\\\/www.miamibeachfl.gov\\\/#organization\",\"name\":\"City of Miami Beach\",\"url\":\"https:\\\/\\\/www.miamibeachfl.gov\\\/\",\"logo\":{\"@type\":\"ImageObject\",\"inLanguage\":\"fr-FR\",\"@id\":\"https:\\\/\\\/www.miamibeachfl.gov\\\/#\\\/schema\\\/logo\\\/image\\\/\",\"url\":\"https:\\\/\\\/www.miamibeachfl.gov\\\/wp-content\\\/uploads\\\/2022\\\/06\\\/miamibeach-logoblue.png\",\"contentUrl\":\"https:\\\/\\\/www.miamibeachfl.gov\\\/wp-content\\\/uploads\\\/2022\\\/06\\\/miamibeach-logoblue.png\",\"width\":1962,\"height\":381,\"caption\":\"City of Miami Beach\"},\"image\":{\"@id\":\"https:\\\/\\\/www.miamibeachfl.gov\\\/#\\\/schema\\\/logo\\\/image\\\/\"},\"sameAs\":[\"https:\\\/\\\/www.facebook.com\\\/cityofmiamibeach\",\"https:\\\/\\\/x.com\\\/Miamibeachnews\",\"https:\\\/\\\/www.instagram.com\\\/miamibeachnews\\\/\"],\"description\":\"The official website of the City of Miami Beach. Stay informed, find important information on city services, news, alerts, events, trolley routes, government employment and more.\",\"telephone\":\"305.604.CITY(2489)\",\"legalName\":\"City of Miami Beach\"}]}<\/script>\n<!-- \/ Yoast SEO Premium plugin. -->","yoast_head_json":{"title":"Mark Taxis, directeur adjoint de la ville de Miami Beach","description":"Mark Taxis est un professionnel du gouvernement de longue date, fort de plus de quarante (40) ans d&#039;exp\u00e9rience en leadership. Fort d&#039;une solide exp\u00e9rience financi\u00e8re, il a travaill\u00e9 avec des budgets stricts. Il poss\u00e8de une capacit\u00e9 exceptionnelle \u00e0 g\u00e9rer et \u00e0 r\u00e9agir rationnellement aux situations d&#039;urgence. Son aptitude \u00e0 s&#039;adapter \u00e0 un agenda politique dynamique fait de lui le candidat id\u00e9al pour une ville internationale comme Miami Beach.","robots":{"index":"index","follow":"follow","max-snippet":"max-snippet:-1","max-image-preview":"max-image-preview:large","max-video-preview":"max-video-preview:-1"},"canonical":"https:\/\/www.miamibeachfl.gov\/fr\/staff\/mark-taxis\/","og_locale":"fr_FR","og_type":"article","og_title":"Mark Taxis Assistant City Manager","og_description":"Mark Taxis is a lifelong government professional with over forty (40) years of leadership experience. He has an extensive financial background, working with strict budgetary limits. He has an exceptional ability to rationally process and react to emergency situations. Mark Taxis' skill in adapting to a fast-paced political agenda has made him a perfect fit for an international city like Miami Beach.","og_url":"https:\/\/www.miamibeachfl.gov\/fr\/staff\/mark-taxis\/","og_site_name":"City of Miami Beach","article_publisher":"https:\/\/www.facebook.com\/cityofmiamibeach","article_modified_time":"2025-12-30T21:53:08+00:00","og_image":[{"width":250,"height":250,"url":"https:\/\/www.miamibeachfl.gov\/wp-content\/uploads\/2024\/08\/MarkTaxis_2024.png","type":"image\/png"}],"twitter_card":"summary_large_image","twitter_site":"@Miamibeachnews","schema":{"@context":"https:\/\/schema.org","@graph":[{"@type":"WebPage","@id":"https:\/\/www.miamibeachfl.gov\/staff\/mark-taxis\/","url":"https:\/\/www.miamibeachfl.gov\/staff\/mark-taxis\/","name":"Mark Taxis, directeur adjoint de la ville de Miami Beach","isPartOf":{"@id":"https:\/\/www.miamibeachfl.gov\/#website"},"primaryImageOfPage":{"@id":"https:\/\/www.miamibeachfl.gov\/staff\/mark-taxis\/#primaryimage"},"image":{"@id":"https:\/\/www.miamibeachfl.gov\/staff\/mark-taxis\/#primaryimage"},"thumbnailUrl":"https:\/\/www.miamibeachfl.gov\/wp-content\/uploads\/2024\/08\/MarkTaxis_2024.png","datePublished":"2023-05-24T11:28:29+00:00","dateModified":"2025-12-30T21:53:08+00:00","description":"Mark Taxis est un professionnel du gouvernement de longue date, fort de plus de quarante (40) ans d&#039;exp\u00e9rience en leadership. Fort d&#039;une solide exp\u00e9rience financi\u00e8re, il a travaill\u00e9 avec des budgets stricts. Il poss\u00e8de une capacit\u00e9 exceptionnelle \u00e0 g\u00e9rer et \u00e0 r\u00e9agir rationnellement aux situations d&#039;urgence. Son aptitude \u00e0 s&#039;adapter \u00e0 un agenda politique dynamique fait de lui le candidat id\u00e9al pour une ville internationale comme Miami Beach.","breadcrumb":{"@id":"https:\/\/www.miamibeachfl.gov\/staff\/mark-taxis\/#breadcrumb"},"inLanguage":"fr-FR","potentialAction":[{"@type":"ReadAction","target":["https:\/\/www.miamibeachfl.gov\/staff\/mark-taxis\/"]}]},{"@type":"ImageObject","inLanguage":"fr-FR","@id":"https:\/\/www.miamibeachfl.gov\/staff\/mark-taxis\/#primaryimage","url":"https:\/\/www.miamibeachfl.gov\/wp-content\/uploads\/2024\/08\/MarkTaxis_2024.png","contentUrl":"https:\/\/www.miamibeachfl.gov\/wp-content\/uploads\/2024\/08\/MarkTaxis_2024.png","width":250,"height":250,"caption":"Mark Taxis"},{"@type":"BreadcrumbList","@id":"https:\/\/www.miamibeachfl.gov\/staff\/mark-taxis\/#breadcrumb","itemListElement":[{"@type":"ListItem","position":1,"name":"Home","item":"https:\/\/www.miamibeachfl.gov\/"},{"@type":"ListItem","position":2,"name":"Staff","item":"https:\/\/www.miamibeachfl.gov\/staff\/"},{"@type":"ListItem","position":3,"name":"Mark Taxis Assistant City Manager"}]},{"@type":"WebSite","@id":"https:\/\/www.miamibeachfl.gov\/#website","url":"https:\/\/www.miamibeachfl.gov\/","name":"Ville de Miami Beach","description":"Site officiel de la ville de Miami Beach. Restez inform\u00e9 et trouvez des informations importantes sur les services municipaux, les actualit\u00e9s, les alertes, les \u00e9v\u00e9nements, les itin\u00e9raires de tramway, les emplois gouvernementaux et bien plus encore.","publisher":{"@id":"https:\/\/www.miamibeachfl.gov\/#organization"},"potentialAction":[{"@type":"SearchAction","target":{"@type":"EntryPoint","urlTemplate":"https:\/\/www.miamibeachfl.gov\/?s={search_term_string}"},"query-input":{"@type":"PropertyValueSpecification","valueRequired":true,"valueName":"search_term_string"}}],"inLanguage":"fr-FR"},{"@type":"Organization","@id":"https:\/\/www.miamibeachfl.gov\/#organization","name":"Ville de Miami Beach","url":"https:\/\/www.miamibeachfl.gov\/","logo":{"@type":"ImageObject","inLanguage":"fr-FR","@id":"https:\/\/www.miamibeachfl.gov\/#\/schema\/logo\/image\/","url":"https:\/\/www.miamibeachfl.gov\/wp-content\/uploads\/2022\/06\/miamibeach-logoblue.png","contentUrl":"https:\/\/www.miamibeachfl.gov\/wp-content\/uploads\/2022\/06\/miamibeach-logoblue.png","width":1962,"height":381,"caption":"City of Miami Beach"},"image":{"@id":"https:\/\/www.miamibeachfl.gov\/#\/schema\/logo\/image\/"},"sameAs":["https:\/\/www.facebook.com\/cityofmiamibeach","https:\/\/x.com\/Miamibeachnews","https:\/\/www.instagram.com\/miamibeachnews\/"],"description":"Site officiel de la ville de Miami Beach. Restez inform\u00e9 et trouvez des informations importantes sur les services municipaux, les actualit\u00e9s, les alertes, les \u00e9v\u00e9nements, les itin\u00e9raires de tramway, les emplois gouvernementaux et bien plus encore.","telephone":"305.604.CITY(2489)","legalName":"City of Miami Beach"}]}},"_links":{"self":[{"href":"https:\/\/www.miamibeachfl.gov\/fr\/wp-json\/wp\/v2\/pages\/261114","targetHints":{"allow":["GET"]}}],"collection":[{"href":"https:\/\/www.miamibeachfl.gov\/fr\/wp-json\/wp\/v2\/pages"}],"about":[{"href":"https:\/\/www.miamibeachfl.gov\/fr\/wp-json\/wp\/v2\/types\/page"}],"author":[{"embeddable":true,"href":"https:\/\/www.miamibeachfl.gov\/fr\/wp-json\/wp\/v2\/users\/222"}],"replies":[{"embeddable":true,"href":"https:\/\/www.miamibeachfl.gov\/fr\/wp-json\/wp\/v2\/comments?post=261114"}],"version-history":[{"count":1,"href":"https:\/\/www.miamibeachfl.gov\/fr\/wp-json\/wp\/v2\/pages\/261114\/revisions"}],"predecessor-version":[{"id":394137,"href":"https:\/\/www.miamibeachfl.gov\/fr\/wp-json\/wp\/v2\/pages\/261114\/revisions\/394137"}],"up":[{"embeddable":true,"href":"https:\/\/www.miamibeachfl.gov\/fr\/wp-json\/wp\/v2\/pages\/261112"}],"wp:featuredmedia":[{"embeddable":true,"href":"https:\/\/www.miamibeachfl.gov\/fr\/wp-json\/wp\/v2\/media\/334290"}],"wp:attachment":[{"href":"https:\/\/www.miamibeachfl.gov\/fr\/wp-json\/wp\/v2\/media?parent=261114"}],"wp:term":[{"taxonomy":"category","embeddable":true,"href":"https:\/\/www.miamibeachfl.gov\/fr\/wp-json\/wp\/v2\/categories?post=261114"},{"taxonomy":"post_tag","embeddable":true,"href":"https:\/\/www.miamibeachfl.gov\/fr\/wp-json\/wp\/v2\/tags?post=261114"}],"curies":[{"name":"wp","href":"https:\/\/api.w.org\/{rel}","templated":true}]}}