{"id":261167,"date":"2023-05-24T09:31:17","date_gmt":"2023-05-24T13:31:17","guid":{"rendered":"https:\/\/www.miamibeachfl.gov\/?page_id=261167"},"modified":"2025-12-19T10:36:41","modified_gmt":"2025-12-19T15:36:41","slug":"eric-carpenter","status":"publish","type":"page","link":"https:\/\/www.miamibeachfl.gov\/fr\/staff\/eric-carpenter\/","title":{"rendered":"\u00c9ric Carpenter <br><span style=\"font-size:18px\">directeur municipal<\/span>"},"content":{"rendered":"<img decoding=\"async\" src=\"https:\/\/www.miamibeachfl.gov\/wp-content\/uploads\/bb-plugin\/cache\/EricCarpenter-round0924-circle.png\" alt=\"City Manager Eric Carpenter\" title=\"EricCarpenter-round0924\" itemprop=\"image\"\/>\n\t\t<h1>\n\t\t\t\u00c9ric Carpenter\t<\/h1>\n<h2>\n\t\t\tdirecteur municipal\t<\/h2>\n\t<ul>\n\t\t<li>\t\t\t\t\n\t\t<h3>E-mail:<\/h3><p><a href=\"mailto:EricCarpenter@miamibeachfl.gov\"><strong>EricCarpenter@miamibeachfl.gov<\/strong><\/a><\/p><\/li><li>\t\t\t\t\n\t\t<h3>T\u00e9l\u00e9phone:<\/h3><p><strong><a href=\"tel:3056737010\">305.673.7010<\/a><\/strong><\/p><\/li><li>\t\t\t\t\n\t\t<h3>Site web<\/h3><p><strong><a href=\"https:\/\/www.miamibeachfl.gov\/fr\/city-hall\/city-manager\/\">Consultez le site Web du directeur municipal<\/a><\/strong><\/p><\/li>\t<\/ul>\n\t<p>Avec plus d&#039;une d\u00e9cennie de service aux r\u00e9sidents de Miami Beach, le directeur municipal Eric T. Carpenter apporte une riche exp\u00e9rience au poste de direction le plus \u00e9lev\u00e9 de la ville ainsi qu&#039;une r\u00e9putation bien m\u00e9rit\u00e9e de leader compatissant et transformateur.<\/p>\n<p>Depuis sa nomination au poste de directeur municipal en juillet 2024, Eric dirige d\u00e9sormais plus de 2 300 employ\u00e9s municipaux et supervise une vingtaine de services, dont les services de police et d&#039;incendie de Miami Beach.<\/p>\n<p>Ing\u00e9nieur dipl\u00f4m\u00e9, Eric a rejoint la ville en 2013 comme directeur des travaux publics. Il a \u00e9t\u00e9 promu directeur municipal adjoint en 2015, puis directeur municipal adjoint en 2021.<\/p>\n<p>En tant que n\u00e9gociateur, Eric a pilot\u00e9 plusieurs accords de d\u00e9veloppement pour le compte de la ville, d&#039;une valeur de plus de 14750 millions de livres sterling. Ces accords ont permis d&#039;am\u00e9nager environ 6 hectares de parcs suppl\u00e9mentaires pour le plus grand plaisir des habitants de Miami Beach, dans certains des quartiers les plus dens\u00e9ment peupl\u00e9s. Il a supervis\u00e9 des am\u00e9nagements publics d&#039;une valeur de plus de 1475 millions de livres sterling, ainsi que des logements sociaux et des logements pour travailleurs, qui offriront des possibilit\u00e9s suppl\u00e9mentaires de diversification de la population r\u00e9sidentielle.<\/p>\n<p>Eric a \u00e9t\u00e9 fortement impliqu\u00e9 dans l&#039;adoption et la mise en \u0153uvre du programme d&#039;obligations g\u00e9n\u00e9rales de $439 millions dirig\u00e9 par les \u00e9lecteurs en 2018. En outre, il a jou\u00e9 un r\u00f4le d\u00e9terminant dans la recherche d&#039;un moyen de lever plus de $300 millions de capitaux pour l&#039;adaptation de la ville \u00e0 l&#039;\u00e9l\u00e9vation du niveau de la mer gr\u00e2ce \u00e0 des m\u00e9thodes cr\u00e9atives telles que le financement par augmentation des imp\u00f4ts et la structuration des services publics d&#039;eaux pluviales.<\/p>\n<p>Il a \u00e9galement dirig\u00e9 les travaux de r\u00e9novation du Miami Beach Convention Center, un projet de r\u00e9novation de pr\u00e8s de 14,6 milliards de livres sterling qui a permis au site de mieux se positionner pour accueillir des congr\u00e8s haut de gamme. Il a jou\u00e9 un r\u00f4le cl\u00e9 dans la cr\u00e9ation de l&#039;Agence de r\u00e9am\u00e9nagement communautaire de North Beach, qui financera les am\u00e9liorations communautaires pour les ann\u00e9es \u00e0 venir. De plus, il a contribu\u00e9 \u00e0 relever les d\u00e9fis li\u00e9s \u00e0 la gestion d&#039;une \u00e9conomie ax\u00e9e sur le tourisme pendant la pand\u00e9mie de COVID-19, qui a n\u00e9cessit\u00e9 d&#039;importants ajustements budg\u00e9taires en milieu d&#039;ann\u00e9e et des mises au ch\u00f4mage partiel pour \u00e9viter des licenciements massifs.<\/p>\n<p>Avant de rejoindre la ville, Eric a \u00e9t\u00e9 directeur des travaux publics de la ville de Doral de 2006 \u00e0 2013. Il a \u00e9t\u00e9 reconnu comme l&#039;ing\u00e9nieur gouvernemental de l&#039;ann\u00e9e 2010 par la branche Miami-Dade de l&#039;American Society of Civil Engineers.<\/p>\n<p>Eric a obtenu un baccalaur\u00e9at en sciences en g\u00e9nie civil avec une mineure en chimie de l&#039;Universit\u00e9 du Maryland en 1997. Il est \u00e9galement titulaire d&#039;une certification OSHA-40 (plus une formation de supervision OSHA de 8 heures) et d&#039;une certification de maintenance interm\u00e9diaire de la circulation (MOT) du D\u00e9partement des transports de Floride ainsi que d&#039;une qualification de gestion de la qualit\u00e9 de la construction pour les entrepreneurs du US Army Corps of Engineers.<\/p>\n<p>Il reste un membre actif de la branche sud de la Floride de l&#039;American Public Works Association, o\u00f9 il a \u00e9t\u00e9 pr\u00e9sident du conseil ex\u00e9cutif de 2017 \u00e0 2019.<\/p>\n<p>Lui et sa femme, Courtney, ont deux enfants.<\/p>","protected":false},"excerpt":{"rendered":"<p>Eric Carpenter City Manager Email: EricCarpenter@miamibeachfl.gov Phone: 305.673.7010 Website Visit City Manager Website With more than a decade of service [&hellip;]<\/p>\n","protected":false},"author":222,"featured_media":339170,"parent":261112,"menu_order":8,"comment_status":"closed","ping_status":"closed","template":"","meta":{"_searchwp_excluded":"","site-sidebar-layout":"default","site-content-layout":"","ast-site-content-layout":"default","site-content-style":"default","site-sidebar-style":"default","ast-global-header-display":"","ast-banner-title-visibility":"","ast-main-header-display":"","ast-hfb-above-header-display":"","ast-hfb-below-header-display":"","ast-hfb-mobile-header-display":"","site-post-title":"","ast-breadcrumbs-content":"","ast-featured-img":"","footer-sml-layout":"","theme-transparent-header-meta":"","adv-header-id-meta":"","stick-header-meta":"","header-above-stick-meta":"","header-main-stick-meta":"","header-below-stick-meta":"","astra-migrate-meta-layouts":"default","ast-page-background-enabled":"default","ast-page-background-meta":{"desktop":{"background-color":"var(--ast-global-color-5)","background-image":"","background-repeat":"repeat","background-position":"center center","background-size":"auto","background-attachment":"scroll","background-type":"","background-media":"","overlay-type":"","overlay-color":"","overlay-opacity":"","overlay-gradient":""},"tablet":{"background-color":"","background-image":"","background-repeat":"repeat","background-position":"center center","background-size":"auto","background-attachment":"scroll","background-type":"","background-media":"","overlay-type":"","overlay-color":"","overlay-opacity":"","overlay-gradient":""},"mobile":{"background-color":"","background-image":"","background-repeat":"repeat","background-position":"center center","background-size":"auto","background-attachment":"scroll","background-type":"","background-media":"","overlay-type":"","overlay-color":"","overlay-opacity":"","overlay-gradient":""}},"ast-content-background-meta":{"desktop":{"background-color":"var(--ast-global-color-4)","background-image":"","background-repeat":"repeat","background-position":"center center","background-size":"auto","background-attachment":"scroll","background-type":"","background-media":"","overlay-type":"","overlay-color":"","overlay-opacity":"","overlay-gradient":""},"tablet":{"background-color":"var(--ast-global-color-4)","background-image":"","background-repeat":"repeat","background-position":"center center","background-size":"auto","background-attachment":"scroll","background-type":"","background-media":"","overlay-type":"","overlay-color":"","overlay-opacity":"","overlay-gradient":""},"mobile":{"background-color":"var(--ast-global-color-4)","background-image":"","background-repeat":"repeat","background-position":"center center","background-size":"auto","background-attachment":"scroll","background-type":"","background-media":"","overlay-type":"","overlay-color":"","overlay-opacity":"","overlay-gradient":""}},"footnotes":""},"categories":[],"tags":[961,963,960],"class_list":["post-261167","page","type-page","status-publish","has-post-thumbnail","hentry","tag-staff-city-manager-team","tag-eric-carpenter-staff","tag-staff"],"yoast_head":"<!-- This site is optimized with the Yoast SEO Premium plugin v27.4 (Yoast SEO v27.4) - https:\/\/yoast.com\/product\/yoast-seo-premium-wordpress\/ -->\n<title>Eric Carpenter City Manager - City of Miami Beach<\/title>\n<meta name=\"description\" content=\"Eric T. Carpenter, P.E. is a strategic, collaborative, and perceptive leader who currently serves as the Deputy City Manager for the City of Miami Beach.\" \/>\n<meta name=\"robots\" content=\"index, follow, max-snippet:-1, max-image-preview:large, max-video-preview:-1\" \/>\n<link rel=\"canonical\" href=\"https:\/\/www.miamibeachfl.gov\/fr\/staff\/eric-carpenter\/\" \/>\n<meta property=\"og:locale\" content=\"fr_FR\" \/>\n<meta property=\"og:type\" content=\"article\" \/>\n<meta property=\"og:title\" content=\"Eric Carpenter City Manager\" \/>\n<meta property=\"og:description\" content=\"Eric T. Carpenter, P.E. is a strategic, collaborative, and perceptive leader who currently serves as the Deputy City Manager for the City of Miami Beach.\" \/>\n<meta property=\"og:url\" content=\"https:\/\/www.miamibeachfl.gov\/fr\/staff\/eric-carpenter\/\" \/>\n<meta property=\"og:site_name\" content=\"City of Miami Beach\" \/>\n<meta property=\"article:publisher\" content=\"https:\/\/www.facebook.com\/cityofmiamibeach\" \/>\n<meta property=\"article:modified_time\" content=\"2025-12-19T15:36:41+00:00\" \/>\n<meta property=\"og:image\" content=\"https:\/\/www.miamibeachfl.gov\/wp-content\/uploads\/2024\/09\/EricCarpenter-round0924.png\" \/>\n\t<meta property=\"og:image:width\" content=\"250\" \/>\n\t<meta property=\"og:image:height\" content=\"250\" \/>\n\t<meta property=\"og:image:type\" content=\"image\/png\" \/>\n<meta name=\"twitter:card\" content=\"summary_large_image\" \/>\n<meta name=\"twitter:site\" content=\"@Miamibeachnews\" \/>\n<script type=\"application\/ld+json\" class=\"yoast-schema-graph\">{\"@context\":\"https:\\\/\\\/schema.org\",\"@graph\":[{\"@type\":\"WebPage\",\"@id\":\"https:\\\/\\\/www.miamibeachfl.gov\\\/staff\\\/eric-carpenter\\\/\",\"url\":\"https:\\\/\\\/www.miamibeachfl.gov\\\/staff\\\/eric-carpenter\\\/\",\"name\":\"Eric Carpenter City Manager - City of Miami Beach\",\"isPartOf\":{\"@id\":\"https:\\\/\\\/www.miamibeachfl.gov\\\/#website\"},\"primaryImageOfPage\":{\"@id\":\"https:\\\/\\\/www.miamibeachfl.gov\\\/staff\\\/eric-carpenter\\\/#primaryimage\"},\"image\":{\"@id\":\"https:\\\/\\\/www.miamibeachfl.gov\\\/staff\\\/eric-carpenter\\\/#primaryimage\"},\"thumbnailUrl\":\"https:\\\/\\\/www.miamibeachfl.gov\\\/wp-content\\\/uploads\\\/2024\\\/09\\\/EricCarpenter-round0924.png\",\"datePublished\":\"2023-05-24T13:31:17+00:00\",\"dateModified\":\"2025-12-19T15:36:41+00:00\",\"description\":\"Eric T. Carpenter, P.E. is a strategic, collaborative, and perceptive leader who currently serves as the Deputy City Manager for the City of Miami Beach.\",\"breadcrumb\":{\"@id\":\"https:\\\/\\\/www.miamibeachfl.gov\\\/staff\\\/eric-carpenter\\\/#breadcrumb\"},\"inLanguage\":\"fr-FR\",\"potentialAction\":[{\"@type\":\"ReadAction\",\"target\":[\"https:\\\/\\\/www.miamibeachfl.gov\\\/staff\\\/eric-carpenter\\\/\"]}]},{\"@type\":\"ImageObject\",\"inLanguage\":\"fr-FR\",\"@id\":\"https:\\\/\\\/www.miamibeachfl.gov\\\/staff\\\/eric-carpenter\\\/#primaryimage\",\"url\":\"https:\\\/\\\/www.miamibeachfl.gov\\\/wp-content\\\/uploads\\\/2024\\\/09\\\/EricCarpenter-round0924.png\",\"contentUrl\":\"https:\\\/\\\/www.miamibeachfl.gov\\\/wp-content\\\/uploads\\\/2024\\\/09\\\/EricCarpenter-round0924.png\",\"width\":250,\"height\":250,\"caption\":\"City Manager Eric Carpenter\"},{\"@type\":\"BreadcrumbList\",\"@id\":\"https:\\\/\\\/www.miamibeachfl.gov\\\/staff\\\/eric-carpenter\\\/#breadcrumb\",\"itemListElement\":[{\"@type\":\"ListItem\",\"position\":1,\"name\":\"Home\",\"item\":\"https:\\\/\\\/www.miamibeachfl.gov\\\/\"},{\"@type\":\"ListItem\",\"position\":2,\"name\":\"Staff\",\"item\":\"https:\\\/\\\/www.miamibeachfl.gov\\\/staff\\\/\"},{\"@type\":\"ListItem\",\"position\":3,\"name\":\"Eric Carpenter City Manager\"}]},{\"@type\":\"WebSite\",\"@id\":\"https:\\\/\\\/www.miamibeachfl.gov\\\/#website\",\"url\":\"https:\\\/\\\/www.miamibeachfl.gov\\\/\",\"name\":\"City of Miami Beach\",\"description\":\"The official website of the City of Miami Beach. Stay informed, find important information on city services, news, alerts, events, trolley routes, government employment and more.\",\"publisher\":{\"@id\":\"https:\\\/\\\/www.miamibeachfl.gov\\\/#organization\"},\"potentialAction\":[{\"@type\":\"SearchAction\",\"target\":{\"@type\":\"EntryPoint\",\"urlTemplate\":\"https:\\\/\\\/www.miamibeachfl.gov\\\/?s={search_term_string}\"},\"query-input\":{\"@type\":\"PropertyValueSpecification\",\"valueRequired\":true,\"valueName\":\"search_term_string\"}}],\"inLanguage\":\"fr-FR\"},{\"@type\":\"Organization\",\"@id\":\"https:\\\/\\\/www.miamibeachfl.gov\\\/#organization\",\"name\":\"City of Miami Beach\",\"url\":\"https:\\\/\\\/www.miamibeachfl.gov\\\/\",\"logo\":{\"@type\":\"ImageObject\",\"inLanguage\":\"fr-FR\",\"@id\":\"https:\\\/\\\/www.miamibeachfl.gov\\\/#\\\/schema\\\/logo\\\/image\\\/\",\"url\":\"https:\\\/\\\/www.miamibeachfl.gov\\\/wp-content\\\/uploads\\\/2022\\\/06\\\/miamibeach-logoblue.png\",\"contentUrl\":\"https:\\\/\\\/www.miamibeachfl.gov\\\/wp-content\\\/uploads\\\/2022\\\/06\\\/miamibeach-logoblue.png\",\"width\":1962,\"height\":381,\"caption\":\"City of Miami Beach\"},\"image\":{\"@id\":\"https:\\\/\\\/www.miamibeachfl.gov\\\/#\\\/schema\\\/logo\\\/image\\\/\"},\"sameAs\":[\"https:\\\/\\\/www.facebook.com\\\/cityofmiamibeach\",\"https:\\\/\\\/x.com\\\/Miamibeachnews\",\"https:\\\/\\\/www.instagram.com\\\/miamibeachnews\\\/\"],\"description\":\"The official website of the City of Miami Beach. Stay informed, find important information on city services, news, alerts, events, trolley routes, government employment and more.\",\"telephone\":\"305.604.CITY(2489)\",\"legalName\":\"City of Miami Beach\"}]}<\/script>\n<!-- \/ Yoast SEO Premium plugin. -->","yoast_head_json":{"title":"Eric Carpenter, directeur municipal de la ville de Miami Beach","description":"Eric T. Carpenter, PE est un leader strat\u00e9gique, collaboratif et perspicace qui occupe actuellement le poste de directeur municipal adjoint de la ville de Miami Beach.","robots":{"index":"index","follow":"follow","max-snippet":"max-snippet:-1","max-image-preview":"max-image-preview:large","max-video-preview":"max-video-preview:-1"},"canonical":"https:\/\/www.miamibeachfl.gov\/fr\/staff\/eric-carpenter\/","og_locale":"fr_FR","og_type":"article","og_title":"Eric Carpenter City Manager","og_description":"Eric T. Carpenter, P.E. is a strategic, collaborative, and perceptive leader who currently serves as the Deputy City Manager for the City of Miami Beach.","og_url":"https:\/\/www.miamibeachfl.gov\/fr\/staff\/eric-carpenter\/","og_site_name":"City of Miami Beach","article_publisher":"https:\/\/www.facebook.com\/cityofmiamibeach","article_modified_time":"2025-12-19T15:36:41+00:00","og_image":[{"width":250,"height":250,"url":"https:\/\/www.miamibeachfl.gov\/wp-content\/uploads\/2024\/09\/EricCarpenter-round0924.png","type":"image\/png"}],"twitter_card":"summary_large_image","twitter_site":"@Miamibeachnews","schema":{"@context":"https:\/\/schema.org","@graph":[{"@type":"WebPage","@id":"https:\/\/www.miamibeachfl.gov\/staff\/eric-carpenter\/","url":"https:\/\/www.miamibeachfl.gov\/staff\/eric-carpenter\/","name":"Eric Carpenter, directeur municipal de la ville de Miami Beach","isPartOf":{"@id":"https:\/\/www.miamibeachfl.gov\/#website"},"primaryImageOfPage":{"@id":"https:\/\/www.miamibeachfl.gov\/staff\/eric-carpenter\/#primaryimage"},"image":{"@id":"https:\/\/www.miamibeachfl.gov\/staff\/eric-carpenter\/#primaryimage"},"thumbnailUrl":"https:\/\/www.miamibeachfl.gov\/wp-content\/uploads\/2024\/09\/EricCarpenter-round0924.png","datePublished":"2023-05-24T13:31:17+00:00","dateModified":"2025-12-19T15:36:41+00:00","description":"Eric T. Carpenter, PE est un leader strat\u00e9gique, collaboratif et perspicace qui occupe actuellement le poste de directeur municipal adjoint de la ville de Miami Beach.","breadcrumb":{"@id":"https:\/\/www.miamibeachfl.gov\/staff\/eric-carpenter\/#breadcrumb"},"inLanguage":"fr-FR","potentialAction":[{"@type":"ReadAction","target":["https:\/\/www.miamibeachfl.gov\/staff\/eric-carpenter\/"]}]},{"@type":"ImageObject","inLanguage":"fr-FR","@id":"https:\/\/www.miamibeachfl.gov\/staff\/eric-carpenter\/#primaryimage","url":"https:\/\/www.miamibeachfl.gov\/wp-content\/uploads\/2024\/09\/EricCarpenter-round0924.png","contentUrl":"https:\/\/www.miamibeachfl.gov\/wp-content\/uploads\/2024\/09\/EricCarpenter-round0924.png","width":250,"height":250,"caption":"City Manager Eric Carpenter"},{"@type":"BreadcrumbList","@id":"https:\/\/www.miamibeachfl.gov\/staff\/eric-carpenter\/#breadcrumb","itemListElement":[{"@type":"ListItem","position":1,"name":"Home","item":"https:\/\/www.miamibeachfl.gov\/"},{"@type":"ListItem","position":2,"name":"Staff","item":"https:\/\/www.miamibeachfl.gov\/staff\/"},{"@type":"ListItem","position":3,"name":"Eric Carpenter City Manager"}]},{"@type":"WebSite","@id":"https:\/\/www.miamibeachfl.gov\/#website","url":"https:\/\/www.miamibeachfl.gov\/","name":"Ville de Miami Beach","description":"Site officiel de la ville de Miami Beach. Restez inform\u00e9 et trouvez des informations importantes sur les services municipaux, les actualit\u00e9s, les alertes, les \u00e9v\u00e9nements, les itin\u00e9raires de tramway, les emplois gouvernementaux et bien plus encore.","publisher":{"@id":"https:\/\/www.miamibeachfl.gov\/#organization"},"potentialAction":[{"@type":"SearchAction","target":{"@type":"EntryPoint","urlTemplate":"https:\/\/www.miamibeachfl.gov\/?s={search_term_string}"},"query-input":{"@type":"PropertyValueSpecification","valueRequired":true,"valueName":"search_term_string"}}],"inLanguage":"fr-FR"},{"@type":"Organization","@id":"https:\/\/www.miamibeachfl.gov\/#organization","name":"Ville de Miami Beach","url":"https:\/\/www.miamibeachfl.gov\/","logo":{"@type":"ImageObject","inLanguage":"fr-FR","@id":"https:\/\/www.miamibeachfl.gov\/#\/schema\/logo\/image\/","url":"https:\/\/www.miamibeachfl.gov\/wp-content\/uploads\/2022\/06\/miamibeach-logoblue.png","contentUrl":"https:\/\/www.miamibeachfl.gov\/wp-content\/uploads\/2022\/06\/miamibeach-logoblue.png","width":1962,"height":381,"caption":"City of Miami Beach"},"image":{"@id":"https:\/\/www.miamibeachfl.gov\/#\/schema\/logo\/image\/"},"sameAs":["https:\/\/www.facebook.com\/cityofmiamibeach","https:\/\/x.com\/Miamibeachnews","https:\/\/www.instagram.com\/miamibeachnews\/"],"description":"Site officiel de la ville de Miami Beach. Restez inform\u00e9 et trouvez des informations importantes sur les services municipaux, les actualit\u00e9s, les alertes, les \u00e9v\u00e9nements, les itin\u00e9raires de tramway, les emplois gouvernementaux et bien plus encore.","telephone":"305.604.CITY(2489)","legalName":"City of Miami Beach"}]}},"_links":{"self":[{"href":"https:\/\/www.miamibeachfl.gov\/fr\/wp-json\/wp\/v2\/pages\/261167","targetHints":{"allow":["GET"]}}],"collection":[{"href":"https:\/\/www.miamibeachfl.gov\/fr\/wp-json\/wp\/v2\/pages"}],"about":[{"href":"https:\/\/www.miamibeachfl.gov\/fr\/wp-json\/wp\/v2\/types\/page"}],"author":[{"embeddable":true,"href":"https:\/\/www.miamibeachfl.gov\/fr\/wp-json\/wp\/v2\/users\/222"}],"replies":[{"embeddable":true,"href":"https:\/\/www.miamibeachfl.gov\/fr\/wp-json\/wp\/v2\/comments?post=261167"}],"version-history":[{"count":2,"href":"https:\/\/www.miamibeachfl.gov\/fr\/wp-json\/wp\/v2\/pages\/261167\/revisions"}],"predecessor-version":[{"id":393611,"href":"https:\/\/www.miamibeachfl.gov\/fr\/wp-json\/wp\/v2\/pages\/261167\/revisions\/393611"}],"up":[{"embeddable":true,"href":"https:\/\/www.miamibeachfl.gov\/fr\/wp-json\/wp\/v2\/pages\/261112"}],"wp:featuredmedia":[{"embeddable":true,"href":"https:\/\/www.miamibeachfl.gov\/fr\/wp-json\/wp\/v2\/media\/339170"}],"wp:attachment":[{"href":"https:\/\/www.miamibeachfl.gov\/fr\/wp-json\/wp\/v2\/media?parent=261167"}],"wp:term":[{"taxonomy":"category","embeddable":true,"href":"https:\/\/www.miamibeachfl.gov\/fr\/wp-json\/wp\/v2\/categories?post=261167"},{"taxonomy":"post_tag","embeddable":true,"href":"https:\/\/www.miamibeachfl.gov\/fr\/wp-json\/wp\/v2\/tags?post=261167"}],"curies":[{"name":"wp","href":"https:\/\/api.w.org\/{rel}","templated":true}]}}