{"id":261181,"date":"2023-05-24T09:51:50","date_gmt":"2023-05-24T13:51:50","guid":{"rendered":"https:\/\/www.miamibeachfl.gov\/?page_id=261181"},"modified":"2026-01-02T09:35:24","modified_gmt":"2026-01-02T14:35:24","slug":"wayneajones","status":"publish","type":"page","link":"https:\/\/www.miamibeachfl.gov\/fr\/staff\/wayneajones\/","title":{"rendered":"Wayne A. Jones <br><span style=\"font-size:18px\">Pr\u00e9fet de police<\/span>"},"content":{"rendered":"<img decoding=\"async\" src=\"https:\/\/www.miamibeachfl.gov\/wp-content\/uploads\/bb-plugin\/cache\/ChiefWayneJones-circle.png\" alt=\"Chief Wayne Jones\" title=\"Chef Wayne Jones\" itemprop=\"image\"\/>\n\t\t<h1>\n\t\t\tWayne A. Jones\t<\/h1>\n<h2>\n\t\t\tPr\u00e9fet de police\t<\/h2>\n\t<ul>\n\t\t<li><a href=\"mailto:WayneJones@miamibeachfl.gov\" target=\"_self\"  aria-label=\"Allez \u00e0 mailto:WayneJones@miamibeachfl.gov\">\t\t\t\t\n\t\t<h3>WayneJones@miamibeachfl.gov<\/h3><\/a><\/li><li>\t\t\t\t\n\t\t<h3>Site Web du gestionnaire municipal<\/h3><p><strong><a href=\"https:\/\/www.miamibeachfl.gov\/fr\/city-hall\/city-manager\/\">Cliquez ici pour visiter le site Web du directeur municipal<\/a><\/strong><\/p><\/li><li>\t\t\t\t\n\t\t<h3>Votre site Web MBPD<\/h3><p><strong><a href=\"https:\/\/www.miamibeachfl.gov\/fr\/yourmbpd\/\">Cliquez ici pour visiter le site Web de la police de la ville de Miami Beach<\/a><\/strong><\/p><\/li>\t<\/ul>\n\t<p><strong>Wayne A. Jones<\/strong> Le chef Jones a pris ses fonctions de 21e chef de police du d\u00e9partement de police de Miami Beach le 1er septembre 2023. Fort d&#039;une brillante carri\u00e8re de 27 ans enti\u00e8rement au sein de la ville de Miami Beach, il a occup\u00e9 divers postes, notamment ceux d&#039;agent de patrouille, d&#039;inspecteur, de sergent, de lieutenant, de capitaine et de major, pour finalement atteindre le poste de chef adjoint en 2019. Sa vaste exp\u00e9rience a grandement b\u00e9n\u00e9fici\u00e9 \u00e0 notre ville. En particulier, pendant son mandat de sergent aux affaires communautaires, il a jet\u00e9 les bases du programme d&#039;agents de ressources pour les sans-abri, d\u00e9sormais reconnu \u00e0 l&#039;\u00e9chelle nationale, qui utilise une approche globale de la sensibilisation, de l&#039;engagement et de l&#039;application de la loi.<\/p>\n<p>En tant que major supervisant les services de soutien, le chef Jones a orchestr\u00e9 une initiative strat\u00e9gique visant \u00e0 renforcer le recrutement de polici\u00e8res, ce qui a permis d&#039;augmenter le nombre d&#039;embauches de 12% \u00e0 18%. De plus, alors qu&#039;il \u00e9tait major au sein de la division des enqu\u00eates criminelles, il a cr\u00e9\u00e9 l&#039;unit\u00e9 de lutte contre la traite des \u00eatres humains du d\u00e9partement. Cette unit\u00e9 a ensuite dirig\u00e9 les enqu\u00eates et les arrestations pour trafic sexuel dans le comt\u00e9 de Miami-Dade.<\/p>\n<p>Le chef Jones est titulaire d&#039;une licence en sciences politiques et en administration publique de la Florida Memorial University, ainsi que d&#039;un master en administration publique de la Florida International University. Son parcours acad\u00e9mique comprend \u00e9galement un dipl\u00f4me d&#039;associ\u00e9 du Miami Dade College en pilotage professionnel et technologie. Il est un ancien \u00e9l\u00e8ve distingu\u00e9 des Miami Fellows (classe II). Parmi ses r\u00e9alisations notables, on peut citer la r\u00e9ussite du s\u00e9minaire de perfectionnement des cadres des forces de l&#039;ordre du Federal Bureau of Investigation et du Senior Management Institute for Police du Police Executive Research Forum.<\/p>","protected":false},"excerpt":{"rendered":"<p>Wayne A. Jones Chief of Police WayneJones@miamibeachfl.gov City Manager Website Click here to visit City Manager Website Your MBPD Website [&hellip;]<\/p>\n","protected":false},"author":222,"featured_media":388253,"parent":261112,"menu_order":18,"comment_status":"closed","ping_status":"closed","template":"","meta":{"_searchwp_excluded":"","site-sidebar-layout":"default","site-content-layout":"","ast-site-content-layout":"default","site-content-style":"default","site-sidebar-style":"default","ast-global-header-display":"","ast-banner-title-visibility":"","ast-main-header-display":"","ast-hfb-above-header-display":"","ast-hfb-below-header-display":"","ast-hfb-mobile-header-display":"","site-post-title":"","ast-breadcrumbs-content":"","ast-featured-img":"","footer-sml-layout":"","theme-transparent-header-meta":"","adv-header-id-meta":"","stick-header-meta":"","header-above-stick-meta":"","header-main-stick-meta":"","header-below-stick-meta":"","astra-migrate-meta-layouts":"default","ast-page-background-enabled":"default","ast-page-background-meta":{"desktop":{"background-color":"var(--ast-global-color-5)","background-image":"","background-repeat":"repeat","background-position":"center center","background-size":"auto","background-attachment":"scroll","background-type":"","background-media":"","overlay-type":"","overlay-color":"","overlay-opacity":"","overlay-gradient":""},"tablet":{"background-color":"","background-image":"","background-repeat":"repeat","background-position":"center center","background-size":"auto","background-attachment":"scroll","background-type":"","background-media":"","overlay-type":"","overlay-color":"","overlay-opacity":"","overlay-gradient":""},"mobile":{"background-color":"","background-image":"","background-repeat":"repeat","background-position":"center center","background-size":"auto","background-attachment":"scroll","background-type":"","background-media":"","overlay-type":"","overlay-color":"","overlay-opacity":"","overlay-gradient":""}},"ast-content-background-meta":{"desktop":{"background-color":"var(--ast-global-color-4)","background-image":"","background-repeat":"repeat","background-position":"center center","background-size":"auto","background-attachment":"scroll","background-type":"","background-media":"","overlay-type":"","overlay-color":"","overlay-opacity":"","overlay-gradient":""},"tablet":{"background-color":"var(--ast-global-color-4)","background-image":"","background-repeat":"repeat","background-position":"center center","background-size":"auto","background-attachment":"scroll","background-type":"","background-media":"","overlay-type":"","overlay-color":"","overlay-opacity":"","overlay-gradient":""},"mobile":{"background-color":"var(--ast-global-color-4)","background-image":"","background-repeat":"repeat","background-position":"center center","background-size":"auto","background-attachment":"scroll","background-type":"","background-media":"","overlay-type":"","overlay-color":"","overlay-opacity":"","overlay-gradient":""}},"footnotes":""},"categories":[],"tags":[961,966,960,1052],"class_list":["post-261181","page","type-page","status-publish","has-post-thumbnail","hentry","tag-staff-city-manager-team","tag-police-department-staff","tag-staff","tag-wayne-a-jones-staff"],"yoast_head":"<!-- This site is optimized with the Yoast SEO Premium plugin v27.4 (Yoast SEO v27.4) - https:\/\/yoast.com\/product\/yoast-seo-premium-wordpress\/ -->\n<title>Wayne A. Jones Chief of Police - City of Miami Beach<\/title>\n<meta name=\"description\" content=\"Chief Richard M. Clements\u00a0was appointed as the 20th\u00a0Chief of the Miami Beach Police Department on July 1, 2019. Chief Clements has been with MBPD for the entirety of his law enforcement career that began in 1990.\" \/>\n<meta name=\"robots\" content=\"index, follow, max-snippet:-1, max-image-preview:large, max-video-preview:-1\" \/>\n<link rel=\"canonical\" href=\"https:\/\/www.miamibeachfl.gov\/fr\/staff\/wayneajones\/\" \/>\n<meta property=\"og:locale\" content=\"fr_FR\" \/>\n<meta property=\"og:type\" content=\"article\" \/>\n<meta property=\"og:title\" content=\"Wayne A. Jones Chief of Police\" \/>\n<meta property=\"og:description\" content=\"Chief Richard M. Clements\u00a0was appointed as the 20th\u00a0Chief of the Miami Beach Police Department on July 1, 2019. Chief Clements has been with MBPD for the entirety of his law enforcement career that began in 1990.\" \/>\n<meta property=\"og:url\" content=\"https:\/\/www.miamibeachfl.gov\/fr\/staff\/wayneajones\/\" \/>\n<meta property=\"og:site_name\" content=\"City of Miami Beach\" \/>\n<meta property=\"article:publisher\" content=\"https:\/\/www.facebook.com\/cityofmiamibeach\" \/>\n<meta property=\"article:modified_time\" content=\"2026-01-02T14:35:24+00:00\" \/>\n<meta property=\"og:image\" content=\"https:\/\/www.miamibeachfl.gov\/wp-content\/uploads\/2025\/08\/Staff-ChiefWayneJones-Circle.png\" \/>\n\t<meta property=\"og:image:width\" content=\"250\" \/>\n\t<meta property=\"og:image:height\" content=\"250\" \/>\n\t<meta property=\"og:image:type\" content=\"image\/png\" \/>\n<meta name=\"twitter:card\" content=\"summary_large_image\" \/>\n<meta name=\"twitter:site\" content=\"@Miamibeachnews\" \/>\n<script type=\"application\/ld+json\" class=\"yoast-schema-graph\">{\"@context\":\"https:\\\/\\\/schema.org\",\"@graph\":[{\"@type\":\"WebPage\",\"@id\":\"https:\\\/\\\/www.miamibeachfl.gov\\\/staff\\\/wayneajones\\\/\",\"url\":\"https:\\\/\\\/www.miamibeachfl.gov\\\/staff\\\/wayneajones\\\/\",\"name\":\"Wayne A. Jones Chief of Police - City of Miami Beach\",\"isPartOf\":{\"@id\":\"https:\\\/\\\/www.miamibeachfl.gov\\\/#website\"},\"primaryImageOfPage\":{\"@id\":\"https:\\\/\\\/www.miamibeachfl.gov\\\/staff\\\/wayneajones\\\/#primaryimage\"},\"image\":{\"@id\":\"https:\\\/\\\/www.miamibeachfl.gov\\\/staff\\\/wayneajones\\\/#primaryimage\"},\"thumbnailUrl\":\"https:\\\/\\\/www.miamibeachfl.gov\\\/wp-content\\\/uploads\\\/2025\\\/08\\\/Staff-ChiefWayneJones-Circle.png\",\"datePublished\":\"2023-05-24T13:51:50+00:00\",\"dateModified\":\"2026-01-02T14:35:24+00:00\",\"description\":\"Chief Richard M. Clements\u00a0was appointed as the 20th\u00a0Chief of the Miami Beach Police Department on July 1, 2019. Chief Clements has been with MBPD for the entirety of his law enforcement career that began in 1990.\",\"breadcrumb\":{\"@id\":\"https:\\\/\\\/www.miamibeachfl.gov\\\/staff\\\/wayneajones\\\/#breadcrumb\"},\"inLanguage\":\"fr-FR\",\"potentialAction\":[{\"@type\":\"ReadAction\",\"target\":[\"https:\\\/\\\/www.miamibeachfl.gov\\\/staff\\\/wayneajones\\\/\"]}]},{\"@type\":\"ImageObject\",\"inLanguage\":\"fr-FR\",\"@id\":\"https:\\\/\\\/www.miamibeachfl.gov\\\/staff\\\/wayneajones\\\/#primaryimage\",\"url\":\"https:\\\/\\\/www.miamibeachfl.gov\\\/wp-content\\\/uploads\\\/2025\\\/08\\\/Staff-ChiefWayneJones-Circle.png\",\"contentUrl\":\"https:\\\/\\\/www.miamibeachfl.gov\\\/wp-content\\\/uploads\\\/2025\\\/08\\\/Staff-ChiefWayneJones-Circle.png\",\"width\":250,\"height\":250,\"caption\":\"Chief Wayne Jones\"},{\"@type\":\"BreadcrumbList\",\"@id\":\"https:\\\/\\\/www.miamibeachfl.gov\\\/staff\\\/wayneajones\\\/#breadcrumb\",\"itemListElement\":[{\"@type\":\"ListItem\",\"position\":1,\"name\":\"Home\",\"item\":\"https:\\\/\\\/www.miamibeachfl.gov\\\/\"},{\"@type\":\"ListItem\",\"position\":2,\"name\":\"Staff\",\"item\":\"https:\\\/\\\/www.miamibeachfl.gov\\\/staff\\\/\"},{\"@type\":\"ListItem\",\"position\":3,\"name\":\"Wayne A. Jones Chief of Police\"}]},{\"@type\":\"WebSite\",\"@id\":\"https:\\\/\\\/www.miamibeachfl.gov\\\/#website\",\"url\":\"https:\\\/\\\/www.miamibeachfl.gov\\\/\",\"name\":\"City of Miami Beach\",\"description\":\"The official website of the City of Miami Beach. Stay informed, find important information on city services, news, alerts, events, trolley routes, government employment and more.\",\"publisher\":{\"@id\":\"https:\\\/\\\/www.miamibeachfl.gov\\\/#organization\"},\"potentialAction\":[{\"@type\":\"SearchAction\",\"target\":{\"@type\":\"EntryPoint\",\"urlTemplate\":\"https:\\\/\\\/www.miamibeachfl.gov\\\/?s={search_term_string}\"},\"query-input\":{\"@type\":\"PropertyValueSpecification\",\"valueRequired\":true,\"valueName\":\"search_term_string\"}}],\"inLanguage\":\"fr-FR\"},{\"@type\":\"Organization\",\"@id\":\"https:\\\/\\\/www.miamibeachfl.gov\\\/#organization\",\"name\":\"City of Miami Beach\",\"url\":\"https:\\\/\\\/www.miamibeachfl.gov\\\/\",\"logo\":{\"@type\":\"ImageObject\",\"inLanguage\":\"fr-FR\",\"@id\":\"https:\\\/\\\/www.miamibeachfl.gov\\\/#\\\/schema\\\/logo\\\/image\\\/\",\"url\":\"https:\\\/\\\/www.miamibeachfl.gov\\\/wp-content\\\/uploads\\\/2022\\\/06\\\/miamibeach-logoblue.png\",\"contentUrl\":\"https:\\\/\\\/www.miamibeachfl.gov\\\/wp-content\\\/uploads\\\/2022\\\/06\\\/miamibeach-logoblue.png\",\"width\":1962,\"height\":381,\"caption\":\"City of Miami Beach\"},\"image\":{\"@id\":\"https:\\\/\\\/www.miamibeachfl.gov\\\/#\\\/schema\\\/logo\\\/image\\\/\"},\"sameAs\":[\"https:\\\/\\\/www.facebook.com\\\/cityofmiamibeach\",\"https:\\\/\\\/x.com\\\/Miamibeachnews\",\"https:\\\/\\\/www.instagram.com\\\/miamibeachnews\\\/\"],\"description\":\"The official website of the City of Miami Beach. Stay informed, find important information on city services, news, alerts, events, trolley routes, government employment and more.\",\"telephone\":\"305.604.CITY(2489)\",\"legalName\":\"City of Miami Beach\"}]}<\/script>\n<!-- \/ Yoast SEO Premium plugin. -->","yoast_head_json":{"title":"Wayne A. Jones, chef de la police de la ville de Miami Beach","description":"Le chef Richard M. Clements a \u00e9t\u00e9 nomm\u00e9 20e chef du d\u00e9partement de police de Miami Beach le 1er juillet 2019. Le chef Clements a travaill\u00e9 au MBPD pendant toute sa carri\u00e8re dans les forces de l&#039;ordre qui a d\u00e9but\u00e9 en 1990.","robots":{"index":"index","follow":"follow","max-snippet":"max-snippet:-1","max-image-preview":"max-image-preview:large","max-video-preview":"max-video-preview:-1"},"canonical":"https:\/\/www.miamibeachfl.gov\/fr\/staff\/wayneajones\/","og_locale":"fr_FR","og_type":"article","og_title":"Wayne A. Jones Chief of Police","og_description":"Chief Richard M. Clements\u00a0was appointed as the 20th\u00a0Chief of the Miami Beach Police Department on July 1, 2019. Chief Clements has been with MBPD for the entirety of his law enforcement career that began in 1990.","og_url":"https:\/\/www.miamibeachfl.gov\/fr\/staff\/wayneajones\/","og_site_name":"City of Miami Beach","article_publisher":"https:\/\/www.facebook.com\/cityofmiamibeach","article_modified_time":"2026-01-02T14:35:24+00:00","og_image":[{"width":250,"height":250,"url":"https:\/\/www.miamibeachfl.gov\/wp-content\/uploads\/2025\/08\/Staff-ChiefWayneJones-Circle.png","type":"image\/png"}],"twitter_card":"summary_large_image","twitter_site":"@Miamibeachnews","schema":{"@context":"https:\/\/schema.org","@graph":[{"@type":"WebPage","@id":"https:\/\/www.miamibeachfl.gov\/staff\/wayneajones\/","url":"https:\/\/www.miamibeachfl.gov\/staff\/wayneajones\/","name":"Wayne A. Jones, chef de la police de la ville de Miami Beach","isPartOf":{"@id":"https:\/\/www.miamibeachfl.gov\/#website"},"primaryImageOfPage":{"@id":"https:\/\/www.miamibeachfl.gov\/staff\/wayneajones\/#primaryimage"},"image":{"@id":"https:\/\/www.miamibeachfl.gov\/staff\/wayneajones\/#primaryimage"},"thumbnailUrl":"https:\/\/www.miamibeachfl.gov\/wp-content\/uploads\/2025\/08\/Staff-ChiefWayneJones-Circle.png","datePublished":"2023-05-24T13:51:50+00:00","dateModified":"2026-01-02T14:35:24+00:00","description":"Le chef Richard M. Clements a \u00e9t\u00e9 nomm\u00e9 20e chef du d\u00e9partement de police de Miami Beach le 1er juillet 2019. Le chef Clements a travaill\u00e9 au MBPD pendant toute sa carri\u00e8re dans les forces de l&#039;ordre qui a d\u00e9but\u00e9 en 1990.","breadcrumb":{"@id":"https:\/\/www.miamibeachfl.gov\/staff\/wayneajones\/#breadcrumb"},"inLanguage":"fr-FR","potentialAction":[{"@type":"ReadAction","target":["https:\/\/www.miamibeachfl.gov\/staff\/wayneajones\/"]}]},{"@type":"ImageObject","inLanguage":"fr-FR","@id":"https:\/\/www.miamibeachfl.gov\/staff\/wayneajones\/#primaryimage","url":"https:\/\/www.miamibeachfl.gov\/wp-content\/uploads\/2025\/08\/Staff-ChiefWayneJones-Circle.png","contentUrl":"https:\/\/www.miamibeachfl.gov\/wp-content\/uploads\/2025\/08\/Staff-ChiefWayneJones-Circle.png","width":250,"height":250,"caption":"Chief Wayne Jones"},{"@type":"BreadcrumbList","@id":"https:\/\/www.miamibeachfl.gov\/staff\/wayneajones\/#breadcrumb","itemListElement":[{"@type":"ListItem","position":1,"name":"Home","item":"https:\/\/www.miamibeachfl.gov\/"},{"@type":"ListItem","position":2,"name":"Staff","item":"https:\/\/www.miamibeachfl.gov\/staff\/"},{"@type":"ListItem","position":3,"name":"Wayne A. Jones Chief of Police"}]},{"@type":"WebSite","@id":"https:\/\/www.miamibeachfl.gov\/#website","url":"https:\/\/www.miamibeachfl.gov\/","name":"Ville de Miami Beach","description":"Site officiel de la ville de Miami Beach. Restez inform\u00e9 et trouvez des informations importantes sur les services municipaux, les actualit\u00e9s, les alertes, les \u00e9v\u00e9nements, les itin\u00e9raires de tramway, les emplois gouvernementaux et bien plus encore.","publisher":{"@id":"https:\/\/www.miamibeachfl.gov\/#organization"},"potentialAction":[{"@type":"SearchAction","target":{"@type":"EntryPoint","urlTemplate":"https:\/\/www.miamibeachfl.gov\/?s={search_term_string}"},"query-input":{"@type":"PropertyValueSpecification","valueRequired":true,"valueName":"search_term_string"}}],"inLanguage":"fr-FR"},{"@type":"Organization","@id":"https:\/\/www.miamibeachfl.gov\/#organization","name":"Ville de Miami Beach","url":"https:\/\/www.miamibeachfl.gov\/","logo":{"@type":"ImageObject","inLanguage":"fr-FR","@id":"https:\/\/www.miamibeachfl.gov\/#\/schema\/logo\/image\/","url":"https:\/\/www.miamibeachfl.gov\/wp-content\/uploads\/2022\/06\/miamibeach-logoblue.png","contentUrl":"https:\/\/www.miamibeachfl.gov\/wp-content\/uploads\/2022\/06\/miamibeach-logoblue.png","width":1962,"height":381,"caption":"City of Miami Beach"},"image":{"@id":"https:\/\/www.miamibeachfl.gov\/#\/schema\/logo\/image\/"},"sameAs":["https:\/\/www.facebook.com\/cityofmiamibeach","https:\/\/x.com\/Miamibeachnews","https:\/\/www.instagram.com\/miamibeachnews\/"],"description":"Site officiel de la ville de Miami Beach. Restez inform\u00e9 et trouvez des informations importantes sur les services municipaux, les actualit\u00e9s, les alertes, les \u00e9v\u00e9nements, les itin\u00e9raires de tramway, les emplois gouvernementaux et bien plus encore.","telephone":"305.604.CITY(2489)","legalName":"City of Miami Beach"}]}},"_links":{"self":[{"href":"https:\/\/www.miamibeachfl.gov\/fr\/wp-json\/wp\/v2\/pages\/261181","targetHints":{"allow":["GET"]}}],"collection":[{"href":"https:\/\/www.miamibeachfl.gov\/fr\/wp-json\/wp\/v2\/pages"}],"about":[{"href":"https:\/\/www.miamibeachfl.gov\/fr\/wp-json\/wp\/v2\/types\/page"}],"author":[{"embeddable":true,"href":"https:\/\/www.miamibeachfl.gov\/fr\/wp-json\/wp\/v2\/users\/222"}],"replies":[{"embeddable":true,"href":"https:\/\/www.miamibeachfl.gov\/fr\/wp-json\/wp\/v2\/comments?post=261181"}],"version-history":[{"count":2,"href":"https:\/\/www.miamibeachfl.gov\/fr\/wp-json\/wp\/v2\/pages\/261181\/revisions"}],"predecessor-version":[{"id":394396,"href":"https:\/\/www.miamibeachfl.gov\/fr\/wp-json\/wp\/v2\/pages\/261181\/revisions\/394396"}],"up":[{"embeddable":true,"href":"https:\/\/www.miamibeachfl.gov\/fr\/wp-json\/wp\/v2\/pages\/261112"}],"wp:featuredmedia":[{"embeddable":true,"href":"https:\/\/www.miamibeachfl.gov\/fr\/wp-json\/wp\/v2\/media\/388253"}],"wp:attachment":[{"href":"https:\/\/www.miamibeachfl.gov\/fr\/wp-json\/wp\/v2\/media?parent=261181"}],"wp:term":[{"taxonomy":"category","embeddable":true,"href":"https:\/\/www.miamibeachfl.gov\/fr\/wp-json\/wp\/v2\/categories?post=261181"},{"taxonomy":"post_tag","embeddable":true,"href":"https:\/\/www.miamibeachfl.gov\/fr\/wp-json\/wp\/v2\/tags?post=261181"}],"curies":[{"name":"wp","href":"https:\/\/api.w.org\/{rel}","templated":true}]}}