{"id":261197,"date":"2023-05-24T10:30:39","date_gmt":"2023-05-24T14:30:39","guid":{"rendered":"https:\/\/www.miamibeachfl.gov\/?page_id=261197"},"modified":"2026-01-02T10:35:23","modified_gmt":"2026-01-02T15:35:23","slug":"amy-knowles","status":"publish","type":"page","link":"https:\/\/www.miamibeachfl.gov\/fr\/staff\/amy-knowles\/","title":{"rendered":"Amy Knowles <br><span style=\"font-size:18px\">Responsable de la r\u00e9silience<\/span>"},"content":{"rendered":"<img decoding=\"async\" src=\"https:\/\/www.miamibeachfl.gov\/wp-content\/uploads\/bb-plugin\/cache\/AmyKnowles-round-1-circle.png\" alt=\"Amy Knowles\" title=\"AmyKnowles-ronde\" itemprop=\"image\"\/>\n\t\t<h1>\n\t\t\tAmy Knowles\t<\/h1>\n<h2>\n\t\t\tResponsable de la r\u00e9silience\t<\/h2>\n\t<ul>\n\t\t<li>\t\t\t\t\n\t\t<h3>E-mail:<\/h3><p><strong><a href=\"mailto:AmyKnowles@miamibeachfl.gov\">AmyKnowles@miamibeachfl.gov<\/a><\/strong><\/p><\/li><li>\t\t\t\t\n\t\t<h3>T\u00e9l\u00e9phone:<\/h3><p><strong><a href=\"tel:3056737084\">305.673.7084 Poste : 6081<\/a><\/strong><\/p><\/li><li>\t\t\t\t\n\t\t<h3>Sites Web<\/h3><p><strong><a href=\"https:\/\/www.miamibeachfl.gov\/fr\/city-hall\/city-manager\/\">Consultez le site web du directeur municipal<\/a><\/strong><strong><a href=\"https:\/\/www.miamibeachfl.gov\/fr\/city-hall\/environmental-sustainability\/\">Consultez le site Web du D\u00e9partement de l&#039;environnement et du d\u00e9veloppement durable<\/a><\/strong><\/p><\/li>\t<\/ul>\n\t<p><strong>Domaines de responsabilit\u00e9 :<\/strong> D\u00e9partement Strat\u00e9gie de r\u00e9silience, Environnement et d\u00e9veloppement durable<\/p>\n\t<p>Amy Knowles est directrice de la r\u00e9silience et directrice de l&#039;environnement et du d\u00e9veloppement durable de la ville de Miami Beach. Elle travaille en \u00e9troite collaboration avec une \u00e9quipe de direction holistique en r\u00e9silience pour mettre en \u0153uvre des politiques et des projets visant \u00e0 b\u00e2tir une ville r\u00e9siliente.<\/p>\n<p>Miami Beach est un laboratoire vivant du changement climatique, et Mme Knowles se concentre sur l&#039;int\u00e9gration de la planification de la pr\u00e9paration climatique aux solutions et infrastructures fond\u00e9es sur la nature. Dans le cadre de la planification de l&#039;\u00e9l\u00e9vation du niveau de la mer, Mme Knowles a r\u00e9cemment contribu\u00e9 \u00e0 l&#039;obtention d&#039;un financement de 14,48 millions de livres sterling pour la r\u00e9silience, destin\u00e9 \u00e0 des projets allant de la restauration des dunes aux infrastructures. Elle a dirig\u00e9 la premi\u00e8re \u00e9valuation de la vuln\u00e9rabilit\u00e9 de la ville et l&#039;analyse de rentabilit\u00e9 du programme de gestion des eaux pluviales, soulignant ainsi l&#039;importance sociale et \u00e9conomique de la protection de Miami Beach. Elle a r\u00e9cemment lanc\u00e9 <em>Combattre le d\u00e9luge<\/em>, un programme d&#039;adaptation des propri\u00e9t\u00e9s priv\u00e9es visant \u00e0 encourager les investissements immobiliers priv\u00e9s dans la r\u00e9silience. Parmi les initiatives notables men\u00e9es \u00e0 Miami Beach sur la chaleur extr\u00eame, on peut citer l&#039;ordonnance sur les \u00eelots de chaleur urbains et le plan directeur de foresterie urbaine.<\/p>\n<p>Mme Knowles estime que la collaboration est essentielle \u00e0 la r\u00e9silience et travaille dans un partenariat unique avec le comt\u00e9 de Miami-Dade, la ville de Miami et la Fondation de Miami pour mettre en \u0153uvre\u00a0<em>R\u00e9silient305<\/em>, une strat\u00e9gie de r\u00e9silience partag\u00e9e. Mme Knowles si\u00e8ge au Comit\u00e9 directeur nord-am\u00e9ricain du R\u00e9seau mondial des villes r\u00e9silientes. Elle participe aux travaux du Pacte sur le changement climatique du sud-est de la Floride et de Resiliency Florida. Mme Knowles s&#039;est rendue aux Pays-Bas, au Chili et aux \u00c9tats-Unis pour \u00e9tudier et partager des strat\u00e9gies de r\u00e9silience.<\/p>\n<p>La carri\u00e8re de Mme Knowles dans la fonction publique comprend la protection de l&#039;environnement, l&#039;administration et la planification. Elle est titulaire d&#039;une licence en politique environnementale de l&#039;Universit\u00e9 de Binghamton et d&#039;un master en administration des affaires de l&#039;Universit\u00e9 de Miami.<\/p>","protected":false},"excerpt":{"rendered":"<p>Amy Knowles Chief Resilience Officer Email: AmyKnowles@miamibeachfl.gov Phone: 305.673.7084 Ext: 6081 Websites Visit the City Manager&#8217;s websiteVisit the Environmental and [&hellip;]<\/p>\n","protected":false},"author":222,"featured_media":261199,"parent":261112,"menu_order":21,"comment_status":"closed","ping_status":"closed","template":"","meta":{"_searchwp_excluded":"","site-sidebar-layout":"default","site-content-layout":"","ast-site-content-layout":"default","site-content-style":"default","site-sidebar-style":"default","ast-global-header-display":"","ast-banner-title-visibility":"","ast-main-header-display":"","ast-hfb-above-header-display":"","ast-hfb-below-header-display":"","ast-hfb-mobile-header-display":"","site-post-title":"","ast-breadcrumbs-content":"","ast-featured-img":"","footer-sml-layout":"","theme-transparent-header-meta":"","adv-header-id-meta":"","stick-header-meta":"","header-above-stick-meta":"","header-main-stick-meta":"","header-below-stick-meta":"","astra-migrate-meta-layouts":"default","ast-page-background-enabled":"default","ast-page-background-meta":{"desktop":{"background-color":"var(--ast-global-color-5)","background-image":"","background-repeat":"repeat","background-position":"center center","background-size":"auto","background-attachment":"scroll","background-type":"","background-media":"","overlay-type":"","overlay-color":"","overlay-opacity":"","overlay-gradient":""},"tablet":{"background-color":"","background-image":"","background-repeat":"repeat","background-position":"center center","background-size":"auto","background-attachment":"scroll","background-type":"","background-media":"","overlay-type":"","overlay-color":"","overlay-opacity":"","overlay-gradient":""},"mobile":{"background-color":"","background-image":"","background-repeat":"repeat","background-position":"center center","background-size":"auto","background-attachment":"scroll","background-type":"","background-media":"","overlay-type":"","overlay-color":"","overlay-opacity":"","overlay-gradient":""}},"ast-content-background-meta":{"desktop":{"background-color":"var(--ast-global-color-4)","background-image":"","background-repeat":"repeat","background-position":"center center","background-size":"auto","background-attachment":"scroll","background-type":"","background-media":"","overlay-type":"","overlay-color":"","overlay-opacity":"","overlay-gradient":""},"tablet":{"background-color":"var(--ast-global-color-4)","background-image":"","background-repeat":"repeat","background-position":"center center","background-size":"auto","background-attachment":"scroll","background-type":"","background-media":"","overlay-type":"","overlay-color":"","overlay-opacity":"","overlay-gradient":""},"mobile":{"background-color":"var(--ast-global-color-4)","background-image":"","background-repeat":"repeat","background-position":"center center","background-size":"auto","background-attachment":"scroll","background-type":"","background-media":"","overlay-type":"","overlay-color":"","overlay-opacity":"","overlay-gradient":""}},"footnotes":""},"categories":[],"tags":[969,960],"class_list":["post-261197","page","type-page","status-publish","has-post-thumbnail","hentry","tag-amy-knowles-staff","tag-staff"],"yoast_head":"<!-- This site is optimized with the Yoast SEO Premium plugin v27.4 (Yoast SEO v27.4) - https:\/\/yoast.com\/product\/yoast-seo-premium-wordpress\/ -->\n<title>Amy Knowles Chief Resilience Officer - City of Miami Beach<\/title>\n<meta name=\"description\" content=\"Amy Knowles serves as the Chief Resilience Officer and the Director of Environment and Sustainability for the City of Miami Beach. Ms. Knowles works closely with a holistic resilience leadership team to implement policies and projects to build a resilient Miami Beach.\" \/>\n<meta name=\"robots\" content=\"index, follow, max-snippet:-1, max-image-preview:large, max-video-preview:-1\" \/>\n<link rel=\"canonical\" href=\"https:\/\/www.miamibeachfl.gov\/fr\/staff\/amy-knowles\/\" \/>\n<meta property=\"og:locale\" content=\"fr_FR\" \/>\n<meta property=\"og:type\" content=\"article\" \/>\n<meta property=\"og:title\" content=\"Amy Knowles Chief Resilience Officer\" \/>\n<meta property=\"og:description\" content=\"Amy Knowles serves as the Chief Resilience Officer and the Director of Environment and Sustainability for the City of Miami Beach. Ms. Knowles works closely with a holistic resilience leadership team to implement policies and projects to build a resilient Miami Beach.\" \/>\n<meta property=\"og:url\" content=\"https:\/\/www.miamibeachfl.gov\/fr\/staff\/amy-knowles\/\" \/>\n<meta property=\"og:site_name\" content=\"City of Miami Beach\" \/>\n<meta property=\"article:publisher\" content=\"https:\/\/www.facebook.com\/cityofmiamibeach\" \/>\n<meta property=\"article:modified_time\" content=\"2026-01-02T15:35:23+00:00\" \/>\n<meta property=\"og:image\" content=\"https:\/\/www.miamibeachfl.gov\/wp-content\/uploads\/2023\/05\/AmyKnowles-round-1.png\" \/>\n\t<meta property=\"og:image:width\" content=\"249\" \/>\n\t<meta property=\"og:image:height\" content=\"250\" \/>\n\t<meta property=\"og:image:type\" content=\"image\/png\" \/>\n<meta name=\"twitter:card\" content=\"summary_large_image\" \/>\n<meta name=\"twitter:site\" content=\"@Miamibeachnews\" \/>\n<script type=\"application\/ld+json\" class=\"yoast-schema-graph\">{\"@context\":\"https:\\\/\\\/schema.org\",\"@graph\":[{\"@type\":\"WebPage\",\"@id\":\"https:\\\/\\\/www.miamibeachfl.gov\\\/staff\\\/amy-knowles\\\/\",\"url\":\"https:\\\/\\\/www.miamibeachfl.gov\\\/staff\\\/amy-knowles\\\/\",\"name\":\"Amy Knowles Chief Resilience Officer - City of Miami Beach\",\"isPartOf\":{\"@id\":\"https:\\\/\\\/www.miamibeachfl.gov\\\/#website\"},\"primaryImageOfPage\":{\"@id\":\"https:\\\/\\\/www.miamibeachfl.gov\\\/staff\\\/amy-knowles\\\/#primaryimage\"},\"image\":{\"@id\":\"https:\\\/\\\/www.miamibeachfl.gov\\\/staff\\\/amy-knowles\\\/#primaryimage\"},\"thumbnailUrl\":\"https:\\\/\\\/www.miamibeachfl.gov\\\/wp-content\\\/uploads\\\/2023\\\/05\\\/AmyKnowles-round-1.png\",\"datePublished\":\"2023-05-24T14:30:39+00:00\",\"dateModified\":\"2026-01-02T15:35:23+00:00\",\"description\":\"Amy Knowles serves as the Chief Resilience Officer and the Director of Environment and Sustainability for the City of Miami Beach. Ms. Knowles works closely with a holistic resilience leadership team to implement policies and projects to build a resilient Miami Beach.\",\"breadcrumb\":{\"@id\":\"https:\\\/\\\/www.miamibeachfl.gov\\\/staff\\\/amy-knowles\\\/#breadcrumb\"},\"inLanguage\":\"fr-FR\",\"potentialAction\":[{\"@type\":\"ReadAction\",\"target\":[\"https:\\\/\\\/www.miamibeachfl.gov\\\/staff\\\/amy-knowles\\\/\"]}]},{\"@type\":\"ImageObject\",\"inLanguage\":\"fr-FR\",\"@id\":\"https:\\\/\\\/www.miamibeachfl.gov\\\/staff\\\/amy-knowles\\\/#primaryimage\",\"url\":\"https:\\\/\\\/www.miamibeachfl.gov\\\/wp-content\\\/uploads\\\/2023\\\/05\\\/AmyKnowles-round-1.png\",\"contentUrl\":\"https:\\\/\\\/www.miamibeachfl.gov\\\/wp-content\\\/uploads\\\/2023\\\/05\\\/AmyKnowles-round-1.png\",\"width\":249,\"height\":250,\"caption\":\"Amy Knowles\"},{\"@type\":\"BreadcrumbList\",\"@id\":\"https:\\\/\\\/www.miamibeachfl.gov\\\/staff\\\/amy-knowles\\\/#breadcrumb\",\"itemListElement\":[{\"@type\":\"ListItem\",\"position\":1,\"name\":\"Home\",\"item\":\"https:\\\/\\\/www.miamibeachfl.gov\\\/\"},{\"@type\":\"ListItem\",\"position\":2,\"name\":\"Staff\",\"item\":\"https:\\\/\\\/www.miamibeachfl.gov\\\/staff\\\/\"},{\"@type\":\"ListItem\",\"position\":3,\"name\":\"Amy Knowles Chief Resilience Officer\"}]},{\"@type\":\"WebSite\",\"@id\":\"https:\\\/\\\/www.miamibeachfl.gov\\\/#website\",\"url\":\"https:\\\/\\\/www.miamibeachfl.gov\\\/\",\"name\":\"City of Miami Beach\",\"description\":\"The official website of the City of Miami Beach. Stay informed, find important information on city services, news, alerts, events, trolley routes, government employment and more.\",\"publisher\":{\"@id\":\"https:\\\/\\\/www.miamibeachfl.gov\\\/#organization\"},\"potentialAction\":[{\"@type\":\"SearchAction\",\"target\":{\"@type\":\"EntryPoint\",\"urlTemplate\":\"https:\\\/\\\/www.miamibeachfl.gov\\\/?s={search_term_string}\"},\"query-input\":{\"@type\":\"PropertyValueSpecification\",\"valueRequired\":true,\"valueName\":\"search_term_string\"}}],\"inLanguage\":\"fr-FR\"},{\"@type\":\"Organization\",\"@id\":\"https:\\\/\\\/www.miamibeachfl.gov\\\/#organization\",\"name\":\"City of Miami Beach\",\"url\":\"https:\\\/\\\/www.miamibeachfl.gov\\\/\",\"logo\":{\"@type\":\"ImageObject\",\"inLanguage\":\"fr-FR\",\"@id\":\"https:\\\/\\\/www.miamibeachfl.gov\\\/#\\\/schema\\\/logo\\\/image\\\/\",\"url\":\"https:\\\/\\\/www.miamibeachfl.gov\\\/wp-content\\\/uploads\\\/2022\\\/06\\\/miamibeach-logoblue.png\",\"contentUrl\":\"https:\\\/\\\/www.miamibeachfl.gov\\\/wp-content\\\/uploads\\\/2022\\\/06\\\/miamibeach-logoblue.png\",\"width\":1962,\"height\":381,\"caption\":\"City of Miami Beach\"},\"image\":{\"@id\":\"https:\\\/\\\/www.miamibeachfl.gov\\\/#\\\/schema\\\/logo\\\/image\\\/\"},\"sameAs\":[\"https:\\\/\\\/www.facebook.com\\\/cityofmiamibeach\",\"https:\\\/\\\/x.com\\\/Miamibeachnews\",\"https:\\\/\\\/www.instagram.com\\\/miamibeachnews\\\/\"],\"description\":\"The official website of the City of Miami Beach. Stay informed, find important information on city services, news, alerts, events, trolley routes, government employment and more.\",\"telephone\":\"305.604.CITY(2489)\",\"legalName\":\"City of Miami Beach\"}]}<\/script>\n<!-- \/ Yoast SEO Premium plugin. -->","yoast_head_json":{"title":"Amy Knowles, responsable de la r\u00e9silience \u2013 Ville de Miami Beach","description":"Amy Knowles est directrice de la r\u00e9silience et directrice de l&#039;environnement et du d\u00e9veloppement durable de la ville de Miami Beach. Elle travaille en \u00e9troite collaboration avec une \u00e9quipe de direction holistique en r\u00e9silience pour mettre en \u0153uvre des politiques et des projets visant \u00e0 b\u00e2tir une ville r\u00e9siliente.","robots":{"index":"index","follow":"follow","max-snippet":"max-snippet:-1","max-image-preview":"max-image-preview:large","max-video-preview":"max-video-preview:-1"},"canonical":"https:\/\/www.miamibeachfl.gov\/fr\/staff\/amy-knowles\/","og_locale":"fr_FR","og_type":"article","og_title":"Amy Knowles Chief Resilience Officer","og_description":"Amy Knowles serves as the Chief Resilience Officer and the Director of Environment and Sustainability for the City of Miami Beach. Ms. Knowles works closely with a holistic resilience leadership team to implement policies and projects to build a resilient Miami Beach.","og_url":"https:\/\/www.miamibeachfl.gov\/fr\/staff\/amy-knowles\/","og_site_name":"City of Miami Beach","article_publisher":"https:\/\/www.facebook.com\/cityofmiamibeach","article_modified_time":"2026-01-02T15:35:23+00:00","og_image":[{"width":249,"height":250,"url":"https:\/\/www.miamibeachfl.gov\/wp-content\/uploads\/2023\/05\/AmyKnowles-round-1.png","type":"image\/png"}],"twitter_card":"summary_large_image","twitter_site":"@Miamibeachnews","schema":{"@context":"https:\/\/schema.org","@graph":[{"@type":"WebPage","@id":"https:\/\/www.miamibeachfl.gov\/staff\/amy-knowles\/","url":"https:\/\/www.miamibeachfl.gov\/staff\/amy-knowles\/","name":"Amy Knowles, responsable de la r\u00e9silience \u2013 Ville de Miami Beach","isPartOf":{"@id":"https:\/\/www.miamibeachfl.gov\/#website"},"primaryImageOfPage":{"@id":"https:\/\/www.miamibeachfl.gov\/staff\/amy-knowles\/#primaryimage"},"image":{"@id":"https:\/\/www.miamibeachfl.gov\/staff\/amy-knowles\/#primaryimage"},"thumbnailUrl":"https:\/\/www.miamibeachfl.gov\/wp-content\/uploads\/2023\/05\/AmyKnowles-round-1.png","datePublished":"2023-05-24T14:30:39+00:00","dateModified":"2026-01-02T15:35:23+00:00","description":"Amy Knowles est directrice de la r\u00e9silience et directrice de l&#039;environnement et du d\u00e9veloppement durable de la ville de Miami Beach. Elle travaille en \u00e9troite collaboration avec une \u00e9quipe de direction holistique en r\u00e9silience pour mettre en \u0153uvre des politiques et des projets visant \u00e0 b\u00e2tir une ville r\u00e9siliente.","breadcrumb":{"@id":"https:\/\/www.miamibeachfl.gov\/staff\/amy-knowles\/#breadcrumb"},"inLanguage":"fr-FR","potentialAction":[{"@type":"ReadAction","target":["https:\/\/www.miamibeachfl.gov\/staff\/amy-knowles\/"]}]},{"@type":"ImageObject","inLanguage":"fr-FR","@id":"https:\/\/www.miamibeachfl.gov\/staff\/amy-knowles\/#primaryimage","url":"https:\/\/www.miamibeachfl.gov\/wp-content\/uploads\/2023\/05\/AmyKnowles-round-1.png","contentUrl":"https:\/\/www.miamibeachfl.gov\/wp-content\/uploads\/2023\/05\/AmyKnowles-round-1.png","width":249,"height":250,"caption":"Amy Knowles"},{"@type":"BreadcrumbList","@id":"https:\/\/www.miamibeachfl.gov\/staff\/amy-knowles\/#breadcrumb","itemListElement":[{"@type":"ListItem","position":1,"name":"Home","item":"https:\/\/www.miamibeachfl.gov\/"},{"@type":"ListItem","position":2,"name":"Staff","item":"https:\/\/www.miamibeachfl.gov\/staff\/"},{"@type":"ListItem","position":3,"name":"Amy Knowles Chief Resilience Officer"}]},{"@type":"WebSite","@id":"https:\/\/www.miamibeachfl.gov\/#website","url":"https:\/\/www.miamibeachfl.gov\/","name":"Ville de Miami Beach","description":"Site officiel de la ville de Miami Beach. Restez inform\u00e9 et trouvez des informations importantes sur les services municipaux, les actualit\u00e9s, les alertes, les \u00e9v\u00e9nements, les itin\u00e9raires de tramway, les emplois gouvernementaux et bien plus encore.","publisher":{"@id":"https:\/\/www.miamibeachfl.gov\/#organization"},"potentialAction":[{"@type":"SearchAction","target":{"@type":"EntryPoint","urlTemplate":"https:\/\/www.miamibeachfl.gov\/?s={search_term_string}"},"query-input":{"@type":"PropertyValueSpecification","valueRequired":true,"valueName":"search_term_string"}}],"inLanguage":"fr-FR"},{"@type":"Organization","@id":"https:\/\/www.miamibeachfl.gov\/#organization","name":"Ville de Miami Beach","url":"https:\/\/www.miamibeachfl.gov\/","logo":{"@type":"ImageObject","inLanguage":"fr-FR","@id":"https:\/\/www.miamibeachfl.gov\/#\/schema\/logo\/image\/","url":"https:\/\/www.miamibeachfl.gov\/wp-content\/uploads\/2022\/06\/miamibeach-logoblue.png","contentUrl":"https:\/\/www.miamibeachfl.gov\/wp-content\/uploads\/2022\/06\/miamibeach-logoblue.png","width":1962,"height":381,"caption":"City of Miami Beach"},"image":{"@id":"https:\/\/www.miamibeachfl.gov\/#\/schema\/logo\/image\/"},"sameAs":["https:\/\/www.facebook.com\/cityofmiamibeach","https:\/\/x.com\/Miamibeachnews","https:\/\/www.instagram.com\/miamibeachnews\/"],"description":"Site officiel de la ville de Miami Beach. Restez inform\u00e9 et trouvez des informations importantes sur les services municipaux, les actualit\u00e9s, les alertes, les \u00e9v\u00e9nements, les itin\u00e9raires de tramway, les emplois gouvernementaux et bien plus encore.","telephone":"305.604.CITY(2489)","legalName":"City of Miami Beach"}]}},"_links":{"self":[{"href":"https:\/\/www.miamibeachfl.gov\/fr\/wp-json\/wp\/v2\/pages\/261197","targetHints":{"allow":["GET"]}}],"collection":[{"href":"https:\/\/www.miamibeachfl.gov\/fr\/wp-json\/wp\/v2\/pages"}],"about":[{"href":"https:\/\/www.miamibeachfl.gov\/fr\/wp-json\/wp\/v2\/types\/page"}],"author":[{"embeddable":true,"href":"https:\/\/www.miamibeachfl.gov\/fr\/wp-json\/wp\/v2\/users\/222"}],"replies":[{"embeddable":true,"href":"https:\/\/www.miamibeachfl.gov\/fr\/wp-json\/wp\/v2\/comments?post=261197"}],"version-history":[{"count":2,"href":"https:\/\/www.miamibeachfl.gov\/fr\/wp-json\/wp\/v2\/pages\/261197\/revisions"}],"predecessor-version":[{"id":394407,"href":"https:\/\/www.miamibeachfl.gov\/fr\/wp-json\/wp\/v2\/pages\/261197\/revisions\/394407"}],"up":[{"embeddable":true,"href":"https:\/\/www.miamibeachfl.gov\/fr\/wp-json\/wp\/v2\/pages\/261112"}],"wp:featuredmedia":[{"embeddable":true,"href":"https:\/\/www.miamibeachfl.gov\/fr\/wp-json\/wp\/v2\/media\/261199"}],"wp:attachment":[{"href":"https:\/\/www.miamibeachfl.gov\/fr\/wp-json\/wp\/v2\/media?parent=261197"}],"wp:term":[{"taxonomy":"category","embeddable":true,"href":"https:\/\/www.miamibeachfl.gov\/fr\/wp-json\/wp\/v2\/categories?post=261197"},{"taxonomy":"post_tag","embeddable":true,"href":"https:\/\/www.miamibeachfl.gov\/fr\/wp-json\/wp\/v2\/tags?post=261197"}],"curies":[{"name":"wp","href":"https:\/\/api.w.org\/{rel}","templated":true}]}}