{"id":261218,"date":"2023-05-24T11:01:43","date_gmt":"2023-05-24T15:01:43","guid":{"rendered":"https:\/\/www.miamibeachfl.gov\/?page_id=261218"},"modified":"2026-01-02T09:54:03","modified_gmt":"2026-01-02T14:54:03","slug":"jason-greene","status":"publish","type":"page","link":"https:\/\/www.miamibeachfl.gov\/fr\/staff\/jason-greene\/","title":{"rendered":"Jason Greene <br><span style=\"font-size:18px\">directeur financier<\/span>"},"content":{"rendered":"<img decoding=\"async\" src=\"https:\/\/www.miamibeachfl.gov\/wp-content\/uploads\/bb-plugin\/cache\/Jason-Greene-roundupdated-circle.png\" alt=\"Jason Greene\" title=\"Jason-Greene-round mis \u00e0 jour\" itemprop=\"image\"\/>\n\t\t<h1>\n\t\t\tJason Greene\t<\/h1>\n<h2>\n\t\t\tdirecteur financier\t<\/h2>\n\t<ul>\n\t\t<li><a href=\"mailto:Jasongreene@miamibeachfl.gov\" target=\"_self\"  aria-label=\"Allez \u00e0 mailto:Jasongreene@miamibeachfl.gov\">\t\t\t\t\n\t\t<h3>JasonGreene@miamibeachfl.gov<\/h3><\/a><\/li><li>\t\t\t\t\n\t\t<h3>Site Web du gestionnaire municipal<\/h3><p><strong><a href=\"https:\/\/www.miamibeachfl.gov\/fr\/city-hall\/city-manager\/\">Cliquez ici pour visiter le site Web du directeur municipal<\/a><\/strong><\/p><\/li><li>\t\t\t\t\n\t\t<h3>Site Web du d\u00e9partement des finances<\/h3><p><strong><a href=\"https:\/\/www.miamibeachfl.gov\/fr\/city-hall\/finance\/\">Cliquez ici pour visiter le site Web des finances<\/a><\/strong><\/p><\/li>\t<\/ul>\n\t<p><strong>Les domaines de responsabilit\u00e9 comprennent :<\/strong> Finances, Centre de service client, Gestion des subventions, Initiatives en mati\u00e8re d&#039;\u00e9ducation et de performance, et Bureau de la gestion et du budget. Jason supervise \u00e9galement le Comit\u00e9 des finances et de la r\u00e9silience \u00e9conomique.<\/p>\n\t<p>Jason D. Greene, CGFO, CFE, CPFIM, poss\u00e8de plus de vingt ans d&#039;exp\u00e9rience au sein des administrations locales et des districts sp\u00e9ciaux du sud de la Floride. Il occupe actuellement le poste de directeur financier de la ville de Miami Beach. R\u00e9sident de longue date de Miami Beach, Jason a \u00e9t\u00e9 membre du comit\u00e9 des obligations g\u00e9n\u00e9rales de la ville, dont il a \u00e9t\u00e9 vice-pr\u00e9sident. Il est titulaire d&#039;une licence en toxicologie environnementale, d&#039;un master en administration des affaires et d&#039;un master en g\u00e9nie civil.<\/p>\n<p>Jason poss\u00e8de une connaissance approfondie de la budg\u00e9tisation et de la planification financi\u00e8re, notamment en mati\u00e8re de planification pluriannuelle des investissements, de financement obligataire et de gestion de la dette, de pr\u00e9paration des audits financiers annuels et de fonctions comptables compl\u00e8tes. Avant d&#039;occuper des postes au sein du gouvernement, Jason a travaill\u00e9 en ing\u00e9nierie-conseil, plus particuli\u00e8rement en g\u00e9nie civil et environnemental, ainsi qu&#039;en gestion de projets d&#039;am\u00e9lioration des immobilisations. Son exp\u00e9rience en gestion de projet comprenait la planification, l&#039;analyse des co\u00fbts, les flux de tr\u00e9sorerie et les pr\u00e9visions.<\/p>\n<p>Jason est \u00e9galement membre et a si\u00e9g\u00e9 aux conseils d&#039;administration et aux comit\u00e9s de l&#039;Association nationale des agents financiers du gouvernement (GFOA), dont il est actuellement membre du conseil ex\u00e9cutif. Il est \u00e9galement membre de l&#039;International City\/County Manager&#039;s Association, de la Florida City\/County Manager&#039;s Association, de la Miami-Dade City\/County Manager&#039;s Association, de l&#039;Association of Certified Fraud Examiners, de l&#039;Association of Public Treasurers of the United States and Canada, et de l&#039;Institute for Internal Controls. Il est titulaire des certifications Certified Government Finance Officer (CGFO), Certified Fraud Examiner (CFE), Certified Public Funds Investment Manager (CPFIM) et Certified Internal Controls Auditor (CICA).<\/p>\n<p>Avant de rejoindre la ville de Miami Beach, Jason a travaill\u00e9 pendant plusieurs ann\u00e9es comme ing\u00e9nieur-conseil sur d&#039;importants programmes d&#039;am\u00e9lioration des infrastructures, principalement aupr\u00e8s du service des eaux et des \u00e9gouts du comt\u00e9 de Miami-Dade. Dans le cadre de ces programmes, il est pass\u00e9 de l&#039;ing\u00e9nierie au contr\u00f4le de programmes, \u00e0 la budg\u00e9tisation et \u00e0 l&#039;estimation des co\u00fbts. Il a travaill\u00e9 pendant plus de 16 ans apr\u00e8s avoir \u00e9t\u00e9 int\u00e9gr\u00e9 \u00e0 la Miami-Dade Expressway Authority et avoir chang\u00e9 de cap, passant de l&#039;ing\u00e9nierie aux finances, occupant les postes de contr\u00f4leur, puis de responsable du contr\u00f4le financier et du budget. Il a \u00e9galement travaill\u00e9 dans la communaut\u00e9 voisine de Surfside de 2019 \u00e0 2022, o\u00f9 il a finalement occup\u00e9 le poste de directeur municipal adjoint\/directeur financier.<\/p>","protected":false},"excerpt":{"rendered":"<p>Jason Greene Chief Financial Officer JasonGreene@miamibeachfl.gov City Manager Website Click here to visit the City Manager Website Finance Department Website [&hellip;]<\/p>\n","protected":false},"author":222,"featured_media":340351,"parent":261112,"menu_order":20,"comment_status":"closed","ping_status":"closed","template":"","meta":{"_searchwp_excluded":"","site-sidebar-layout":"default","site-content-layout":"","ast-site-content-layout":"default","site-content-style":"default","site-sidebar-style":"default","ast-global-header-display":"","ast-banner-title-visibility":"","ast-main-header-display":"","ast-hfb-above-header-display":"","ast-hfb-below-header-display":"","ast-hfb-mobile-header-display":"","site-post-title":"","ast-breadcrumbs-content":"","ast-featured-img":"","footer-sml-layout":"","theme-transparent-header-meta":"","adv-header-id-meta":"","stick-header-meta":"","header-above-stick-meta":"","header-main-stick-meta":"","header-below-stick-meta":"","astra-migrate-meta-layouts":"default","ast-page-background-enabled":"default","ast-page-background-meta":{"desktop":{"background-color":"var(--ast-global-color-5)","background-image":"","background-repeat":"repeat","background-position":"center center","background-size":"auto","background-attachment":"scroll","background-type":"","background-media":"","overlay-type":"","overlay-color":"","overlay-opacity":"","overlay-gradient":""},"tablet":{"background-color":"","background-image":"","background-repeat":"repeat","background-position":"center center","background-size":"auto","background-attachment":"scroll","background-type":"","background-media":"","overlay-type":"","overlay-color":"","overlay-opacity":"","overlay-gradient":""},"mobile":{"background-color":"","background-image":"","background-repeat":"repeat","background-position":"center center","background-size":"auto","background-attachment":"scroll","background-type":"","background-media":"","overlay-type":"","overlay-color":"","overlay-opacity":"","overlay-gradient":""}},"ast-content-background-meta":{"desktop":{"background-color":"var(--ast-global-color-4)","background-image":"","background-repeat":"repeat","background-position":"center center","background-size":"auto","background-attachment":"scroll","background-type":"","background-media":"","overlay-type":"","overlay-color":"","overlay-opacity":"","overlay-gradient":""},"tablet":{"background-color":"var(--ast-global-color-4)","background-image":"","background-repeat":"repeat","background-position":"center center","background-size":"auto","background-attachment":"scroll","background-type":"","background-media":"","overlay-type":"","overlay-color":"","overlay-opacity":"","overlay-gradient":""},"mobile":{"background-color":"var(--ast-global-color-4)","background-image":"","background-repeat":"repeat","background-position":"center center","background-size":"auto","background-attachment":"scroll","background-type":"","background-media":"","overlay-type":"","overlay-color":"","overlay-opacity":"","overlay-gradient":""}},"footnotes":""},"categories":[],"tags":[961,971,960],"class_list":["post-261218","page","type-page","status-publish","has-post-thumbnail","hentry","tag-staff-city-manager-team","tag-jason-greene-staff","tag-staff"],"yoast_head":"<!-- This site is optimized with the Yoast SEO Premium plugin v27.4 (Yoast SEO v27.4) - https:\/\/yoast.com\/product\/yoast-seo-premium-wordpress\/ -->\n<title>Jason Greene Chief Financial Officer - City of Miami Beach<\/title>\n<meta name=\"description\" content=\"Jason Greene City of Miami Beach Chief Financial Officer\" \/>\n<meta name=\"robots\" content=\"index, follow, max-snippet:-1, max-image-preview:large, max-video-preview:-1\" \/>\n<link rel=\"canonical\" href=\"https:\/\/www.miamibeachfl.gov\/fr\/staff\/jason-greene\/\" \/>\n<meta property=\"og:locale\" content=\"fr_FR\" \/>\n<meta property=\"og:type\" content=\"article\" \/>\n<meta property=\"og:title\" content=\"Jason Greene Chief Financial Officer\" \/>\n<meta property=\"og:description\" content=\"Jason Greene City of Miami Beach Chief Financial Officer\" \/>\n<meta property=\"og:url\" content=\"https:\/\/www.miamibeachfl.gov\/fr\/staff\/jason-greene\/\" \/>\n<meta property=\"og:site_name\" content=\"City of Miami Beach\" \/>\n<meta property=\"article:publisher\" content=\"https:\/\/www.facebook.com\/cityofmiamibeach\" \/>\n<meta property=\"article:modified_time\" content=\"2026-01-02T14:54:03+00:00\" \/>\n<meta property=\"og:image\" content=\"https:\/\/www.miamibeachfl.gov\/wp-content\/uploads\/2024\/09\/Jason-Greene-roundupdated.png\" \/>\n\t<meta property=\"og:image:width\" content=\"250\" \/>\n\t<meta property=\"og:image:height\" content=\"250\" \/>\n\t<meta property=\"og:image:type\" content=\"image\/png\" \/>\n<meta name=\"twitter:card\" content=\"summary_large_image\" \/>\n<meta name=\"twitter:site\" content=\"@Miamibeachnews\" \/>\n<script type=\"application\/ld+json\" class=\"yoast-schema-graph\">{\"@context\":\"https:\\\/\\\/schema.org\",\"@graph\":[{\"@type\":\"WebPage\",\"@id\":\"https:\\\/\\\/www.miamibeachfl.gov\\\/staff\\\/jason-greene\\\/\",\"url\":\"https:\\\/\\\/www.miamibeachfl.gov\\\/staff\\\/jason-greene\\\/\",\"name\":\"Jason Greene Chief Financial Officer - City of Miami Beach\",\"isPartOf\":{\"@id\":\"https:\\\/\\\/www.miamibeachfl.gov\\\/#website\"},\"primaryImageOfPage\":{\"@id\":\"https:\\\/\\\/www.miamibeachfl.gov\\\/staff\\\/jason-greene\\\/#primaryimage\"},\"image\":{\"@id\":\"https:\\\/\\\/www.miamibeachfl.gov\\\/staff\\\/jason-greene\\\/#primaryimage\"},\"thumbnailUrl\":\"https:\\\/\\\/www.miamibeachfl.gov\\\/wp-content\\\/uploads\\\/2024\\\/09\\\/Jason-Greene-roundupdated.png\",\"datePublished\":\"2023-05-24T15:01:43+00:00\",\"dateModified\":\"2026-01-02T14:54:03+00:00\",\"description\":\"Jason Greene City of Miami Beach Chief Financial Officer\",\"breadcrumb\":{\"@id\":\"https:\\\/\\\/www.miamibeachfl.gov\\\/staff\\\/jason-greene\\\/#breadcrumb\"},\"inLanguage\":\"fr-FR\",\"potentialAction\":[{\"@type\":\"ReadAction\",\"target\":[\"https:\\\/\\\/www.miamibeachfl.gov\\\/staff\\\/jason-greene\\\/\"]}]},{\"@type\":\"ImageObject\",\"inLanguage\":\"fr-FR\",\"@id\":\"https:\\\/\\\/www.miamibeachfl.gov\\\/staff\\\/jason-greene\\\/#primaryimage\",\"url\":\"https:\\\/\\\/www.miamibeachfl.gov\\\/wp-content\\\/uploads\\\/2024\\\/09\\\/Jason-Greene-roundupdated.png\",\"contentUrl\":\"https:\\\/\\\/www.miamibeachfl.gov\\\/wp-content\\\/uploads\\\/2024\\\/09\\\/Jason-Greene-roundupdated.png\",\"width\":250,\"height\":250,\"caption\":\"Jason Greene\"},{\"@type\":\"BreadcrumbList\",\"@id\":\"https:\\\/\\\/www.miamibeachfl.gov\\\/staff\\\/jason-greene\\\/#breadcrumb\",\"itemListElement\":[{\"@type\":\"ListItem\",\"position\":1,\"name\":\"Home\",\"item\":\"https:\\\/\\\/www.miamibeachfl.gov\\\/\"},{\"@type\":\"ListItem\",\"position\":2,\"name\":\"Staff\",\"item\":\"https:\\\/\\\/www.miamibeachfl.gov\\\/staff\\\/\"},{\"@type\":\"ListItem\",\"position\":3,\"name\":\"Jason Greene Chief Financial Officer\"}]},{\"@type\":\"WebSite\",\"@id\":\"https:\\\/\\\/www.miamibeachfl.gov\\\/#website\",\"url\":\"https:\\\/\\\/www.miamibeachfl.gov\\\/\",\"name\":\"City of Miami Beach\",\"description\":\"The official website of the City of Miami Beach. Stay informed, find important information on city services, news, alerts, events, trolley routes, government employment and more.\",\"publisher\":{\"@id\":\"https:\\\/\\\/www.miamibeachfl.gov\\\/#organization\"},\"potentialAction\":[{\"@type\":\"SearchAction\",\"target\":{\"@type\":\"EntryPoint\",\"urlTemplate\":\"https:\\\/\\\/www.miamibeachfl.gov\\\/?s={search_term_string}\"},\"query-input\":{\"@type\":\"PropertyValueSpecification\",\"valueRequired\":true,\"valueName\":\"search_term_string\"}}],\"inLanguage\":\"fr-FR\"},{\"@type\":\"Organization\",\"@id\":\"https:\\\/\\\/www.miamibeachfl.gov\\\/#organization\",\"name\":\"City of Miami Beach\",\"url\":\"https:\\\/\\\/www.miamibeachfl.gov\\\/\",\"logo\":{\"@type\":\"ImageObject\",\"inLanguage\":\"fr-FR\",\"@id\":\"https:\\\/\\\/www.miamibeachfl.gov\\\/#\\\/schema\\\/logo\\\/image\\\/\",\"url\":\"https:\\\/\\\/www.miamibeachfl.gov\\\/wp-content\\\/uploads\\\/2022\\\/06\\\/miamibeach-logoblue.png\",\"contentUrl\":\"https:\\\/\\\/www.miamibeachfl.gov\\\/wp-content\\\/uploads\\\/2022\\\/06\\\/miamibeach-logoblue.png\",\"width\":1962,\"height\":381,\"caption\":\"City of Miami Beach\"},\"image\":{\"@id\":\"https:\\\/\\\/www.miamibeachfl.gov\\\/#\\\/schema\\\/logo\\\/image\\\/\"},\"sameAs\":[\"https:\\\/\\\/www.facebook.com\\\/cityofmiamibeach\",\"https:\\\/\\\/x.com\\\/Miamibeachnews\",\"https:\\\/\\\/www.instagram.com\\\/miamibeachnews\\\/\"],\"description\":\"The official website of the City of Miami Beach. Stay informed, find important information on city services, news, alerts, events, trolley routes, government employment and more.\",\"telephone\":\"305.604.CITY(2489)\",\"legalName\":\"City of Miami Beach\"}]}<\/script>\n<!-- \/ Yoast SEO Premium plugin. -->","yoast_head_json":{"title":"Jason Greene, directeur financier de la ville de Miami Beach","description":"Jason Greene, directeur financier de la ville de Miami Beach","robots":{"index":"index","follow":"follow","max-snippet":"max-snippet:-1","max-image-preview":"max-image-preview:large","max-video-preview":"max-video-preview:-1"},"canonical":"https:\/\/www.miamibeachfl.gov\/fr\/staff\/jason-greene\/","og_locale":"fr_FR","og_type":"article","og_title":"Jason Greene Chief Financial Officer","og_description":"Jason Greene City of Miami Beach Chief Financial Officer","og_url":"https:\/\/www.miamibeachfl.gov\/fr\/staff\/jason-greene\/","og_site_name":"City of Miami Beach","article_publisher":"https:\/\/www.facebook.com\/cityofmiamibeach","article_modified_time":"2026-01-02T14:54:03+00:00","og_image":[{"width":250,"height":250,"url":"https:\/\/www.miamibeachfl.gov\/wp-content\/uploads\/2024\/09\/Jason-Greene-roundupdated.png","type":"image\/png"}],"twitter_card":"summary_large_image","twitter_site":"@Miamibeachnews","schema":{"@context":"https:\/\/schema.org","@graph":[{"@type":"WebPage","@id":"https:\/\/www.miamibeachfl.gov\/staff\/jason-greene\/","url":"https:\/\/www.miamibeachfl.gov\/staff\/jason-greene\/","name":"Jason Greene, directeur financier de la ville de Miami Beach","isPartOf":{"@id":"https:\/\/www.miamibeachfl.gov\/#website"},"primaryImageOfPage":{"@id":"https:\/\/www.miamibeachfl.gov\/staff\/jason-greene\/#primaryimage"},"image":{"@id":"https:\/\/www.miamibeachfl.gov\/staff\/jason-greene\/#primaryimage"},"thumbnailUrl":"https:\/\/www.miamibeachfl.gov\/wp-content\/uploads\/2024\/09\/Jason-Greene-roundupdated.png","datePublished":"2023-05-24T15:01:43+00:00","dateModified":"2026-01-02T14:54:03+00:00","description":"Jason Greene, directeur financier de la ville de Miami Beach","breadcrumb":{"@id":"https:\/\/www.miamibeachfl.gov\/staff\/jason-greene\/#breadcrumb"},"inLanguage":"fr-FR","potentialAction":[{"@type":"ReadAction","target":["https:\/\/www.miamibeachfl.gov\/staff\/jason-greene\/"]}]},{"@type":"ImageObject","inLanguage":"fr-FR","@id":"https:\/\/www.miamibeachfl.gov\/staff\/jason-greene\/#primaryimage","url":"https:\/\/www.miamibeachfl.gov\/wp-content\/uploads\/2024\/09\/Jason-Greene-roundupdated.png","contentUrl":"https:\/\/www.miamibeachfl.gov\/wp-content\/uploads\/2024\/09\/Jason-Greene-roundupdated.png","width":250,"height":250,"caption":"Jason Greene"},{"@type":"BreadcrumbList","@id":"https:\/\/www.miamibeachfl.gov\/staff\/jason-greene\/#breadcrumb","itemListElement":[{"@type":"ListItem","position":1,"name":"Home","item":"https:\/\/www.miamibeachfl.gov\/"},{"@type":"ListItem","position":2,"name":"Staff","item":"https:\/\/www.miamibeachfl.gov\/staff\/"},{"@type":"ListItem","position":3,"name":"Jason Greene Chief Financial Officer"}]},{"@type":"WebSite","@id":"https:\/\/www.miamibeachfl.gov\/#website","url":"https:\/\/www.miamibeachfl.gov\/","name":"Ville de Miami Beach","description":"Site officiel de la ville de Miami Beach. Restez inform\u00e9 et trouvez des informations importantes sur les services municipaux, les actualit\u00e9s, les alertes, les \u00e9v\u00e9nements, les itin\u00e9raires de tramway, les emplois gouvernementaux et bien plus encore.","publisher":{"@id":"https:\/\/www.miamibeachfl.gov\/#organization"},"potentialAction":[{"@type":"SearchAction","target":{"@type":"EntryPoint","urlTemplate":"https:\/\/www.miamibeachfl.gov\/?s={search_term_string}"},"query-input":{"@type":"PropertyValueSpecification","valueRequired":true,"valueName":"search_term_string"}}],"inLanguage":"fr-FR"},{"@type":"Organization","@id":"https:\/\/www.miamibeachfl.gov\/#organization","name":"Ville de Miami Beach","url":"https:\/\/www.miamibeachfl.gov\/","logo":{"@type":"ImageObject","inLanguage":"fr-FR","@id":"https:\/\/www.miamibeachfl.gov\/#\/schema\/logo\/image\/","url":"https:\/\/www.miamibeachfl.gov\/wp-content\/uploads\/2022\/06\/miamibeach-logoblue.png","contentUrl":"https:\/\/www.miamibeachfl.gov\/wp-content\/uploads\/2022\/06\/miamibeach-logoblue.png","width":1962,"height":381,"caption":"City of Miami Beach"},"image":{"@id":"https:\/\/www.miamibeachfl.gov\/#\/schema\/logo\/image\/"},"sameAs":["https:\/\/www.facebook.com\/cityofmiamibeach","https:\/\/x.com\/Miamibeachnews","https:\/\/www.instagram.com\/miamibeachnews\/"],"description":"Site officiel de la ville de Miami Beach. Restez inform\u00e9 et trouvez des informations importantes sur les services municipaux, les actualit\u00e9s, les alertes, les \u00e9v\u00e9nements, les itin\u00e9raires de tramway, les emplois gouvernementaux et bien plus encore.","telephone":"305.604.CITY(2489)","legalName":"City of Miami Beach"}]}},"_links":{"self":[{"href":"https:\/\/www.miamibeachfl.gov\/fr\/wp-json\/wp\/v2\/pages\/261218","targetHints":{"allow":["GET"]}}],"collection":[{"href":"https:\/\/www.miamibeachfl.gov\/fr\/wp-json\/wp\/v2\/pages"}],"about":[{"href":"https:\/\/www.miamibeachfl.gov\/fr\/wp-json\/wp\/v2\/types\/page"}],"author":[{"embeddable":true,"href":"https:\/\/www.miamibeachfl.gov\/fr\/wp-json\/wp\/v2\/users\/222"}],"replies":[{"embeddable":true,"href":"https:\/\/www.miamibeachfl.gov\/fr\/wp-json\/wp\/v2\/comments?post=261218"}],"version-history":[{"count":2,"href":"https:\/\/www.miamibeachfl.gov\/fr\/wp-json\/wp\/v2\/pages\/261218\/revisions"}],"predecessor-version":[{"id":394401,"href":"https:\/\/www.miamibeachfl.gov\/fr\/wp-json\/wp\/v2\/pages\/261218\/revisions\/394401"}],"up":[{"embeddable":true,"href":"https:\/\/www.miamibeachfl.gov\/fr\/wp-json\/wp\/v2\/pages\/261112"}],"wp:featuredmedia":[{"embeddable":true,"href":"https:\/\/www.miamibeachfl.gov\/fr\/wp-json\/wp\/v2\/media\/340351"}],"wp:attachment":[{"href":"https:\/\/www.miamibeachfl.gov\/fr\/wp-json\/wp\/v2\/media?parent=261218"}],"wp:term":[{"taxonomy":"category","embeddable":true,"href":"https:\/\/www.miamibeachfl.gov\/fr\/wp-json\/wp\/v2\/categories?post=261218"},{"taxonomy":"post_tag","embeddable":true,"href":"https:\/\/www.miamibeachfl.gov\/fr\/wp-json\/wp\/v2\/tags?post=261218"}],"curies":[{"name":"wp","href":"https:\/\/api.w.org\/{rel}","templated":true}]}}