{"id":261599,"date":"2023-05-25T11:57:04","date_gmt":"2023-05-25T15:57:04","guid":{"rendered":"https:\/\/www.miamibeachfl.gov\/?page_id=261599"},"modified":"2025-06-02T22:17:07","modified_gmt":"2025-06-03T02:17:07","slug":"may-2023-business-spotlight-paving-the-way-to-success-in-the-digital-age-for-miami-beach","status":"publish","type":"page","link":"https:\/\/www.miamibeachfl.gov\/fr\/spotlight\/may-2023-business-spotlight-paving-the-way-to-success-in-the-digital-age-for-miami-beach\/","title":{"rendered":"Ouvrir la voie au succ\u00e8s \u00e0 l&#039;\u00e8re num\u00e9rique pour Miami Beach"},"content":{"rendered":"<h5>\n\t\t<a href=\"https:\/\/www.miamibeachfl.gov\/fr\/mbbiznews\/\" title=\"Abonnez-vous ici pour recevoir chaque mois la newsletter commerciale de la Ville dans votre bo\u00eete de r\u00e9ception.\"  target=\"_blank\"  rel=\"noopener\">\n\t\t\tAbonnez-vous ici pour recevoir chaque mois la newsletter commerciale de la Ville dans votre bo\u00eete de r\u00e9ception.\t\t<\/a>\n\t<\/h5>\n<h5>\n\t\t<a href=\"https:\/\/myemail.constantcontact.com\/Stay-connected-with-MB-Biz--.html?soid=1011085968389&#038;aid=S0mHBwwl4Fs\" title=\"Bulletin d&#039;information des entreprises\"  target=\"_blank\"  rel=\"noopener\">\n\t\t\tBulletin d&#039;information des entreprises\t\t<\/a>\n\t<\/h5>\n\t\t\t\t<img decoding=\"async\" src=\"https:\/\/www.miamibeachfl.gov\/wp-content\/uploads\/2023\/05\/Frank-Quintana.png\" alt=\"Frank Quintana\" itemprop=\"image\" title=\"Frank Quintana\" onerror=\"this.style.display='none'\" loading='lazy' \/>\n\t<p>Dans un monde o\u00f9 la technologie est omnipr\u00e9sente, le r\u00f4le du directeur des syst\u00e8mes d&#039;information (DSI) n&#039;a jamais \u00e9t\u00e9 aussi crucial. C&#039;est particuli\u00e8rement vrai pour la ville de Miami Beach, qui s&#039;efforce d&#039;\u00eatre efficace, durable et innovante. Un DSI d\u00e9termin\u00e9, ing\u00e9nieux et performant peut faire de Miami Beach une ville prosp\u00e8re et moderne, plut\u00f4t qu&#039;une ville en difficult\u00e9 qui tente de suivre le rythme. Miami Beach a la chance de compter sur Frank Quintana, un leader passionn\u00e9, inventif et cr\u00e9atif \u00e0 la pointe des technologies de l&#039;information.<\/p>\n<p>Frank a rejoint la Ville de Miami Beach en ao\u00fbt 2014 et a occup\u00e9 le poste de directeur des op\u00e9rations informatiques pendant cinq ans avant d&#039;\u00eatre promu au poste de DSI. Frank est responsable de l&#039;innovation, de la planification strat\u00e9gique et de la supervision de la conception, du d\u00e9ploiement et de la maintenance de l&#039;ensemble des services et syst\u00e8mes technologiques. Fort de plus de 23 ans d&#039;exp\u00e9rience diversifi\u00e9e \u00e0 des postes de direction en informatique, dans les secteurs priv\u00e9 et public, notamment dans les petites et grandes entreprises, le sport professionnel (Miami Dolphins) et le divertissement (Hard Rock Stadium), Frank est parfaitement pr\u00e9par\u00e9 \u00e0 g\u00e9rer et superviser une \u00e9quipe informatique de 55 personnes.<\/p>\n<p>Alors que la technologie prend une place de plus en plus cruciale dans notre quotidien, notamment suite \u00e0 la pand\u00e9mie qui nous a contraints \u00e0 nous adapter \u00e0 une nouvelle normalit\u00e9, la technologie virtuelle occupe d\u00e9sormais une place centrale, connectant les \u00e9quipes et les parties prenantes, faisant progresser les op\u00e9rations et am\u00e9liorant la productivit\u00e9. Par cons\u00e9quent, le r\u00f4le du DSI est plus que jamais essentiel \u00e0 l&#039;efficacit\u00e9, \u00e0 la strat\u00e9gie et \u00e0 la r\u00e9activit\u00e9 des administrations municipales.<\/p>\n<p>T\u00e9moignant du leadership de Frank et de sa capacit\u00e9 \u00e0 maintenir le dynamisme et la modernit\u00e9 de Miami Beach, le service informatique a re\u00e7u le prix 2022 de l&#039;Innovative Leadership in Management of Information Technology de la Florida Local Government Information System Association (FLGISA) pour la cr\u00e9ation d&#039;une plateforme originale de ressources en donn\u00e9es ouvertes destin\u00e9e \u00e0 la communaut\u00e9. Cet outil permet au programme d&#039;obligations g\u00e9n\u00e9rales (GO Bond) de proposer en toute transparence un site web public interactif, www.GOMBlnfo.com, qui pr\u00e9sente en temps r\u00e9el toutes les \u00e9tapes et tous les \u00e9l\u00e9ments de 57 projets de \u00ab qualit\u00e9 de vie \u00bb. Cet outil transforme la fa\u00e7on dont Miami Beach pr\u00e9sente l&#039;avancement des projets et interagit avec les membres de la communaut\u00e9.<\/p>\n<p>La cr\u00e9ation de nouveaux outils n&#039;est qu&#039;une facette de la fa\u00e7on dont les technologies de l&#039;information am\u00e9liorent les services rendus \u00e0 la communaut\u00e9 par la ville de Miami Beach. Communiquer et promouvoir la ville de Miami Beach comme une destination de choix pour les affaires, la vie, le travail et les loisirs est \u00e9galement un objectif important. Pour ce faire, le d\u00e9partement informatique collabore avec les services pour partager les atouts de Miami Beach, notamment avec le d\u00e9partement du d\u00e9veloppement \u00e9conomique lors d&#039;eMerge Americas 2023, qui s&#039;est tenu au Miami Beach Convention Center les 20 et 21 avril 2023. Les \u00e9quipes ont pr\u00e9sent\u00e9 un projet de d\u00e9veloppement de la ville. <em>Faites un geste audacieux<\/em> stand d&#039;exposition et a travaill\u00e9 pour attirer les entreprises et les entrepreneurs de technologie et de fintech \u00e0 ouvrir, d\u00e9m\u00e9nager et\/ou se relocaliser \u00e0 Miami Beach et le d\u00e9partement informatique a partag\u00e9 des donn\u00e9es analytiques expliquant, en temps r\u00e9el, la propret\u00e9 de la ville et d&#039;autres questions de qualit\u00e9 de vie.<\/p>\n<p>Diriger un d\u00e9partement informatique performant est un d\u00e9fi et Frank et son \u00e9quipe sont pr\u00e9par\u00e9s et pr\u00eats \u2013 en exploitant les ressources, en explorant de nouvelles opportunit\u00e9s et de nouveaux outils et en int\u00e9grant une orientation client dans chaque \u00e9l\u00e9ment de leur prestation de services.<\/p>\n<p>Pour plus d&#039;informations sur le d\u00e9partement informatique, veuillez visiter : <strong><a href=\"https:\/\/www.miamibeachfl.gov\/fr\/city-hall\/information-technology\/\">https:\/\/www.miamibeachfl.gov\/city-hall\/information-technology\/<\/a><\/strong><\/p>","protected":false},"excerpt":{"rendered":"<p>Abonnez-vous ici pour recevoir chaque mois la newsletter \u00e9conomique de la Ville. Bulletin d&#039;information \u00e9conomique Dans un monde o\u00f9 la technologie est omnipr\u00e9sente, [\u2026]<\/p>","protected":false},"author":222,"featured_media":0,"parent":253255,"menu_order":0,"comment_status":"closed","ping_status":"closed","template":"","meta":{"_searchwp_excluded":"","site-sidebar-layout":"default","site-content-layout":"","ast-site-content-layout":"default","site-content-style":"default","site-sidebar-style":"default","ast-global-header-display":"","ast-banner-title-visibility":"","ast-main-header-display":"","ast-hfb-above-header-display":"","ast-hfb-below-header-display":"","ast-hfb-mobile-header-display":"","site-post-title":"","ast-breadcrumbs-content":"","ast-featured-img":"","footer-sml-layout":"","theme-transparent-header-meta":"","adv-header-id-meta":"","stick-header-meta":"","header-above-stick-meta":"","header-main-stick-meta":"","header-below-stick-meta":"","astra-migrate-meta-layouts":"default","ast-page-background-enabled":"default","ast-page-background-meta":{"desktop":{"background-color":"var(--ast-global-color-5)","background-image":"","background-repeat":"repeat","background-position":"center center","background-size":"auto","background-attachment":"scroll","background-type":"","background-media":"","overlay-type":"","overlay-color":"","overlay-opacity":"","overlay-gradient":""},"tablet":{"background-color":"","background-image":"","background-repeat":"repeat","background-position":"center center","background-size":"auto","background-attachment":"scroll","background-type":"","background-media":"","overlay-type":"","overlay-color":"","overlay-opacity":"","overlay-gradient":""},"mobile":{"background-color":"","background-image":"","background-repeat":"repeat","background-position":"center center","background-size":"auto","background-attachment":"scroll","background-type":"","background-media":"","overlay-type":"","overlay-color":"","overlay-opacity":"","overlay-gradient":""}},"ast-content-background-meta":{"desktop":{"background-color":"var(--ast-global-color-4)","background-image":"","background-repeat":"repeat","background-position":"center center","background-size":"auto","background-attachment":"scroll","background-type":"","background-media":"","overlay-type":"","overlay-color":"","overlay-opacity":"","overlay-gradient":""},"tablet":{"background-color":"var(--ast-global-color-4)","background-image":"","background-repeat":"repeat","background-position":"center center","background-size":"auto","background-attachment":"scroll","background-type":"","background-media":"","overlay-type":"","overlay-color":"","overlay-opacity":"","overlay-gradient":""},"mobile":{"background-color":"var(--ast-global-color-4)","background-image":"","background-repeat":"repeat","background-position":"center center","background-size":"auto","background-attachment":"scroll","background-type":"","background-media":"","overlay-type":"","overlay-color":"","overlay-opacity":"","overlay-gradient":""}},"footnotes":""},"categories":[],"tags":[],"class_list":["post-261599","page","type-page","status-publish","hentry"],"yoast_head":"<!-- This site is optimized with the Yoast SEO Premium plugin v26.6 (Yoast SEO v26.6) - https:\/\/yoast.com\/wordpress\/plugins\/seo\/ -->\n<title>Paving the Way to Success in the Digital Age for Miami Beach - City of Miami Beach<\/title>\n<meta name=\"description\" content=\"%\" \/>\n<meta name=\"robots\" content=\"index, follow, max-snippet:-1, max-image-preview:large, max-video-preview:-1\" \/>\n<link rel=\"canonical\" href=\"https:\/\/www.miamibeachfl.gov\/fr\/spotlight\/may-2023-business-spotlight-paving-the-way-to-success-in-the-digital-age-for-miami-beach\/\" \/>\n<meta property=\"og:locale\" content=\"fr_FR\" \/>\n<meta property=\"og:type\" content=\"article\" \/>\n<meta property=\"og:title\" content=\"Paving the Way to Success in the Digital Age for Miami Beach\" \/>\n<meta property=\"og:description\" content=\"%\" \/>\n<meta property=\"og:url\" content=\"https:\/\/www.miamibeachfl.gov\/fr\/spotlight\/may-2023-business-spotlight-paving-the-way-to-success-in-the-digital-age-for-miami-beach\/\" \/>\n<meta property=\"og:site_name\" content=\"City of Miami Beach\" \/>\n<meta property=\"article:publisher\" content=\"https:\/\/www.facebook.com\/cityofmiamibeach\" \/>\n<meta property=\"article:modified_time\" content=\"2025-06-03T02:17:07+00:00\" \/>\n<meta property=\"og:image\" content=\"https:\/\/www.miamibeachfl.gov\/wp-content\/uploads\/2023\/05\/Frank-Quintana.png\" \/>\n<meta name=\"twitter:card\" content=\"summary_large_image\" \/>\n<meta name=\"twitter:site\" content=\"@Miamibeachnews\" \/>\n<script type=\"application\/ld+json\" class=\"yoast-schema-graph\">{\"@context\":\"https:\/\/schema.org\",\"@graph\":[{\"@type\":\"WebPage\",\"@id\":\"https:\/\/www.miamibeachfl.gov\/spotlight\/may-2023-business-spotlight-paving-the-way-to-success-in-the-digital-age-for-miami-beach\/\",\"url\":\"https:\/\/www.miamibeachfl.gov\/spotlight\/may-2023-business-spotlight-paving-the-way-to-success-in-the-digital-age-for-miami-beach\/\",\"name\":\"Paving the Way to Success in the Digital Age for Miami Beach - City of Miami Beach\",\"isPartOf\":{\"@id\":\"https:\/\/www.miamibeachfl.gov\/#website\"},\"primaryImageOfPage\":{\"@id\":\"https:\/\/www.miamibeachfl.gov\/spotlight\/may-2023-business-spotlight-paving-the-way-to-success-in-the-digital-age-for-miami-beach\/#primaryimage\"},\"image\":{\"@id\":\"https:\/\/www.miamibeachfl.gov\/spotlight\/may-2023-business-spotlight-paving-the-way-to-success-in-the-digital-age-for-miami-beach\/#primaryimage\"},\"thumbnailUrl\":\"https:\/\/www.miamibeachfl.gov\/wp-content\/uploads\/2023\/05\/Frank-Quintana.png\",\"datePublished\":\"2023-05-25T15:57:04+00:00\",\"dateModified\":\"2025-06-03T02:17:07+00:00\",\"description\":\"%\",\"breadcrumb\":{\"@id\":\"https:\/\/www.miamibeachfl.gov\/spotlight\/may-2023-business-spotlight-paving-the-way-to-success-in-the-digital-age-for-miami-beach\/#breadcrumb\"},\"inLanguage\":\"fr-FR\",\"potentialAction\":[{\"@type\":\"ReadAction\",\"target\":[\"https:\/\/www.miamibeachfl.gov\/spotlight\/may-2023-business-spotlight-paving-the-way-to-success-in-the-digital-age-for-miami-beach\/\"]}]},{\"@type\":\"ImageObject\",\"inLanguage\":\"fr-FR\",\"@id\":\"https:\/\/www.miamibeachfl.gov\/spotlight\/may-2023-business-spotlight-paving-the-way-to-success-in-the-digital-age-for-miami-beach\/#primaryimage\",\"url\":\"https:\/\/www.miamibeachfl.gov\/wp-content\/uploads\/2023\/05\/Frank-Quintana.png\",\"contentUrl\":\"https:\/\/www.miamibeachfl.gov\/wp-content\/uploads\/2023\/05\/Frank-Quintana.png\"},{\"@type\":\"BreadcrumbList\",\"@id\":\"https:\/\/www.miamibeachfl.gov\/spotlight\/may-2023-business-spotlight-paving-the-way-to-success-in-the-digital-age-for-miami-beach\/#breadcrumb\",\"itemListElement\":[{\"@type\":\"ListItem\",\"position\":1,\"name\":\"Home\",\"item\":\"https:\/\/www.miamibeachfl.gov\/\"},{\"@type\":\"ListItem\",\"position\":2,\"name\":\"Business Newsletters and Spotlights\",\"item\":\"https:\/\/www.miamibeachfl.gov\/spotlight\/\"},{\"@type\":\"ListItem\",\"position\":3,\"name\":\"Paving the Way to Success in the Digital Age for Miami Beach\"}]},{\"@type\":\"WebSite\",\"@id\":\"https:\/\/www.miamibeachfl.gov\/#website\",\"url\":\"https:\/\/www.miamibeachfl.gov\/\",\"name\":\"City of Miami Beach\",\"description\":\"The official website of the City of Miami Beach. Stay informed, find important information on city services, news, alerts, events, trolley routes, government employment and more.\",\"publisher\":{\"@id\":\"https:\/\/www.miamibeachfl.gov\/#organization\"},\"potentialAction\":[{\"@type\":\"SearchAction\",\"target\":{\"@type\":\"EntryPoint\",\"urlTemplate\":\"https:\/\/www.miamibeachfl.gov\/?s={search_term_string}\"},\"query-input\":{\"@type\":\"PropertyValueSpecification\",\"valueRequired\":true,\"valueName\":\"search_term_string\"}}],\"inLanguage\":\"fr-FR\"},{\"@type\":\"Organization\",\"@id\":\"https:\/\/www.miamibeachfl.gov\/#organization\",\"name\":\"City of Miami Beach\",\"url\":\"https:\/\/www.miamibeachfl.gov\/\",\"logo\":{\"@type\":\"ImageObject\",\"inLanguage\":\"fr-FR\",\"@id\":\"https:\/\/www.miamibeachfl.gov\/#\/schema\/logo\/image\/\",\"url\":\"https:\/\/www.miamibeachfl.gov\/wp-content\/uploads\/2022\/06\/miamibeach-logoblue.png\",\"contentUrl\":\"https:\/\/www.miamibeachfl.gov\/wp-content\/uploads\/2022\/06\/miamibeach-logoblue.png\",\"width\":1962,\"height\":381,\"caption\":\"City of Miami Beach\"},\"image\":{\"@id\":\"https:\/\/www.miamibeachfl.gov\/#\/schema\/logo\/image\/\"},\"sameAs\":[\"https:\/\/www.facebook.com\/cityofmiamibeach\",\"https:\/\/x.com\/Miamibeachnews\",\"https:\/\/www.instagram.com\/miamibeachnews\/\"],\"description\":\"The official website of the City of Miami Beach. Stay informed, find important information on city services, news, alerts, events, trolley routes, government employment and more.\",\"telephone\":\"305.604.CITY(2489)\",\"legalName\":\"City of Miami Beach\"}]}<\/script>\n<!-- \/ Yoast SEO Premium plugin. -->","yoast_head_json":{"title":"Ouvrir la voie au succ\u00e8s \u00e0 l&#039;\u00e8re num\u00e9rique pour Miami Beach - Ville de Miami Beach","description":"%","robots":{"index":"index","follow":"follow","max-snippet":"max-snippet:-1","max-image-preview":"max-image-preview:large","max-video-preview":"max-video-preview:-1"},"canonical":"https:\/\/www.miamibeachfl.gov\/fr\/spotlight\/may-2023-business-spotlight-paving-the-way-to-success-in-the-digital-age-for-miami-beach\/","og_locale":"fr_FR","og_type":"article","og_title":"Paving the Way to Success in the Digital Age for Miami Beach","og_description":"%","og_url":"https:\/\/www.miamibeachfl.gov\/fr\/spotlight\/may-2023-business-spotlight-paving-the-way-to-success-in-the-digital-age-for-miami-beach\/","og_site_name":"City of Miami Beach","article_publisher":"https:\/\/www.facebook.com\/cityofmiamibeach","article_modified_time":"2025-06-03T02:17:07+00:00","og_image":[{"url":"https:\/\/www.miamibeachfl.gov\/wp-content\/uploads\/2023\/05\/Frank-Quintana.png","type":"","width":"","height":""}],"twitter_card":"summary_large_image","twitter_site":"@Miamibeachnews","schema":{"@context":"https:\/\/schema.org","@graph":[{"@type":"WebPage","@id":"https:\/\/www.miamibeachfl.gov\/spotlight\/may-2023-business-spotlight-paving-the-way-to-success-in-the-digital-age-for-miami-beach\/","url":"https:\/\/www.miamibeachfl.gov\/spotlight\/may-2023-business-spotlight-paving-the-way-to-success-in-the-digital-age-for-miami-beach\/","name":"Ouvrir la voie au succ\u00e8s \u00e0 l&#039;\u00e8re num\u00e9rique pour Miami Beach - Ville de Miami Beach","isPartOf":{"@id":"https:\/\/www.miamibeachfl.gov\/#website"},"primaryImageOfPage":{"@id":"https:\/\/www.miamibeachfl.gov\/spotlight\/may-2023-business-spotlight-paving-the-way-to-success-in-the-digital-age-for-miami-beach\/#primaryimage"},"image":{"@id":"https:\/\/www.miamibeachfl.gov\/spotlight\/may-2023-business-spotlight-paving-the-way-to-success-in-the-digital-age-for-miami-beach\/#primaryimage"},"thumbnailUrl":"https:\/\/www.miamibeachfl.gov\/wp-content\/uploads\/2023\/05\/Frank-Quintana.png","datePublished":"2023-05-25T15:57:04+00:00","dateModified":"2025-06-03T02:17:07+00:00","description":"%","breadcrumb":{"@id":"https:\/\/www.miamibeachfl.gov\/spotlight\/may-2023-business-spotlight-paving-the-way-to-success-in-the-digital-age-for-miami-beach\/#breadcrumb"},"inLanguage":"fr-FR","potentialAction":[{"@type":"ReadAction","target":["https:\/\/www.miamibeachfl.gov\/spotlight\/may-2023-business-spotlight-paving-the-way-to-success-in-the-digital-age-for-miami-beach\/"]}]},{"@type":"ImageObject","inLanguage":"fr-FR","@id":"https:\/\/www.miamibeachfl.gov\/spotlight\/may-2023-business-spotlight-paving-the-way-to-success-in-the-digital-age-for-miami-beach\/#primaryimage","url":"https:\/\/www.miamibeachfl.gov\/wp-content\/uploads\/2023\/05\/Frank-Quintana.png","contentUrl":"https:\/\/www.miamibeachfl.gov\/wp-content\/uploads\/2023\/05\/Frank-Quintana.png"},{"@type":"BreadcrumbList","@id":"https:\/\/www.miamibeachfl.gov\/spotlight\/may-2023-business-spotlight-paving-the-way-to-success-in-the-digital-age-for-miami-beach\/#breadcrumb","itemListElement":[{"@type":"ListItem","position":1,"name":"Home","item":"https:\/\/www.miamibeachfl.gov\/"},{"@type":"ListItem","position":2,"name":"Business Newsletters and Spotlights","item":"https:\/\/www.miamibeachfl.gov\/spotlight\/"},{"@type":"ListItem","position":3,"name":"Paving the Way to Success in the Digital Age for Miami Beach"}]},{"@type":"WebSite","@id":"https:\/\/www.miamibeachfl.gov\/#website","url":"https:\/\/www.miamibeachfl.gov\/","name":"Ville de Miami Beach","description":"Site officiel de la ville de Miami Beach. Restez inform\u00e9 et trouvez des informations importantes sur les services municipaux, les actualit\u00e9s, les alertes, les \u00e9v\u00e9nements, les itin\u00e9raires de tramway, les emplois gouvernementaux et bien plus encore.","publisher":{"@id":"https:\/\/www.miamibeachfl.gov\/#organization"},"potentialAction":[{"@type":"SearchAction","target":{"@type":"EntryPoint","urlTemplate":"https:\/\/www.miamibeachfl.gov\/?s={search_term_string}"},"query-input":{"@type":"PropertyValueSpecification","valueRequired":true,"valueName":"search_term_string"}}],"inLanguage":"fr-FR"},{"@type":"Organization","@id":"https:\/\/www.miamibeachfl.gov\/#organization","name":"Ville de Miami Beach","url":"https:\/\/www.miamibeachfl.gov\/","logo":{"@type":"ImageObject","inLanguage":"fr-FR","@id":"https:\/\/www.miamibeachfl.gov\/#\/schema\/logo\/image\/","url":"https:\/\/www.miamibeachfl.gov\/wp-content\/uploads\/2022\/06\/miamibeach-logoblue.png","contentUrl":"https:\/\/www.miamibeachfl.gov\/wp-content\/uploads\/2022\/06\/miamibeach-logoblue.png","width":1962,"height":381,"caption":"City of Miami Beach"},"image":{"@id":"https:\/\/www.miamibeachfl.gov\/#\/schema\/logo\/image\/"},"sameAs":["https:\/\/www.facebook.com\/cityofmiamibeach","https:\/\/x.com\/Miamibeachnews","https:\/\/www.instagram.com\/miamibeachnews\/"],"description":"Site officiel de la ville de Miami Beach. Restez inform\u00e9 et trouvez des informations importantes sur les services municipaux, les actualit\u00e9s, les alertes, les \u00e9v\u00e9nements, les itin\u00e9raires de tramway, les emplois gouvernementaux et bien plus encore.","telephone":"305.604.CITY(2489)","legalName":"City of Miami Beach"}]}},"_links":{"self":[{"href":"https:\/\/www.miamibeachfl.gov\/fr\/wp-json\/wp\/v2\/pages\/261599","targetHints":{"allow":["GET"]}}],"collection":[{"href":"https:\/\/www.miamibeachfl.gov\/fr\/wp-json\/wp\/v2\/pages"}],"about":[{"href":"https:\/\/www.miamibeachfl.gov\/fr\/wp-json\/wp\/v2\/types\/page"}],"author":[{"embeddable":true,"href":"https:\/\/www.miamibeachfl.gov\/fr\/wp-json\/wp\/v2\/users\/222"}],"replies":[{"embeddable":true,"href":"https:\/\/www.miamibeachfl.gov\/fr\/wp-json\/wp\/v2\/comments?post=261599"}],"version-history":[{"count":0,"href":"https:\/\/www.miamibeachfl.gov\/fr\/wp-json\/wp\/v2\/pages\/261599\/revisions"}],"up":[{"embeddable":true,"href":"https:\/\/www.miamibeachfl.gov\/fr\/wp-json\/wp\/v2\/pages\/253255"}],"wp:attachment":[{"href":"https:\/\/www.miamibeachfl.gov\/fr\/wp-json\/wp\/v2\/media?parent=261599"}],"wp:term":[{"taxonomy":"category","embeddable":true,"href":"https:\/\/www.miamibeachfl.gov\/fr\/wp-json\/wp\/v2\/categories?post=261599"},{"taxonomy":"post_tag","embeddable":true,"href":"https:\/\/www.miamibeachfl.gov\/fr\/wp-json\/wp\/v2\/tags?post=261599"}],"curies":[{"name":"wp","href":"https:\/\/api.w.org\/{rel}","templated":true}]}}