{"id":262483,"date":"2023-05-31T08:29:45","date_gmt":"2023-05-31T12:29:45","guid":{"rendered":"https:\/\/www.miamibeachfl.gov\/?page_id=262483"},"modified":"2026-04-08T14:43:32","modified_gmt":"2026-04-08T18:43:32","slug":"beachconditions","status":"publish","type":"page","link":"https:\/\/www.miamibeachfl.gov\/fr\/egovapp\/beachconditions\/","title":{"rendered":"Conditions de la plage"},"content":{"rendered":"<iframe\n    src=\"https:\/\/www.miamibeachfl.gov\/city-hall\/fire\/ocean-rescue\/currentbeachconditions\/\"\n    width=\"100%\" \n    height=\"800\" \n    loading=\"lazy\"\n    referrerpolicy=\"no-referrer-when-downgrade\">\n<\/iframe>\n\t\t\t\t\t\t<h2>En savoir plus sur les algues<\/h2>\n\t\t\t<p>Vous remarquerez peut-\u00eatre une augmentation de la prolif\u00e9ration d&#039;algues sargasses le long de notre littoral. La ville continue de collaborer avec les parcs du comt\u00e9 de Miami-Dade pour \u00e9liminer en toute s\u00e9curit\u00e9 les algues exc\u00e9dentaires de nos plages. Des \u00e9quipes de nettoyage interviennent quotidiennement pour ramasser, enlever, couper et retourner les algues accumul\u00e9es sur la ligne d&#039;eau, sur notre plage de 12 kilom\u00e8tres. <strong>Veuillez \u00e9viter de bloquer les tracteurs en mouvement pendant le nettoyage afin que les sargasses puissent \u00eatre correctement \u00e9limin\u00e9es.<\/strong><\/p>\n<p>Avant d&#039;utiliser les engins lourds, une \u00e9quipe inspecte chaque matin les nids et les nouveau-n\u00e9s de tortues marines. Une fois l&#039;inspection termin\u00e9e, les \u00e9quipes d&#039;exploitation de la plage proc\u00e8dent au nettoyage jusqu&#039;au coucher du soleil, quelles que soient les mar\u00e9es.<\/p>\n<p><strong>Pourquoi ne peut-on pas retirer les sargasses de l\u2019eau avant qu\u2019elles n\u2019atteignent le rivage ?<\/strong><br \/>Les r\u00e9glementations environnementales du comt\u00e9, de l\u2019\u00c9tat et du gouvernement f\u00e9d\u00e9ral interdisent l\u2019\u00e9limination des algues de l\u2019eau avant leur d\u00e9barquement sur le rivage.<\/p>\n<p><strong>Est-ce nocif pour les baigneurs ?<br \/><\/strong>Selon le D\u00e9partement de la Sant\u00e9 de Floride, la d\u00e9composition des sargasses lib\u00e8re une substance appel\u00e9e sulfure d&#039;hydrog\u00e8ne. Ce sulfure d\u00e9gage une odeur tr\u00e8s d\u00e9sagr\u00e9able, rappelant celle des \u0153ufs pourris. Bien que les algues elles-m\u00eames ne soient pas nocives pour l&#039;homme, les minuscules cr\u00e9atures marines qui y vivent peuvent provoquer des \u00e9ruptions cutan\u00e9es et des cloques. Le sulfure d&#039;hydrog\u00e8ne peut \u00e9galement irriter les yeux, le nez et la gorge. Si vous souffrez d&#039;asthme ou d&#039;autres maladies respiratoires, vous serez plus sensible \u00e0 ces sympt\u00f4mes. Cependant, les niveaux de sulfure d&#039;hydrog\u00e8ne dans une zone comme la plage, o\u00f9 l&#039;air est abondant, ne devraient pas nuire \u00e0 la sant\u00e9.<\/p>\n<p><strong>Quels sont les bienfaits des sargasses ?<\/strong><br \/>Les sargasses constituent un habitat essentiel pour de nombreuses esp\u00e8ces marines, notamment les tortues marines menac\u00e9es. Apr\u00e8s l&#039;\u00e9closion de leurs \u0153ufs sur nos plages, elles se dirigent vers les sargasses pour y passer leur jeunesse \u00e0 se nourrir et \u00e0 grandir parmi les tapis d&#039;algues. Elles jouent \u00e9galement un r\u00f4le important dans la stabilit\u00e9 du littoral. Elles lui fournissent des nutriments et peuvent r\u00e9g\u00e9n\u00e9rer les zones touch\u00e9es par l&#039;\u00e9rosion des plages due aux ouragans et aux temp\u00eates, contribuant ainsi \u00e0 la r\u00e9silience de nos c\u00f4tes.<\/p>\n<p>S&#039;il te pla\u00eet <a title=\"https:\/\/r20.rs6.net\/tn.jsp?f=001JjPU-KtFR1x1PC6ssWZl-scFOXSLcid6WC0Af5nkpIe2ENC7883I6lJcOEeZ2JcTFcuar9VAmxmVeVd9woacfsTYlXK09vq13XaX_f45h6-J_IG29TdLr-iDCthlbilwUaAgdsa4h31Jjgpt1hPBf13sfgXunpT3vLG-280LCrH71ZQkK3We9SHZh-DGUja6xXRJzDAWnbKHZW5oHjestVfG9UXfwHA9&amp;c=U5I9EB6Ge-F4lleREzyr3hve6AlRI1x3ZTSTSjgWOgB5Wf3QQ3ZmtQ==&amp;ch=ALa2PyVOGPM-M5fXMaDfKTQEYd_DJEeXQjr4ejCmBwEp7IxjfG-oPw==\" href=\"https:\/\/www.miamidade.gov\/global\/recreation\/sargassum.page\" target=\"_blank\" rel=\"noopener\"><b>Cliquez ici<\/b><\/a> pour en savoir plus sur le comt\u00e9 de Miami-Dade<\/p>\n<h2>\n\t\t\tApprenez-en davantage sur \u00ab Sargassum \u00bb en regardant la vid\u00e9o ci-dessous :\t<\/h2>\n\t<meta itemprop=\"name\" content=\"Learn About Seaweed\" \/><meta itemprop=\"description\" content=\"Video about sargassum in Miami Beach\" \/><meta itemprop=\"uploadDate\" content=\"2025-07-07T10:00-04:00\" \/><meta itemprop=\"thumbnailUrl\" content=\"https:\/\/www.miamibeachfl.gov\/wp-content\/uploads\/2025\/04\/OceanRescue-seaweedicon.png\" \/><meta itemprop=\"contentUrl\" content=\"https:\/\/miamibeach.wistia.com\/medias\/2a626mdbg7\" \/><meta itemprop=\"embedUrl\" content=\"https:\/\/miamibeach.wistia.com\/medias\/2a626mdbg7\" \/>\t\n\t<iframe allowfullscreen allow=\"autoplay\" data-src=\"https:\/\/fast.wistia.net\/embed\/iframe\/2a626mdbg7?controlsVisibleOnLoad=true&amp;muted=0&amp;playerColor&amp;copyLinkAndThumbnailEnabled=false\" title=\"En savoir plus sur les algues\"><\/iframe>\t\t\n\t\t\t\t\tLire la vid\u00e9o\n\t\t\t\t\t\t<h2>En savoir plus sur les courants d&#039;arrachement<\/h2>\n\t\t\t<p><b>Q. Qu\u2019est-ce qu\u2019un \u00ab courant d\u2019arrachement \u00bb ?<\/b><br \/>Un courant d&#039;arrachement est un courant descendant vers la mer. Il est caus\u00e9 par une quantit\u00e9 excessive d&#039;eau qui s&#039;est infiltr\u00e9e dans un banc de sable, sur lequel les vagues se sont bris\u00e9es vers le rivage. Cette accumulation d&#039;eau devient plus \u00e9lev\u00e9e que le niveau de la mer et s&#039;\u00e9coule vers le large \u00e0 travers les zones plus profondes du banc de sable, o\u00f9 les vagues ne se brisent pas.<\/p>\n<p>Les courants d&#039;arrachement sont visibles depuis le rivage. Plusieurs signes indiquent leur pr\u00e9sence. Recherchez les indicateurs suivants pour d\u00e9terminer leur emplacement\u00a0:<b>Zones de couleur sable.<\/b>\u00a0Cela indique qu&#039;un courant d&#039;arrachement se forme en \u00ab lessivant \u00bb le sable du fond lorsque l&#039;eau s&#039;\u00e9coule vers la mer.\u00a0<b>Eau de couleur fonc\u00e9e.<\/b>\u00a0Ceci d\u00e9finit les zones plus profondes. Les fentes d&#039;eau plus fonc\u00e9e indiquent les endroits o\u00f9 des courants d&#039;arrachement se sont d\u00e9j\u00e0 form\u00e9s.\u00a0<b>Une ligne d\u2019algues, de mousse et\/ou de d\u00e9bris s\u2019\u00e9tendant vers la mer.<\/b>\u00a0Vous \u00eates t\u00e9moin d&#039;objets emport\u00e9s par-dessus le banc de sable avec les vagues qui sont rejet\u00e9es vers la mer par le courant de retour.\u00a0<b>Une zone de vagues confuses.<\/b>\u00a0Cette zone agit\u00e9e ressemble \u00e0 la surface de l&#039;eau d&#039;une machine \u00e0 laver. Les courants d&#039;arrachement ne sont pas toujours facilement discernables pour un \u0153il non averti. Un sauveteur exp\u00e9riment\u00e9, install\u00e9 en hauteur, saura localiser ces courants et ainsi \u00e9loigner les baigneurs de ces zones dangereuses. Nagez toujours dans une zone surveill\u00e9e.<\/p>\n<p><b>Q. Quand est-il propice \u00e0 la pr\u00e9sence de courants d\u2019arrachement sur les plages ?<\/b><br \/>Chaque fois que les vagues \u00ab se brisent \u00bb vers le rivage, ce volume d&#039;eau doit retourner vers la mer par gravit\u00e9.<b>vague d\u00e9ferlante<\/b>\u00ab\u00a0Une vague est une vague dans laquelle l&#039;eau (d&#039;apparence blanche) se d\u00e9place physiquement vers le rivage. Elle est provoqu\u00e9e par l&#039;eau qui se d\u00e9verse ou plonge le long des parois de la vague. Une \u00ab\u00a0vague\u00a0\u00bb<b>gonfler<\/b>\u00ab\u00a0En revanche, il s&#039;agit simplement d&#039;une forme d&#039;\u00e9nergie ondulatoire\u00a0; c&#039;est-\u00e0-dire que l&#039;eau se d\u00e9place verticalement (de haut en bas) plut\u00f4t qu&#039;en avant. Une houle peut se transformer en d\u00e9ferlante lorsqu&#039;elle atteint des eaux suffisamment peu profondes.<\/p>\n<p>La plupart des vagues se forment sous l&#039;effet de la force du vent sur l&#039;eau. Parfois, les vagues parcourent des milliers de kilom\u00e8tres en haute mer \u00e0 la suite de temp\u00eates. Cependant, ce sont g\u00e9n\u00e9ralement les vents locaux qui provoquent les vagues sur nos c\u00f4tes.\u00a0<b>On peut donc s&#039;attendre \u00e0 des courants d&#039;arrachement les jours de forts vents terrestres.<\/b>.<\/p>\n<p><b>Q. Comment une personne prise dans un courant d\u2019arrachement pourrait-elle se lib\u00e9rer ?<\/b><br \/>Les courants d&#039;arrachement peuvent devenir suffisamment forts pour entra\u00eener les meilleurs nageurs vers le large. La meilleure fa\u00e7on d&#039;\u00e9chapper \u00e0 l&#039;attraction du courant est de nager lat\u00e9ralement, puis de rejoindre le rivage et de se laisser pousser par les vagues. Il est important de s&#039;\u00e9loigner consid\u00e9rablement du courant d&#039;arrachement afin de ne pas \u00eatre repouss\u00e9 par le courant lat\u00e9ral (parall\u00e8le au rivage).<br \/>M\u00eame avec ces connaissances, ce n&#039;est peut-\u00eatre pas aussi simple qu&#039;il y para\u00eet. Pour votre s\u00e9curit\u00e9, il est pr\u00e9f\u00e9rable de nager pr\u00e8s d&#039;un poste de secours.<\/p>\n<p><a title=\"Lien vers le service m\u00e9t\u00e9orologique national\" href=\"http:\/\/www.ripcurrents.noaa.gov\/forecasts.shtml\" target=\"_blank\" rel=\"noopener\"><b>Service m\u00e9t\u00e9orologique national \u2013 S\u00e9curit\u00e9 contre les courants d&#039;arrachement<\/b><\/a><br \/><b><a title=\"Association de sauvetage des \u00c9tats-Unis\" href=\"http:\/\/www.usla.org\/\" target=\"_blank\" rel=\"noopener\">Association de sauvetage des \u00c9tats-Unis<\/a>\u00a0<\/b><\/p>\n<p><img loading=\"lazy\" decoding=\"async\" src=\"https:\/\/www.miamibeachfl.gov\/wp-content\/uploads\/2023\/05\/Rip_Currents_graphic-scaled.jpg\" alt=\"Rip Current Diagram\" width=\"2560\" height=\"1599\" \/><\/p>\n<h2>\n\t\t\tRegardez la vid\u00e9o \u00ab Rip Current Safety Animation \u00bb du National Weather Service\u00a0:\t<\/h2>\n\t\t\t<meta itemprop=\"name\" content=\"Learn about rip currents\" \/><meta itemprop=\"description\" content=\"Watch the National Weather Service Rip Current Safety Video\" \/><meta itemprop=\"uploadDate\" content=\"2025-07-07\" \/><meta itemprop=\"thumbnailUrl\" content=\"https:\/\/www.miamibeachfl.gov\/wp-content\/uploads\/2023\/05\/Rip_Currents_graphic-scaled.jpg\" \/><meta itemprop=\"contentUrl\" content=\"https:\/\/www.youtube.com\/watch?v=i9rk3brkHew\" \/><meta itemprop=\"embedUrl\" content=\"https:\/\/www.youtube.com\/watch?v=i9rk3brkHew\" \/>\t\t\t\t\t\t\t\t\t\n\t\t\t\t\t<img decoding=\"async\" src=\"https:\/\/i.ytimg.com\/vi\/i9rk3brkHew\/maxresdefault.jpg\" alt=\"youtube-video-thumbnail\"\/>","protected":false},"excerpt":{"rendered":"<p>Learn About Seaweed You may notice a heavier influx of sargassum (seaweed) along our shoreline. The city continues to coordinate [&hellip;]<\/p>\n","protected":false},"author":222,"featured_media":0,"parent":260953,"menu_order":35,"comment_status":"closed","ping_status":"closed","template":"","meta":{"_searchwp_excluded":"1","site-sidebar-layout":"default","site-content-layout":"","ast-site-content-layout":"","site-content-style":"default","site-sidebar-style":"default","ast-global-header-display":"","ast-banner-title-visibility":"","ast-main-header-display":"disabled","ast-hfb-above-header-display":"","ast-hfb-below-header-display":"disabled","ast-hfb-mobile-header-display":"","site-post-title":"","ast-breadcrumbs-content":"","ast-featured-img":"","footer-sml-layout":"","theme-transparent-header-meta":"","adv-header-id-meta":"","stick-header-meta":"","header-above-stick-meta":"","header-main-stick-meta":"","header-below-stick-meta":"","astra-migrate-meta-layouts":"default","ast-page-background-enabled":"default","ast-page-background-meta":{"desktop":{"background-color":"var(--ast-global-color-5)","background-image":"","background-repeat":"repeat","background-position":"center center","background-size":"auto","background-attachment":"scroll","background-type":"","background-media":"","overlay-type":"","overlay-color":"","overlay-opacity":"","overlay-gradient":""},"tablet":{"background-color":"","background-image":"","background-repeat":"repeat","background-position":"center center","background-size":"auto","background-attachment":"scroll","background-type":"","background-media":"","overlay-type":"","overlay-color":"","overlay-opacity":"","overlay-gradient":""},"mobile":{"background-color":"","background-image":"","background-repeat":"repeat","background-position":"center center","background-size":"auto","background-attachment":"scroll","background-type":"","background-media":"","overlay-type":"","overlay-color":"","overlay-opacity":"","overlay-gradient":""}},"ast-content-background-meta":{"desktop":{"background-color":"var(--ast-global-color-4)","background-image":"","background-repeat":"repeat","background-position":"center center","background-size":"auto","background-attachment":"scroll","background-type":"","background-media":"","overlay-type":"","overlay-color":"","overlay-opacity":"","overlay-gradient":""},"tablet":{"background-color":"var(--ast-global-color-4)","background-image":"","background-repeat":"repeat","background-position":"center center","background-size":"auto","background-attachment":"scroll","background-type":"","background-media":"","overlay-type":"","overlay-color":"","overlay-opacity":"","overlay-gradient":""},"mobile":{"background-color":"var(--ast-global-color-4)","background-image":"","background-repeat":"repeat","background-position":"center center","background-size":"auto","background-attachment":"scroll","background-type":"","background-media":"","overlay-type":"","overlay-color":"","overlay-opacity":"","overlay-gradient":""}},"footnotes":""},"categories":[],"tags":[1002],"class_list":["post-262483","page","type-page","status-publish","hentry","tag-app-egov-page"],"yoast_head":"<!-- This site is optimized with the Yoast SEO Premium plugin v27.4 (Yoast SEO v27.4) - https:\/\/yoast.com\/product\/yoast-seo-premium-wordpress\/ -->\n<title>Beach Conditions - City of Miami Beach<\/title>\n<meta name=\"description\" content=\"%\" \/>\n<meta name=\"robots\" content=\"index, follow, max-snippet:-1, max-image-preview:large, max-video-preview:-1\" \/>\n<link rel=\"canonical\" href=\"https:\/\/www.miamibeachfl.gov\/fr\/egovapp\/beachconditions\/\" \/>\n<meta property=\"og:locale\" content=\"fr_FR\" \/>\n<meta property=\"og:type\" content=\"article\" \/>\n<meta property=\"og:title\" content=\"Beach Conditions\" \/>\n<meta property=\"og:description\" content=\"%\" \/>\n<meta property=\"og:url\" content=\"https:\/\/www.miamibeachfl.gov\/fr\/egovapp\/beachconditions\/\" \/>\n<meta property=\"og:site_name\" content=\"City of Miami Beach\" \/>\n<meta property=\"article:publisher\" content=\"https:\/\/www.facebook.com\/cityofmiamibeach\" \/>\n<meta property=\"article:modified_time\" content=\"2026-04-08T18:43:32+00:00\" \/>\n<meta property=\"og:image\" content=\"https:\/\/www.miamibeachfl.gov\/wp-content\/uploads\/2023\/05\/Rip_Currents_graphic-scaled.jpg\" \/>\n<meta name=\"twitter:card\" content=\"summary_large_image\" \/>\n<meta name=\"twitter:site\" content=\"@Miamibeachnews\" \/>\n<script type=\"application\/ld+json\" class=\"yoast-schema-graph\">{\"@context\":\"https:\\\/\\\/schema.org\",\"@graph\":[{\"@type\":\"WebPage\",\"@id\":\"https:\\\/\\\/www.miamibeachfl.gov\\\/egovapp\\\/beachconditions\\\/\",\"url\":\"https:\\\/\\\/www.miamibeachfl.gov\\\/egovapp\\\/beachconditions\\\/\",\"name\":\"Beach Conditions - City of Miami Beach\",\"isPartOf\":{\"@id\":\"https:\\\/\\\/www.miamibeachfl.gov\\\/#website\"},\"primaryImageOfPage\":{\"@id\":\"https:\\\/\\\/www.miamibeachfl.gov\\\/egovapp\\\/beachconditions\\\/#primaryimage\"},\"image\":{\"@id\":\"https:\\\/\\\/www.miamibeachfl.gov\\\/egovapp\\\/beachconditions\\\/#primaryimage\"},\"thumbnailUrl\":\"https:\\\/\\\/www.miamibeachfl.gov\\\/wp-content\\\/uploads\\\/2023\\\/05\\\/Rip_Currents_graphic-scaled.jpg\",\"datePublished\":\"2023-05-31T12:29:45+00:00\",\"dateModified\":\"2026-04-08T18:43:32+00:00\",\"description\":\"%\",\"breadcrumb\":{\"@id\":\"https:\\\/\\\/www.miamibeachfl.gov\\\/egovapp\\\/beachconditions\\\/#breadcrumb\"},\"inLanguage\":\"fr-FR\",\"potentialAction\":[{\"@type\":\"ReadAction\",\"target\":[\"https:\\\/\\\/www.miamibeachfl.gov\\\/egovapp\\\/beachconditions\\\/\"]}]},{\"@type\":\"ImageObject\",\"inLanguage\":\"fr-FR\",\"@id\":\"https:\\\/\\\/www.miamibeachfl.gov\\\/egovapp\\\/beachconditions\\\/#primaryimage\",\"url\":\"https:\\\/\\\/www.miamibeachfl.gov\\\/wp-content\\\/uploads\\\/2023\\\/05\\\/Rip_Currents_graphic-scaled.jpg\",\"contentUrl\":\"https:\\\/\\\/www.miamibeachfl.gov\\\/wp-content\\\/uploads\\\/2023\\\/05\\\/Rip_Currents_graphic-scaled.jpg\"},{\"@type\":\"BreadcrumbList\",\"@id\":\"https:\\\/\\\/www.miamibeachfl.gov\\\/egovapp\\\/beachconditions\\\/#breadcrumb\",\"itemListElement\":[{\"@type\":\"ListItem\",\"position\":1,\"name\":\"Home\",\"item\":\"https:\\\/\\\/www.miamibeachfl.gov\\\/\"},{\"@type\":\"ListItem\",\"position\":2,\"name\":\"MobileAppPages\",\"item\":\"https:\\\/\\\/www.miamibeachfl.gov\\\/egovapp\\\/\"},{\"@type\":\"ListItem\",\"position\":3,\"name\":\"Beach Conditions\"}]},{\"@type\":\"WebSite\",\"@id\":\"https:\\\/\\\/www.miamibeachfl.gov\\\/#website\",\"url\":\"https:\\\/\\\/www.miamibeachfl.gov\\\/\",\"name\":\"City of Miami Beach\",\"description\":\"The official website of the City of Miami Beach. Stay informed, find important information on city services, news, alerts, events, trolley routes, government employment and more.\",\"publisher\":{\"@id\":\"https:\\\/\\\/www.miamibeachfl.gov\\\/#organization\"},\"potentialAction\":[{\"@type\":\"SearchAction\",\"target\":{\"@type\":\"EntryPoint\",\"urlTemplate\":\"https:\\\/\\\/www.miamibeachfl.gov\\\/?s={search_term_string}\"},\"query-input\":{\"@type\":\"PropertyValueSpecification\",\"valueRequired\":true,\"valueName\":\"search_term_string\"}}],\"inLanguage\":\"fr-FR\"},{\"@type\":\"Organization\",\"@id\":\"https:\\\/\\\/www.miamibeachfl.gov\\\/#organization\",\"name\":\"City of Miami Beach\",\"url\":\"https:\\\/\\\/www.miamibeachfl.gov\\\/\",\"logo\":{\"@type\":\"ImageObject\",\"inLanguage\":\"fr-FR\",\"@id\":\"https:\\\/\\\/www.miamibeachfl.gov\\\/#\\\/schema\\\/logo\\\/image\\\/\",\"url\":\"https:\\\/\\\/www.miamibeachfl.gov\\\/wp-content\\\/uploads\\\/2022\\\/06\\\/miamibeach-logoblue.png\",\"contentUrl\":\"https:\\\/\\\/www.miamibeachfl.gov\\\/wp-content\\\/uploads\\\/2022\\\/06\\\/miamibeach-logoblue.png\",\"width\":1962,\"height\":381,\"caption\":\"City of Miami Beach\"},\"image\":{\"@id\":\"https:\\\/\\\/www.miamibeachfl.gov\\\/#\\\/schema\\\/logo\\\/image\\\/\"},\"sameAs\":[\"https:\\\/\\\/www.facebook.com\\\/cityofmiamibeach\",\"https:\\\/\\\/x.com\\\/Miamibeachnews\",\"https:\\\/\\\/www.instagram.com\\\/miamibeachnews\\\/\"],\"description\":\"The official website of the City of Miami Beach. Stay informed, find important information on city services, news, alerts, events, trolley routes, government employment and more.\",\"telephone\":\"305.604.CITY(2489)\",\"legalName\":\"City of Miami Beach\"}]}<\/script>\n<!-- \/ Yoast SEO Premium plugin. -->","yoast_head_json":{"title":"Conditions de plage - Ville de Miami Beach","description":"%","robots":{"index":"index","follow":"follow","max-snippet":"max-snippet:-1","max-image-preview":"max-image-preview:large","max-video-preview":"max-video-preview:-1"},"canonical":"https:\/\/www.miamibeachfl.gov\/fr\/egovapp\/beachconditions\/","og_locale":"fr_FR","og_type":"article","og_title":"Beach Conditions","og_description":"%","og_url":"https:\/\/www.miamibeachfl.gov\/fr\/egovapp\/beachconditions\/","og_site_name":"City of Miami Beach","article_publisher":"https:\/\/www.facebook.com\/cityofmiamibeach","article_modified_time":"2026-04-08T18:43:32+00:00","og_image":[{"url":"https:\/\/www.miamibeachfl.gov\/wp-content\/uploads\/2023\/05\/Rip_Currents_graphic-scaled.jpg","type":"","width":"","height":""}],"twitter_card":"summary_large_image","twitter_site":"@Miamibeachnews","schema":{"@context":"https:\/\/schema.org","@graph":[{"@type":"WebPage","@id":"https:\/\/www.miamibeachfl.gov\/egovapp\/beachconditions\/","url":"https:\/\/www.miamibeachfl.gov\/egovapp\/beachconditions\/","name":"Conditions de plage - Ville de Miami Beach","isPartOf":{"@id":"https:\/\/www.miamibeachfl.gov\/#website"},"primaryImageOfPage":{"@id":"https:\/\/www.miamibeachfl.gov\/egovapp\/beachconditions\/#primaryimage"},"image":{"@id":"https:\/\/www.miamibeachfl.gov\/egovapp\/beachconditions\/#primaryimage"},"thumbnailUrl":"https:\/\/www.miamibeachfl.gov\/wp-content\/uploads\/2023\/05\/Rip_Currents_graphic-scaled.jpg","datePublished":"2023-05-31T12:29:45+00:00","dateModified":"2026-04-08T18:43:32+00:00","description":"%","breadcrumb":{"@id":"https:\/\/www.miamibeachfl.gov\/egovapp\/beachconditions\/#breadcrumb"},"inLanguage":"fr-FR","potentialAction":[{"@type":"ReadAction","target":["https:\/\/www.miamibeachfl.gov\/egovapp\/beachconditions\/"]}]},{"@type":"ImageObject","inLanguage":"fr-FR","@id":"https:\/\/www.miamibeachfl.gov\/egovapp\/beachconditions\/#primaryimage","url":"https:\/\/www.miamibeachfl.gov\/wp-content\/uploads\/2023\/05\/Rip_Currents_graphic-scaled.jpg","contentUrl":"https:\/\/www.miamibeachfl.gov\/wp-content\/uploads\/2023\/05\/Rip_Currents_graphic-scaled.jpg"},{"@type":"BreadcrumbList","@id":"https:\/\/www.miamibeachfl.gov\/egovapp\/beachconditions\/#breadcrumb","itemListElement":[{"@type":"ListItem","position":1,"name":"Home","item":"https:\/\/www.miamibeachfl.gov\/"},{"@type":"ListItem","position":2,"name":"MobileAppPages","item":"https:\/\/www.miamibeachfl.gov\/egovapp\/"},{"@type":"ListItem","position":3,"name":"Beach Conditions"}]},{"@type":"WebSite","@id":"https:\/\/www.miamibeachfl.gov\/#website","url":"https:\/\/www.miamibeachfl.gov\/","name":"Ville de Miami Beach","description":"Site officiel de la ville de Miami Beach. Restez inform\u00e9 et trouvez des informations importantes sur les services municipaux, les actualit\u00e9s, les alertes, les \u00e9v\u00e9nements, les itin\u00e9raires de tramway, les emplois gouvernementaux et bien plus encore.","publisher":{"@id":"https:\/\/www.miamibeachfl.gov\/#organization"},"potentialAction":[{"@type":"SearchAction","target":{"@type":"EntryPoint","urlTemplate":"https:\/\/www.miamibeachfl.gov\/?s={search_term_string}"},"query-input":{"@type":"PropertyValueSpecification","valueRequired":true,"valueName":"search_term_string"}}],"inLanguage":"fr-FR"},{"@type":"Organization","@id":"https:\/\/www.miamibeachfl.gov\/#organization","name":"Ville de Miami Beach","url":"https:\/\/www.miamibeachfl.gov\/","logo":{"@type":"ImageObject","inLanguage":"fr-FR","@id":"https:\/\/www.miamibeachfl.gov\/#\/schema\/logo\/image\/","url":"https:\/\/www.miamibeachfl.gov\/wp-content\/uploads\/2022\/06\/miamibeach-logoblue.png","contentUrl":"https:\/\/www.miamibeachfl.gov\/wp-content\/uploads\/2022\/06\/miamibeach-logoblue.png","width":1962,"height":381,"caption":"City of Miami Beach"},"image":{"@id":"https:\/\/www.miamibeachfl.gov\/#\/schema\/logo\/image\/"},"sameAs":["https:\/\/www.facebook.com\/cityofmiamibeach","https:\/\/x.com\/Miamibeachnews","https:\/\/www.instagram.com\/miamibeachnews\/"],"description":"Site officiel de la ville de Miami Beach. Restez inform\u00e9 et trouvez des informations importantes sur les services municipaux, les actualit\u00e9s, les alertes, les \u00e9v\u00e9nements, les itin\u00e9raires de tramway, les emplois gouvernementaux et bien plus encore.","telephone":"305.604.CITY(2489)","legalName":"City of Miami Beach"}]}},"_links":{"self":[{"href":"https:\/\/www.miamibeachfl.gov\/fr\/wp-json\/wp\/v2\/pages\/262483","targetHints":{"allow":["GET"]}}],"collection":[{"href":"https:\/\/www.miamibeachfl.gov\/fr\/wp-json\/wp\/v2\/pages"}],"about":[{"href":"https:\/\/www.miamibeachfl.gov\/fr\/wp-json\/wp\/v2\/types\/page"}],"author":[{"embeddable":true,"href":"https:\/\/www.miamibeachfl.gov\/fr\/wp-json\/wp\/v2\/users\/222"}],"replies":[{"embeddable":true,"href":"https:\/\/www.miamibeachfl.gov\/fr\/wp-json\/wp\/v2\/comments?post=262483"}],"version-history":[{"count":2,"href":"https:\/\/www.miamibeachfl.gov\/fr\/wp-json\/wp\/v2\/pages\/262483\/revisions"}],"predecessor-version":[{"id":398562,"href":"https:\/\/www.miamibeachfl.gov\/fr\/wp-json\/wp\/v2\/pages\/262483\/revisions\/398562"}],"up":[{"embeddable":true,"href":"https:\/\/www.miamibeachfl.gov\/fr\/wp-json\/wp\/v2\/pages\/260953"}],"wp:attachment":[{"href":"https:\/\/www.miamibeachfl.gov\/fr\/wp-json\/wp\/v2\/media?parent=262483"}],"wp:term":[{"taxonomy":"category","embeddable":true,"href":"https:\/\/www.miamibeachfl.gov\/fr\/wp-json\/wp\/v2\/categories?post=262483"},{"taxonomy":"post_tag","embeddable":true,"href":"https:\/\/www.miamibeachfl.gov\/fr\/wp-json\/wp\/v2\/tags?post=262483"}],"curies":[{"name":"wp","href":"https:\/\/api.w.org\/{rel}","templated":true}]}}