{"id":264653,"date":"2023-07-03T15:51:40","date_gmt":"2023-07-03T19:51:40","guid":{"rendered":"https:\/\/www.miamibeachfl.gov\/?page_id=264653"},"modified":"2025-06-02T22:23:10","modified_gmt":"2025-06-03T02:23:10","slug":"july-2023-business-spotlight-vida-estilo-group-miami-beach","status":"publish","type":"page","link":"https:\/\/www.miamibeachfl.gov\/fr\/spotlight\/july-2023-business-spotlight-vida-estilo-group-miami-beach\/","title":{"rendered":"VIDA &amp; ESTILO GROUP STYLES DE VIE CULINAIRES \u00c0 MIAMI BEACH"},"content":{"rendered":"<h5>\n\t\t<a href=\"https:\/\/www.miamibeachfl.gov\/fr\/mbbiznews\/\" title=\"Abonnez-vous ici pour recevoir chaque mois la newsletter commerciale de la Ville dans votre bo\u00eete de r\u00e9ception.\"  target=\"_blank\"  rel=\"noopener\">\n\t\t\tAbonnez-vous ici pour recevoir chaque mois la newsletter commerciale de la Ville dans votre bo\u00eete de r\u00e9ception.\t\t<\/a>\n\t<\/h5>\n<h5>\n\t\t<a href=\"https:\/\/myemail.constantcontact.com\/Stay-connected-with-MB-Biz--.html?soid=1011085968389&#038;aid=S0mHBwwl4Fs\" title=\"Bulletin d&#039;information des entreprises\"  target=\"_blank\"  rel=\"noopener\">\n\t\t\tBulletin d&#039;information des entreprises\t\t<\/a>\n\t<\/h5>\n\t\t\t\t<img decoding=\"async\" src=\"https:\/\/www.miamibeachfl.gov\/wp-content\/uploads\/2023\/07\/Jamil-scaled.jpeg\" alt=\"Jamil\" itemprop=\"image\" title=\"Jamil\" onerror=\"this.style.display='none'\" loading='lazy' \/>\n\t<p>Groupe de restaurants Vida &amp; Estilo | V&amp;E Hospitality Group (V&amp;E), qui se traduit par <em>Vie et style<\/em> En espagnol, est un pionnier de l&#039;industrie culinaire \u00e0 l&#039;origine de concepts de restaurants parmi les plus embl\u00e9matiques et raffin\u00e9s. La marque incarne un style de vie alliant gastronomie, mixologie, divertissement et ambiance unique.<\/p>\n<p>Le portefeuille prim\u00e9 de V&amp;E comprend <em>Caf\u00e9 Am\u00e9ricain<\/em>, <em>PaperFish, Barsecco<\/em>, <em>Oh ! Mexique<\/em>, <em>La Cerveceria<\/em> <em>de Barrio<\/em>, <em>La Havane 1957<\/em>, <em>Caf\u00e9 Cortadito<\/em>, <em>Marab\u00fa<\/em> et <em>March\u00e9 de la p\u00eache<\/em>. Une seconde <em>Poisson en papier<\/em> a r\u00e9cemment ouvert sur Espanola Way, et l&#039;\u00e9quipe a r\u00e9nov\u00e9 l&#039;embl\u00e9matique Ocean Drive <em>Caf\u00e9 des nouvelles<\/em> et <em>Oh! Mexico Taco Shop<\/em>La newsletter commerciale ED de juillet met en lumi\u00e8re Jamil Dib, cofondateur et propri\u00e9taire de V&amp;E Restaurant Group.<\/p>\n<ol>\n<li><strong> Pouvez-vous nous parler de l&#039;histoire de vos concepts de restaurants et de ce qui vous a pouss\u00e9 \u00e0 ouvrir \u00e0 Miami Beach ?<\/strong><\/li>\n<\/ol>\n<p>Vida &amp; Estilo a ouvert son premier restaurant en 1997. Notre d\u00e9cision de quitter le Mexique pour Miami Beach \u00e9tait motiv\u00e9e par un changement de mode de vie. Nous avons \u00e9t\u00e9 inspir\u00e9s par la magie de Miami Beach et je suis aujourd&#039;hui fier d&#039;y vivre.<\/p>\n<ol start=\"2\">\n<li><strong> Comment d\u00e9cririez-vous l\u2019atmosph\u00e8re et l\u2019ambiance de vos concepts de restaurants ?<\/strong><\/li>\n<\/ol>\n<p>Nos concepts visent \u00e0 vous faire vivre une exp\u00e9rience m\u00e9morable. Nous s\u00e9lectionnons nos restaurants avec un d\u00e9vouement absolu au th\u00e8me et au concept du restaurant. <em>Caf\u00e9 des nouvelles<\/em>, une op\u00e9ration en partenariat avec Goldman Properties, et a consacr\u00e9 beaucoup d&#039;efforts \u00e0 recr\u00e9er l&#039;essence et l&#039;esprit, pass\u00e9, pr\u00e9sent et futur, d&#039;Ocean Drive et de South Beach.<\/p>\n<p><img loading=\"lazy\" decoding=\"async\" src=\"https:\/\/www.miamibeachfl.gov\/wp-content\/uploads\/2023\/07\/NEWS-CAFE-2023-2-300x195.png\" alt=\"\" width=\"300\" height=\"195\" \/><\/p>\n<ol start=\"3\">\n<li><strong>\u00a0Veuillez partager certaines de vos offres culinaires populaires et ce qui les distingue ?<\/strong><\/li>\n<\/ol>\n<p>Nous sommes fiers de mettre en valeur la cuisine cubaine \u00e0 <em>La Havane 1957<\/em>, qui \u00e9tait le deuxi\u00e8me restaurant de Vida &amp; Estilo. Nous en avons maintenant cinq. <em>La Havane 1957<\/em> emplacements, le premier a ouvert il y a plus de dix ans sur Espa\u00f1ola Way, et a r\u00e9cemment \u00e9t\u00e9 inclus dans la liste des meilleurs restaurants cubains de Miami, mettant sp\u00e9cifiquement en valeur notre <em>vache frite<\/em> (b\u0153uf effiloch\u00e9 frit). <em>La Havane 1957<\/em> est \u00e9galement connu pour notre poulet signature, <em>Pollo Havana<\/em>, une recette familiale, cuite au four pendant 3 heures et demie et marin\u00e9e pendant 72 heures. Nos amateurs de cuisine japonaise appr\u00e9cient \u00e9galement notre rouleau de sushi signature, le <em>Acevichada<\/em>, \u00e0 <em>Poisson en papier<\/em>, qui est tr\u00e8s populaire \u00e0 Miami Beach et \u00e0 Miami.<\/p>\n<p><img loading=\"lazy\" decoding=\"async\" src=\"https:\/\/www.miamibeachfl.gov\/wp-content\/uploads\/2023\/07\/Food-300x189.png\" alt=\"\" width=\"300\" height=\"189\" \/><img loading=\"lazy\" decoding=\"async\" src=\"https:\/\/www.miamibeachfl.gov\/wp-content\/uploads\/2023\/07\/food-2-300x221.png\" alt=\"\" width=\"300\" height=\"221\" \/><\/p>\n<ol start=\"4\">\n<li><strong> Quels ingr\u00e9dients ou techniques de cuisson uniques utilisez-vous dans vos plats ?<\/strong><\/li>\n<\/ol>\n<p>Nous utilisons un four Josper \u00e0 <em>March\u00e9 de la p\u00eache<\/em>Ce four \u00e0 charbon de bois nous permet d&#039;allier tradition et modernit\u00e9. Nous aimons \u00e9galement cuisiner des fruits de mer et du poisson, comme notre c\u00e9l\u00e8bre \u00ab\u00a0branzino\u00a0\u00bb, et pr\u00e9parer des viandes savoureuses gr\u00e2ce \u00e0 cette technique de cuisson au charbon.<\/p>\n<p><img loading=\"lazy\" decoding=\"async\" src=\"https:\/\/www.miamibeachfl.gov\/wp-content\/uploads\/2023\/07\/food-3-300x149.png\" alt=\"\" width=\"300\" height=\"149\" \/><\/p>\n<ol start=\"5\">\n<li><strong> Comment vous approvisionnez-vous en ingr\u00e9dients et privil\u00e9giez-vous l\u2019utilisation de produits locaux ou biologiques ?<\/strong><\/li>\n<\/ol>\n<p>Notre service des achats am\u00e9liore constamment notre s\u00e9lection de produits de qualit\u00e9, de mati\u00e8res premi\u00e8res et de fournisseurs. Nous nous effor\u00e7ons de privil\u00e9gier l&#039;approvisionnement local autant que possible et veillons \u00e0 la disponibilit\u00e9 et \u00e0 la qualit\u00e9 des produits. Nous veillons \u00e0 maintenir des prix raisonnables pour nos aliments afin de proposer un menu abordable \u00e0 notre client\u00e8le.<\/p>\n<ol start=\"6\">\n<li><strong>\u00a0\u00c0 quel type d\u2019exp\u00e9rience culinaire les clients peuvent-ils s\u2019attendre lorsqu\u2019ils viennent dans vos restaurants et comment garantissez-vous un service de haute qualit\u00e9 ?<\/strong><\/li>\n<\/ol>\n<p>Excellence et honn\u00eatet\u00e9 sont au rendez-vous. Notre cuisine attire nos clients, et notre service client, notre r\u00e9putation, notre propret\u00e9, notre s\u00e9curit\u00e9 et notre d\u00e9coration sont les \u00e9l\u00e9ments essentiels qui compl\u00e8tent l&#039;atmosph\u00e8re de notre restaurant. Nous accordons une attention particuli\u00e8re \u00e0 l&#039;exp\u00e9rience client et la rendons m\u00e9morable.<\/p>\n<p>7.<strong> Quelles mesures prenez-vous pour tenir compte des restrictions alimentaires et des pr\u00e9f\u00e9rences personnelles\u00a0?<\/strong><\/p>\n<p>Pouvoir s&#039;adapter aux restrictions alimentaires et aux pr\u00e9f\u00e9rences personnelles, comme les options v\u00e9g\u00e9tariennes et sans gluten, est essentiel pour la livraison de nos repas et pour notre service client. Par exemple\u00a0: <em>Caf\u00e9 Cortadito<\/em> propose une vari\u00e9t\u00e9 d&#039;options non laiti\u00e8res, comme un caf\u00e9 au lait avec un assortiment de choix de lait, qui a \u00e9t\u00e9 largement appr\u00e9ci\u00e9 par nos clients.<\/p>\n<p><img loading=\"lazy\" decoding=\"async\" src=\"https:\/\/www.miamibeachfl.gov\/wp-content\/uploads\/2023\/07\/cortadito-300x203.png\" alt=\"\" width=\"300\" height=\"203\" \/><\/p>\n<ol start=\"8\">\n<li><strong> Quels sont vos projets et objectifs futurs, et comment comptez-vous continuer \u00e0 grandir et \u00e0 \u00e9voluer ?<\/strong><\/li>\n<\/ol>\n<p>S\u2019adapter, transformer et comprendre les besoins de nos consommateurs et cultiver la prochaine g\u00e9n\u00e9ration de clients est notre plat du jour.<\/p>\n<p>Nous travaillons \u00e0 comprendre et \u00e0 encourager nos jeunes consommateurs culinaires, \u00e0 nourrir nos convives actuels de Miami Beach, \u00e0 faire de nos restaurants des destinations incontournables et \u00e0 continuer de d\u00e9velopper notre offre culinaire dans le monde en constante expansion de l&#039;h\u00f4tellerie et de la gastronomie.<\/p>\n<p>Pour plus d&#039;informations, veuillez visiter : <strong><a href=\"https:\/\/www.verestaurants.com\">https:\/\/www.verestaurants.com<\/a><\/strong><\/p>\n<p>&nbsp;<\/p>\n<p>&nbsp;<\/p>","protected":false},"excerpt":{"rendered":"<p>Abonnez-vous ici pour recevoir chaque mois la newsletter commerciale de la Ville. Bulletin d&#039;information commerciale Vida &amp; Estilo Restaurant Group | [\u2026]<\/p>","protected":false},"author":222,"featured_media":0,"parent":253255,"menu_order":0,"comment_status":"closed","ping_status":"closed","template":"","meta":{"_searchwp_excluded":"","site-sidebar-layout":"default","site-content-layout":"","ast-site-content-layout":"default","site-content-style":"default","site-sidebar-style":"default","ast-global-header-display":"","ast-banner-title-visibility":"","ast-main-header-display":"","ast-hfb-above-header-display":"","ast-hfb-below-header-display":"","ast-hfb-mobile-header-display":"","site-post-title":"","ast-breadcrumbs-content":"","ast-featured-img":"","footer-sml-layout":"","theme-transparent-header-meta":"","adv-header-id-meta":"","stick-header-meta":"","header-above-stick-meta":"","header-main-stick-meta":"","header-below-stick-meta":"","astra-migrate-meta-layouts":"default","ast-page-background-enabled":"default","ast-page-background-meta":{"desktop":{"background-color":"var(--ast-global-color-5)","background-image":"","background-repeat":"repeat","background-position":"center center","background-size":"auto","background-attachment":"scroll","background-type":"","background-media":"","overlay-type":"","overlay-color":"","overlay-opacity":"","overlay-gradient":""},"tablet":{"background-color":"","background-image":"","background-repeat":"repeat","background-position":"center center","background-size":"auto","background-attachment":"scroll","background-type":"","background-media":"","overlay-type":"","overlay-color":"","overlay-opacity":"","overlay-gradient":""},"mobile":{"background-color":"","background-image":"","background-repeat":"repeat","background-position":"center center","background-size":"auto","background-attachment":"scroll","background-type":"","background-media":"","overlay-type":"","overlay-color":"","overlay-opacity":"","overlay-gradient":""}},"ast-content-background-meta":{"desktop":{"background-color":"var(--ast-global-color-4)","background-image":"","background-repeat":"repeat","background-position":"center center","background-size":"auto","background-attachment":"scroll","background-type":"","background-media":"","overlay-type":"","overlay-color":"","overlay-opacity":"","overlay-gradient":""},"tablet":{"background-color":"var(--ast-global-color-4)","background-image":"","background-repeat":"repeat","background-position":"center center","background-size":"auto","background-attachment":"scroll","background-type":"","background-media":"","overlay-type":"","overlay-color":"","overlay-opacity":"","overlay-gradient":""},"mobile":{"background-color":"var(--ast-global-color-4)","background-image":"","background-repeat":"repeat","background-position":"center center","background-size":"auto","background-attachment":"scroll","background-type":"","background-media":"","overlay-type":"","overlay-color":"","overlay-opacity":"","overlay-gradient":""}},"footnotes":""},"categories":[],"tags":[],"class_list":["post-264653","page","type-page","status-publish","hentry"],"yoast_head":"<!-- This site is optimized with the Yoast SEO Premium plugin v26.6 (Yoast SEO v26.6) - https:\/\/yoast.com\/wordpress\/plugins\/seo\/ -->\n<title>VIDA &amp; ESTILO GROUP CULINARY LIFESTYLES IN MIAMI BEACH - City of Miami Beach<\/title>\n<meta name=\"description\" content=\"%\" \/>\n<meta name=\"robots\" content=\"index, follow, max-snippet:-1, max-image-preview:large, max-video-preview:-1\" \/>\n<link rel=\"canonical\" href=\"https:\/\/www.miamibeachfl.gov\/fr\/spotlight\/july-2023-business-spotlight-vida-estilo-group-miami-beach\/\" \/>\n<meta property=\"og:locale\" content=\"fr_FR\" \/>\n<meta property=\"og:type\" content=\"article\" \/>\n<meta property=\"og:title\" content=\"VIDA &amp; ESTILO GROUP CULINARY LIFESTYLES IN MIAMI BEACH\" \/>\n<meta property=\"og:description\" content=\"%\" \/>\n<meta property=\"og:url\" content=\"https:\/\/www.miamibeachfl.gov\/fr\/spotlight\/july-2023-business-spotlight-vida-estilo-group-miami-beach\/\" \/>\n<meta property=\"og:site_name\" content=\"City of Miami Beach\" \/>\n<meta property=\"article:publisher\" content=\"https:\/\/www.facebook.com\/cityofmiamibeach\" \/>\n<meta property=\"article:modified_time\" content=\"2025-06-03T02:23:10+00:00\" \/>\n<meta property=\"og:image\" content=\"https:\/\/www.miamibeachfl.gov\/wp-content\/uploads\/2023\/07\/Jamil-scaled.jpeg\" \/>\n<meta name=\"twitter:card\" content=\"summary_large_image\" \/>\n<meta name=\"twitter:site\" content=\"@Miamibeachnews\" \/>\n<script type=\"application\/ld+json\" class=\"yoast-schema-graph\">{\"@context\":\"https:\/\/schema.org\",\"@graph\":[{\"@type\":\"WebPage\",\"@id\":\"https:\/\/www.miamibeachfl.gov\/spotlight\/july-2023-business-spotlight-vida-estilo-group-miami-beach\/\",\"url\":\"https:\/\/www.miamibeachfl.gov\/spotlight\/july-2023-business-spotlight-vida-estilo-group-miami-beach\/\",\"name\":\"VIDA & ESTILO GROUP CULINARY LIFESTYLES IN MIAMI BEACH - City of Miami Beach\",\"isPartOf\":{\"@id\":\"https:\/\/www.miamibeachfl.gov\/#website\"},\"primaryImageOfPage\":{\"@id\":\"https:\/\/www.miamibeachfl.gov\/spotlight\/july-2023-business-spotlight-vida-estilo-group-miami-beach\/#primaryimage\"},\"image\":{\"@id\":\"https:\/\/www.miamibeachfl.gov\/spotlight\/july-2023-business-spotlight-vida-estilo-group-miami-beach\/#primaryimage\"},\"thumbnailUrl\":\"https:\/\/www.miamibeachfl.gov\/wp-content\/uploads\/2023\/07\/Jamil-scaled.jpeg\",\"datePublished\":\"2023-07-03T19:51:40+00:00\",\"dateModified\":\"2025-06-03T02:23:10+00:00\",\"description\":\"%\",\"breadcrumb\":{\"@id\":\"https:\/\/www.miamibeachfl.gov\/spotlight\/july-2023-business-spotlight-vida-estilo-group-miami-beach\/#breadcrumb\"},\"inLanguage\":\"fr-FR\",\"potentialAction\":[{\"@type\":\"ReadAction\",\"target\":[\"https:\/\/www.miamibeachfl.gov\/spotlight\/july-2023-business-spotlight-vida-estilo-group-miami-beach\/\"]}]},{\"@type\":\"ImageObject\",\"inLanguage\":\"fr-FR\",\"@id\":\"https:\/\/www.miamibeachfl.gov\/spotlight\/july-2023-business-spotlight-vida-estilo-group-miami-beach\/#primaryimage\",\"url\":\"https:\/\/www.miamibeachfl.gov\/wp-content\/uploads\/2023\/07\/Jamil-scaled.jpeg\",\"contentUrl\":\"https:\/\/www.miamibeachfl.gov\/wp-content\/uploads\/2023\/07\/Jamil-scaled.jpeg\"},{\"@type\":\"BreadcrumbList\",\"@id\":\"https:\/\/www.miamibeachfl.gov\/spotlight\/july-2023-business-spotlight-vida-estilo-group-miami-beach\/#breadcrumb\",\"itemListElement\":[{\"@type\":\"ListItem\",\"position\":1,\"name\":\"Home\",\"item\":\"https:\/\/www.miamibeachfl.gov\/\"},{\"@type\":\"ListItem\",\"position\":2,\"name\":\"Business Newsletters and Spotlights\",\"item\":\"https:\/\/www.miamibeachfl.gov\/spotlight\/\"},{\"@type\":\"ListItem\",\"position\":3,\"name\":\"VIDA &#038; ESTILO GROUP CULINARY LIFESTYLES IN MIAMI BEACH\"}]},{\"@type\":\"WebSite\",\"@id\":\"https:\/\/www.miamibeachfl.gov\/#website\",\"url\":\"https:\/\/www.miamibeachfl.gov\/\",\"name\":\"City of Miami Beach\",\"description\":\"The official website of the City of Miami Beach. Stay informed, find important information on city services, news, alerts, events, trolley routes, government employment and more.\",\"publisher\":{\"@id\":\"https:\/\/www.miamibeachfl.gov\/#organization\"},\"potentialAction\":[{\"@type\":\"SearchAction\",\"target\":{\"@type\":\"EntryPoint\",\"urlTemplate\":\"https:\/\/www.miamibeachfl.gov\/?s={search_term_string}\"},\"query-input\":{\"@type\":\"PropertyValueSpecification\",\"valueRequired\":true,\"valueName\":\"search_term_string\"}}],\"inLanguage\":\"fr-FR\"},{\"@type\":\"Organization\",\"@id\":\"https:\/\/www.miamibeachfl.gov\/#organization\",\"name\":\"City of Miami Beach\",\"url\":\"https:\/\/www.miamibeachfl.gov\/\",\"logo\":{\"@type\":\"ImageObject\",\"inLanguage\":\"fr-FR\",\"@id\":\"https:\/\/www.miamibeachfl.gov\/#\/schema\/logo\/image\/\",\"url\":\"https:\/\/www.miamibeachfl.gov\/wp-content\/uploads\/2022\/06\/miamibeach-logoblue.png\",\"contentUrl\":\"https:\/\/www.miamibeachfl.gov\/wp-content\/uploads\/2022\/06\/miamibeach-logoblue.png\",\"width\":1962,\"height\":381,\"caption\":\"City of Miami Beach\"},\"image\":{\"@id\":\"https:\/\/www.miamibeachfl.gov\/#\/schema\/logo\/image\/\"},\"sameAs\":[\"https:\/\/www.facebook.com\/cityofmiamibeach\",\"https:\/\/x.com\/Miamibeachnews\",\"https:\/\/www.instagram.com\/miamibeachnews\/\"],\"description\":\"The official website of the City of Miami Beach. Stay informed, find important information on city services, news, alerts, events, trolley routes, government employment and more.\",\"telephone\":\"305.604.CITY(2489)\",\"legalName\":\"City of Miami Beach\"}]}<\/script>\n<!-- \/ Yoast SEO Premium plugin. -->","yoast_head_json":{"title":"VIDA &amp; ESTILO GROUP - STYLES DE VIE CULINAIRES \u00c0 MIAMI BEACH - Ville de Miami Beach","description":"%","robots":{"index":"index","follow":"follow","max-snippet":"max-snippet:-1","max-image-preview":"max-image-preview:large","max-video-preview":"max-video-preview:-1"},"canonical":"https:\/\/www.miamibeachfl.gov\/fr\/spotlight\/july-2023-business-spotlight-vida-estilo-group-miami-beach\/","og_locale":"fr_FR","og_type":"article","og_title":"VIDA & ESTILO GROUP CULINARY LIFESTYLES IN MIAMI BEACH","og_description":"%","og_url":"https:\/\/www.miamibeachfl.gov\/fr\/spotlight\/july-2023-business-spotlight-vida-estilo-group-miami-beach\/","og_site_name":"City of Miami Beach","article_publisher":"https:\/\/www.facebook.com\/cityofmiamibeach","article_modified_time":"2025-06-03T02:23:10+00:00","og_image":[{"url":"https:\/\/www.miamibeachfl.gov\/wp-content\/uploads\/2023\/07\/Jamil-scaled.jpeg","type":"","width":"","height":""}],"twitter_card":"summary_large_image","twitter_site":"@Miamibeachnews","schema":{"@context":"https:\/\/schema.org","@graph":[{"@type":"WebPage","@id":"https:\/\/www.miamibeachfl.gov\/spotlight\/july-2023-business-spotlight-vida-estilo-group-miami-beach\/","url":"https:\/\/www.miamibeachfl.gov\/spotlight\/july-2023-business-spotlight-vida-estilo-group-miami-beach\/","name":"VIDA &amp; ESTILO GROUP - STYLES DE VIE CULINAIRES \u00c0 MIAMI BEACH - Ville de Miami Beach","isPartOf":{"@id":"https:\/\/www.miamibeachfl.gov\/#website"},"primaryImageOfPage":{"@id":"https:\/\/www.miamibeachfl.gov\/spotlight\/july-2023-business-spotlight-vida-estilo-group-miami-beach\/#primaryimage"},"image":{"@id":"https:\/\/www.miamibeachfl.gov\/spotlight\/july-2023-business-spotlight-vida-estilo-group-miami-beach\/#primaryimage"},"thumbnailUrl":"https:\/\/www.miamibeachfl.gov\/wp-content\/uploads\/2023\/07\/Jamil-scaled.jpeg","datePublished":"2023-07-03T19:51:40+00:00","dateModified":"2025-06-03T02:23:10+00:00","description":"%","breadcrumb":{"@id":"https:\/\/www.miamibeachfl.gov\/spotlight\/july-2023-business-spotlight-vida-estilo-group-miami-beach\/#breadcrumb"},"inLanguage":"fr-FR","potentialAction":[{"@type":"ReadAction","target":["https:\/\/www.miamibeachfl.gov\/spotlight\/july-2023-business-spotlight-vida-estilo-group-miami-beach\/"]}]},{"@type":"ImageObject","inLanguage":"fr-FR","@id":"https:\/\/www.miamibeachfl.gov\/spotlight\/july-2023-business-spotlight-vida-estilo-group-miami-beach\/#primaryimage","url":"https:\/\/www.miamibeachfl.gov\/wp-content\/uploads\/2023\/07\/Jamil-scaled.jpeg","contentUrl":"https:\/\/www.miamibeachfl.gov\/wp-content\/uploads\/2023\/07\/Jamil-scaled.jpeg"},{"@type":"BreadcrumbList","@id":"https:\/\/www.miamibeachfl.gov\/spotlight\/july-2023-business-spotlight-vida-estilo-group-miami-beach\/#breadcrumb","itemListElement":[{"@type":"ListItem","position":1,"name":"Home","item":"https:\/\/www.miamibeachfl.gov\/"},{"@type":"ListItem","position":2,"name":"Business Newsletters and Spotlights","item":"https:\/\/www.miamibeachfl.gov\/spotlight\/"},{"@type":"ListItem","position":3,"name":"VIDA &#038; ESTILO GROUP CULINARY LIFESTYLES IN MIAMI BEACH"}]},{"@type":"WebSite","@id":"https:\/\/www.miamibeachfl.gov\/#website","url":"https:\/\/www.miamibeachfl.gov\/","name":"Ville de Miami Beach","description":"Site officiel de la ville de Miami Beach. Restez inform\u00e9 et trouvez des informations importantes sur les services municipaux, les actualit\u00e9s, les alertes, les \u00e9v\u00e9nements, les itin\u00e9raires de tramway, les emplois gouvernementaux et bien plus encore.","publisher":{"@id":"https:\/\/www.miamibeachfl.gov\/#organization"},"potentialAction":[{"@type":"SearchAction","target":{"@type":"EntryPoint","urlTemplate":"https:\/\/www.miamibeachfl.gov\/?s={search_term_string}"},"query-input":{"@type":"PropertyValueSpecification","valueRequired":true,"valueName":"search_term_string"}}],"inLanguage":"fr-FR"},{"@type":"Organization","@id":"https:\/\/www.miamibeachfl.gov\/#organization","name":"Ville de Miami Beach","url":"https:\/\/www.miamibeachfl.gov\/","logo":{"@type":"ImageObject","inLanguage":"fr-FR","@id":"https:\/\/www.miamibeachfl.gov\/#\/schema\/logo\/image\/","url":"https:\/\/www.miamibeachfl.gov\/wp-content\/uploads\/2022\/06\/miamibeach-logoblue.png","contentUrl":"https:\/\/www.miamibeachfl.gov\/wp-content\/uploads\/2022\/06\/miamibeach-logoblue.png","width":1962,"height":381,"caption":"City of Miami Beach"},"image":{"@id":"https:\/\/www.miamibeachfl.gov\/#\/schema\/logo\/image\/"},"sameAs":["https:\/\/www.facebook.com\/cityofmiamibeach","https:\/\/x.com\/Miamibeachnews","https:\/\/www.instagram.com\/miamibeachnews\/"],"description":"Site officiel de la ville de Miami Beach. Restez inform\u00e9 et trouvez des informations importantes sur les services municipaux, les actualit\u00e9s, les alertes, les \u00e9v\u00e9nements, les itin\u00e9raires de tramway, les emplois gouvernementaux et bien plus encore.","telephone":"305.604.CITY(2489)","legalName":"City of Miami Beach"}]}},"_links":{"self":[{"href":"https:\/\/www.miamibeachfl.gov\/fr\/wp-json\/wp\/v2\/pages\/264653","targetHints":{"allow":["GET"]}}],"collection":[{"href":"https:\/\/www.miamibeachfl.gov\/fr\/wp-json\/wp\/v2\/pages"}],"about":[{"href":"https:\/\/www.miamibeachfl.gov\/fr\/wp-json\/wp\/v2\/types\/page"}],"author":[{"embeddable":true,"href":"https:\/\/www.miamibeachfl.gov\/fr\/wp-json\/wp\/v2\/users\/222"}],"replies":[{"embeddable":true,"href":"https:\/\/www.miamibeachfl.gov\/fr\/wp-json\/wp\/v2\/comments?post=264653"}],"version-history":[{"count":0,"href":"https:\/\/www.miamibeachfl.gov\/fr\/wp-json\/wp\/v2\/pages\/264653\/revisions"}],"up":[{"embeddable":true,"href":"https:\/\/www.miamibeachfl.gov\/fr\/wp-json\/wp\/v2\/pages\/253255"}],"wp:attachment":[{"href":"https:\/\/www.miamibeachfl.gov\/fr\/wp-json\/wp\/v2\/media?parent=264653"}],"wp:term":[{"taxonomy":"category","embeddable":true,"href":"https:\/\/www.miamibeachfl.gov\/fr\/wp-json\/wp\/v2\/categories?post=264653"},{"taxonomy":"post_tag","embeddable":true,"href":"https:\/\/www.miamibeachfl.gov\/fr\/wp-json\/wp\/v2\/tags?post=264653"}],"curies":[{"name":"wp","href":"https:\/\/api.w.org\/{rel}","templated":true}]}}