{"id":265355,"date":"2023-07-19T10:37:58","date_gmt":"2023-07-19T14:37:58","guid":{"rendered":"https:\/\/www.miamibeachfl.gov\/?page_id=265355"},"modified":"2025-07-07T13:51:16","modified_gmt":"2025-07-07T17:51:16","slug":"commissioner-tanya-k-bhatt","status":"publish","type":"page","link":"https:\/\/www.miamibeachfl.gov\/fr\/staff\/commissioner-tanya-k-bhatt\/","title":{"rendered":"Tanya K. Bhatt <br>Groupe 4"},"content":{"rendered":"Maire et Commission\t\t\t\n\t\t\t\t\t<ul id=\"menu-mayor-and-commission\"><li id=\"menu-item-281527\"><a href=\"\/fr\/city-hall\/elected-officials\/\">Accueil du maire et de la commission<\/a><\/li>\n<li id=\"menu-item-281526\"><a href=\"\/fr\/city-hall\/city-clerk\/meeting-notices\/\">R\u00e9unions de la Commission<\/a><\/li>\n<li id=\"menu-item-281528\"><a href=\"\/fr\/city-hall\/city-clerk\/boards-and-committees\/\">Conseils et comit\u00e9s<\/a><\/li>\n<li id=\"menu-item-281529\"><a href=\"\/fr\/city-hall\/city-clerk\/election-information\/\">Informations \u00e9lectorales<\/a><\/li>\n<\/ul>\t\nMaire et Commission \u00d7\t\t\t\t\t\t<ul id=\"menu-mayor-and-commission-1\"><li id=\"menu-item-281527\"><a href=\"\/fr\/city-hall\/elected-officials\/\">Accueil du maire et de la commission<\/a><\/li>\n<li id=\"menu-item-281526\"><a href=\"\/fr\/city-hall\/city-clerk\/meeting-notices\/\">R\u00e9unions de la Commission<\/a><\/li>\n<li id=\"menu-item-281528\"><a href=\"\/fr\/city-hall\/city-clerk\/boards-and-committees\/\">Conseils et comit\u00e9s<\/a><\/li>\n<li id=\"menu-item-281529\"><a href=\"\/fr\/city-hall\/city-clerk\/election-information\/\">Informations \u00e9lectorales<\/a><\/li>\n<\/ul>\t\t\t\t\n\t\t\t\t<img decoding=\"async\" src=\"https:\/\/www.miamibeachfl.gov\/wp-content\/uploads\/bb-plugin\/cache\/TanyaKatzoffBhatt-circle.png\" alt=\"Commissioner Tanya K Bhatt\" title=\"Tanya Katzoff Bhatt\" itemprop=\"image\"\/>\n\t\t<h1>\n\t\t\tTanya K. Bhatt\t<\/h1>\n<h2>\n\t\t\tCommissaire\t<\/h2>\n\t<ul>\n\t\t<li><a href=\"mailto:tanya@miamibeachfl.gov\" target=\"_self\"  aria-label=\"Allez \u00e0 mailto:tanya@miamibeachfl.gov\">\t\t\t\t\n\t\t<h3>Tanya@miamibeachfl.gov<\/h3><\/a><\/li><li><a href=\"tel:3056737105\" target=\"_self\"  aria-label=\"Aller au t\u00e9l:3056737105\">\t\t\t\t\n\t\t<h3>305.673.7105<\/h3><\/a><\/li>\t<\/ul>\n\t<ul>\n\t\t<li>\t\t\t\t\n\t\t<h3>Groupe 4<\/h3><\/li><li><a href=\"mailto:SaraMurillo@miamibeachfl.gov\" target=\"_self\"  aria-label=\"Allez \u00e0 mailto\u00a0:\u00a0SaraMurillo@miamibeachfl.gov\">\t\t\t\t\n\t\t<h3>Assistant de la Commission :<\/h3><p>Sara Murillo Tejada<\/p><\/a><\/li><li><a href=\"tel:7865629498\" target=\"_self\"  aria-label=\"Aller au t\u00e9l:7865629498\">\t\t\t\t\n\t\t<h3>786.562.9498<\/h3><\/a><\/li><li><a href=\"mailto:SaraMurillo@miamibeachfl.gov\" target=\"_self\"  aria-label=\"Allez \u00e0 mailto\u00a0:\u00a0SaraMurillo@miamibeachfl.gov\">\t\t\t\t\n\t\t<h3>SaraMurillo@miamibeachfl.gov<\/h3><\/a><\/li>\t<\/ul>\n\t<p>Tanya Katzoff Bhatt d\u00e9fend les int\u00e9r\u00eats des autres depuis son enfance, lorsqu&#039;elle a confi\u00e9 \u00e0 son grand-oncle qu&#039;elle souhaitait devenir pr\u00e9sidente. Depuis 2015, elle \u0153uvre pour les habitants de Miami Beach.<\/p>\n<p>Forte de ses acquis \u00e0 la Miami Beach Leadership Academy, elle s&#039;est impliqu\u00e9e au sein de la Bayshore HOA\u00a0; a pr\u00e9sid\u00e9 Miami Beach United\u00a0; a si\u00e9g\u00e9 au conseil d&#039;administration de la Miami Design Preservation League, si\u00e9geant \u00e0 son comit\u00e9 de gouvernance\u00a0; et a \u00e9t\u00e9 nomm\u00e9e au conseil d&#039;urbanisme de Miami Beach en 2020, au poste de planification historique. D\u00e9fenseure acharn\u00e9e des droits des r\u00e9sidents, leader communautaire ax\u00e9e sur les r\u00e9sultats et experte en mati\u00e8re de recherche de consensus, Tanya \u0153uvrera sans rel\u00e2che pour l&#039;am\u00e9lioration de notre ville.<\/p>\n<p>L&#039;int\u00e9grit\u00e9, l&#039;ind\u00e9pendance, la courtoisie et une capacit\u00e9 \u00e0 r\u00e9soudre les probl\u00e8mes avec discernement ancreront et d\u00e9finiront le r\u00f4le de Tanya au sein de la Commission, o\u00f9 elle \u0153uvrera avec diligence pour que Miami Beach demeure l&#039;une des villes les plus dynamiques et uniques des \u00c9tats-Unis. Ses priorit\u00e9s incluent l&#039;\u00e9quilibre entre pr\u00e9servation du patrimoine et croissance contextuelle adapt\u00e9e\u00a0; le maintien d&#039;une ville s\u00fbre et accueillante\u00a0; la promotion de mesures de r\u00e9silience adapt\u00e9es \u00e0 chaque quartier\u00a0; et la recherche de solutions de bon sens \u00e0 nos probl\u00e8mes les plus urgents.<\/p>\n<p>Tanya est une professionnelle du marketing et de l&#039;image de marque qui a notamment dirig\u00e9 pendant six ans une division mondiale de Converse. Son enfance en Am\u00e9rique du Sud et en Europe lui a appris qu&#039;il existe de nombreuses approches pour parvenir \u00e0 une issue positive, une perspective qui \u00e9claire favorablement sa fa\u00e7on d&#039;appr\u00e9hender les opportunit\u00e9s, les d\u00e9fis et la vie en g\u00e9n\u00e9ral.<\/p>\n<p>Habitante de North Beach, Tanya a d\u00e9m\u00e9nag\u00e9 \u00e0 Miami Beach en 2003, \u00e0 la recherche d&#039;une communaut\u00e9 diversifi\u00e9e et chaleureuse, offrant une offre culturelle de premier ordre pour y \u00e9lever ses filles. Dipl\u00f4m\u00e9e de l&#039;Universit\u00e9 Brown, elle est une athl\u00e8te d&#039;endurance hors pair, sauveuse de chiens et polyglotte.<\/p>","protected":false},"excerpt":{"rendered":"<p>Mayor &#038; Commission Mayor &#038; Commission Home Commission Meetings Boards &#038; Committees Election Information Mayor &#038; Commission \u00d7 Mayor &#038; [&hellip;]<\/p>\n","protected":false},"author":222,"featured_media":281060,"parent":261112,"menu_order":37,"comment_status":"closed","ping_status":"closed","template":"","meta":{"_searchwp_excluded":"","site-sidebar-layout":"default","site-content-layout":"","ast-site-content-layout":"default","site-content-style":"default","site-sidebar-style":"default","ast-global-header-display":"","ast-banner-title-visibility":"","ast-main-header-display":"","ast-hfb-above-header-display":"","ast-hfb-below-header-display":"","ast-hfb-mobile-header-display":"","site-post-title":"","ast-breadcrumbs-content":"","ast-featured-img":"","footer-sml-layout":"","theme-transparent-header-meta":"","adv-header-id-meta":"","stick-header-meta":"","header-above-stick-meta":"","header-main-stick-meta":"","header-below-stick-meta":"","astra-migrate-meta-layouts":"default","ast-page-background-enabled":"default","ast-page-background-meta":{"desktop":{"background-color":"var(--ast-global-color-5)","background-image":"","background-repeat":"repeat","background-position":"center center","background-size":"auto","background-attachment":"scroll","background-type":"","background-media":"","overlay-type":"","overlay-color":"","overlay-opacity":"","overlay-gradient":""},"tablet":{"background-color":"","background-image":"","background-repeat":"repeat","background-position":"center center","background-size":"auto","background-attachment":"scroll","background-type":"","background-media":"","overlay-type":"","overlay-color":"","overlay-opacity":"","overlay-gradient":""},"mobile":{"background-color":"","background-image":"","background-repeat":"repeat","background-position":"center center","background-size":"auto","background-attachment":"scroll","background-type":"","background-media":"","overlay-type":"","overlay-color":"","overlay-opacity":"","overlay-gradient":""}},"ast-content-background-meta":{"desktop":{"background-color":"var(--ast-global-color-4)","background-image":"","background-repeat":"repeat","background-position":"center center","background-size":"auto","background-attachment":"scroll","background-type":"","background-media":"","overlay-type":"","overlay-color":"","overlay-opacity":"","overlay-gradient":""},"tablet":{"background-color":"var(--ast-global-color-4)","background-image":"","background-repeat":"repeat","background-position":"center center","background-size":"auto","background-attachment":"scroll","background-type":"","background-media":"","overlay-type":"","overlay-color":"","overlay-opacity":"","overlay-gradient":""},"mobile":{"background-color":"var(--ast-global-color-4)","background-image":"","background-repeat":"repeat","background-position":"center center","background-size":"auto","background-attachment":"scroll","background-type":"","background-media":"","overlay-type":"","overlay-color":"","overlay-opacity":"","overlay-gradient":""}},"footnotes":""},"categories":[],"tags":[983,960,1127],"class_list":["post-265355","page","type-page","status-publish","has-post-thumbnail","hentry","tag-mayor-office-team","tag-staff","tag-tanya-k-bhatt"],"yoast_head":"<!-- This site is optimized with the Yoast SEO Premium plugin v27.4 (Yoast SEO v27.4) - https:\/\/yoast.com\/product\/yoast-seo-premium-wordpress\/ -->\n<title>Tanya K. Bhatt Group 4 - City of Miami Beach<\/title>\n<meta name=\"description\" content=\"Tanya Katzoff Bhatt has been advocating for others since she was a child, when she told her great-uncle that she wanted to be president when she grew up. Since 2015, she has been doing so for residents in Miami Beach.\" \/>\n<meta name=\"robots\" content=\"index, follow, max-snippet:-1, max-image-preview:large, max-video-preview:-1\" \/>\n<link rel=\"canonical\" href=\"https:\/\/www.miamibeachfl.gov\/fr\/staff\/commissioner-tanya-k-bhatt\/\" \/>\n<meta property=\"og:locale\" content=\"fr_FR\" \/>\n<meta property=\"og:type\" content=\"article\" \/>\n<meta property=\"og:title\" content=\"Tanya K. Bhatt Group 4\" \/>\n<meta property=\"og:description\" content=\"Tanya Katzoff Bhatt has been advocating for others since she was a child, when she told her great-uncle that she wanted to be president when she grew up. Since 2015, she has been doing so for residents in Miami Beach.\" \/>\n<meta property=\"og:url\" content=\"https:\/\/www.miamibeachfl.gov\/fr\/staff\/commissioner-tanya-k-bhatt\/\" \/>\n<meta property=\"og:site_name\" content=\"City of Miami Beach\" \/>\n<meta property=\"article:publisher\" content=\"https:\/\/www.facebook.com\/cityofmiamibeach\" \/>\n<meta property=\"article:modified_time\" content=\"2025-07-07T17:51:16+00:00\" \/>\n<meta property=\"og:image\" content=\"https:\/\/www.miamibeachfl.gov\/wp-content\/uploads\/2023\/07\/TanyaKatzoffBhatt.png\" \/>\n\t<meta property=\"og:image:width\" content=\"250\" \/>\n\t<meta property=\"og:image:height\" content=\"250\" \/>\n\t<meta property=\"og:image:type\" content=\"image\/png\" \/>\n<meta name=\"twitter:card\" content=\"summary_large_image\" \/>\n<meta name=\"twitter:site\" content=\"@Miamibeachnews\" \/>\n<script type=\"application\/ld+json\" class=\"yoast-schema-graph\">{\"@context\":\"https:\\\/\\\/schema.org\",\"@graph\":[{\"@type\":\"WebPage\",\"@id\":\"https:\\\/\\\/www.miamibeachfl.gov\\\/staff\\\/commissioner-tanya-k-bhatt\\\/\",\"url\":\"https:\\\/\\\/www.miamibeachfl.gov\\\/staff\\\/commissioner-tanya-k-bhatt\\\/\",\"name\":\"Tanya K. Bhatt Group 4 - City of Miami Beach\",\"isPartOf\":{\"@id\":\"https:\\\/\\\/www.miamibeachfl.gov\\\/#website\"},\"primaryImageOfPage\":{\"@id\":\"https:\\\/\\\/www.miamibeachfl.gov\\\/staff\\\/commissioner-tanya-k-bhatt\\\/#primaryimage\"},\"image\":{\"@id\":\"https:\\\/\\\/www.miamibeachfl.gov\\\/staff\\\/commissioner-tanya-k-bhatt\\\/#primaryimage\"},\"thumbnailUrl\":\"https:\\\/\\\/www.miamibeachfl.gov\\\/wp-content\\\/uploads\\\/2023\\\/07\\\/TanyaKatzoffBhatt.png\",\"datePublished\":\"2023-07-19T14:37:58+00:00\",\"dateModified\":\"2025-07-07T17:51:16+00:00\",\"description\":\"Tanya Katzoff Bhatt has been advocating for others since she was a child, when she told her great-uncle that she wanted to be president when she grew up. Since 2015, she has been doing so for residents in Miami Beach.\",\"breadcrumb\":{\"@id\":\"https:\\\/\\\/www.miamibeachfl.gov\\\/staff\\\/commissioner-tanya-k-bhatt\\\/#breadcrumb\"},\"inLanguage\":\"fr-FR\",\"potentialAction\":[{\"@type\":\"ReadAction\",\"target\":[\"https:\\\/\\\/www.miamibeachfl.gov\\\/staff\\\/commissioner-tanya-k-bhatt\\\/\"]}]},{\"@type\":\"ImageObject\",\"inLanguage\":\"fr-FR\",\"@id\":\"https:\\\/\\\/www.miamibeachfl.gov\\\/staff\\\/commissioner-tanya-k-bhatt\\\/#primaryimage\",\"url\":\"https:\\\/\\\/www.miamibeachfl.gov\\\/wp-content\\\/uploads\\\/2023\\\/07\\\/TanyaKatzoffBhatt.png\",\"contentUrl\":\"https:\\\/\\\/www.miamibeachfl.gov\\\/wp-content\\\/uploads\\\/2023\\\/07\\\/TanyaKatzoffBhatt.png\",\"width\":250,\"height\":250,\"caption\":\"Commissioner Tanya K Bhatt\"},{\"@type\":\"BreadcrumbList\",\"@id\":\"https:\\\/\\\/www.miamibeachfl.gov\\\/staff\\\/commissioner-tanya-k-bhatt\\\/#breadcrumb\",\"itemListElement\":[{\"@type\":\"ListItem\",\"position\":1,\"name\":\"Home\",\"item\":\"https:\\\/\\\/www.miamibeachfl.gov\\\/\"},{\"@type\":\"ListItem\",\"position\":2,\"name\":\"Staff\",\"item\":\"https:\\\/\\\/www.miamibeachfl.gov\\\/staff\\\/\"},{\"@type\":\"ListItem\",\"position\":3,\"name\":\"Tanya K. Bhatt Group 4\"}]},{\"@type\":\"WebSite\",\"@id\":\"https:\\\/\\\/www.miamibeachfl.gov\\\/#website\",\"url\":\"https:\\\/\\\/www.miamibeachfl.gov\\\/\",\"name\":\"City of Miami Beach\",\"description\":\"The official website of the City of Miami Beach. Stay informed, find important information on city services, news, alerts, events, trolley routes, government employment and more.\",\"publisher\":{\"@id\":\"https:\\\/\\\/www.miamibeachfl.gov\\\/#organization\"},\"potentialAction\":[{\"@type\":\"SearchAction\",\"target\":{\"@type\":\"EntryPoint\",\"urlTemplate\":\"https:\\\/\\\/www.miamibeachfl.gov\\\/?s={search_term_string}\"},\"query-input\":{\"@type\":\"PropertyValueSpecification\",\"valueRequired\":true,\"valueName\":\"search_term_string\"}}],\"inLanguage\":\"fr-FR\"},{\"@type\":\"Organization\",\"@id\":\"https:\\\/\\\/www.miamibeachfl.gov\\\/#organization\",\"name\":\"City of Miami Beach\",\"url\":\"https:\\\/\\\/www.miamibeachfl.gov\\\/\",\"logo\":{\"@type\":\"ImageObject\",\"inLanguage\":\"fr-FR\",\"@id\":\"https:\\\/\\\/www.miamibeachfl.gov\\\/#\\\/schema\\\/logo\\\/image\\\/\",\"url\":\"https:\\\/\\\/www.miamibeachfl.gov\\\/wp-content\\\/uploads\\\/2022\\\/06\\\/miamibeach-logoblue.png\",\"contentUrl\":\"https:\\\/\\\/www.miamibeachfl.gov\\\/wp-content\\\/uploads\\\/2022\\\/06\\\/miamibeach-logoblue.png\",\"width\":1962,\"height\":381,\"caption\":\"City of Miami Beach\"},\"image\":{\"@id\":\"https:\\\/\\\/www.miamibeachfl.gov\\\/#\\\/schema\\\/logo\\\/image\\\/\"},\"sameAs\":[\"https:\\\/\\\/www.facebook.com\\\/cityofmiamibeach\",\"https:\\\/\\\/x.com\\\/Miamibeachnews\",\"https:\\\/\\\/www.instagram.com\\\/miamibeachnews\\\/\"],\"description\":\"The official website of the City of Miami Beach. Stay informed, find important information on city services, news, alerts, events, trolley routes, government employment and more.\",\"telephone\":\"305.604.CITY(2489)\",\"legalName\":\"City of Miami Beach\"}]}<\/script>\n<!-- \/ Yoast SEO Premium plugin. -->","yoast_head_json":{"title":"Tanya K. Bhatt, Groupe 4 \u2013 Ville de Miami Beach","description":"Tanya Katzoff Bhatt d\u00e9fend les int\u00e9r\u00eats des autres depuis son enfance, lorsqu&#039;elle a confi\u00e9 \u00e0 son grand-oncle qu&#039;elle souhaitait devenir pr\u00e9sidente. Depuis 2015, elle \u0153uvre pour les habitants de Miami Beach.","robots":{"index":"index","follow":"follow","max-snippet":"max-snippet:-1","max-image-preview":"max-image-preview:large","max-video-preview":"max-video-preview:-1"},"canonical":"https:\/\/www.miamibeachfl.gov\/fr\/staff\/commissioner-tanya-k-bhatt\/","og_locale":"fr_FR","og_type":"article","og_title":"Tanya K. Bhatt Group 4","og_description":"Tanya Katzoff Bhatt has been advocating for others since she was a child, when she told her great-uncle that she wanted to be president when she grew up. Since 2015, she has been doing so for residents in Miami Beach.","og_url":"https:\/\/www.miamibeachfl.gov\/fr\/staff\/commissioner-tanya-k-bhatt\/","og_site_name":"City of Miami Beach","article_publisher":"https:\/\/www.facebook.com\/cityofmiamibeach","article_modified_time":"2025-07-07T17:51:16+00:00","og_image":[{"width":250,"height":250,"url":"https:\/\/www.miamibeachfl.gov\/wp-content\/uploads\/2023\/07\/TanyaKatzoffBhatt.png","type":"image\/png"}],"twitter_card":"summary_large_image","twitter_site":"@Miamibeachnews","schema":{"@context":"https:\/\/schema.org","@graph":[{"@type":"WebPage","@id":"https:\/\/www.miamibeachfl.gov\/staff\/commissioner-tanya-k-bhatt\/","url":"https:\/\/www.miamibeachfl.gov\/staff\/commissioner-tanya-k-bhatt\/","name":"Tanya K. Bhatt, Groupe 4 \u2013 Ville de Miami Beach","isPartOf":{"@id":"https:\/\/www.miamibeachfl.gov\/#website"},"primaryImageOfPage":{"@id":"https:\/\/www.miamibeachfl.gov\/staff\/commissioner-tanya-k-bhatt\/#primaryimage"},"image":{"@id":"https:\/\/www.miamibeachfl.gov\/staff\/commissioner-tanya-k-bhatt\/#primaryimage"},"thumbnailUrl":"https:\/\/www.miamibeachfl.gov\/wp-content\/uploads\/2023\/07\/TanyaKatzoffBhatt.png","datePublished":"2023-07-19T14:37:58+00:00","dateModified":"2025-07-07T17:51:16+00:00","description":"Tanya Katzoff Bhatt d\u00e9fend les int\u00e9r\u00eats des autres depuis son enfance, lorsqu&#039;elle a confi\u00e9 \u00e0 son grand-oncle qu&#039;elle souhaitait devenir pr\u00e9sidente. Depuis 2015, elle \u0153uvre pour les habitants de Miami Beach.","breadcrumb":{"@id":"https:\/\/www.miamibeachfl.gov\/staff\/commissioner-tanya-k-bhatt\/#breadcrumb"},"inLanguage":"fr-FR","potentialAction":[{"@type":"ReadAction","target":["https:\/\/www.miamibeachfl.gov\/staff\/commissioner-tanya-k-bhatt\/"]}]},{"@type":"ImageObject","inLanguage":"fr-FR","@id":"https:\/\/www.miamibeachfl.gov\/staff\/commissioner-tanya-k-bhatt\/#primaryimage","url":"https:\/\/www.miamibeachfl.gov\/wp-content\/uploads\/2023\/07\/TanyaKatzoffBhatt.png","contentUrl":"https:\/\/www.miamibeachfl.gov\/wp-content\/uploads\/2023\/07\/TanyaKatzoffBhatt.png","width":250,"height":250,"caption":"Commissioner Tanya K Bhatt"},{"@type":"BreadcrumbList","@id":"https:\/\/www.miamibeachfl.gov\/staff\/commissioner-tanya-k-bhatt\/#breadcrumb","itemListElement":[{"@type":"ListItem","position":1,"name":"Home","item":"https:\/\/www.miamibeachfl.gov\/"},{"@type":"ListItem","position":2,"name":"Staff","item":"https:\/\/www.miamibeachfl.gov\/staff\/"},{"@type":"ListItem","position":3,"name":"Tanya K. Bhatt Group 4"}]},{"@type":"WebSite","@id":"https:\/\/www.miamibeachfl.gov\/#website","url":"https:\/\/www.miamibeachfl.gov\/","name":"Ville de Miami Beach","description":"Site officiel de la ville de Miami Beach. Restez inform\u00e9 et trouvez des informations importantes sur les services municipaux, les actualit\u00e9s, les alertes, les \u00e9v\u00e9nements, les itin\u00e9raires de tramway, les emplois gouvernementaux et bien plus encore.","publisher":{"@id":"https:\/\/www.miamibeachfl.gov\/#organization"},"potentialAction":[{"@type":"SearchAction","target":{"@type":"EntryPoint","urlTemplate":"https:\/\/www.miamibeachfl.gov\/?s={search_term_string}"},"query-input":{"@type":"PropertyValueSpecification","valueRequired":true,"valueName":"search_term_string"}}],"inLanguage":"fr-FR"},{"@type":"Organization","@id":"https:\/\/www.miamibeachfl.gov\/#organization","name":"Ville de Miami Beach","url":"https:\/\/www.miamibeachfl.gov\/","logo":{"@type":"ImageObject","inLanguage":"fr-FR","@id":"https:\/\/www.miamibeachfl.gov\/#\/schema\/logo\/image\/","url":"https:\/\/www.miamibeachfl.gov\/wp-content\/uploads\/2022\/06\/miamibeach-logoblue.png","contentUrl":"https:\/\/www.miamibeachfl.gov\/wp-content\/uploads\/2022\/06\/miamibeach-logoblue.png","width":1962,"height":381,"caption":"City of Miami Beach"},"image":{"@id":"https:\/\/www.miamibeachfl.gov\/#\/schema\/logo\/image\/"},"sameAs":["https:\/\/www.facebook.com\/cityofmiamibeach","https:\/\/x.com\/Miamibeachnews","https:\/\/www.instagram.com\/miamibeachnews\/"],"description":"Site officiel de la ville de Miami Beach. Restez inform\u00e9 et trouvez des informations importantes sur les services municipaux, les actualit\u00e9s, les alertes, les \u00e9v\u00e9nements, les itin\u00e9raires de tramway, les emplois gouvernementaux et bien plus encore.","telephone":"305.604.CITY(2489)","legalName":"City of Miami Beach"}]}},"_links":{"self":[{"href":"https:\/\/www.miamibeachfl.gov\/fr\/wp-json\/wp\/v2\/pages\/265355","targetHints":{"allow":["GET"]}}],"collection":[{"href":"https:\/\/www.miamibeachfl.gov\/fr\/wp-json\/wp\/v2\/pages"}],"about":[{"href":"https:\/\/www.miamibeachfl.gov\/fr\/wp-json\/wp\/v2\/types\/page"}],"author":[{"embeddable":true,"href":"https:\/\/www.miamibeachfl.gov\/fr\/wp-json\/wp\/v2\/users\/222"}],"replies":[{"embeddable":true,"href":"https:\/\/www.miamibeachfl.gov\/fr\/wp-json\/wp\/v2\/comments?post=265355"}],"version-history":[{"count":1,"href":"https:\/\/www.miamibeachfl.gov\/fr\/wp-json\/wp\/v2\/pages\/265355\/revisions"}],"predecessor-version":[{"id":386037,"href":"https:\/\/www.miamibeachfl.gov\/fr\/wp-json\/wp\/v2\/pages\/265355\/revisions\/386037"}],"up":[{"embeddable":true,"href":"https:\/\/www.miamibeachfl.gov\/fr\/wp-json\/wp\/v2\/pages\/261112"}],"wp:featuredmedia":[{"embeddable":true,"href":"https:\/\/www.miamibeachfl.gov\/fr\/wp-json\/wp\/v2\/media\/281060"}],"wp:attachment":[{"href":"https:\/\/www.miamibeachfl.gov\/fr\/wp-json\/wp\/v2\/media?parent=265355"}],"wp:term":[{"taxonomy":"category","embeddable":true,"href":"https:\/\/www.miamibeachfl.gov\/fr\/wp-json\/wp\/v2\/categories?post=265355"},{"taxonomy":"post_tag","embeddable":true,"href":"https:\/\/www.miamibeachfl.gov\/fr\/wp-json\/wp\/v2\/tags?post=265355"}],"curies":[{"name":"wp","href":"https:\/\/api.w.org\/{rel}","templated":true}]}}