{"id":265371,"date":"2023-07-19T10:50:37","date_gmt":"2023-07-19T14:50:37","guid":{"rendered":"https:\/\/www.miamibeachfl.gov\/?page_id=265371"},"modified":"2025-07-07T13:51:19","modified_gmt":"2025-07-07T17:51:19","slug":"commissioner-joseph-magazine","status":"publish","type":"page","link":"https:\/\/www.miamibeachfl.gov\/fr\/staff\/commissioner-joseph-magazine\/","title":{"rendered":"Joseph Magazine <br>Groupe 6"},"content":{"rendered":"Maire et Commission\t\t\t\n\t\t\t\t\t<ul id=\"menu-mayor-and-commission\"><li id=\"menu-item-281527\"><a href=\"\/fr\/city-hall\/elected-officials\/\">Accueil du maire et de la commission<\/a><\/li>\n<li id=\"menu-item-281526\"><a href=\"\/fr\/city-hall\/city-clerk\/meeting-notices\/\">R\u00e9unions de la Commission<\/a><\/li>\n<li id=\"menu-item-281528\"><a href=\"\/fr\/city-hall\/city-clerk\/boards-and-committees\/\">Conseils et comit\u00e9s<\/a><\/li>\n<li id=\"menu-item-281529\"><a href=\"\/fr\/city-hall\/city-clerk\/election-information\/\">Informations \u00e9lectorales<\/a><\/li>\n<\/ul>\t\nMaire et Commission \u00d7\t\t\t\t\t\t<ul id=\"menu-mayor-and-commission-1\"><li id=\"menu-item-281527\"><a href=\"\/fr\/city-hall\/elected-officials\/\">Accueil du maire et de la commission<\/a><\/li>\n<li id=\"menu-item-281526\"><a href=\"\/fr\/city-hall\/city-clerk\/meeting-notices\/\">R\u00e9unions de la Commission<\/a><\/li>\n<li id=\"menu-item-281528\"><a href=\"\/fr\/city-hall\/city-clerk\/boards-and-committees\/\">Conseils et comit\u00e9s<\/a><\/li>\n<li id=\"menu-item-281529\"><a href=\"\/fr\/city-hall\/city-clerk\/election-information\/\">Informations \u00e9lectorales<\/a><\/li>\n<\/ul>\t\t\t\t\n\t\t\t\t<img decoding=\"async\" src=\"https:\/\/www.miamibeachfl.gov\/wp-content\/uploads\/bb-plugin\/cache\/JoeMagazine-circle.png\" alt=\"Comissioner Joe Magazine\" title=\"Joe Magazine\" itemprop=\"image\"\/>\n\t\t<h1>\n\t\t\tJoseph Magazine\t<\/h1>\n<h2>\n\t\t\tCommissaire\t<\/h2>\n\t<ul>\n\t\t<li><a href=\"mailto:joe@miamibeachfl.gov\" target=\"_self\"  aria-label=\"Acc\u00e9dez \u00e0 mailto:joe@miamibeachfl.gov\">\t\t\t\t\n\t\t<h3>Joe@miamibeachfl.gov<\/h3><\/a><\/li><li><a href=\"tel:3056737102\" target=\"_self\"  aria-label=\"Aller au t\u00e9l:3056737102\">\t\t\t\t\n\t\t<h3>305.673.7102<\/h3><\/a><\/li>\t<\/ul>\n\t<ul>\n\t\t<li>\t\t\t\t\n\t\t<h3>Groupe 6<\/h3><\/li>\t<\/ul>\n\t<ul>\n\t\t<li><h3>Assistants de la Commission :<\/h3><\/li><li>\t\t\t\t\n\t\t<p>Luis Fernando Atencio<\/p><\/li><li><a href=\"mailto:luisatencio@miamibeachfl.gov\" target=\"_blank\" rel=\"noopener\" aria-label=\"Allez \u00e0 mailto:luisatencio@miamibeachfl.gov \">\t\t\t\t\n\t\t<h3>LuisAtencio@miamibeachfl.gov <\/h3><\/a><\/li><li><a href=\"tel:7866794809\" target=\"_blank\" rel=\"noopener\" aria-label=\"Aller au t\u00e9l:7866794809\">\t\t\t\t\n\t\t<h3>786.679.4809<\/h3><\/a><\/li><li>\t\t\t\t\n\t\t<p>Isabelle Gomez<\/p><\/li><li><a href=\"mailto:IsabellaGomez@miamibeachfl.gov\" target=\"_blank\" rel=\"noopener\" aria-label=\"Allez \u00e0 mailto:IsabellaGomez@miamibeachfl.gov\">\t\t\t\t\n\t\t<h3>IsabellaGomez@miamibeachfl.gov<\/h3><\/a><\/li><li><a href=\"tel:7865624806\" target=\"_blank\" rel=\"noopener\" aria-label=\"Aller au t\u00e9l:7865624806\">\t\t\t\t\n\t\t<h3>786.562.4806<\/h3><\/a><\/li>\t<\/ul>\n\t<p>Joe r\u00e9side dans le quartier de West Avenue avec trois g\u00e9n\u00e9rations de sa famille, dont ses deux parents, Donna et Joe Sr, et sa fille Capri, \u00e2g\u00e9e de six ans. Capri fr\u00e9quente l&#039;\u00e9cole primaire South Pointe, o\u00f9 Joe est vice-pr\u00e9sident de l&#039;association des parents d&#039;\u00e9l\u00e8ves. Joe a \u00e9galement si\u00e9g\u00e9 avec fiert\u00e9 au conseil d&#039;urbanisme avant d&#039;\u00eatre \u00e9lu \u00e0 la commission municipale.<\/p>\n<p>D\u00e8s son plus jeune \u00e2ge, Joe a pu constater l&#039;importance de la communaut\u00e9 et de l&#039;aide aux personnes dans le besoin, en regardant sa m\u00e8re se r\u00e9veiller \u00e0 4 h 30 du matin chaque jour en tant qu&#039;infirmi\u00e8re \u00e0 l&#039;h\u00f4pital pour enfants de Philadelphie.<\/p>\n<p>Apr\u00e8s avoir obtenu des dipl\u00f4mes en finance et en droit des affaires \u00e0 l&#039;Universit\u00e9 d&#039;\u00c9tat de Pennsylvanie, Joe a int\u00e9gr\u00e9 le programme d&#039;analyste en banque d&#039;investissement et march\u00e9s de capitaux chez Merrill Lynch. Il a ensuite travaill\u00e9 pr\u00e8s de dix ans \u00e0 la Deutsche Bank au sein du groupe March\u00e9s de capitaux municipaux, collaborant avec des centaines de villes et municipalit\u00e9s \u00e0 travers le pays, o\u00f9 il a d\u00e9velopp\u00e9 une passion et une expertise pour les collectivit\u00e9s locales.<\/p>\n<p>Joe est actuellement vice-pr\u00e9sident de Loop Capital, une banque d&#039;investissement priv\u00e9e \u00e0 capitaux afro-am\u00e9ricains qui propose des solutions de financement aux entreprises, aux gouvernements et aux institutions du monde entier. Joe a \u00e9galement une s\u0153ur cadette, Jenna, qui r\u00e9side \u00e0 New York et travaille dans la banque d&#039;investissement. Elle participe activement \u00e0 de nombreuses initiatives visant \u00e0 am\u00e9liorer la repr\u00e9sentation des femmes \u00e0 Wall Street.<\/p>","protected":false},"excerpt":{"rendered":"<p>Mayor &#038; Commission Mayor &#038; Commission Home Commission Meetings Boards &#038; Committees Election Information Mayor &#038; Commission \u00d7 Mayor &#038; [&hellip;]<\/p>\n","protected":false},"author":222,"featured_media":281059,"parent":261112,"menu_order":37,"comment_status":"closed","ping_status":"closed","template":"","meta":{"_searchwp_excluded":"","site-sidebar-layout":"default","site-content-layout":"","ast-site-content-layout":"default","site-content-style":"default","site-sidebar-style":"default","ast-global-header-display":"","ast-banner-title-visibility":"","ast-main-header-display":"","ast-hfb-above-header-display":"","ast-hfb-below-header-display":"","ast-hfb-mobile-header-display":"","site-post-title":"","ast-breadcrumbs-content":"","ast-featured-img":"","footer-sml-layout":"","theme-transparent-header-meta":"","adv-header-id-meta":"","stick-header-meta":"","header-above-stick-meta":"","header-main-stick-meta":"","header-below-stick-meta":"","astra-migrate-meta-layouts":"default","ast-page-background-enabled":"default","ast-page-background-meta":{"desktop":{"background-color":"var(--ast-global-color-5)","background-image":"","background-repeat":"repeat","background-position":"center center","background-size":"auto","background-attachment":"scroll","background-type":"","background-media":"","overlay-type":"","overlay-color":"","overlay-opacity":"","overlay-gradient":""},"tablet":{"background-color":"","background-image":"","background-repeat":"repeat","background-position":"center center","background-size":"auto","background-attachment":"scroll","background-type":"","background-media":"","overlay-type":"","overlay-color":"","overlay-opacity":"","overlay-gradient":""},"mobile":{"background-color":"","background-image":"","background-repeat":"repeat","background-position":"center center","background-size":"auto","background-attachment":"scroll","background-type":"","background-media":"","overlay-type":"","overlay-color":"","overlay-opacity":"","overlay-gradient":""}},"ast-content-background-meta":{"desktop":{"background-color":"var(--ast-global-color-4)","background-image":"","background-repeat":"repeat","background-position":"center center","background-size":"auto","background-attachment":"scroll","background-type":"","background-media":"","overlay-type":"","overlay-color":"","overlay-opacity":"","overlay-gradient":""},"tablet":{"background-color":"var(--ast-global-color-4)","background-image":"","background-repeat":"repeat","background-position":"center center","background-size":"auto","background-attachment":"scroll","background-type":"","background-media":"","overlay-type":"","overlay-color":"","overlay-opacity":"","overlay-gradient":""},"mobile":{"background-color":"var(--ast-global-color-4)","background-image":"","background-repeat":"repeat","background-position":"center center","background-size":"auto","background-attachment":"scroll","background-type":"","background-media":"","overlay-type":"","overlay-color":"","overlay-opacity":"","overlay-gradient":""}},"footnotes":""},"categories":[],"tags":[1125,983,960],"class_list":["post-265371","page","type-page","status-publish","has-post-thumbnail","hentry","tag-joe-magazine","tag-mayor-office-team","tag-staff"],"yoast_head":"<!-- This site is optimized with the Yoast SEO Premium plugin v27.4 (Yoast SEO v27.4) - https:\/\/yoast.com\/product\/yoast-seo-premium-wordpress\/ -->\n<title>Joseph Magazine Group 6 - City of Miami Beach<\/title>\n<meta name=\"description\" content=\"Joe resides in the West Avenue neighborhood along with three generations of his family, including both of his parents, Donna and Joe Sr, and his six-year-old daughter Capri. Capri attends South Pointe Elementary School, where Joe is the Vice President of the PTA. Joe also proudly served on the Planning Board prior to being elected to the City Commission.012, former State Representative David Richardson made history in Florida when he became the first openly gay person to win a seat in the Florida Legislature. While it was his first campaign ever, Richardson mounted a true grassroots campaign that brought people together.\" \/>\n<meta name=\"robots\" content=\"index, follow, max-snippet:-1, max-image-preview:large, max-video-preview:-1\" \/>\n<link rel=\"canonical\" href=\"https:\/\/www.miamibeachfl.gov\/fr\/staff\/commissioner-joseph-magazine\/\" \/>\n<meta property=\"og:locale\" content=\"fr_FR\" \/>\n<meta property=\"og:type\" content=\"article\" \/>\n<meta property=\"og:title\" content=\"Joseph Magazine Group 6\" \/>\n<meta property=\"og:description\" content=\"Joe resides in the West Avenue neighborhood along with three generations of his family, including both of his parents, Donna and Joe Sr, and his six-year-old daughter Capri. Capri attends South Pointe Elementary School, where Joe is the Vice President of the PTA. Joe also proudly served on the Planning Board prior to being elected to the City Commission.012, former State Representative David Richardson made history in Florida when he became the first openly gay person to win a seat in the Florida Legislature. While it was his first campaign ever, Richardson mounted a true grassroots campaign that brought people together.\" \/>\n<meta property=\"og:url\" content=\"https:\/\/www.miamibeachfl.gov\/fr\/staff\/commissioner-joseph-magazine\/\" \/>\n<meta property=\"og:site_name\" content=\"City of Miami Beach\" \/>\n<meta property=\"article:publisher\" content=\"https:\/\/www.facebook.com\/cityofmiamibeach\" \/>\n<meta property=\"article:modified_time\" content=\"2025-07-07T17:51:19+00:00\" \/>\n<meta property=\"og:image\" content=\"https:\/\/www.miamibeachfl.gov\/wp-content\/uploads\/2023\/07\/JoeMagazine.png\" \/>\n\t<meta property=\"og:image:width\" content=\"250\" \/>\n\t<meta property=\"og:image:height\" content=\"250\" \/>\n\t<meta property=\"og:image:type\" content=\"image\/png\" \/>\n<meta name=\"twitter:card\" content=\"summary_large_image\" \/>\n<meta name=\"twitter:site\" content=\"@Miamibeachnews\" \/>\n<script type=\"application\/ld+json\" class=\"yoast-schema-graph\">{\"@context\":\"https:\\\/\\\/schema.org\",\"@graph\":[{\"@type\":\"WebPage\",\"@id\":\"https:\\\/\\\/www.miamibeachfl.gov\\\/staff\\\/commissioner-joseph-magazine\\\/\",\"url\":\"https:\\\/\\\/www.miamibeachfl.gov\\\/staff\\\/commissioner-joseph-magazine\\\/\",\"name\":\"Joseph Magazine Group 6 - City of Miami Beach\",\"isPartOf\":{\"@id\":\"https:\\\/\\\/www.miamibeachfl.gov\\\/#website\"},\"primaryImageOfPage\":{\"@id\":\"https:\\\/\\\/www.miamibeachfl.gov\\\/staff\\\/commissioner-joseph-magazine\\\/#primaryimage\"},\"image\":{\"@id\":\"https:\\\/\\\/www.miamibeachfl.gov\\\/staff\\\/commissioner-joseph-magazine\\\/#primaryimage\"},\"thumbnailUrl\":\"https:\\\/\\\/www.miamibeachfl.gov\\\/wp-content\\\/uploads\\\/2023\\\/07\\\/JoeMagazine.png\",\"datePublished\":\"2023-07-19T14:50:37+00:00\",\"dateModified\":\"2025-07-07T17:51:19+00:00\",\"description\":\"Joe resides in the West Avenue neighborhood along with three generations of his family, including both of his parents, Donna and Joe Sr, and his six-year-old daughter Capri. Capri attends South Pointe Elementary School, where Joe is the Vice President of the PTA. Joe also proudly served on the Planning Board prior to being elected to the City Commission.012, former State Representative David Richardson made history in Florida when he became the first openly gay person to win a seat in the Florida Legislature. While it was his first campaign ever, Richardson mounted a true grassroots campaign that brought people together.\",\"breadcrumb\":{\"@id\":\"https:\\\/\\\/www.miamibeachfl.gov\\\/staff\\\/commissioner-joseph-magazine\\\/#breadcrumb\"},\"inLanguage\":\"fr-FR\",\"potentialAction\":[{\"@type\":\"ReadAction\",\"target\":[\"https:\\\/\\\/www.miamibeachfl.gov\\\/staff\\\/commissioner-joseph-magazine\\\/\"]}]},{\"@type\":\"ImageObject\",\"inLanguage\":\"fr-FR\",\"@id\":\"https:\\\/\\\/www.miamibeachfl.gov\\\/staff\\\/commissioner-joseph-magazine\\\/#primaryimage\",\"url\":\"https:\\\/\\\/www.miamibeachfl.gov\\\/wp-content\\\/uploads\\\/2023\\\/07\\\/JoeMagazine.png\",\"contentUrl\":\"https:\\\/\\\/www.miamibeachfl.gov\\\/wp-content\\\/uploads\\\/2023\\\/07\\\/JoeMagazine.png\",\"width\":250,\"height\":250,\"caption\":\"Comissioner Joe Magazine\"},{\"@type\":\"BreadcrumbList\",\"@id\":\"https:\\\/\\\/www.miamibeachfl.gov\\\/staff\\\/commissioner-joseph-magazine\\\/#breadcrumb\",\"itemListElement\":[{\"@type\":\"ListItem\",\"position\":1,\"name\":\"Home\",\"item\":\"https:\\\/\\\/www.miamibeachfl.gov\\\/\"},{\"@type\":\"ListItem\",\"position\":2,\"name\":\"Staff\",\"item\":\"https:\\\/\\\/www.miamibeachfl.gov\\\/staff\\\/\"},{\"@type\":\"ListItem\",\"position\":3,\"name\":\"Joseph Magazine Group 6\"}]},{\"@type\":\"WebSite\",\"@id\":\"https:\\\/\\\/www.miamibeachfl.gov\\\/#website\",\"url\":\"https:\\\/\\\/www.miamibeachfl.gov\\\/\",\"name\":\"City of Miami Beach\",\"description\":\"The official website of the City of Miami Beach. Stay informed, find important information on city services, news, alerts, events, trolley routes, government employment and more.\",\"publisher\":{\"@id\":\"https:\\\/\\\/www.miamibeachfl.gov\\\/#organization\"},\"potentialAction\":[{\"@type\":\"SearchAction\",\"target\":{\"@type\":\"EntryPoint\",\"urlTemplate\":\"https:\\\/\\\/www.miamibeachfl.gov\\\/?s={search_term_string}\"},\"query-input\":{\"@type\":\"PropertyValueSpecification\",\"valueRequired\":true,\"valueName\":\"search_term_string\"}}],\"inLanguage\":\"fr-FR\"},{\"@type\":\"Organization\",\"@id\":\"https:\\\/\\\/www.miamibeachfl.gov\\\/#organization\",\"name\":\"City of Miami Beach\",\"url\":\"https:\\\/\\\/www.miamibeachfl.gov\\\/\",\"logo\":{\"@type\":\"ImageObject\",\"inLanguage\":\"fr-FR\",\"@id\":\"https:\\\/\\\/www.miamibeachfl.gov\\\/#\\\/schema\\\/logo\\\/image\\\/\",\"url\":\"https:\\\/\\\/www.miamibeachfl.gov\\\/wp-content\\\/uploads\\\/2022\\\/06\\\/miamibeach-logoblue.png\",\"contentUrl\":\"https:\\\/\\\/www.miamibeachfl.gov\\\/wp-content\\\/uploads\\\/2022\\\/06\\\/miamibeach-logoblue.png\",\"width\":1962,\"height\":381,\"caption\":\"City of Miami Beach\"},\"image\":{\"@id\":\"https:\\\/\\\/www.miamibeachfl.gov\\\/#\\\/schema\\\/logo\\\/image\\\/\"},\"sameAs\":[\"https:\\\/\\\/www.facebook.com\\\/cityofmiamibeach\",\"https:\\\/\\\/x.com\\\/Miamibeachnews\",\"https:\\\/\\\/www.instagram.com\\\/miamibeachnews\\\/\"],\"description\":\"The official website of the City of Miami Beach. Stay informed, find important information on city services, news, alerts, events, trolley routes, government employment and more.\",\"telephone\":\"305.604.CITY(2489)\",\"legalName\":\"City of Miami Beach\"}]}<\/script>\n<!-- \/ Yoast SEO Premium plugin. -->","yoast_head_json":{"title":"Joseph Magazine Group 6 - Ville de Miami Beach","description":"Joe r\u00e9side dans le quartier de West Avenue avec trois g\u00e9n\u00e9rations de sa famille, dont ses deux parents, Donna et Joe Sr, et sa fille Capri, \u00e2g\u00e9e de six ans. Capri fr\u00e9quente l&#039;\u00e9cole primaire South Pointe, o\u00f9 Joe est vice-pr\u00e9sident de l&#039;association des parents d&#039;\u00e9l\u00e8ves. Joe a \u00e9galement si\u00e9g\u00e9 avec fiert\u00e9 au conseil d&#039;urbanisme avant d&#039;\u00eatre \u00e9lu \u00e0 la commission municipale. En 2012, l&#039;ancien repr\u00e9sentant de l&#039;\u00c9tat David Richardson est entr\u00e9 dans l&#039;histoire de la Floride en devenant la premi\u00e8re personne ouvertement homosexuelle \u00e0 remporter un si\u00e8ge \u00e0 l&#039;Assembl\u00e9e l\u00e9gislative de Floride. Bien qu&#039;il s&#039;agisse de sa toute premi\u00e8re campagne, Richardson a men\u00e9 une v\u00e9ritable campagne populaire qui a rassembl\u00e9 les citoyens.","robots":{"index":"index","follow":"follow","max-snippet":"max-snippet:-1","max-image-preview":"max-image-preview:large","max-video-preview":"max-video-preview:-1"},"canonical":"https:\/\/www.miamibeachfl.gov\/fr\/staff\/commissioner-joseph-magazine\/","og_locale":"fr_FR","og_type":"article","og_title":"Joseph Magazine Group 6","og_description":"Joe resides in the West Avenue neighborhood along with three generations of his family, including both of his parents, Donna and Joe Sr, and his six-year-old daughter Capri. Capri attends South Pointe Elementary School, where Joe is the Vice President of the PTA. Joe also proudly served on the Planning Board prior to being elected to the City Commission.012, former State Representative David Richardson made history in Florida when he became the first openly gay person to win a seat in the Florida Legislature. While it was his first campaign ever, Richardson mounted a true grassroots campaign that brought people together.","og_url":"https:\/\/www.miamibeachfl.gov\/fr\/staff\/commissioner-joseph-magazine\/","og_site_name":"City of Miami Beach","article_publisher":"https:\/\/www.facebook.com\/cityofmiamibeach","article_modified_time":"2025-07-07T17:51:19+00:00","og_image":[{"width":250,"height":250,"url":"https:\/\/www.miamibeachfl.gov\/wp-content\/uploads\/2023\/07\/JoeMagazine.png","type":"image\/png"}],"twitter_card":"summary_large_image","twitter_site":"@Miamibeachnews","schema":{"@context":"https:\/\/schema.org","@graph":[{"@type":"WebPage","@id":"https:\/\/www.miamibeachfl.gov\/staff\/commissioner-joseph-magazine\/","url":"https:\/\/www.miamibeachfl.gov\/staff\/commissioner-joseph-magazine\/","name":"Joseph Magazine Group 6 - Ville de Miami Beach","isPartOf":{"@id":"https:\/\/www.miamibeachfl.gov\/#website"},"primaryImageOfPage":{"@id":"https:\/\/www.miamibeachfl.gov\/staff\/commissioner-joseph-magazine\/#primaryimage"},"image":{"@id":"https:\/\/www.miamibeachfl.gov\/staff\/commissioner-joseph-magazine\/#primaryimage"},"thumbnailUrl":"https:\/\/www.miamibeachfl.gov\/wp-content\/uploads\/2023\/07\/JoeMagazine.png","datePublished":"2023-07-19T14:50:37+00:00","dateModified":"2025-07-07T17:51:19+00:00","description":"Joe r\u00e9side dans le quartier de West Avenue avec trois g\u00e9n\u00e9rations de sa famille, dont ses deux parents, Donna et Joe Sr, et sa fille Capri, \u00e2g\u00e9e de six ans. Capri fr\u00e9quente l&#039;\u00e9cole primaire South Pointe, o\u00f9 Joe est vice-pr\u00e9sident de l&#039;association des parents d&#039;\u00e9l\u00e8ves. Joe a \u00e9galement si\u00e9g\u00e9 avec fiert\u00e9 au conseil d&#039;urbanisme avant d&#039;\u00eatre \u00e9lu \u00e0 la commission municipale. En 2012, l&#039;ancien repr\u00e9sentant de l&#039;\u00c9tat David Richardson est entr\u00e9 dans l&#039;histoire de la Floride en devenant la premi\u00e8re personne ouvertement homosexuelle \u00e0 remporter un si\u00e8ge \u00e0 l&#039;Assembl\u00e9e l\u00e9gislative de Floride. Bien qu&#039;il s&#039;agisse de sa toute premi\u00e8re campagne, Richardson a men\u00e9 une v\u00e9ritable campagne populaire qui a rassembl\u00e9 les citoyens.","breadcrumb":{"@id":"https:\/\/www.miamibeachfl.gov\/staff\/commissioner-joseph-magazine\/#breadcrumb"},"inLanguage":"fr-FR","potentialAction":[{"@type":"ReadAction","target":["https:\/\/www.miamibeachfl.gov\/staff\/commissioner-joseph-magazine\/"]}]},{"@type":"ImageObject","inLanguage":"fr-FR","@id":"https:\/\/www.miamibeachfl.gov\/staff\/commissioner-joseph-magazine\/#primaryimage","url":"https:\/\/www.miamibeachfl.gov\/wp-content\/uploads\/2023\/07\/JoeMagazine.png","contentUrl":"https:\/\/www.miamibeachfl.gov\/wp-content\/uploads\/2023\/07\/JoeMagazine.png","width":250,"height":250,"caption":"Comissioner Joe Magazine"},{"@type":"BreadcrumbList","@id":"https:\/\/www.miamibeachfl.gov\/staff\/commissioner-joseph-magazine\/#breadcrumb","itemListElement":[{"@type":"ListItem","position":1,"name":"Home","item":"https:\/\/www.miamibeachfl.gov\/"},{"@type":"ListItem","position":2,"name":"Staff","item":"https:\/\/www.miamibeachfl.gov\/staff\/"},{"@type":"ListItem","position":3,"name":"Joseph Magazine Group 6"}]},{"@type":"WebSite","@id":"https:\/\/www.miamibeachfl.gov\/#website","url":"https:\/\/www.miamibeachfl.gov\/","name":"Ville de Miami Beach","description":"Site officiel de la ville de Miami Beach. Restez inform\u00e9 et trouvez des informations importantes sur les services municipaux, les actualit\u00e9s, les alertes, les \u00e9v\u00e9nements, les itin\u00e9raires de tramway, les emplois gouvernementaux et bien plus encore.","publisher":{"@id":"https:\/\/www.miamibeachfl.gov\/#organization"},"potentialAction":[{"@type":"SearchAction","target":{"@type":"EntryPoint","urlTemplate":"https:\/\/www.miamibeachfl.gov\/?s={search_term_string}"},"query-input":{"@type":"PropertyValueSpecification","valueRequired":true,"valueName":"search_term_string"}}],"inLanguage":"fr-FR"},{"@type":"Organization","@id":"https:\/\/www.miamibeachfl.gov\/#organization","name":"Ville de Miami Beach","url":"https:\/\/www.miamibeachfl.gov\/","logo":{"@type":"ImageObject","inLanguage":"fr-FR","@id":"https:\/\/www.miamibeachfl.gov\/#\/schema\/logo\/image\/","url":"https:\/\/www.miamibeachfl.gov\/wp-content\/uploads\/2022\/06\/miamibeach-logoblue.png","contentUrl":"https:\/\/www.miamibeachfl.gov\/wp-content\/uploads\/2022\/06\/miamibeach-logoblue.png","width":1962,"height":381,"caption":"City of Miami Beach"},"image":{"@id":"https:\/\/www.miamibeachfl.gov\/#\/schema\/logo\/image\/"},"sameAs":["https:\/\/www.facebook.com\/cityofmiamibeach","https:\/\/x.com\/Miamibeachnews","https:\/\/www.instagram.com\/miamibeachnews\/"],"description":"Site officiel de la ville de Miami Beach. Restez inform\u00e9 et trouvez des informations importantes sur les services municipaux, les actualit\u00e9s, les alertes, les \u00e9v\u00e9nements, les itin\u00e9raires de tramway, les emplois gouvernementaux et bien plus encore.","telephone":"305.604.CITY(2489)","legalName":"City of Miami Beach"}]}},"_links":{"self":[{"href":"https:\/\/www.miamibeachfl.gov\/fr\/wp-json\/wp\/v2\/pages\/265371","targetHints":{"allow":["GET"]}}],"collection":[{"href":"https:\/\/www.miamibeachfl.gov\/fr\/wp-json\/wp\/v2\/pages"}],"about":[{"href":"https:\/\/www.miamibeachfl.gov\/fr\/wp-json\/wp\/v2\/types\/page"}],"author":[{"embeddable":true,"href":"https:\/\/www.miamibeachfl.gov\/fr\/wp-json\/wp\/v2\/users\/222"}],"replies":[{"embeddable":true,"href":"https:\/\/www.miamibeachfl.gov\/fr\/wp-json\/wp\/v2\/comments?post=265371"}],"version-history":[{"count":1,"href":"https:\/\/www.miamibeachfl.gov\/fr\/wp-json\/wp\/v2\/pages\/265371\/revisions"}],"predecessor-version":[{"id":386039,"href":"https:\/\/www.miamibeachfl.gov\/fr\/wp-json\/wp\/v2\/pages\/265371\/revisions\/386039"}],"up":[{"embeddable":true,"href":"https:\/\/www.miamibeachfl.gov\/fr\/wp-json\/wp\/v2\/pages\/261112"}],"wp:featuredmedia":[{"embeddable":true,"href":"https:\/\/www.miamibeachfl.gov\/fr\/wp-json\/wp\/v2\/media\/281059"}],"wp:attachment":[{"href":"https:\/\/www.miamibeachfl.gov\/fr\/wp-json\/wp\/v2\/media?parent=265371"}],"wp:term":[{"taxonomy":"category","embeddable":true,"href":"https:\/\/www.miamibeachfl.gov\/fr\/wp-json\/wp\/v2\/categories?post=265371"},{"taxonomy":"post_tag","embeddable":true,"href":"https:\/\/www.miamibeachfl.gov\/fr\/wp-json\/wp\/v2\/tags?post=265371"}],"curies":[{"name":"wp","href":"https:\/\/api.w.org\/{rel}","templated":true}]}}