{"id":265422,"date":"2023-07-19T11:56:55","date_gmt":"2023-07-19T15:56:55","guid":{"rendered":"https:\/\/www.miamibeachfl.gov\/?page_id=265422"},"modified":"2025-06-07T16:29:08","modified_gmt":"2025-06-07T20:29:08","slug":"mayor-steven-meiner","status":"publish","type":"page","link":"https:\/\/www.miamibeachfl.gov\/fr\/egovapp\/mayor-and-commissioners\/mayor-steven-meiner\/","title":{"rendered":"Le maire Steven Meiner"},"content":{"rendered":"<p><a role=\"button\" href=\"https:\/\/www.miamibeachfl.gov\/fr\/egovapp\/mayor-and-commissioners\/\" target=\"_self\" rel=\"noopener\"> Retour au maire et \u00e0 la commission <\/a> <img decoding=\"async\" title=\"Maire Dan Gelber\" src=\"https:\/\/www.miamibeachfl.gov\/wp-content\/uploads\/bb-plugin\/cache\/MayorDanGelber-circle.png\" alt=\"Mayor Dan Gelber\" \/><\/p>\r\n<h1>Le maire Dan Gelber<\/h1>\r\n<ul>\r\n<li>\r\n<h3>DanGelber@miamibeachfl.gov<\/h3>\r\n<\/li>\r\n<li>\r\n<h3>305.673.7035<\/h3>\r\n<\/li>\r\n<li>\r\n<h3>1700 Convention Center Drive, Miami Beach, FL 33139<\/h3>\r\n<\/li>\r\n<li>\r\n<h3>Lundi \u2013 vendredi | 9h \u2013 17h<\/h3>\r\n<\/li>\r\n<\/ul>\r\n<ul>\r\n<li>\r\n<h3>Assistant du maire :<\/h3>\r\n<p><strong>Danielle Mejia<\/strong><br \/>chef d&#039;\u00e9tat-major adjoint<\/p>\r\n<\/li>\r\n<li>\r\n<h3>daniellemejia@miamibeachfl.gov<\/h3>\r\n<\/li>\r\n<li>\r\n<h3>305.673.7035 poste 26292<\/h3>\r\n<\/li>\r\n<\/ul>\r\n<h2>Premi\u00e8re \u00e9lection : 2017<\/h2>\r\n<p>Dan Gelber est le 38e maire de Miami Beach. Boursier Truman am\u00e9ricain \u00e0 l&#039;universit\u00e9 et \u00e0 la facult\u00e9 de droit, Dan a \u00e9t\u00e9 procureur f\u00e9d\u00e9ral d\u00e9cor\u00e9 en Floride du Sud. Il a ensuite \u00e9t\u00e9 nomm\u00e9 par l&#039;ancien s\u00e9nateur Sam Nunn \u00e0 la t\u00eate de la prestigieuse Sous-commission permanente d&#039;enqu\u00eate du S\u00e9nat am\u00e9ricain, o\u00f9 il a men\u00e9 des enqu\u00eates sur la fraude, le gaspillage et les abus au sein du gouvernement, ainsi que sur la lutte contre le terrorisme. De retour en Floride du Sud, il a si\u00e9g\u00e9 pendant dix ans \u00e0 la Chambre des repr\u00e9sentants et au S\u00e9nat, o\u00f9 il a \u00e9t\u00e9 \u00e9lu \u00e0 l&#039;unanimit\u00e9 chef du Parti d\u00e9mocrate. Dan exerce le droit au sein du cabinet Gelber Schachter Greenberg LLP et est cot\u00e9 en bourse.\u00a0<em>Meilleurs avocats d&#039;Am\u00e9rique<\/em>\u00a0et est le seul avocat de Floride \u00e0 avoir obtenu le classement \u00ab Eminent Practitioner \u00bb dans son domaine de pratique en\u00a0<em>Chambres \u00c9tats-Unis<\/em>.<\/p>\r\n<p>Dan est mari\u00e9 \u00e0 Joan Silverstein, procureure f\u00e9d\u00e9rale de carri\u00e8re, et ils ont trois enfants adultes et deux chiens presque dress\u00e9s. Dan participe activement au programme Grands Fr\u00e8res, o\u00f9 il a \u00e9t\u00e9 jumel\u00e9 \u00e0\u00a0<a href=\"https:\/\/now.tufts.edu\/2015\/12\/17\/story-big-brother\">le m\u00eame petit fr\u00e8re depuis des d\u00e9cennies<\/a>Le p\u00e8re de Dan, Seymour, \u00e9tait le 33e maire de notre ville ; sa m\u00e8re, Edith, une institutrice locale bien-aim\u00e9e.<\/p>","protected":false},"excerpt":{"rendered":"<p>Back to Mayor and Commission Mayor Dan Gelber DanGelber@miamibeachfl.gov 305.673.7035 1700 Convention Center Drive, Miami Beach, FL 33139 Monday &#8211; [&hellip;]<\/p>\n","protected":false},"author":222,"featured_media":265315,"parent":265385,"menu_order":29,"comment_status":"closed","ping_status":"closed","template":"","meta":{"_searchwp_excluded":"1","site-sidebar-layout":"default","site-content-layout":"","ast-site-content-layout":"","site-content-style":"default","site-sidebar-style":"default","ast-global-header-display":"disabled","ast-banner-title-visibility":"","ast-main-header-display":"","ast-hfb-above-header-display":"","ast-hfb-below-header-display":"","ast-hfb-mobile-header-display":"","site-post-title":"","ast-breadcrumbs-content":"","ast-featured-img":"","footer-sml-layout":"disabled","ast-disable-related-posts":"","theme-transparent-header-meta":"","adv-header-id-meta":"","stick-header-meta":"","header-above-stick-meta":"","header-main-stick-meta":"","header-below-stick-meta":"","astra-migrate-meta-layouts":"default","ast-page-background-enabled":"default","ast-page-background-meta":{"desktop":{"background-color":"var(--ast-global-color-5)","background-image":"","background-repeat":"repeat","background-position":"center center","background-size":"auto","background-attachment":"scroll","background-type":"","background-media":"","overlay-type":"","overlay-color":"","overlay-opacity":"","overlay-gradient":""},"tablet":{"background-color":"","background-image":"","background-repeat":"repeat","background-position":"center center","background-size":"auto","background-attachment":"scroll","background-type":"","background-media":"","overlay-type":"","overlay-color":"","overlay-opacity":"","overlay-gradient":""},"mobile":{"background-color":"","background-image":"","background-repeat":"repeat","background-position":"center center","background-size":"auto","background-attachment":"scroll","background-type":"","background-media":"","overlay-type":"","overlay-color":"","overlay-opacity":"","overlay-gradient":""}},"ast-content-background-meta":{"desktop":{"background-color":"var(--ast-global-color-4)","background-image":"","background-repeat":"repeat","background-position":"center center","background-size":"auto","background-attachment":"scroll","background-type":"","background-media":"","overlay-type":"","overlay-color":"","overlay-opacity":"","overlay-gradient":""},"tablet":{"background-color":"var(--ast-global-color-4)","background-image":"","background-repeat":"repeat","background-position":"center center","background-size":"auto","background-attachment":"scroll","background-type":"","background-media":"","overlay-type":"","overlay-color":"","overlay-opacity":"","overlay-gradient":""},"mobile":{"background-color":"var(--ast-global-color-4)","background-image":"","background-repeat":"repeat","background-position":"center center","background-size":"auto","background-attachment":"scroll","background-type":"","background-media":"","overlay-type":"","overlay-color":"","overlay-opacity":"","overlay-gradient":""}},"footnotes":""},"categories":[],"tags":[1002,997],"class_list":["post-265422","page","type-page","status-publish","has-post-thumbnail","hentry","tag-app-egov-page","tag-steven-meiner-egovapp"],"yoast_head":"<!-- This site is optimized with the Yoast SEO Premium plugin v27.4 (Yoast SEO v27.4) - https:\/\/yoast.com\/product\/yoast-seo-premium-wordpress\/ -->\n<title>Mayor Steven Meiner - City of Miami Beach<\/title>\n<meta name=\"description\" content=\"Dan Gelber is the 38th\u00a0Mayor of Miami Beach. A U.S. Truman Scholar in college and law school, Dan served as a decorated federal prosecutor in South Florida. He was subsequently appointed by former Senator Sam Nunn to direct the U.S. Senate&#039;s prestigious Permanent Subcommittee on Investigations where he led investigations into fraud, waste and abuse in government and counterterrorism.\u00a0\" \/>\n<meta name=\"robots\" content=\"index, follow, max-snippet:-1, max-image-preview:large, max-video-preview:-1\" \/>\n<link rel=\"canonical\" href=\"https:\/\/www.miamibeachfl.gov\/fr\/egovapp\/mayor-and-commissioners\/mayor-steven-meiner\/\" \/>\n<meta property=\"og:locale\" content=\"fr_FR\" \/>\n<meta property=\"og:type\" content=\"article\" \/>\n<meta property=\"og:title\" content=\"Mayor Steven Meiner\" \/>\n<meta property=\"og:description\" content=\"Dan Gelber is the 38th\u00a0Mayor of Miami Beach. A U.S. Truman Scholar in college and law school, Dan served as a decorated federal prosecutor in South Florida. He was subsequently appointed by former Senator Sam Nunn to direct the U.S. Senate&#039;s prestigious Permanent Subcommittee on Investigations where he led investigations into fraud, waste and abuse in government and counterterrorism.\u00a0\" \/>\n<meta property=\"og:url\" content=\"https:\/\/www.miamibeachfl.gov\/fr\/egovapp\/mayor-and-commissioners\/mayor-steven-meiner\/\" \/>\n<meta property=\"og:site_name\" content=\"City of Miami Beach\" \/>\n<meta property=\"article:publisher\" content=\"https:\/\/www.facebook.com\/cityofmiamibeach\" \/>\n<meta property=\"article:modified_time\" content=\"2025-06-07T20:29:08+00:00\" \/>\n<meta property=\"og:image\" content=\"https:\/\/www.miamibeachfl.gov\/wp-content\/uploads\/2023\/07\/MayorDanGelber.png\" \/>\n\t<meta property=\"og:image:width\" content=\"249\" \/>\n\t<meta property=\"og:image:height\" content=\"250\" \/>\n\t<meta property=\"og:image:type\" content=\"image\/png\" \/>\n<meta name=\"twitter:card\" content=\"summary_large_image\" \/>\n<meta name=\"twitter:site\" content=\"@Miamibeachnews\" \/>\n<script type=\"application\/ld+json\" class=\"yoast-schema-graph\">{\"@context\":\"https:\\\/\\\/schema.org\",\"@graph\":[{\"@type\":\"WebPage\",\"@id\":\"https:\\\/\\\/www.miamibeachfl.gov\\\/egovapp\\\/mayor-and-commissioners\\\/mayor-steven-meiner\\\/\",\"url\":\"https:\\\/\\\/www.miamibeachfl.gov\\\/egovapp\\\/mayor-and-commissioners\\\/mayor-steven-meiner\\\/\",\"name\":\"Mayor Steven Meiner - City of Miami Beach\",\"isPartOf\":{\"@id\":\"https:\\\/\\\/www.miamibeachfl.gov\\\/#website\"},\"primaryImageOfPage\":{\"@id\":\"https:\\\/\\\/www.miamibeachfl.gov\\\/egovapp\\\/mayor-and-commissioners\\\/mayor-steven-meiner\\\/#primaryimage\"},\"image\":{\"@id\":\"https:\\\/\\\/www.miamibeachfl.gov\\\/egovapp\\\/mayor-and-commissioners\\\/mayor-steven-meiner\\\/#primaryimage\"},\"thumbnailUrl\":\"https:\\\/\\\/www.miamibeachfl.gov\\\/wp-content\\\/uploads\\\/2023\\\/07\\\/MayorDanGelber.png\",\"datePublished\":\"2023-07-19T15:56:55+00:00\",\"dateModified\":\"2025-06-07T20:29:08+00:00\",\"description\":\"Dan Gelber is the 38th\u00a0Mayor of Miami Beach. A U.S. Truman Scholar in college and law school, Dan served as a decorated federal prosecutor in South Florida. He was subsequently appointed by former Senator Sam Nunn to direct the U.S. Senate's prestigious Permanent Subcommittee on Investigations where he led investigations into fraud, waste and abuse in government and counterterrorism.\u00a0\",\"breadcrumb\":{\"@id\":\"https:\\\/\\\/www.miamibeachfl.gov\\\/egovapp\\\/mayor-and-commissioners\\\/mayor-steven-meiner\\\/#breadcrumb\"},\"inLanguage\":\"fr-FR\",\"potentialAction\":[{\"@type\":\"ReadAction\",\"target\":[\"https:\\\/\\\/www.miamibeachfl.gov\\\/egovapp\\\/mayor-and-commissioners\\\/mayor-steven-meiner\\\/\"]}]},{\"@type\":\"ImageObject\",\"inLanguage\":\"fr-FR\",\"@id\":\"https:\\\/\\\/www.miamibeachfl.gov\\\/egovapp\\\/mayor-and-commissioners\\\/mayor-steven-meiner\\\/#primaryimage\",\"url\":\"https:\\\/\\\/www.miamibeachfl.gov\\\/wp-content\\\/uploads\\\/2023\\\/07\\\/MayorDanGelber.png\",\"contentUrl\":\"https:\\\/\\\/www.miamibeachfl.gov\\\/wp-content\\\/uploads\\\/2023\\\/07\\\/MayorDanGelber.png\",\"width\":249,\"height\":250,\"caption\":\"Mayor Dan Gelber\"},{\"@type\":\"BreadcrumbList\",\"@id\":\"https:\\\/\\\/www.miamibeachfl.gov\\\/egovapp\\\/mayor-and-commissioners\\\/mayor-steven-meiner\\\/#breadcrumb\",\"itemListElement\":[{\"@type\":\"ListItem\",\"position\":1,\"name\":\"Home\",\"item\":\"https:\\\/\\\/www.miamibeachfl.gov\\\/\"},{\"@type\":\"ListItem\",\"position\":2,\"name\":\"MobileAppPages\",\"item\":\"https:\\\/\\\/www.miamibeachfl.gov\\\/egovapp\\\/\"},{\"@type\":\"ListItem\",\"position\":3,\"name\":\"Mayor and Commissioners\",\"item\":\"https:\\\/\\\/www.miamibeachfl.gov\\\/egovapp\\\/mayor-and-commissioners\\\/\"},{\"@type\":\"ListItem\",\"position\":4,\"name\":\"Mayor Steven Meiner\"}]},{\"@type\":\"WebSite\",\"@id\":\"https:\\\/\\\/www.miamibeachfl.gov\\\/#website\",\"url\":\"https:\\\/\\\/www.miamibeachfl.gov\\\/\",\"name\":\"City of Miami Beach\",\"description\":\"The official website of the City of Miami Beach. Stay informed, find important information on city services, news, alerts, events, trolley routes, government employment and more.\",\"publisher\":{\"@id\":\"https:\\\/\\\/www.miamibeachfl.gov\\\/#organization\"},\"potentialAction\":[{\"@type\":\"SearchAction\",\"target\":{\"@type\":\"EntryPoint\",\"urlTemplate\":\"https:\\\/\\\/www.miamibeachfl.gov\\\/?s={search_term_string}\"},\"query-input\":{\"@type\":\"PropertyValueSpecification\",\"valueRequired\":true,\"valueName\":\"search_term_string\"}}],\"inLanguage\":\"fr-FR\"},{\"@type\":\"Organization\",\"@id\":\"https:\\\/\\\/www.miamibeachfl.gov\\\/#organization\",\"name\":\"City of Miami Beach\",\"url\":\"https:\\\/\\\/www.miamibeachfl.gov\\\/\",\"logo\":{\"@type\":\"ImageObject\",\"inLanguage\":\"fr-FR\",\"@id\":\"https:\\\/\\\/www.miamibeachfl.gov\\\/#\\\/schema\\\/logo\\\/image\\\/\",\"url\":\"https:\\\/\\\/www.miamibeachfl.gov\\\/wp-content\\\/uploads\\\/2022\\\/06\\\/miamibeach-logoblue.png\",\"contentUrl\":\"https:\\\/\\\/www.miamibeachfl.gov\\\/wp-content\\\/uploads\\\/2022\\\/06\\\/miamibeach-logoblue.png\",\"width\":1962,\"height\":381,\"caption\":\"City of Miami Beach\"},\"image\":{\"@id\":\"https:\\\/\\\/www.miamibeachfl.gov\\\/#\\\/schema\\\/logo\\\/image\\\/\"},\"sameAs\":[\"https:\\\/\\\/www.facebook.com\\\/cityofmiamibeach\",\"https:\\\/\\\/x.com\\\/Miamibeachnews\",\"https:\\\/\\\/www.instagram.com\\\/miamibeachnews\\\/\"],\"description\":\"The official website of the City of Miami Beach. Stay informed, find important information on city services, news, alerts, events, trolley routes, government employment and more.\",\"telephone\":\"305.604.CITY(2489)\",\"legalName\":\"City of Miami Beach\"}]}<\/script>\n<!-- \/ Yoast SEO Premium plugin. -->","yoast_head_json":{"title":"Maire Steven Meiner - Ville de Miami Beach","description":"Dan Gelber est le 38e maire de Miami Beach. Ancien boursier Truman des \u00c9tats-Unis durant ses \u00e9tudes universitaires et de droit, il a \u00e9t\u00e9 procureur f\u00e9d\u00e9ral d\u00e9cor\u00e9 dans le sud de la Floride. Il a ensuite \u00e9t\u00e9 nomm\u00e9 par l&#039;ancien s\u00e9nateur Sam Nunn \u00e0 la t\u00eate de la prestigieuse Sous-commission permanente d&#039;enqu\u00eate du S\u00e9nat am\u00e9ricain, o\u00f9 il a dirig\u00e9 des enqu\u00eates sur la fraude, le gaspillage et les abus au sein du gouvernement, ainsi que sur le terrorisme.\u00a0","robots":{"index":"index","follow":"follow","max-snippet":"max-snippet:-1","max-image-preview":"max-image-preview:large","max-video-preview":"max-video-preview:-1"},"canonical":"https:\/\/www.miamibeachfl.gov\/fr\/egovapp\/mayor-and-commissioners\/mayor-steven-meiner\/","og_locale":"fr_FR","og_type":"article","og_title":"Mayor Steven Meiner","og_description":"Dan Gelber is the 38th\u00a0Mayor of Miami Beach. A U.S. Truman Scholar in college and law school, Dan served as a decorated federal prosecutor in South Florida. He was subsequently appointed by former Senator Sam Nunn to direct the U.S. Senate's prestigious Permanent Subcommittee on Investigations where he led investigations into fraud, waste and abuse in government and counterterrorism.\u00a0","og_url":"https:\/\/www.miamibeachfl.gov\/fr\/egovapp\/mayor-and-commissioners\/mayor-steven-meiner\/","og_site_name":"City of Miami Beach","article_publisher":"https:\/\/www.facebook.com\/cityofmiamibeach","article_modified_time":"2025-06-07T20:29:08+00:00","og_image":[{"width":249,"height":250,"url":"https:\/\/www.miamibeachfl.gov\/wp-content\/uploads\/2023\/07\/MayorDanGelber.png","type":"image\/png"}],"twitter_card":"summary_large_image","twitter_site":"@Miamibeachnews","schema":{"@context":"https:\/\/schema.org","@graph":[{"@type":"WebPage","@id":"https:\/\/www.miamibeachfl.gov\/egovapp\/mayor-and-commissioners\/mayor-steven-meiner\/","url":"https:\/\/www.miamibeachfl.gov\/egovapp\/mayor-and-commissioners\/mayor-steven-meiner\/","name":"Maire Steven Meiner - Ville de Miami Beach","isPartOf":{"@id":"https:\/\/www.miamibeachfl.gov\/#website"},"primaryImageOfPage":{"@id":"https:\/\/www.miamibeachfl.gov\/egovapp\/mayor-and-commissioners\/mayor-steven-meiner\/#primaryimage"},"image":{"@id":"https:\/\/www.miamibeachfl.gov\/egovapp\/mayor-and-commissioners\/mayor-steven-meiner\/#primaryimage"},"thumbnailUrl":"https:\/\/www.miamibeachfl.gov\/wp-content\/uploads\/2023\/07\/MayorDanGelber.png","datePublished":"2023-07-19T15:56:55+00:00","dateModified":"2025-06-07T20:29:08+00:00","description":"Dan Gelber est le 38e maire de Miami Beach. Ancien boursier Truman des \u00c9tats-Unis durant ses \u00e9tudes universitaires et de droit, il a \u00e9t\u00e9 procureur f\u00e9d\u00e9ral d\u00e9cor\u00e9 dans le sud de la Floride. Il a ensuite \u00e9t\u00e9 nomm\u00e9 par l&#039;ancien s\u00e9nateur Sam Nunn \u00e0 la t\u00eate de la prestigieuse Sous-commission permanente d&#039;enqu\u00eate du S\u00e9nat am\u00e9ricain, o\u00f9 il a dirig\u00e9 des enqu\u00eates sur la fraude, le gaspillage et les abus au sein du gouvernement, ainsi que sur le terrorisme.\u00a0","breadcrumb":{"@id":"https:\/\/www.miamibeachfl.gov\/egovapp\/mayor-and-commissioners\/mayor-steven-meiner\/#breadcrumb"},"inLanguage":"fr-FR","potentialAction":[{"@type":"ReadAction","target":["https:\/\/www.miamibeachfl.gov\/egovapp\/mayor-and-commissioners\/mayor-steven-meiner\/"]}]},{"@type":"ImageObject","inLanguage":"fr-FR","@id":"https:\/\/www.miamibeachfl.gov\/egovapp\/mayor-and-commissioners\/mayor-steven-meiner\/#primaryimage","url":"https:\/\/www.miamibeachfl.gov\/wp-content\/uploads\/2023\/07\/MayorDanGelber.png","contentUrl":"https:\/\/www.miamibeachfl.gov\/wp-content\/uploads\/2023\/07\/MayorDanGelber.png","width":249,"height":250,"caption":"Mayor Dan Gelber"},{"@type":"BreadcrumbList","@id":"https:\/\/www.miamibeachfl.gov\/egovapp\/mayor-and-commissioners\/mayor-steven-meiner\/#breadcrumb","itemListElement":[{"@type":"ListItem","position":1,"name":"Home","item":"https:\/\/www.miamibeachfl.gov\/"},{"@type":"ListItem","position":2,"name":"MobileAppPages","item":"https:\/\/www.miamibeachfl.gov\/egovapp\/"},{"@type":"ListItem","position":3,"name":"Mayor and Commissioners","item":"https:\/\/www.miamibeachfl.gov\/egovapp\/mayor-and-commissioners\/"},{"@type":"ListItem","position":4,"name":"Mayor Steven Meiner"}]},{"@type":"WebSite","@id":"https:\/\/www.miamibeachfl.gov\/#website","url":"https:\/\/www.miamibeachfl.gov\/","name":"Ville de Miami Beach","description":"Site officiel de la ville de Miami Beach. Restez inform\u00e9 et trouvez des informations importantes sur les services municipaux, les actualit\u00e9s, les alertes, les \u00e9v\u00e9nements, les itin\u00e9raires de tramway, les emplois gouvernementaux et bien plus encore.","publisher":{"@id":"https:\/\/www.miamibeachfl.gov\/#organization"},"potentialAction":[{"@type":"SearchAction","target":{"@type":"EntryPoint","urlTemplate":"https:\/\/www.miamibeachfl.gov\/?s={search_term_string}"},"query-input":{"@type":"PropertyValueSpecification","valueRequired":true,"valueName":"search_term_string"}}],"inLanguage":"fr-FR"},{"@type":"Organization","@id":"https:\/\/www.miamibeachfl.gov\/#organization","name":"Ville de Miami Beach","url":"https:\/\/www.miamibeachfl.gov\/","logo":{"@type":"ImageObject","inLanguage":"fr-FR","@id":"https:\/\/www.miamibeachfl.gov\/#\/schema\/logo\/image\/","url":"https:\/\/www.miamibeachfl.gov\/wp-content\/uploads\/2022\/06\/miamibeach-logoblue.png","contentUrl":"https:\/\/www.miamibeachfl.gov\/wp-content\/uploads\/2022\/06\/miamibeach-logoblue.png","width":1962,"height":381,"caption":"City of Miami Beach"},"image":{"@id":"https:\/\/www.miamibeachfl.gov\/#\/schema\/logo\/image\/"},"sameAs":["https:\/\/www.facebook.com\/cityofmiamibeach","https:\/\/x.com\/Miamibeachnews","https:\/\/www.instagram.com\/miamibeachnews\/"],"description":"Site officiel de la ville de Miami Beach. Restez inform\u00e9 et trouvez des informations importantes sur les services municipaux, les actualit\u00e9s, les alertes, les \u00e9v\u00e9nements, les itin\u00e9raires de tramway, les emplois gouvernementaux et bien plus encore.","telephone":"305.604.CITY(2489)","legalName":"City of Miami Beach"}]}},"_links":{"self":[{"href":"https:\/\/www.miamibeachfl.gov\/fr\/wp-json\/wp\/v2\/pages\/265422","targetHints":{"allow":["GET"]}}],"collection":[{"href":"https:\/\/www.miamibeachfl.gov\/fr\/wp-json\/wp\/v2\/pages"}],"about":[{"href":"https:\/\/www.miamibeachfl.gov\/fr\/wp-json\/wp\/v2\/types\/page"}],"author":[{"embeddable":true,"href":"https:\/\/www.miamibeachfl.gov\/fr\/wp-json\/wp\/v2\/users\/222"}],"replies":[{"embeddable":true,"href":"https:\/\/www.miamibeachfl.gov\/fr\/wp-json\/wp\/v2\/comments?post=265422"}],"version-history":[{"count":0,"href":"https:\/\/www.miamibeachfl.gov\/fr\/wp-json\/wp\/v2\/pages\/265422\/revisions"}],"up":[{"embeddable":true,"href":"https:\/\/www.miamibeachfl.gov\/fr\/wp-json\/wp\/v2\/pages\/265385"}],"wp:featuredmedia":[{"embeddable":true,"href":"https:\/\/www.miamibeachfl.gov\/fr\/wp-json\/wp\/v2\/media\/265315"}],"wp:attachment":[{"href":"https:\/\/www.miamibeachfl.gov\/fr\/wp-json\/wp\/v2\/media?parent=265422"}],"wp:term":[{"taxonomy":"category","embeddable":true,"href":"https:\/\/www.miamibeachfl.gov\/fr\/wp-json\/wp\/v2\/categories?post=265422"},{"taxonomy":"post_tag","embeddable":true,"href":"https:\/\/www.miamibeachfl.gov\/fr\/wp-json\/wp\/v2\/tags?post=265422"}],"curies":[{"name":"wp","href":"https:\/\/api.w.org\/{rel}","templated":true}]}}