{"id":265453,"date":"2023-07-19T13:29:43","date_gmt":"2023-07-19T17:29:43","guid":{"rendered":"https:\/\/www.miamibeachfl.gov\/?page_id=265453"},"modified":"2025-06-07T16:28:07","modified_gmt":"2025-06-07T20:28:07","slug":"commissioner-joseph-magazine","status":"publish","type":"page","link":"https:\/\/www.miamibeachfl.gov\/fr\/egovapp\/mayor-and-commissioners\/commissioner-joseph-magazine\/","title":{"rendered":"Groupe Joseph Magazine <br><span style=\"font-size:18px\">Groupe 6<\/span>"},"content":{"rendered":"<p><a role=\"button\" href=\"https:\/\/www.miamibeachfl.gov\/fr\/egovapp\/mayor-and-commissioners\/\" target=\"_self\" rel=\"noopener\"> Retour au maire et \u00e0 la commission <\/a> <img decoding=\"async\" title=\"David Richardson\" src=\"https:\/\/www.miamibeachfl.gov\/wp-content\/uploads\/bb-plugin\/cache\/DavidRichardson-circle.png\" alt=\"DavidRichardson\" \/><\/p>\r\n<h1>David Richardson<\/h1>\r\n<h2>Commissaire<\/h2>\r\n<ul>\r\n<li>\r\n<h3>DavidRichardson@miamibeachfl.gov<\/h3>\r\n<\/li>\r\n<li>\r\n<h3>305.673.7102<\/h3>\r\n<\/li>\r\n<\/ul>\r\n<ul>\r\n<li>\r\n<h3>Groupe 6<\/h3>\r\n<p>Dur\u00e9e : 2019 \u2013 2023<br \/>Premi\u00e8re \u00e9lection : 2019<\/p>\r\n<\/li>\r\n<li>\r\n<h3>Assistant de la Commission :<\/h3>\r\n<p>Luis Callejas<\/p>\r\n<\/li>\r\n<li>\r\n<h3>LuisCallejas@miamibeachfl.gov<\/h3>\r\n<\/li>\r\n<li>\r\n<h3>305.673.7000 Poste\u00a0: 26441<\/h3>\r\n<\/li>\r\n<\/ul>\r\n<p>Le 14 ao\u00fbt 2012, l&#039;ancien repr\u00e9sentant de l&#039;\u00c9tat, David Richardson, est entr\u00e9 dans l&#039;histoire de la Floride en devenant le premier \u00e9lu ouvertement homosexuel \u00e0 la l\u00e9gislature de l&#039;\u00c9tat. Pour sa toute premi\u00e8re campagne, Richardson a men\u00e9 une v\u00e9ritable campagne de terrain qui a su rassembler les citoyens.<\/p>\r\n<p>Originaire de Houston, au Texas, Richardson s&#039;est install\u00e9 en Floride il y a plus de 50 ans. Il a fr\u00e9quent\u00e9 le lyc\u00e9e Lyman, puis l&#039;Universit\u00e9 de Floride centrale, o\u00f9 il a obtenu une licence en comptabilit\u00e9 et une autre en biologie. Apr\u00e8s ses \u00e9tudes \u00e0 l&#039;Universit\u00e9 de Floride centrale, il a poursuivi ses \u00e9tudes \u00e0 l&#039;Universit\u00e9 de Tampa, o\u00f9 il a obtenu un master en administration des affaires (MBA).<\/p>\r\n<p>Il a ensuite entam\u00e9 une brillante carri\u00e8re en comptabilit\u00e9 et en audit. Apr\u00e8s avoir travaill\u00e9 comme auditeur pour le d\u00e9partement de la D\u00e9fense des \u00c9tats-Unis, il a rejoint Ernst &amp; Young, un cabinet international d&#039;expertise comptable et de conseil. En 1993, il a cr\u00e9\u00e9 sa propre entreprise sp\u00e9cialis\u00e9e dans l&#039;audit forensique des march\u00e9s publics. Expert-comptable agr\u00e9\u00e9 dans l&#039;\u00c9tat de Floride depuis 34 ans, M. Richardson met depuis 2012 son exp\u00e9rience de plus de trois d\u00e9cennies au service de la communaut\u00e9 qu&#039;il repr\u00e9sente.<\/p>\r\n<p>Durant son mandat \u00e0 l&#039;Assembl\u00e9e l\u00e9gislative de l&#039;\u00c9tat, Richardson s&#039;est fait le porte-parole de la communaut\u00e9 LGBT, \u0153uvrant sans rel\u00e2che pour mettre fin \u00e0 la discrimination et promouvoir les droits et l&#039;\u00e9galit\u00e9 des personnes LGBT. Il est \u00e9galement reconnu pour son engagement ind\u00e9fectible en faveur de la responsabilit\u00e9 et de la transparence gouvernementales, ainsi que pour son action consid\u00e9rable en faveur de la r\u00e9forme p\u00e9nitentiaire.<\/p>\r\n<p>Aujourd&#039;hui, David est fier d&#039;avoir \u00e9t\u00e9 \u00e9lu \u00e0 la Commission municipale de Miami Beach, o\u00f9 il poursuivra son engagement au service public et continuera de mettre \u00e0 profit ses plus de trente ans d&#039;exp\u00e9rience en audit forensique au service des r\u00e9sidents de Miami Beach.<\/p>","protected":false},"excerpt":{"rendered":"<p>Retour \u00e0 la page du maire et de la commission\u00a0: David Richardson, commissaire, DavidRichardson@miamibeachfl.gov, 305.673.7102, Groupe 6, Mandat\u00a0: 2019-2023, Premi\u00e8re \u00e9lection\u00a0: 2019, Assistant de la commission\u00a0: [\u2026]<\/p>","protected":false},"author":222,"featured_media":281059,"parent":265385,"menu_order":13,"comment_status":"closed","ping_status":"closed","template":"","meta":{"_searchwp_excluded":"1","site-sidebar-layout":"default","site-content-layout":"","ast-site-content-layout":"","site-content-style":"default","site-sidebar-style":"default","ast-global-header-display":"disabled","ast-banner-title-visibility":"","ast-main-header-display":"","ast-hfb-above-header-display":"","ast-hfb-below-header-display":"","ast-hfb-mobile-header-display":"","site-post-title":"","ast-breadcrumbs-content":"","ast-featured-img":"","footer-sml-layout":"disabled","theme-transparent-header-meta":"","adv-header-id-meta":"","stick-header-meta":"","header-above-stick-meta":"","header-main-stick-meta":"","header-below-stick-meta":"","astra-migrate-meta-layouts":"default","ast-page-background-enabled":"default","ast-page-background-meta":{"desktop":{"background-color":"var(--ast-global-color-5)","background-image":"","background-repeat":"repeat","background-position":"center center","background-size":"auto","background-attachment":"scroll","background-type":"","background-media":"","overlay-type":"","overlay-color":"","overlay-opacity":"","overlay-gradient":""},"tablet":{"background-color":"","background-image":"","background-repeat":"repeat","background-position":"center center","background-size":"auto","background-attachment":"scroll","background-type":"","background-media":"","overlay-type":"","overlay-color":"","overlay-opacity":"","overlay-gradient":""},"mobile":{"background-color":"","background-image":"","background-repeat":"repeat","background-position":"center center","background-size":"auto","background-attachment":"scroll","background-type":"","background-media":"","overlay-type":"","overlay-color":"","overlay-opacity":"","overlay-gradient":""}},"ast-content-background-meta":{"desktop":{"background-color":"var(--ast-global-color-4)","background-image":"","background-repeat":"repeat","background-position":"center center","background-size":"auto","background-attachment":"scroll","background-type":"","background-media":"","overlay-type":"","overlay-color":"","overlay-opacity":"","overlay-gradient":""},"tablet":{"background-color":"var(--ast-global-color-4)","background-image":"","background-repeat":"repeat","background-position":"center center","background-size":"auto","background-attachment":"scroll","background-type":"","background-media":"","overlay-type":"","overlay-color":"","overlay-opacity":"","overlay-gradient":""},"mobile":{"background-color":"var(--ast-global-color-4)","background-image":"","background-repeat":"repeat","background-position":"center center","background-size":"auto","background-attachment":"scroll","background-type":"","background-media":"","overlay-type":"","overlay-color":"","overlay-opacity":"","overlay-gradient":""}},"footnotes":""},"categories":[],"tags":[1002,994,1130],"class_list":["post-265453","page","type-page","status-publish","has-post-thumbnail","hentry","tag-app-egov-page","tag-egovapp-commissioners","tag-joseph-magazine-egovapp"],"yoast_head":"<!-- This site is optimized with the Yoast SEO Premium plugin v26.6 (Yoast SEO v26.6) - https:\/\/yoast.com\/wordpress\/plugins\/seo\/ -->\n<title>Joseph Magazine Group Group 6 - City of Miami Beach<\/title>\n<meta name=\"description\" content=\"On August 14, 2012, former State Representative David Richardson made history in Florida when he became the first openly gay person to win a seat in the Florida Legislature. While it was his first campaign ever, Richardson mounted a true grassroots campaign that brought people together.\" \/>\n<meta name=\"robots\" content=\"index, follow, max-snippet:-1, max-image-preview:large, max-video-preview:-1\" \/>\n<link rel=\"canonical\" href=\"https:\/\/www.miamibeachfl.gov\/fr\/egovapp\/mayor-and-commissioners\/commissioner-joseph-magazine\/\" \/>\n<meta property=\"og:locale\" content=\"fr_FR\" \/>\n<meta property=\"og:type\" content=\"article\" \/>\n<meta property=\"og:title\" content=\"Joseph Magazine Group Group 6\" \/>\n<meta property=\"og:description\" content=\"On August 14, 2012, former State Representative David Richardson made history in Florida when he became the first openly gay person to win a seat in the Florida Legislature. While it was his first campaign ever, Richardson mounted a true grassroots campaign that brought people together.\" \/>\n<meta property=\"og:url\" content=\"https:\/\/www.miamibeachfl.gov\/fr\/egovapp\/mayor-and-commissioners\/commissioner-joseph-magazine\/\" \/>\n<meta property=\"og:site_name\" content=\"City of Miami Beach\" \/>\n<meta property=\"article:publisher\" content=\"https:\/\/www.facebook.com\/cityofmiamibeach\" \/>\n<meta property=\"article:modified_time\" content=\"2025-06-07T20:28:07+00:00\" \/>\n<meta property=\"og:image\" content=\"https:\/\/www.miamibeachfl.gov\/wp-content\/uploads\/2023\/07\/DavidRichardson.png\" \/>\n\t<meta property=\"og:image:width\" content=\"249\" \/>\n\t<meta property=\"og:image:height\" content=\"250\" \/>\n\t<meta property=\"og:image:type\" content=\"image\/png\" \/>\n<meta name=\"twitter:card\" content=\"summary_large_image\" \/>\n<meta name=\"twitter:site\" content=\"@Miamibeachnews\" \/>\n<script type=\"application\/ld+json\" class=\"yoast-schema-graph\">{\"@context\":\"https:\/\/schema.org\",\"@graph\":[{\"@type\":\"WebPage\",\"@id\":\"https:\/\/www.miamibeachfl.gov\/egovapp\/mayor-and-commissioners\/commissioner-joseph-magazine\/\",\"url\":\"https:\/\/www.miamibeachfl.gov\/egovapp\/mayor-and-commissioners\/commissioner-joseph-magazine\/\",\"name\":\"Joseph Magazine Group Group 6 - City of Miami Beach\",\"isPartOf\":{\"@id\":\"https:\/\/www.miamibeachfl.gov\/#website\"},\"primaryImageOfPage\":{\"@id\":\"https:\/\/www.miamibeachfl.gov\/egovapp\/mayor-and-commissioners\/commissioner-joseph-magazine\/#primaryimage\"},\"image\":{\"@id\":\"https:\/\/www.miamibeachfl.gov\/egovapp\/mayor-and-commissioners\/commissioner-joseph-magazine\/#primaryimage\"},\"thumbnailUrl\":\"https:\/\/www.miamibeachfl.gov\/wp-content\/uploads\/2023\/07\/JoeMagazine.png\",\"datePublished\":\"2023-07-19T17:29:43+00:00\",\"dateModified\":\"2025-06-07T20:28:07+00:00\",\"description\":\"On August 14, 2012, former State Representative David Richardson made history in Florida when he became the first openly gay person to win a seat in the Florida Legislature. While it was his first campaign ever, Richardson mounted a true grassroots campaign that brought people together.\",\"breadcrumb\":{\"@id\":\"https:\/\/www.miamibeachfl.gov\/egovapp\/mayor-and-commissioners\/commissioner-joseph-magazine\/#breadcrumb\"},\"inLanguage\":\"fr-FR\",\"potentialAction\":[{\"@type\":\"ReadAction\",\"target\":[\"https:\/\/www.miamibeachfl.gov\/egovapp\/mayor-and-commissioners\/commissioner-joseph-magazine\/\"]}]},{\"@type\":\"ImageObject\",\"inLanguage\":\"fr-FR\",\"@id\":\"https:\/\/www.miamibeachfl.gov\/egovapp\/mayor-and-commissioners\/commissioner-joseph-magazine\/#primaryimage\",\"url\":\"https:\/\/www.miamibeachfl.gov\/wp-content\/uploads\/2023\/07\/JoeMagazine.png\",\"contentUrl\":\"https:\/\/www.miamibeachfl.gov\/wp-content\/uploads\/2023\/07\/JoeMagazine.png\",\"width\":250,\"height\":250,\"caption\":\"Comissioner Joe Magazine\"},{\"@type\":\"BreadcrumbList\",\"@id\":\"https:\/\/www.miamibeachfl.gov\/egovapp\/mayor-and-commissioners\/commissioner-joseph-magazine\/#breadcrumb\",\"itemListElement\":[{\"@type\":\"ListItem\",\"position\":1,\"name\":\"Home\",\"item\":\"https:\/\/www.miamibeachfl.gov\/\"},{\"@type\":\"ListItem\",\"position\":2,\"name\":\"MobileAppPages\",\"item\":\"https:\/\/www.miamibeachfl.gov\/egovapp\/\"},{\"@type\":\"ListItem\",\"position\":3,\"name\":\"Mayor and Commissioners\",\"item\":\"https:\/\/www.miamibeachfl.gov\/egovapp\/mayor-and-commissioners\/\"},{\"@type\":\"ListItem\",\"position\":4,\"name\":\"Joseph Magazine Group Group 6\"}]},{\"@type\":\"WebSite\",\"@id\":\"https:\/\/www.miamibeachfl.gov\/#website\",\"url\":\"https:\/\/www.miamibeachfl.gov\/\",\"name\":\"City of Miami Beach\",\"description\":\"The official website of the City of Miami Beach. Stay informed, find important information on city services, news, alerts, events, trolley routes, government employment and more.\",\"publisher\":{\"@id\":\"https:\/\/www.miamibeachfl.gov\/#organization\"},\"potentialAction\":[{\"@type\":\"SearchAction\",\"target\":{\"@type\":\"EntryPoint\",\"urlTemplate\":\"https:\/\/www.miamibeachfl.gov\/?s={search_term_string}\"},\"query-input\":{\"@type\":\"PropertyValueSpecification\",\"valueRequired\":true,\"valueName\":\"search_term_string\"}}],\"inLanguage\":\"fr-FR\"},{\"@type\":\"Organization\",\"@id\":\"https:\/\/www.miamibeachfl.gov\/#organization\",\"name\":\"City of Miami Beach\",\"url\":\"https:\/\/www.miamibeachfl.gov\/\",\"logo\":{\"@type\":\"ImageObject\",\"inLanguage\":\"fr-FR\",\"@id\":\"https:\/\/www.miamibeachfl.gov\/#\/schema\/logo\/image\/\",\"url\":\"https:\/\/www.miamibeachfl.gov\/wp-content\/uploads\/2022\/06\/miamibeach-logoblue.png\",\"contentUrl\":\"https:\/\/www.miamibeachfl.gov\/wp-content\/uploads\/2022\/06\/miamibeach-logoblue.png\",\"width\":1962,\"height\":381,\"caption\":\"City of Miami Beach\"},\"image\":{\"@id\":\"https:\/\/www.miamibeachfl.gov\/#\/schema\/logo\/image\/\"},\"sameAs\":[\"https:\/\/www.facebook.com\/cityofmiamibeach\",\"https:\/\/x.com\/Miamibeachnews\",\"https:\/\/www.instagram.com\/miamibeachnews\/\"],\"description\":\"The official website of the City of Miami Beach. Stay informed, find important information on city services, news, alerts, events, trolley routes, government employment and more.\",\"telephone\":\"305.604.CITY(2489)\",\"legalName\":\"City of Miami Beach\"}]}<\/script>\n<!-- \/ Yoast SEO Premium plugin. -->","yoast_head_json":{"title":"Groupe Joseph Magazine, Groupe 6 - Ville de Miami Beach","description":"Le 14 ao\u00fbt 2012, l&#039;ancien repr\u00e9sentant de l&#039;\u00c9tat, David Richardson, est entr\u00e9 dans l&#039;histoire de la Floride en devenant le premier \u00e9lu ouvertement homosexuel \u00e0 la l\u00e9gislature de l&#039;\u00c9tat. Pour sa toute premi\u00e8re campagne, Richardson a men\u00e9 une v\u00e9ritable campagne de terrain qui a su rassembler les citoyens.","robots":{"index":"index","follow":"follow","max-snippet":"max-snippet:-1","max-image-preview":"max-image-preview:large","max-video-preview":"max-video-preview:-1"},"canonical":"https:\/\/www.miamibeachfl.gov\/fr\/egovapp\/mayor-and-commissioners\/commissioner-joseph-magazine\/","og_locale":"fr_FR","og_type":"article","og_title":"Joseph Magazine Group Group 6","og_description":"On August 14, 2012, former State Representative David Richardson made history in Florida when he became the first openly gay person to win a seat in the Florida Legislature. While it was his first campaign ever, Richardson mounted a true grassroots campaign that brought people together.","og_url":"https:\/\/www.miamibeachfl.gov\/fr\/egovapp\/mayor-and-commissioners\/commissioner-joseph-magazine\/","og_site_name":"City of Miami Beach","article_publisher":"https:\/\/www.facebook.com\/cityofmiamibeach","article_modified_time":"2025-06-07T20:28:07+00:00","og_image":[{"width":249,"height":250,"url":"https:\/\/www.miamibeachfl.gov\/wp-content\/uploads\/2023\/07\/DavidRichardson.png","type":"image\/png"}],"twitter_card":"summary_large_image","twitter_site":"@Miamibeachnews","schema":{"@context":"https:\/\/schema.org","@graph":[{"@type":"WebPage","@id":"https:\/\/www.miamibeachfl.gov\/egovapp\/mayor-and-commissioners\/commissioner-joseph-magazine\/","url":"https:\/\/www.miamibeachfl.gov\/egovapp\/mayor-and-commissioners\/commissioner-joseph-magazine\/","name":"Groupe Joseph Magazine, Groupe 6 - Ville de Miami Beach","isPartOf":{"@id":"https:\/\/www.miamibeachfl.gov\/#website"},"primaryImageOfPage":{"@id":"https:\/\/www.miamibeachfl.gov\/egovapp\/mayor-and-commissioners\/commissioner-joseph-magazine\/#primaryimage"},"image":{"@id":"https:\/\/www.miamibeachfl.gov\/egovapp\/mayor-and-commissioners\/commissioner-joseph-magazine\/#primaryimage"},"thumbnailUrl":"https:\/\/www.miamibeachfl.gov\/wp-content\/uploads\/2023\/07\/JoeMagazine.png","datePublished":"2023-07-19T17:29:43+00:00","dateModified":"2025-06-07T20:28:07+00:00","description":"Le 14 ao\u00fbt 2012, l&#039;ancien repr\u00e9sentant de l&#039;\u00c9tat, David Richardson, est entr\u00e9 dans l&#039;histoire de la Floride en devenant le premier \u00e9lu ouvertement homosexuel \u00e0 la l\u00e9gislature de l&#039;\u00c9tat. Pour sa toute premi\u00e8re campagne, Richardson a men\u00e9 une v\u00e9ritable campagne de terrain qui a su rassembler les citoyens.","breadcrumb":{"@id":"https:\/\/www.miamibeachfl.gov\/egovapp\/mayor-and-commissioners\/commissioner-joseph-magazine\/#breadcrumb"},"inLanguage":"fr-FR","potentialAction":[{"@type":"ReadAction","target":["https:\/\/www.miamibeachfl.gov\/egovapp\/mayor-and-commissioners\/commissioner-joseph-magazine\/"]}]},{"@type":"ImageObject","inLanguage":"fr-FR","@id":"https:\/\/www.miamibeachfl.gov\/egovapp\/mayor-and-commissioners\/commissioner-joseph-magazine\/#primaryimage","url":"https:\/\/www.miamibeachfl.gov\/wp-content\/uploads\/2023\/07\/JoeMagazine.png","contentUrl":"https:\/\/www.miamibeachfl.gov\/wp-content\/uploads\/2023\/07\/JoeMagazine.png","width":250,"height":250,"caption":"Comissioner Joe Magazine"},{"@type":"BreadcrumbList","@id":"https:\/\/www.miamibeachfl.gov\/egovapp\/mayor-and-commissioners\/commissioner-joseph-magazine\/#breadcrumb","itemListElement":[{"@type":"ListItem","position":1,"name":"Home","item":"https:\/\/www.miamibeachfl.gov\/"},{"@type":"ListItem","position":2,"name":"MobileAppPages","item":"https:\/\/www.miamibeachfl.gov\/egovapp\/"},{"@type":"ListItem","position":3,"name":"Mayor and Commissioners","item":"https:\/\/www.miamibeachfl.gov\/egovapp\/mayor-and-commissioners\/"},{"@type":"ListItem","position":4,"name":"Joseph Magazine Group Group 6"}]},{"@type":"WebSite","@id":"https:\/\/www.miamibeachfl.gov\/#website","url":"https:\/\/www.miamibeachfl.gov\/","name":"Ville de Miami Beach","description":"Site officiel de la ville de Miami Beach. Restez inform\u00e9 et trouvez des informations importantes sur les services municipaux, les actualit\u00e9s, les alertes, les \u00e9v\u00e9nements, les itin\u00e9raires de tramway, les emplois gouvernementaux et bien plus encore.","publisher":{"@id":"https:\/\/www.miamibeachfl.gov\/#organization"},"potentialAction":[{"@type":"SearchAction","target":{"@type":"EntryPoint","urlTemplate":"https:\/\/www.miamibeachfl.gov\/?s={search_term_string}"},"query-input":{"@type":"PropertyValueSpecification","valueRequired":true,"valueName":"search_term_string"}}],"inLanguage":"fr-FR"},{"@type":"Organization","@id":"https:\/\/www.miamibeachfl.gov\/#organization","name":"Ville de Miami Beach","url":"https:\/\/www.miamibeachfl.gov\/","logo":{"@type":"ImageObject","inLanguage":"fr-FR","@id":"https:\/\/www.miamibeachfl.gov\/#\/schema\/logo\/image\/","url":"https:\/\/www.miamibeachfl.gov\/wp-content\/uploads\/2022\/06\/miamibeach-logoblue.png","contentUrl":"https:\/\/www.miamibeachfl.gov\/wp-content\/uploads\/2022\/06\/miamibeach-logoblue.png","width":1962,"height":381,"caption":"City of Miami Beach"},"image":{"@id":"https:\/\/www.miamibeachfl.gov\/#\/schema\/logo\/image\/"},"sameAs":["https:\/\/www.facebook.com\/cityofmiamibeach","https:\/\/x.com\/Miamibeachnews","https:\/\/www.instagram.com\/miamibeachnews\/"],"description":"Site officiel de la ville de Miami Beach. Restez inform\u00e9 et trouvez des informations importantes sur les services municipaux, les actualit\u00e9s, les alertes, les \u00e9v\u00e9nements, les itin\u00e9raires de tramway, les emplois gouvernementaux et bien plus encore.","telephone":"305.604.CITY(2489)","legalName":"City of Miami Beach"}]}},"_links":{"self":[{"href":"https:\/\/www.miamibeachfl.gov\/fr\/wp-json\/wp\/v2\/pages\/265453","targetHints":{"allow":["GET"]}}],"collection":[{"href":"https:\/\/www.miamibeachfl.gov\/fr\/wp-json\/wp\/v2\/pages"}],"about":[{"href":"https:\/\/www.miamibeachfl.gov\/fr\/wp-json\/wp\/v2\/types\/page"}],"author":[{"embeddable":true,"href":"https:\/\/www.miamibeachfl.gov\/fr\/wp-json\/wp\/v2\/users\/222"}],"replies":[{"embeddable":true,"href":"https:\/\/www.miamibeachfl.gov\/fr\/wp-json\/wp\/v2\/comments?post=265453"}],"version-history":[{"count":0,"href":"https:\/\/www.miamibeachfl.gov\/fr\/wp-json\/wp\/v2\/pages\/265453\/revisions"}],"up":[{"embeddable":true,"href":"https:\/\/www.miamibeachfl.gov\/fr\/wp-json\/wp\/v2\/pages\/265385"}],"wp:featuredmedia":[{"embeddable":true,"href":"https:\/\/www.miamibeachfl.gov\/fr\/wp-json\/wp\/v2\/media\/281059"}],"wp:attachment":[{"href":"https:\/\/www.miamibeachfl.gov\/fr\/wp-json\/wp\/v2\/media?parent=265453"}],"wp:term":[{"taxonomy":"category","embeddable":true,"href":"https:\/\/www.miamibeachfl.gov\/fr\/wp-json\/wp\/v2\/categories?post=265453"},{"taxonomy":"post_tag","embeddable":true,"href":"https:\/\/www.miamibeachfl.gov\/fr\/wp-json\/wp\/v2\/tags?post=265453"}],"curies":[{"name":"wp","href":"https:\/\/api.w.org\/{rel}","templated":true}]}}