{"id":265458,"date":"2023-07-19T14:14:44","date_gmt":"2023-07-19T18:14:44","guid":{"rendered":"https:\/\/www.miamibeachfl.gov\/?page_id=265458"},"modified":"2025-06-07T16:22:51","modified_gmt":"2025-06-07T20:22:51","slug":"commissioner-laura-dominguez","status":"publish","type":"page","link":"https:\/\/www.miamibeachfl.gov\/fr\/egovapp\/mayor-and-commissioners\/commissioner-laura-dominguez\/","title":{"rendered":"Laura Dominguez <br><span style=\"font-size:18px\">Groupe 2<\/span>"},"content":{"rendered":"<p><a role=\"button\" href=\"https:\/\/www.miamibeachfl.gov\/fr\/egovapp\/mayor-and-commissioners\/\" target=\"_self\" rel=\"noopener\"> Retour au maire et \u00e0 la commission <\/a> <img decoding=\"async\" title=\"Laura-Dominguezbordure jaune\" src=\"https:\/\/www.miamibeachfl.gov\/wp-content\/uploads\/bb-plugin\/cache\/Laura-Dominguezyellowborder-circle.png\" alt=\"Laura-Dominguezyellowborder\" \/><\/p>\r\n<h1>Laura Dominguez<\/h1>\r\n<h2>Commissaire<\/h2>\r\n<ul>\r\n<li>\r\n<h3>LauraDominguez@miamibeachfl.gov<\/h3>\r\n<\/li>\r\n<li>\r\n<h3>305.673.7104<\/h3>\r\n<\/li>\r\n<\/ul>\r\n<ul>\r\n<li>\r\n<h3>Groupe 1<\/h3>\r\n<\/li>\r\n<\/ul>\r\n<p>Laura est n\u00e9e dans le comt\u00e9 de Miami-Dade. Elle a v\u00e9cu certains de ses moments pr\u00e9f\u00e9r\u00e9s \u00e0 Miami Beach et a \u00e9t\u00e9 ravie d&#039;y vivre. Elle a fr\u00e9quent\u00e9 les \u00e9coles locales et est dipl\u00f4m\u00e9e de l&#039;Universit\u00e9 de Miami, du Miami-Dade College et de la Miami Beach Leadership Academy, o\u00f9 elle a mieux compris le fonctionnement de la ville.<\/p>\r\n<p>Laura est une professionnelle du monde des affaires qui a occup\u00e9 des postes strat\u00e9giques, marketing et de d\u00e9veloppement de comptes dans le secteur du tourisme avant de lancer son agence de marketing num\u00e9rique. Pendant pr\u00e8s de dix ans, Laura a \u00e9t\u00e9 la compagne de feu le commissaire Mark Samuelian, et ensemble, ils \u00e9taient des membres actifs et engag\u00e9s de la communaut\u00e9. Laura a travaill\u00e9 aux c\u00f4t\u00e9s du commissaire Samuelian lors de ses trois \u00e9lections et a assist\u00e9 \u00e0 presque toutes les r\u00e9unions des associations de quartier de Miami Beach.<\/p>\r\n<p>Laura a si\u00e9g\u00e9 au conseil d&#039;administration de son association de quartier, la Belle Isle Residents Association (BIRA), et est membre de longue date de Miami Beach United (MBU), de la Miami Design Preservation League (MDPL) et de Global Ties. Elle si\u00e8ge \u00e9galement au conseil d&#039;administration de la section locale du World Affairs Council et est membre du comit\u00e9 directeur d&#039;Equality Florida, la principale organisation LGBTQ de l&#039;\u00c9tat. Laura se soucie profond\u00e9ment de Miami Beach et de la diversit\u00e9 de ses habitants.<\/p>","protected":false},"excerpt":{"rendered":"<p>Retour \u00e0 la page du maire et de la commissaire Laura Dominguez Commissaire LauraDominguez@miamibeachfl.gov 305.673.7104 Groupe 1 Laura est n\u00e9e dans le comt\u00e9 de Miami-Dade et y a pass\u00e9 une partie de son temps [\u2026]<\/p>","protected":false},"author":222,"featured_media":265338,"parent":265385,"menu_order":9,"comment_status":"closed","ping_status":"closed","template":"","meta":{"_searchwp_excluded":"1","site-sidebar-layout":"default","site-content-layout":"","ast-site-content-layout":"","site-content-style":"default","site-sidebar-style":"default","ast-global-header-display":"disabled","ast-banner-title-visibility":"","ast-main-header-display":"","ast-hfb-above-header-display":"","ast-hfb-below-header-display":"","ast-hfb-mobile-header-display":"","site-post-title":"","ast-breadcrumbs-content":"","ast-featured-img":"","footer-sml-layout":"disabled","theme-transparent-header-meta":"","adv-header-id-meta":"","stick-header-meta":"","header-above-stick-meta":"","header-main-stick-meta":"","header-below-stick-meta":"","astra-migrate-meta-layouts":"default","ast-page-background-enabled":"default","ast-page-background-meta":{"desktop":{"background-color":"var(--ast-global-color-5)","background-image":"","background-repeat":"repeat","background-position":"center center","background-size":"auto","background-attachment":"scroll","background-type":"","background-media":"","overlay-type":"","overlay-color":"","overlay-opacity":"","overlay-gradient":""},"tablet":{"background-color":"","background-image":"","background-repeat":"repeat","background-position":"center center","background-size":"auto","background-attachment":"scroll","background-type":"","background-media":"","overlay-type":"","overlay-color":"","overlay-opacity":"","overlay-gradient":""},"mobile":{"background-color":"","background-image":"","background-repeat":"repeat","background-position":"center center","background-size":"auto","background-attachment":"scroll","background-type":"","background-media":"","overlay-type":"","overlay-color":"","overlay-opacity":"","overlay-gradient":""}},"ast-content-background-meta":{"desktop":{"background-color":"var(--ast-global-color-4)","background-image":"","background-repeat":"repeat","background-position":"center center","background-size":"auto","background-attachment":"scroll","background-type":"","background-media":"","overlay-type":"","overlay-color":"","overlay-opacity":"","overlay-gradient":""},"tablet":{"background-color":"var(--ast-global-color-4)","background-image":"","background-repeat":"repeat","background-position":"center center","background-size":"auto","background-attachment":"scroll","background-type":"","background-media":"","overlay-type":"","overlay-color":"","overlay-opacity":"","overlay-gradient":""},"mobile":{"background-color":"var(--ast-global-color-4)","background-image":"","background-repeat":"repeat","background-position":"center center","background-size":"auto","background-attachment":"scroll","background-type":"","background-media":"","overlay-type":"","overlay-color":"","overlay-opacity":"","overlay-gradient":""}},"footnotes":""},"categories":[],"tags":[1002,994,995],"class_list":["post-265458","page","type-page","status-publish","has-post-thumbnail","hentry","tag-app-egov-page","tag-egovapp-commissioners","tag-laura-dominguez-egovapp"],"yoast_head":"<!-- This site is optimized with the Yoast SEO Premium plugin v26.6 (Yoast SEO v26.6) - https:\/\/yoast.com\/wordpress\/plugins\/seo\/ -->\n<title>Laura Dominguez Group 2 - City of Miami Beach<\/title>\n<meta name=\"description\" content=\"Laura was born in Miami-Dade County, spent some of her favorite moments in Miami Beach, and was thrilled to choose to live here. She attended local schools and is a graduate of the University of Miami and Miami-Dade College, as well as the Miami Beach Leadership Academy, where she better understood how the City of Miami Beach works.\" \/>\n<meta name=\"robots\" content=\"index, follow, max-snippet:-1, max-image-preview:large, max-video-preview:-1\" \/>\n<link rel=\"canonical\" href=\"https:\/\/www.miamibeachfl.gov\/fr\/egovapp\/mayor-and-commissioners\/commissioner-laura-dominguez\/\" \/>\n<meta property=\"og:locale\" content=\"fr_FR\" \/>\n<meta property=\"og:type\" content=\"article\" \/>\n<meta property=\"og:title\" content=\"Laura Dominguez Group 2\" \/>\n<meta property=\"og:description\" content=\"Laura was born in Miami-Dade County, spent some of her favorite moments in Miami Beach, and was thrilled to choose to live here. She attended local schools and is a graduate of the University of Miami and Miami-Dade College, as well as the Miami Beach Leadership Academy, where she better understood how the City of Miami Beach works.\" \/>\n<meta property=\"og:url\" content=\"https:\/\/www.miamibeachfl.gov\/fr\/egovapp\/mayor-and-commissioners\/commissioner-laura-dominguez\/\" \/>\n<meta property=\"og:site_name\" content=\"City of Miami Beach\" \/>\n<meta property=\"article:publisher\" content=\"https:\/\/www.facebook.com\/cityofmiamibeach\" \/>\n<meta property=\"article:modified_time\" content=\"2025-06-07T20:22:51+00:00\" \/>\n<meta property=\"og:image\" content=\"https:\/\/www.miamibeachfl.gov\/wp-content\/uploads\/2023\/07\/Laura-Dominguezyellowborder.png\" \/>\n\t<meta property=\"og:image:width\" content=\"249\" \/>\n\t<meta property=\"og:image:height\" content=\"250\" \/>\n\t<meta property=\"og:image:type\" content=\"image\/png\" \/>\n<meta name=\"twitter:card\" content=\"summary_large_image\" \/>\n<meta name=\"twitter:site\" content=\"@Miamibeachnews\" \/>\n<script type=\"application\/ld+json\" class=\"yoast-schema-graph\">{\"@context\":\"https:\/\/schema.org\",\"@graph\":[{\"@type\":\"WebPage\",\"@id\":\"https:\/\/www.miamibeachfl.gov\/egovapp\/mayor-and-commissioners\/commissioner-laura-dominguez\/\",\"url\":\"https:\/\/www.miamibeachfl.gov\/egovapp\/mayor-and-commissioners\/commissioner-laura-dominguez\/\",\"name\":\"Laura Dominguez Group 2 - City of Miami Beach\",\"isPartOf\":{\"@id\":\"https:\/\/www.miamibeachfl.gov\/#website\"},\"primaryImageOfPage\":{\"@id\":\"https:\/\/www.miamibeachfl.gov\/egovapp\/mayor-and-commissioners\/commissioner-laura-dominguez\/#primaryimage\"},\"image\":{\"@id\":\"https:\/\/www.miamibeachfl.gov\/egovapp\/mayor-and-commissioners\/commissioner-laura-dominguez\/#primaryimage\"},\"thumbnailUrl\":\"https:\/\/www.miamibeachfl.gov\/wp-content\/uploads\/2023\/07\/Laura-Dominguezyellowborder.png\",\"datePublished\":\"2023-07-19T18:14:44+00:00\",\"dateModified\":\"2025-06-07T20:22:51+00:00\",\"description\":\"Laura was born in Miami-Dade County, spent some of her favorite moments in Miami Beach, and was thrilled to choose to live here. She attended local schools and is a graduate of the University of Miami and Miami-Dade College, as well as the Miami Beach Leadership Academy, where she better understood how the City of Miami Beach works.\",\"breadcrumb\":{\"@id\":\"https:\/\/www.miamibeachfl.gov\/egovapp\/mayor-and-commissioners\/commissioner-laura-dominguez\/#breadcrumb\"},\"inLanguage\":\"fr-FR\",\"potentialAction\":[{\"@type\":\"ReadAction\",\"target\":[\"https:\/\/www.miamibeachfl.gov\/egovapp\/mayor-and-commissioners\/commissioner-laura-dominguez\/\"]}]},{\"@type\":\"ImageObject\",\"inLanguage\":\"fr-FR\",\"@id\":\"https:\/\/www.miamibeachfl.gov\/egovapp\/mayor-and-commissioners\/commissioner-laura-dominguez\/#primaryimage\",\"url\":\"https:\/\/www.miamibeachfl.gov\/wp-content\/uploads\/2023\/07\/Laura-Dominguezyellowborder.png\",\"contentUrl\":\"https:\/\/www.miamibeachfl.gov\/wp-content\/uploads\/2023\/07\/Laura-Dominguezyellowborder.png\",\"width\":249,\"height\":250,\"caption\":\"commissioner laura dominguez\"},{\"@type\":\"BreadcrumbList\",\"@id\":\"https:\/\/www.miamibeachfl.gov\/egovapp\/mayor-and-commissioners\/commissioner-laura-dominguez\/#breadcrumb\",\"itemListElement\":[{\"@type\":\"ListItem\",\"position\":1,\"name\":\"Home\",\"item\":\"https:\/\/www.miamibeachfl.gov\/\"},{\"@type\":\"ListItem\",\"position\":2,\"name\":\"MobileAppPages\",\"item\":\"https:\/\/www.miamibeachfl.gov\/egovapp\/\"},{\"@type\":\"ListItem\",\"position\":3,\"name\":\"Mayor and Commissioners\",\"item\":\"https:\/\/www.miamibeachfl.gov\/egovapp\/mayor-and-commissioners\/\"},{\"@type\":\"ListItem\",\"position\":4,\"name\":\"Laura Dominguez Group 2\"}]},{\"@type\":\"WebSite\",\"@id\":\"https:\/\/www.miamibeachfl.gov\/#website\",\"url\":\"https:\/\/www.miamibeachfl.gov\/\",\"name\":\"City of Miami Beach\",\"description\":\"The official website of the City of Miami Beach. Stay informed, find important information on city services, news, alerts, events, trolley routes, government employment and more.\",\"publisher\":{\"@id\":\"https:\/\/www.miamibeachfl.gov\/#organization\"},\"potentialAction\":[{\"@type\":\"SearchAction\",\"target\":{\"@type\":\"EntryPoint\",\"urlTemplate\":\"https:\/\/www.miamibeachfl.gov\/?s={search_term_string}\"},\"query-input\":{\"@type\":\"PropertyValueSpecification\",\"valueRequired\":true,\"valueName\":\"search_term_string\"}}],\"inLanguage\":\"fr-FR\"},{\"@type\":\"Organization\",\"@id\":\"https:\/\/www.miamibeachfl.gov\/#organization\",\"name\":\"City of Miami Beach\",\"url\":\"https:\/\/www.miamibeachfl.gov\/\",\"logo\":{\"@type\":\"ImageObject\",\"inLanguage\":\"fr-FR\",\"@id\":\"https:\/\/www.miamibeachfl.gov\/#\/schema\/logo\/image\/\",\"url\":\"https:\/\/www.miamibeachfl.gov\/wp-content\/uploads\/2022\/06\/miamibeach-logoblue.png\",\"contentUrl\":\"https:\/\/www.miamibeachfl.gov\/wp-content\/uploads\/2022\/06\/miamibeach-logoblue.png\",\"width\":1962,\"height\":381,\"caption\":\"City of Miami Beach\"},\"image\":{\"@id\":\"https:\/\/www.miamibeachfl.gov\/#\/schema\/logo\/image\/\"},\"sameAs\":[\"https:\/\/www.facebook.com\/cityofmiamibeach\",\"https:\/\/x.com\/Miamibeachnews\",\"https:\/\/www.instagram.com\/miamibeachnews\/\"],\"description\":\"The official website of the City of Miami Beach. Stay informed, find important information on city services, news, alerts, events, trolley routes, government employment and more.\",\"telephone\":\"305.604.CITY(2489)\",\"legalName\":\"City of Miami Beach\"}]}<\/script>\n<!-- \/ Yoast SEO Premium plugin. -->","yoast_head_json":{"title":"Laura Dominguez Groupe 2 - Ville de Miami Beach","description":"Laura est n\u00e9e dans le comt\u00e9 de Miami-Dade. Elle a v\u00e9cu certains de ses moments pr\u00e9f\u00e9r\u00e9s \u00e0 Miami Beach et a \u00e9t\u00e9 ravie d&#039;y vivre. Elle a fr\u00e9quent\u00e9 les \u00e9coles locales et est dipl\u00f4m\u00e9e de l&#039;Universit\u00e9 de Miami, du Miami-Dade College et de la Miami Beach Leadership Academy, o\u00f9 elle a mieux compris le fonctionnement de la ville.","robots":{"index":"index","follow":"follow","max-snippet":"max-snippet:-1","max-image-preview":"max-image-preview:large","max-video-preview":"max-video-preview:-1"},"canonical":"https:\/\/www.miamibeachfl.gov\/fr\/egovapp\/mayor-and-commissioners\/commissioner-laura-dominguez\/","og_locale":"fr_FR","og_type":"article","og_title":"Laura Dominguez Group 2","og_description":"Laura was born in Miami-Dade County, spent some of her favorite moments in Miami Beach, and was thrilled to choose to live here. She attended local schools and is a graduate of the University of Miami and Miami-Dade College, as well as the Miami Beach Leadership Academy, where she better understood how the City of Miami Beach works.","og_url":"https:\/\/www.miamibeachfl.gov\/fr\/egovapp\/mayor-and-commissioners\/commissioner-laura-dominguez\/","og_site_name":"City of Miami Beach","article_publisher":"https:\/\/www.facebook.com\/cityofmiamibeach","article_modified_time":"2025-06-07T20:22:51+00:00","og_image":[{"width":249,"height":250,"url":"https:\/\/www.miamibeachfl.gov\/wp-content\/uploads\/2023\/07\/Laura-Dominguezyellowborder.png","type":"image\/png"}],"twitter_card":"summary_large_image","twitter_site":"@Miamibeachnews","schema":{"@context":"https:\/\/schema.org","@graph":[{"@type":"WebPage","@id":"https:\/\/www.miamibeachfl.gov\/egovapp\/mayor-and-commissioners\/commissioner-laura-dominguez\/","url":"https:\/\/www.miamibeachfl.gov\/egovapp\/mayor-and-commissioners\/commissioner-laura-dominguez\/","name":"Laura Dominguez Groupe 2 - Ville de Miami Beach","isPartOf":{"@id":"https:\/\/www.miamibeachfl.gov\/#website"},"primaryImageOfPage":{"@id":"https:\/\/www.miamibeachfl.gov\/egovapp\/mayor-and-commissioners\/commissioner-laura-dominguez\/#primaryimage"},"image":{"@id":"https:\/\/www.miamibeachfl.gov\/egovapp\/mayor-and-commissioners\/commissioner-laura-dominguez\/#primaryimage"},"thumbnailUrl":"https:\/\/www.miamibeachfl.gov\/wp-content\/uploads\/2023\/07\/Laura-Dominguezyellowborder.png","datePublished":"2023-07-19T18:14:44+00:00","dateModified":"2025-06-07T20:22:51+00:00","description":"Laura est n\u00e9e dans le comt\u00e9 de Miami-Dade. Elle a v\u00e9cu certains de ses moments pr\u00e9f\u00e9r\u00e9s \u00e0 Miami Beach et a \u00e9t\u00e9 ravie d&#039;y vivre. Elle a fr\u00e9quent\u00e9 les \u00e9coles locales et est dipl\u00f4m\u00e9e de l&#039;Universit\u00e9 de Miami, du Miami-Dade College et de la Miami Beach Leadership Academy, o\u00f9 elle a mieux compris le fonctionnement de la ville.","breadcrumb":{"@id":"https:\/\/www.miamibeachfl.gov\/egovapp\/mayor-and-commissioners\/commissioner-laura-dominguez\/#breadcrumb"},"inLanguage":"fr-FR","potentialAction":[{"@type":"ReadAction","target":["https:\/\/www.miamibeachfl.gov\/egovapp\/mayor-and-commissioners\/commissioner-laura-dominguez\/"]}]},{"@type":"ImageObject","inLanguage":"fr-FR","@id":"https:\/\/www.miamibeachfl.gov\/egovapp\/mayor-and-commissioners\/commissioner-laura-dominguez\/#primaryimage","url":"https:\/\/www.miamibeachfl.gov\/wp-content\/uploads\/2023\/07\/Laura-Dominguezyellowborder.png","contentUrl":"https:\/\/www.miamibeachfl.gov\/wp-content\/uploads\/2023\/07\/Laura-Dominguezyellowborder.png","width":249,"height":250,"caption":"commissioner laura dominguez"},{"@type":"BreadcrumbList","@id":"https:\/\/www.miamibeachfl.gov\/egovapp\/mayor-and-commissioners\/commissioner-laura-dominguez\/#breadcrumb","itemListElement":[{"@type":"ListItem","position":1,"name":"Home","item":"https:\/\/www.miamibeachfl.gov\/"},{"@type":"ListItem","position":2,"name":"MobileAppPages","item":"https:\/\/www.miamibeachfl.gov\/egovapp\/"},{"@type":"ListItem","position":3,"name":"Mayor and Commissioners","item":"https:\/\/www.miamibeachfl.gov\/egovapp\/mayor-and-commissioners\/"},{"@type":"ListItem","position":4,"name":"Laura Dominguez Group 2"}]},{"@type":"WebSite","@id":"https:\/\/www.miamibeachfl.gov\/#website","url":"https:\/\/www.miamibeachfl.gov\/","name":"Ville de Miami Beach","description":"Site officiel de la ville de Miami Beach. Restez inform\u00e9 et trouvez des informations importantes sur les services municipaux, les actualit\u00e9s, les alertes, les \u00e9v\u00e9nements, les itin\u00e9raires de tramway, les emplois gouvernementaux et bien plus encore.","publisher":{"@id":"https:\/\/www.miamibeachfl.gov\/#organization"},"potentialAction":[{"@type":"SearchAction","target":{"@type":"EntryPoint","urlTemplate":"https:\/\/www.miamibeachfl.gov\/?s={search_term_string}"},"query-input":{"@type":"PropertyValueSpecification","valueRequired":true,"valueName":"search_term_string"}}],"inLanguage":"fr-FR"},{"@type":"Organization","@id":"https:\/\/www.miamibeachfl.gov\/#organization","name":"Ville de Miami Beach","url":"https:\/\/www.miamibeachfl.gov\/","logo":{"@type":"ImageObject","inLanguage":"fr-FR","@id":"https:\/\/www.miamibeachfl.gov\/#\/schema\/logo\/image\/","url":"https:\/\/www.miamibeachfl.gov\/wp-content\/uploads\/2022\/06\/miamibeach-logoblue.png","contentUrl":"https:\/\/www.miamibeachfl.gov\/wp-content\/uploads\/2022\/06\/miamibeach-logoblue.png","width":1962,"height":381,"caption":"City of Miami Beach"},"image":{"@id":"https:\/\/www.miamibeachfl.gov\/#\/schema\/logo\/image\/"},"sameAs":["https:\/\/www.facebook.com\/cityofmiamibeach","https:\/\/x.com\/Miamibeachnews","https:\/\/www.instagram.com\/miamibeachnews\/"],"description":"Site officiel de la ville de Miami Beach. Restez inform\u00e9 et trouvez des informations importantes sur les services municipaux, les actualit\u00e9s, les alertes, les \u00e9v\u00e9nements, les itin\u00e9raires de tramway, les emplois gouvernementaux et bien plus encore.","telephone":"305.604.CITY(2489)","legalName":"City of Miami Beach"}]}},"_links":{"self":[{"href":"https:\/\/www.miamibeachfl.gov\/fr\/wp-json\/wp\/v2\/pages\/265458","targetHints":{"allow":["GET"]}}],"collection":[{"href":"https:\/\/www.miamibeachfl.gov\/fr\/wp-json\/wp\/v2\/pages"}],"about":[{"href":"https:\/\/www.miamibeachfl.gov\/fr\/wp-json\/wp\/v2\/types\/page"}],"author":[{"embeddable":true,"href":"https:\/\/www.miamibeachfl.gov\/fr\/wp-json\/wp\/v2\/users\/222"}],"replies":[{"embeddable":true,"href":"https:\/\/www.miamibeachfl.gov\/fr\/wp-json\/wp\/v2\/comments?post=265458"}],"version-history":[{"count":0,"href":"https:\/\/www.miamibeachfl.gov\/fr\/wp-json\/wp\/v2\/pages\/265458\/revisions"}],"up":[{"embeddable":true,"href":"https:\/\/www.miamibeachfl.gov\/fr\/wp-json\/wp\/v2\/pages\/265385"}],"wp:featuredmedia":[{"embeddable":true,"href":"https:\/\/www.miamibeachfl.gov\/fr\/wp-json\/wp\/v2\/media\/265338"}],"wp:attachment":[{"href":"https:\/\/www.miamibeachfl.gov\/fr\/wp-json\/wp\/v2\/media?parent=265458"}],"wp:term":[{"taxonomy":"category","embeddable":true,"href":"https:\/\/www.miamibeachfl.gov\/fr\/wp-json\/wp\/v2\/categories?post=265458"},{"taxonomy":"post_tag","embeddable":true,"href":"https:\/\/www.miamibeachfl.gov\/fr\/wp-json\/wp\/v2\/tags?post=265458"}],"curies":[{"name":"wp","href":"https:\/\/api.w.org\/{rel}","templated":true}]}}