{"id":265605,"date":"2023-07-20T13:24:34","date_gmt":"2023-07-20T17:24:34","guid":{"rendered":"https:\/\/www.miamibeachfl.gov\/?page_id=265605"},"modified":"2025-06-07T15:14:40","modified_gmt":"2025-06-07T19:14:40","slug":"educationdepartment","status":"publish","type":"page","link":"https:\/\/www.miamibeachfl.gov\/fr\/egovapp\/city-hall\/educationdepartment\/","title":{"rendered":"Initiatives en mati\u00e8re d&#039;\u00e9ducation et de performance"},"content":{"rendered":"<a href=\"https:\/\/www.miamibeachfl.gov\/fr\/egovapp\/city-hall\/\" target=\"_self\" role=\"button\" rel=\"noopener\">\n\t\t\t\t\t\tRetour \u00e0 l&#039;annuaire des d\u00e9partements\n\t\t\t\t\t<\/a>\n<h1>\n\t\tInitiatives en mati\u00e8re d&#039;\u00e9ducation et de performance\n\t<\/h1>\n\t<ul>\n\t\t<li><a href=\"tel:3056737710\" target=\"_self\" aria-label=\"Aller au t\u00e9l:3056737710 \" rel=\"noopener\"><\/a>\t\t\t\t\n\t\t<h3>305.673.7710 <\/h3><\/li><li><a href=\"tel:3053232717\" target=\"_self\" aria-label=\"Aller au t\u00e9l:3053232717\" rel=\"noopener\"><\/a>\t\t\t\t\n\t\t<h3>305.323.2717<\/h3><\/li><li>\t\t\t\t\n\t\t<h3>Heures d&#039;ouverture :<\/h3><p>Lundi \u2013 vendredi : 9h \u2013 17h<\/p><\/li><li><a href=\"https:\/\/goo.gl\/maps\/z913RakUwUY1a598A\" target=\"_blank\" rel=\"noopener\" aria-label=\"Acc\u00e9dez \u00e0 https:\/\/goo.gl\/maps\/z913RakUwUY1a598A\"><\/a>\t\t\t\t\n\t\t<h3>Si\u00e8ge social :<\/h3><p>1700 Convention Center Drive<br \/>Miami Beach, FL 33139<\/p><\/li>\t<\/ul>\n\t<p><strong>PROGRAMMES<\/strong><\/p>\n<p><strong><a href=\"https:\/\/www.miamibeachfl.gov\/fr\/city-hall\/office-of-organizational-development\/education\/\">\u00c9DUCATION<\/a><\/strong><\/p>\n<p><a href=\"https:\/\/www.miamibeachfl.gov\/fr\/city-hall\/office-of-organizational-development\/prek\/\">Programme pr\u00e9scolaire<\/a><\/p>\n<p><a href=\"https:\/\/www.miamibeachfl.gov\/fr\/city-hall\/office-of-organizational-development\/resident-resources\/adult-education-ged-esol\/\">\u00c9ducation des adultes : GED\/ESOL<\/a><\/p>\n<p><a href=\"https:\/\/www.miamibeachfl.gov\/fr\/city-hall\/office-of-organizational-development\/resident-resources\/become-a-miami-beach-public-school-volunteer\/\">B\u00e9n\u00e9vole dans les \u00e9coles publiques<\/a><\/p>\n<p><a href=\"https:\/\/www.miamibeachfl.gov\/fr\/city-hall\/office-of-organizational-development\/resident-resources\/substitute-teach-at-the-beach-park-free\/\">Enseignant rempla\u00e7ant<\/a><\/p>\n<p><a href=\"https:\/\/www.miamibeachfl.gov\/fr\/city-hall\/office-of-organizational-development\/resident-resources\/teach-at-miami-beach-senior-high-as-an-adjunct-instructor\/\">Professeur adjoint au lyc\u00e9e MB<\/a><\/p>\n<p><a href=\"https:\/\/www.miamibeachfl.gov\/fr\/city-hall\/office-of-organizational-development\/resident-resources\/teach-at-the-beach\/\">Enseigner \u00e0 la plage<\/a><\/p>\n<p><a href=\"https:\/\/www.miamibeachfl.gov\/fr\/city-hall\/office-of-organizational-development\/education\/educational-enhancements\/\">Am\u00e9liorations de l&#039;\u00e9ducation<\/a><\/p>\n<p><a href=\"https:\/\/www.miamibeachfl.gov\/fr\/city-hall\/office-of-organizational-development\/education\/infrastructure\/\">Infrastructures et autres programmes<\/a><\/p>\n<p><strong>RESSOURCES JEUNESSE<\/strong><\/p>\n<p><a href=\"https:\/\/www.miamibeachfl.gov\/fr\/city-hall\/office-of-organizational-development\/next-generation\/\">Prochaine g\u00e9n\u00e9ration \u2013 Les futurs dirigeants<\/a><\/p>\n<p><a href=\"https:\/\/www.miamibeachfl.gov\/fr\/city-hall\/office-of-organizational-development\/sat-act-prep-program\/\">Pr\u00e9paration au SAT\/ACT<\/a><\/p>\n<p><a href=\"https:\/\/www.miamibeachfl.gov\/fr\/city-hall\/office-of-organizational-development\/resident-resources\/official-college-transcripts-requests\/\">relev\u00e9s de notes universitaires<\/a><\/p>\n<p><a href=\"https:\/\/www.miamibeachfl.gov\/fr\/city-hall\/office-of-organizational-development\/resident-resources\/internship-opportunities\/\">Stages<\/a><\/p>\n<p><a href=\"https:\/\/www.miamibeachfl.gov\/fr\/city-hall\/office-of-organizational-development\/resident-resources\/youth-arts-culture\/\">Art et culture des jeunes<\/a><\/p>\n<p><a href=\"https:\/\/www.miamibeachfl.gov\/fr\/city-hall\/office-of-organizational-development\/resident-resources\/youth-commission\/mbhistory\/\">#MBHistory<\/a><\/p>\n<p><a href=\"https:\/\/www.miamibeachfl.gov\/fr\/city-hall\/office-of-organizational-development\/resident-resources\/youth-job-fair\/\">Salon de l&#039;emploi des jeunes<\/a><\/p>\n<p><a href=\"https:\/\/www.miamibeachfl.gov\/fr\/city-hall\/office-of-organizational-development\/resident-resources\/\"><strong>RESSOURCES POUR LES R\u00c9SIDENTS<\/strong><\/a><\/p>\n<p><a href=\"https:\/\/www.miamibeachfl.gov\/fr\/city-hall\/office-of-organizational-development\/education\/education-brochure\/\">Brochure sur l&#039;\u00e9ducation<\/a><\/p>\n<p><a href=\"https:\/\/www.miamibeachfl.gov\/fr\/city-hall\/office-of-organizational-development\/resident-resources\/flu-vaccination-program-2\/\">Vaccination contre la grippe<\/a><\/p>\n<p><a href=\"https:\/\/www.miamibeachfl.gov\/fr\/city-hall\/office-of-organizational-development\/resident-resources\/drug-prevention-series\/\">Pr\u00e9vention de la toxicomanie<\/a><\/p>\n<p><a href=\"https:\/\/www.miamibeachfl.gov\/fr\/city-hall\/office-of-organizational-development\/resident-resources\/virtual-tour\/\">Visites\/vid\u00e9os virtuelles d&#039;\u00e9coles<\/a><\/p>\n<p><a href=\"https:\/\/www.miamibeachfl.gov\/fr\/calendar\/orgdev-events\/\">\u00c9v\u00e9nements \u00e0 venir<\/a><\/p>\n<p><a href=\"https:\/\/www.miamibeachfl.gov\/fr\/city-hall\/office-of-organizational-development\/performance-initiatives\/\"><strong>INITIATIVES DE PERFORMANCE<\/strong><\/a><\/p>\n<p><a href=\"https:\/\/www.miamibeachfl.gov\/fr\/city-hall\/office-of-organizational-development\/appearance-index-program\/\">Index d&#039;apparence<\/a><\/p>\n<p><a href=\"https:\/\/www.miamibeachfl.gov\/fr\/city-hall\/office-of-organizational-development\/cafe-index\/\">Index des caf\u00e9s<\/a><\/p>\n<p><a href=\"https:\/\/www.miamibeachfl.gov\/fr\/city-hall\/office-of-organizational-development\/cleanliness-index-program\/\">Indice de propret\u00e9<\/a><\/p>\n<p><a href=\"https:\/\/www.miamibeachfl.gov\/fr\/city-hall\/office-of-organizational-development\/garage-attendant-security\/\">Gardien de garage\/S\u00e9curit\u00e9<\/a><\/p>\n<p><a href=\"https:\/\/www.miamibeachfl.gov\/fr\/city-hall\/office-of-organizational-development\/garage-index-program\/\">Index des garages<\/a><\/p>\n<p><a href=\"https:\/\/www.miamibeachfl.gov\/fr\/city-hall\/office-of-organizational-development\/mystery-rider-program\/\">Mystery Rider<\/a><\/p>\n<p><a href=\"https:\/\/www.miamibeachfl.gov\/fr\/city-hall\/office-of-organizational-development\/restroom-index\/\">Index des toilettes<\/a><\/p>\n<p><a href=\"https:\/\/www.miamibeachfl.gov\/fr\/city-hall\/office-of-organizational-development\/service-shopper-program\/\">Acheteur de services<\/a><\/p>\n<p><a href=\"https:\/\/www.miamibeachfl.gov\/fr\/city-hall\/office-of-organizational-development\/valet-index\/\">Index des voituriers<\/a><\/p>","protected":false},"excerpt":{"rendered":"<p>Back to Department Directory Education &#038; Performance Initiatives 305.673.7710 305.323.2717 Office Hours: Monday &#8211; Friday: 9AM &#8211; 5PM Main Office: [&hellip;]<\/p>\n","protected":false},"author":222,"featured_media":0,"parent":265532,"menu_order":0,"comment_status":"closed","ping_status":"closed","template":"","meta":{"_searchwp_excluded":"1","site-sidebar-layout":"default","site-content-layout":"","ast-site-content-layout":"","site-content-style":"default","site-sidebar-style":"default","ast-global-header-display":"disabled","ast-banner-title-visibility":"","ast-main-header-display":"","ast-hfb-above-header-display":"","ast-hfb-below-header-display":"","ast-hfb-mobile-header-display":"","site-post-title":"","ast-breadcrumbs-content":"","ast-featured-img":"","footer-sml-layout":"disabled","theme-transparent-header-meta":"","adv-header-id-meta":"","stick-header-meta":"","header-above-stick-meta":"","header-main-stick-meta":"","header-below-stick-meta":"","astra-migrate-meta-layouts":"default","ast-page-background-enabled":"default","ast-page-background-meta":{"desktop":{"background-color":"var(--ast-global-color-5)","background-image":"","background-repeat":"repeat","background-position":"center center","background-size":"auto","background-attachment":"scroll","background-type":"","background-media":"","overlay-type":"","overlay-color":"","overlay-opacity":"","overlay-gradient":""},"tablet":{"background-color":"","background-image":"","background-repeat":"repeat","background-position":"center center","background-size":"auto","background-attachment":"scroll","background-type":"","background-media":"","overlay-type":"","overlay-color":"","overlay-opacity":"","overlay-gradient":""},"mobile":{"background-color":"","background-image":"","background-repeat":"repeat","background-position":"center center","background-size":"auto","background-attachment":"scroll","background-type":"","background-media":"","overlay-type":"","overlay-color":"","overlay-opacity":"","overlay-gradient":""}},"ast-content-background-meta":{"desktop":{"background-color":"var(--ast-global-color-4)","background-image":"","background-repeat":"repeat","background-position":"center center","background-size":"auto","background-attachment":"scroll","background-type":"","background-media":"","overlay-type":"","overlay-color":"","overlay-opacity":"","overlay-gradient":""},"tablet":{"background-color":"var(--ast-global-color-4)","background-image":"","background-repeat":"repeat","background-position":"center center","background-size":"auto","background-attachment":"scroll","background-type":"","background-media":"","overlay-type":"","overlay-color":"","overlay-opacity":"","overlay-gradient":""},"mobile":{"background-color":"var(--ast-global-color-4)","background-image":"","background-repeat":"repeat","background-position":"center center","background-size":"auto","background-attachment":"scroll","background-type":"","background-media":"","overlay-type":"","overlay-color":"","overlay-opacity":"","overlay-gradient":""}},"footnotes":""},"categories":[],"tags":[1002,1000],"class_list":["post-265605","page","type-page","status-publish","hentry","tag-app-egov-page","tag-cityhall-egovapp"],"yoast_head":"<!-- This site is optimized with the Yoast SEO Premium plugin v27.4 (Yoast SEO v27.4) - https:\/\/yoast.com\/product\/yoast-seo-premium-wordpress\/ -->\n<title>Education &amp; Performance Initiatives - City of Miami Beach<\/title>\n<meta name=\"description\" content=\"The Office of Education and Performance Initiatives is vital to the development of community partnerships that enhance educational opportunities for Miami Beach residents and the implementation of performance initiatives that drive organizational improvements.\" \/>\n<meta name=\"robots\" content=\"index, follow, max-snippet:-1, max-image-preview:large, max-video-preview:-1\" \/>\n<link rel=\"canonical\" href=\"https:\/\/www.miamibeachfl.gov\/fr\/egovapp\/city-hall\/educationdepartment\/\" \/>\n<meta property=\"og:locale\" content=\"fr_FR\" \/>\n<meta property=\"og:type\" content=\"article\" \/>\n<meta property=\"og:title\" content=\"Education &amp; Performance Initiatives\" \/>\n<meta property=\"og:description\" content=\"The Office of Education and Performance Initiatives is vital to the development of community partnerships that enhance educational opportunities for Miami Beach residents and the implementation of performance initiatives that drive organizational improvements.\" \/>\n<meta property=\"og:url\" content=\"https:\/\/www.miamibeachfl.gov\/fr\/egovapp\/city-hall\/educationdepartment\/\" \/>\n<meta property=\"og:site_name\" content=\"City of Miami Beach\" \/>\n<meta property=\"article:publisher\" content=\"https:\/\/www.facebook.com\/cityofmiamibeach\" \/>\n<meta property=\"article:modified_time\" content=\"2025-06-07T19:14:40+00:00\" \/>\n<meta property=\"og:image\" content=\"https:\/\/www.miamibeachfl.gov\/wp-content\/uploads\/2024\/01\/1000pxSquare-miamibeach-aerial-southpointview.jpeg\" \/>\n\t<meta property=\"og:image:width\" content=\"1000\" \/>\n\t<meta property=\"og:image:height\" content=\"1000\" \/>\n\t<meta property=\"og:image:type\" content=\"image\/jpeg\" \/>\n<meta name=\"twitter:card\" content=\"summary_large_image\" \/>\n<meta name=\"twitter:site\" content=\"@Miamibeachnews\" \/>\n<script type=\"application\/ld+json\" class=\"yoast-schema-graph\">{\"@context\":\"https:\\\/\\\/schema.org\",\"@graph\":[{\"@type\":\"WebPage\",\"@id\":\"https:\\\/\\\/www.miamibeachfl.gov\\\/egovapp\\\/city-hall\\\/educationdepartment\\\/\",\"url\":\"https:\\\/\\\/www.miamibeachfl.gov\\\/egovapp\\\/city-hall\\\/educationdepartment\\\/\",\"name\":\"Education & Performance Initiatives - City of Miami Beach\",\"isPartOf\":{\"@id\":\"https:\\\/\\\/www.miamibeachfl.gov\\\/#website\"},\"datePublished\":\"2023-07-20T17:24:34+00:00\",\"dateModified\":\"2025-06-07T19:14:40+00:00\",\"description\":\"The Office of Education and Performance Initiatives is vital to the development of community partnerships that enhance educational opportunities for Miami Beach residents and the implementation of performance initiatives that drive organizational improvements.\",\"breadcrumb\":{\"@id\":\"https:\\\/\\\/www.miamibeachfl.gov\\\/egovapp\\\/city-hall\\\/educationdepartment\\\/#breadcrumb\"},\"inLanguage\":\"fr-FR\",\"potentialAction\":[{\"@type\":\"ReadAction\",\"target\":[\"https:\\\/\\\/www.miamibeachfl.gov\\\/egovapp\\\/city-hall\\\/educationdepartment\\\/\"]}]},{\"@type\":\"BreadcrumbList\",\"@id\":\"https:\\\/\\\/www.miamibeachfl.gov\\\/egovapp\\\/city-hall\\\/educationdepartment\\\/#breadcrumb\",\"itemListElement\":[{\"@type\":\"ListItem\",\"position\":1,\"name\":\"Home\",\"item\":\"https:\\\/\\\/www.miamibeachfl.gov\\\/\"},{\"@type\":\"ListItem\",\"position\":2,\"name\":\"MobileAppPages\",\"item\":\"https:\\\/\\\/www.miamibeachfl.gov\\\/egovapp\\\/\"},{\"@type\":\"ListItem\",\"position\":3,\"name\":\"City Hall Department Directory\",\"item\":\"https:\\\/\\\/www.miamibeachfl.gov\\\/egovapp\\\/city-hall\\\/\"},{\"@type\":\"ListItem\",\"position\":4,\"name\":\"Education &#038; Performance Initiatives\"}]},{\"@type\":\"WebSite\",\"@id\":\"https:\\\/\\\/www.miamibeachfl.gov\\\/#website\",\"url\":\"https:\\\/\\\/www.miamibeachfl.gov\\\/\",\"name\":\"City of Miami Beach\",\"description\":\"The official website of the City of Miami Beach. Stay informed, find important information on city services, news, alerts, events, trolley routes, government employment and more.\",\"publisher\":{\"@id\":\"https:\\\/\\\/www.miamibeachfl.gov\\\/#organization\"},\"potentialAction\":[{\"@type\":\"SearchAction\",\"target\":{\"@type\":\"EntryPoint\",\"urlTemplate\":\"https:\\\/\\\/www.miamibeachfl.gov\\\/?s={search_term_string}\"},\"query-input\":{\"@type\":\"PropertyValueSpecification\",\"valueRequired\":true,\"valueName\":\"search_term_string\"}}],\"inLanguage\":\"fr-FR\"},{\"@type\":\"Organization\",\"@id\":\"https:\\\/\\\/www.miamibeachfl.gov\\\/#organization\",\"name\":\"City of Miami Beach\",\"url\":\"https:\\\/\\\/www.miamibeachfl.gov\\\/\",\"logo\":{\"@type\":\"ImageObject\",\"inLanguage\":\"fr-FR\",\"@id\":\"https:\\\/\\\/www.miamibeachfl.gov\\\/#\\\/schema\\\/logo\\\/image\\\/\",\"url\":\"https:\\\/\\\/www.miamibeachfl.gov\\\/wp-content\\\/uploads\\\/2022\\\/06\\\/miamibeach-logoblue.png\",\"contentUrl\":\"https:\\\/\\\/www.miamibeachfl.gov\\\/wp-content\\\/uploads\\\/2022\\\/06\\\/miamibeach-logoblue.png\",\"width\":1962,\"height\":381,\"caption\":\"City of Miami Beach\"},\"image\":{\"@id\":\"https:\\\/\\\/www.miamibeachfl.gov\\\/#\\\/schema\\\/logo\\\/image\\\/\"},\"sameAs\":[\"https:\\\/\\\/www.facebook.com\\\/cityofmiamibeach\",\"https:\\\/\\\/x.com\\\/Miamibeachnews\",\"https:\\\/\\\/www.instagram.com\\\/miamibeachnews\\\/\"],\"description\":\"The official website of the City of Miami Beach. Stay informed, find important information on city services, news, alerts, events, trolley routes, government employment and more.\",\"telephone\":\"305.604.CITY(2489)\",\"legalName\":\"City of Miami Beach\"}]}<\/script>\n<!-- \/ Yoast SEO Premium plugin. -->","yoast_head_json":{"title":"Initiatives en mati\u00e8re d&#039;\u00e9ducation et de performance - Ville de Miami Beach","description":"Le Bureau des initiatives en mati\u00e8re d&#039;\u00e9ducation et de performance est essentiel au d\u00e9veloppement de partenariats communautaires qui am\u00e9liorent les opportunit\u00e9s \u00e9ducatives pour les r\u00e9sidents de Miami Beach et \u00e0 la mise en \u0153uvre d&#039;initiatives de performance qui stimulent les am\u00e9liorations organisationnelles.","robots":{"index":"index","follow":"follow","max-snippet":"max-snippet:-1","max-image-preview":"max-image-preview:large","max-video-preview":"max-video-preview:-1"},"canonical":"https:\/\/www.miamibeachfl.gov\/fr\/egovapp\/city-hall\/educationdepartment\/","og_locale":"fr_FR","og_type":"article","og_title":"Education & Performance Initiatives","og_description":"The Office of Education and Performance Initiatives is vital to the development of community partnerships that enhance educational opportunities for Miami Beach residents and the implementation of performance initiatives that drive organizational improvements.","og_url":"https:\/\/www.miamibeachfl.gov\/fr\/egovapp\/city-hall\/educationdepartment\/","og_site_name":"City of Miami Beach","article_publisher":"https:\/\/www.facebook.com\/cityofmiamibeach","article_modified_time":"2025-06-07T19:14:40+00:00","og_image":[{"width":1000,"height":1000,"url":"https:\/\/www.miamibeachfl.gov\/wp-content\/uploads\/2024\/01\/1000pxSquare-miamibeach-aerial-southpointview.jpeg","type":"image\/jpeg"}],"twitter_card":"summary_large_image","twitter_site":"@Miamibeachnews","schema":{"@context":"https:\/\/schema.org","@graph":[{"@type":"WebPage","@id":"https:\/\/www.miamibeachfl.gov\/egovapp\/city-hall\/educationdepartment\/","url":"https:\/\/www.miamibeachfl.gov\/egovapp\/city-hall\/educationdepartment\/","name":"Initiatives en mati\u00e8re d&#039;\u00e9ducation et de performance - Ville de Miami Beach","isPartOf":{"@id":"https:\/\/www.miamibeachfl.gov\/#website"},"datePublished":"2023-07-20T17:24:34+00:00","dateModified":"2025-06-07T19:14:40+00:00","description":"Le Bureau des initiatives en mati\u00e8re d&#039;\u00e9ducation et de performance est essentiel au d\u00e9veloppement de partenariats communautaires qui am\u00e9liorent les opportunit\u00e9s \u00e9ducatives pour les r\u00e9sidents de Miami Beach et \u00e0 la mise en \u0153uvre d&#039;initiatives de performance qui stimulent les am\u00e9liorations organisationnelles.","breadcrumb":{"@id":"https:\/\/www.miamibeachfl.gov\/egovapp\/city-hall\/educationdepartment\/#breadcrumb"},"inLanguage":"fr-FR","potentialAction":[{"@type":"ReadAction","target":["https:\/\/www.miamibeachfl.gov\/egovapp\/city-hall\/educationdepartment\/"]}]},{"@type":"BreadcrumbList","@id":"https:\/\/www.miamibeachfl.gov\/egovapp\/city-hall\/educationdepartment\/#breadcrumb","itemListElement":[{"@type":"ListItem","position":1,"name":"Home","item":"https:\/\/www.miamibeachfl.gov\/"},{"@type":"ListItem","position":2,"name":"MobileAppPages","item":"https:\/\/www.miamibeachfl.gov\/egovapp\/"},{"@type":"ListItem","position":3,"name":"City Hall Department Directory","item":"https:\/\/www.miamibeachfl.gov\/egovapp\/city-hall\/"},{"@type":"ListItem","position":4,"name":"Education &#038; Performance Initiatives"}]},{"@type":"WebSite","@id":"https:\/\/www.miamibeachfl.gov\/#website","url":"https:\/\/www.miamibeachfl.gov\/","name":"Ville de Miami Beach","description":"Site officiel de la ville de Miami Beach. Restez inform\u00e9 et trouvez des informations importantes sur les services municipaux, les actualit\u00e9s, les alertes, les \u00e9v\u00e9nements, les itin\u00e9raires de tramway, les emplois gouvernementaux et bien plus encore.","publisher":{"@id":"https:\/\/www.miamibeachfl.gov\/#organization"},"potentialAction":[{"@type":"SearchAction","target":{"@type":"EntryPoint","urlTemplate":"https:\/\/www.miamibeachfl.gov\/?s={search_term_string}"},"query-input":{"@type":"PropertyValueSpecification","valueRequired":true,"valueName":"search_term_string"}}],"inLanguage":"fr-FR"},{"@type":"Organization","@id":"https:\/\/www.miamibeachfl.gov\/#organization","name":"Ville de Miami Beach","url":"https:\/\/www.miamibeachfl.gov\/","logo":{"@type":"ImageObject","inLanguage":"fr-FR","@id":"https:\/\/www.miamibeachfl.gov\/#\/schema\/logo\/image\/","url":"https:\/\/www.miamibeachfl.gov\/wp-content\/uploads\/2022\/06\/miamibeach-logoblue.png","contentUrl":"https:\/\/www.miamibeachfl.gov\/wp-content\/uploads\/2022\/06\/miamibeach-logoblue.png","width":1962,"height":381,"caption":"City of Miami Beach"},"image":{"@id":"https:\/\/www.miamibeachfl.gov\/#\/schema\/logo\/image\/"},"sameAs":["https:\/\/www.facebook.com\/cityofmiamibeach","https:\/\/x.com\/Miamibeachnews","https:\/\/www.instagram.com\/miamibeachnews\/"],"description":"Site officiel de la ville de Miami Beach. Restez inform\u00e9 et trouvez des informations importantes sur les services municipaux, les actualit\u00e9s, les alertes, les \u00e9v\u00e9nements, les itin\u00e9raires de tramway, les emplois gouvernementaux et bien plus encore.","telephone":"305.604.CITY(2489)","legalName":"City of Miami Beach"}]}},"_links":{"self":[{"href":"https:\/\/www.miamibeachfl.gov\/fr\/wp-json\/wp\/v2\/pages\/265605","targetHints":{"allow":["GET"]}}],"collection":[{"href":"https:\/\/www.miamibeachfl.gov\/fr\/wp-json\/wp\/v2\/pages"}],"about":[{"href":"https:\/\/www.miamibeachfl.gov\/fr\/wp-json\/wp\/v2\/types\/page"}],"author":[{"embeddable":true,"href":"https:\/\/www.miamibeachfl.gov\/fr\/wp-json\/wp\/v2\/users\/222"}],"replies":[{"embeddable":true,"href":"https:\/\/www.miamibeachfl.gov\/fr\/wp-json\/wp\/v2\/comments?post=265605"}],"version-history":[{"count":0,"href":"https:\/\/www.miamibeachfl.gov\/fr\/wp-json\/wp\/v2\/pages\/265605\/revisions"}],"up":[{"embeddable":true,"href":"https:\/\/www.miamibeachfl.gov\/fr\/wp-json\/wp\/v2\/pages\/265532"}],"wp:attachment":[{"href":"https:\/\/www.miamibeachfl.gov\/fr\/wp-json\/wp\/v2\/media?parent=265605"}],"wp:term":[{"taxonomy":"category","embeddable":true,"href":"https:\/\/www.miamibeachfl.gov\/fr\/wp-json\/wp\/v2\/categories?post=265605"},{"taxonomy":"post_tag","embeddable":true,"href":"https:\/\/www.miamibeachfl.gov\/fr\/wp-json\/wp\/v2\/tags?post=265605"}],"curies":[{"name":"wp","href":"https:\/\/api.w.org\/{rel}","templated":true}]}}