{"id":265609,"date":"2023-07-20T13:32:35","date_gmt":"2023-07-20T17:32:35","guid":{"rendered":"https:\/\/www.miamibeachfl.gov\/?page_id=265609"},"modified":"2025-06-07T15:20:50","modified_gmt":"2025-06-07T19:20:50","slug":"environmentalandsustainabiitydepartment","status":"publish","type":"page","link":"https:\/\/www.miamibeachfl.gov\/fr\/egovapp\/city-hall\/environmentalandsustainabiitydepartment\/","title":{"rendered":"D\u00e9partement de l&#039;environnement et du d\u00e9veloppement durable"},"content":{"rendered":"<a href=\"https:\/\/www.miamibeachfl.gov\/fr\/egovapp\/city-hall\/\" target=\"_self\">\n\t\t\t\t\t\tRetour \u00e0 l&#039;annuaire des d\u00e9partements\n\t\t\t\t\t<\/a>\n<h1>\n\t\t\tEnvironnement et durabilit\u00e9\t<\/h1>\n\t<ul>\n\t\t<li><a href=\"tel:3056737084%20\" target=\"_self\"  aria-label=\"Aller au t\u00e9l:3056737084 \">\t\t\t\t\n\t\t<h3>305.673.7084 <\/h3><\/a><\/li><li>\t\t\t\t\n\t\t<h3>Heures d&#039;ouverture :<\/h3><p>Lundi \u2013 Vendredi : 8h30 \u2013 17h00<\/p><\/li><li>\t\t\t\t\n\t\t<h3>Horaires de foresterie urbaine :<\/h3><p>Lundi \u2013 vendredi : 7h \u2013 16h<\/p><\/li><li><a href=\"https:\/\/goo.gl\/maps\/Sb2TVfX3obVg6Uex7\" target=\"_blank\" rel=\"noopener\" aria-label=\"Acc\u00e9dez \u00e0 https:\/\/goo.gl\/maps\/Sb2TVfX3obVg6Uex7\">\t\t\t\t\n\t\t<h3>Si\u00e8ge social :<\/h3><p>1700 Convention Center Drive<br \/>Miami Beach, FL 33139<\/p><\/a><\/li>\t<\/ul>\n\t<p><a href=\"https:\/\/www.mbrisingabove.com\/\"><strong>En savoir plus sur la r\u00e9silience au changement climatique<\/strong><\/a><\/p>\n<p><a href=\"https:\/\/www.miamibeachfl.gov\/fr\/city-hall\/city-clerk\/boards-and-committees\/land-use-and-sustainability\/\"><strong>Comit\u00e9 d&#039;am\u00e9nagement du territoire et de d\u00e9veloppement durable<\/strong><\/a><\/p>\n<p><a href=\"https:\/\/www.miamibeachfl.gov\/fr\/city-hall\/environmental-sustainability\/urban-forestry\/tree-programs\/\"><strong>Programmes et initiatives pour les arbres<\/strong><\/a><\/p>\n<p><a href=\"https:\/\/www.opentreemap.org\/miamibeachtrees\/map\/?z=12\/25.8325\/-80.1332\"><strong>Carte des arbres ouverts<\/strong><\/a><\/p>\n<p><a href=\"https:\/\/www.miamibeachfl.gov\/fr\/eventssection\/environment\/\"><strong>\u00c9v\u00e9nements<\/strong><\/a><\/p>\n<hr \/>\n<p><strong>Divisions <\/strong><\/p>\n<strong>Division de la foresterie urbaine<\/strong> <a href=\"mailto:urbanforestry@miamibeachfl.gov\">urbanforestry@miamibeachfl.gov<\/a> &#8211; 305.673.7722 |<br \/>\nSupervise la for\u00eat urbaine en assurant la supervision et la gestion r\u00e9glementaires. Cette division d\u00e9livre des permis d&#039;exploitation foresti\u00e8re, supervise l&#039;att\u00e9nuation des d\u00e9g\u00e2ts caus\u00e9s par les arbres, effectue des \u00e9valuations des arbres patrimoniaux, effectue des inspections des barri\u00e8res de protection des arbres, fournit des \u00e9valuations des risques li\u00e9s aux arbres et examine les plans de s\u00e9lection et d&#039;installation d&#039;arbres \u00e0 l&#039;\u00e9chelle de la ville. Elle supervise \u00e9galement le Plan directeur de foresterie urbaine, le plan d&#039;urbanisme du projet GOB #33 et les programmes d&#039;arbres comm\u00e9moratifs et patrimoniaux.\n<p><strong>Division Durabilit\u00e9 et R\u00e9silience<\/strong> <a href=\"mailto:Sustainability@miamibeachfl.gov\">Sustainability@miamibeachfl.gov<\/a> &#8211; 305.673.7084<\/p>\n<p>Travaille avec tous les services de la Ville pour am\u00e9liorer la durabilit\u00e9 des op\u00e9rations gouvernementales afin de r\u00e9aliser des \u00e9conomies, d&#039;optimiser les processus, de g\u00e9rer efficacement les ressources et de pr\u00e9server l&#039;environnement. Cette division g\u00e8re les efforts d&#039;att\u00e9nuation du changement climatique en mettant l&#039;accent sur la r\u00e9duction des \u00e9missions de gaz \u00e0 effet de serre, ainsi que les programmes ax\u00e9s sur la r\u00e9duction de la consommation d&#039;\u00e9nergie, la conservation de l&#039;eau, le recyclage et la r\u00e9duction des d\u00e9chets, ainsi que l&#039;\u00e9ducation et la sensibilisation.<\/p>\n<p><strong>Gestion des ressources environnementales<\/strong><\/p>\n<p>Fournit un soutien interne aux services municipaux afin de garantir que tous les projets publics, et pas seulement ceux qualifi\u00e9s d&#039;environnementaux, \u00e9vitent, minimisent et att\u00e9nuent leurs impacts environnementaux, tout en am\u00e9liorant l&#039;environnement naturel d\u00e8s leur conception. Cette division fait office de consultant environnemental interne de la Ville et assure la liaison entre la Ville et les autres organismes gouvernementaux pour les questions environnementales.<\/p>","protected":false},"excerpt":{"rendered":"<p>Back to Department Directory Environment and Sustainability 305.673.7084 Office Hours: Monday &#8211; Friday: 8:30AM &#8211; 5PM Urban Forestry Hours: Monday [&hellip;]<\/p>\n","protected":false},"author":222,"featured_media":0,"parent":265532,"menu_order":0,"comment_status":"closed","ping_status":"closed","template":"","meta":{"_searchwp_excluded":"1","site-sidebar-layout":"default","site-content-layout":"","ast-site-content-layout":"","site-content-style":"default","site-sidebar-style":"default","ast-global-header-display":"disabled","ast-banner-title-visibility":"","ast-main-header-display":"","ast-hfb-above-header-display":"","ast-hfb-below-header-display":"","ast-hfb-mobile-header-display":"","site-post-title":"","ast-breadcrumbs-content":"","ast-featured-img":"","footer-sml-layout":"disabled","ast-disable-related-posts":"","theme-transparent-header-meta":"","adv-header-id-meta":"","stick-header-meta":"","header-above-stick-meta":"","header-main-stick-meta":"","header-below-stick-meta":"","astra-migrate-meta-layouts":"default","ast-page-background-enabled":"default","ast-page-background-meta":{"desktop":{"background-color":"var(--ast-global-color-5)","background-image":"","background-repeat":"repeat","background-position":"center center","background-size":"auto","background-attachment":"scroll","background-type":"","background-media":"","overlay-type":"","overlay-color":"","overlay-opacity":"","overlay-gradient":""},"tablet":{"background-color":"","background-image":"","background-repeat":"repeat","background-position":"center center","background-size":"auto","background-attachment":"scroll","background-type":"","background-media":"","overlay-type":"","overlay-color":"","overlay-opacity":"","overlay-gradient":""},"mobile":{"background-color":"","background-image":"","background-repeat":"repeat","background-position":"center center","background-size":"auto","background-attachment":"scroll","background-type":"","background-media":"","overlay-type":"","overlay-color":"","overlay-opacity":"","overlay-gradient":""}},"ast-content-background-meta":{"desktop":{"background-color":"var(--ast-global-color-4)","background-image":"","background-repeat":"repeat","background-position":"center center","background-size":"auto","background-attachment":"scroll","background-type":"","background-media":"","overlay-type":"","overlay-color":"","overlay-opacity":"","overlay-gradient":""},"tablet":{"background-color":"var(--ast-global-color-4)","background-image":"","background-repeat":"repeat","background-position":"center center","background-size":"auto","background-attachment":"scroll","background-type":"","background-media":"","overlay-type":"","overlay-color":"","overlay-opacity":"","overlay-gradient":""},"mobile":{"background-color":"var(--ast-global-color-4)","background-image":"","background-repeat":"repeat","background-position":"center center","background-size":"auto","background-attachment":"scroll","background-type":"","background-media":"","overlay-type":"","overlay-color":"","overlay-opacity":"","overlay-gradient":""}},"footnotes":""},"categories":[],"tags":[1002,1000],"class_list":["post-265609","page","type-page","status-publish","hentry","tag-app-egov-page","tag-cityhall-egovapp"],"yoast_head":"<!-- This site is optimized with the Yoast SEO Premium plugin v27.4 (Yoast SEO v27.4) - https:\/\/yoast.com\/product\/yoast-seo-premium-wordpress\/ -->\n<title>Environment and Sustainability Department - City of Miami Beach<\/title>\n<meta name=\"description\" content=\"The Environment and Sustainability Department develops and implements adaptation and mitigation initiatives to preserve, protect, and enhance our natural resources.\" \/>\n<meta name=\"robots\" content=\"index, follow, max-snippet:-1, max-image-preview:large, max-video-preview:-1\" \/>\n<link rel=\"canonical\" href=\"https:\/\/www.miamibeachfl.gov\/fr\/egovapp\/city-hall\/environmentalandsustainabiitydepartment\/\" \/>\n<meta property=\"og:locale\" content=\"fr_FR\" \/>\n<meta property=\"og:type\" content=\"article\" \/>\n<meta property=\"og:title\" content=\"Environment and Sustainability Department\" \/>\n<meta property=\"og:description\" content=\"The Environment and Sustainability Department develops and implements adaptation and mitigation initiatives to preserve, protect, and enhance our natural resources.\" \/>\n<meta property=\"og:url\" content=\"https:\/\/www.miamibeachfl.gov\/fr\/egovapp\/city-hall\/environmentalandsustainabiitydepartment\/\" \/>\n<meta property=\"og:site_name\" content=\"City of Miami Beach\" \/>\n<meta property=\"article:publisher\" content=\"https:\/\/www.facebook.com\/cityofmiamibeach\" \/>\n<meta property=\"article:modified_time\" content=\"2025-06-07T19:20:50+00:00\" \/>\n<meta property=\"og:image\" content=\"https:\/\/www.miamibeachfl.gov\/wp-content\/uploads\/2024\/01\/1000pxSquare-miamibeach-aerial-southpointview.jpeg\" \/>\n\t<meta property=\"og:image:width\" content=\"1000\" \/>\n\t<meta property=\"og:image:height\" content=\"1000\" \/>\n\t<meta property=\"og:image:type\" content=\"image\/jpeg\" \/>\n<meta name=\"twitter:card\" content=\"summary_large_image\" \/>\n<meta name=\"twitter:site\" content=\"@Miamibeachnews\" \/>\n<script type=\"application\/ld+json\" class=\"yoast-schema-graph\">{\"@context\":\"https:\\\/\\\/schema.org\",\"@graph\":[{\"@type\":\"WebPage\",\"@id\":\"https:\\\/\\\/www.miamibeachfl.gov\\\/egovapp\\\/city-hall\\\/environmentalandsustainabiitydepartment\\\/\",\"url\":\"https:\\\/\\\/www.miamibeachfl.gov\\\/egovapp\\\/city-hall\\\/environmentalandsustainabiitydepartment\\\/\",\"name\":\"Environment and Sustainability Department - City of Miami Beach\",\"isPartOf\":{\"@id\":\"https:\\\/\\\/www.miamibeachfl.gov\\\/#website\"},\"datePublished\":\"2023-07-20T17:32:35+00:00\",\"dateModified\":\"2025-06-07T19:20:50+00:00\",\"description\":\"The Environment and Sustainability Department develops and implements adaptation and mitigation initiatives to preserve, protect, and enhance our natural resources.\",\"breadcrumb\":{\"@id\":\"https:\\\/\\\/www.miamibeachfl.gov\\\/egovapp\\\/city-hall\\\/environmentalandsustainabiitydepartment\\\/#breadcrumb\"},\"inLanguage\":\"fr-FR\",\"potentialAction\":[{\"@type\":\"ReadAction\",\"target\":[\"https:\\\/\\\/www.miamibeachfl.gov\\\/egovapp\\\/city-hall\\\/environmentalandsustainabiitydepartment\\\/\"]}]},{\"@type\":\"BreadcrumbList\",\"@id\":\"https:\\\/\\\/www.miamibeachfl.gov\\\/egovapp\\\/city-hall\\\/environmentalandsustainabiitydepartment\\\/#breadcrumb\",\"itemListElement\":[{\"@type\":\"ListItem\",\"position\":1,\"name\":\"Home\",\"item\":\"https:\\\/\\\/www.miamibeachfl.gov\\\/\"},{\"@type\":\"ListItem\",\"position\":2,\"name\":\"MobileAppPages\",\"item\":\"https:\\\/\\\/www.miamibeachfl.gov\\\/egovapp\\\/\"},{\"@type\":\"ListItem\",\"position\":3,\"name\":\"City Hall Department Directory\",\"item\":\"https:\\\/\\\/www.miamibeachfl.gov\\\/egovapp\\\/city-hall\\\/\"},{\"@type\":\"ListItem\",\"position\":4,\"name\":\"Environment and Sustainability Department\"}]},{\"@type\":\"WebSite\",\"@id\":\"https:\\\/\\\/www.miamibeachfl.gov\\\/#website\",\"url\":\"https:\\\/\\\/www.miamibeachfl.gov\\\/\",\"name\":\"City of Miami Beach\",\"description\":\"The official website of the City of Miami Beach. Stay informed, find important information on city services, news, alerts, events, trolley routes, government employment and more.\",\"publisher\":{\"@id\":\"https:\\\/\\\/www.miamibeachfl.gov\\\/#organization\"},\"potentialAction\":[{\"@type\":\"SearchAction\",\"target\":{\"@type\":\"EntryPoint\",\"urlTemplate\":\"https:\\\/\\\/www.miamibeachfl.gov\\\/?s={search_term_string}\"},\"query-input\":{\"@type\":\"PropertyValueSpecification\",\"valueRequired\":true,\"valueName\":\"search_term_string\"}}],\"inLanguage\":\"fr-FR\"},{\"@type\":\"Organization\",\"@id\":\"https:\\\/\\\/www.miamibeachfl.gov\\\/#organization\",\"name\":\"City of Miami Beach\",\"url\":\"https:\\\/\\\/www.miamibeachfl.gov\\\/\",\"logo\":{\"@type\":\"ImageObject\",\"inLanguage\":\"fr-FR\",\"@id\":\"https:\\\/\\\/www.miamibeachfl.gov\\\/#\\\/schema\\\/logo\\\/image\\\/\",\"url\":\"https:\\\/\\\/www.miamibeachfl.gov\\\/wp-content\\\/uploads\\\/2022\\\/06\\\/miamibeach-logoblue.png\",\"contentUrl\":\"https:\\\/\\\/www.miamibeachfl.gov\\\/wp-content\\\/uploads\\\/2022\\\/06\\\/miamibeach-logoblue.png\",\"width\":1962,\"height\":381,\"caption\":\"City of Miami Beach\"},\"image\":{\"@id\":\"https:\\\/\\\/www.miamibeachfl.gov\\\/#\\\/schema\\\/logo\\\/image\\\/\"},\"sameAs\":[\"https:\\\/\\\/www.facebook.com\\\/cityofmiamibeach\",\"https:\\\/\\\/x.com\\\/Miamibeachnews\",\"https:\\\/\\\/www.instagram.com\\\/miamibeachnews\\\/\"],\"description\":\"The official website of the City of Miami Beach. Stay informed, find important information on city services, news, alerts, events, trolley routes, government employment and more.\",\"telephone\":\"305.604.CITY(2489)\",\"legalName\":\"City of Miami Beach\"}]}<\/script>\n<!-- \/ Yoast SEO Premium plugin. -->","yoast_head_json":{"title":"D\u00e9partement de l&#039;environnement et du d\u00e9veloppement durable - Ville de Miami Beach","description":"Le d\u00e9partement de l\u2019environnement et du d\u00e9veloppement durable \u00e9labore et met en \u0153uvre des initiatives d\u2019adaptation et d\u2019att\u00e9nuation pour pr\u00e9server, prot\u00e9ger et am\u00e9liorer nos ressources naturelles.","robots":{"index":"index","follow":"follow","max-snippet":"max-snippet:-1","max-image-preview":"max-image-preview:large","max-video-preview":"max-video-preview:-1"},"canonical":"https:\/\/www.miamibeachfl.gov\/fr\/egovapp\/city-hall\/environmentalandsustainabiitydepartment\/","og_locale":"fr_FR","og_type":"article","og_title":"Environment and Sustainability Department","og_description":"The Environment and Sustainability Department develops and implements adaptation and mitigation initiatives to preserve, protect, and enhance our natural resources.","og_url":"https:\/\/www.miamibeachfl.gov\/fr\/egovapp\/city-hall\/environmentalandsustainabiitydepartment\/","og_site_name":"City of Miami Beach","article_publisher":"https:\/\/www.facebook.com\/cityofmiamibeach","article_modified_time":"2025-06-07T19:20:50+00:00","og_image":[{"width":1000,"height":1000,"url":"https:\/\/www.miamibeachfl.gov\/wp-content\/uploads\/2024\/01\/1000pxSquare-miamibeach-aerial-southpointview.jpeg","type":"image\/jpeg"}],"twitter_card":"summary_large_image","twitter_site":"@Miamibeachnews","schema":{"@context":"https:\/\/schema.org","@graph":[{"@type":"WebPage","@id":"https:\/\/www.miamibeachfl.gov\/egovapp\/city-hall\/environmentalandsustainabiitydepartment\/","url":"https:\/\/www.miamibeachfl.gov\/egovapp\/city-hall\/environmentalandsustainabiitydepartment\/","name":"D\u00e9partement de l&#039;environnement et du d\u00e9veloppement durable - Ville de Miami Beach","isPartOf":{"@id":"https:\/\/www.miamibeachfl.gov\/#website"},"datePublished":"2023-07-20T17:32:35+00:00","dateModified":"2025-06-07T19:20:50+00:00","description":"Le d\u00e9partement de l\u2019environnement et du d\u00e9veloppement durable \u00e9labore et met en \u0153uvre des initiatives d\u2019adaptation et d\u2019att\u00e9nuation pour pr\u00e9server, prot\u00e9ger et am\u00e9liorer nos ressources naturelles.","breadcrumb":{"@id":"https:\/\/www.miamibeachfl.gov\/egovapp\/city-hall\/environmentalandsustainabiitydepartment\/#breadcrumb"},"inLanguage":"fr-FR","potentialAction":[{"@type":"ReadAction","target":["https:\/\/www.miamibeachfl.gov\/egovapp\/city-hall\/environmentalandsustainabiitydepartment\/"]}]},{"@type":"BreadcrumbList","@id":"https:\/\/www.miamibeachfl.gov\/egovapp\/city-hall\/environmentalandsustainabiitydepartment\/#breadcrumb","itemListElement":[{"@type":"ListItem","position":1,"name":"Home","item":"https:\/\/www.miamibeachfl.gov\/"},{"@type":"ListItem","position":2,"name":"MobileAppPages","item":"https:\/\/www.miamibeachfl.gov\/egovapp\/"},{"@type":"ListItem","position":3,"name":"City Hall Department Directory","item":"https:\/\/www.miamibeachfl.gov\/egovapp\/city-hall\/"},{"@type":"ListItem","position":4,"name":"Environment and Sustainability Department"}]},{"@type":"WebSite","@id":"https:\/\/www.miamibeachfl.gov\/#website","url":"https:\/\/www.miamibeachfl.gov\/","name":"Ville de Miami Beach","description":"Site officiel de la ville de Miami Beach. Restez inform\u00e9 et trouvez des informations importantes sur les services municipaux, les actualit\u00e9s, les alertes, les \u00e9v\u00e9nements, les itin\u00e9raires de tramway, les emplois gouvernementaux et bien plus encore.","publisher":{"@id":"https:\/\/www.miamibeachfl.gov\/#organization"},"potentialAction":[{"@type":"SearchAction","target":{"@type":"EntryPoint","urlTemplate":"https:\/\/www.miamibeachfl.gov\/?s={search_term_string}"},"query-input":{"@type":"PropertyValueSpecification","valueRequired":true,"valueName":"search_term_string"}}],"inLanguage":"fr-FR"},{"@type":"Organization","@id":"https:\/\/www.miamibeachfl.gov\/#organization","name":"Ville de Miami Beach","url":"https:\/\/www.miamibeachfl.gov\/","logo":{"@type":"ImageObject","inLanguage":"fr-FR","@id":"https:\/\/www.miamibeachfl.gov\/#\/schema\/logo\/image\/","url":"https:\/\/www.miamibeachfl.gov\/wp-content\/uploads\/2022\/06\/miamibeach-logoblue.png","contentUrl":"https:\/\/www.miamibeachfl.gov\/wp-content\/uploads\/2022\/06\/miamibeach-logoblue.png","width":1962,"height":381,"caption":"City of Miami Beach"},"image":{"@id":"https:\/\/www.miamibeachfl.gov\/#\/schema\/logo\/image\/"},"sameAs":["https:\/\/www.facebook.com\/cityofmiamibeach","https:\/\/x.com\/Miamibeachnews","https:\/\/www.instagram.com\/miamibeachnews\/"],"description":"Site officiel de la ville de Miami Beach. Restez inform\u00e9 et trouvez des informations importantes sur les services municipaux, les actualit\u00e9s, les alertes, les \u00e9v\u00e9nements, les itin\u00e9raires de tramway, les emplois gouvernementaux et bien plus encore.","telephone":"305.604.CITY(2489)","legalName":"City of Miami Beach"}]}},"_links":{"self":[{"href":"https:\/\/www.miamibeachfl.gov\/fr\/wp-json\/wp\/v2\/pages\/265609","targetHints":{"allow":["GET"]}}],"collection":[{"href":"https:\/\/www.miamibeachfl.gov\/fr\/wp-json\/wp\/v2\/pages"}],"about":[{"href":"https:\/\/www.miamibeachfl.gov\/fr\/wp-json\/wp\/v2\/types\/page"}],"author":[{"embeddable":true,"href":"https:\/\/www.miamibeachfl.gov\/fr\/wp-json\/wp\/v2\/users\/222"}],"replies":[{"embeddable":true,"href":"https:\/\/www.miamibeachfl.gov\/fr\/wp-json\/wp\/v2\/comments?post=265609"}],"version-history":[{"count":1,"href":"https:\/\/www.miamibeachfl.gov\/fr\/wp-json\/wp\/v2\/pages\/265609\/revisions"}],"predecessor-version":[{"id":375794,"href":"https:\/\/www.miamibeachfl.gov\/fr\/wp-json\/wp\/v2\/pages\/265609\/revisions\/375794"}],"up":[{"embeddable":true,"href":"https:\/\/www.miamibeachfl.gov\/fr\/wp-json\/wp\/v2\/pages\/265532"}],"wp:attachment":[{"href":"https:\/\/www.miamibeachfl.gov\/fr\/wp-json\/wp\/v2\/media?parent=265609"}],"wp:term":[{"taxonomy":"category","embeddable":true,"href":"https:\/\/www.miamibeachfl.gov\/fr\/wp-json\/wp\/v2\/categories?post=265609"},{"taxonomy":"post_tag","embeddable":true,"href":"https:\/\/www.miamibeachfl.gov\/fr\/wp-json\/wp\/v2\/tags?post=265609"}],"curies":[{"name":"wp","href":"https:\/\/api.w.org\/{rel}","templated":true}]}}