{"id":265618,"date":"2023-07-20T13:54:33","date_gmt":"2023-07-20T17:54:33","guid":{"rendered":"https:\/\/www.miamibeachfl.gov\/?page_id=265618"},"modified":"2025-06-07T15:27:22","modified_gmt":"2025-06-07T19:27:22","slug":"firedepartment","status":"publish","type":"page","link":"https:\/\/www.miamibeachfl.gov\/fr\/egovapp\/city-hall\/firedepartment\/","title":{"rendered":"Pompiers"},"content":{"rendered":"<a href=\"https:\/\/www.miamibeachfl.gov\/fr\/egovapp\/city-hall\/\" target=\"_self\">\n\t\t\t\t\t\tRetour \u00e0 l&#039;annuaire des d\u00e9partements\n\t\t\t\t\t<\/a>\n<h1>\n\t\t\tFeu\t<\/h1>\n\t<ul>\n\t\t<li><a href=\"tel:3056737120\" target=\"_self\"  aria-label=\"Aller au t\u00e9l:3056737120\">\t\t\t\t\n\t\t<h3>305.673.7120<\/h3><\/a><\/li><li>\t\t\t\t\n\t\t<h3>Heures d&#039;ouverture :<\/h3><p>Lundi \u2013 Vendredi : 8h \u2013 16h30<\/p><\/li><li><a href=\"https:\/\/goo.gl\/maps\/3mR7qoNoBLgKjLgcA\" target=\"_blank\" rel=\"noopener\" aria-label=\"Acc\u00e9dez \u00e0 https:\/\/goo.gl\/maps\/3mR7qoNoBLgKjLgcA\">\t\t\t\t\n\t\t<h3>Si\u00e8ge social :<\/h3><p>2300, promenade Pine Tree<br \/>Miami Beach, FL 33140<\/p><\/a><\/li><li><a href=\"https:\/\/goo.gl\/maps\/3mR7qoNoBLgKjLgcA\" target=\"_blank\" rel=\"noopener\" aria-label=\"Acc\u00e9dez \u00e0 https:\/\/goo.gl\/maps\/3mR7qoNoBLgKjLgcA\">\t\t\t\t\n\t\t<h3>Stations:<\/h3><p><strong>Caserne de pompiers 1<\/strong> 1051 Jefferson Ave., Miami Beach, FL, 33139 <a href=\"tel:3056737135\">305.673.7135<\/a><strong>Caserne de pompiers 2<\/strong> 2300 Pine Tree Drive, Miami Beach, FL, 33140 <a href=\"http:\/\/3056737120\" data-wplink-url-error=\"true\">305.673.7120<\/a><strong>Caserne de pompiers 3<\/strong> 5303 Collins Ave., Miami Beach, FL, 33140 <a href=\"http:\/\/3056737129\" data-wplink-url-error=\"true\">305.673.7179<\/a><strong>Caserne de pompiers 4<\/strong> 6880 Indian Creek Dr., Miami Beach, FL, 33141 <a href=\"http:\/\/3056737136\" data-wplink-url-error=\"true\">305.673.7136<\/a><\/p><\/a><\/li>\t<\/ul>\n<h2>\n\t\t\tArri\u00e8re-plan\t<\/h2>\n\t<p>Le r\u00f4le principal du Bureau est d\u2019\u00e9laborer et de mettre en \u0153uvre des activit\u00e9s compl\u00e8tes de planification, d\u2019att\u00e9nuation et d\u2019intervention en cas de catastrophe dans la ville.<\/p>\n<p>R\u00e9duire la vuln\u00e9rabilit\u00e9 aux incidents potentiels d\u2019urgence et de catastrophe majeurs.<\/p>\n<p>Planifier les meilleurs processus par lesquels la communaut\u00e9 peut rebondir physiquement, \u00e9conomiquement et \u00e9motionnellement.<\/p>\n<p>Impliquer l\u2019ensemble de la communaut\u00e9 dans la planification, la formation et l\u2019exercice des capacit\u00e9s de base dans les cinq domaines de mission que sont la pr\u00e9vention, la protection, l\u2019att\u00e9nuation, la r\u00e9ponse et le r\u00e9tablissement.<\/p>\n<p>Fournir une connaissance de la situation aux services de la ville et aux partenaires de gestion des urgences.<\/p>\n<p>Adopter une approche int\u00e9gr\u00e9e, tous risques confondus et fond\u00e9e sur les risques pour l\u2019att\u00e9nuation, la r\u00e9ponse, la continuit\u00e9 des op\u00e9rations, le r\u00e9tablissement et la planification de la pr\u00e9paration.<\/p>\n<p>Utiliser des strat\u00e9gies de gestion des urgences qui r\u00e9pondent \u00e0 l\u2019objectif ultime de durabilit\u00e9.<\/p>\n<p>Travailler pour am\u00e9liorer la sensibilisation et la compr\u00e9hension des cinq domaines de mission en engageant l\u2019ensemble de la communaut\u00e9 dans la pr\u00e9vention, la protection, l\u2019att\u00e9nuation, la r\u00e9ponse et le r\u00e9tablissement.<\/p>\n<p>\u00c9tablir des partenariats solides avec des entit\u00e9s locales, \u00e9tatiques, r\u00e9gionales, nationales et internationales pour les b\u00e9n\u00e9fices mutuels de la pr\u00e9paration et de la r\u00e9silience.<\/p>\n<p>&nbsp;<\/p>","protected":false},"excerpt":{"rendered":"<p>Back to Department Directory Fire 305.673.7120 Office Hours: Monday &#8211; Friday: 8AM &#8211; 4:30PM Main Office: 2300 Pine Tree DriveMiami [&hellip;]<\/p>\n","protected":false},"author":222,"featured_media":0,"parent":265532,"menu_order":0,"comment_status":"closed","ping_status":"closed","template":"","meta":{"_searchwp_excluded":"1","site-sidebar-layout":"default","site-content-layout":"","ast-site-content-layout":"","site-content-style":"default","site-sidebar-style":"default","ast-global-header-display":"disabled","ast-banner-title-visibility":"","ast-main-header-display":"","ast-hfb-above-header-display":"","ast-hfb-below-header-display":"","ast-hfb-mobile-header-display":"","site-post-title":"","ast-breadcrumbs-content":"","ast-featured-img":"","footer-sml-layout":"disabled","ast-disable-related-posts":"","theme-transparent-header-meta":"","adv-header-id-meta":"","stick-header-meta":"","header-above-stick-meta":"","header-main-stick-meta":"","header-below-stick-meta":"","astra-migrate-meta-layouts":"default","ast-page-background-enabled":"default","ast-page-background-meta":{"desktop":{"background-color":"var(--ast-global-color-5)","background-image":"","background-repeat":"repeat","background-position":"center center","background-size":"auto","background-attachment":"scroll","background-type":"","background-media":"","overlay-type":"","overlay-color":"","overlay-opacity":"","overlay-gradient":""},"tablet":{"background-color":"","background-image":"","background-repeat":"repeat","background-position":"center center","background-size":"auto","background-attachment":"scroll","background-type":"","background-media":"","overlay-type":"","overlay-color":"","overlay-opacity":"","overlay-gradient":""},"mobile":{"background-color":"","background-image":"","background-repeat":"repeat","background-position":"center center","background-size":"auto","background-attachment":"scroll","background-type":"","background-media":"","overlay-type":"","overlay-color":"","overlay-opacity":"","overlay-gradient":""}},"ast-content-background-meta":{"desktop":{"background-color":"var(--ast-global-color-4)","background-image":"","background-repeat":"repeat","background-position":"center center","background-size":"auto","background-attachment":"scroll","background-type":"","background-media":"","overlay-type":"","overlay-color":"","overlay-opacity":"","overlay-gradient":""},"tablet":{"background-color":"var(--ast-global-color-4)","background-image":"","background-repeat":"repeat","background-position":"center center","background-size":"auto","background-attachment":"scroll","background-type":"","background-media":"","overlay-type":"","overlay-color":"","overlay-opacity":"","overlay-gradient":""},"mobile":{"background-color":"var(--ast-global-color-4)","background-image":"","background-repeat":"repeat","background-position":"center center","background-size":"auto","background-attachment":"scroll","background-type":"","background-media":"","overlay-type":"","overlay-color":"","overlay-opacity":"","overlay-gradient":""}},"footnotes":""},"categories":[],"tags":[1002,1000],"class_list":["post-265618","page","type-page","status-publish","hentry","tag-app-egov-page","tag-cityhall-egovapp"],"yoast_head":"<!-- This site is optimized with the Yoast SEO Premium plugin v27.4 (Yoast SEO v27.4) - https:\/\/yoast.com\/product\/yoast-seo-premium-wordpress\/ -->\n<title>Fire Department - City of Miami Beach<\/title>\n<meta name=\"description\" content=\"The Fire Department is a team of dedicated professionals whose mission is to provide our residents and visitors with the highest level of safety and security through the delivery of \ufb01re suppression, emergency medical services, disaster response, ocean rescue, \ufb01re prevention, public education programs, and public safety communications.\" \/>\n<meta name=\"robots\" content=\"index, follow, max-snippet:-1, max-image-preview:large, max-video-preview:-1\" \/>\n<link rel=\"canonical\" href=\"https:\/\/www.miamibeachfl.gov\/fr\/egovapp\/city-hall\/firedepartment\/\" \/>\n<meta property=\"og:locale\" content=\"fr_FR\" \/>\n<meta property=\"og:type\" content=\"article\" \/>\n<meta property=\"og:title\" content=\"Fire Department\" \/>\n<meta property=\"og:description\" content=\"The Fire Department is a team of dedicated professionals whose mission is to provide our residents and visitors with the highest level of safety and security through the delivery of \ufb01re suppression, emergency medical services, disaster response, ocean rescue, \ufb01re prevention, public education programs, and public safety communications.\" \/>\n<meta property=\"og:url\" content=\"https:\/\/www.miamibeachfl.gov\/fr\/egovapp\/city-hall\/firedepartment\/\" \/>\n<meta property=\"og:site_name\" content=\"City of Miami Beach\" \/>\n<meta property=\"article:publisher\" content=\"https:\/\/www.facebook.com\/cityofmiamibeach\" \/>\n<meta property=\"article:modified_time\" content=\"2025-06-07T19:27:22+00:00\" \/>\n<meta property=\"og:image\" content=\"https:\/\/www.miamibeachfl.gov\/wp-content\/uploads\/2024\/01\/1000pxSquare-miamibeach-aerial-southpointview.jpeg\" \/>\n\t<meta property=\"og:image:width\" content=\"1000\" \/>\n\t<meta property=\"og:image:height\" content=\"1000\" \/>\n\t<meta property=\"og:image:type\" content=\"image\/jpeg\" \/>\n<meta name=\"twitter:card\" content=\"summary_large_image\" \/>\n<meta name=\"twitter:site\" content=\"@Miamibeachnews\" \/>\n<script type=\"application\/ld+json\" class=\"yoast-schema-graph\">{\"@context\":\"https:\\\/\\\/schema.org\",\"@graph\":[{\"@type\":\"WebPage\",\"@id\":\"https:\\\/\\\/www.miamibeachfl.gov\\\/egovapp\\\/city-hall\\\/firedepartment\\\/\",\"url\":\"https:\\\/\\\/www.miamibeachfl.gov\\\/egovapp\\\/city-hall\\\/firedepartment\\\/\",\"name\":\"Fire Department - City of Miami Beach\",\"isPartOf\":{\"@id\":\"https:\\\/\\\/www.miamibeachfl.gov\\\/#website\"},\"datePublished\":\"2023-07-20T17:54:33+00:00\",\"dateModified\":\"2025-06-07T19:27:22+00:00\",\"description\":\"The Fire Department is a team of dedicated professionals whose mission is to provide our residents and visitors with the highest level of safety and security through the delivery of \ufb01re suppression, emergency medical services, disaster response, ocean rescue, \ufb01re prevention, public education programs, and public safety communications.\",\"breadcrumb\":{\"@id\":\"https:\\\/\\\/www.miamibeachfl.gov\\\/egovapp\\\/city-hall\\\/firedepartment\\\/#breadcrumb\"},\"inLanguage\":\"fr-FR\",\"potentialAction\":[{\"@type\":\"ReadAction\",\"target\":[\"https:\\\/\\\/www.miamibeachfl.gov\\\/egovapp\\\/city-hall\\\/firedepartment\\\/\"]}]},{\"@type\":\"BreadcrumbList\",\"@id\":\"https:\\\/\\\/www.miamibeachfl.gov\\\/egovapp\\\/city-hall\\\/firedepartment\\\/#breadcrumb\",\"itemListElement\":[{\"@type\":\"ListItem\",\"position\":1,\"name\":\"Home\",\"item\":\"https:\\\/\\\/www.miamibeachfl.gov\\\/\"},{\"@type\":\"ListItem\",\"position\":2,\"name\":\"MobileAppPages\",\"item\":\"https:\\\/\\\/www.miamibeachfl.gov\\\/egovapp\\\/\"},{\"@type\":\"ListItem\",\"position\":3,\"name\":\"City Hall Department Directory\",\"item\":\"https:\\\/\\\/www.miamibeachfl.gov\\\/egovapp\\\/city-hall\\\/\"},{\"@type\":\"ListItem\",\"position\":4,\"name\":\"Fire Department\"}]},{\"@type\":\"WebSite\",\"@id\":\"https:\\\/\\\/www.miamibeachfl.gov\\\/#website\",\"url\":\"https:\\\/\\\/www.miamibeachfl.gov\\\/\",\"name\":\"City of Miami Beach\",\"description\":\"The official website of the City of Miami Beach. Stay informed, find important information on city services, news, alerts, events, trolley routes, government employment and more.\",\"publisher\":{\"@id\":\"https:\\\/\\\/www.miamibeachfl.gov\\\/#organization\"},\"potentialAction\":[{\"@type\":\"SearchAction\",\"target\":{\"@type\":\"EntryPoint\",\"urlTemplate\":\"https:\\\/\\\/www.miamibeachfl.gov\\\/?s={search_term_string}\"},\"query-input\":{\"@type\":\"PropertyValueSpecification\",\"valueRequired\":true,\"valueName\":\"search_term_string\"}}],\"inLanguage\":\"fr-FR\"},{\"@type\":\"Organization\",\"@id\":\"https:\\\/\\\/www.miamibeachfl.gov\\\/#organization\",\"name\":\"City of Miami Beach\",\"url\":\"https:\\\/\\\/www.miamibeachfl.gov\\\/\",\"logo\":{\"@type\":\"ImageObject\",\"inLanguage\":\"fr-FR\",\"@id\":\"https:\\\/\\\/www.miamibeachfl.gov\\\/#\\\/schema\\\/logo\\\/image\\\/\",\"url\":\"https:\\\/\\\/www.miamibeachfl.gov\\\/wp-content\\\/uploads\\\/2022\\\/06\\\/miamibeach-logoblue.png\",\"contentUrl\":\"https:\\\/\\\/www.miamibeachfl.gov\\\/wp-content\\\/uploads\\\/2022\\\/06\\\/miamibeach-logoblue.png\",\"width\":1962,\"height\":381,\"caption\":\"City of Miami Beach\"},\"image\":{\"@id\":\"https:\\\/\\\/www.miamibeachfl.gov\\\/#\\\/schema\\\/logo\\\/image\\\/\"},\"sameAs\":[\"https:\\\/\\\/www.facebook.com\\\/cityofmiamibeach\",\"https:\\\/\\\/x.com\\\/Miamibeachnews\",\"https:\\\/\\\/www.instagram.com\\\/miamibeachnews\\\/\"],\"description\":\"The official website of the City of Miami Beach. Stay informed, find important information on city services, news, alerts, events, trolley routes, government employment and more.\",\"telephone\":\"305.604.CITY(2489)\",\"legalName\":\"City of Miami Beach\"}]}<\/script>\n<!-- \/ Yoast SEO Premium plugin. -->","yoast_head_json":{"title":"Service d&#039;incendie de la ville de Miami Beach","description":"Le service d&#039;incendie est une \u00e9quipe de professionnels d\u00e9vou\u00e9s dont la mission est de fournir \u00e0 nos r\u00e9sidents et visiteurs le plus haut niveau de s\u00e9curit\u00e9 et de s\u00fbret\u00e9 gr\u00e2ce \u00e0 la fourniture de services de lutte contre les incendies, de services m\u00e9dicaux d&#039;urgence, d&#039;intervention en cas de catastrophe, de sauvetage en mer, de pr\u00e9vention des incendies, de programmes d&#039;\u00e9ducation du public et de communications de s\u00e9curit\u00e9 publique.","robots":{"index":"index","follow":"follow","max-snippet":"max-snippet:-1","max-image-preview":"max-image-preview:large","max-video-preview":"max-video-preview:-1"},"canonical":"https:\/\/www.miamibeachfl.gov\/fr\/egovapp\/city-hall\/firedepartment\/","og_locale":"fr_FR","og_type":"article","og_title":"Fire Department","og_description":"The Fire Department is a team of dedicated professionals whose mission is to provide our residents and visitors with the highest level of safety and security through the delivery of \ufb01re suppression, emergency medical services, disaster response, ocean rescue, \ufb01re prevention, public education programs, and public safety communications.","og_url":"https:\/\/www.miamibeachfl.gov\/fr\/egovapp\/city-hall\/firedepartment\/","og_site_name":"City of Miami Beach","article_publisher":"https:\/\/www.facebook.com\/cityofmiamibeach","article_modified_time":"2025-06-07T19:27:22+00:00","og_image":[{"width":1000,"height":1000,"url":"https:\/\/www.miamibeachfl.gov\/wp-content\/uploads\/2024\/01\/1000pxSquare-miamibeach-aerial-southpointview.jpeg","type":"image\/jpeg"}],"twitter_card":"summary_large_image","twitter_site":"@Miamibeachnews","schema":{"@context":"https:\/\/schema.org","@graph":[{"@type":"WebPage","@id":"https:\/\/www.miamibeachfl.gov\/egovapp\/city-hall\/firedepartment\/","url":"https:\/\/www.miamibeachfl.gov\/egovapp\/city-hall\/firedepartment\/","name":"Service d&#039;incendie de la ville de Miami Beach","isPartOf":{"@id":"https:\/\/www.miamibeachfl.gov\/#website"},"datePublished":"2023-07-20T17:54:33+00:00","dateModified":"2025-06-07T19:27:22+00:00","description":"Le service d&#039;incendie est une \u00e9quipe de professionnels d\u00e9vou\u00e9s dont la mission est de fournir \u00e0 nos r\u00e9sidents et visiteurs le plus haut niveau de s\u00e9curit\u00e9 et de s\u00fbret\u00e9 gr\u00e2ce \u00e0 la fourniture de services de lutte contre les incendies, de services m\u00e9dicaux d&#039;urgence, d&#039;intervention en cas de catastrophe, de sauvetage en mer, de pr\u00e9vention des incendies, de programmes d&#039;\u00e9ducation du public et de communications de s\u00e9curit\u00e9 publique.","breadcrumb":{"@id":"https:\/\/www.miamibeachfl.gov\/egovapp\/city-hall\/firedepartment\/#breadcrumb"},"inLanguage":"fr-FR","potentialAction":[{"@type":"ReadAction","target":["https:\/\/www.miamibeachfl.gov\/egovapp\/city-hall\/firedepartment\/"]}]},{"@type":"BreadcrumbList","@id":"https:\/\/www.miamibeachfl.gov\/egovapp\/city-hall\/firedepartment\/#breadcrumb","itemListElement":[{"@type":"ListItem","position":1,"name":"Home","item":"https:\/\/www.miamibeachfl.gov\/"},{"@type":"ListItem","position":2,"name":"MobileAppPages","item":"https:\/\/www.miamibeachfl.gov\/egovapp\/"},{"@type":"ListItem","position":3,"name":"City Hall Department Directory","item":"https:\/\/www.miamibeachfl.gov\/egovapp\/city-hall\/"},{"@type":"ListItem","position":4,"name":"Fire Department"}]},{"@type":"WebSite","@id":"https:\/\/www.miamibeachfl.gov\/#website","url":"https:\/\/www.miamibeachfl.gov\/","name":"Ville de Miami Beach","description":"Site officiel de la ville de Miami Beach. Restez inform\u00e9 et trouvez des informations importantes sur les services municipaux, les actualit\u00e9s, les alertes, les \u00e9v\u00e9nements, les itin\u00e9raires de tramway, les emplois gouvernementaux et bien plus encore.","publisher":{"@id":"https:\/\/www.miamibeachfl.gov\/#organization"},"potentialAction":[{"@type":"SearchAction","target":{"@type":"EntryPoint","urlTemplate":"https:\/\/www.miamibeachfl.gov\/?s={search_term_string}"},"query-input":{"@type":"PropertyValueSpecification","valueRequired":true,"valueName":"search_term_string"}}],"inLanguage":"fr-FR"},{"@type":"Organization","@id":"https:\/\/www.miamibeachfl.gov\/#organization","name":"Ville de Miami Beach","url":"https:\/\/www.miamibeachfl.gov\/","logo":{"@type":"ImageObject","inLanguage":"fr-FR","@id":"https:\/\/www.miamibeachfl.gov\/#\/schema\/logo\/image\/","url":"https:\/\/www.miamibeachfl.gov\/wp-content\/uploads\/2022\/06\/miamibeach-logoblue.png","contentUrl":"https:\/\/www.miamibeachfl.gov\/wp-content\/uploads\/2022\/06\/miamibeach-logoblue.png","width":1962,"height":381,"caption":"City of Miami Beach"},"image":{"@id":"https:\/\/www.miamibeachfl.gov\/#\/schema\/logo\/image\/"},"sameAs":["https:\/\/www.facebook.com\/cityofmiamibeach","https:\/\/x.com\/Miamibeachnews","https:\/\/www.instagram.com\/miamibeachnews\/"],"description":"Site officiel de la ville de Miami Beach. Restez inform\u00e9 et trouvez des informations importantes sur les services municipaux, les actualit\u00e9s, les alertes, les \u00e9v\u00e9nements, les itin\u00e9raires de tramway, les emplois gouvernementaux et bien plus encore.","telephone":"305.604.CITY(2489)","legalName":"City of Miami Beach"}]}},"_links":{"self":[{"href":"https:\/\/www.miamibeachfl.gov\/fr\/wp-json\/wp\/v2\/pages\/265618","targetHints":{"allow":["GET"]}}],"collection":[{"href":"https:\/\/www.miamibeachfl.gov\/fr\/wp-json\/wp\/v2\/pages"}],"about":[{"href":"https:\/\/www.miamibeachfl.gov\/fr\/wp-json\/wp\/v2\/types\/page"}],"author":[{"embeddable":true,"href":"https:\/\/www.miamibeachfl.gov\/fr\/wp-json\/wp\/v2\/users\/222"}],"replies":[{"embeddable":true,"href":"https:\/\/www.miamibeachfl.gov\/fr\/wp-json\/wp\/v2\/comments?post=265618"}],"version-history":[{"count":1,"href":"https:\/\/www.miamibeachfl.gov\/fr\/wp-json\/wp\/v2\/pages\/265618\/revisions"}],"predecessor-version":[{"id":375800,"href":"https:\/\/www.miamibeachfl.gov\/fr\/wp-json\/wp\/v2\/pages\/265618\/revisions\/375800"}],"up":[{"embeddable":true,"href":"https:\/\/www.miamibeachfl.gov\/fr\/wp-json\/wp\/v2\/pages\/265532"}],"wp:attachment":[{"href":"https:\/\/www.miamibeachfl.gov\/fr\/wp-json\/wp\/v2\/media?parent=265618"}],"wp:term":[{"taxonomy":"category","embeddable":true,"href":"https:\/\/www.miamibeachfl.gov\/fr\/wp-json\/wp\/v2\/categories?post=265618"},{"taxonomy":"post_tag","embeddable":true,"href":"https:\/\/www.miamibeachfl.gov\/fr\/wp-json\/wp\/v2\/tags?post=265618"}],"curies":[{"name":"wp","href":"https:\/\/api.w.org\/{rel}","templated":true}]}}