{"id":265657,"date":"2023-07-20T16:45:28","date_gmt":"2023-07-20T20:45:28","guid":{"rendered":"https:\/\/www.miamibeachfl.gov\/?page_id=265657"},"modified":"2025-06-07T15:43:49","modified_gmt":"2025-06-07T19:43:49","slug":"communicationsdepartment","status":"publish","type":"page","link":"https:\/\/www.miamibeachfl.gov\/fr\/egovapp\/city-hall\/communicationsdepartment\/","title":{"rendered":"Marketing et communication"},"content":{"rendered":"<a href=\"https:\/\/www.miamibeachfl.gov\/fr\/egovapp\/city-hall\/\" target=\"_self\" role=\"button\" rel=\"noopener\">\r\n\t\t\t\t\t\tRetour \u00e0 l&#039;annuaire des d\u00e9partements\r\n\t\t\t\t\t<\/a>\r\n<h1>\r\n\t\tMarketing et communication\r\n\t<\/h1>\r\n\t<ul>\r\n\t\t<li><a href=\"tel:3056737575\" target=\"_self\" aria-label=\"Aller au t\u00e9l:3056737575\" rel=\"noopener\"><\/a>\t\t\t\t\r\n\t\t<h3>305.673.7575<\/h3><\/li><li>\t\t\t\t\r\n\t\t<h3>Heures d&#039;ouverture :<\/h3><p>Lundi \u2013 vendredi : 9h \u2013 17h<\/p><\/li><li><a href=\"https:\/\/goo.gl\/maps\/3ygKwhECckA3SPxWA\" target=\"_blank\" rel=\"noopener\" aria-label=\"Acc\u00e9dez \u00e0 https:\/\/goo.gl\/maps\/3ygKwhECckA3SPxWA\"><\/a>\t\t\t\t\r\n\t\t<h3>Si\u00e8ge social :<\/h3><p>1700 Convention Center Drive<br \/>Miami Beach, FL 33139<\/p><\/li>\t<\/ul>\r\n<h2>\r\n\t\tRestez connect\u00e9! <br \/>M\u00e9dias sociaux, actualit\u00e9s, alertes et plus\r\n\t<\/h2>\r\n\t<ul>\r\n\t\t<li><a href=\"https:\/\/www.facebook.com\/cityofmiamibeach\/\" target=\"_self\" aria-label=\"Allez sur https:\/\/www.facebook.com\/cityofmiamibeach\/\" rel=\"noopener\"><\/a>\t\t\t\t\r\n\t\t<h3>Facebook<\/h3><br \/>\r\n<\/li><li>\t\t\t\t\r\n\t\t<h3>Instagram<\/h3><\/li><li><a href=\"https:\/\/twitter.com\/miamibeachnews\" target=\"_blank\" rel=\"noopener\" aria-label=\"Allez sur https:\/\/twitter.com\/miamibeachnews\"><\/a>\t\t\r\n\t\t\t\t<img decoding=\"async\" src=\"https:\/\/www.miamibeachfl.gov\/wp-content\/uploads\/2023\/11\/twitterx.png\" alt=\"twitter X\" title=\"Twitterx\" itemprop=\"image\"\/>\r\n\t\t<h3>Gazouillement<\/h3><\/li><li><a href=\"https:\/\/goo.gl\/maps\/3ygKwhECckA3SPxWA\" target=\"_blank\" rel=\"noopener\" aria-label=\"Acc\u00e9dez \u00e0 https:\/\/goo.gl\/maps\/3ygKwhECckA3SPxWA\"><\/a>\t\t\t\t\r\n\t\t<h3>\u00c0 c\u00f4t\u00e9<\/h3><\/li><li><a href=\"https:\/\/www.youtube.com\/user\/cityofmiamibeach\/videos\" target=\"_blank\" rel=\"noopener\" aria-label=\"Allez sur https:\/\/www.youtube.com\/user\/cityofmiamibeach\/videos\"><\/a>\t\t\t\t\r\n\t\t<h3>YouTube<\/h3><\/li>\t<\/ul>\r\n\t<ul>\r\n\t\t<li><a href=\"https:\/\/issuu.com\/cityofmiamibeach\" target=\"_self\" aria-label=\"Allez sur https:\/\/issuu.com\/cityofmiamibeach\" rel=\"noopener\"><\/a>\t\t\t\t\r\n\t\t<h3>MB Magazine<\/h3><p>Le magazine trimestriel bilingue de la ville de Miami Beach.<\/p><\/li><li>\t\t\t\t\r\n\t\t<h3>MBTV<\/h3><p>La cha\u00eene officielle de la ville de Miami Beach o\u00f9 vous pouvez regarder des r\u00e9unions en direct.<\/p><\/li><li><a href=\"https:\/\/visitor.r20.constantcontact.com\/manage\/optin?v=001G3gQF_El_4o1UEbguheB5mmzfG7onDdMWh1j1h9a2GsYhO3lonlhDSUJFN_o5P9wC0vRAaCeLeZPSQUtU24d15ThoaXBqAVUR9PeN6M6eUc%3D\" target=\"_blank\" rel=\"noopener\" aria-label=\"Go to https:\/\/visitor.r20.constantcontact.com\/manage\/optin?v=001G3gQF_El_4o1UEbguheB5mmzfG7onDdMWh1j1h9a2GsYhO3lonlhDSUJFN_o5P9wC0vRAaCeLeZPSQUtU24d15ThoaXBqAVUR9PeN6M6eUc%3D\"><\/a>\t\t\t\t\r\n\t\t<h3>Bulletins \u00e9lectroniques<\/h3><p>Inscrivez-vous pour recevoir des notifications par courriel sur des domaines, des sujets, des r\u00e9unions sp\u00e9cifiques ou sur toutes les notifications de la ville.<\/p><\/li><li>\t\t\t\t\r\n\t\t<h3>Envoyez MBAlert par SMS au 888777<\/h3><p>Abonnez-vous pour recevoir des notifications d&#039;urgence et de trafic important sur votre appareil mobile.<\/p><\/li><li>\t\t\t\t\r\n\t\t<h3>Mb Resident Connect<\/h3><p>Inscrivez-vous pour recevoir des notifications par courrier \u00e9lectronique bas\u00e9es sur des mots-cl\u00e9s ou des expressions publi\u00e9s dans l&#039;ordre du jour d&#039;une r\u00e9union publique.<\/p><\/li><li>\t\t\t\t\r\n\t\t<h3>Le droit des r\u00e9sidents \u00e0 savoir<\/h3><p>Recevez des notifications \u00e9lectroniques cibl\u00e9es sur les questions qui impactent la qualit\u00e9 de vie des r\u00e9sidents. Recevez des notifications pour Mid, North et South Beach.<\/p><\/li><li>\t\t\t\t\r\n\t\t<h3>Signaler un probl\u00e8me<\/h3><p>Utilisez le formulaire de demande sur cette application pour signaler un probl\u00e8me ou appeler <strong><a href=\"tel:3056042489\">305.604.VILLE<\/a><\/strong> (2489) ou notre ligne de police non urgente <strong><a href=\"tel:3056737900\">305.673.7900<\/a>.\u00a0<\/strong><\/p><\/li><li><a href=\"https:\/\/www.miamibeachfl.gov\/fr\/egovapp\/city-hall\/communicationsdepartment\/neighborhood-affairs-division\/\" target=\"_blank\" rel=\"noopener\" aria-label=\"Acc\u00e9dez \u00e0 https:\/\/www.miamibeachfl.gov\/egovapp\/city-hall\/communicationsdepartment\/neighborhood-affairs-division\/\"><\/a>\t\t\t\t\r\n\t\t<h3>Division des affaires de quartier<\/h3><\/li>\t<\/ul>\r\n<h2>\r\n\t\tArri\u00e8re-plan\r\n\t<\/h2>\r\n\t<p>Le Bureau du marketing et de la communication est avant tout un lien entre la municipalit\u00e9 de Miami Beach et ses diff\u00e9rents services, le public et les m\u00e9dias. Il dispose d&#039;une panoplie d&#039;outils comprenant des communiqu\u00e9s de presse, des campagnes sur les r\u00e9seaux sociaux sur de multiples plateformes, des newsletters personnalis\u00e9es, des publications imprim\u00e9es, des campagnes t\u00e9l\u00e9vis\u00e9es, du publipostage, des alertes SMS, des interactions personnelles avec les groupes communautaires, des communications de crise et de la publicit\u00e9 ext\u00e9rieure, notamment sur des panneaux d&#039;affichage, des abribus et des habillages de trolleybus. Nous produisons des milliers de contenus cr\u00e9atifs chaque ann\u00e9e. Le bureau n&#039;est pas charg\u00e9 de promouvoir le tourisme et l&#039;h\u00f4tellerie, ces initiatives \u00e9tant sous-trait\u00e9es \u00e0 l&#039;Office de tourisme du Grand Miami. Il joue n\u00e9anmoins un r\u00f4le important dans la diffusion d&#039;informations sur les \u00e9v\u00e9nements \u00e0 forte composante touristique.<\/p>\r\n<p>La Division des Affaires de Quartier favorise des partenariats solides entre la communaut\u00e9 et les services op\u00e9rationnels de la ville afin d&#039;am\u00e9liorer la qualit\u00e9 de vie des habitants et des entreprises. Notre \u00e9quipe de coordonnateurs des Affaires de Quartier collabore activement avec la communaut\u00e9 pour identifier les besoins et demandes sp\u00e9cifiques et fournir un service client r\u00e9actif et rapide. Notre objectif est de faciliter la communication, de promouvoir l&#039;engagement citoyen et de cr\u00e9er un sentiment de fiert\u00e9 et d&#039;appartenance au sein des quartiers afin de cr\u00e9er une ville plus forte, plus connect\u00e9e et plus prosp\u00e8re.<\/p>","protected":false},"excerpt":{"rendered":"<p>Back to Department Directory Marketing and Communications 305.673.7575 Office Hours: Monday &#8211; Friday: 9AM &#8211; 5PM Main Office: 1700 Convention [&hellip;]<\/p>\n","protected":false},"author":222,"featured_media":0,"parent":265532,"menu_order":0,"comment_status":"closed","ping_status":"closed","template":"","meta":{"_searchwp_excluded":"1","site-sidebar-layout":"default","site-content-layout":"","ast-site-content-layout":"","site-content-style":"default","site-sidebar-style":"default","ast-global-header-display":"disabled","ast-banner-title-visibility":"","ast-main-header-display":"","ast-hfb-above-header-display":"","ast-hfb-below-header-display":"","ast-hfb-mobile-header-display":"","site-post-title":"","ast-breadcrumbs-content":"","ast-featured-img":"","footer-sml-layout":"disabled","ast-disable-related-posts":"","theme-transparent-header-meta":"","adv-header-id-meta":"","stick-header-meta":"","header-above-stick-meta":"","header-main-stick-meta":"","header-below-stick-meta":"","astra-migrate-meta-layouts":"default","ast-page-background-enabled":"default","ast-page-background-meta":{"desktop":{"background-color":"var(--ast-global-color-5)","background-image":"","background-repeat":"repeat","background-position":"center center","background-size":"auto","background-attachment":"scroll","background-type":"","background-media":"","overlay-type":"","overlay-color":"","overlay-opacity":"","overlay-gradient":""},"tablet":{"background-color":"","background-image":"","background-repeat":"repeat","background-position":"center center","background-size":"auto","background-attachment":"scroll","background-type":"","background-media":"","overlay-type":"","overlay-color":"","overlay-opacity":"","overlay-gradient":""},"mobile":{"background-color":"","background-image":"","background-repeat":"repeat","background-position":"center center","background-size":"auto","background-attachment":"scroll","background-type":"","background-media":"","overlay-type":"","overlay-color":"","overlay-opacity":"","overlay-gradient":""}},"ast-content-background-meta":{"desktop":{"background-color":"var(--ast-global-color-4)","background-image":"","background-repeat":"repeat","background-position":"center center","background-size":"auto","background-attachment":"scroll","background-type":"","background-media":"","overlay-type":"","overlay-color":"","overlay-opacity":"","overlay-gradient":""},"tablet":{"background-color":"var(--ast-global-color-4)","background-image":"","background-repeat":"repeat","background-position":"center center","background-size":"auto","background-attachment":"scroll","background-type":"","background-media":"","overlay-type":"","overlay-color":"","overlay-opacity":"","overlay-gradient":""},"mobile":{"background-color":"var(--ast-global-color-4)","background-image":"","background-repeat":"repeat","background-position":"center center","background-size":"auto","background-attachment":"scroll","background-type":"","background-media":"","overlay-type":"","overlay-color":"","overlay-opacity":"","overlay-gradient":""}},"footnotes":""},"categories":[],"tags":[1002,1000],"class_list":["post-265657","page","type-page","status-publish","hentry","tag-app-egov-page","tag-cityhall-egovapp"],"yoast_head":"<!-- This site is optimized with the Yoast SEO Premium plugin v27.4 (Yoast SEO v27.4) - https:\/\/yoast.com\/product\/yoast-seo-premium-wordpress\/ -->\n<title>Marketing &amp; Communications - City of Miami Beach<\/title>\n<meta name=\"description\" content=\"The Office of Marketing &amp; Communications acts as a superhighway that connects the City of Miami Beach with residents, community groups, our many visitors and the media. The office takes the pulse of city stakeholders to fulfill our role as internal marketing agency and the communications engine for all city departments.\" \/>\n<meta name=\"robots\" content=\"index, follow, max-snippet:-1, max-image-preview:large, max-video-preview:-1\" \/>\n<link rel=\"canonical\" href=\"https:\/\/www.miamibeachfl.gov\/fr\/egovapp\/city-hall\/communicationsdepartment\/\" \/>\n<meta property=\"og:locale\" content=\"fr_FR\" \/>\n<meta property=\"og:type\" content=\"article\" \/>\n<meta property=\"og:title\" content=\"Marketing &amp; Communications\" \/>\n<meta property=\"og:description\" content=\"The Office of Marketing &amp; Communications acts as a superhighway that connects the City of Miami Beach with residents, community groups, our many visitors and the media. The office takes the pulse of city stakeholders to fulfill our role as internal marketing agency and the communications engine for all city departments.\" \/>\n<meta property=\"og:url\" content=\"https:\/\/www.miamibeachfl.gov\/fr\/egovapp\/city-hall\/communicationsdepartment\/\" \/>\n<meta property=\"og:site_name\" content=\"City of Miami Beach\" \/>\n<meta property=\"article:publisher\" content=\"https:\/\/www.facebook.com\/cityofmiamibeach\" \/>\n<meta property=\"article:modified_time\" content=\"2025-06-07T19:43:49+00:00\" \/>\n<meta property=\"og:image\" content=\"https:\/\/www.miamibeachfl.gov\/wp-content\/uploads\/2023\/11\/twitterx.png\" \/>\n<meta name=\"twitter:card\" content=\"summary_large_image\" \/>\n<meta name=\"twitter:site\" content=\"@Miamibeachnews\" \/>\n<script type=\"application\/ld+json\" class=\"yoast-schema-graph\">{\"@context\":\"https:\\\/\\\/schema.org\",\"@graph\":[{\"@type\":\"WebPage\",\"@id\":\"https:\\\/\\\/www.miamibeachfl.gov\\\/egovapp\\\/city-hall\\\/communicationsdepartment\\\/\",\"url\":\"https:\\\/\\\/www.miamibeachfl.gov\\\/egovapp\\\/city-hall\\\/communicationsdepartment\\\/\",\"name\":\"Marketing & Communications - City of Miami Beach\",\"isPartOf\":{\"@id\":\"https:\\\/\\\/www.miamibeachfl.gov\\\/#website\"},\"primaryImageOfPage\":{\"@id\":\"https:\\\/\\\/www.miamibeachfl.gov\\\/egovapp\\\/city-hall\\\/communicationsdepartment\\\/#primaryimage\"},\"image\":{\"@id\":\"https:\\\/\\\/www.miamibeachfl.gov\\\/egovapp\\\/city-hall\\\/communicationsdepartment\\\/#primaryimage\"},\"thumbnailUrl\":\"https:\\\/\\\/www.miamibeachfl.gov\\\/wp-content\\\/uploads\\\/2023\\\/11\\\/twitterx.png\",\"datePublished\":\"2023-07-20T20:45:28+00:00\",\"dateModified\":\"2025-06-07T19:43:49+00:00\",\"description\":\"The Office of Marketing & Communications acts as a superhighway that connects the City of Miami Beach with residents, community groups, our many visitors and the media. The office takes the pulse of city stakeholders to fulfill our role as internal marketing agency and the communications engine for all city departments.\",\"breadcrumb\":{\"@id\":\"https:\\\/\\\/www.miamibeachfl.gov\\\/egovapp\\\/city-hall\\\/communicationsdepartment\\\/#breadcrumb\"},\"inLanguage\":\"fr-FR\",\"potentialAction\":[{\"@type\":\"ReadAction\",\"target\":[\"https:\\\/\\\/www.miamibeachfl.gov\\\/egovapp\\\/city-hall\\\/communicationsdepartment\\\/\"]}]},{\"@type\":\"ImageObject\",\"inLanguage\":\"fr-FR\",\"@id\":\"https:\\\/\\\/www.miamibeachfl.gov\\\/egovapp\\\/city-hall\\\/communicationsdepartment\\\/#primaryimage\",\"url\":\"https:\\\/\\\/www.miamibeachfl.gov\\\/wp-content\\\/uploads\\\/2023\\\/11\\\/twitterx.png\",\"contentUrl\":\"https:\\\/\\\/www.miamibeachfl.gov\\\/wp-content\\\/uploads\\\/2023\\\/11\\\/twitterx.png\"},{\"@type\":\"BreadcrumbList\",\"@id\":\"https:\\\/\\\/www.miamibeachfl.gov\\\/egovapp\\\/city-hall\\\/communicationsdepartment\\\/#breadcrumb\",\"itemListElement\":[{\"@type\":\"ListItem\",\"position\":1,\"name\":\"Home\",\"item\":\"https:\\\/\\\/www.miamibeachfl.gov\\\/\"},{\"@type\":\"ListItem\",\"position\":2,\"name\":\"MobileAppPages\",\"item\":\"https:\\\/\\\/www.miamibeachfl.gov\\\/egovapp\\\/\"},{\"@type\":\"ListItem\",\"position\":3,\"name\":\"City Hall Department Directory\",\"item\":\"https:\\\/\\\/www.miamibeachfl.gov\\\/egovapp\\\/city-hall\\\/\"},{\"@type\":\"ListItem\",\"position\":4,\"name\":\"Marketing &#038; Communications\"}]},{\"@type\":\"WebSite\",\"@id\":\"https:\\\/\\\/www.miamibeachfl.gov\\\/#website\",\"url\":\"https:\\\/\\\/www.miamibeachfl.gov\\\/\",\"name\":\"City of Miami Beach\",\"description\":\"The official website of the City of Miami Beach. Stay informed, find important information on city services, news, alerts, events, trolley routes, government employment and more.\",\"publisher\":{\"@id\":\"https:\\\/\\\/www.miamibeachfl.gov\\\/#organization\"},\"potentialAction\":[{\"@type\":\"SearchAction\",\"target\":{\"@type\":\"EntryPoint\",\"urlTemplate\":\"https:\\\/\\\/www.miamibeachfl.gov\\\/?s={search_term_string}\"},\"query-input\":{\"@type\":\"PropertyValueSpecification\",\"valueRequired\":true,\"valueName\":\"search_term_string\"}}],\"inLanguage\":\"fr-FR\"},{\"@type\":\"Organization\",\"@id\":\"https:\\\/\\\/www.miamibeachfl.gov\\\/#organization\",\"name\":\"City of Miami Beach\",\"url\":\"https:\\\/\\\/www.miamibeachfl.gov\\\/\",\"logo\":{\"@type\":\"ImageObject\",\"inLanguage\":\"fr-FR\",\"@id\":\"https:\\\/\\\/www.miamibeachfl.gov\\\/#\\\/schema\\\/logo\\\/image\\\/\",\"url\":\"https:\\\/\\\/www.miamibeachfl.gov\\\/wp-content\\\/uploads\\\/2022\\\/06\\\/miamibeach-logoblue.png\",\"contentUrl\":\"https:\\\/\\\/www.miamibeachfl.gov\\\/wp-content\\\/uploads\\\/2022\\\/06\\\/miamibeach-logoblue.png\",\"width\":1962,\"height\":381,\"caption\":\"City of Miami Beach\"},\"image\":{\"@id\":\"https:\\\/\\\/www.miamibeachfl.gov\\\/#\\\/schema\\\/logo\\\/image\\\/\"},\"sameAs\":[\"https:\\\/\\\/www.facebook.com\\\/cityofmiamibeach\",\"https:\\\/\\\/x.com\\\/Miamibeachnews\",\"https:\\\/\\\/www.instagram.com\\\/miamibeachnews\\\/\"],\"description\":\"The official website of the City of Miami Beach. Stay informed, find important information on city services, news, alerts, events, trolley routes, government employment and more.\",\"telephone\":\"305.604.CITY(2489)\",\"legalName\":\"City of Miami Beach\"}]}<\/script>\n<!-- \/ Yoast SEO Premium plugin. -->","yoast_head_json":{"title":"Marketing et communication - Ville de Miami Beach","description":"Le Bureau du marketing et de la communication est un v\u00e9ritable carrefour reliant la ville de Miami Beach aux r\u00e9sidents, aux associations, \u00e0 nos nombreux visiteurs et aux m\u00e9dias. Il prend le pouls des acteurs de la ville pour remplir son r\u00f4le d&#039;agence de marketing interne et de moteur de communication pour tous les services municipaux.","robots":{"index":"index","follow":"follow","max-snippet":"max-snippet:-1","max-image-preview":"max-image-preview:large","max-video-preview":"max-video-preview:-1"},"canonical":"https:\/\/www.miamibeachfl.gov\/fr\/egovapp\/city-hall\/communicationsdepartment\/","og_locale":"fr_FR","og_type":"article","og_title":"Marketing & Communications","og_description":"The Office of Marketing & Communications acts as a superhighway that connects the City of Miami Beach with residents, community groups, our many visitors and the media. The office takes the pulse of city stakeholders to fulfill our role as internal marketing agency and the communications engine for all city departments.","og_url":"https:\/\/www.miamibeachfl.gov\/fr\/egovapp\/city-hall\/communicationsdepartment\/","og_site_name":"City of Miami Beach","article_publisher":"https:\/\/www.facebook.com\/cityofmiamibeach","article_modified_time":"2025-06-07T19:43:49+00:00","og_image":[{"url":"https:\/\/www.miamibeachfl.gov\/wp-content\/uploads\/2023\/11\/twitterx.png","type":"","width":"","height":""}],"twitter_card":"summary_large_image","twitter_site":"@Miamibeachnews","schema":{"@context":"https:\/\/schema.org","@graph":[{"@type":"WebPage","@id":"https:\/\/www.miamibeachfl.gov\/egovapp\/city-hall\/communicationsdepartment\/","url":"https:\/\/www.miamibeachfl.gov\/egovapp\/city-hall\/communicationsdepartment\/","name":"Marketing et communication - Ville de Miami Beach","isPartOf":{"@id":"https:\/\/www.miamibeachfl.gov\/#website"},"primaryImageOfPage":{"@id":"https:\/\/www.miamibeachfl.gov\/egovapp\/city-hall\/communicationsdepartment\/#primaryimage"},"image":{"@id":"https:\/\/www.miamibeachfl.gov\/egovapp\/city-hall\/communicationsdepartment\/#primaryimage"},"thumbnailUrl":"https:\/\/www.miamibeachfl.gov\/wp-content\/uploads\/2023\/11\/twitterx.png","datePublished":"2023-07-20T20:45:28+00:00","dateModified":"2025-06-07T19:43:49+00:00","description":"Le Bureau du marketing et de la communication est un v\u00e9ritable carrefour reliant la ville de Miami Beach aux r\u00e9sidents, aux associations, \u00e0 nos nombreux visiteurs et aux m\u00e9dias. Il prend le pouls des acteurs de la ville pour remplir son r\u00f4le d&#039;agence de marketing interne et de moteur de communication pour tous les services municipaux.","breadcrumb":{"@id":"https:\/\/www.miamibeachfl.gov\/egovapp\/city-hall\/communicationsdepartment\/#breadcrumb"},"inLanguage":"fr-FR","potentialAction":[{"@type":"ReadAction","target":["https:\/\/www.miamibeachfl.gov\/egovapp\/city-hall\/communicationsdepartment\/"]}]},{"@type":"ImageObject","inLanguage":"fr-FR","@id":"https:\/\/www.miamibeachfl.gov\/egovapp\/city-hall\/communicationsdepartment\/#primaryimage","url":"https:\/\/www.miamibeachfl.gov\/wp-content\/uploads\/2023\/11\/twitterx.png","contentUrl":"https:\/\/www.miamibeachfl.gov\/wp-content\/uploads\/2023\/11\/twitterx.png"},{"@type":"BreadcrumbList","@id":"https:\/\/www.miamibeachfl.gov\/egovapp\/city-hall\/communicationsdepartment\/#breadcrumb","itemListElement":[{"@type":"ListItem","position":1,"name":"Home","item":"https:\/\/www.miamibeachfl.gov\/"},{"@type":"ListItem","position":2,"name":"MobileAppPages","item":"https:\/\/www.miamibeachfl.gov\/egovapp\/"},{"@type":"ListItem","position":3,"name":"City Hall Department Directory","item":"https:\/\/www.miamibeachfl.gov\/egovapp\/city-hall\/"},{"@type":"ListItem","position":4,"name":"Marketing &#038; Communications"}]},{"@type":"WebSite","@id":"https:\/\/www.miamibeachfl.gov\/#website","url":"https:\/\/www.miamibeachfl.gov\/","name":"Ville de Miami Beach","description":"Site officiel de la ville de Miami Beach. Restez inform\u00e9 et trouvez des informations importantes sur les services municipaux, les actualit\u00e9s, les alertes, les \u00e9v\u00e9nements, les itin\u00e9raires de tramway, les emplois gouvernementaux et bien plus encore.","publisher":{"@id":"https:\/\/www.miamibeachfl.gov\/#organization"},"potentialAction":[{"@type":"SearchAction","target":{"@type":"EntryPoint","urlTemplate":"https:\/\/www.miamibeachfl.gov\/?s={search_term_string}"},"query-input":{"@type":"PropertyValueSpecification","valueRequired":true,"valueName":"search_term_string"}}],"inLanguage":"fr-FR"},{"@type":"Organization","@id":"https:\/\/www.miamibeachfl.gov\/#organization","name":"Ville de Miami Beach","url":"https:\/\/www.miamibeachfl.gov\/","logo":{"@type":"ImageObject","inLanguage":"fr-FR","@id":"https:\/\/www.miamibeachfl.gov\/#\/schema\/logo\/image\/","url":"https:\/\/www.miamibeachfl.gov\/wp-content\/uploads\/2022\/06\/miamibeach-logoblue.png","contentUrl":"https:\/\/www.miamibeachfl.gov\/wp-content\/uploads\/2022\/06\/miamibeach-logoblue.png","width":1962,"height":381,"caption":"City of Miami Beach"},"image":{"@id":"https:\/\/www.miamibeachfl.gov\/#\/schema\/logo\/image\/"},"sameAs":["https:\/\/www.facebook.com\/cityofmiamibeach","https:\/\/x.com\/Miamibeachnews","https:\/\/www.instagram.com\/miamibeachnews\/"],"description":"Site officiel de la ville de Miami Beach. Restez inform\u00e9 et trouvez des informations importantes sur les services municipaux, les actualit\u00e9s, les alertes, les \u00e9v\u00e9nements, les itin\u00e9raires de tramway, les emplois gouvernementaux et bien plus encore.","telephone":"305.604.CITY(2489)","legalName":"City of Miami Beach"}]}},"_links":{"self":[{"href":"https:\/\/www.miamibeachfl.gov\/fr\/wp-json\/wp\/v2\/pages\/265657","targetHints":{"allow":["GET"]}}],"collection":[{"href":"https:\/\/www.miamibeachfl.gov\/fr\/wp-json\/wp\/v2\/pages"}],"about":[{"href":"https:\/\/www.miamibeachfl.gov\/fr\/wp-json\/wp\/v2\/types\/page"}],"author":[{"embeddable":true,"href":"https:\/\/www.miamibeachfl.gov\/fr\/wp-json\/wp\/v2\/users\/222"}],"replies":[{"embeddable":true,"href":"https:\/\/www.miamibeachfl.gov\/fr\/wp-json\/wp\/v2\/comments?post=265657"}],"version-history":[{"count":0,"href":"https:\/\/www.miamibeachfl.gov\/fr\/wp-json\/wp\/v2\/pages\/265657\/revisions"}],"up":[{"embeddable":true,"href":"https:\/\/www.miamibeachfl.gov\/fr\/wp-json\/wp\/v2\/pages\/265532"}],"wp:attachment":[{"href":"https:\/\/www.miamibeachfl.gov\/fr\/wp-json\/wp\/v2\/media?parent=265657"}],"wp:term":[{"taxonomy":"category","embeddable":true,"href":"https:\/\/www.miamibeachfl.gov\/fr\/wp-json\/wp\/v2\/categories?post=265657"},{"taxonomy":"post_tag","embeddable":true,"href":"https:\/\/www.miamibeachfl.gov\/fr\/wp-json\/wp\/v2\/tags?post=265657"}],"curies":[{"name":"wp","href":"https:\/\/api.w.org\/{rel}","templated":true}]}}