{"id":265678,"date":"2023-07-20T18:08:07","date_gmt":"2023-07-20T22:08:07","guid":{"rendered":"https:\/\/www.miamibeachfl.gov\/?page_id=265678"},"modified":"2026-01-21T14:52:42","modified_gmt":"2026-01-21T19:52:42","slug":"parksandrecreationdepartment","status":"publish","type":"page","link":"https:\/\/www.miamibeachfl.gov\/fr\/egovapp\/city-hall\/parksandrecreationdepartment\/","title":{"rendered":"Parcs, installations, flotte et plages"},"content":{"rendered":"<a href=\"https:\/\/www.miamibeachfl.gov\/fr\/egovapp\/city-hall\/\" target=\"_self\">\n\t\t\t\t\t\tRetour \u00e0 l&#039;annuaire des d\u00e9partements\n\t\t\t\t\t<\/a>\n<h1>\n\t\t\tParcs et loisirs\t<\/h1>\n\t<ul>\n\t\t<li><a href=\"tel:3056737730\" target=\"_self\"  aria-label=\"Aller au t\u00e9l:3056737730\">\t\t\t\t\n\t\t<h3>Num\u00e9ro principal :<\/h3><p>305.673.7730<\/p><\/a><\/li><li>\t\t\t\t\n\t\t<h3>Heures d&#039;ouverture :<\/h3><p>Du lundi au vendredi de 8h30 \u00e0 18h<\/p><\/li><li><a href=\"https:\/\/goo.gl\/maps\/D58e7156XLeyUaHf7\" target=\"_blank\" rel=\"noopener\" aria-label=\"Acc\u00e9dez \u00e0 https:\/\/goo.gl\/maps\/D58e7156XLeyUaHf7\">\t\t\t\t\n\t\t<h3>Si\u00e8ge social :<\/h3><p>1701, avenue M\u00e9ridien<br \/>Suite 401<br \/>Miami Beach, FL 33139<\/p><\/a><\/li>\t<\/ul>\n\t\t\t<a href=\"\/fr\/egovapp\/city-hall\/parksandrecreationdepartment\/\" target=\"_self\">\n\t\t\t\t\t\t\tVoir les programmes et les informations\n\t\t\t<\/a>","protected":false},"excerpt":{"rendered":"<p>Back to Department Directory Parks and Recreation Main Number: 305.673.7730 Office Hours: Monday &#8211; Friday 8:30AM &#8211; 6PM Main Office: [&hellip;]<\/p>\n","protected":false},"author":222,"featured_media":0,"parent":265532,"menu_order":0,"comment_status":"closed","ping_status":"closed","template":"","meta":{"_searchwp_excluded":"1","site-sidebar-layout":"default","site-content-layout":"","ast-site-content-layout":"","site-content-style":"default","site-sidebar-style":"default","ast-global-header-display":"disabled","ast-banner-title-visibility":"","ast-main-header-display":"","ast-hfb-above-header-display":"","ast-hfb-below-header-display":"","ast-hfb-mobile-header-display":"","site-post-title":"","ast-breadcrumbs-content":"","ast-featured-img":"","footer-sml-layout":"disabled","ast-disable-related-posts":"","theme-transparent-header-meta":"","adv-header-id-meta":"","stick-header-meta":"","header-above-stick-meta":"","header-main-stick-meta":"","header-below-stick-meta":"","astra-migrate-meta-layouts":"default","ast-page-background-enabled":"default","ast-page-background-meta":{"desktop":{"background-color":"var(--ast-global-color-5)","background-image":"","background-repeat":"repeat","background-position":"center center","background-size":"auto","background-attachment":"scroll","background-type":"","background-media":"","overlay-type":"","overlay-color":"","overlay-opacity":"","overlay-gradient":""},"tablet":{"background-color":"","background-image":"","background-repeat":"repeat","background-position":"center center","background-size":"auto","background-attachment":"scroll","background-type":"","background-media":"","overlay-type":"","overlay-color":"","overlay-opacity":"","overlay-gradient":""},"mobile":{"background-color":"","background-image":"","background-repeat":"repeat","background-position":"center center","background-size":"auto","background-attachment":"scroll","background-type":"","background-media":"","overlay-type":"","overlay-color":"","overlay-opacity":"","overlay-gradient":""}},"ast-content-background-meta":{"desktop":{"background-color":"var(--ast-global-color-4)","background-image":"","background-repeat":"repeat","background-position":"center center","background-size":"auto","background-attachment":"scroll","background-type":"","background-media":"","overlay-type":"","overlay-color":"","overlay-opacity":"","overlay-gradient":""},"tablet":{"background-color":"var(--ast-global-color-4)","background-image":"","background-repeat":"repeat","background-position":"center center","background-size":"auto","background-attachment":"scroll","background-type":"","background-media":"","overlay-type":"","overlay-color":"","overlay-opacity":"","overlay-gradient":""},"mobile":{"background-color":"var(--ast-global-color-4)","background-image":"","background-repeat":"repeat","background-position":"center center","background-size":"auto","background-attachment":"scroll","background-type":"","background-media":"","overlay-type":"","overlay-color":"","overlay-opacity":"","overlay-gradient":""}},"footnotes":""},"categories":[],"tags":[1002,1000],"class_list":["post-265678","page","type-page","status-publish","hentry","tag-app-egov-page","tag-cityhall-egovapp"],"yoast_head":"<!-- This site is optimized with the Yoast SEO Premium plugin v27.4 (Yoast SEO v27.4) - https:\/\/yoast.com\/product\/yoast-seo-premium-wordpress\/ -->\n<title>Parks, Facilities, Fleet and Beaches - City of Miami Beach<\/title>\n<meta name=\"description\" content=\"The City of Miami Beach Parks and Recreation Department prides itself on providing a fun and safe place for those who live and play in our beautiful, vibrant community.\" \/>\n<meta name=\"robots\" content=\"index, follow, max-snippet:-1, max-image-preview:large, max-video-preview:-1\" \/>\n<link rel=\"canonical\" href=\"https:\/\/www.miamibeachfl.gov\/fr\/egovapp\/city-hall\/parksandrecreationdepartment\/\" \/>\n<meta property=\"og:locale\" content=\"fr_FR\" \/>\n<meta property=\"og:type\" content=\"article\" \/>\n<meta property=\"og:title\" content=\"Parks, Facilities, Fleet and Beaches\" \/>\n<meta property=\"og:description\" content=\"The City of Miami Beach Parks and Recreation Department prides itself on providing a fun and safe place for those who live and play in our beautiful, vibrant community.\" \/>\n<meta property=\"og:url\" content=\"https:\/\/www.miamibeachfl.gov\/fr\/egovapp\/city-hall\/parksandrecreationdepartment\/\" \/>\n<meta property=\"og:site_name\" content=\"City of Miami Beach\" \/>\n<meta property=\"article:publisher\" content=\"https:\/\/www.facebook.com\/cityofmiamibeach\" \/>\n<meta property=\"article:modified_time\" content=\"2026-01-21T19:52:42+00:00\" \/>\n<meta property=\"og:image\" content=\"https:\/\/www.miamibeachfl.gov\/wp-content\/uploads\/2024\/01\/1000pxSquare-miamibeach-aerial-southpointview.jpeg\" \/>\n\t<meta property=\"og:image:width\" content=\"1000\" \/>\n\t<meta property=\"og:image:height\" content=\"1000\" \/>\n\t<meta property=\"og:image:type\" content=\"image\/jpeg\" \/>\n<meta name=\"twitter:card\" content=\"summary_large_image\" \/>\n<meta name=\"twitter:site\" content=\"@Miamibeachnews\" \/>\n<script type=\"application\/ld+json\" class=\"yoast-schema-graph\">{\"@context\":\"https:\\\/\\\/schema.org\",\"@graph\":[{\"@type\":\"WebPage\",\"@id\":\"https:\\\/\\\/www.miamibeachfl.gov\\\/egovapp\\\/city-hall\\\/parksandrecreationdepartment\\\/\",\"url\":\"https:\\\/\\\/www.miamibeachfl.gov\\\/egovapp\\\/city-hall\\\/parksandrecreationdepartment\\\/\",\"name\":\"Parks, Facilities, Fleet and Beaches - City of Miami Beach\",\"isPartOf\":{\"@id\":\"https:\\\/\\\/www.miamibeachfl.gov\\\/#website\"},\"datePublished\":\"2023-07-20T22:08:07+00:00\",\"dateModified\":\"2026-01-21T19:52:42+00:00\",\"description\":\"The City of Miami Beach Parks and Recreation Department prides itself on providing a fun and safe place for those who live and play in our beautiful, vibrant community.\",\"breadcrumb\":{\"@id\":\"https:\\\/\\\/www.miamibeachfl.gov\\\/egovapp\\\/city-hall\\\/parksandrecreationdepartment\\\/#breadcrumb\"},\"inLanguage\":\"fr-FR\",\"potentialAction\":[{\"@type\":\"ReadAction\",\"target\":[\"https:\\\/\\\/www.miamibeachfl.gov\\\/egovapp\\\/city-hall\\\/parksandrecreationdepartment\\\/\"]}]},{\"@type\":\"BreadcrumbList\",\"@id\":\"https:\\\/\\\/www.miamibeachfl.gov\\\/egovapp\\\/city-hall\\\/parksandrecreationdepartment\\\/#breadcrumb\",\"itemListElement\":[{\"@type\":\"ListItem\",\"position\":1,\"name\":\"Home\",\"item\":\"https:\\\/\\\/www.miamibeachfl.gov\\\/\"},{\"@type\":\"ListItem\",\"position\":2,\"name\":\"MobileAppPages\",\"item\":\"https:\\\/\\\/www.miamibeachfl.gov\\\/egovapp\\\/\"},{\"@type\":\"ListItem\",\"position\":3,\"name\":\"City Hall Department Directory\",\"item\":\"https:\\\/\\\/www.miamibeachfl.gov\\\/egovapp\\\/city-hall\\\/\"},{\"@type\":\"ListItem\",\"position\":4,\"name\":\"Parks, Facilities, Fleet and Beaches\"}]},{\"@type\":\"WebSite\",\"@id\":\"https:\\\/\\\/www.miamibeachfl.gov\\\/#website\",\"url\":\"https:\\\/\\\/www.miamibeachfl.gov\\\/\",\"name\":\"City of Miami Beach\",\"description\":\"The official website of the City of Miami Beach. Stay informed, find important information on city services, news, alerts, events, trolley routes, government employment and more.\",\"publisher\":{\"@id\":\"https:\\\/\\\/www.miamibeachfl.gov\\\/#organization\"},\"potentialAction\":[{\"@type\":\"SearchAction\",\"target\":{\"@type\":\"EntryPoint\",\"urlTemplate\":\"https:\\\/\\\/www.miamibeachfl.gov\\\/?s={search_term_string}\"},\"query-input\":{\"@type\":\"PropertyValueSpecification\",\"valueRequired\":true,\"valueName\":\"search_term_string\"}}],\"inLanguage\":\"fr-FR\"},{\"@type\":\"Organization\",\"@id\":\"https:\\\/\\\/www.miamibeachfl.gov\\\/#organization\",\"name\":\"City of Miami Beach\",\"url\":\"https:\\\/\\\/www.miamibeachfl.gov\\\/\",\"logo\":{\"@type\":\"ImageObject\",\"inLanguage\":\"fr-FR\",\"@id\":\"https:\\\/\\\/www.miamibeachfl.gov\\\/#\\\/schema\\\/logo\\\/image\\\/\",\"url\":\"https:\\\/\\\/www.miamibeachfl.gov\\\/wp-content\\\/uploads\\\/2022\\\/06\\\/miamibeach-logoblue.png\",\"contentUrl\":\"https:\\\/\\\/www.miamibeachfl.gov\\\/wp-content\\\/uploads\\\/2022\\\/06\\\/miamibeach-logoblue.png\",\"width\":1962,\"height\":381,\"caption\":\"City of Miami Beach\"},\"image\":{\"@id\":\"https:\\\/\\\/www.miamibeachfl.gov\\\/#\\\/schema\\\/logo\\\/image\\\/\"},\"sameAs\":[\"https:\\\/\\\/www.facebook.com\\\/cityofmiamibeach\",\"https:\\\/\\\/x.com\\\/Miamibeachnews\",\"https:\\\/\\\/www.instagram.com\\\/miamibeachnews\\\/\"],\"description\":\"The official website of the City of Miami Beach. Stay informed, find important information on city services, news, alerts, events, trolley routes, government employment and more.\",\"telephone\":\"305.604.CITY(2489)\",\"legalName\":\"City of Miami Beach\"}]}<\/script>\n<!-- \/ Yoast SEO Premium plugin. -->","yoast_head_json":{"title":"Parcs, installations, flotte et plages - Ville de Miami Beach","description":"Le d\u00e9partement des parcs et loisirs de la ville de Miami Beach est fier d&#039;offrir un endroit amusant et s\u00fbr \u00e0 ceux qui vivent et jouent dans notre belle et dynamique communaut\u00e9.","robots":{"index":"index","follow":"follow","max-snippet":"max-snippet:-1","max-image-preview":"max-image-preview:large","max-video-preview":"max-video-preview:-1"},"canonical":"https:\/\/www.miamibeachfl.gov\/fr\/egovapp\/city-hall\/parksandrecreationdepartment\/","og_locale":"fr_FR","og_type":"article","og_title":"Parks, Facilities, Fleet and Beaches","og_description":"The City of Miami Beach Parks and Recreation Department prides itself on providing a fun and safe place for those who live and play in our beautiful, vibrant community.","og_url":"https:\/\/www.miamibeachfl.gov\/fr\/egovapp\/city-hall\/parksandrecreationdepartment\/","og_site_name":"City of Miami Beach","article_publisher":"https:\/\/www.facebook.com\/cityofmiamibeach","article_modified_time":"2026-01-21T19:52:42+00:00","og_image":[{"width":1000,"height":1000,"url":"https:\/\/www.miamibeachfl.gov\/wp-content\/uploads\/2024\/01\/1000pxSquare-miamibeach-aerial-southpointview.jpeg","type":"image\/jpeg"}],"twitter_card":"summary_large_image","twitter_site":"@Miamibeachnews","schema":{"@context":"https:\/\/schema.org","@graph":[{"@type":"WebPage","@id":"https:\/\/www.miamibeachfl.gov\/egovapp\/city-hall\/parksandrecreationdepartment\/","url":"https:\/\/www.miamibeachfl.gov\/egovapp\/city-hall\/parksandrecreationdepartment\/","name":"Parcs, installations, flotte et plages - Ville de Miami Beach","isPartOf":{"@id":"https:\/\/www.miamibeachfl.gov\/#website"},"datePublished":"2023-07-20T22:08:07+00:00","dateModified":"2026-01-21T19:52:42+00:00","description":"Le d\u00e9partement des parcs et loisirs de la ville de Miami Beach est fier d&#039;offrir un endroit amusant et s\u00fbr \u00e0 ceux qui vivent et jouent dans notre belle et dynamique communaut\u00e9.","breadcrumb":{"@id":"https:\/\/www.miamibeachfl.gov\/egovapp\/city-hall\/parksandrecreationdepartment\/#breadcrumb"},"inLanguage":"fr-FR","potentialAction":[{"@type":"ReadAction","target":["https:\/\/www.miamibeachfl.gov\/egovapp\/city-hall\/parksandrecreationdepartment\/"]}]},{"@type":"BreadcrumbList","@id":"https:\/\/www.miamibeachfl.gov\/egovapp\/city-hall\/parksandrecreationdepartment\/#breadcrumb","itemListElement":[{"@type":"ListItem","position":1,"name":"Home","item":"https:\/\/www.miamibeachfl.gov\/"},{"@type":"ListItem","position":2,"name":"MobileAppPages","item":"https:\/\/www.miamibeachfl.gov\/egovapp\/"},{"@type":"ListItem","position":3,"name":"City Hall Department Directory","item":"https:\/\/www.miamibeachfl.gov\/egovapp\/city-hall\/"},{"@type":"ListItem","position":4,"name":"Parks, Facilities, Fleet and Beaches"}]},{"@type":"WebSite","@id":"https:\/\/www.miamibeachfl.gov\/#website","url":"https:\/\/www.miamibeachfl.gov\/","name":"Ville de Miami Beach","description":"Site officiel de la ville de Miami Beach. Restez inform\u00e9 et trouvez des informations importantes sur les services municipaux, les actualit\u00e9s, les alertes, les \u00e9v\u00e9nements, les itin\u00e9raires de tramway, les emplois gouvernementaux et bien plus encore.","publisher":{"@id":"https:\/\/www.miamibeachfl.gov\/#organization"},"potentialAction":[{"@type":"SearchAction","target":{"@type":"EntryPoint","urlTemplate":"https:\/\/www.miamibeachfl.gov\/?s={search_term_string}"},"query-input":{"@type":"PropertyValueSpecification","valueRequired":true,"valueName":"search_term_string"}}],"inLanguage":"fr-FR"},{"@type":"Organization","@id":"https:\/\/www.miamibeachfl.gov\/#organization","name":"Ville de Miami Beach","url":"https:\/\/www.miamibeachfl.gov\/","logo":{"@type":"ImageObject","inLanguage":"fr-FR","@id":"https:\/\/www.miamibeachfl.gov\/#\/schema\/logo\/image\/","url":"https:\/\/www.miamibeachfl.gov\/wp-content\/uploads\/2022\/06\/miamibeach-logoblue.png","contentUrl":"https:\/\/www.miamibeachfl.gov\/wp-content\/uploads\/2022\/06\/miamibeach-logoblue.png","width":1962,"height":381,"caption":"City of Miami Beach"},"image":{"@id":"https:\/\/www.miamibeachfl.gov\/#\/schema\/logo\/image\/"},"sameAs":["https:\/\/www.facebook.com\/cityofmiamibeach","https:\/\/x.com\/Miamibeachnews","https:\/\/www.instagram.com\/miamibeachnews\/"],"description":"Site officiel de la ville de Miami Beach. Restez inform\u00e9 et trouvez des informations importantes sur les services municipaux, les actualit\u00e9s, les alertes, les \u00e9v\u00e9nements, les itin\u00e9raires de tramway, les emplois gouvernementaux et bien plus encore.","telephone":"305.604.CITY(2489)","legalName":"City of Miami Beach"}]}},"_links":{"self":[{"href":"https:\/\/www.miamibeachfl.gov\/fr\/wp-json\/wp\/v2\/pages\/265678","targetHints":{"allow":["GET"]}}],"collection":[{"href":"https:\/\/www.miamibeachfl.gov\/fr\/wp-json\/wp\/v2\/pages"}],"about":[{"href":"https:\/\/www.miamibeachfl.gov\/fr\/wp-json\/wp\/v2\/types\/page"}],"author":[{"embeddable":true,"href":"https:\/\/www.miamibeachfl.gov\/fr\/wp-json\/wp\/v2\/users\/222"}],"replies":[{"embeddable":true,"href":"https:\/\/www.miamibeachfl.gov\/fr\/wp-json\/wp\/v2\/comments?post=265678"}],"version-history":[{"count":5,"href":"https:\/\/www.miamibeachfl.gov\/fr\/wp-json\/wp\/v2\/pages\/265678\/revisions"}],"predecessor-version":[{"id":395319,"href":"https:\/\/www.miamibeachfl.gov\/fr\/wp-json\/wp\/v2\/pages\/265678\/revisions\/395319"}],"up":[{"embeddable":true,"href":"https:\/\/www.miamibeachfl.gov\/fr\/wp-json\/wp\/v2\/pages\/265532"}],"wp:attachment":[{"href":"https:\/\/www.miamibeachfl.gov\/fr\/wp-json\/wp\/v2\/media?parent=265678"}],"wp:term":[{"taxonomy":"category","embeddable":true,"href":"https:\/\/www.miamibeachfl.gov\/fr\/wp-json\/wp\/v2\/categories?post=265678"},{"taxonomy":"post_tag","embeddable":true,"href":"https:\/\/www.miamibeachfl.gov\/fr\/wp-json\/wp\/v2\/tags?post=265678"}],"curies":[{"name":"wp","href":"https:\/\/api.w.org\/{rel}","templated":true}]}}