{"id":265693,"date":"2023-07-20T18:38:50","date_gmt":"2023-07-20T22:38:50","guid":{"rendered":"https:\/\/www.miamibeachfl.gov\/?page_id=265693"},"modified":"2025-06-07T16:17:24","modified_gmt":"2025-06-07T20:17:24","slug":"transportationdepartment","status":"publish","type":"page","link":"https:\/\/www.miamibeachfl.gov\/fr\/egovapp\/city-hall\/transportationdepartment\/","title":{"rendered":"D\u00e9partement des transports"},"content":{"rendered":"<a href=\"https:\/\/www.miamibeachfl.gov\/fr\/egovapp\/city-hall\/\" target=\"_self\">\n\t\t\t\t\t\tRetour \u00e0 l&#039;annuaire des d\u00e9partements\n\t\t\t\t\t<\/a>\n<h1>\n\t\t\tTransport\t<\/h1>\n\t<ul>\n\t\t<li><a href=\"tel:3056737080\" target=\"_self\"  aria-label=\"Aller au t\u00e9l:3056737080\">\t\t\t\t\n\t\t<h3>305.673.7080<\/h3><\/a><\/li><li>\t\t\t\t\n\t\t<h3>Heures d&#039;ouverture :<\/h3><p>Lundi \u2013 vendredi : 9h \u2013 17h<\/p><\/li><li><a href=\"https:\/\/goo.gl\/maps\/nwvjqoMjJxTWX3mq6\" target=\"_blank\" rel=\"noopener\" aria-label=\"Acc\u00e9dez \u00e0 https:\/\/goo.gl\/maps\/nwvjqoMjJxTWX3mq6\">\t\t\t\t\n\t\t<h3>Si\u00e8ge social :<\/h3><p>1700 Convention Center Drive<br \/>3e \u00e9tage<br \/>Miami Beach, FL 33139<\/p><\/a><\/li>\t<\/ul>\n<h2>\n\t\t\tArri\u00e8re-plan:\t<\/h2>\n\t<p>Le D\u00e9partement des Transports et de la Mobilit\u00e9 a \u00e9t\u00e9 cr\u00e9\u00e9 par le Maire et la Commission municipale en avril 2014. Auparavant, les fonctions li\u00e9es aux transports relevaient de la Division des Transports du D\u00e9partement des Travaux Publics. Depuis sa cr\u00e9ation, le D\u00e9partement s&#039;est principalement concentr\u00e9 sur la planification des transports, l&#039;ing\u00e9nierie et l&#039;exploitation de la circulation, ainsi que la planification et l&#039;exploitation du r\u00e9seau de tramway. L&#039;accomplissement de notre mission repose sur une collaboration efficace avec les agences de l&#039;\u00c9tat et du comt\u00e9 qui ont comp\u00e9tence sur les routes principales, le contr\u00f4le et la signalisation de la circulation et les services de transport en commun du comt\u00e9 de Miami-Dade, m\u00eame au sein des municipalit\u00e9s constitu\u00e9es en municipalit\u00e9s.<\/p>\n<p>Le D\u00e9partement se concentre sur la mise en \u0153uvre du Plan directeur des transports et du Plan directeur pour les cyclistes et les pi\u00e9tons adopt\u00e9s par la r\u00e9solution de la Commission municipale le 14 avril 2016. Ces plans refl\u00e8tent la strat\u00e9gie de priorisation modale adopt\u00e9e par la Ville :<\/p>\n<p>(1) les pi\u00e9tons\u00a0; (2) les transports en commun, les v\u00e9los et le fret\u00a0; et (3) les automobiles particuli\u00e8res. La Commission municipale a adopt\u00e9 la nouvelle priorit\u00e9 modale par r\u00e9solution en juillet\u00a02015.<\/p>\n<p>De plus, le D\u00e9partement supervise l&#039;exploitation du r\u00e9seau de tramway de Miami Beach, qui comprend quatre lignes\u00a0: North Beach Trolley, Collins Express, Middle Beach Trolley et South Beach Trolley. Le service de tramway de la ville est exploit\u00e9 cl\u00e9 en main par un prestataire priv\u00e9 professionnel g\u00e9r\u00e9 par le D\u00e9partement. Avant la pand\u00e9mie, ce service gratuit transportait plus de 14\u00a0000 passagers par jour. Il est compl\u00e9t\u00e9 par un service de transport \u00e0 la demande gratuit et \u00e9cologique.<\/p>\n<p>La gestion du trafic est une autre priorit\u00e9 du D\u00e9partement. Le personnel interne charg\u00e9 des op\u00e9rations de circulation surveille la circulation dans la ville, ajuste en temps r\u00e9el la synchronisation des feux de circulation si n\u00e9cessaire et coordonne la gestion des incidents avec la police et les pompiers (y compris la gestion des urgences), ainsi qu&#039;avec les services marketing et communication pour diffuser des informations trafic en temps r\u00e9el \u00e0 la population et aux automobilistes. De nouvelles technologies seront mises en \u0153uvre progressivement \u00e0 partir de l&#039;exercice 2022 dans le cadre du projet de syst\u00e8me de transport intelligent et de syst\u00e8me de stationnement intelligent afin de g\u00e9rer plus efficacement la congestion sur les grands axes routiers et la demande de stationnement dans la ville.<\/p>","protected":false},"excerpt":{"rendered":"<p>Back to Department Directory Transportation 305.673.7080 Office Hours: Monday &#8211; Friday: 9AM &#8211; 5PM Main Office: 1700 Convention Center Drive3rd [&hellip;]<\/p>\n","protected":false},"author":222,"featured_media":0,"parent":265532,"menu_order":0,"comment_status":"closed","ping_status":"closed","template":"","meta":{"_searchwp_excluded":"1","site-sidebar-layout":"default","site-content-layout":"","ast-site-content-layout":"","site-content-style":"default","site-sidebar-style":"default","ast-global-header-display":"disabled","ast-banner-title-visibility":"","ast-main-header-display":"","ast-hfb-above-header-display":"","ast-hfb-below-header-display":"","ast-hfb-mobile-header-display":"","site-post-title":"","ast-breadcrumbs-content":"","ast-featured-img":"","footer-sml-layout":"disabled","ast-disable-related-posts":"","theme-transparent-header-meta":"","adv-header-id-meta":"","stick-header-meta":"","header-above-stick-meta":"","header-main-stick-meta":"","header-below-stick-meta":"","astra-migrate-meta-layouts":"default","ast-page-background-enabled":"default","ast-page-background-meta":{"desktop":{"background-color":"var(--ast-global-color-5)","background-image":"","background-repeat":"repeat","background-position":"center center","background-size":"auto","background-attachment":"scroll","background-type":"","background-media":"","overlay-type":"","overlay-color":"","overlay-opacity":"","overlay-gradient":""},"tablet":{"background-color":"","background-image":"","background-repeat":"repeat","background-position":"center center","background-size":"auto","background-attachment":"scroll","background-type":"","background-media":"","overlay-type":"","overlay-color":"","overlay-opacity":"","overlay-gradient":""},"mobile":{"background-color":"","background-image":"","background-repeat":"repeat","background-position":"center center","background-size":"auto","background-attachment":"scroll","background-type":"","background-media":"","overlay-type":"","overlay-color":"","overlay-opacity":"","overlay-gradient":""}},"ast-content-background-meta":{"desktop":{"background-color":"var(--ast-global-color-4)","background-image":"","background-repeat":"repeat","background-position":"center center","background-size":"auto","background-attachment":"scroll","background-type":"","background-media":"","overlay-type":"","overlay-color":"","overlay-opacity":"","overlay-gradient":""},"tablet":{"background-color":"var(--ast-global-color-4)","background-image":"","background-repeat":"repeat","background-position":"center center","background-size":"auto","background-attachment":"scroll","background-type":"","background-media":"","overlay-type":"","overlay-color":"","overlay-opacity":"","overlay-gradient":""},"mobile":{"background-color":"var(--ast-global-color-4)","background-image":"","background-repeat":"repeat","background-position":"center center","background-size":"auto","background-attachment":"scroll","background-type":"","background-media":"","overlay-type":"","overlay-color":"","overlay-opacity":"","overlay-gradient":""}},"footnotes":""},"categories":[],"tags":[1002,1000],"class_list":["post-265693","page","type-page","status-publish","hentry","tag-app-egov-page","tag-cityhall-egovapp"],"yoast_head":"<!-- This site is optimized with the Yoast SEO Premium plugin v27.4 (Yoast SEO v27.4) - https:\/\/yoast.com\/product\/yoast-seo-premium-wordpress\/ -->\n<title>Transportation Department - City of Miami Beach<\/title>\n<meta name=\"description\" content=\"The Transportation Department&#039;s role is to ensure the safe, secure, and efficient movement of people and goods in a transportation system that provides mobility, livability, and accessibility, and promotes alternative modes of travel, while ensuring environmental and economic sustainability, and improving the quality of life for all who live, work, and play in our vibrant, tropical, historical community.\" \/>\n<meta name=\"robots\" content=\"index, follow, max-snippet:-1, max-image-preview:large, max-video-preview:-1\" \/>\n<link rel=\"canonical\" href=\"https:\/\/www.miamibeachfl.gov\/fr\/egovapp\/city-hall\/transportationdepartment\/\" \/>\n<meta property=\"og:locale\" content=\"fr_FR\" \/>\n<meta property=\"og:type\" content=\"article\" \/>\n<meta property=\"og:title\" content=\"Transportation Department\" \/>\n<meta property=\"og:description\" content=\"The Transportation Department&#039;s role is to ensure the safe, secure, and efficient movement of people and goods in a transportation system that provides mobility, livability, and accessibility, and promotes alternative modes of travel, while ensuring environmental and economic sustainability, and improving the quality of life for all who live, work, and play in our vibrant, tropical, historical community.\" \/>\n<meta property=\"og:url\" content=\"https:\/\/www.miamibeachfl.gov\/fr\/egovapp\/city-hall\/transportationdepartment\/\" \/>\n<meta property=\"og:site_name\" content=\"City of Miami Beach\" \/>\n<meta property=\"article:publisher\" content=\"https:\/\/www.facebook.com\/cityofmiamibeach\" \/>\n<meta property=\"article:modified_time\" content=\"2025-06-07T20:17:24+00:00\" \/>\n<meta property=\"og:image\" content=\"https:\/\/www.miamibeachfl.gov\/wp-content\/uploads\/2024\/01\/1000pxSquare-miamibeach-aerial-southpointview.jpeg\" \/>\n\t<meta property=\"og:image:width\" content=\"1000\" \/>\n\t<meta property=\"og:image:height\" content=\"1000\" \/>\n\t<meta property=\"og:image:type\" content=\"image\/jpeg\" \/>\n<meta name=\"twitter:card\" content=\"summary_large_image\" \/>\n<meta name=\"twitter:site\" content=\"@Miamibeachnews\" \/>\n<script type=\"application\/ld+json\" class=\"yoast-schema-graph\">{\"@context\":\"https:\\\/\\\/schema.org\",\"@graph\":[{\"@type\":\"WebPage\",\"@id\":\"https:\\\/\\\/www.miamibeachfl.gov\\\/egovapp\\\/city-hall\\\/transportationdepartment\\\/\",\"url\":\"https:\\\/\\\/www.miamibeachfl.gov\\\/egovapp\\\/city-hall\\\/transportationdepartment\\\/\",\"name\":\"Transportation Department - City of Miami Beach\",\"isPartOf\":{\"@id\":\"https:\\\/\\\/www.miamibeachfl.gov\\\/#website\"},\"datePublished\":\"2023-07-20T22:38:50+00:00\",\"dateModified\":\"2025-06-07T20:17:24+00:00\",\"description\":\"The Transportation Department's role is to ensure the safe, secure, and efficient movement of people and goods in a transportation system that provides mobility, livability, and accessibility, and promotes alternative modes of travel, while ensuring environmental and economic sustainability, and improving the quality of life for all who live, work, and play in our vibrant, tropical, historical community.\",\"breadcrumb\":{\"@id\":\"https:\\\/\\\/www.miamibeachfl.gov\\\/egovapp\\\/city-hall\\\/transportationdepartment\\\/#breadcrumb\"},\"inLanguage\":\"fr-FR\",\"potentialAction\":[{\"@type\":\"ReadAction\",\"target\":[\"https:\\\/\\\/www.miamibeachfl.gov\\\/egovapp\\\/city-hall\\\/transportationdepartment\\\/\"]}]},{\"@type\":\"BreadcrumbList\",\"@id\":\"https:\\\/\\\/www.miamibeachfl.gov\\\/egovapp\\\/city-hall\\\/transportationdepartment\\\/#breadcrumb\",\"itemListElement\":[{\"@type\":\"ListItem\",\"position\":1,\"name\":\"Home\",\"item\":\"https:\\\/\\\/www.miamibeachfl.gov\\\/\"},{\"@type\":\"ListItem\",\"position\":2,\"name\":\"MobileAppPages\",\"item\":\"https:\\\/\\\/www.miamibeachfl.gov\\\/egovapp\\\/\"},{\"@type\":\"ListItem\",\"position\":3,\"name\":\"City Hall Department Directory\",\"item\":\"https:\\\/\\\/www.miamibeachfl.gov\\\/egovapp\\\/city-hall\\\/\"},{\"@type\":\"ListItem\",\"position\":4,\"name\":\"Transportation Department\"}]},{\"@type\":\"WebSite\",\"@id\":\"https:\\\/\\\/www.miamibeachfl.gov\\\/#website\",\"url\":\"https:\\\/\\\/www.miamibeachfl.gov\\\/\",\"name\":\"City of Miami Beach\",\"description\":\"The official website of the City of Miami Beach. Stay informed, find important information on city services, news, alerts, events, trolley routes, government employment and more.\",\"publisher\":{\"@id\":\"https:\\\/\\\/www.miamibeachfl.gov\\\/#organization\"},\"potentialAction\":[{\"@type\":\"SearchAction\",\"target\":{\"@type\":\"EntryPoint\",\"urlTemplate\":\"https:\\\/\\\/www.miamibeachfl.gov\\\/?s={search_term_string}\"},\"query-input\":{\"@type\":\"PropertyValueSpecification\",\"valueRequired\":true,\"valueName\":\"search_term_string\"}}],\"inLanguage\":\"fr-FR\"},{\"@type\":\"Organization\",\"@id\":\"https:\\\/\\\/www.miamibeachfl.gov\\\/#organization\",\"name\":\"City of Miami Beach\",\"url\":\"https:\\\/\\\/www.miamibeachfl.gov\\\/\",\"logo\":{\"@type\":\"ImageObject\",\"inLanguage\":\"fr-FR\",\"@id\":\"https:\\\/\\\/www.miamibeachfl.gov\\\/#\\\/schema\\\/logo\\\/image\\\/\",\"url\":\"https:\\\/\\\/www.miamibeachfl.gov\\\/wp-content\\\/uploads\\\/2022\\\/06\\\/miamibeach-logoblue.png\",\"contentUrl\":\"https:\\\/\\\/www.miamibeachfl.gov\\\/wp-content\\\/uploads\\\/2022\\\/06\\\/miamibeach-logoblue.png\",\"width\":1962,\"height\":381,\"caption\":\"City of Miami Beach\"},\"image\":{\"@id\":\"https:\\\/\\\/www.miamibeachfl.gov\\\/#\\\/schema\\\/logo\\\/image\\\/\"},\"sameAs\":[\"https:\\\/\\\/www.facebook.com\\\/cityofmiamibeach\",\"https:\\\/\\\/x.com\\\/Miamibeachnews\",\"https:\\\/\\\/www.instagram.com\\\/miamibeachnews\\\/\"],\"description\":\"The official website of the City of Miami Beach. Stay informed, find important information on city services, news, alerts, events, trolley routes, government employment and more.\",\"telephone\":\"305.604.CITY(2489)\",\"legalName\":\"City of Miami Beach\"}]}<\/script>\n<!-- \/ Yoast SEO Premium plugin. -->","yoast_head_json":{"title":"D\u00e9partement des transports - Ville de Miami Beach","description":"Le r\u00f4le du minist\u00e8re des Transports est d&#039;assurer le mouvement s\u00fbr, s\u00e9curis\u00e9 et efficace des personnes et des marchandises dans un syst\u00e8me de transport qui offre mobilit\u00e9, qualit\u00e9 de vie et accessibilit\u00e9, et favorise des modes de d\u00e9placement alternatifs, tout en garantissant la durabilit\u00e9 environnementale et \u00e9conomique et en am\u00e9liorant la qualit\u00e9 de vie de tous ceux qui vivent, travaillent et jouent dans notre communaut\u00e9 dynamique, tropicale et historique.","robots":{"index":"index","follow":"follow","max-snippet":"max-snippet:-1","max-image-preview":"max-image-preview:large","max-video-preview":"max-video-preview:-1"},"canonical":"https:\/\/www.miamibeachfl.gov\/fr\/egovapp\/city-hall\/transportationdepartment\/","og_locale":"fr_FR","og_type":"article","og_title":"Transportation Department","og_description":"The Transportation Department's role is to ensure the safe, secure, and efficient movement of people and goods in a transportation system that provides mobility, livability, and accessibility, and promotes alternative modes of travel, while ensuring environmental and economic sustainability, and improving the quality of life for all who live, work, and play in our vibrant, tropical, historical community.","og_url":"https:\/\/www.miamibeachfl.gov\/fr\/egovapp\/city-hall\/transportationdepartment\/","og_site_name":"City of Miami Beach","article_publisher":"https:\/\/www.facebook.com\/cityofmiamibeach","article_modified_time":"2025-06-07T20:17:24+00:00","og_image":[{"width":1000,"height":1000,"url":"https:\/\/www.miamibeachfl.gov\/wp-content\/uploads\/2024\/01\/1000pxSquare-miamibeach-aerial-southpointview.jpeg","type":"image\/jpeg"}],"twitter_card":"summary_large_image","twitter_site":"@Miamibeachnews","schema":{"@context":"https:\/\/schema.org","@graph":[{"@type":"WebPage","@id":"https:\/\/www.miamibeachfl.gov\/egovapp\/city-hall\/transportationdepartment\/","url":"https:\/\/www.miamibeachfl.gov\/egovapp\/city-hall\/transportationdepartment\/","name":"D\u00e9partement des transports - Ville de Miami Beach","isPartOf":{"@id":"https:\/\/www.miamibeachfl.gov\/#website"},"datePublished":"2023-07-20T22:38:50+00:00","dateModified":"2025-06-07T20:17:24+00:00","description":"Le r\u00f4le du minist\u00e8re des Transports est d&#039;assurer le mouvement s\u00fbr, s\u00e9curis\u00e9 et efficace des personnes et des marchandises dans un syst\u00e8me de transport qui offre mobilit\u00e9, qualit\u00e9 de vie et accessibilit\u00e9, et favorise des modes de d\u00e9placement alternatifs, tout en garantissant la durabilit\u00e9 environnementale et \u00e9conomique et en am\u00e9liorant la qualit\u00e9 de vie de tous ceux qui vivent, travaillent et jouent dans notre communaut\u00e9 dynamique, tropicale et historique.","breadcrumb":{"@id":"https:\/\/www.miamibeachfl.gov\/egovapp\/city-hall\/transportationdepartment\/#breadcrumb"},"inLanguage":"fr-FR","potentialAction":[{"@type":"ReadAction","target":["https:\/\/www.miamibeachfl.gov\/egovapp\/city-hall\/transportationdepartment\/"]}]},{"@type":"BreadcrumbList","@id":"https:\/\/www.miamibeachfl.gov\/egovapp\/city-hall\/transportationdepartment\/#breadcrumb","itemListElement":[{"@type":"ListItem","position":1,"name":"Home","item":"https:\/\/www.miamibeachfl.gov\/"},{"@type":"ListItem","position":2,"name":"MobileAppPages","item":"https:\/\/www.miamibeachfl.gov\/egovapp\/"},{"@type":"ListItem","position":3,"name":"City Hall Department Directory","item":"https:\/\/www.miamibeachfl.gov\/egovapp\/city-hall\/"},{"@type":"ListItem","position":4,"name":"Transportation Department"}]},{"@type":"WebSite","@id":"https:\/\/www.miamibeachfl.gov\/#website","url":"https:\/\/www.miamibeachfl.gov\/","name":"Ville de Miami Beach","description":"Site officiel de la ville de Miami Beach. Restez inform\u00e9 et trouvez des informations importantes sur les services municipaux, les actualit\u00e9s, les alertes, les \u00e9v\u00e9nements, les itin\u00e9raires de tramway, les emplois gouvernementaux et bien plus encore.","publisher":{"@id":"https:\/\/www.miamibeachfl.gov\/#organization"},"potentialAction":[{"@type":"SearchAction","target":{"@type":"EntryPoint","urlTemplate":"https:\/\/www.miamibeachfl.gov\/?s={search_term_string}"},"query-input":{"@type":"PropertyValueSpecification","valueRequired":true,"valueName":"search_term_string"}}],"inLanguage":"fr-FR"},{"@type":"Organization","@id":"https:\/\/www.miamibeachfl.gov\/#organization","name":"Ville de Miami Beach","url":"https:\/\/www.miamibeachfl.gov\/","logo":{"@type":"ImageObject","inLanguage":"fr-FR","@id":"https:\/\/www.miamibeachfl.gov\/#\/schema\/logo\/image\/","url":"https:\/\/www.miamibeachfl.gov\/wp-content\/uploads\/2022\/06\/miamibeach-logoblue.png","contentUrl":"https:\/\/www.miamibeachfl.gov\/wp-content\/uploads\/2022\/06\/miamibeach-logoblue.png","width":1962,"height":381,"caption":"City of Miami Beach"},"image":{"@id":"https:\/\/www.miamibeachfl.gov\/#\/schema\/logo\/image\/"},"sameAs":["https:\/\/www.facebook.com\/cityofmiamibeach","https:\/\/x.com\/Miamibeachnews","https:\/\/www.instagram.com\/miamibeachnews\/"],"description":"Site officiel de la ville de Miami Beach. Restez inform\u00e9 et trouvez des informations importantes sur les services municipaux, les actualit\u00e9s, les alertes, les \u00e9v\u00e9nements, les itin\u00e9raires de tramway, les emplois gouvernementaux et bien plus encore.","telephone":"305.604.CITY(2489)","legalName":"City of Miami Beach"}]}},"_links":{"self":[{"href":"https:\/\/www.miamibeachfl.gov\/fr\/wp-json\/wp\/v2\/pages\/265693","targetHints":{"allow":["GET"]}}],"collection":[{"href":"https:\/\/www.miamibeachfl.gov\/fr\/wp-json\/wp\/v2\/pages"}],"about":[{"href":"https:\/\/www.miamibeachfl.gov\/fr\/wp-json\/wp\/v2\/types\/page"}],"author":[{"embeddable":true,"href":"https:\/\/www.miamibeachfl.gov\/fr\/wp-json\/wp\/v2\/users\/222"}],"replies":[{"embeddable":true,"href":"https:\/\/www.miamibeachfl.gov\/fr\/wp-json\/wp\/v2\/comments?post=265693"}],"version-history":[{"count":1,"href":"https:\/\/www.miamibeachfl.gov\/fr\/wp-json\/wp\/v2\/pages\/265693\/revisions"}],"predecessor-version":[{"id":375844,"href":"https:\/\/www.miamibeachfl.gov\/fr\/wp-json\/wp\/v2\/pages\/265693\/revisions\/375844"}],"up":[{"embeddable":true,"href":"https:\/\/www.miamibeachfl.gov\/fr\/wp-json\/wp\/v2\/pages\/265532"}],"wp:attachment":[{"href":"https:\/\/www.miamibeachfl.gov\/fr\/wp-json\/wp\/v2\/media?parent=265693"}],"wp:term":[{"taxonomy":"category","embeddable":true,"href":"https:\/\/www.miamibeachfl.gov\/fr\/wp-json\/wp\/v2\/categories?post=265693"},{"taxonomy":"post_tag","embeddable":true,"href":"https:\/\/www.miamibeachfl.gov\/fr\/wp-json\/wp\/v2\/tags?post=265693"}],"curies":[{"name":"wp","href":"https:\/\/api.w.org\/{rel}","templated":true}]}}