{"id":265696,"date":"2023-07-20T18:44:52","date_gmt":"2023-07-20T22:44:52","guid":{"rendered":"https:\/\/www.miamibeachfl.gov\/?page_id=265696"},"modified":"2025-06-07T16:15:56","modified_gmt":"2025-06-07T20:15:56","slug":"tourismdepartment","status":"publish","type":"page","link":"https:\/\/www.miamibeachfl.gov\/fr\/egovapp\/city-hall\/tourismdepartment\/","title":{"rendered":"Tourisme et culture"},"content":{"rendered":"<a href=\"https:\/\/www.miamibeachfl.gov\/fr\/egovapp\/city-hall\/\" target=\"_self\">\n\t\t\t\t\t\tRetour \u00e0 l&#039;annuaire des d\u00e9partements\n\t\t\t\t\t<\/a>\n<h1>\n\t\t\tTourisme et culture\t<\/h1>\n\t<ul>\n\t\t<li><a href=\"tel:3056737577\" target=\"_self\"  aria-label=\"Aller au t\u00e9l:3056737577\">\t\t\t\t\n\t\t<h3>305.673.7577<\/h3><\/a><\/li><li>\t\t\t\t\n\t\t<h3>Heures d&#039;ouverture :<\/h3><p>Lundi \u2013 vendredi : 9h \u2013 17h<\/p><\/li><li><a href=\"https:\/\/goo.gl\/maps\/XkFo3fw719Ei8VZ78\" target=\"_blank\" rel=\"noopener\" aria-label=\"Acc\u00e9dez \u00e0 https:\/\/goo.gl\/maps\/XkFo3fw719Ei8VZ78\">\t\t\t\t\n\t\t<h3>Si\u00e8ge social :<\/h3><p>1755, avenue M\u00e9ridien<br \/>Suite 500, 3e \u00e9tage<br \/>Miami Beach, FL 33139<\/p><\/a><\/li>\t<\/ul>\n\t\t\t<a href=\"\/fr\/egovapp\/arts-and-culture\/\" target=\"_self\">\n\t\t\t\t\t\t\tArts et culture\n\t\t\t<\/a>\n<h2>\n\t\t\tArri\u00e8re-plan:\t<\/h2>\n\t<p>Le TCD d\u00e9veloppe et soutient des programmes et initiatives de qualit\u00e9 pour soutenir l&#039;\u00e9conomie touristique de la ville, notamment par des engagements et des partenariats significatifs avec des secteurs cl\u00e9s, notamment l&#039;h\u00f4tellerie, et des collaborations avec les acteurs locaux et r\u00e9gionaux. Le D\u00e9partement g\u00e8re \u00e9galement la supervision administrative, la promotion et la r\u00e9servation du Centre de congr\u00e8s de Miami Beach (MBCC), l&#039;une des principales sources de revenus de la ville.<\/p>\n<p>Pour soutenir ces efforts, TCD s&#039;associe \u00e0 des organisations de tourisme et de marketing, notamment la Miami Beach Visitor and Convention Authority (VCA) et le Greater Miami Convention and Visitors Bureau (GMCVB), pour commercialiser et promouvoir la ville de Miami Beach en tant que destination de classe mondiale.<\/p>\n<p>La ville de Miami Beach est devenue une destination touristique internationale et un quartier r\u00e9sidentiel de qualit\u00e9. Son objectif principal est d&#039;attirer des \u00e9v\u00e9nements de grande qualit\u00e9 qui b\u00e9n\u00e9ficient concr\u00e8tement \u00e0 la ville, \u00e0 ses habitants, \u00e0 ses visiteurs et \u00e0 ses entreprises. Avec sa plage immacul\u00e9e de onze kilom\u00e8tres, la ville s&#039;est impos\u00e9e comme un lieu d&#039;\u00e9v\u00e9nements exceptionnel de premier plan, cr\u00e9ant une forte demande en services et ressources municipaux, et constituant un lieu d&#039;affaires attractif. Ce succ\u00e8s pose le d\u00e9fi de concilier la qualit\u00e9 de vie r\u00e9sidentielle avec les besoins du secteur touristique et de l&#039;\u00e9conomie cr\u00e9ative. Cr\u00e9er un \u00e9quilibre entre les \u00e9v\u00e9nements majeurs, les habitants et les ressources de la ville est une priorit\u00e9 pour le D\u00e9partement. Ce dernier a \u00e9galement d\u00fb repenser sa mission aupr\u00e8s de la communaut\u00e9 face \u00e0 la pand\u00e9mie de COVID-19. En tant qu&#039;agent de liaison avec les secteurs de l&#039;h\u00f4tellerie, de la culture, de l&#039;\u00e9v\u00e9nementiel et du cin\u00e9ma de Miami Beach, le TCD s&#039;est attach\u00e9 \u00e0 \u00eatre la principale source d&#039;informations sur la r\u00e9ponse et la reprise face \u00e0 la COVID-19 pour ces communaut\u00e9s. De plus, le TCD, en collaboration avec les services municipaux, conserve son r\u00f4le de r\u00e9gulateur dans la supervision de l&#039;utilisation des espaces publics.<\/p>\n<p>Pour r\u00e9aliser la mission du TCD, le D\u00e9partement a cr\u00e9\u00e9 trois p\u00f4les d&#039;intervention sp\u00e9cifiques afin de r\u00e9pondre aux besoins des communaut\u00e9s culturelles et commerciales riches et diversifi\u00e9es de Miami Beach. Ces p\u00f4les apportent un soutien durable aux r\u00e9sidents, aux entreprises et aux visiteurs afin de favoriser un climat culturel dynamique et de faciliter le d\u00e9veloppement d&#039;une \u00e9conomie dynamique, permettant ainsi aux r\u00e9sidents, aux entreprises et aux touristes de prosp\u00e9rer, de s&#039;engager, d&#039;innover et de se d\u00e9velopper.<\/p>\n<p>Affaires culturelles<\/p>\n<p>Production de films et d&#039;\u00e9v\u00e9nements sp\u00e9ciaux<\/p>\n<p>Centre de congr\u00e8s de Miami Beach<\/p>","protected":false},"excerpt":{"rendered":"<p>Back to Department Directory Tourism &#038; Culture 305.673.7577 Office Hours: Monday &#8211; Friday: 9AM &#8211; 5PM Main Office: 1755 Meridian [&hellip;]<\/p>\n","protected":false},"author":222,"featured_media":0,"parent":265532,"menu_order":0,"comment_status":"closed","ping_status":"closed","template":"","meta":{"_searchwp_excluded":"1","site-sidebar-layout":"default","site-content-layout":"","ast-site-content-layout":"","site-content-style":"default","site-sidebar-style":"default","ast-global-header-display":"disabled","ast-banner-title-visibility":"","ast-main-header-display":"","ast-hfb-above-header-display":"","ast-hfb-below-header-display":"","ast-hfb-mobile-header-display":"","site-post-title":"","ast-breadcrumbs-content":"","ast-featured-img":"","footer-sml-layout":"disabled","ast-disable-related-posts":"","theme-transparent-header-meta":"","adv-header-id-meta":"","stick-header-meta":"","header-above-stick-meta":"","header-main-stick-meta":"","header-below-stick-meta":"","astra-migrate-meta-layouts":"default","ast-page-background-enabled":"default","ast-page-background-meta":{"desktop":{"background-color":"var(--ast-global-color-5)","background-image":"","background-repeat":"repeat","background-position":"center center","background-size":"auto","background-attachment":"scroll","background-type":"","background-media":"","overlay-type":"","overlay-color":"","overlay-opacity":"","overlay-gradient":""},"tablet":{"background-color":"","background-image":"","background-repeat":"repeat","background-position":"center center","background-size":"auto","background-attachment":"scroll","background-type":"","background-media":"","overlay-type":"","overlay-color":"","overlay-opacity":"","overlay-gradient":""},"mobile":{"background-color":"","background-image":"","background-repeat":"repeat","background-position":"center center","background-size":"auto","background-attachment":"scroll","background-type":"","background-media":"","overlay-type":"","overlay-color":"","overlay-opacity":"","overlay-gradient":""}},"ast-content-background-meta":{"desktop":{"background-color":"var(--ast-global-color-4)","background-image":"","background-repeat":"repeat","background-position":"center center","background-size":"auto","background-attachment":"scroll","background-type":"","background-media":"","overlay-type":"","overlay-color":"","overlay-opacity":"","overlay-gradient":""},"tablet":{"background-color":"var(--ast-global-color-4)","background-image":"","background-repeat":"repeat","background-position":"center center","background-size":"auto","background-attachment":"scroll","background-type":"","background-media":"","overlay-type":"","overlay-color":"","overlay-opacity":"","overlay-gradient":""},"mobile":{"background-color":"var(--ast-global-color-4)","background-image":"","background-repeat":"repeat","background-position":"center center","background-size":"auto","background-attachment":"scroll","background-type":"","background-media":"","overlay-type":"","overlay-color":"","overlay-opacity":"","overlay-gradient":""}},"footnotes":""},"categories":[],"tags":[1002,1000],"class_list":["post-265696","page","type-page","status-publish","hentry","tag-app-egov-page","tag-cityhall-egovapp"],"yoast_head":"<!-- This site is optimized with the Yoast SEO Premium plugin v27.4 (Yoast SEO v27.4) - https:\/\/yoast.com\/product\/yoast-seo-premium-wordpress\/ -->\n<title>Tourism and Culture - City of Miami Beach<\/title>\n<meta name=\"description\" content=\"This Tourism and Culture Department supports, maintains and develops quality programs which enhance the City\u2019s cultural institutions and infrastructure, as well as the City\u2019s cultural and tourist industries, while striving to provide year-round events, concerts, movies in the park, and theatre productions that enhance both the visitor\u2019s experience and the quality of life of our residents\" \/>\n<meta name=\"robots\" content=\"index, follow, max-snippet:-1, max-image-preview:large, max-video-preview:-1\" \/>\n<link rel=\"canonical\" href=\"https:\/\/www.miamibeachfl.gov\/fr\/egovapp\/city-hall\/tourismdepartment\/\" \/>\n<meta property=\"og:locale\" content=\"fr_FR\" \/>\n<meta property=\"og:type\" content=\"article\" \/>\n<meta property=\"og:title\" content=\"Tourism and Culture\" \/>\n<meta property=\"og:description\" content=\"This Tourism and Culture Department supports, maintains and develops quality programs which enhance the City\u2019s cultural institutions and infrastructure, as well as the City\u2019s cultural and tourist industries, while striving to provide year-round events, concerts, movies in the park, and theatre productions that enhance both the visitor\u2019s experience and the quality of life of our residents\" \/>\n<meta property=\"og:url\" content=\"https:\/\/www.miamibeachfl.gov\/fr\/egovapp\/city-hall\/tourismdepartment\/\" \/>\n<meta property=\"og:site_name\" content=\"City of Miami Beach\" \/>\n<meta property=\"article:publisher\" content=\"https:\/\/www.facebook.com\/cityofmiamibeach\" \/>\n<meta property=\"article:modified_time\" content=\"2025-06-07T20:15:56+00:00\" \/>\n<meta property=\"og:image\" content=\"https:\/\/www.miamibeachfl.gov\/wp-content\/uploads\/2024\/01\/1000pxSquare-miamibeach-aerial-southpointview.jpeg\" \/>\n\t<meta property=\"og:image:width\" content=\"1000\" \/>\n\t<meta property=\"og:image:height\" content=\"1000\" \/>\n\t<meta property=\"og:image:type\" content=\"image\/jpeg\" \/>\n<meta name=\"twitter:card\" content=\"summary_large_image\" \/>\n<meta name=\"twitter:site\" content=\"@Miamibeachnews\" \/>\n<script type=\"application\/ld+json\" class=\"yoast-schema-graph\">{\"@context\":\"https:\\\/\\\/schema.org\",\"@graph\":[{\"@type\":\"WebPage\",\"@id\":\"https:\\\/\\\/www.miamibeachfl.gov\\\/egovapp\\\/city-hall\\\/tourismdepartment\\\/\",\"url\":\"https:\\\/\\\/www.miamibeachfl.gov\\\/egovapp\\\/city-hall\\\/tourismdepartment\\\/\",\"name\":\"Tourism and Culture - City of Miami Beach\",\"isPartOf\":{\"@id\":\"https:\\\/\\\/www.miamibeachfl.gov\\\/#website\"},\"datePublished\":\"2023-07-20T22:44:52+00:00\",\"dateModified\":\"2025-06-07T20:15:56+00:00\",\"description\":\"This Tourism and Culture Department supports, maintains and develops quality programs which enhance the City\u2019s cultural institutions and infrastructure, as well as the City\u2019s cultural and tourist industries, while striving to provide year-round events, concerts, movies in the park, and theatre productions that enhance both the visitor\u2019s experience and the quality of life of our residents\",\"breadcrumb\":{\"@id\":\"https:\\\/\\\/www.miamibeachfl.gov\\\/egovapp\\\/city-hall\\\/tourismdepartment\\\/#breadcrumb\"},\"inLanguage\":\"fr-FR\",\"potentialAction\":[{\"@type\":\"ReadAction\",\"target\":[\"https:\\\/\\\/www.miamibeachfl.gov\\\/egovapp\\\/city-hall\\\/tourismdepartment\\\/\"]}]},{\"@type\":\"BreadcrumbList\",\"@id\":\"https:\\\/\\\/www.miamibeachfl.gov\\\/egovapp\\\/city-hall\\\/tourismdepartment\\\/#breadcrumb\",\"itemListElement\":[{\"@type\":\"ListItem\",\"position\":1,\"name\":\"Home\",\"item\":\"https:\\\/\\\/www.miamibeachfl.gov\\\/\"},{\"@type\":\"ListItem\",\"position\":2,\"name\":\"MobileAppPages\",\"item\":\"https:\\\/\\\/www.miamibeachfl.gov\\\/egovapp\\\/\"},{\"@type\":\"ListItem\",\"position\":3,\"name\":\"City Hall Department Directory\",\"item\":\"https:\\\/\\\/www.miamibeachfl.gov\\\/egovapp\\\/city-hall\\\/\"},{\"@type\":\"ListItem\",\"position\":4,\"name\":\"Tourism and Culture\"}]},{\"@type\":\"WebSite\",\"@id\":\"https:\\\/\\\/www.miamibeachfl.gov\\\/#website\",\"url\":\"https:\\\/\\\/www.miamibeachfl.gov\\\/\",\"name\":\"City of Miami Beach\",\"description\":\"The official website of the City of Miami Beach. Stay informed, find important information on city services, news, alerts, events, trolley routes, government employment and more.\",\"publisher\":{\"@id\":\"https:\\\/\\\/www.miamibeachfl.gov\\\/#organization\"},\"potentialAction\":[{\"@type\":\"SearchAction\",\"target\":{\"@type\":\"EntryPoint\",\"urlTemplate\":\"https:\\\/\\\/www.miamibeachfl.gov\\\/?s={search_term_string}\"},\"query-input\":{\"@type\":\"PropertyValueSpecification\",\"valueRequired\":true,\"valueName\":\"search_term_string\"}}],\"inLanguage\":\"fr-FR\"},{\"@type\":\"Organization\",\"@id\":\"https:\\\/\\\/www.miamibeachfl.gov\\\/#organization\",\"name\":\"City of Miami Beach\",\"url\":\"https:\\\/\\\/www.miamibeachfl.gov\\\/\",\"logo\":{\"@type\":\"ImageObject\",\"inLanguage\":\"fr-FR\",\"@id\":\"https:\\\/\\\/www.miamibeachfl.gov\\\/#\\\/schema\\\/logo\\\/image\\\/\",\"url\":\"https:\\\/\\\/www.miamibeachfl.gov\\\/wp-content\\\/uploads\\\/2022\\\/06\\\/miamibeach-logoblue.png\",\"contentUrl\":\"https:\\\/\\\/www.miamibeachfl.gov\\\/wp-content\\\/uploads\\\/2022\\\/06\\\/miamibeach-logoblue.png\",\"width\":1962,\"height\":381,\"caption\":\"City of Miami Beach\"},\"image\":{\"@id\":\"https:\\\/\\\/www.miamibeachfl.gov\\\/#\\\/schema\\\/logo\\\/image\\\/\"},\"sameAs\":[\"https:\\\/\\\/www.facebook.com\\\/cityofmiamibeach\",\"https:\\\/\\\/x.com\\\/Miamibeachnews\",\"https:\\\/\\\/www.instagram.com\\\/miamibeachnews\\\/\"],\"description\":\"The official website of the City of Miami Beach. Stay informed, find important information on city services, news, alerts, events, trolley routes, government employment and more.\",\"telephone\":\"305.604.CITY(2489)\",\"legalName\":\"City of Miami Beach\"}]}<\/script>\n<!-- \/ Yoast SEO Premium plugin. -->","yoast_head_json":{"title":"Tourisme et culture - Ville de Miami Beach","description":"Ce d\u00e9partement du tourisme et de la culture soutient, maintient et d\u00e9veloppe des programmes de qualit\u00e9 qui am\u00e9liorent les institutions et infrastructures culturelles de la ville, ainsi que les industries culturelles et touristiques de la ville, tout en s&#039;effor\u00e7ant d&#039;offrir des \u00e9v\u00e9nements tout au long de l&#039;ann\u00e9e, des concerts, des films dans le parc et des productions th\u00e9\u00e2trales qui am\u00e9liorent \u00e0 la fois l&#039;exp\u00e9rience du visiteur et la qualit\u00e9 de vie de nos r\u00e9sidents.","robots":{"index":"index","follow":"follow","max-snippet":"max-snippet:-1","max-image-preview":"max-image-preview:large","max-video-preview":"max-video-preview:-1"},"canonical":"https:\/\/www.miamibeachfl.gov\/fr\/egovapp\/city-hall\/tourismdepartment\/","og_locale":"fr_FR","og_type":"article","og_title":"Tourism and Culture","og_description":"This Tourism and Culture Department supports, maintains and develops quality programs which enhance the City\u2019s cultural institutions and infrastructure, as well as the City\u2019s cultural and tourist industries, while striving to provide year-round events, concerts, movies in the park, and theatre productions that enhance both the visitor\u2019s experience and the quality of life of our residents","og_url":"https:\/\/www.miamibeachfl.gov\/fr\/egovapp\/city-hall\/tourismdepartment\/","og_site_name":"City of Miami Beach","article_publisher":"https:\/\/www.facebook.com\/cityofmiamibeach","article_modified_time":"2025-06-07T20:15:56+00:00","og_image":[{"width":1000,"height":1000,"url":"https:\/\/www.miamibeachfl.gov\/wp-content\/uploads\/2024\/01\/1000pxSquare-miamibeach-aerial-southpointview.jpeg","type":"image\/jpeg"}],"twitter_card":"summary_large_image","twitter_site":"@Miamibeachnews","schema":{"@context":"https:\/\/schema.org","@graph":[{"@type":"WebPage","@id":"https:\/\/www.miamibeachfl.gov\/egovapp\/city-hall\/tourismdepartment\/","url":"https:\/\/www.miamibeachfl.gov\/egovapp\/city-hall\/tourismdepartment\/","name":"Tourisme et culture - Ville de Miami Beach","isPartOf":{"@id":"https:\/\/www.miamibeachfl.gov\/#website"},"datePublished":"2023-07-20T22:44:52+00:00","dateModified":"2025-06-07T20:15:56+00:00","description":"Ce d\u00e9partement du tourisme et de la culture soutient, maintient et d\u00e9veloppe des programmes de qualit\u00e9 qui am\u00e9liorent les institutions et infrastructures culturelles de la ville, ainsi que les industries culturelles et touristiques de la ville, tout en s&#039;effor\u00e7ant d&#039;offrir des \u00e9v\u00e9nements tout au long de l&#039;ann\u00e9e, des concerts, des films dans le parc et des productions th\u00e9\u00e2trales qui am\u00e9liorent \u00e0 la fois l&#039;exp\u00e9rience du visiteur et la qualit\u00e9 de vie de nos r\u00e9sidents.","breadcrumb":{"@id":"https:\/\/www.miamibeachfl.gov\/egovapp\/city-hall\/tourismdepartment\/#breadcrumb"},"inLanguage":"fr-FR","potentialAction":[{"@type":"ReadAction","target":["https:\/\/www.miamibeachfl.gov\/egovapp\/city-hall\/tourismdepartment\/"]}]},{"@type":"BreadcrumbList","@id":"https:\/\/www.miamibeachfl.gov\/egovapp\/city-hall\/tourismdepartment\/#breadcrumb","itemListElement":[{"@type":"ListItem","position":1,"name":"Home","item":"https:\/\/www.miamibeachfl.gov\/"},{"@type":"ListItem","position":2,"name":"MobileAppPages","item":"https:\/\/www.miamibeachfl.gov\/egovapp\/"},{"@type":"ListItem","position":3,"name":"City Hall Department Directory","item":"https:\/\/www.miamibeachfl.gov\/egovapp\/city-hall\/"},{"@type":"ListItem","position":4,"name":"Tourism and Culture"}]},{"@type":"WebSite","@id":"https:\/\/www.miamibeachfl.gov\/#website","url":"https:\/\/www.miamibeachfl.gov\/","name":"Ville de Miami Beach","description":"Site officiel de la ville de Miami Beach. Restez inform\u00e9 et trouvez des informations importantes sur les services municipaux, les actualit\u00e9s, les alertes, les \u00e9v\u00e9nements, les itin\u00e9raires de tramway, les emplois gouvernementaux et bien plus encore.","publisher":{"@id":"https:\/\/www.miamibeachfl.gov\/#organization"},"potentialAction":[{"@type":"SearchAction","target":{"@type":"EntryPoint","urlTemplate":"https:\/\/www.miamibeachfl.gov\/?s={search_term_string}"},"query-input":{"@type":"PropertyValueSpecification","valueRequired":true,"valueName":"search_term_string"}}],"inLanguage":"fr-FR"},{"@type":"Organization","@id":"https:\/\/www.miamibeachfl.gov\/#organization","name":"Ville de Miami Beach","url":"https:\/\/www.miamibeachfl.gov\/","logo":{"@type":"ImageObject","inLanguage":"fr-FR","@id":"https:\/\/www.miamibeachfl.gov\/#\/schema\/logo\/image\/","url":"https:\/\/www.miamibeachfl.gov\/wp-content\/uploads\/2022\/06\/miamibeach-logoblue.png","contentUrl":"https:\/\/www.miamibeachfl.gov\/wp-content\/uploads\/2022\/06\/miamibeach-logoblue.png","width":1962,"height":381,"caption":"City of Miami Beach"},"image":{"@id":"https:\/\/www.miamibeachfl.gov\/#\/schema\/logo\/image\/"},"sameAs":["https:\/\/www.facebook.com\/cityofmiamibeach","https:\/\/x.com\/Miamibeachnews","https:\/\/www.instagram.com\/miamibeachnews\/"],"description":"Site officiel de la ville de Miami Beach. Restez inform\u00e9 et trouvez des informations importantes sur les services municipaux, les actualit\u00e9s, les alertes, les \u00e9v\u00e9nements, les itin\u00e9raires de tramway, les emplois gouvernementaux et bien plus encore.","telephone":"305.604.CITY(2489)","legalName":"City of Miami Beach"}]}},"_links":{"self":[{"href":"https:\/\/www.miamibeachfl.gov\/fr\/wp-json\/wp\/v2\/pages\/265696","targetHints":{"allow":["GET"]}}],"collection":[{"href":"https:\/\/www.miamibeachfl.gov\/fr\/wp-json\/wp\/v2\/pages"}],"about":[{"href":"https:\/\/www.miamibeachfl.gov\/fr\/wp-json\/wp\/v2\/types\/page"}],"author":[{"embeddable":true,"href":"https:\/\/www.miamibeachfl.gov\/fr\/wp-json\/wp\/v2\/users\/222"}],"replies":[{"embeddable":true,"href":"https:\/\/www.miamibeachfl.gov\/fr\/wp-json\/wp\/v2\/comments?post=265696"}],"version-history":[{"count":1,"href":"https:\/\/www.miamibeachfl.gov\/fr\/wp-json\/wp\/v2\/pages\/265696\/revisions"}],"predecessor-version":[{"id":375842,"href":"https:\/\/www.miamibeachfl.gov\/fr\/wp-json\/wp\/v2\/pages\/265696\/revisions\/375842"}],"up":[{"embeddable":true,"href":"https:\/\/www.miamibeachfl.gov\/fr\/wp-json\/wp\/v2\/pages\/265532"}],"wp:attachment":[{"href":"https:\/\/www.miamibeachfl.gov\/fr\/wp-json\/wp\/v2\/media?parent=265696"}],"wp:term":[{"taxonomy":"category","embeddable":true,"href":"https:\/\/www.miamibeachfl.gov\/fr\/wp-json\/wp\/v2\/categories?post=265696"},{"taxonomy":"post_tag","embeddable":true,"href":"https:\/\/www.miamibeachfl.gov\/fr\/wp-json\/wp\/v2\/tags?post=265696"}],"curies":[{"name":"wp","href":"https:\/\/api.w.org\/{rel}","templated":true}]}}