{"id":265758,"date":"2023-07-21T10:33:25","date_gmt":"2023-07-21T14:33:25","guid":{"rendered":"https:\/\/www.miamibeachfl.gov\/?page_id=265758"},"modified":"2025-06-07T16:35:16","modified_gmt":"2025-06-07T20:35:16","slug":"meetingsandagendas","status":"publish","type":"page","link":"https:\/\/www.miamibeachfl.gov\/fr\/egovapp\/news-and-info\/newsandalerts\/meetingsandagendas\/","title":{"rendered":"R\u00e9unions et ordres du jour"},"content":{"rendered":"<a href=\"https:\/\/www.miamibeachfl.gov\/fr\/egovapp\/news-and-info\/\" target=\"_self\" role=\"button\" rel=\"noopener\">\n\t\t\t\t\t\tRetour aux actualit\u00e9s et informations\n\t\t\t\t\t<\/a>\n<h2>\n\t\tRestez au courant de ce qui se passe\n\t<\/h2>\n<h2>\n\t\tAvis de r\u00e9union \n\t<\/h2>\n\t<p><strong><a href=\"https:\/\/www.miamibeachfl.gov\/wp-content\/uploads\/2023\/11\/11082023-SUNSHINE-NOTICE.pdf\">11\/8 \u00e0 15h00 \u2013 R\u00e9union ensoleill\u00e9e entre les commissaires Fernandez et Dominguez pour discuter du projet de loi sur les structures dangereuses<\/a><\/strong><\/p>\n<p><strong><a href=\"https:\/\/www.miamibeachfl.gov\/wp-content\/uploads\/2023\/09\/Notice-of-Land-Use-Board-Vacancy-Board-of-Adjustment-1.pdf\">Avis de<\/a><a href=\"https:\/\/www.miamibeachfl.gov\/wp-content\/uploads\/2023\/09\/Notice-of-Land-Use-Board-Vacancy-Board-of-Adjustment-1.pdf\"> La<\/a><a href=\"https:\/\/www.miamibeachfl.gov\/wp-content\/uploads\/2023\/09\/Notice-of-Land-Use-Board-Vacancy-Board-of-Adjustment-1.pdf\">nd<\/a><a href=\"https:\/\/www.miamibeachfl.gov\/wp-content\/uploads\/2023\/09\/Notice-of-Land-Use-Board-Vacancy-Board-of-Adjustment-1.pdf\"> Poste vacant au conseil d&#039;administration \u2013 Conseil d&#039;ajustement<\/a>*<\/strong><\/p>\n<p><strong>Calendrier des r\u00e9unions<\/strong><\/p>\n<p><strong><a href=\"http:\/\/www.miamibeachfl.gov\/fr\/calendar\/\">Calendrier de la ville<\/a><\/strong><\/p>\n<p><strong><a href=\"https:\/\/www.miamibeachfl.gov\/wp-content\/uploads\/2023\/11\/November-06-10-2023.pdf\">6 \u2013 10 novembre 2023<\/a><\/strong><\/p>\n<p><strong><a href=\"https:\/\/www.miamibeachfl.gov\/wp-content\/uploads\/2023\/11\/November-13-17-2023.pdf\">13 \u2013 17 novembre 2023<\/a><\/strong><\/p>\n<p>&nbsp;<\/p>\n<p><strong>Avis d&#039;audiences publiques publi\u00e9s dans le Miami Herald<\/strong><\/p>\n<p><strong><a href=\"https:\/\/www.miamibeachfl.gov\/wp-content\/uploads\/2023\/10\/Ads-Published-in-the-Herald-for-September-2023.pdf\">Annonces publi\u00e9es dans le Herald pour septembre 2023<\/a><\/strong><\/p>\n<p><strong><a href=\"https:\/\/www.miamibeachfl.gov\/wp-content\/uploads\/2023\/10\/Ads-Published-in-the-Herald-for-October-2023-5.pdf\">Annonces publi\u00e9es dans le Herald pour octobre 2023<\/a><\/strong><\/p>\n<p>&nbsp;<\/p>\n<p><strong>Calendrier des r\u00e9unions de la commission municipale<\/strong><\/p>\n<p><strong><a href=\"https:\/\/www.miamibeachfl.gov\/wp-content\/uploads\/2023\/10\/2023-Commission-Dates-3.pdf\">Dates de la Commission 2023<\/a><\/strong><\/p>\n<p>&nbsp;<\/p>\n<p><strong>Calendrier des comit\u00e9s de la Commission<\/strong><\/p>\n<p><strong><a href=\"https:\/\/www.miamibeachfl.gov\/wp-content\/uploads\/2023\/10\/2023-Commission-Committee-Schedule-4.pdf\">Calendrier des r\u00e9unions du comit\u00e9 de la Commission 2023<\/a><\/strong><\/p>\n<p>&nbsp;<\/p>\n<p><strong>R\u00e9unions du conseil d&#039;utilisation des terres<\/strong><\/p>\n<p><strong><a href=\"https:\/\/www.miamibeachfl.gov\/wp-content\/uploads\/2023\/03\/2023-Land-Use-Boards.pdf\">Conseils d&#039;utilisation des terres 2023<\/a><\/strong><\/p>\n<p>&nbsp;<\/p>\n<p><strong>Comit\u00e9 des transports, du stationnement et des am\u00e9nagements pour les v\u00e9los et les pi\u00e9tons<\/strong><\/p>\n<p><strong><a href=\"https:\/\/www.miamibeachfl.gov\/wp-content\/uploads\/2022\/12\/2023-TPBPFC-Schedule.pdf\">Calendrier des r\u00e9unions 2023<\/a><\/strong><\/p>\n<p>&nbsp;<\/p>\n<p><strong>Estimation de l&#039;impact des ordonnances propos\u00e9es sur les entreprises<\/strong><\/p>\n<h2>\n\t\tOrdres du jour des r\u00e9unions \n\t<\/h2>\n\t<!--\n<h3>Click <a href=\"https:\/\/miamibeach.novusagenda.com\/agendapublic\/meetingsgeneral.aspx\">HERE<\/a>\u00a0to view in a new tab or on mobile devices.<\/h3>\n<iframe loading=\"lazy\" title=\"View Commission and Board Meetings\" src=\"https:\/\/miamibeach.novusagenda.com\/agendapublic\/meetingsgeneral.aspx\" name=\"cityofmiamibeach\" width=\"100%\" height=\"150\" frameborder=\"0\"><\/iframe>\n-->\n<iframe title=\"Voir les r\u00e9unions de la Commission et du Conseil\" src=\"https:\/\/docmgmt.miamibeachfl.gov\/WebLink\/DocView.aspx?id=264966&amp;dbid=0&amp;repo=CityClerk \" name=\"cityofmiamibeach\" frameborder=\"0\"><\/iframe>","protected":false},"excerpt":{"rendered":"<p>Back to News &#038; Info Keep Up with What&#8217;s Happening Meeting Notices 11\/8 at 3:00 p.m. &#8211; Sunshine Meeting Between [&hellip;]<\/p>\n","protected":false},"author":222,"featured_media":0,"parent":265741,"menu_order":0,"comment_status":"closed","ping_status":"closed","template":"","meta":{"_searchwp_excluded":"1","site-sidebar-layout":"default","site-content-layout":"","ast-site-content-layout":"","site-content-style":"default","site-sidebar-style":"default","ast-global-header-display":"disabled","ast-banner-title-visibility":"","ast-main-header-display":"","ast-hfb-above-header-display":"","ast-hfb-below-header-display":"","ast-hfb-mobile-header-display":"","site-post-title":"","ast-breadcrumbs-content":"","ast-featured-img":"","footer-sml-layout":"disabled","theme-transparent-header-meta":"","adv-header-id-meta":"","stick-header-meta":"","header-above-stick-meta":"","header-main-stick-meta":"","header-below-stick-meta":"","astra-migrate-meta-layouts":"default","ast-page-background-enabled":"default","ast-page-background-meta":{"desktop":{"background-color":"var(--ast-global-color-5)","background-image":"","background-repeat":"repeat","background-position":"center center","background-size":"auto","background-attachment":"scroll","background-type":"","background-media":"","overlay-type":"","overlay-color":"","overlay-opacity":"","overlay-gradient":""},"tablet":{"background-color":"","background-image":"","background-repeat":"repeat","background-position":"center center","background-size":"auto","background-attachment":"scroll","background-type":"","background-media":"","overlay-type":"","overlay-color":"","overlay-opacity":"","overlay-gradient":""},"mobile":{"background-color":"","background-image":"","background-repeat":"repeat","background-position":"center center","background-size":"auto","background-attachment":"scroll","background-type":"","background-media":"","overlay-type":"","overlay-color":"","overlay-opacity":"","overlay-gradient":""}},"ast-content-background-meta":{"desktop":{"background-color":"var(--ast-global-color-4)","background-image":"","background-repeat":"repeat","background-position":"center center","background-size":"auto","background-attachment":"scroll","background-type":"","background-media":"","overlay-type":"","overlay-color":"","overlay-opacity":"","overlay-gradient":""},"tablet":{"background-color":"var(--ast-global-color-4)","background-image":"","background-repeat":"repeat","background-position":"center center","background-size":"auto","background-attachment":"scroll","background-type":"","background-media":"","overlay-type":"","overlay-color":"","overlay-opacity":"","overlay-gradient":""},"mobile":{"background-color":"var(--ast-global-color-4)","background-image":"","background-repeat":"repeat","background-position":"center center","background-size":"auto","background-attachment":"scroll","background-type":"","background-media":"","overlay-type":"","overlay-color":"","overlay-opacity":"","overlay-gradient":""}},"footnotes":""},"categories":[],"tags":[1002],"class_list":["post-265758","page","type-page","status-publish","hentry","tag-app-egov-page"],"yoast_head":"<!-- This site is optimized with the Yoast SEO Premium plugin v26.6 (Yoast SEO v26.6) - https:\/\/yoast.com\/wordpress\/plugins\/seo\/ -->\n<title>Meetings And Agendas - City of Miami Beach<\/title>\n<meta name=\"description\" content=\"%\" \/>\n<meta name=\"robots\" content=\"index, follow, max-snippet:-1, max-image-preview:large, max-video-preview:-1\" \/>\n<link rel=\"canonical\" href=\"https:\/\/www.miamibeachfl.gov\/fr\/egovapp\/news-and-info\/newsandalerts\/meetingsandagendas\/\" \/>\n<meta property=\"og:locale\" content=\"fr_FR\" \/>\n<meta property=\"og:type\" content=\"article\" \/>\n<meta property=\"og:title\" content=\"Meetings And Agendas\" \/>\n<meta property=\"og:description\" content=\"%\" \/>\n<meta property=\"og:url\" content=\"https:\/\/www.miamibeachfl.gov\/fr\/egovapp\/news-and-info\/newsandalerts\/meetingsandagendas\/\" \/>\n<meta property=\"og:site_name\" content=\"City of Miami Beach\" \/>\n<meta property=\"article:publisher\" content=\"https:\/\/www.facebook.com\/cityofmiamibeach\" \/>\n<meta property=\"article:modified_time\" content=\"2025-06-07T20:35:16+00:00\" \/>\n<meta property=\"og:image\" content=\"https:\/\/www.miamibeachfl.gov\/wp-content\/uploads\/2024\/01\/1000pxSquare-miamibeach-aerial-southpointview.jpeg\" \/>\n\t<meta property=\"og:image:width\" content=\"1000\" \/>\n\t<meta property=\"og:image:height\" content=\"1000\" \/>\n\t<meta property=\"og:image:type\" content=\"image\/jpeg\" \/>\n<meta name=\"twitter:card\" content=\"summary_large_image\" \/>\n<meta name=\"twitter:site\" content=\"@Miamibeachnews\" \/>\n<script type=\"application\/ld+json\" class=\"yoast-schema-graph\">{\"@context\":\"https:\/\/schema.org\",\"@graph\":[{\"@type\":\"WebPage\",\"@id\":\"https:\/\/www.miamibeachfl.gov\/egovapp\/news-and-info\/newsandalerts\/meetingsandagendas\/\",\"url\":\"https:\/\/www.miamibeachfl.gov\/egovapp\/news-and-info\/newsandalerts\/meetingsandagendas\/\",\"name\":\"Meetings And Agendas - City of Miami Beach\",\"isPartOf\":{\"@id\":\"https:\/\/www.miamibeachfl.gov\/#website\"},\"datePublished\":\"2023-07-21T14:33:25+00:00\",\"dateModified\":\"2025-06-07T20:35:16+00:00\",\"description\":\"%\",\"breadcrumb\":{\"@id\":\"https:\/\/www.miamibeachfl.gov\/egovapp\/news-and-info\/newsandalerts\/meetingsandagendas\/#breadcrumb\"},\"inLanguage\":\"fr-FR\",\"potentialAction\":[{\"@type\":\"ReadAction\",\"target\":[\"https:\/\/www.miamibeachfl.gov\/egovapp\/news-and-info\/newsandalerts\/meetingsandagendas\/\"]}]},{\"@type\":\"BreadcrumbList\",\"@id\":\"https:\/\/www.miamibeachfl.gov\/egovapp\/news-and-info\/newsandalerts\/meetingsandagendas\/#breadcrumb\",\"itemListElement\":[{\"@type\":\"ListItem\",\"position\":1,\"name\":\"Home\",\"item\":\"https:\/\/www.miamibeachfl.gov\/\"},{\"@type\":\"ListItem\",\"position\":2,\"name\":\"MobileAppPages\",\"item\":\"https:\/\/www.miamibeachfl.gov\/egovapp\/\"},{\"@type\":\"ListItem\",\"position\":3,\"name\":\"News and Info\",\"item\":\"https:\/\/www.miamibeachfl.gov\/egovapp\/news-and-info\/\"},{\"@type\":\"ListItem\",\"position\":4,\"name\":\"News and Alerts\",\"item\":\"https:\/\/www.miamibeachfl.gov\/egovapp\/news-and-info\/newsandalerts\/\"},{\"@type\":\"ListItem\",\"position\":5,\"name\":\"Meetings And Agendas\"}]},{\"@type\":\"WebSite\",\"@id\":\"https:\/\/www.miamibeachfl.gov\/#website\",\"url\":\"https:\/\/www.miamibeachfl.gov\/\",\"name\":\"City of Miami Beach\",\"description\":\"The official website of the City of Miami Beach. Stay informed, find important information on city services, news, alerts, events, trolley routes, government employment and more.\",\"publisher\":{\"@id\":\"https:\/\/www.miamibeachfl.gov\/#organization\"},\"potentialAction\":[{\"@type\":\"SearchAction\",\"target\":{\"@type\":\"EntryPoint\",\"urlTemplate\":\"https:\/\/www.miamibeachfl.gov\/?s={search_term_string}\"},\"query-input\":{\"@type\":\"PropertyValueSpecification\",\"valueRequired\":true,\"valueName\":\"search_term_string\"}}],\"inLanguage\":\"fr-FR\"},{\"@type\":\"Organization\",\"@id\":\"https:\/\/www.miamibeachfl.gov\/#organization\",\"name\":\"City of Miami Beach\",\"url\":\"https:\/\/www.miamibeachfl.gov\/\",\"logo\":{\"@type\":\"ImageObject\",\"inLanguage\":\"fr-FR\",\"@id\":\"https:\/\/www.miamibeachfl.gov\/#\/schema\/logo\/image\/\",\"url\":\"https:\/\/www.miamibeachfl.gov\/wp-content\/uploads\/2022\/06\/miamibeach-logoblue.png\",\"contentUrl\":\"https:\/\/www.miamibeachfl.gov\/wp-content\/uploads\/2022\/06\/miamibeach-logoblue.png\",\"width\":1962,\"height\":381,\"caption\":\"City of Miami Beach\"},\"image\":{\"@id\":\"https:\/\/www.miamibeachfl.gov\/#\/schema\/logo\/image\/\"},\"sameAs\":[\"https:\/\/www.facebook.com\/cityofmiamibeach\",\"https:\/\/x.com\/Miamibeachnews\",\"https:\/\/www.instagram.com\/miamibeachnews\/\"],\"description\":\"The official website of the City of Miami Beach. Stay informed, find important information on city services, news, alerts, events, trolley routes, government employment and more.\",\"telephone\":\"305.604.CITY(2489)\",\"legalName\":\"City of Miami Beach\"}]}<\/script>\n<!-- \/ Yoast SEO Premium plugin. -->","yoast_head_json":{"title":"Meetings And Agendas - City of Miami Beach","description":"%","robots":{"index":"index","follow":"follow","max-snippet":"max-snippet:-1","max-image-preview":"max-image-preview:large","max-video-preview":"max-video-preview:-1"},"canonical":"https:\/\/www.miamibeachfl.gov\/fr\/egovapp\/news-and-info\/newsandalerts\/meetingsandagendas\/","og_locale":"fr_FR","og_type":"article","og_title":"Meetings And Agendas","og_description":"%","og_url":"https:\/\/www.miamibeachfl.gov\/fr\/egovapp\/news-and-info\/newsandalerts\/meetingsandagendas\/","og_site_name":"City of Miami Beach","article_publisher":"https:\/\/www.facebook.com\/cityofmiamibeach","article_modified_time":"2025-06-07T20:35:16+00:00","og_image":[{"width":1000,"height":1000,"url":"https:\/\/www.miamibeachfl.gov\/wp-content\/uploads\/2024\/01\/1000pxSquare-miamibeach-aerial-southpointview.jpeg","type":"image\/jpeg"}],"twitter_card":"summary_large_image","twitter_site":"@Miamibeachnews","schema":{"@context":"https:\/\/schema.org","@graph":[{"@type":"WebPage","@id":"https:\/\/www.miamibeachfl.gov\/egovapp\/news-and-info\/newsandalerts\/meetingsandagendas\/","url":"https:\/\/www.miamibeachfl.gov\/egovapp\/news-and-info\/newsandalerts\/meetingsandagendas\/","name":"Meetings And Agendas - City of Miami Beach","isPartOf":{"@id":"https:\/\/www.miamibeachfl.gov\/#website"},"datePublished":"2023-07-21T14:33:25+00:00","dateModified":"2025-06-07T20:35:16+00:00","description":"%","breadcrumb":{"@id":"https:\/\/www.miamibeachfl.gov\/egovapp\/news-and-info\/newsandalerts\/meetingsandagendas\/#breadcrumb"},"inLanguage":"fr-FR","potentialAction":[{"@type":"ReadAction","target":["https:\/\/www.miamibeachfl.gov\/egovapp\/news-and-info\/newsandalerts\/meetingsandagendas\/"]}]},{"@type":"BreadcrumbList","@id":"https:\/\/www.miamibeachfl.gov\/egovapp\/news-and-info\/newsandalerts\/meetingsandagendas\/#breadcrumb","itemListElement":[{"@type":"ListItem","position":1,"name":"Home","item":"https:\/\/www.miamibeachfl.gov\/"},{"@type":"ListItem","position":2,"name":"MobileAppPages","item":"https:\/\/www.miamibeachfl.gov\/egovapp\/"},{"@type":"ListItem","position":3,"name":"News and Info","item":"https:\/\/www.miamibeachfl.gov\/egovapp\/news-and-info\/"},{"@type":"ListItem","position":4,"name":"News and Alerts","item":"https:\/\/www.miamibeachfl.gov\/egovapp\/news-and-info\/newsandalerts\/"},{"@type":"ListItem","position":5,"name":"Meetings And Agendas"}]},{"@type":"WebSite","@id":"https:\/\/www.miamibeachfl.gov\/#website","url":"https:\/\/www.miamibeachfl.gov\/","name":"Ville de Miami Beach","description":"Site officiel de la ville de Miami Beach. Restez inform\u00e9 et trouvez des informations importantes sur les services municipaux, les actualit\u00e9s, les alertes, les \u00e9v\u00e9nements, les itin\u00e9raires de tramway, les emplois gouvernementaux et bien plus encore.","publisher":{"@id":"https:\/\/www.miamibeachfl.gov\/#organization"},"potentialAction":[{"@type":"SearchAction","target":{"@type":"EntryPoint","urlTemplate":"https:\/\/www.miamibeachfl.gov\/?s={search_term_string}"},"query-input":{"@type":"PropertyValueSpecification","valueRequired":true,"valueName":"search_term_string"}}],"inLanguage":"fr-FR"},{"@type":"Organization","@id":"https:\/\/www.miamibeachfl.gov\/#organization","name":"Ville de Miami Beach","url":"https:\/\/www.miamibeachfl.gov\/","logo":{"@type":"ImageObject","inLanguage":"fr-FR","@id":"https:\/\/www.miamibeachfl.gov\/#\/schema\/logo\/image\/","url":"https:\/\/www.miamibeachfl.gov\/wp-content\/uploads\/2022\/06\/miamibeach-logoblue.png","contentUrl":"https:\/\/www.miamibeachfl.gov\/wp-content\/uploads\/2022\/06\/miamibeach-logoblue.png","width":1962,"height":381,"caption":"City of Miami Beach"},"image":{"@id":"https:\/\/www.miamibeachfl.gov\/#\/schema\/logo\/image\/"},"sameAs":["https:\/\/www.facebook.com\/cityofmiamibeach","https:\/\/x.com\/Miamibeachnews","https:\/\/www.instagram.com\/miamibeachnews\/"],"description":"Site officiel de la ville de Miami Beach. Restez inform\u00e9 et trouvez des informations importantes sur les services municipaux, les actualit\u00e9s, les alertes, les \u00e9v\u00e9nements, les itin\u00e9raires de tramway, les emplois gouvernementaux et bien plus encore.","telephone":"305.604.CITY(2489)","legalName":"City of Miami Beach"}]}},"_links":{"self":[{"href":"https:\/\/www.miamibeachfl.gov\/fr\/wp-json\/wp\/v2\/pages\/265758","targetHints":{"allow":["GET"]}}],"collection":[{"href":"https:\/\/www.miamibeachfl.gov\/fr\/wp-json\/wp\/v2\/pages"}],"about":[{"href":"https:\/\/www.miamibeachfl.gov\/fr\/wp-json\/wp\/v2\/types\/page"}],"author":[{"embeddable":true,"href":"https:\/\/www.miamibeachfl.gov\/fr\/wp-json\/wp\/v2\/users\/222"}],"replies":[{"embeddable":true,"href":"https:\/\/www.miamibeachfl.gov\/fr\/wp-json\/wp\/v2\/comments?post=265758"}],"version-history":[{"count":0,"href":"https:\/\/www.miamibeachfl.gov\/fr\/wp-json\/wp\/v2\/pages\/265758\/revisions"}],"up":[{"embeddable":true,"href":"https:\/\/www.miamibeachfl.gov\/fr\/wp-json\/wp\/v2\/pages\/265741"}],"wp:attachment":[{"href":"https:\/\/www.miamibeachfl.gov\/fr\/wp-json\/wp\/v2\/media?parent=265758"}],"wp:term":[{"taxonomy":"category","embeddable":true,"href":"https:\/\/www.miamibeachfl.gov\/fr\/wp-json\/wp\/v2\/categories?post=265758"},{"taxonomy":"post_tag","embeddable":true,"href":"https:\/\/www.miamibeachfl.gov\/fr\/wp-json\/wp\/v2\/tags?post=265758"}],"curies":[{"name":"wp","href":"https:\/\/api.w.org\/{rel}","templated":true}]}}