{"id":267685,"date":"2023-08-09T10:54:17","date_gmt":"2023-08-09T14:54:17","guid":{"rendered":"https:\/\/www.miamibeachfl.gov\/city-hall\/city-clerk\/election-information\/related-resolutions-november-7-2023\/"},"modified":"2025-02-23T08:23:36","modified_gmt":"2025-02-23T13:23:36","slug":"related-resolutions-november-7-2023","status":"publish","type":"page","link":"https:\/\/www.miamibeachfl.gov\/fr\/city-hall\/city-clerk\/election-information\/related-resolutions-november-7-2023\/","title":{"rendered":"R\u00e9solutions connexes \u2013 7 novembre 2023"},"content":{"rendered":"<img loading=\"lazy\" decoding=\"async\" src=\"https:\/\/www.miamibeachfl.gov\/wp-content\/uploads\/2022\/07\/hero-small.jpg\" alt=\"ocean drive art deco buildings\" itemprop=\"image\" height=\"211\" width=\"2395\" title=\"petit h\u00e9ros\" onerror=\"this.style.display='none'\"  \/>\n<h1>\n\t\tR\u00e9solutions connexes \u2013 7 novembre 2023\n\t<\/h1>\n\t<nav id=\"breadcrumbs\" aria-label=\"Fil d&#039;Ariane\"><a href=\"https:\/\/www.miamibeachfl.gov\/fr\/\">Maison<\/a> &gt; <a href=\"https:\/\/www.miamibeachfl.gov\/fr\/city-hall\/\">l&#039;h\u00f4tel de ville<\/a> &gt; <a href=\"https:\/\/www.miamibeachfl.gov\/fr\/city-hall\/city-clerk\/\">greffier de la ville<\/a> &gt; <a href=\"https:\/\/www.miamibeachfl.gov\/fr\/city-hall\/city-clerk\/election-information\/\">Informations \u00e9lectorales<\/a> &gt; <strong>R\u00e9solutions connexes \u2013 7 novembre 2023<\/strong><\/nav>\n\t<ul>\n<li><a href=\"https:\/\/www.miamibeachfl.gov\/wp-content\/uploads\/2023\/08\/Resolution-2023-32680.pdf\">R\u00e9solution 2023-32680<\/a>: UNE R\u00c9SOLUTION DU MAIRE ET DE LA COMMISSION MUNICIPALE DE LA VILLE DE MIAMI BEACH, FLORIDE, AUTORISANT L&#039;ADMINISTRATION \u00c0 ENREGISTRER EN VID\u00c9O ET \u00c0 DIFFUSER SUR MBTV LES PR\u00c9SENTATIONS VID\u00c9O DES CANDIDATS DU MAIRE ET DES GROUPES IV, V ET VI DE LA COMMISSION POUR L&#039;\u00c9LECTION G\u00c9N\u00c9RALE DU 7 NOVEMBRE 2023 ET AFFIRMANT COMME D\u00c9CLARATION DE POLITIQUE L&#039;OBJECTIF PUBLIC D&#039;\u00c9DUQUER LES \u00c9LECTEURS DE LA VILLE SUR LES CANDIDATS QUALIFI\u00c9S SE PR\u00c9SENTANT AUX \u00c9LECTIONS G\u00c9N\u00c9RALES DE LA VILLE DU 7 NOVEMBRE 2023.<\/li>\n<li><a href=\"https:\/\/www.miamibeachfl.gov\/wp-content\/uploads\/2023\/08\/Resolution-2023-32679.pdf\">R\u00e9solution 2023-32679<\/a>: UNE R\u00c9SOLUTION DU MAIRE ET DE LA COMMISSION MUNICIPALE DE LA VILLE DE MIAMI BEACH, FLORIDE, AUTORISANT LE VOTE ANTICIP\u00c9 POUR L&#039;\u00c9LECTION G\u00c9N\u00c9RALE DE LA VILLE DE MIAMI BEACH DU 7 NOVEMBRE 2023 ET, SI N\u00c9CESSAIRE, UN SECOND TOUR DU 21 NOVEMBRE 2023 ET ORDONNANT AU SUPERVISEUR DES \u00c9LECTIONS DU COMT\u00c9 DE MIAMI-DADE OU \u00c0 SON REPR\u00c9SENTANT DE FOURNIR DES EMPLACEMENTS DE BO\u00ceTES DE D\u00c9P\u00d4T AU VOLANT SUR TOUS LES SITES DE VOTE ANTICIP\u00c9 PENDANT LE VOTE ANTICIP\u00c9 AFIN DE PERMETTRE AUX \u00c9LECTEURS DE RETOURNER EN TOUTE S\u00c9CURIT\u00c9 ET EN TEMPS RAPIDE LEURS BULLETINS DE VOTE PAR CORRESPONDANCE POUR L&#039;\u00c9LECTION G\u00c9N\u00c9RALE DE LA VILLE DE MIAMI BEACH DU 7 NOVEMBRE 2023 ET, SI N\u00c9CESSAIRE, LE SECOND TOUR DU 21 NOVEMBRE 2023.<\/li>\n<li><a href=\"https:\/\/www.miamibeachfl.gov\/wp-content\/uploads\/2023\/08\/Resolution-2023-32678.pdf\">R\u00e9solution 2023-32678<\/a>: UNE R\u00c9SOLUTION DU MAIRE ET DE LA COMMISSION MUNICIPALE DE LA VILLE DE MIAMI BEACH, FLORIDE, DEMANDANT LA TENUE D&#039;UNE \u00c9LECTION G\u00c9N\u00c9RALE LE 7 NOVEMBRE 2023 DANS LA VILLE DE MIAMI BEACH POUR \u00c9LIRE UN MAIRE ET TROIS COMMISSAIRES MUNICIPAUX (GROUPES IV, V ET VI) ; PR\u00c9VOYANT EN OUTRE LA TENUE D&#039;UN SECOND TOUR, SI N\u00c9CESSAIRE, LE 21 NOVEMBRE 2023 ; PR\u00c9VOYANT LA CONDUITE DE CES \u00c9LECTIONS PAR LE D\u00c9PARTEMENT DES \u00c9LECTIONS DU COMT\u00c9 DE MIAMI-DADE (COMT\u00c9 DE MIAMI-DADE) ; PR\u00c9VOYANT QUE LES BUREAUX DE VOTE POUR CES \u00c9LECTIONS SERONT CEUX \u00c9TABLIS PAR LE COMT\u00c9 DE MIAMI-DADE ; PR\u00c9VOYANT UN AVIS DE CES \u00c9LECTIONS ; PR\u00c9VOYANT LES FORMES DE VOTE ET D&#039;ENREGISTREMENT DES \u00c9LECTEURS CONFORM\u00c9MENT \u00c0 LA LOI DE L&#039;\u00c9TAT ; PR\u00c9VOYANT LA PARTICIPATION DES \u00c9LECTEURS PAR VOTE PAR CORRESPONDANCE AUXDITES \u00c9LECTIONS CONFORM\u00c9MENT \u00c0 LA LOI DE L&#039;\u00c9TAT ; ET PR\u00c9VOYANT LE PAIEMENT DE TOUTES LES D\u00c9PENSES LI\u00c9ES \u00c0 LA CONDUITE DES \u00c9LECTIONS.<\/li>\n<\/ul>\n\t\tAcc\u00e9der \u00e0\u2026\t\t\t\n\t\t\t\t\t<ul id=\"menu-city-clerk-election-menu\"><li id=\"menu-item-363778\"><a href=\"https:\/\/www.miamibeachfl.gov\/fr\/city-hall\/city-clerk\/election-information\/election-information-archive-2018-to-present\/\">Archives 2018 \u00e0 aujourd&#039;hui<\/a><\/li>\n<li id=\"menu-item-363779\"><a href=\"https:\/\/www.miamibeachfl.gov\/fr\/city-hall\/city-clerk\/election-information\/august-18-2020-primary-election\/\">18 ao\u00fbt 2020\u00a0: \u00c9lection primaire<\/a><\/li>\n<li id=\"menu-item-363780\"><a href=\"https:\/\/www.miamibeachfl.gov\/fr\/city-hall\/city-clerk\/election-information\/august-2024-primary-election\/\">\u00c9lection primaire d&#039;ao\u00fbt 2024<\/a><\/li>\n<li id=\"menu-item-363781\"><a href=\"https:\/\/www.miamibeachfl.gov\/fr\/city-hall\/city-clerk\/election-information\/general-election-2-2\/\">23 ao\u00fbt 2022\u00a0: \u00c9lection sp\u00e9ciale<\/a><\/li>\n<li id=\"menu-item-363782\"><a href=\"https:\/\/www.miamibeachfl.gov\/fr\/city-hall\/city-clerk\/election-information\/campaign-finance\/\">Lois sur le financement des campagnes \u00e9lectorales<\/a><\/li>\n<li id=\"menu-item-363783\"><a href=\"https:\/\/www.miamibeachfl.gov\/fr\/city-hall\/city-clerk\/election-information\/december-17-2019-special-election-allison-island-and-biscayne-beach-only\/\">\u00c9lection sp\u00e9ciale du 17 d\u00e9cembre 2019<\/a><\/li>\n<li id=\"menu-item-363784\"><a href=\"https:\/\/www.miamibeachfl.gov\/fr\/city-hall\/city-clerk\/election-information\/ecos-registered-with-the-department-of-state\/\">ECO enregistr\u00e9s aupr\u00e8s du D\u00e9partement d&#039;\u00c9tat<\/a><\/li>\n<li id=\"menu-item-363785\"><a href=\"https:\/\/www.miamibeachfl.gov\/fr\/city-hall\/city-clerk\/election-information\/election-related-resolutions\/\">R\u00e9solutions relatives aux \u00e9lections<\/a><\/li>\n<li id=\"menu-item-363786\"><a href=\"https:\/\/www.miamibeachfl.gov\/fr\/city-hall\/city-clerk\/election-information\/general-election\/\">\u00c9lections g\u00e9n\u00e9rales et sp\u00e9ciales\/Second tour<\/a><\/li>\n<li id=\"menu-item-363787\"><a href=\"https:\/\/www.miamibeachfl.gov\/fr\/city-hall\/city-clerk\/election-information\/general-election-2\/\">\u00c9lection g\u00e9n\u00e9rale<\/a><\/li>\n<li id=\"menu-item-363813\"><a href=\"https:\/\/www.miamibeachfl.gov\/fr\/city-hall\/city-clerk\/election-information\/lrbid-renewalelection\/\">\u00c9lection pour le renouvellement du district d&#039;am\u00e9lioration commerciale de Lincoln Road<\/a><\/li>\n<li id=\"menu-item-363814\"><a href=\"https:\/\/www.miamibeachfl.gov\/fr\/city-hall\/city-clerk\/election-information\/mail-ballot-election-for-the-creation-of-a-special-assessment-district-to-be-known-as-the-south-beach-business-improvement-district\/\">\u00c9lection par correspondance<\/a><\/li>\n<li id=\"menu-item-363788\"><a href=\"https:\/\/www.miamibeachfl.gov\/fr\/city-hall\/city-clerk\/election-information\/march-17-2020-presidential-preference-primary-election\/\">17 mars 2020\u00a0: Primaires pr\u00e9sidentielles<\/a><\/li>\n<li id=\"menu-item-363789\"><a href=\"https:\/\/www.miamibeachfl.gov\/fr\/city-hall\/city-clerk\/election-information\/most-commonly-used-election-forms\/\">Formulaires \u00e9lectoraux les plus couramment utilis\u00e9s<\/a><\/li>\n<li id=\"menu-item-363790\"><a href=\"https:\/\/www.miamibeachfl.gov\/fr\/city-hall\/city-clerk\/election-information\/november-3-2020-general-election\/\">3 novembre 2020\u00a0: \u00c9lections g\u00e9n\u00e9rales<\/a><\/li>\n<li id=\"menu-item-363791\"><a href=\"https:\/\/www.miamibeachfl.gov\/fr\/city-hall\/city-clerk\/election-information\/november-4-2025-general-and-special-elections\/\">4 novembre 2025\u00a0: \u00c9lections g\u00e9n\u00e9rales<\/a><\/li>\n<li id=\"menu-item-363792\"><a href=\"https:\/\/www.miamibeachfl.gov\/fr\/city-hall\/city-clerk\/election-information\/november-5-2024-general-and-special-elections\/\">5 novembre 2024\u00a0: \u00c9lection sp\u00e9ciale<\/a><\/li>\n<li id=\"menu-item-363793\"><a href=\"https:\/\/www.miamibeachfl.gov\/fr\/city-hall\/city-clerk\/election-information\/november-8-2022-special-election-to-fill-vacancy-special-election-for-referendum\/\">8 novembre 2022\u00a0: \u00c9lection sp\u00e9ciale pour combler un poste vacant et \u00e9lection sp\u00e9ciale pour les r\u00e9f\u00e9rendums<\/a><\/li>\n<li id=\"menu-item-363794\"><a href=\"https:\/\/www.miamibeachfl.gov\/fr\/city-hall\/city-clerk\/election-information\/related-resolution\/\">R\u00e9solutions connexes<\/a><\/li>\n<li id=\"menu-item-363795\"><a href=\"https:\/\/www.miamibeachfl.gov\/fr\/city-hall\/city-clerk\/election-information\/related-resolutions-november-5-2024\/\">R\u00e9solutions connexes \u2013 5 NOVEMBRE 2024<\/a><\/li>\n<li id=\"menu-item-363796\"><a href=\"https:\/\/www.miamibeachfl.gov\/fr\/city-hall\/city-clerk\/election-information\/related-resolutions-november-7-2023\/\">R\u00e9solutions connexes \u2013 7 novembre 2023<\/a><\/li>\n<li id=\"menu-item-363797\"><a href=\"https:\/\/www.miamibeachfl.gov\/fr\/city-hall\/city-clerk\/election-information\/resolutions\/\">R\u00e9solutions<\/a><\/li>\n<li id=\"menu-item-363798\"><a href=\"https:\/\/www.miamibeachfl.gov\/fr\/city-hall\/city-clerk\/election-information\/south-beach-bid-election\/\">\u00c9lection de la candidature de South Beach<\/a><\/li>\n<li id=\"menu-item-363799\"><a href=\"https:\/\/www.miamibeachfl.gov\/fr\/city-hall\/city-clerk\/election-information\/special-election-to-fill-vancancy-runoff\/\">\u00c9lection sp\u00e9ciale pour combler un poste vacant au second tour<\/a><\/li>\n<\/ul>\t\n\t<div class=\"page-navigation\"><a class=\"prev-page\" href=\"https:\/\/www.miamibeachfl.gov\/fr\/city-hall\/city-clerk\/election-information\/november-5-2024-general-and-special-elections\/\">\u2190 5 novembre 2024\u00a0: \u00c9lection sp\u00e9ciale<\/a> <a class=\"next-page\" href=\"https:\/\/www.miamibeachfl.gov\/fr\/city-hall\/city-clerk\/election-information\/related-resolutions-november-5-2024\/\">R\u00e9solutions connexes - 5 novembre 2024 \u2192<\/a><\/div>","protected":false},"excerpt":{"rendered":"<p>Related Resolutions &#8211; November 7, 2023 Home &gt; City Hall &gt; City Clerk &gt; Election Information &gt; Related Resolutions &#8211; [&hellip;]<\/p>\n","protected":false},"author":222,"featured_media":0,"parent":28358,"menu_order":78,"comment_status":"closed","ping_status":"closed","template":"page-blank.php","meta":{"_searchwp_excluded":"","site-sidebar-layout":"default","site-content-layout":"","ast-site-content-layout":"default","site-content-style":"default","site-sidebar-style":"default","ast-global-header-display":"","ast-banner-title-visibility":"","ast-main-header-display":"","ast-hfb-above-header-display":"","ast-hfb-below-header-display":"","ast-hfb-mobile-header-display":"","site-post-title":"","ast-breadcrumbs-content":"","ast-featured-img":"","footer-sml-layout":"","theme-transparent-header-meta":"","adv-header-id-meta":"","stick-header-meta":"","header-above-stick-meta":"","header-main-stick-meta":"","header-below-stick-meta":"","astra-migrate-meta-layouts":"default","ast-page-background-enabled":"default","ast-page-background-meta":{"desktop":{"background-color":"var(--ast-global-color-5)","background-image":"","background-repeat":"repeat","background-position":"center center","background-size":"auto","background-attachment":"scroll","background-type":"","background-media":"","overlay-type":"","overlay-color":"","overlay-opacity":"","overlay-gradient":""},"tablet":{"background-color":"","background-image":"","background-repeat":"repeat","background-position":"center center","background-size":"auto","background-attachment":"scroll","background-type":"","background-media":"","overlay-type":"","overlay-color":"","overlay-opacity":"","overlay-gradient":""},"mobile":{"background-color":"","background-image":"","background-repeat":"repeat","background-position":"center center","background-size":"auto","background-attachment":"scroll","background-type":"","background-media":"","overlay-type":"","overlay-color":"","overlay-opacity":"","overlay-gradient":""}},"ast-content-background-meta":{"desktop":{"background-color":"var(--ast-global-color-4)","background-image":"","background-repeat":"repeat","background-position":"center center","background-size":"auto","background-attachment":"scroll","background-type":"","background-media":"","overlay-type":"","overlay-color":"","overlay-opacity":"","overlay-gradient":""},"tablet":{"background-color":"var(--ast-global-color-4)","background-image":"","background-repeat":"repeat","background-position":"center center","background-size":"auto","background-attachment":"scroll","background-type":"","background-media":"","overlay-type":"","overlay-color":"","overlay-opacity":"","overlay-gradient":""},"mobile":{"background-color":"var(--ast-global-color-4)","background-image":"","background-repeat":"repeat","background-position":"center center","background-size":"auto","background-attachment":"scroll","background-type":"","background-media":"","overlay-type":"","overlay-color":"","overlay-opacity":"","overlay-gradient":""}},"footnotes":""},"categories":[],"tags":[],"class_list":["post-267685","page","type-page","status-publish","hentry"],"yoast_head":"<!-- This site is optimized with the Yoast SEO Premium plugin v26.6 (Yoast SEO v26.6) - https:\/\/yoast.com\/wordpress\/plugins\/seo\/ -->\n<title>Related Resolutions - November 7, 2023 - City of Miami Beach<\/title>\n<meta name=\"description\" content=\"%\" \/>\n<meta name=\"robots\" content=\"index, follow, max-snippet:-1, max-image-preview:large, max-video-preview:-1\" \/>\n<link rel=\"canonical\" href=\"https:\/\/www.miamibeachfl.gov\/fr\/city-hall\/city-clerk\/election-information\/related-resolutions-november-7-2023\/\" \/>\n<meta property=\"og:locale\" content=\"fr_FR\" \/>\n<meta property=\"og:type\" content=\"article\" \/>\n<meta property=\"og:title\" content=\"Related Resolutions - November 7, 2023\" \/>\n<meta property=\"og:description\" content=\"%\" \/>\n<meta property=\"og:url\" content=\"https:\/\/www.miamibeachfl.gov\/fr\/city-hall\/city-clerk\/election-information\/related-resolutions-november-7-2023\/\" \/>\n<meta property=\"og:site_name\" content=\"City of Miami Beach\" \/>\n<meta property=\"article:publisher\" content=\"https:\/\/www.facebook.com\/cityofmiamibeach\" \/>\n<meta property=\"article:modified_time\" content=\"2025-02-23T13:23:36+00:00\" \/>\n<meta property=\"og:image\" content=\"https:\/\/www.miamibeachfl.gov\/wp-content\/uploads\/2022\/07\/hero-small.jpg\" \/>\n<meta name=\"twitter:card\" content=\"summary_large_image\" \/>\n<meta name=\"twitter:site\" content=\"@Miamibeachnews\" \/>\n<script type=\"application\/ld+json\" class=\"yoast-schema-graph\">{\"@context\":\"https:\/\/schema.org\",\"@graph\":[{\"@type\":\"WebPage\",\"@id\":\"https:\/\/www.miamibeachfl.gov\/city-hall\/city-clerk\/election-information\/related-resolutions-november-7-2023\/\",\"url\":\"https:\/\/www.miamibeachfl.gov\/city-hall\/city-clerk\/election-information\/related-resolutions-november-7-2023\/\",\"name\":\"Related Resolutions - November 7, 2023 - City of Miami Beach\",\"isPartOf\":{\"@id\":\"https:\/\/www.miamibeachfl.gov\/#website\"},\"primaryImageOfPage\":{\"@id\":\"https:\/\/www.miamibeachfl.gov\/city-hall\/city-clerk\/election-information\/related-resolutions-november-7-2023\/#primaryimage\"},\"image\":{\"@id\":\"https:\/\/www.miamibeachfl.gov\/city-hall\/city-clerk\/election-information\/related-resolutions-november-7-2023\/#primaryimage\"},\"thumbnailUrl\":\"https:\/\/www.miamibeachfl.gov\/wp-content\/uploads\/2022\/07\/hero-small.jpg\",\"datePublished\":\"2023-08-09T14:54:17+00:00\",\"dateModified\":\"2025-02-23T13:23:36+00:00\",\"description\":\"%\",\"breadcrumb\":{\"@id\":\"https:\/\/www.miamibeachfl.gov\/city-hall\/city-clerk\/election-information\/related-resolutions-november-7-2023\/#breadcrumb\"},\"inLanguage\":\"fr-FR\",\"potentialAction\":[{\"@type\":\"ReadAction\",\"target\":[\"https:\/\/www.miamibeachfl.gov\/city-hall\/city-clerk\/election-information\/related-resolutions-november-7-2023\/\"]}]},{\"@type\":\"ImageObject\",\"inLanguage\":\"fr-FR\",\"@id\":\"https:\/\/www.miamibeachfl.gov\/city-hall\/city-clerk\/election-information\/related-resolutions-november-7-2023\/#primaryimage\",\"url\":\"https:\/\/www.miamibeachfl.gov\/wp-content\/uploads\/2022\/07\/hero-small.jpg\",\"contentUrl\":\"https:\/\/www.miamibeachfl.gov\/wp-content\/uploads\/2022\/07\/hero-small.jpg\"},{\"@type\":\"BreadcrumbList\",\"@id\":\"https:\/\/www.miamibeachfl.gov\/city-hall\/city-clerk\/election-information\/related-resolutions-november-7-2023\/#breadcrumb\",\"itemListElement\":[{\"@type\":\"ListItem\",\"position\":1,\"name\":\"Home\",\"item\":\"https:\/\/www.miamibeachfl.gov\/\"},{\"@type\":\"ListItem\",\"position\":2,\"name\":\"City Hall\",\"item\":\"https:\/\/www.miamibeachfl.gov\/city-hall\/\"},{\"@type\":\"ListItem\",\"position\":3,\"name\":\"City Clerk\",\"item\":\"https:\/\/www.miamibeachfl.gov\/city-hall\/city-clerk\/\"},{\"@type\":\"ListItem\",\"position\":4,\"name\":\"Election Information\",\"item\":\"https:\/\/www.miamibeachfl.gov\/city-hall\/city-clerk\/election-information\/\"},{\"@type\":\"ListItem\",\"position\":5,\"name\":\"Related Resolutions &#8211; November 7, 2023\"}]},{\"@type\":\"WebSite\",\"@id\":\"https:\/\/www.miamibeachfl.gov\/#website\",\"url\":\"https:\/\/www.miamibeachfl.gov\/\",\"name\":\"City of Miami Beach\",\"description\":\"The official website of the City of Miami Beach. Stay informed, find important information on city services, news, alerts, events, trolley routes, government employment and more.\",\"publisher\":{\"@id\":\"https:\/\/www.miamibeachfl.gov\/#organization\"},\"potentialAction\":[{\"@type\":\"SearchAction\",\"target\":{\"@type\":\"EntryPoint\",\"urlTemplate\":\"https:\/\/www.miamibeachfl.gov\/?s={search_term_string}\"},\"query-input\":{\"@type\":\"PropertyValueSpecification\",\"valueRequired\":true,\"valueName\":\"search_term_string\"}}],\"inLanguage\":\"fr-FR\"},{\"@type\":\"Organization\",\"@id\":\"https:\/\/www.miamibeachfl.gov\/#organization\",\"name\":\"City of Miami Beach\",\"url\":\"https:\/\/www.miamibeachfl.gov\/\",\"logo\":{\"@type\":\"ImageObject\",\"inLanguage\":\"fr-FR\",\"@id\":\"https:\/\/www.miamibeachfl.gov\/#\/schema\/logo\/image\/\",\"url\":\"https:\/\/www.miamibeachfl.gov\/wp-content\/uploads\/2022\/06\/miamibeach-logoblue.png\",\"contentUrl\":\"https:\/\/www.miamibeachfl.gov\/wp-content\/uploads\/2022\/06\/miamibeach-logoblue.png\",\"width\":1962,\"height\":381,\"caption\":\"City of Miami Beach\"},\"image\":{\"@id\":\"https:\/\/www.miamibeachfl.gov\/#\/schema\/logo\/image\/\"},\"sameAs\":[\"https:\/\/www.facebook.com\/cityofmiamibeach\",\"https:\/\/x.com\/Miamibeachnews\",\"https:\/\/www.instagram.com\/miamibeachnews\/\"],\"description\":\"The official website of the City of Miami Beach. Stay informed, find important information on city services, news, alerts, events, trolley routes, government employment and more.\",\"telephone\":\"305.604.CITY(2489)\",\"legalName\":\"City of Miami Beach\"}]}<\/script>\n<!-- \/ Yoast SEO Premium plugin. -->","yoast_head_json":{"title":"R\u00e9solutions connexes - 7 novembre 2023 - Ville de Miami Beach","description":"%","robots":{"index":"index","follow":"follow","max-snippet":"max-snippet:-1","max-image-preview":"max-image-preview:large","max-video-preview":"max-video-preview:-1"},"canonical":"https:\/\/www.miamibeachfl.gov\/fr\/city-hall\/city-clerk\/election-information\/related-resolutions-november-7-2023\/","og_locale":"fr_FR","og_type":"article","og_title":"Related Resolutions - November 7, 2023","og_description":"%","og_url":"https:\/\/www.miamibeachfl.gov\/fr\/city-hall\/city-clerk\/election-information\/related-resolutions-november-7-2023\/","og_site_name":"City of Miami Beach","article_publisher":"https:\/\/www.facebook.com\/cityofmiamibeach","article_modified_time":"2025-02-23T13:23:36+00:00","og_image":[{"url":"https:\/\/www.miamibeachfl.gov\/wp-content\/uploads\/2022\/07\/hero-small.jpg","type":"","width":"","height":""}],"twitter_card":"summary_large_image","twitter_site":"@Miamibeachnews","schema":{"@context":"https:\/\/schema.org","@graph":[{"@type":"WebPage","@id":"https:\/\/www.miamibeachfl.gov\/city-hall\/city-clerk\/election-information\/related-resolutions-november-7-2023\/","url":"https:\/\/www.miamibeachfl.gov\/city-hall\/city-clerk\/election-information\/related-resolutions-november-7-2023\/","name":"R\u00e9solutions connexes - 7 novembre 2023 - Ville de Miami Beach","isPartOf":{"@id":"https:\/\/www.miamibeachfl.gov\/#website"},"primaryImageOfPage":{"@id":"https:\/\/www.miamibeachfl.gov\/city-hall\/city-clerk\/election-information\/related-resolutions-november-7-2023\/#primaryimage"},"image":{"@id":"https:\/\/www.miamibeachfl.gov\/city-hall\/city-clerk\/election-information\/related-resolutions-november-7-2023\/#primaryimage"},"thumbnailUrl":"https:\/\/www.miamibeachfl.gov\/wp-content\/uploads\/2022\/07\/hero-small.jpg","datePublished":"2023-08-09T14:54:17+00:00","dateModified":"2025-02-23T13:23:36+00:00","description":"%","breadcrumb":{"@id":"https:\/\/www.miamibeachfl.gov\/city-hall\/city-clerk\/election-information\/related-resolutions-november-7-2023\/#breadcrumb"},"inLanguage":"fr-FR","potentialAction":[{"@type":"ReadAction","target":["https:\/\/www.miamibeachfl.gov\/city-hall\/city-clerk\/election-information\/related-resolutions-november-7-2023\/"]}]},{"@type":"ImageObject","inLanguage":"fr-FR","@id":"https:\/\/www.miamibeachfl.gov\/city-hall\/city-clerk\/election-information\/related-resolutions-november-7-2023\/#primaryimage","url":"https:\/\/www.miamibeachfl.gov\/wp-content\/uploads\/2022\/07\/hero-small.jpg","contentUrl":"https:\/\/www.miamibeachfl.gov\/wp-content\/uploads\/2022\/07\/hero-small.jpg"},{"@type":"BreadcrumbList","@id":"https:\/\/www.miamibeachfl.gov\/city-hall\/city-clerk\/election-information\/related-resolutions-november-7-2023\/#breadcrumb","itemListElement":[{"@type":"ListItem","position":1,"name":"Home","item":"https:\/\/www.miamibeachfl.gov\/"},{"@type":"ListItem","position":2,"name":"City Hall","item":"https:\/\/www.miamibeachfl.gov\/city-hall\/"},{"@type":"ListItem","position":3,"name":"City Clerk","item":"https:\/\/www.miamibeachfl.gov\/city-hall\/city-clerk\/"},{"@type":"ListItem","position":4,"name":"Election Information","item":"https:\/\/www.miamibeachfl.gov\/city-hall\/city-clerk\/election-information\/"},{"@type":"ListItem","position":5,"name":"Related Resolutions &#8211; November 7, 2023"}]},{"@type":"WebSite","@id":"https:\/\/www.miamibeachfl.gov\/#website","url":"https:\/\/www.miamibeachfl.gov\/","name":"Ville de Miami Beach","description":"Site officiel de la ville de Miami Beach. Restez inform\u00e9 et trouvez des informations importantes sur les services municipaux, les actualit\u00e9s, les alertes, les \u00e9v\u00e9nements, les itin\u00e9raires de tramway, les emplois gouvernementaux et bien plus encore.","publisher":{"@id":"https:\/\/www.miamibeachfl.gov\/#organization"},"potentialAction":[{"@type":"SearchAction","target":{"@type":"EntryPoint","urlTemplate":"https:\/\/www.miamibeachfl.gov\/?s={search_term_string}"},"query-input":{"@type":"PropertyValueSpecification","valueRequired":true,"valueName":"search_term_string"}}],"inLanguage":"fr-FR"},{"@type":"Organization","@id":"https:\/\/www.miamibeachfl.gov\/#organization","name":"Ville de Miami Beach","url":"https:\/\/www.miamibeachfl.gov\/","logo":{"@type":"ImageObject","inLanguage":"fr-FR","@id":"https:\/\/www.miamibeachfl.gov\/#\/schema\/logo\/image\/","url":"https:\/\/www.miamibeachfl.gov\/wp-content\/uploads\/2022\/06\/miamibeach-logoblue.png","contentUrl":"https:\/\/www.miamibeachfl.gov\/wp-content\/uploads\/2022\/06\/miamibeach-logoblue.png","width":1962,"height":381,"caption":"City of Miami Beach"},"image":{"@id":"https:\/\/www.miamibeachfl.gov\/#\/schema\/logo\/image\/"},"sameAs":["https:\/\/www.facebook.com\/cityofmiamibeach","https:\/\/x.com\/Miamibeachnews","https:\/\/www.instagram.com\/miamibeachnews\/"],"description":"Site officiel de la ville de Miami Beach. Restez inform\u00e9 et trouvez des informations importantes sur les services municipaux, les actualit\u00e9s, les alertes, les \u00e9v\u00e9nements, les itin\u00e9raires de tramway, les emplois gouvernementaux et bien plus encore.","telephone":"305.604.CITY(2489)","legalName":"City of Miami Beach"}]}},"_links":{"self":[{"href":"https:\/\/www.miamibeachfl.gov\/fr\/wp-json\/wp\/v2\/pages\/267685","targetHints":{"allow":["GET"]}}],"collection":[{"href":"https:\/\/www.miamibeachfl.gov\/fr\/wp-json\/wp\/v2\/pages"}],"about":[{"href":"https:\/\/www.miamibeachfl.gov\/fr\/wp-json\/wp\/v2\/types\/page"}],"author":[{"embeddable":true,"href":"https:\/\/www.miamibeachfl.gov\/fr\/wp-json\/wp\/v2\/users\/222"}],"replies":[{"embeddable":true,"href":"https:\/\/www.miamibeachfl.gov\/fr\/wp-json\/wp\/v2\/comments?post=267685"}],"version-history":[{"count":0,"href":"https:\/\/www.miamibeachfl.gov\/fr\/wp-json\/wp\/v2\/pages\/267685\/revisions"}],"up":[{"embeddable":true,"href":"https:\/\/www.miamibeachfl.gov\/fr\/wp-json\/wp\/v2\/pages\/28358"}],"wp:attachment":[{"href":"https:\/\/www.miamibeachfl.gov\/fr\/wp-json\/wp\/v2\/media?parent=267685"}],"wp:term":[{"taxonomy":"category","embeddable":true,"href":"https:\/\/www.miamibeachfl.gov\/fr\/wp-json\/wp\/v2\/categories?post=267685"},{"taxonomy":"post_tag","embeddable":true,"href":"https:\/\/www.miamibeachfl.gov\/fr\/wp-json\/wp\/v2\/tags?post=267685"}],"curies":[{"name":"wp","href":"https:\/\/api.w.org\/{rel}","templated":true}]}}