{"id":268935,"date":"2023-08-18T09:22:44","date_gmt":"2023-08-18T13:22:44","guid":{"rendered":"https:\/\/www.miamibeachfl.gov\/?page_id=268935"},"modified":"2026-03-12T15:11:17","modified_gmt":"2026-03-12T19:11:17","slug":"marine-waterfront-protection-committee","status":"publish","type":"page","link":"https:\/\/www.miamibeachfl.gov\/fr\/city-hall\/city-clerk\/boards-and-committees\/marine-waterfront-protection-committee\/","title":{"rendered":"Autorit\u00e9 de protection marine et riveraine"},"content":{"rendered":"<h1>\n\t\t\tAutorit\u00e9 de protection marine et riveraine\t<\/h1>\nMenu du greffier municipal\t\t\t\n\t\t\t\t\t<ul id=\"menu-city-clerk\"><li id=\"menu-item-317005\"><a href=\"\/fr\/city-hall\/city-clerk\/\">greffier de la ville<\/a><\/li>\n<li id=\"menu-item-258831\"><a href=\"\/fr\/city-hall\/city-clerk\/public-records-request\/\">documents publics<\/a><\/li>\n<li id=\"menu-item-258832\"><a href=\"\/fr\/city-hall\/city-clerk\/meetings-and-agendas\/\">Ordres du jour<\/a><\/li>\n<li id=\"menu-item-258833\"><a href=\"\/fr\/city-hall\/city-clerk\/forms\/\">Formulaires<\/a><\/li>\n<li id=\"menu-item-258834\"><a href=\"\/fr\/city-hall\/city-clerk\/boards-and-committees\/\">Conseils et comit\u00e9s<\/a><\/li>\n<li id=\"menu-item-258835\"><a href=\"\/fr\/city-hall\/city-clerk\/election-information\/\">Informations \u00e9lectorales<\/a><\/li>\n<li id=\"menu-item-258836\"><a href=\"\/fr\/city-hall\/city-clerk\/notification-system\/\">Notifications<\/a><\/li>\n<li id=\"menu-item-258837\"><a href=\"\/fr\/city-hall\/city-clerk\/public-records-request\/additional-contacts\/\">Contactez-nous<\/a><\/li>\n<\/ul>\t\nMenu du greffier municipal \u00d7\t\t\t\t\t\t<ul id=\"menu-city-clerk-1\"><li id=\"menu-item-317005\"><a href=\"\/fr\/city-hall\/city-clerk\/\">greffier de la ville<\/a><\/li>\n<li id=\"menu-item-258831\"><a href=\"\/fr\/city-hall\/city-clerk\/public-records-request\/\">documents publics<\/a><\/li>\n<li id=\"menu-item-258832\"><a href=\"\/fr\/city-hall\/city-clerk\/meetings-and-agendas\/\">Ordres du jour<\/a><\/li>\n<li id=\"menu-item-258833\"><a href=\"\/fr\/city-hall\/city-clerk\/forms\/\">Formulaires<\/a><\/li>\n<li id=\"menu-item-258834\"><a href=\"\/fr\/city-hall\/city-clerk\/boards-and-committees\/\">Conseils et comit\u00e9s<\/a><\/li>\n<li id=\"menu-item-258835\"><a href=\"\/fr\/city-hall\/city-clerk\/election-information\/\">Informations \u00e9lectorales<\/a><\/li>\n<li id=\"menu-item-258836\"><a href=\"\/fr\/city-hall\/city-clerk\/notification-system\/\">Notifications<\/a><\/li>\n<li id=\"menu-item-258837\"><a href=\"\/fr\/city-hall\/city-clerk\/public-records-request\/additional-contacts\/\">Contactez-nous<\/a><\/li>\n<\/ul>\t\t\t\t\n\t<p>L&#039;Autorit\u00e9 de protection marine et riveraine sera compos\u00e9e de quatorze (14) membres votants, qui seront des nominations directes aupr\u00e8s du maire et des commissaires de la ville, chacun ayant deux (2) nominations directes.<\/p>\n<p>Les nominations \u00e0 l&#039;Autorit\u00e9 doivent \u00eatre compos\u00e9es d&#039;une combinaison de personnes ayant une exp\u00e9rience ant\u00e9rieure dans :<\/p>\n<p>1. L&#039;exploitation ou l&#039;inspection des installations maritimes, y compris l&#039;exp\u00e9rience dans divers types de navires et d&#039;activit\u00e9s de navigation ; et\/ou<\/p>\n<p>2. Qui ont un int\u00e9r\u00eat dans la pr\u00e9servation des plages et des quais de la Ville. Les membres de l&#039;Autorit\u00e9 ont le droit et le devoir de consulter tout membre de l&#039;administration municipale pour obtenir des informations techniques ou autres relatives aux questions qui leur sont soumises.<\/p>\n<!--\n<strong>2020 MEETING DATE\/AGENDA MINUTES:<\/strong>\n<table width=\"264\">\n<tbody>\n<tr>\n<th>DATE<\/th>\n<th>AGENDA<\/th>\n<th>MINUTES<\/th>\n<\/tr>\n<tr>\n<td>1\/14\/2020<\/td>\n<td><a href=\"http:\/\/www.miamibeachfl.gov\/wp-content\/uploads\/2020\/10\/1-14-20-Agenda.pdf\">AGENDA<\/a><\/td>\n<td><a href=\"http:\/\/www.miamibeachfl.gov\/wp-content\/uploads\/2020\/10\/1-14-20-Meeting-Minutes.pdf\">MINUTES<\/a><\/td>\n<\/tr>\n<tr>\n<td>2\/11\/2020<\/td>\n<td><a href=\"http:\/\/www.miamibeachfl.gov\/wp-content\/uploads\/2020\/10\/2-11-20-Agenda.pdf\">AGENDA<\/a><\/td>\n<td><a href=\"http:\/\/www.miamibeachfl.gov\/wp-content\/uploads\/2020\/10\/2-11-20-Meeting-Minutes.pdf\">MINUTES<\/a><\/td>\n<\/tr>\n<tr>\n<td>3\/10\/2020<\/td>\n<td><a href=\"http:\/\/www.miamibeachfl.gov\/wp-content\/uploads\/2020\/10\/3-10-20-Agenda.pdf\">AGENDA<\/a><\/td>\n<td><a href=\"http:\/\/www.miamibeachfl.gov\/wp-content\/uploads\/2020\/10\/3-10-20-Meeting-Minutes.pdf\">MINUTES<\/a><\/td>\n<\/tr>\n<tr>\n<td>4\/28\/2020<\/td>\n<td><a href=\"http:\/\/www.miamibeachfl.gov\/wp-content\/uploads\/2020\/10\/4-28-20-Agenda.pdf\">AGENDA<\/a><\/td>\n<td><a href=\"http:\/\/www.miamibeachfl.gov\/wp-content\/uploads\/2020\/10\/4-28-20-Meeting-Minutes.pdf\">MINUTES<\/a><\/td>\n<\/tr>\n<tr>\n<td>5\/26\/2020<\/td>\n<td><a href=\"http:\/\/www.miamibeachfl.gov\/wp-content\/uploads\/2020\/10\/5-26-20-Agenda.pdf\">AGENDA<\/a><\/td>\n<td><a href=\"http:\/\/www.miamibeachfl.gov\/wp-content\/uploads\/2020\/10\/5-26-20-Meeting-Minutes.pdf\">MINUTES<\/a><\/td>\n<\/tr>\n<\/tbody>\n<\/table>\n-->\n\t<p>(1) \u00c9tablir des rapports p\u00e9riodiques et formuler des recommandations consultatives non contraignantes \u00e0 l&#039;intention du directeur municipal ou de la commission municipale afin d&#039;am\u00e9liorer les normes de la ville en mati\u00e8re de milieu marin, afin de promouvoir et de maintenir un environnement marin s\u00fbr, propre et sain pour les r\u00e9sidents et les visiteurs. Cela comprend la collaboration avec les organismes f\u00e9d\u00e9raux, \u00e9tatiques et locaux concern\u00e9s par les normes marines et la propret\u00e9 et la clart\u00e9 des voies navigables\u00a0; la sensibilisation \u00e0 l&#039;importance de normes ad\u00e9quates\u00a0; et l&#039;organisation d&#039;audiences publiques, de d\u00e9bats, de forums et d&#039;ateliers pour organiser des programmes de pr\u00e9sentation d&#039;informations par des experts dans les domaines concern\u00e9s.<\/p>\n<p>(2) Favoriser et maintenir un environnement marin propre et sans d\u00e9chets en explorant la disponibilit\u00e9 de techniques d\u2019application, de nouvelles ordonnances et la promotion active de nettoyages volontaires.<\/p>\n<p>(3) Faire des recommandations concernant toutes les activit\u00e9s en cours et futures au bord de l&#039;eau, y compris l&#039;autorisation et le contr\u00f4le des concessions li\u00e9es \u00e0 l&#039;eau et aux plages, les \u00e9v\u00e9nements sp\u00e9ciaux li\u00e9s \u00e0 l&#039;eau et \u00e0 la mer, ainsi que les questions environnementales marines et riveraines.<\/p>\n<p>(4) Formuler des recommandations au directeur municipal et \u00e0 la commission municipale concernant la suspension ou la r\u00e9vocation \u00e9ventuelle des re\u00e7us de taxe professionnelle des exploitants de charters commerciaux qui se livrent \u00e0 des activit\u00e9s illicites ou \u00e0 des nuisances. Le directeur municipal doit r\u00e9pondre \u00e0 toute recommandation formul\u00e9e en vertu du pr\u00e9sent paragraphe dans un d\u00e9lai de 30 jours.<\/p>\n<p>(5) L\u2019\u00e9tude, l\u2019\u00e9laboration et la mise en \u0153uvre de plans de pr\u00e9servation et de reforestation des plages de la ville, y compris, mais sans s\u2019y limiter, le contr\u00f4le de l\u2019\u00e9rosion.<\/p>\n<p>(6) Favoriser et maintenir un environnement de plage propre, s\u00fbr et sans d\u00e9chets en explorant la disponibilit\u00e9 de techniques d\u2019application, de programmes ou de nouvelles lois pour atteindre ces objectifs.<\/p>\n<p>(7) L\u2019encouragement du d\u00e9sir des citoyens et des visiteurs de la ville d\u2019entretenir et de pr\u00e9server les plages de la ville.<\/p>\n<p>(8) La recommandation de plans au directeur de la ville, \u00e0 la commission municipale, ainsi qu&#039;\u00e0 d&#039;autres agences gouvernementales locales, \u00e9tatiques et f\u00e9d\u00e9rales, pour la pr\u00e9servation et l&#039;entretien des plages de la ville.<\/p>\n<p>(9) Le pouvoir de r\u00e9vision et de recommandation de l&#039;autorit\u00e9 \u00e9nonc\u00e9 ci-dessus s&#039;applique \u00e9galement aux questions concernant l&#039;entretien des promenades urbaines, des promenades sur la plage, des trottoirs et des promenades en baie.<\/p>\n<!--\n<strong>2020 MEETING DATE\/AGENDA MINUTES:<\/strong>\n<table width=\"264\">\n<tbody>\n<tr>\n<th>DATE<\/th>\n<th>AGENDA<\/th>\n<th>MINUTES<\/th>\n<\/tr>\n<tr>\n<td>1\/14\/2020<\/td>\n<td><a href=\"http:\/\/www.miamibeachfl.gov\/wp-content\/uploads\/2020\/10\/1-14-20-Agenda.pdf\">AGENDA<\/a><\/td>\n<td><a href=\"http:\/\/www.miamibeachfl.gov\/wp-content\/uploads\/2020\/10\/1-14-20-Meeting-Minutes.pdf\">MINUTES<\/a><\/td>\n<\/tr>\n<tr>\n<td>2\/11\/2020<\/td>\n<td><a href=\"http:\/\/www.miamibeachfl.gov\/wp-content\/uploads\/2020\/10\/2-11-20-Agenda.pdf\">AGENDA<\/a><\/td>\n<td><a href=\"http:\/\/www.miamibeachfl.gov\/wp-content\/uploads\/2020\/10\/2-11-20-Meeting-Minutes.pdf\">MINUTES<\/a><\/td>\n<\/tr>\n<tr>\n<td>3\/10\/2020<\/td>\n<td><a href=\"http:\/\/www.miamibeachfl.gov\/wp-content\/uploads\/2020\/10\/3-10-20-Agenda.pdf\">AGENDA<\/a><\/td>\n<td><a href=\"http:\/\/www.miamibeachfl.gov\/wp-content\/uploads\/2020\/10\/3-10-20-Meeting-Minutes.pdf\">MINUTES<\/a><\/td>\n<\/tr>\n<tr>\n<td>4\/28\/2020<\/td>\n<td><a href=\"http:\/\/www.miamibeachfl.gov\/wp-content\/uploads\/2020\/10\/4-28-20-Agenda.pdf\">AGENDA<\/a><\/td>\n<td><a href=\"http:\/\/www.miamibeachfl.gov\/wp-content\/uploads\/2020\/10\/4-28-20-Meeting-Minutes.pdf\">MINUTES<\/a><\/td>\n<\/tr>\n<tr>\n<td>5\/26\/2020<\/td>\n<td><a href=\"http:\/\/www.miamibeachfl.gov\/wp-content\/uploads\/2020\/10\/5-26-20-Agenda.pdf\">AGENDA<\/a><\/td>\n<td><a href=\"http:\/\/www.miamibeachfl.gov\/wp-content\/uploads\/2020\/10\/5-26-20-Meeting-Minutes.pdf\">MINUTES<\/a><\/td>\n<\/tr>\n<\/tbody>\n<\/table>\n-->\n\t<p>&nbsp;<\/p>\n<iframe loading=\"lazy\" title=\"Voir les r\u00e9unions de la Commission et du Conseil\" src=\"https:\/\/docmgmt.miamibeachfl.gov\/WebLink\/Browse.aspx?id=211317&amp;dbid=0&amp;repo=CityClerk\" name=\"cityofmiamibeach\" width=\"300\" height=\"150\" frameborder=\"0\"><\/iframe>\n\t\t\t<a href=\"https:\/\/www.miamibeachfl.gov\/wp-content\/uploads\/2026\/03\/Searchable-Report-1.pdf\" target=\"_blank\" rel=\"noopener\">\n\t\t\t\t\t\tD\u00e9tails de l&#039;adh\u00e9sion (conditions, postes, titres)\n\t\t\t\t\t<\/a>\n\t\t\t<a href=\"https:\/\/www.miamibeachfl.gov\/wp-content\/uploads\/2026\/03\/Vacancy-Report-1.pdf\" target=\"_blank\" rel=\"noopener\">\n\t\t\t\t\t\tPostes vacants\n\t\t\t\t\t<\/a>\n\t\t\t<a href=\"https:\/\/www.miamibeachfl.gov\/wp-content\/uploads\/2026\/02\/Liaison-Contact-Information.pdf\" target=\"_blank\" rel=\"noopener\">\n\t\t\t\t\t\tCoordonn\u00e9es de Liaison\n\t\t\t\t\t<\/a>\n\t\t\t<iframe loading=\"lazy\" src=\"https:\/\/docmgmt.miamibeachfl.gov\/WebLink\/Browse.aspx?id=120704&#038;dbid=0&#038;repo=CityClerk\" frameborder=\"0\" width=\"100%\" height=\"100%\" allowfullscreen><\/iframe>\t\t\t\n\t\t\t<a href=\"javascript:void(0)\" title=\"Cliquez ici\" target=\"_self\"  data-modal=  \"role=\"button\"\" aria-label=\"Rechercher dans les archives\">\n\t\t\t\t\t\t\t\t\t\t\tRechercher dans les archives\n\t\t<\/a>\n\t\t\t<iframe loading=\"lazy\" src=\"https:\/\/miamibeach.novusagenda.com\/agendapublic\/meetingsgeneral.aspx\" frameborder=\"0\" width=\"100%\" height=\"100%\" allowfullscreen><\/iframe>\t\t\t\n\t\t\t<a href=\"javascript:void(0)\" title=\"Cliquez ici\" target=\"_self\"  data-modal=  \"role=\"button\"\" aria-label=\"Rechercher les ordres du jour et les proc\u00e8s-verbaux\">\n\t\t\t\t\t\t\t\t\t\t\tRechercher les ordres du jour et les proc\u00e8s-verbaux\n\t\t<\/a>\n\t\t\t<a href=\"https:\/\/www.miamibeachfl.gov\/fr\/city-hall\/city-clerk-new\/contactus\/\" target=\"_self\">\n\t\t\t\t\t\tContactez-nous\n\t\t\t\t\t<\/a>\n\t\t<h3>Demandes d&#039;acc\u00e8s aux documents publics<\/h3>\t\t\t\n\t\t\t\t<p>Visitez le site de demande d&#039;archives publiques de la ville de Miami Beach. Soumettez une nouvelle demande, v\u00e9rifiez son statut et consultez les archives des demandes d&#039;archives.<\/p>\n<p>Si vous avez des questions sur les archives publiques, veuillez appeler le bureau du greffier de la ville de Miami Beach au 305-673-7411.\u00a0<\/p>\n\t\t\t<a href=\"https:\/\/miamibeachfl.justfoia.com\/publicportal\/home\/track\" title=\"Cliquez ici\" target=\"_blank\" rel=\"noopener\"  role=\"button\" aria-label=\"Soumettre une demande\">\n\t\t\t\t\t\t\t\t\t\t\tSoumettre une demande\n\t\t<\/a>","protected":false},"excerpt":{"rendered":"<p>Autorit\u00e9 de protection marine et riveraine Greffier de la ville Menu Greffier de la ville Dossiers publics Ordres du jour Formulaires Conseils et comit\u00e9s Informations \u00e9lectorales Notifications [\u2026]<\/p>","protected":false},"author":222,"featured_media":0,"parent":258819,"menu_order":32,"comment_status":"closed","ping_status":"closed","template":"","meta":{"_searchwp_excluded":"","site-sidebar-layout":"default","site-content-layout":"","ast-site-content-layout":"default","site-content-style":"default","site-sidebar-style":"default","ast-global-header-display":"","ast-banner-title-visibility":"","ast-main-header-display":"","ast-hfb-above-header-display":"","ast-hfb-below-header-display":"","ast-hfb-mobile-header-display":"","site-post-title":"","ast-breadcrumbs-content":"","ast-featured-img":"","footer-sml-layout":"","theme-transparent-header-meta":"","adv-header-id-meta":"","stick-header-meta":"","header-above-stick-meta":"","header-main-stick-meta":"","header-below-stick-meta":"","astra-migrate-meta-layouts":"default","ast-page-background-enabled":"default","ast-page-background-meta":{"desktop":{"background-color":"var(--ast-global-color-5)","background-image":"","background-repeat":"repeat","background-position":"center center","background-size":"auto","background-attachment":"scroll","background-type":"","background-media":"","overlay-type":"","overlay-color":"","overlay-opacity":"","overlay-gradient":""},"tablet":{"background-color":"","background-image":"","background-repeat":"repeat","background-position":"center center","background-size":"auto","background-attachment":"scroll","background-type":"","background-media":"","overlay-type":"","overlay-color":"","overlay-opacity":"","overlay-gradient":""},"mobile":{"background-color":"","background-image":"","background-repeat":"repeat","background-position":"center center","background-size":"auto","background-attachment":"scroll","background-type":"","background-media":"","overlay-type":"","overlay-color":"","overlay-opacity":"","overlay-gradient":""}},"ast-content-background-meta":{"desktop":{"background-color":"var(--ast-global-color-4)","background-image":"","background-repeat":"repeat","background-position":"center center","background-size":"auto","background-attachment":"scroll","background-type":"","background-media":"","overlay-type":"","overlay-color":"","overlay-opacity":"","overlay-gradient":""},"tablet":{"background-color":"var(--ast-global-color-4)","background-image":"","background-repeat":"repeat","background-position":"center center","background-size":"auto","background-attachment":"scroll","background-type":"","background-media":"","overlay-type":"","overlay-color":"","overlay-opacity":"","overlay-gradient":""},"mobile":{"background-color":"var(--ast-global-color-4)","background-image":"","background-repeat":"repeat","background-position":"center center","background-size":"auto","background-attachment":"scroll","background-type":"","background-media":"","overlay-type":"","overlay-color":"","overlay-opacity":"","overlay-gradient":""}},"footnotes":""},"categories":[],"tags":[1041,920],"class_list":["post-268935","page","type-page","status-publish","hentry","tag-bandc-auth-comm-and-council","tag-boards-and-committees"],"yoast_head":"<!-- This site is optimized with the Yoast SEO Premium plugin v26.6 (Yoast SEO v26.6) - https:\/\/yoast.com\/wordpress\/plugins\/seo\/ -->\n<title>Marine and Waterfront Protection Authority - City of Miami Beach<\/title>\n<meta name=\"description\" content=\"%\" \/>\n<meta name=\"robots\" content=\"index, follow, max-snippet:-1, max-image-preview:large, max-video-preview:-1\" \/>\n<link rel=\"canonical\" href=\"https:\/\/www.miamibeachfl.gov\/fr\/city-hall\/city-clerk\/boards-and-committees\/marine-waterfront-protection-committee\/\" \/>\n<meta property=\"og:locale\" content=\"fr_FR\" \/>\n<meta property=\"og:type\" content=\"article\" \/>\n<meta property=\"og:title\" content=\"Marine and Waterfront Protection Authority\" \/>\n<meta property=\"og:description\" content=\"%\" \/>\n<meta property=\"og:url\" content=\"https:\/\/www.miamibeachfl.gov\/fr\/city-hall\/city-clerk\/boards-and-committees\/marine-waterfront-protection-committee\/\" \/>\n<meta property=\"og:site_name\" content=\"City of Miami Beach\" \/>\n<meta property=\"article:publisher\" content=\"https:\/\/www.facebook.com\/cityofmiamibeach\" \/>\n<meta property=\"article:modified_time\" content=\"2026-03-12T19:11:17+00:00\" \/>\n<meta property=\"og:image\" content=\"https:\/\/www.miamibeachfl.gov\/wp-content\/uploads\/2024\/01\/1000pxSquare-miamibeach-aerial-southpointview.jpeg\" \/>\n\t<meta property=\"og:image:width\" content=\"1000\" \/>\n\t<meta property=\"og:image:height\" content=\"1000\" \/>\n\t<meta property=\"og:image:type\" content=\"image\/jpeg\" \/>\n<meta name=\"twitter:card\" content=\"summary_large_image\" \/>\n<meta name=\"twitter:site\" content=\"@Miamibeachnews\" \/>\n<script type=\"application\/ld+json\" class=\"yoast-schema-graph\">{\"@context\":\"https:\/\/schema.org\",\"@graph\":[{\"@type\":\"WebPage\",\"@id\":\"https:\/\/www.miamibeachfl.gov\/city-hall\/city-clerk\/boards-and-committees\/marine-waterfront-protection-committee\/\",\"url\":\"https:\/\/www.miamibeachfl.gov\/city-hall\/city-clerk\/boards-and-committees\/marine-waterfront-protection-committee\/\",\"name\":\"Marine and Waterfront Protection Authority - City of Miami Beach\",\"isPartOf\":{\"@id\":\"https:\/\/www.miamibeachfl.gov\/#website\"},\"datePublished\":\"2023-08-18T13:22:44+00:00\",\"dateModified\":\"2026-03-12T19:11:17+00:00\",\"description\":\"%\",\"breadcrumb\":{\"@id\":\"https:\/\/www.miamibeachfl.gov\/city-hall\/city-clerk\/boards-and-committees\/marine-waterfront-protection-committee\/#breadcrumb\"},\"inLanguage\":\"fr-FR\",\"potentialAction\":[{\"@type\":\"ReadAction\",\"target\":[\"https:\/\/www.miamibeachfl.gov\/city-hall\/city-clerk\/boards-and-committees\/marine-waterfront-protection-committee\/\"]}]},{\"@type\":\"BreadcrumbList\",\"@id\":\"https:\/\/www.miamibeachfl.gov\/city-hall\/city-clerk\/boards-and-committees\/marine-waterfront-protection-committee\/#breadcrumb\",\"itemListElement\":[{\"@type\":\"ListItem\",\"position\":1,\"name\":\"Home\",\"item\":\"https:\/\/www.miamibeachfl.gov\/\"},{\"@type\":\"ListItem\",\"position\":2,\"name\":\"City Hall\",\"item\":\"https:\/\/www.miamibeachfl.gov\/city-hall\/\"},{\"@type\":\"ListItem\",\"position\":3,\"name\":\"City Clerk\",\"item\":\"https:\/\/www.miamibeachfl.gov\/city-hall\/city-clerk\/\"},{\"@type\":\"ListItem\",\"position\":4,\"name\":\"Boards and Committees\",\"item\":\"https:\/\/www.miamibeachfl.gov\/city-hall\/city-clerk\/boards-and-committees\/\"},{\"@type\":\"ListItem\",\"position\":5,\"name\":\"Marine and Waterfront Protection Authority\"}]},{\"@type\":\"WebSite\",\"@id\":\"https:\/\/www.miamibeachfl.gov\/#website\",\"url\":\"https:\/\/www.miamibeachfl.gov\/\",\"name\":\"City of Miami Beach\",\"description\":\"The official website of the City of Miami Beach. Stay informed, find important information on city services, news, alerts, events, trolley routes, government employment and more.\",\"publisher\":{\"@id\":\"https:\/\/www.miamibeachfl.gov\/#organization\"},\"potentialAction\":[{\"@type\":\"SearchAction\",\"target\":{\"@type\":\"EntryPoint\",\"urlTemplate\":\"https:\/\/www.miamibeachfl.gov\/?s={search_term_string}\"},\"query-input\":{\"@type\":\"PropertyValueSpecification\",\"valueRequired\":true,\"valueName\":\"search_term_string\"}}],\"inLanguage\":\"fr-FR\"},{\"@type\":\"Organization\",\"@id\":\"https:\/\/www.miamibeachfl.gov\/#organization\",\"name\":\"City of Miami Beach\",\"url\":\"https:\/\/www.miamibeachfl.gov\/\",\"logo\":{\"@type\":\"ImageObject\",\"inLanguage\":\"fr-FR\",\"@id\":\"https:\/\/www.miamibeachfl.gov\/#\/schema\/logo\/image\/\",\"url\":\"https:\/\/www.miamibeachfl.gov\/wp-content\/uploads\/2022\/06\/miamibeach-logoblue.png\",\"contentUrl\":\"https:\/\/www.miamibeachfl.gov\/wp-content\/uploads\/2022\/06\/miamibeach-logoblue.png\",\"width\":1962,\"height\":381,\"caption\":\"City of Miami Beach\"},\"image\":{\"@id\":\"https:\/\/www.miamibeachfl.gov\/#\/schema\/logo\/image\/\"},\"sameAs\":[\"https:\/\/www.facebook.com\/cityofmiamibeach\",\"https:\/\/x.com\/Miamibeachnews\",\"https:\/\/www.instagram.com\/miamibeachnews\/\"],\"description\":\"The official website of the City of Miami Beach. Stay informed, find important information on city services, news, alerts, events, trolley routes, government employment and more.\",\"telephone\":\"305.604.CITY(2489)\",\"legalName\":\"City of Miami Beach\"}]}<\/script>\n<!-- \/ Yoast SEO Premium plugin. -->","yoast_head_json":{"title":"Autorit\u00e9 de protection marine et riveraine - Ville de Miami Beach","description":"%","robots":{"index":"index","follow":"follow","max-snippet":"max-snippet:-1","max-image-preview":"max-image-preview:large","max-video-preview":"max-video-preview:-1"},"canonical":"https:\/\/www.miamibeachfl.gov\/fr\/city-hall\/city-clerk\/boards-and-committees\/marine-waterfront-protection-committee\/","og_locale":"fr_FR","og_type":"article","og_title":"Marine and Waterfront Protection Authority","og_description":"%","og_url":"https:\/\/www.miamibeachfl.gov\/fr\/city-hall\/city-clerk\/boards-and-committees\/marine-waterfront-protection-committee\/","og_site_name":"City of Miami Beach","article_publisher":"https:\/\/www.facebook.com\/cityofmiamibeach","article_modified_time":"2026-03-12T19:11:17+00:00","og_image":[{"width":1000,"height":1000,"url":"https:\/\/www.miamibeachfl.gov\/wp-content\/uploads\/2024\/01\/1000pxSquare-miamibeach-aerial-southpointview.jpeg","type":"image\/jpeg"}],"twitter_card":"summary_large_image","twitter_site":"@Miamibeachnews","schema":{"@context":"https:\/\/schema.org","@graph":[{"@type":"WebPage","@id":"https:\/\/www.miamibeachfl.gov\/city-hall\/city-clerk\/boards-and-committees\/marine-waterfront-protection-committee\/","url":"https:\/\/www.miamibeachfl.gov\/city-hall\/city-clerk\/boards-and-committees\/marine-waterfront-protection-committee\/","name":"Autorit\u00e9 de protection marine et riveraine - Ville de Miami Beach","isPartOf":{"@id":"https:\/\/www.miamibeachfl.gov\/#website"},"datePublished":"2023-08-18T13:22:44+00:00","dateModified":"2026-03-12T19:11:17+00:00","description":"%","breadcrumb":{"@id":"https:\/\/www.miamibeachfl.gov\/city-hall\/city-clerk\/boards-and-committees\/marine-waterfront-protection-committee\/#breadcrumb"},"inLanguage":"fr-FR","potentialAction":[{"@type":"ReadAction","target":["https:\/\/www.miamibeachfl.gov\/city-hall\/city-clerk\/boards-and-committees\/marine-waterfront-protection-committee\/"]}]},{"@type":"BreadcrumbList","@id":"https:\/\/www.miamibeachfl.gov\/city-hall\/city-clerk\/boards-and-committees\/marine-waterfront-protection-committee\/#breadcrumb","itemListElement":[{"@type":"ListItem","position":1,"name":"Home","item":"https:\/\/www.miamibeachfl.gov\/"},{"@type":"ListItem","position":2,"name":"City Hall","item":"https:\/\/www.miamibeachfl.gov\/city-hall\/"},{"@type":"ListItem","position":3,"name":"City Clerk","item":"https:\/\/www.miamibeachfl.gov\/city-hall\/city-clerk\/"},{"@type":"ListItem","position":4,"name":"Boards and Committees","item":"https:\/\/www.miamibeachfl.gov\/city-hall\/city-clerk\/boards-and-committees\/"},{"@type":"ListItem","position":5,"name":"Marine and Waterfront Protection Authority"}]},{"@type":"WebSite","@id":"https:\/\/www.miamibeachfl.gov\/#website","url":"https:\/\/www.miamibeachfl.gov\/","name":"Ville de Miami Beach","description":"Site officiel de la ville de Miami Beach. Restez inform\u00e9 et trouvez des informations importantes sur les services municipaux, les actualit\u00e9s, les alertes, les \u00e9v\u00e9nements, les itin\u00e9raires de tramway, les emplois gouvernementaux et bien plus encore.","publisher":{"@id":"https:\/\/www.miamibeachfl.gov\/#organization"},"potentialAction":[{"@type":"SearchAction","target":{"@type":"EntryPoint","urlTemplate":"https:\/\/www.miamibeachfl.gov\/?s={search_term_string}"},"query-input":{"@type":"PropertyValueSpecification","valueRequired":true,"valueName":"search_term_string"}}],"inLanguage":"fr-FR"},{"@type":"Organization","@id":"https:\/\/www.miamibeachfl.gov\/#organization","name":"Ville de Miami Beach","url":"https:\/\/www.miamibeachfl.gov\/","logo":{"@type":"ImageObject","inLanguage":"fr-FR","@id":"https:\/\/www.miamibeachfl.gov\/#\/schema\/logo\/image\/","url":"https:\/\/www.miamibeachfl.gov\/wp-content\/uploads\/2022\/06\/miamibeach-logoblue.png","contentUrl":"https:\/\/www.miamibeachfl.gov\/wp-content\/uploads\/2022\/06\/miamibeach-logoblue.png","width":1962,"height":381,"caption":"City of Miami Beach"},"image":{"@id":"https:\/\/www.miamibeachfl.gov\/#\/schema\/logo\/image\/"},"sameAs":["https:\/\/www.facebook.com\/cityofmiamibeach","https:\/\/x.com\/Miamibeachnews","https:\/\/www.instagram.com\/miamibeachnews\/"],"description":"Site officiel de la ville de Miami Beach. Restez inform\u00e9 et trouvez des informations importantes sur les services municipaux, les actualit\u00e9s, les alertes, les \u00e9v\u00e9nements, les itin\u00e9raires de tramway, les emplois gouvernementaux et bien plus encore.","telephone":"305.604.CITY(2489)","legalName":"City of Miami Beach"}]}},"_links":{"self":[{"href":"https:\/\/www.miamibeachfl.gov\/fr\/wp-json\/wp\/v2\/pages\/268935","targetHints":{"allow":["GET"]}}],"collection":[{"href":"https:\/\/www.miamibeachfl.gov\/fr\/wp-json\/wp\/v2\/pages"}],"about":[{"href":"https:\/\/www.miamibeachfl.gov\/fr\/wp-json\/wp\/v2\/types\/page"}],"author":[{"embeddable":true,"href":"https:\/\/www.miamibeachfl.gov\/fr\/wp-json\/wp\/v2\/users\/222"}],"replies":[{"embeddable":true,"href":"https:\/\/www.miamibeachfl.gov\/fr\/wp-json\/wp\/v2\/comments?post=268935"}],"version-history":[{"count":0,"href":"https:\/\/www.miamibeachfl.gov\/fr\/wp-json\/wp\/v2\/pages\/268935\/revisions"}],"up":[{"embeddable":true,"href":"https:\/\/www.miamibeachfl.gov\/fr\/wp-json\/wp\/v2\/pages\/258819"}],"wp:attachment":[{"href":"https:\/\/www.miamibeachfl.gov\/fr\/wp-json\/wp\/v2\/media?parent=268935"}],"wp:term":[{"taxonomy":"category","embeddable":true,"href":"https:\/\/www.miamibeachfl.gov\/fr\/wp-json\/wp\/v2\/categories?post=268935"},{"taxonomy":"post_tag","embeddable":true,"href":"https:\/\/www.miamibeachfl.gov\/fr\/wp-json\/wp\/v2\/tags?post=268935"}],"curies":[{"name":"wp","href":"https:\/\/api.w.org\/{rel}","templated":true}]}}