{"id":269002,"date":"2023-08-18T11:47:27","date_gmt":"2023-08-18T15:47:27","guid":{"rendered":"https:\/\/www.miamibeachfl.gov\/?page_id=269002"},"modified":"2024-07-31T16:58:30","modified_gmt":"2024-07-31T20:58:30","slug":"miami-beach-youth-commission-committee","status":"publish","type":"page","link":"https:\/\/www.miamibeachfl.gov\/fr\/city-hall\/city-clerk\/boards-and-committees\/miami-beach-youth-commission-committee\/","title":{"rendered":"Commission de la jeunesse"},"content":{"rendered":"<h1>\n\t\tCommission de la jeunesse\n\t<\/h1>\nMenu du greffier municipal\t\t\t\n\t\t\t\t\t<ul id=\"menu-city-clerk\"><li id=\"menu-item-317005\"><a href=\"\/fr\/city-hall\/city-clerk\/\">greffier de la ville<\/a><\/li>\n<li id=\"menu-item-258831\"><a href=\"\/fr\/city-hall\/city-clerk\/public-records-request\/\">documents publics<\/a><\/li>\n<li id=\"menu-item-258832\"><a href=\"\/fr\/city-hall\/city-clerk\/agenda-archive-main-page-2\/\">Ordres du jour<\/a><\/li>\n<li id=\"menu-item-258833\"><a href=\"\/fr\/city-hall\/city-clerk\/forms\/\">Formulaires<\/a><\/li>\n<li id=\"menu-item-258834\"><a href=\"\/fr\/city-hall\/city-clerk\/boards-and-committees\/\">Conseils et comit\u00e9s<\/a><\/li>\n<li id=\"menu-item-258835\"><a href=\"\/fr\/city-hall\/city-clerk\/election-information\/\">Informations \u00e9lectorales<\/a><\/li>\n<li id=\"menu-item-258836\"><a href=\"\/fr\/city-hall\/city-clerk\/notification-system\/\">Notifications<\/a><\/li>\n<li id=\"menu-item-258837\"><a href=\"\/fr\/city-hall\/city-clerk\/public-records-request\/additional-contacts\/\">Contactez-nous<\/a><\/li>\n<\/ul>\t\nMenu du greffier municipal \u00d7\t\t\t\t\t\t<ul id=\"menu-city-clerk-1\"><li id=\"menu-item-317005\"><a href=\"\/fr\/city-hall\/city-clerk\/\">greffier de la ville<\/a><\/li>\n<li id=\"menu-item-258831\"><a href=\"\/fr\/city-hall\/city-clerk\/public-records-request\/\">documents publics<\/a><\/li>\n<li id=\"menu-item-258832\"><a href=\"\/fr\/city-hall\/city-clerk\/agenda-archive-main-page-2\/\">Ordres du jour<\/a><\/li>\n<li id=\"menu-item-258833\"><a href=\"\/fr\/city-hall\/city-clerk\/forms\/\">Formulaires<\/a><\/li>\n<li id=\"menu-item-258834\"><a href=\"\/fr\/city-hall\/city-clerk\/boards-and-committees\/\">Conseils et comit\u00e9s<\/a><\/li>\n<li id=\"menu-item-258835\"><a href=\"\/fr\/city-hall\/city-clerk\/election-information\/\">Informations \u00e9lectorales<\/a><\/li>\n<li id=\"menu-item-258836\"><a href=\"\/fr\/city-hall\/city-clerk\/notification-system\/\">Notifications<\/a><\/li>\n<li id=\"menu-item-258837\"><a href=\"\/fr\/city-hall\/city-clerk\/public-records-request\/additional-contacts\/\">Contactez-nous<\/a><\/li>\n<\/ul>\t\t\t\t\n\t<p>L&#039;objectif de la Commission de la jeunesse est de fournir aux jeunes de Miami Beach un v\u00e9hicule pour en apprendre davantage sur le gouvernement, participer au processus de gouvernement de la ville, repr\u00e9senter et articuler les besoins des jeunes de la ville et fournir des recommandations au maire et aux commissaires de la ville sur les probl\u00e8mes et les programmes affectant la population des jeunes et des adolescents de la ville.<\/p>\n<p>(a) La Commission de la jeunesse est compos\u00e9e de sept (7) membres votants.<\/p>\n<p>(b) Le maire et chaque commissaire municipal nomment directement un membre \u00e0 la commission jeunesse. Les membres doivent r\u00e9sider \u00e0 Miami Beach et \u00eatre inscrits dans un \u00e9tablissement scolaire public ou priv\u00e9 du comt\u00e9 de Miami-Dade. Ils doivent \u00eatre \u00e2g\u00e9s de 15 \u00e0 18 ans au moment de leur nomination et \u00eatre scolaris\u00e9s en seconde, premi\u00e8re ou terminale. Pour \u00eatre admissible \u00e0 ce poste, l&#039;\u00e9l\u00e8ve doit avoir une moyenne g\u00e9n\u00e9rale minimale de 2,0, d\u00e9montrer un int\u00e9r\u00eat sinc\u00e8re pour la gouvernance municipale, \u00eatre motiv\u00e9 \u00e0 contribuer \u00e0 l&#039;am\u00e9lioration de la ville et avoir une exp\u00e9rience de la vie associative.<\/p>\n<p>(c) La dur\u00e9e du mandat de chaque membre est d&#039;un (1) an. Les membres peuvent \u00eatre nomm\u00e9s pour deux mandats cons\u00e9cutifs d&#039;un an, \u00e0 condition toutefois qu&#039;aucun membre ne puisse exercer ses fonctions \u00e0 compter de son dix-neuvi\u00e8me (19e) anniversaire. De plus, le mandat des membres du conseil expire automatiquement au plus tard le 31 d\u00e9cembre de l&#039;ann\u00e9e o\u00f9 le membre de la Commission municipale qui les a nomm\u00e9s quitte ses fonctions ou lors de la nomination\/\u00e9lection de son successeur.<\/p>\n<p>(d) Les membres de la Commission Jeunesse \u00e9lisent chaque ann\u00e9e un pr\u00e9sident et les autres membres du bureau qu&#039;ils jugent n\u00e9cessaires. La Commission Jeunesse doit voter \u00e0 la majorit\u00e9 des voix pour prendre une d\u00e9cision.<\/p>\n\t\t\t<a href=\"https:\/\/www.miamibeachfl.gov\/wp-content\/uploads\/2024\/07\/Searchable-Report-7-26-24.pdf\" target=\"_blank\" rel=\"noopener\">\n\t\t\t\t\t\tD\u00e9tails de l&#039;adh\u00e9sion (conditions, postes, titres)\n\t\t\t\t\t<\/a>\n\t\t\t<a href=\"https:\/\/www.miamibeachfl.gov\/wp-content\/uploads\/2024\/07\/Vacancy-Report-7-26.pdf\" target=\"_blank\" rel=\"noopener\">\n\t\t\t\t\t\tPostes vacants\n\t\t\t\t\t<\/a>\n\t\t\t<a href=\"https:\/\/www.miamibeachfl.gov\/wp-content\/uploads\/2024\/06\/Liaison-Contact-Information.pdf\" target=\"_blank\" rel=\"noopener\">\n\t\t\t\t\t\tCoordonn\u00e9es de Liaison\n\t\t\t\t\t<\/a>\n\t<iframe loading=\"lazy\" title=\"Voir les r\u00e9unions de la Commission et du Conseil\" src=\"https:\/\/docmgmt.miamibeachfl.gov\/WebLink\/Browse.aspx?id=211322&amp;dbid=0&amp;repo=CityClerk\" name=\"cityofmiamibeach\" width=\"300\" height=\"150\" frameborder=\"0\"><\/iframe>\nEn septembre 2016, la Commission des jeunes de Miami Beach a \u00e9t\u00e9 d\u00e9sign\u00e9e pour fournir aux jeunes de Miami Beach un v\u00e9hicule pour en apprendre davantage sur le gouvernement, participer au processus de gouvernement de la ville, repr\u00e9senter et articuler les besoins des jeunes de la ville et fournir des recommandations au maire et aux commissaires de la ville sur les probl\u00e8mes et les programmes affectant la population des jeunes et des adolescents de la ville.<br \/>\n<!--\n<h3>2017<\/h3>\n<b>01.17.2017<\/b>\n<a title=\"Agenda\u00a0\" href=\"\/wp-content\/uploads\/2017\/08\/Youth-Commission-Agenda-January-17-2017.pdf\" target=\"_blank\" rel=\"noopener noreferrer\">Agenda\u00a0<\/a>\n<a title=\"Letter to Commission\" href=\"\/wp-content\/uploads\/2017\/08\/LTC-027-2017-Youth-Commission-Motion.pdf\" target=\"_blank\" rel=\"noopener noreferrer\">Letter to Commission<\/a>\n<h3>2016<\/h3>\n<b>11.1.2016<\/b>\n<a title=\"Agenda\" href=\"\/wp-content\/uploads\/2017\/08\/Youth-Commission-Agenda-November-1-2016.pdf\" target=\"_blank\" rel=\"noopener noreferrer\">Agenda<\/a>\n<a title=\"Minutes\" href=\"\/wp-content\/uploads\/2017\/08\/Youth-Commission-Minutes-November-1-2016.pdf\" target=\"_blank\" rel=\"noopener noreferrer\">Minutes<\/a>\n<a title=\"Letter to Commission\" href=\"\/wp-content\/uploads\/2017\/08\/LTC-469-2016-Youth-Commission-Motions-November-1-2016.pdf\" target=\"_blank\" rel=\"noopener noreferrer\">Letter to Commission<\/a>\n<b>10.18.2016<\/b>\n<a title=\"Agenda\" href=\"\/wp-content\/uploads\/2017\/08\/Youth-Commission-Agenda-October-18-2016.pdf\" target=\"_blank\" rel=\"noopener noreferrer\">Agenda<\/a>\n<a title=\"Minutes\" href=\"\/wp-content\/uploads\/2017\/08\/Youth-Commission-Agenda-October-18-2016.pdf\" target=\"_blank\" rel=\"noopener noreferrer\">Minutes<\/a>\n<b>09.20.2016<\/b>\n<a title=\"Agenda\" href=\"\/wp-content\/uploads\/2017\/08\/Youth-Commission-Agenda-September-20-2016.pdf\" target=\"_blank\" rel=\"noopener noreferrer\">Agenda<\/a>-->\n\t\t\t<iframe loading=\"lazy\" src=\"https:\/\/docmgmt.miamibeachfl.gov\/WebLink\/Browse.aspx?id=120704&#038;dbid=0&#038;repo=CityClerk\" frameborder=\"0\" width=\"100%\" height=\"100%\" allowfullscreen><\/iframe>\t\t\t\n\t\t\t<a href=\"\/fr\/void(0)\/\" target=\"_self\" aria-label=\"Rechercher dans les archives\" rel=\"noopener\">\n\t\t\t\t\t\t\t\t\t\t\tRechercher dans les archives\n\t\t<\/a>\n\t\t\t<iframe loading=\"lazy\" src=\"https:\/\/miamibeach.novusagenda.com\/agendapublic\/meetingsgeneral.aspx\" frameborder=\"0\" width=\"100%\" height=\"100%\" allowfullscreen><\/iframe>\t\t\t\n\t\t\t<a href=\"\/fr\/void(0)\/\" target=\"_self\" aria-label=\"Rechercher les ordres du jour et les proc\u00e8s-verbaux\" rel=\"noopener\">\n\t\t\t\t\t\t\t\t\t\t\tRechercher les ordres du jour et les proc\u00e8s-verbaux\n\t\t<\/a>\n\t\t\t<a href=\"https:\/\/www.miamibeachfl.gov\/fr\/city-hall\/city-clerk-new\/contactus\/\" target=\"_self\" rel=\"noopener\">\n\t\t\t\t\t\tContactez-nous\n\t\t\t\t\t<\/a>\n\t\t<h3>Demandes d&#039;acc\u00e8s aux documents publics<\/h3>\t\t\t\n\t\t\t\t<p>Visitez le site de demande d&#039;archives publiques de la ville de Miami Beach. Soumettez une nouvelle demande, v\u00e9rifiez son statut et consultez les archives des demandes d&#039;archives.<\/p>\n<p>Si vous avez des questions sur les archives publiques, veuillez appeler le bureau du greffier de la ville de Miami Beach au 305-673-7411.\u00a0<\/p>\n\t\t\t<a href=\"https:\/\/miamibeachfl.justfoia.com\/publicportal\/home\/track\" target=\"_blank\" rel=\"noopener\" role=\"button\" aria-label=\"Soumettre une demande\">\n\t\t\t\t\t\t\t\t\t\t\tSoumettre une demande\n\t\t<\/a>","protected":false},"excerpt":{"rendered":"<p>Commission des jeunes Greffier municipal Menu Greffier municipal Archives publiques Ordres du jour Formulaires Conseils et comit\u00e9s Informations \u00e9lectorales Avis Contactez-nous Ville [\u2026]<\/p>","protected":false},"author":222,"featured_media":0,"parent":258819,"menu_order":32,"comment_status":"closed","ping_status":"closed","template":"page-blank.php","meta":{"_searchwp_excluded":"","site-sidebar-layout":"default","site-content-layout":"","ast-site-content-layout":"default","site-content-style":"default","site-sidebar-style":"default","ast-global-header-display":"","ast-banner-title-visibility":"","ast-main-header-display":"","ast-hfb-above-header-display":"","ast-hfb-below-header-display":"","ast-hfb-mobile-header-display":"","site-post-title":"","ast-breadcrumbs-content":"","ast-featured-img":"","footer-sml-layout":"","theme-transparent-header-meta":"","adv-header-id-meta":"","stick-header-meta":"","header-above-stick-meta":"","header-main-stick-meta":"","header-below-stick-meta":"","astra-migrate-meta-layouts":"default","ast-page-background-enabled":"default","ast-page-background-meta":{"desktop":{"background-color":"var(--ast-global-color-5)","background-image":"","background-repeat":"repeat","background-position":"center center","background-size":"auto","background-attachment":"scroll","background-type":"","background-media":"","overlay-type":"","overlay-color":"","overlay-opacity":"","overlay-gradient":""},"tablet":{"background-color":"","background-image":"","background-repeat":"repeat","background-position":"center center","background-size":"auto","background-attachment":"scroll","background-type":"","background-media":"","overlay-type":"","overlay-color":"","overlay-opacity":"","overlay-gradient":""},"mobile":{"background-color":"","background-image":"","background-repeat":"repeat","background-position":"center center","background-size":"auto","background-attachment":"scroll","background-type":"","background-media":"","overlay-type":"","overlay-color":"","overlay-opacity":"","overlay-gradient":""}},"ast-content-background-meta":{"desktop":{"background-color":"var(--ast-global-color-4)","background-image":"","background-repeat":"repeat","background-position":"center center","background-size":"auto","background-attachment":"scroll","background-type":"","background-media":"","overlay-type":"","overlay-color":"","overlay-opacity":"","overlay-gradient":""},"tablet":{"background-color":"var(--ast-global-color-4)","background-image":"","background-repeat":"repeat","background-position":"center center","background-size":"auto","background-attachment":"scroll","background-type":"","background-media":"","overlay-type":"","overlay-color":"","overlay-opacity":"","overlay-gradient":""},"mobile":{"background-color":"var(--ast-global-color-4)","background-image":"","background-repeat":"repeat","background-position":"center center","background-size":"auto","background-attachment":"scroll","background-type":"","background-media":"","overlay-type":"","overlay-color":"","overlay-opacity":"","overlay-gradient":""}},"footnotes":""},"categories":[],"tags":[1041,920],"class_list":["post-269002","page","type-page","status-publish","hentry","tag-bandc-auth-comm-and-council","tag-boards-and-committees"],"yoast_head":"<!-- This site is optimized with the Yoast SEO Premium plugin v26.6 (Yoast SEO v26.6) - https:\/\/yoast.com\/wordpress\/plugins\/seo\/ -->\n<title>Youth Commission - City of Miami Beach<\/title>\n<meta name=\"description\" content=\"%\" \/>\n<meta name=\"robots\" content=\"index, follow, max-snippet:-1, max-image-preview:large, max-video-preview:-1\" \/>\n<link rel=\"canonical\" href=\"https:\/\/www.miamibeachfl.gov\/fr\/city-hall\/city-clerk\/boards-and-committees\/miami-beach-youth-commission-committee\/\" \/>\n<meta property=\"og:locale\" content=\"fr_FR\" \/>\n<meta property=\"og:type\" content=\"article\" \/>\n<meta property=\"og:title\" content=\"Youth Commission\" \/>\n<meta property=\"og:description\" content=\"%\" \/>\n<meta property=\"og:url\" content=\"https:\/\/www.miamibeachfl.gov\/fr\/city-hall\/city-clerk\/boards-and-committees\/miami-beach-youth-commission-committee\/\" \/>\n<meta property=\"og:site_name\" content=\"City of Miami Beach\" \/>\n<meta property=\"article:publisher\" content=\"https:\/\/www.facebook.com\/cityofmiamibeach\" \/>\n<meta property=\"article:modified_time\" content=\"2024-07-31T20:58:30+00:00\" \/>\n<meta property=\"og:image\" content=\"https:\/\/www.miamibeachfl.gov\/wp-content\/uploads\/2024\/01\/1000pxSquare-miamibeach-aerial-southpointview.jpeg\" \/>\n\t<meta property=\"og:image:width\" content=\"1000\" \/>\n\t<meta property=\"og:image:height\" content=\"1000\" \/>\n\t<meta property=\"og:image:type\" content=\"image\/jpeg\" \/>\n<meta name=\"twitter:card\" content=\"summary_large_image\" \/>\n<meta name=\"twitter:site\" content=\"@Miamibeachnews\" \/>\n<script type=\"application\/ld+json\" class=\"yoast-schema-graph\">{\"@context\":\"https:\/\/schema.org\",\"@graph\":[{\"@type\":\"WebPage\",\"@id\":\"https:\/\/www.miamibeachfl.gov\/city-hall\/city-clerk\/boards-and-committees\/miami-beach-youth-commission-committee\/\",\"url\":\"https:\/\/www.miamibeachfl.gov\/city-hall\/city-clerk\/boards-and-committees\/miami-beach-youth-commission-committee\/\",\"name\":\"Youth Commission - City of Miami Beach\",\"isPartOf\":{\"@id\":\"https:\/\/www.miamibeachfl.gov\/#website\"},\"datePublished\":\"2023-08-18T15:47:27+00:00\",\"dateModified\":\"2024-07-31T20:58:30+00:00\",\"description\":\"%\",\"breadcrumb\":{\"@id\":\"https:\/\/www.miamibeachfl.gov\/city-hall\/city-clerk\/boards-and-committees\/miami-beach-youth-commission-committee\/#breadcrumb\"},\"inLanguage\":\"fr-FR\",\"potentialAction\":[{\"@type\":\"ReadAction\",\"target\":[\"https:\/\/www.miamibeachfl.gov\/city-hall\/city-clerk\/boards-and-committees\/miami-beach-youth-commission-committee\/\"]}]},{\"@type\":\"BreadcrumbList\",\"@id\":\"https:\/\/www.miamibeachfl.gov\/city-hall\/city-clerk\/boards-and-committees\/miami-beach-youth-commission-committee\/#breadcrumb\",\"itemListElement\":[{\"@type\":\"ListItem\",\"position\":1,\"name\":\"Home\",\"item\":\"https:\/\/www.miamibeachfl.gov\/\"},{\"@type\":\"ListItem\",\"position\":2,\"name\":\"City Hall\",\"item\":\"https:\/\/www.miamibeachfl.gov\/city-hall\/\"},{\"@type\":\"ListItem\",\"position\":3,\"name\":\"City Clerk\",\"item\":\"https:\/\/www.miamibeachfl.gov\/city-hall\/city-clerk\/\"},{\"@type\":\"ListItem\",\"position\":4,\"name\":\"Boards and Committees\",\"item\":\"https:\/\/www.miamibeachfl.gov\/city-hall\/city-clerk\/boards-and-committees\/\"},{\"@type\":\"ListItem\",\"position\":5,\"name\":\"Youth Commission\"}]},{\"@type\":\"WebSite\",\"@id\":\"https:\/\/www.miamibeachfl.gov\/#website\",\"url\":\"https:\/\/www.miamibeachfl.gov\/\",\"name\":\"City of Miami Beach\",\"description\":\"The official website of the City of Miami Beach. Stay informed, find important information on city services, news, alerts, events, trolley routes, government employment and more.\",\"publisher\":{\"@id\":\"https:\/\/www.miamibeachfl.gov\/#organization\"},\"potentialAction\":[{\"@type\":\"SearchAction\",\"target\":{\"@type\":\"EntryPoint\",\"urlTemplate\":\"https:\/\/www.miamibeachfl.gov\/?s={search_term_string}\"},\"query-input\":{\"@type\":\"PropertyValueSpecification\",\"valueRequired\":true,\"valueName\":\"search_term_string\"}}],\"inLanguage\":\"fr-FR\"},{\"@type\":\"Organization\",\"@id\":\"https:\/\/www.miamibeachfl.gov\/#organization\",\"name\":\"City of Miami Beach\",\"url\":\"https:\/\/www.miamibeachfl.gov\/\",\"logo\":{\"@type\":\"ImageObject\",\"inLanguage\":\"fr-FR\",\"@id\":\"https:\/\/www.miamibeachfl.gov\/#\/schema\/logo\/image\/\",\"url\":\"https:\/\/www.miamibeachfl.gov\/wp-content\/uploads\/2022\/06\/miamibeach-logoblue.png\",\"contentUrl\":\"https:\/\/www.miamibeachfl.gov\/wp-content\/uploads\/2022\/06\/miamibeach-logoblue.png\",\"width\":1962,\"height\":381,\"caption\":\"City of Miami Beach\"},\"image\":{\"@id\":\"https:\/\/www.miamibeachfl.gov\/#\/schema\/logo\/image\/\"},\"sameAs\":[\"https:\/\/www.facebook.com\/cityofmiamibeach\",\"https:\/\/x.com\/Miamibeachnews\",\"https:\/\/www.instagram.com\/miamibeachnews\/\"],\"description\":\"The official website of the City of Miami Beach. Stay informed, find important information on city services, news, alerts, events, trolley routes, government employment and more.\",\"telephone\":\"305.604.CITY(2489)\",\"legalName\":\"City of Miami Beach\"}]}<\/script>\n<!-- \/ Yoast SEO Premium plugin. -->","yoast_head_json":{"title":"Commission jeunesse - Ville de Miami Beach","description":"%","robots":{"index":"index","follow":"follow","max-snippet":"max-snippet:-1","max-image-preview":"max-image-preview:large","max-video-preview":"max-video-preview:-1"},"canonical":"https:\/\/www.miamibeachfl.gov\/fr\/city-hall\/city-clerk\/boards-and-committees\/miami-beach-youth-commission-committee\/","og_locale":"fr_FR","og_type":"article","og_title":"Youth Commission","og_description":"%","og_url":"https:\/\/www.miamibeachfl.gov\/fr\/city-hall\/city-clerk\/boards-and-committees\/miami-beach-youth-commission-committee\/","og_site_name":"City of Miami Beach","article_publisher":"https:\/\/www.facebook.com\/cityofmiamibeach","article_modified_time":"2024-07-31T20:58:30+00:00","og_image":[{"width":1000,"height":1000,"url":"https:\/\/www.miamibeachfl.gov\/wp-content\/uploads\/2024\/01\/1000pxSquare-miamibeach-aerial-southpointview.jpeg","type":"image\/jpeg"}],"twitter_card":"summary_large_image","twitter_site":"@Miamibeachnews","schema":{"@context":"https:\/\/schema.org","@graph":[{"@type":"WebPage","@id":"https:\/\/www.miamibeachfl.gov\/city-hall\/city-clerk\/boards-and-committees\/miami-beach-youth-commission-committee\/","url":"https:\/\/www.miamibeachfl.gov\/city-hall\/city-clerk\/boards-and-committees\/miami-beach-youth-commission-committee\/","name":"Commission jeunesse - Ville de Miami Beach","isPartOf":{"@id":"https:\/\/www.miamibeachfl.gov\/#website"},"datePublished":"2023-08-18T15:47:27+00:00","dateModified":"2024-07-31T20:58:30+00:00","description":"%","breadcrumb":{"@id":"https:\/\/www.miamibeachfl.gov\/city-hall\/city-clerk\/boards-and-committees\/miami-beach-youth-commission-committee\/#breadcrumb"},"inLanguage":"fr-FR","potentialAction":[{"@type":"ReadAction","target":["https:\/\/www.miamibeachfl.gov\/city-hall\/city-clerk\/boards-and-committees\/miami-beach-youth-commission-committee\/"]}]},{"@type":"BreadcrumbList","@id":"https:\/\/www.miamibeachfl.gov\/city-hall\/city-clerk\/boards-and-committees\/miami-beach-youth-commission-committee\/#breadcrumb","itemListElement":[{"@type":"ListItem","position":1,"name":"Home","item":"https:\/\/www.miamibeachfl.gov\/"},{"@type":"ListItem","position":2,"name":"City Hall","item":"https:\/\/www.miamibeachfl.gov\/city-hall\/"},{"@type":"ListItem","position":3,"name":"City Clerk","item":"https:\/\/www.miamibeachfl.gov\/city-hall\/city-clerk\/"},{"@type":"ListItem","position":4,"name":"Boards and Committees","item":"https:\/\/www.miamibeachfl.gov\/city-hall\/city-clerk\/boards-and-committees\/"},{"@type":"ListItem","position":5,"name":"Youth Commission"}]},{"@type":"WebSite","@id":"https:\/\/www.miamibeachfl.gov\/#website","url":"https:\/\/www.miamibeachfl.gov\/","name":"Ville de Miami Beach","description":"Site officiel de la ville de Miami Beach. Restez inform\u00e9 et trouvez des informations importantes sur les services municipaux, les actualit\u00e9s, les alertes, les \u00e9v\u00e9nements, les itin\u00e9raires de tramway, les emplois gouvernementaux et bien plus encore.","publisher":{"@id":"https:\/\/www.miamibeachfl.gov\/#organization"},"potentialAction":[{"@type":"SearchAction","target":{"@type":"EntryPoint","urlTemplate":"https:\/\/www.miamibeachfl.gov\/?s={search_term_string}"},"query-input":{"@type":"PropertyValueSpecification","valueRequired":true,"valueName":"search_term_string"}}],"inLanguage":"fr-FR"},{"@type":"Organization","@id":"https:\/\/www.miamibeachfl.gov\/#organization","name":"Ville de Miami Beach","url":"https:\/\/www.miamibeachfl.gov\/","logo":{"@type":"ImageObject","inLanguage":"fr-FR","@id":"https:\/\/www.miamibeachfl.gov\/#\/schema\/logo\/image\/","url":"https:\/\/www.miamibeachfl.gov\/wp-content\/uploads\/2022\/06\/miamibeach-logoblue.png","contentUrl":"https:\/\/www.miamibeachfl.gov\/wp-content\/uploads\/2022\/06\/miamibeach-logoblue.png","width":1962,"height":381,"caption":"City of Miami Beach"},"image":{"@id":"https:\/\/www.miamibeachfl.gov\/#\/schema\/logo\/image\/"},"sameAs":["https:\/\/www.facebook.com\/cityofmiamibeach","https:\/\/x.com\/Miamibeachnews","https:\/\/www.instagram.com\/miamibeachnews\/"],"description":"Site officiel de la ville de Miami Beach. Restez inform\u00e9 et trouvez des informations importantes sur les services municipaux, les actualit\u00e9s, les alertes, les \u00e9v\u00e9nements, les itin\u00e9raires de tramway, les emplois gouvernementaux et bien plus encore.","telephone":"305.604.CITY(2489)","legalName":"City of Miami Beach"}]}},"_links":{"self":[{"href":"https:\/\/www.miamibeachfl.gov\/fr\/wp-json\/wp\/v2\/pages\/269002","targetHints":{"allow":["GET"]}}],"collection":[{"href":"https:\/\/www.miamibeachfl.gov\/fr\/wp-json\/wp\/v2\/pages"}],"about":[{"href":"https:\/\/www.miamibeachfl.gov\/fr\/wp-json\/wp\/v2\/types\/page"}],"author":[{"embeddable":true,"href":"https:\/\/www.miamibeachfl.gov\/fr\/wp-json\/wp\/v2\/users\/222"}],"replies":[{"embeddable":true,"href":"https:\/\/www.miamibeachfl.gov\/fr\/wp-json\/wp\/v2\/comments?post=269002"}],"version-history":[{"count":0,"href":"https:\/\/www.miamibeachfl.gov\/fr\/wp-json\/wp\/v2\/pages\/269002\/revisions"}],"up":[{"embeddable":true,"href":"https:\/\/www.miamibeachfl.gov\/fr\/wp-json\/wp\/v2\/pages\/258819"}],"wp:attachment":[{"href":"https:\/\/www.miamibeachfl.gov\/fr\/wp-json\/wp\/v2\/media?parent=269002"}],"wp:term":[{"taxonomy":"category","embeddable":true,"href":"https:\/\/www.miamibeachfl.gov\/fr\/wp-json\/wp\/v2\/categories?post=269002"},{"taxonomy":"post_tag","embeddable":true,"href":"https:\/\/www.miamibeachfl.gov\/fr\/wp-json\/wp\/v2\/tags?post=269002"}],"curies":[{"name":"wp","href":"https:\/\/api.w.org\/{rel}","templated":true}]}}