{"id":269154,"date":"2023-08-18T16:46:37","date_gmt":"2023-08-18T20:46:37","guid":{"rendered":"https:\/\/www.miamibeachfl.gov\/?page_id=269154"},"modified":"2023-08-18T16:46:37","modified_gmt":"2023-08-18T20:46:37","slug":"normandy-shores-local-government-neighborhood-improvement","status":"publish","type":"page","link":"https:\/\/www.miamibeachfl.gov\/fr\/city-hall\/city-clerk\/boards-and-committees\/normandy-shores-local-government-neighborhood-improvement\/","title":{"rendered":"Am\u00e9lioration du quartier du gouvernement local de Normandy Shores"},"content":{"rendered":"<h1>Conseil de la prochaine g\u00e9n\u00e9ration<\/h1>\r\n<p>Menu du greffier municipal<\/p>\r\n<ul id=\"menu-city-clerk\">\r\n<li id=\"menu-item-258831\"><a href=\"\/fr\/city-hall\/city-clerk\/public-records-request\/\">documents publics<\/a><\/li>\r\n<li id=\"menu-item-258832\"><a href=\"\/fr\/city-hall\/city-clerk\/agenda-archive-main-page-2\/\">Ordres du jour<\/a><\/li>\r\n<li id=\"menu-item-258833\"><a href=\"\/fr\/city-hall\/city-clerk\/forms\/\">Formulaires<\/a><\/li>\r\n<li id=\"menu-item-258834\"><a href=\"\/fr\/city-hall\/city-clerk\/boards-and-committees\/\">Conseils et comit\u00e9s<\/a><\/li>\r\n<li id=\"menu-item-258835\"><a href=\"\/fr\/city-hall\/city-clerk\/election-information\/\">Informations \u00e9lectorales<\/a><\/li>\r\n<li id=\"menu-item-258836\"><a href=\"\/fr\/city-hall\/city-clerk\/notification-system\/\">Notifications<\/a><\/li>\r\n<li id=\"menu-item-258837\"><a href=\"\/fr\/city-hall\/city-clerk\/public-records-request\/additional-contacts\/\">Contactez-nous<\/a><\/li>\r\n<\/ul>\r\n<p>Menu du greffier municipal \u00d7<\/p>\r\n<ul id=\"menu-city-clerk-1\">\r\n<li id=\"menu-item-258831\"><a href=\"\/fr\/city-hall\/city-clerk\/public-records-request\/\">documents publics<\/a><\/li>\r\n<li id=\"menu-item-258832\"><a href=\"\/fr\/city-hall\/city-clerk\/agenda-archive-main-page-2\/\">Ordres du jour<\/a><\/li>\r\n<li id=\"menu-item-258833\"><a href=\"\/fr\/city-hall\/city-clerk\/forms\/\">Formulaires<\/a><\/li>\r\n<li id=\"menu-item-258834\"><a href=\"\/fr\/city-hall\/city-clerk\/boards-and-committees\/\">Conseils et comit\u00e9s<\/a><\/li>\r\n<li id=\"menu-item-258835\"><a href=\"\/fr\/city-hall\/city-clerk\/election-information\/\">Informations \u00e9lectorales<\/a><\/li>\r\n<li id=\"menu-item-258836\"><a href=\"\/fr\/city-hall\/city-clerk\/notification-system\/\">Notifications<\/a><\/li>\r\n<li id=\"menu-item-258837\"><a href=\"\/fr\/city-hall\/city-clerk\/public-records-request\/additional-contacts\/\">Contactez-nous<\/a><\/li>\r\n<\/ul>\r\n<p>Le Conseil consultatif est nomm\u00e9 par le Conseil d&#039;administration (Commission municipale) et compos\u00e9 de trois membres du Comit\u00e9 ex\u00e9cutif de l&#039;Association des propri\u00e9taires de Normandy Shores. Au nom du Conseil d&#039;administration, le secr\u00e9taire municipal sollicite aupr\u00e8s du Comit\u00e9 ex\u00e9cutif la liste des membres \u00e9ligibles pour une nomination. Le Conseil consultatif est compos\u00e9 de trois (3) membres du Comit\u00e9 ex\u00e9cutif de l&#039;Association des propri\u00e9taires de Normandy Shores, conform\u00e9ment \u00e0 la r\u00e9solution n\u00b0 97-22449 adopt\u00e9e le 2 juillet 1997.<\/p>\r\n<p><a role=\"button\" href=\"\/wp-content\/uploads\/2023\/07\/Board-and-Committees-Vacancy-Listing-by-Commissioners.pdf\" target=\"_blank\" rel=\"noopener\"> Postes vacants <\/a> <a role=\"button\" href=\"\/wp-content\/uploads\/2023\/07\/21-Board-Members-Directory-17-1.pdf\" target=\"_blank\" rel=\"noopener\"> Coordonn\u00e9es du membre <\/a> <a role=\"button\" href=\"\/wp-content\/uploads\/2023\/07\/21-Board-Members-Directory-17-1.pdf\" target=\"_blank\" rel=\"noopener\"> D\u00e9tails de l&#039;adh\u00e9sion (conditions, postes, titres) <\/a> <a role=\"button\" href=\"\/wp-content\/uploads\/2023\/07\/Liaison-Contact-Information.pdf\" target=\"_blank\" rel=\"noopener\"> Coordonn\u00e9es de Liaison <\/a> <iframe loading=\"lazy\" src=\"https:\/\/docmgmt.miamibeachfl.gov\/WebLink\/Browse.aspx?id=211300&amp;dbid=0&amp;repo=CityClerk\" width=\"100%\" height=\"100%\" frameborder=\"0\" allowfullscreen=\"allowfullscreen\"><\/iframe> <a href=\"\/fr\/void(0)\/\" target=\"_self\" rel=\"noopener\" aria-label=\"Rechercher dans les archives\"> Rechercher dans les archives <\/a> <iframe loading=\"lazy\" src=\"https:\/\/miamibeach.novusagenda.com\/agendapublic\/meetingsgeneral.aspx\" width=\"100%\" height=\"100%\" frameborder=\"0\" allowfullscreen=\"allowfullscreen\"><\/iframe> <a href=\"\/fr\/void(0)\/\" target=\"_self\" rel=\"noopener\" aria-label=\"Rechercher les ordres du jour et les proc\u00e8s-verbaux\"> Rechercher les ordres du jour et les proc\u00e8s-verbaux <\/a> <a role=\"button\" href=\"https:\/\/www.miamibeachfl.gov\/fr\/city-hall\/city-clerk-new\/contactus\/\" target=\"_self\" rel=\"noopener\"> Contactez-nous <\/a><\/p>\r\n<h3>Demandes d&#039;acc\u00e8s aux documents publics<\/h3>\r\n<p>Visitez le site de demande d&#039;archives publiques de la ville de Miami Beach. Soumettez une nouvelle demande, v\u00e9rifiez son statut et consultez les archives des demandes d&#039;archives.<\/p>\r\n<p>Si vous avez des questions sur les archives publiques, veuillez appeler le bureau du greffier de la ville de Miami Beach au 305-673-7411.\u00a0<\/p>\r\n<p><a role=\"button\" href=\"https:\/\/miamibeachfl.justfoia.com\/publicportal\/home\/track\" target=\"_blank\" rel=\"noopener\" aria-label=\"Soumettre une demande\"> Soumettre une demande <\/a><\/p>","protected":false},"excerpt":{"rendered":"<p>Conseil de la prochaine g\u00e9n\u00e9ration Greffier municipal Menu Dossiers publics Ordres du jour Formulaires Conseils et comit\u00e9s Informations \u00e9lectorales Notifications Contactez-nous Greffier municipal [\u2026]<\/p>","protected":false},"author":222,"featured_media":0,"parent":258819,"menu_order":32,"comment_status":"closed","ping_status":"closed","template":"page-blank.php","meta":{"_searchwp_excluded":"","site-sidebar-layout":"default","site-content-layout":"","ast-site-content-layout":"default","site-content-style":"default","site-sidebar-style":"default","ast-global-header-display":"","ast-banner-title-visibility":"","ast-main-header-display":"","ast-hfb-above-header-display":"","ast-hfb-below-header-display":"","ast-hfb-mobile-header-display":"","site-post-title":"","ast-breadcrumbs-content":"","ast-featured-img":"","footer-sml-layout":"","theme-transparent-header-meta":"","adv-header-id-meta":"","stick-header-meta":"","header-above-stick-meta":"","header-main-stick-meta":"","header-below-stick-meta":"","astra-migrate-meta-layouts":"default","ast-page-background-enabled":"default","ast-page-background-meta":{"desktop":{"background-color":"var(--ast-global-color-5)","background-image":"","background-repeat":"repeat","background-position":"center center","background-size":"auto","background-attachment":"scroll","background-type":"","background-media":"","overlay-type":"","overlay-color":"","overlay-opacity":"","overlay-gradient":""},"tablet":{"background-color":"","background-image":"","background-repeat":"repeat","background-position":"center center","background-size":"auto","background-attachment":"scroll","background-type":"","background-media":"","overlay-type":"","overlay-color":"","overlay-opacity":"","overlay-gradient":""},"mobile":{"background-color":"","background-image":"","background-repeat":"repeat","background-position":"center center","background-size":"auto","background-attachment":"scroll","background-type":"","background-media":"","overlay-type":"","overlay-color":"","overlay-opacity":"","overlay-gradient":""}},"ast-content-background-meta":{"desktop":{"background-color":"var(--ast-global-color-4)","background-image":"","background-repeat":"repeat","background-position":"center center","background-size":"auto","background-attachment":"scroll","background-type":"","background-media":"","overlay-type":"","overlay-color":"","overlay-opacity":"","overlay-gradient":""},"tablet":{"background-color":"var(--ast-global-color-4)","background-image":"","background-repeat":"repeat","background-position":"center center","background-size":"auto","background-attachment":"scroll","background-type":"","background-media":"","overlay-type":"","overlay-color":"","overlay-opacity":"","overlay-gradient":""},"mobile":{"background-color":"var(--ast-global-color-4)","background-image":"","background-repeat":"repeat","background-position":"center center","background-size":"auto","background-attachment":"scroll","background-type":"","background-media":"","overlay-type":"","overlay-color":"","overlay-opacity":"","overlay-gradient":""}},"footnotes":""},"categories":[],"tags":[1041,920],"class_list":["post-269154","page","type-page","status-publish","hentry","tag-bandc-auth-comm-and-council","tag-boards-and-committees"],"yoast_head":"<!-- This site is optimized with the Yoast SEO Premium plugin v26.6 (Yoast SEO v26.6) - https:\/\/yoast.com\/wordpress\/plugins\/seo\/ -->\n<title>Normandy Shores Local Government Neighborhood Improvement - City of Miami Beach<\/title>\n<meta name=\"description\" content=\"%\" \/>\n<meta name=\"robots\" content=\"index, follow, max-snippet:-1, max-image-preview:large, max-video-preview:-1\" \/>\n<link rel=\"canonical\" href=\"https:\/\/www.miamibeachfl.gov\/fr\/city-hall\/city-clerk\/boards-and-committees\/normandy-shores-local-government-neighborhood-improvement\/\" \/>\n<meta property=\"og:locale\" content=\"fr_FR\" \/>\n<meta property=\"og:type\" content=\"article\" \/>\n<meta property=\"og:title\" content=\"Normandy Shores Local Government Neighborhood Improvement\" \/>\n<meta property=\"og:description\" content=\"%\" \/>\n<meta property=\"og:url\" content=\"https:\/\/www.miamibeachfl.gov\/fr\/city-hall\/city-clerk\/boards-and-committees\/normandy-shores-local-government-neighborhood-improvement\/\" \/>\n<meta property=\"og:site_name\" content=\"City of Miami Beach\" \/>\n<meta property=\"article:publisher\" content=\"https:\/\/www.facebook.com\/cityofmiamibeach\" \/>\n<meta property=\"og:image\" content=\"https:\/\/www.miamibeachfl.gov\/wp-content\/uploads\/2024\/01\/1000pxSquare-miamibeach-aerial-southpointview.jpeg\" \/>\n\t<meta property=\"og:image:width\" content=\"1000\" \/>\n\t<meta property=\"og:image:height\" content=\"1000\" \/>\n\t<meta property=\"og:image:type\" content=\"image\/jpeg\" \/>\n<meta name=\"twitter:card\" content=\"summary_large_image\" \/>\n<meta name=\"twitter:site\" content=\"@Miamibeachnews\" \/>\n<script type=\"application\/ld+json\" class=\"yoast-schema-graph\">{\"@context\":\"https:\/\/schema.org\",\"@graph\":[{\"@type\":\"WebPage\",\"@id\":\"https:\/\/www.miamibeachfl.gov\/city-hall\/city-clerk\/boards-and-committees\/normandy-shores-local-government-neighborhood-improvement\/\",\"url\":\"https:\/\/www.miamibeachfl.gov\/city-hall\/city-clerk\/boards-and-committees\/normandy-shores-local-government-neighborhood-improvement\/\",\"name\":\"Normandy Shores Local Government Neighborhood Improvement - City of Miami Beach\",\"isPartOf\":{\"@id\":\"https:\/\/www.miamibeachfl.gov\/#website\"},\"datePublished\":\"2023-08-18T20:46:37+00:00\",\"description\":\"%\",\"breadcrumb\":{\"@id\":\"https:\/\/www.miamibeachfl.gov\/city-hall\/city-clerk\/boards-and-committees\/normandy-shores-local-government-neighborhood-improvement\/#breadcrumb\"},\"inLanguage\":\"fr-FR\",\"potentialAction\":[{\"@type\":\"ReadAction\",\"target\":[\"https:\/\/www.miamibeachfl.gov\/city-hall\/city-clerk\/boards-and-committees\/normandy-shores-local-government-neighborhood-improvement\/\"]}]},{\"@type\":\"BreadcrumbList\",\"@id\":\"https:\/\/www.miamibeachfl.gov\/city-hall\/city-clerk\/boards-and-committees\/normandy-shores-local-government-neighborhood-improvement\/#breadcrumb\",\"itemListElement\":[{\"@type\":\"ListItem\",\"position\":1,\"name\":\"Home\",\"item\":\"https:\/\/www.miamibeachfl.gov\/\"},{\"@type\":\"ListItem\",\"position\":2,\"name\":\"City Hall\",\"item\":\"https:\/\/www.miamibeachfl.gov\/city-hall\/\"},{\"@type\":\"ListItem\",\"position\":3,\"name\":\"City Clerk\",\"item\":\"https:\/\/www.miamibeachfl.gov\/city-hall\/city-clerk\/\"},{\"@type\":\"ListItem\",\"position\":4,\"name\":\"Boards and Committees\",\"item\":\"https:\/\/www.miamibeachfl.gov\/city-hall\/city-clerk\/boards-and-committees\/\"},{\"@type\":\"ListItem\",\"position\":5,\"name\":\"Normandy Shores Local Government Neighborhood Improvement\"}]},{\"@type\":\"WebSite\",\"@id\":\"https:\/\/www.miamibeachfl.gov\/#website\",\"url\":\"https:\/\/www.miamibeachfl.gov\/\",\"name\":\"City of Miami Beach\",\"description\":\"The official website of the City of Miami Beach. Stay informed, find important information on city services, news, alerts, events, trolley routes, government employment and more.\",\"publisher\":{\"@id\":\"https:\/\/www.miamibeachfl.gov\/#organization\"},\"potentialAction\":[{\"@type\":\"SearchAction\",\"target\":{\"@type\":\"EntryPoint\",\"urlTemplate\":\"https:\/\/www.miamibeachfl.gov\/?s={search_term_string}\"},\"query-input\":{\"@type\":\"PropertyValueSpecification\",\"valueRequired\":true,\"valueName\":\"search_term_string\"}}],\"inLanguage\":\"fr-FR\"},{\"@type\":\"Organization\",\"@id\":\"https:\/\/www.miamibeachfl.gov\/#organization\",\"name\":\"City of Miami Beach\",\"url\":\"https:\/\/www.miamibeachfl.gov\/\",\"logo\":{\"@type\":\"ImageObject\",\"inLanguage\":\"fr-FR\",\"@id\":\"https:\/\/www.miamibeachfl.gov\/#\/schema\/logo\/image\/\",\"url\":\"https:\/\/www.miamibeachfl.gov\/wp-content\/uploads\/2022\/06\/miamibeach-logoblue.png\",\"contentUrl\":\"https:\/\/www.miamibeachfl.gov\/wp-content\/uploads\/2022\/06\/miamibeach-logoblue.png\",\"width\":1962,\"height\":381,\"caption\":\"City of Miami Beach\"},\"image\":{\"@id\":\"https:\/\/www.miamibeachfl.gov\/#\/schema\/logo\/image\/\"},\"sameAs\":[\"https:\/\/www.facebook.com\/cityofmiamibeach\",\"https:\/\/x.com\/Miamibeachnews\",\"https:\/\/www.instagram.com\/miamibeachnews\/\"],\"description\":\"The official website of the City of Miami Beach. Stay informed, find important information on city services, news, alerts, events, trolley routes, government employment and more.\",\"telephone\":\"305.604.CITY(2489)\",\"legalName\":\"City of Miami Beach\"}]}<\/script>\n<!-- \/ Yoast SEO Premium plugin. -->","yoast_head_json":{"title":"Am\u00e9lioration du quartier de Normandy Shores, municipalit\u00e9 de Miami Beach","description":"%","robots":{"index":"index","follow":"follow","max-snippet":"max-snippet:-1","max-image-preview":"max-image-preview:large","max-video-preview":"max-video-preview:-1"},"canonical":"https:\/\/www.miamibeachfl.gov\/fr\/city-hall\/city-clerk\/boards-and-committees\/normandy-shores-local-government-neighborhood-improvement\/","og_locale":"fr_FR","og_type":"article","og_title":"Normandy Shores Local Government Neighborhood Improvement","og_description":"%","og_url":"https:\/\/www.miamibeachfl.gov\/fr\/city-hall\/city-clerk\/boards-and-committees\/normandy-shores-local-government-neighborhood-improvement\/","og_site_name":"City of Miami Beach","article_publisher":"https:\/\/www.facebook.com\/cityofmiamibeach","og_image":[{"width":1000,"height":1000,"url":"https:\/\/www.miamibeachfl.gov\/wp-content\/uploads\/2024\/01\/1000pxSquare-miamibeach-aerial-southpointview.jpeg","type":"image\/jpeg"}],"twitter_card":"summary_large_image","twitter_site":"@Miamibeachnews","schema":{"@context":"https:\/\/schema.org","@graph":[{"@type":"WebPage","@id":"https:\/\/www.miamibeachfl.gov\/city-hall\/city-clerk\/boards-and-committees\/normandy-shores-local-government-neighborhood-improvement\/","url":"https:\/\/www.miamibeachfl.gov\/city-hall\/city-clerk\/boards-and-committees\/normandy-shores-local-government-neighborhood-improvement\/","name":"Am\u00e9lioration du quartier de Normandy Shores, municipalit\u00e9 de Miami Beach","isPartOf":{"@id":"https:\/\/www.miamibeachfl.gov\/#website"},"datePublished":"2023-08-18T20:46:37+00:00","description":"%","breadcrumb":{"@id":"https:\/\/www.miamibeachfl.gov\/city-hall\/city-clerk\/boards-and-committees\/normandy-shores-local-government-neighborhood-improvement\/#breadcrumb"},"inLanguage":"fr-FR","potentialAction":[{"@type":"ReadAction","target":["https:\/\/www.miamibeachfl.gov\/city-hall\/city-clerk\/boards-and-committees\/normandy-shores-local-government-neighborhood-improvement\/"]}]},{"@type":"BreadcrumbList","@id":"https:\/\/www.miamibeachfl.gov\/city-hall\/city-clerk\/boards-and-committees\/normandy-shores-local-government-neighborhood-improvement\/#breadcrumb","itemListElement":[{"@type":"ListItem","position":1,"name":"Home","item":"https:\/\/www.miamibeachfl.gov\/"},{"@type":"ListItem","position":2,"name":"City Hall","item":"https:\/\/www.miamibeachfl.gov\/city-hall\/"},{"@type":"ListItem","position":3,"name":"City Clerk","item":"https:\/\/www.miamibeachfl.gov\/city-hall\/city-clerk\/"},{"@type":"ListItem","position":4,"name":"Boards and Committees","item":"https:\/\/www.miamibeachfl.gov\/city-hall\/city-clerk\/boards-and-committees\/"},{"@type":"ListItem","position":5,"name":"Normandy Shores Local Government Neighborhood Improvement"}]},{"@type":"WebSite","@id":"https:\/\/www.miamibeachfl.gov\/#website","url":"https:\/\/www.miamibeachfl.gov\/","name":"Ville de Miami Beach","description":"Site officiel de la ville de Miami Beach. Restez inform\u00e9 et trouvez des informations importantes sur les services municipaux, les actualit\u00e9s, les alertes, les \u00e9v\u00e9nements, les itin\u00e9raires de tramway, les emplois gouvernementaux et bien plus encore.","publisher":{"@id":"https:\/\/www.miamibeachfl.gov\/#organization"},"potentialAction":[{"@type":"SearchAction","target":{"@type":"EntryPoint","urlTemplate":"https:\/\/www.miamibeachfl.gov\/?s={search_term_string}"},"query-input":{"@type":"PropertyValueSpecification","valueRequired":true,"valueName":"search_term_string"}}],"inLanguage":"fr-FR"},{"@type":"Organization","@id":"https:\/\/www.miamibeachfl.gov\/#organization","name":"Ville de Miami Beach","url":"https:\/\/www.miamibeachfl.gov\/","logo":{"@type":"ImageObject","inLanguage":"fr-FR","@id":"https:\/\/www.miamibeachfl.gov\/#\/schema\/logo\/image\/","url":"https:\/\/www.miamibeachfl.gov\/wp-content\/uploads\/2022\/06\/miamibeach-logoblue.png","contentUrl":"https:\/\/www.miamibeachfl.gov\/wp-content\/uploads\/2022\/06\/miamibeach-logoblue.png","width":1962,"height":381,"caption":"City of Miami Beach"},"image":{"@id":"https:\/\/www.miamibeachfl.gov\/#\/schema\/logo\/image\/"},"sameAs":["https:\/\/www.facebook.com\/cityofmiamibeach","https:\/\/x.com\/Miamibeachnews","https:\/\/www.instagram.com\/miamibeachnews\/"],"description":"Site officiel de la ville de Miami Beach. Restez inform\u00e9 et trouvez des informations importantes sur les services municipaux, les actualit\u00e9s, les alertes, les \u00e9v\u00e9nements, les itin\u00e9raires de tramway, les emplois gouvernementaux et bien plus encore.","telephone":"305.604.CITY(2489)","legalName":"City of Miami Beach"}]}},"_links":{"self":[{"href":"https:\/\/www.miamibeachfl.gov\/fr\/wp-json\/wp\/v2\/pages\/269154","targetHints":{"allow":["GET"]}}],"collection":[{"href":"https:\/\/www.miamibeachfl.gov\/fr\/wp-json\/wp\/v2\/pages"}],"about":[{"href":"https:\/\/www.miamibeachfl.gov\/fr\/wp-json\/wp\/v2\/types\/page"}],"author":[{"embeddable":true,"href":"https:\/\/www.miamibeachfl.gov\/fr\/wp-json\/wp\/v2\/users\/222"}],"replies":[{"embeddable":true,"href":"https:\/\/www.miamibeachfl.gov\/fr\/wp-json\/wp\/v2\/comments?post=269154"}],"version-history":[{"count":0,"href":"https:\/\/www.miamibeachfl.gov\/fr\/wp-json\/wp\/v2\/pages\/269154\/revisions"}],"up":[{"embeddable":true,"href":"https:\/\/www.miamibeachfl.gov\/fr\/wp-json\/wp\/v2\/pages\/258819"}],"wp:attachment":[{"href":"https:\/\/www.miamibeachfl.gov\/fr\/wp-json\/wp\/v2\/media?parent=269154"}],"wp:term":[{"taxonomy":"category","embeddable":true,"href":"https:\/\/www.miamibeachfl.gov\/fr\/wp-json\/wp\/v2\/categories?post=269154"},{"taxonomy":"post_tag","embeddable":true,"href":"https:\/\/www.miamibeachfl.gov\/fr\/wp-json\/wp\/v2\/tags?post=269154"}],"curies":[{"name":"wp","href":"https:\/\/api.w.org\/{rel}","templated":true}]}}