{"id":270221,"date":"2023-08-29T13:28:38","date_gmt":"2023-08-29T17:28:38","guid":{"rendered":"https:\/\/www.miamibeachfl.gov\/?page_id=270221"},"modified":"2025-08-07T09:47:27","modified_gmt":"2025-08-07T13:47:27","slug":"board-and-committees-ethics-training-workshop-video-2","status":"publish","type":"page","link":"https:\/\/www.miamibeachfl.gov\/fr\/city-hall\/city-clerk\/boards-and-committees\/board-and-committees-ethics-training-workshop-video-2\/","title":{"rendered":"Vid\u00e9o de l&#039;atelier de formation \u00e0 l&#039;\u00e9thique pour les conseils et comit\u00e9s"},"content":{"rendered":"<h1>\n\t\t\tVid\u00e9o de l&#039;atelier de formation \u00e0 l&#039;\u00e9thique pour les conseils et comit\u00e9s\t<\/h1>\nMenu du greffier municipal\t\t\t\n\t\t\t\t\t<ul id=\"menu-city-clerk\"><li id=\"menu-item-317005\"><a href=\"\/fr\/city-hall\/city-clerk\/\">greffier de la ville<\/a><\/li>\n<li id=\"menu-item-258831\"><a href=\"\/fr\/city-hall\/city-clerk\/public-records-request\/\">documents publics<\/a><\/li>\n<li id=\"menu-item-258832\"><a href=\"\/fr\/city-hall\/city-clerk\/meetings-and-agendas\/\">Ordres du jour<\/a><\/li>\n<li id=\"menu-item-258833\"><a href=\"\/fr\/city-hall\/city-clerk\/forms\/\">Formulaires<\/a><\/li>\n<li id=\"menu-item-258834\"><a href=\"\/fr\/city-hall\/city-clerk\/boards-and-committees\/\">Conseils et comit\u00e9s<\/a><\/li>\n<li id=\"menu-item-258835\"><a href=\"\/fr\/city-hall\/city-clerk\/election-information\/\">Informations \u00e9lectorales<\/a><\/li>\n<li id=\"menu-item-258836\"><a href=\"\/fr\/city-hall\/city-clerk\/notification-system\/\">Notifications<\/a><\/li>\n<li id=\"menu-item-258837\"><a href=\"\/fr\/city-hall\/city-clerk\/public-records-request\/additional-contacts\/\">Contactez-nous<\/a><\/li>\n<\/ul>\t\nMenu du greffier municipal \u00d7\t\t\t\t\t\t<ul id=\"menu-city-clerk-1\"><li id=\"menu-item-317005\"><a href=\"\/fr\/city-hall\/city-clerk\/\">greffier de la ville<\/a><\/li>\n<li id=\"menu-item-258831\"><a href=\"\/fr\/city-hall\/city-clerk\/public-records-request\/\">documents publics<\/a><\/li>\n<li id=\"menu-item-258832\"><a href=\"\/fr\/city-hall\/city-clerk\/meetings-and-agendas\/\">Ordres du jour<\/a><\/li>\n<li id=\"menu-item-258833\"><a href=\"\/fr\/city-hall\/city-clerk\/forms\/\">Formulaires<\/a><\/li>\n<li id=\"menu-item-258834\"><a href=\"\/fr\/city-hall\/city-clerk\/boards-and-committees\/\">Conseils et comit\u00e9s<\/a><\/li>\n<li id=\"menu-item-258835\"><a href=\"\/fr\/city-hall\/city-clerk\/election-information\/\">Informations \u00e9lectorales<\/a><\/li>\n<li id=\"menu-item-258836\"><a href=\"\/fr\/city-hall\/city-clerk\/notification-system\/\">Notifications<\/a><\/li>\n<li id=\"menu-item-258837\"><a href=\"\/fr\/city-hall\/city-clerk\/public-records-request\/additional-contacts\/\">Contactez-nous<\/a><\/li>\n<\/ul>\t\t\t\t\n\t<iframe loading=\"lazy\" src=\"https:\/\/videoplayer.telvue.com\/player\/0cCY8Wm5F5ODnSOeAaE0k0Lxsinvidcb\/media\/617716?fullscreen=false&amp;showtabssearch=true&amp;autostart=false\" width=\"740\" height=\"600\" frameborder=\"0\" allowfullscreen=\"allowfullscreen\" title=\"Vid\u00e9o sur l&#039;\u00e9thique et la confiance du public\"><\/iframe><br \/>\n<iframe loading=\"lazy\" src=\"https:\/\/videoplayer.telvue.com\/player\/0cCY8Wm5F5ODnSOeAaE0k0Lxsinvidcb\/media\/659456?fullscreen=false&amp;showtabssearch=true&amp;autostart=false\" width=\"740\" height=\"600\" frameborder=\"0\" allowfullscreen=\"allowfullscreen\" title=\"Formation \u00e0 l&#039;\u00e9thique\"><\/iframe>\n\t\t\t<a href=\"https:\/\/www.miamibeachfl.gov\/wp-content\/uploads\/2025\/08\/Searchable-report.pdf\" target=\"_blank\" rel=\"noopener\">\n\t\t\t\t\t\tD\u00e9tails de l&#039;adh\u00e9sion (conditions, postes, titres)\n\t\t\t\t\t<\/a>\n\t\t\t<a href=\"https:\/\/www.miamibeachfl.gov\/wp-content\/uploads\/2025\/08\/Vacancy-Report.pdf\" target=\"_blank\" rel=\"noopener\">\n\t\t\t\t\t\tPostes vacants\n\t\t\t\t\t<\/a>\n\t\t\t<a href=\"https:\/\/www.miamibeachfl.gov\/wp-content\/uploads\/2025\/07\/Liaison-Contact-Information-4.pdf\" target=\"_blank\" rel=\"noopener\">\n\t\t\t\t\t\tCoordonn\u00e9es de Liaison\n\t\t\t\t\t<\/a>\n\t\t\t<iframe loading=\"lazy\" src=\"https:\/\/docmgmt.miamibeachfl.gov\/WebLink\/Browse.aspx?id=120704&#038;dbid=0&#038;repo=CityClerk\" frameborder=\"0\" width=\"100%\" height=\"100%\" allowfullscreen><\/iframe>\t\t\t\n\t\t\t<a href=\"\" title=\"Cliquez ici\" target=\"_self\"  data-modal=  \"role=\"button\"\" aria-label=\"Rechercher dans les archives\">\n\t\t\t\t\t\t\t\t\t\t\tRechercher dans les archives\n\t\t<\/a>\n\t\t\t<iframe loading=\"lazy\" src=\"https:\/\/miamibeach.novusagenda.com\/agendapublic\/meetingsgeneral.aspx\" frameborder=\"0\" width=\"100%\" height=\"100%\" allowfullscreen><\/iframe>\t\t\t\n\t\t\t<a href=\"\" title=\"Cliquez ici\" target=\"_self\"  data-modal=  \"role=\"button\"\" aria-label=\"Rechercher les ordres du jour et les proc\u00e8s-verbaux\">\n\t\t\t\t\t\t\t\t\t\t\tRechercher les ordres du jour et les proc\u00e8s-verbaux\n\t\t<\/a>\n\t\t\t<a href=\"https:\/\/www.miamibeachfl.gov\/fr\/city-hall\/city-clerk-new\/contactus\/\" target=\"_self\">\n\t\t\t\t\t\tContactez-nous\n\t\t\t\t\t<\/a>\n\t\t<h3>Demandes d&#039;acc\u00e8s aux documents publics<\/h3>\t\t\t\n\t\t\t\t<p>Visitez le site de demande d&#039;archives publiques de la ville de Miami Beach. Soumettez une nouvelle demande, v\u00e9rifiez son statut et consultez les archives des demandes d&#039;archives.<\/p>\n<p>Si vous avez des questions sur les archives publiques, veuillez appeler le bureau du greffier de la ville de Miami Beach au 305-673-7411.\u00a0<\/p>\n\t\t\t<a href=\"https:\/\/miamibeachfl.justfoia.com\/publicportal\/home\/track\" title=\"Cliquez ici\" target=\"_blank\" rel=\"noopener\"  role=\"button\" aria-label=\"Soumettre une demande\">\n\t\t\t\t\t\t\t\t\t\t\tSoumettre une demande\n\t\t<\/a>","protected":false},"excerpt":{"rendered":"<p>Boards and Committees Ethics Training Workshop Video City Clerk Menu City Clerk Public Records Agendas Forms Boards &#038; Committees Election [&hellip;]<\/p>\n","protected":false},"author":222,"featured_media":0,"parent":258819,"menu_order":32,"comment_status":"closed","ping_status":"closed","template":"","meta":{"_searchwp_excluded":"","site-sidebar-layout":"default","site-content-layout":"","ast-site-content-layout":"default","site-content-style":"default","site-sidebar-style":"default","ast-global-header-display":"","ast-banner-title-visibility":"","ast-main-header-display":"","ast-hfb-above-header-display":"","ast-hfb-below-header-display":"","ast-hfb-mobile-header-display":"","site-post-title":"","ast-breadcrumbs-content":"","ast-featured-img":"","footer-sml-layout":"","theme-transparent-header-meta":"","adv-header-id-meta":"","stick-header-meta":"","header-above-stick-meta":"","header-main-stick-meta":"","header-below-stick-meta":"","astra-migrate-meta-layouts":"default","ast-page-background-enabled":"default","ast-page-background-meta":{"desktop":{"background-color":"var(--ast-global-color-5)","background-image":"","background-repeat":"repeat","background-position":"center center","background-size":"auto","background-attachment":"scroll","background-type":"","background-media":"","overlay-type":"","overlay-color":"","overlay-opacity":"","overlay-gradient":""},"tablet":{"background-color":"","background-image":"","background-repeat":"repeat","background-position":"center center","background-size":"auto","background-attachment":"scroll","background-type":"","background-media":"","overlay-type":"","overlay-color":"","overlay-opacity":"","overlay-gradient":""},"mobile":{"background-color":"","background-image":"","background-repeat":"repeat","background-position":"center center","background-size":"auto","background-attachment":"scroll","background-type":"","background-media":"","overlay-type":"","overlay-color":"","overlay-opacity":"","overlay-gradient":""}},"ast-content-background-meta":{"desktop":{"background-color":"var(--ast-global-color-4)","background-image":"","background-repeat":"repeat","background-position":"center center","background-size":"auto","background-attachment":"scroll","background-type":"","background-media":"","overlay-type":"","overlay-color":"","overlay-opacity":"","overlay-gradient":""},"tablet":{"background-color":"var(--ast-global-color-4)","background-image":"","background-repeat":"repeat","background-position":"center center","background-size":"auto","background-attachment":"scroll","background-type":"","background-media":"","overlay-type":"","overlay-color":"","overlay-opacity":"","overlay-gradient":""},"mobile":{"background-color":"var(--ast-global-color-4)","background-image":"","background-repeat":"repeat","background-position":"center center","background-size":"auto","background-attachment":"scroll","background-type":"","background-media":"","overlay-type":"","overlay-color":"","overlay-opacity":"","overlay-gradient":""}},"footnotes":""},"categories":[],"tags":[1038,920],"class_list":["post-270221","page","type-page","status-publish","hentry","tag-bandc-committees","tag-boards-and-committees"],"yoast_head":"<!-- This site is optimized with the Yoast SEO Premium plugin v27.4 (Yoast SEO v27.4) - https:\/\/yoast.com\/product\/yoast-seo-premium-wordpress\/ -->\n<title>Boards and Committees Ethics Training Workshop Video - City of Miami Beach<\/title>\n<meta name=\"description\" content=\"%\" \/>\n<meta name=\"robots\" content=\"index, follow, max-snippet:-1, max-image-preview:large, max-video-preview:-1\" \/>\n<link rel=\"canonical\" href=\"https:\/\/www.miamibeachfl.gov\/fr\/city-hall\/city-clerk\/boards-and-committees\/board-and-committees-ethics-training-workshop-video-2\/\" \/>\n<meta property=\"og:locale\" content=\"fr_FR\" \/>\n<meta property=\"og:type\" content=\"article\" \/>\n<meta property=\"og:title\" content=\"Boards and Committees Ethics Training Workshop Video\" \/>\n<meta property=\"og:description\" content=\"%\" \/>\n<meta property=\"og:url\" content=\"https:\/\/www.miamibeachfl.gov\/fr\/city-hall\/city-clerk\/boards-and-committees\/board-and-committees-ethics-training-workshop-video-2\/\" \/>\n<meta property=\"og:site_name\" content=\"City of Miami Beach\" \/>\n<meta property=\"article:publisher\" content=\"https:\/\/www.facebook.com\/cityofmiamibeach\" \/>\n<meta property=\"article:modified_time\" content=\"2025-08-07T13:47:27+00:00\" \/>\n<meta property=\"og:image\" content=\"https:\/\/www.miamibeachfl.gov\/wp-content\/uploads\/2024\/01\/1000pxSquare-miamibeach-aerial-southpointview.jpeg\" \/>\n\t<meta property=\"og:image:width\" content=\"1000\" \/>\n\t<meta property=\"og:image:height\" content=\"1000\" \/>\n\t<meta property=\"og:image:type\" content=\"image\/jpeg\" \/>\n<meta name=\"twitter:card\" content=\"summary_large_image\" \/>\n<meta name=\"twitter:site\" content=\"@Miamibeachnews\" \/>\n<script type=\"application\/ld+json\" class=\"yoast-schema-graph\">{\"@context\":\"https:\\\/\\\/schema.org\",\"@graph\":[{\"@type\":\"WebPage\",\"@id\":\"https:\\\/\\\/www.miamibeachfl.gov\\\/city-hall\\\/city-clerk\\\/boards-and-committees\\\/board-and-committees-ethics-training-workshop-video-2\\\/\",\"url\":\"https:\\\/\\\/www.miamibeachfl.gov\\\/city-hall\\\/city-clerk\\\/boards-and-committees\\\/board-and-committees-ethics-training-workshop-video-2\\\/\",\"name\":\"Boards and Committees Ethics Training Workshop Video - City of Miami Beach\",\"isPartOf\":{\"@id\":\"https:\\\/\\\/www.miamibeachfl.gov\\\/#website\"},\"datePublished\":\"2023-08-29T17:28:38+00:00\",\"dateModified\":\"2025-08-07T13:47:27+00:00\",\"description\":\"%\",\"breadcrumb\":{\"@id\":\"https:\\\/\\\/www.miamibeachfl.gov\\\/city-hall\\\/city-clerk\\\/boards-and-committees\\\/board-and-committees-ethics-training-workshop-video-2\\\/#breadcrumb\"},\"inLanguage\":\"fr-FR\",\"potentialAction\":[{\"@type\":\"ReadAction\",\"target\":[\"https:\\\/\\\/www.miamibeachfl.gov\\\/city-hall\\\/city-clerk\\\/boards-and-committees\\\/board-and-committees-ethics-training-workshop-video-2\\\/\"]}]},{\"@type\":\"BreadcrumbList\",\"@id\":\"https:\\\/\\\/www.miamibeachfl.gov\\\/city-hall\\\/city-clerk\\\/boards-and-committees\\\/board-and-committees-ethics-training-workshop-video-2\\\/#breadcrumb\",\"itemListElement\":[{\"@type\":\"ListItem\",\"position\":1,\"name\":\"Home\",\"item\":\"https:\\\/\\\/www.miamibeachfl.gov\\\/\"},{\"@type\":\"ListItem\",\"position\":2,\"name\":\"City Hall\",\"item\":\"https:\\\/\\\/www.miamibeachfl.gov\\\/city-hall\\\/\"},{\"@type\":\"ListItem\",\"position\":3,\"name\":\"City Clerk\",\"item\":\"https:\\\/\\\/www.miamibeachfl.gov\\\/city-hall\\\/city-clerk\\\/\"},{\"@type\":\"ListItem\",\"position\":4,\"name\":\"Boards and Committees\",\"item\":\"https:\\\/\\\/www.miamibeachfl.gov\\\/city-hall\\\/city-clerk\\\/boards-and-committees\\\/\"},{\"@type\":\"ListItem\",\"position\":5,\"name\":\"Boards and Committees Ethics Training Workshop Video\"}]},{\"@type\":\"WebSite\",\"@id\":\"https:\\\/\\\/www.miamibeachfl.gov\\\/#website\",\"url\":\"https:\\\/\\\/www.miamibeachfl.gov\\\/\",\"name\":\"City of Miami Beach\",\"description\":\"The official website of the City of Miami Beach. Stay informed, find important information on city services, news, alerts, events, trolley routes, government employment and more.\",\"publisher\":{\"@id\":\"https:\\\/\\\/www.miamibeachfl.gov\\\/#organization\"},\"potentialAction\":[{\"@type\":\"SearchAction\",\"target\":{\"@type\":\"EntryPoint\",\"urlTemplate\":\"https:\\\/\\\/www.miamibeachfl.gov\\\/?s={search_term_string}\"},\"query-input\":{\"@type\":\"PropertyValueSpecification\",\"valueRequired\":true,\"valueName\":\"search_term_string\"}}],\"inLanguage\":\"fr-FR\"},{\"@type\":\"Organization\",\"@id\":\"https:\\\/\\\/www.miamibeachfl.gov\\\/#organization\",\"name\":\"City of Miami Beach\",\"url\":\"https:\\\/\\\/www.miamibeachfl.gov\\\/\",\"logo\":{\"@type\":\"ImageObject\",\"inLanguage\":\"fr-FR\",\"@id\":\"https:\\\/\\\/www.miamibeachfl.gov\\\/#\\\/schema\\\/logo\\\/image\\\/\",\"url\":\"https:\\\/\\\/www.miamibeachfl.gov\\\/wp-content\\\/uploads\\\/2022\\\/06\\\/miamibeach-logoblue.png\",\"contentUrl\":\"https:\\\/\\\/www.miamibeachfl.gov\\\/wp-content\\\/uploads\\\/2022\\\/06\\\/miamibeach-logoblue.png\",\"width\":1962,\"height\":381,\"caption\":\"City of Miami Beach\"},\"image\":{\"@id\":\"https:\\\/\\\/www.miamibeachfl.gov\\\/#\\\/schema\\\/logo\\\/image\\\/\"},\"sameAs\":[\"https:\\\/\\\/www.facebook.com\\\/cityofmiamibeach\",\"https:\\\/\\\/x.com\\\/Miamibeachnews\",\"https:\\\/\\\/www.instagram.com\\\/miamibeachnews\\\/\"],\"description\":\"The official website of the City of Miami Beach. Stay informed, find important information on city services, news, alerts, events, trolley routes, government employment and more.\",\"telephone\":\"305.604.CITY(2489)\",\"legalName\":\"City of Miami Beach\"}]}<\/script>\n<!-- \/ Yoast SEO Premium plugin. -->","yoast_head_json":{"title":"Vid\u00e9o de l&#039;atelier de formation \u00e0 l&#039;\u00e9thique des conseils et comit\u00e9s - Ville de Miami Beach","description":"%","robots":{"index":"index","follow":"follow","max-snippet":"max-snippet:-1","max-image-preview":"max-image-preview:large","max-video-preview":"max-video-preview:-1"},"canonical":"https:\/\/www.miamibeachfl.gov\/fr\/city-hall\/city-clerk\/boards-and-committees\/board-and-committees-ethics-training-workshop-video-2\/","og_locale":"fr_FR","og_type":"article","og_title":"Boards and Committees Ethics Training Workshop Video","og_description":"%","og_url":"https:\/\/www.miamibeachfl.gov\/fr\/city-hall\/city-clerk\/boards-and-committees\/board-and-committees-ethics-training-workshop-video-2\/","og_site_name":"City of Miami Beach","article_publisher":"https:\/\/www.facebook.com\/cityofmiamibeach","article_modified_time":"2025-08-07T13:47:27+00:00","og_image":[{"width":1000,"height":1000,"url":"https:\/\/www.miamibeachfl.gov\/wp-content\/uploads\/2024\/01\/1000pxSquare-miamibeach-aerial-southpointview.jpeg","type":"image\/jpeg"}],"twitter_card":"summary_large_image","twitter_site":"@Miamibeachnews","schema":{"@context":"https:\/\/schema.org","@graph":[{"@type":"WebPage","@id":"https:\/\/www.miamibeachfl.gov\/city-hall\/city-clerk\/boards-and-committees\/board-and-committees-ethics-training-workshop-video-2\/","url":"https:\/\/www.miamibeachfl.gov\/city-hall\/city-clerk\/boards-and-committees\/board-and-committees-ethics-training-workshop-video-2\/","name":"Vid\u00e9o de l&#039;atelier de formation \u00e0 l&#039;\u00e9thique des conseils et comit\u00e9s - Ville de Miami Beach","isPartOf":{"@id":"https:\/\/www.miamibeachfl.gov\/#website"},"datePublished":"2023-08-29T17:28:38+00:00","dateModified":"2025-08-07T13:47:27+00:00","description":"%","breadcrumb":{"@id":"https:\/\/www.miamibeachfl.gov\/city-hall\/city-clerk\/boards-and-committees\/board-and-committees-ethics-training-workshop-video-2\/#breadcrumb"},"inLanguage":"fr-FR","potentialAction":[{"@type":"ReadAction","target":["https:\/\/www.miamibeachfl.gov\/city-hall\/city-clerk\/boards-and-committees\/board-and-committees-ethics-training-workshop-video-2\/"]}]},{"@type":"BreadcrumbList","@id":"https:\/\/www.miamibeachfl.gov\/city-hall\/city-clerk\/boards-and-committees\/board-and-committees-ethics-training-workshop-video-2\/#breadcrumb","itemListElement":[{"@type":"ListItem","position":1,"name":"Home","item":"https:\/\/www.miamibeachfl.gov\/"},{"@type":"ListItem","position":2,"name":"City Hall","item":"https:\/\/www.miamibeachfl.gov\/city-hall\/"},{"@type":"ListItem","position":3,"name":"City Clerk","item":"https:\/\/www.miamibeachfl.gov\/city-hall\/city-clerk\/"},{"@type":"ListItem","position":4,"name":"Boards and Committees","item":"https:\/\/www.miamibeachfl.gov\/city-hall\/city-clerk\/boards-and-committees\/"},{"@type":"ListItem","position":5,"name":"Boards and Committees Ethics Training Workshop Video"}]},{"@type":"WebSite","@id":"https:\/\/www.miamibeachfl.gov\/#website","url":"https:\/\/www.miamibeachfl.gov\/","name":"Ville de Miami Beach","description":"Site officiel de la ville de Miami Beach. Restez inform\u00e9 et trouvez des informations importantes sur les services municipaux, les actualit\u00e9s, les alertes, les \u00e9v\u00e9nements, les itin\u00e9raires de tramway, les emplois gouvernementaux et bien plus encore.","publisher":{"@id":"https:\/\/www.miamibeachfl.gov\/#organization"},"potentialAction":[{"@type":"SearchAction","target":{"@type":"EntryPoint","urlTemplate":"https:\/\/www.miamibeachfl.gov\/?s={search_term_string}"},"query-input":{"@type":"PropertyValueSpecification","valueRequired":true,"valueName":"search_term_string"}}],"inLanguage":"fr-FR"},{"@type":"Organization","@id":"https:\/\/www.miamibeachfl.gov\/#organization","name":"Ville de Miami Beach","url":"https:\/\/www.miamibeachfl.gov\/","logo":{"@type":"ImageObject","inLanguage":"fr-FR","@id":"https:\/\/www.miamibeachfl.gov\/#\/schema\/logo\/image\/","url":"https:\/\/www.miamibeachfl.gov\/wp-content\/uploads\/2022\/06\/miamibeach-logoblue.png","contentUrl":"https:\/\/www.miamibeachfl.gov\/wp-content\/uploads\/2022\/06\/miamibeach-logoblue.png","width":1962,"height":381,"caption":"City of Miami Beach"},"image":{"@id":"https:\/\/www.miamibeachfl.gov\/#\/schema\/logo\/image\/"},"sameAs":["https:\/\/www.facebook.com\/cityofmiamibeach","https:\/\/x.com\/Miamibeachnews","https:\/\/www.instagram.com\/miamibeachnews\/"],"description":"Site officiel de la ville de Miami Beach. Restez inform\u00e9 et trouvez des informations importantes sur les services municipaux, les actualit\u00e9s, les alertes, les \u00e9v\u00e9nements, les itin\u00e9raires de tramway, les emplois gouvernementaux et bien plus encore.","telephone":"305.604.CITY(2489)","legalName":"City of Miami Beach"}]}},"_links":{"self":[{"href":"https:\/\/www.miamibeachfl.gov\/fr\/wp-json\/wp\/v2\/pages\/270221","targetHints":{"allow":["GET"]}}],"collection":[{"href":"https:\/\/www.miamibeachfl.gov\/fr\/wp-json\/wp\/v2\/pages"}],"about":[{"href":"https:\/\/www.miamibeachfl.gov\/fr\/wp-json\/wp\/v2\/types\/page"}],"author":[{"embeddable":true,"href":"https:\/\/www.miamibeachfl.gov\/fr\/wp-json\/wp\/v2\/users\/222"}],"replies":[{"embeddable":true,"href":"https:\/\/www.miamibeachfl.gov\/fr\/wp-json\/wp\/v2\/comments?post=270221"}],"version-history":[{"count":1,"href":"https:\/\/www.miamibeachfl.gov\/fr\/wp-json\/wp\/v2\/pages\/270221\/revisions"}],"predecessor-version":[{"id":387578,"href":"https:\/\/www.miamibeachfl.gov\/fr\/wp-json\/wp\/v2\/pages\/270221\/revisions\/387578"}],"up":[{"embeddable":true,"href":"https:\/\/www.miamibeachfl.gov\/fr\/wp-json\/wp\/v2\/pages\/258819"}],"wp:attachment":[{"href":"https:\/\/www.miamibeachfl.gov\/fr\/wp-json\/wp\/v2\/media?parent=270221"}],"wp:term":[{"taxonomy":"category","embeddable":true,"href":"https:\/\/www.miamibeachfl.gov\/fr\/wp-json\/wp\/v2\/categories?post=270221"},{"taxonomy":"post_tag","embeddable":true,"href":"https:\/\/www.miamibeachfl.gov\/fr\/wp-json\/wp\/v2\/tags?post=270221"}],"curies":[{"name":"wp","href":"https:\/\/api.w.org\/{rel}","templated":true}]}}